{"id":7010,"date":"2025-11-21T11:11:34","date_gmt":"2025-11-21T11:11:34","guid":{"rendered":"https:\/\/chemgramx.com\/?post_type=product&#038;p=7010"},"modified":"2025-11-21T11:13:32","modified_gmt":"2025-11-21T11:13:32","slug":"vasarolni-ebk-online","status":"publish","type":"product","link":"https:\/\/chemgramx.com\/hu\/product\/ebk-online-kaufen\/","title":{"rendered":"EBK online v\u00e1s\u00e1rl\u00e1s"},"content":{"rendered":"<p>A kutat\u00e1si vegyszerek vil\u00e1ga \u00f6sszetett \u00e9s folyamatosan fejl\u0151dik. Az egyik anyag, amely egyre nagyobb figyelmet kap tudom\u00e1nyos k\u00f6r\u00f6kben \u00e9s azon t\u00fal is, az a k\u00f6vetkez\u0151 <a href=\"\/product\/ebk-online-kaufen\/\"><b>Eutylone<\/b><\/a>, gyakran r\u00f6vid\u00edtve <b>FBC<\/b>. Amikor a kutat\u00f3k \u00e9s laborat\u00f3riumok <b>EBK online v\u00e1s\u00e1rl\u00e1s<\/b> Ha EBK-t szeretne haszn\u00e1lni a kutat\u00e1sban, akkor azzal a kih\u00edv\u00e1ssal kell szemben\u00e9znie, hogy olyan j\u00f3 h\u00edr\u0171 forr\u00e1sokat tal\u00e1ljon, amelyek garant\u00e1lj\u00e1k a legmagasabb tisztas\u00e1got \u00e9s min\u0151s\u00e9get. Ez az \u00e1tfog\u00f3 \u00fatmutat\u00f3 r\u00e1vil\u00e1g\u00edt az EBK k\u00e9miai term\u00e9szet\u00e9re, lehets\u00e9ges kutat\u00e1si alkalmaz\u00e1saira \u00e9s az EBK beszerz\u00e9s\u00e9n\u00e9l figyelembe veend\u0151 kritikus szempontokra. <b>EBK rendel\u00e9s<\/b> figyelembe kell venni, a jogi helyzett\u0151l a min\u0151s\u00e9gellen\u0151rz\u00e9sig.<\/p>\n<h2><b>Milyen t\u00edpus\u00fa gy\u00f3gyszer az EBK (Eutylone)? K\u00e9miai szerkezet \u00e9s oszt\u00e1lyoz\u00e1s<\/b><\/h2>\n<p><b>Eutylone<\/b> (k\u00e9miai neve: \u03b2k-EBDB, N-etil-butilon vagy 1-(1,3-benzodioxol-5-il)-2-(etilamino)but\u00e1n-1-on) egy szintetikus katinon, amely a sz\u00e9lesebb csal\u00e1dba tartozik. <b>\u00faj pszichoakt\u00edv anyagok (NPS)<\/b> sz\u00e1m\u00edt. Szerkezete jellemz\u0151 a diz\u00e1jnerdrogokra, amelyek c\u00e9lja a klasszikus stimul\u00e1nsok kutat\u00e1si tulajdons\u00e1gainak ut\u00e1nz\u00e1sa.<\/p>\n<p>Az eutilonnak szerkezeti hasonl\u00f3s\u00e1gai vannak m\u00e1s ismert pszichoakt\u00edv anyagokkal, mint p\u00e9ld\u00e1ul a k\u00f6vetkez\u0151kkel <b>Methylone<\/b> \u00e9s <b>Pentilone<\/b>. Ez egy <b>\u03b2-keto-katinon<\/b> a k\u00f6vetkez\u0151 k\u00e9miai k\u00e9plettel <span class=\"math-inline\" data-math=\"C_{13}H_{17}NO_3\">$C_{13}H_{17}NO_3$<\/span>. A kutat\u00e1sban az Eutylone-t olyan hat\u00f3anyagk\u00e9nt vizsg\u00e1lj\u00e1k, amely g\u00e1tolja a <b>Dopamin, noradrenalin \u00e9s szerotonin<\/b> a szinaptikus hasad\u00e9kba. Ez a hat\u00e1s arra utal, hogy preklinikai modellekben e neurotranszmitterek megn\u00f6vekedett koncentr\u00e1ci\u00f3j\u00e1hoz vezet, ami megmagyar\u00e1zza a stimul\u00e1l\u00f3 tulajdons\u00e1gokat. Az olyan laborat\u00f3riumok sz\u00e1m\u00e1ra, amelyek <b>Rendeljen val\u00f3di EBK-t<\/b> a k\u00e9miai tisztas\u00e1g elengedhetetlen a kutat\u00e1si eredm\u00e9nyek valid\u00e1l\u00e1s\u00e1hoz.<\/p>\n<h2><b>Mi\u00e9rt n\u00f6vekszik az EBK online ir\u00e1nti kereslet<\/b><\/h2>\n<p>A lehet\u0151s\u00e9gek intenz\u00edvebb keres\u00e9se, <b>EBK online v\u00e1s\u00e1rl\u00e1s<\/b> f\u0151k\u00e9nt ipari felhaszn\u00e1l\u00e1s\u00e1b\u00f3l ered. <b>Kutat\u00e1s K\u00e9miai<\/b>. A laborat\u00f3riumoknak az analitikai vizsg\u00e1latokhoz, k\u00fcl\u00f6n\u00f6sen a t\u00f6rv\u00e9nysz\u00e9ki \u00e9s toxikol\u00f3giai kutat\u00e1sokban, hiteles\u00edtett referenciastandardokra van sz\u00fcks\u00e9g\u00fck, hogy k\u00e9pesek legyenek kimutatni az anyag jelenl\u00e9t\u00e9t a mint\u00e1kban.<\/p>\n<h3><b>Kutat\u00e1si lehet\u0151s\u00e9gek \u00e9s alkalmaz\u00e1sok<\/b><\/h3>\n<p>Az EBK f\u0151 alkalmaz\u00e1si ter\u00fcletei a k\u00f6vetkez\u0151k:<\/p>\n<ul>\n<li><b>Toxikol\u00f3gia \u00e9s t\u00f6rv\u00e9nysz\u00e9ki orvostan:<\/b> Mint <b>Referenciaszabv\u00e1ny<\/b> az anyag kimutat\u00e1s\u00e1ra \u00e9s azonos\u00edt\u00e1s\u00e1ra biol\u00f3giai mint\u00e1kban. Ez k\u00fcl\u00f6n\u00f6sen fontos, mivel az EBK-t sz\u00e1mos r\u00e9gi\u00f3ban NPS-k\u00e9nt ismerik el.<\/li>\n<li><b>Farmakol\u00f3giai vizsg\u00e1latok:<\/b> A pontos mechanizmusok vizsg\u00e1lata, hogy hogyan <b>Monoamin transzporterek<\/b> hogy \u00faj ismeretekre tegyenek szert a rokon stimul\u00e1nsokkal kapcsolatban.<\/li>\n<li><b>Analitikai k\u00e9mia:<\/b> \u00daj analitikai m\u00f3dszerek kifejleszt\u00e9se \u00e9s valid\u00e1l\u00e1sa a szintetikus katinonok tisztas\u00e1g\u00e1nak \u00e9s koncentr\u00e1ci\u00f3j\u00e1nak meghat\u00e1roz\u00e1s\u00e1ra.<\/li>\n<\/ul>\n<h3><b>Jelentett hat\u00e1sok a kutat\u00e1si kontextusban<\/b><\/h3>\n<p>A k\u00f6vetkez\u0151 hat\u00e1sokat figyelt\u00e9k meg a preklinikai \u00e9s anekdotikus jelent\u00e9sekben a kutat\u00e1si tanulm\u00e1nyokban, hangs\u00falyozva a kontroll- \u00e9s referenciamint\u00e1k sz\u00fcks\u00e9gess\u00e9g\u00e9t:<\/p>\n<h4><b>Kognit\u00edv \u00e9s pszichol\u00f3giai kutat\u00e1si hat\u00e1sok<\/b><\/h4>\n<ul>\n<li>A vizsg\u00e1latok azt sugallj\u00e1k, hogy az EBK k\u00e9pes arra, hogy <b>\u00c9bers\u00e9g<\/b> \u00e9s <b>Koncentr\u00e1ci\u00f3<\/b> n\u00f6velni.<\/li>\n<li>A kutat\u00f3k besz\u00e1molnak a lehets\u00e9ges indukci\u00f3r\u00f3l <b>Euf\u00f3ria<\/b> \u00e9s a megn\u00f6vekedett <b>J\u00f3l\u00e9t<\/b> k\u00eds\u00e9rleti modellekben.<\/li>\n<li>Tendencia lehet a megn\u00f6vekedett <b>t\u00e1rsadalmi nyitotts\u00e1g<\/b> \u00e9s <b>Kommunik\u00e1ci\u00f3s k\u00e9szs\u00e9gek<\/b> megfigyelhet\u0151.<\/li>\n<li>Ezek a hat\u00e1sok a felt\u00e9telezett hat\u00e1smechanizmusnak k\u00f6sz\u00f6nhet\u0151ek, mivel <b>Monoamin \u00fajrafelv\u00e9tel g\u00e1tl\u00f3k<\/b> tulajdon\u00edthat\u00f3.<\/li>\n<\/ul>\n<h4><b>Fiziol\u00f3giai kutat\u00e1si hat\u00e1sok<\/b><\/h4>\n<ul>\n<li>Fizikai szinten a megn\u00f6vekedett <b>Energia<\/b> \u00e9s a megn\u00f6vekedett <b>Tev\u00e9kenys\u00e9gi szint<\/b> meghat\u00e1rozva.<\/li>\n<li>Fiziol\u00f3giai szempontb\u00f3l ez fokozott <b>Sz\u00edvritmus<\/b> \u00e9s a megn\u00f6vekedett <b>V\u00e9rnyom\u00e1s<\/b> j\u00f6jj\u00f6n.<\/li>\n<li>Egy potenci\u00e1lis <b>\u00c9tv\u00e1gyszab\u00e1lyoz\u00e1s<\/b> gyakran eml\u00edtik a tanulm\u00e1nyokban.<\/li>\n<li>A felhaszn\u00e1l\u00f3k arr\u00f3l sz\u00e1molnak be, hogy magasabb koncentr\u00e1ci\u00f3ban olyan mell\u00e9khat\u00e1sok jelentkeznek, mint p\u00e9ld\u00e1ul a <b>F\u00e9lelem<\/b> vagy <b>\u00c1lmatlans\u00e1g<\/b> el\u0151fordulhat.<\/li>\n<\/ul>\n<h2><b>Az EBK online v\u00e1s\u00e1rl\u00e1s\u00e1nak bonyolult jogi helyzete<\/b><\/h2>\n<p>Az egyik legfontosabb szempont a <b>EBK online rendel\u00e9s<\/b> a bonyolult \u00e9s folyamatosan v\u00e1ltoz\u00f3 jogi helyzet. Mint NPS, az Eutilone egyre szigor\u00fabb ellen\u0151rz\u00e9s al\u00e1 esik. A WHO enged\u00e9lyezte, hogy az anyagot felvegy\u00e9k a <b>A pszichotr\u00f3p anyagokr\u00f3l sz\u00f3l\u00f3 1971. \u00e9vi egyezm\u00e9ny II. jegyz\u00e9ke<\/b> aj\u00e1nlott, \u00e9s N\u00e9metorsz\u00e1gban Eutylone (a Google tal\u00e1latok szerint) a <b>A k\u00e1b\u00edt\u00f3szert\u00f6rv\u00e9ny II. mell\u00e9klete (BtMG)<\/b> list\u00e1zva. Ez azt jelenti, hogy az enged\u00e9ly n\u00e9lk\u00fcli kereskedelem \u00e9s birtokl\u00e1s illeg\u00e1lis (az enged\u00e9lyezett kereskedelem csak tudom\u00e1nyos vagy egy\u00e9b k\u00f6z\u00e9rdekb\u0151l t\u00f6rt\u00e9nhet). <b>Felt\u00e9tlen\u00fcl ellen\u0151rizni kell az adott orsz\u00e1g hat\u00e1lyos jogszab\u00e1lyait.<\/b>, miel\u0151tt <b>V\u00e1s\u00e1rl\u00e1s EBK leg\u00e1lisan online<\/b> vagy <b>EBK rendel\u00e9s<\/b>.<\/p>\n<h2><b>Min\u0151s\u00e9g \u00e9s tisztas\u00e1g: mire kell figyelni, ha SFBC-t v\u00e1s\u00e1rolunk<\/b><\/h2>\n<p>Komoly kutat\u00e1shoz a <b>Tisztas\u00e1g<\/b> az anyag mennyis\u00e9ge a legfontosabb t\u00e9nyez\u0151. Az NPS-ek piaca ismert a szennyez\u0151d\u00e9sekr\u0151l \u00e9s hamis\u00edtv\u00e1nyokr\u00f3l (\u00fan. <b>kov\u00e1csolt EBK<\/b>). Ki <b>V\u00e1s\u00e1roljon olcs\u00f3 EBK online<\/b> Ha ezt szeretn\u00e9 tenni, akkor fenn\u00e1ll a vesz\u00e9lye annak, hogy tiszt\u00e1talan mint\u00e1kat kap, amelyek kisz\u00e1m\u00edthatatlan kutat\u00e1si eredm\u00e9nyeket szolg\u00e1ltatnak.<\/p>\n<h3><b>Az EBK legjobb v\u00e1s\u00e1rl\u00e1si hely\u00e9nek krit\u00e9riumai<\/b><\/h3>\n<p>Annak biztos\u00edt\u00e1sa \u00e9rdek\u00e9ben, hogy <b>tiszta EBK v\u00e1s\u00e1rl\u00e1s<\/b>, a k\u00f6vetkez\u0151 krit\u00e9riumokat kell figyelembe vennie:<\/p>\n<ol start=\"1\">\n<li><b>Tan\u00fas\u00edtott elemz\u00e9sek (COA):<\/b> A kiskeresked\u0151nek naprak\u00e9sz, f\u00fcggetlen, f\u00fcggetlen <b>Elemz\u00e9si bizony\u00edtv\u00e1nyok (COA)<\/b> amelyek a tisztas\u00e1got \u00e9s a k\u00e9miai azonoss\u00e1got olyan m\u00f3dszerekkel ellen\u0151rzik, mint a <b>NMR, GC-MS vagy HPLC<\/b> meger\u0151s\u00edtem.<\/li>\n<li><b>\u00c1tl\u00e1that\u00f3s\u00e1g:<\/b> Teljes k\u00e9miai k\u00e9plet, CAS-sz\u00e1m \u00e9s IUPAC-n\u00e9v.<\/li>\n<li><b>Csomagol\u00e1s \u00e9s t\u00e1rol\u00e1s:<\/b> Az anyagot l\u00e9gmentes, \u00e1tl\u00e1tszatlan csomagol\u00e1sban kell sz\u00e1ll\u00edtani a szennyez\u0151d\u00e9s \u00e9s a boml\u00e1s megel\u0151z\u00e9se \u00e9rdek\u00e9ben.<\/li>\n<li><b>A rendeleteknek val\u00f3 megfelel\u00e9s:<\/b> A kiskeresked\u0151nek egy\u00e9rtelm\u0171en k\u00f6z\u00f6lnie kell a jogi korl\u00e1toz\u00e1sokat, \u00e9s hangs\u00falyoznia kell a rendeltet\u00e9sszer\u0171 felhaszn\u00e1l\u00e1st (kiz\u00e1r\u00f3lag kutat\u00e1si c\u00e9lokra).<\/li>\n<li><b>\u00c1r\u00f6sszehasonl\u00edt\u00e1s:<\/b> Hasonl\u00edtsa \u00f6ssze a <b>EBK \u00e1r<\/b> kritikus; a rendk\u00edv\u00fcl alacsony \u00e1rak alacsony tisztas\u00e1gra utalhatnak. Fektessen be hiteles\u00edtett referenciastandardokba az \u00e9rv\u00e9nyesebb kutat\u00e1si eredm\u00e9nyek \u00e9rdek\u00e9ben.<\/li>\n<\/ol>\n<h3><b>A megfelel\u0151 kiskeresked\u0151 kiv\u00e1laszt\u00e1sa<\/b><\/h3>\n<p>A <b>A legjobb hely az EBK megv\u00e1s\u00e1rl\u00e1s\u00e1ra<\/b> egy <b>szakosodott vegyszer-keresked\u0151<\/b> sok\u00e9ves tapasztalattal rendelkezik a kutat\u00e1si vegyi anyagokkal val\u00f3 foglalkoz\u00e1s ter\u00e9n. Ezek a besz\u00e1ll\u00edt\u00f3k garant\u00e1lj\u00e1k <b>Min\u0151s\u00e9gellen\u0151rz\u00e9s<\/b> bels\u0151 laborat\u00f3riumok vagy k\u00fcls\u0151 vizsg\u00e1lati partnerek \u00e1ltal.<\/p>\n<h2><b>\u00d6sszefoglal\u00f3: Biztons\u00e1gos \u00e9s megb\u00edzhat\u00f3 EBK online v\u00e1s\u00e1rl\u00e1s<\/b><\/h2>\n<p><b>EBK (Eutilon)<\/b> egy hat\u00e9kony kutat\u00e1si vegyszer, amelynek jelent\u0151s\u00e9ge a kriminalisztikai \u00e9s farmakol\u00f3giai kutat\u00e1sokban folyamatosan n\u00f6vekszik. Ki <b>EBK online v\u00e1s\u00e1rl\u00e1s<\/b> tiszt\u00e1ban kell lenni\u00fck a szigor\u00fa jogi ellen\u0151rz\u00e9sekkel, \u00e9s az anyag tisztas\u00e1g\u00e1t els\u0151dleges priorit\u00e1sk\u00e9nt kell kezelni\u00fck. A <b>A legjobb hely az EBK megv\u00e1s\u00e1rl\u00e1s\u00e1ra<\/b> mindig tan\u00fas\u00edtott speci\u00e1lis vegyszerforgalmaz\u00f3, amely garant\u00e1lja az \u00e1tl\u00e1that\u00f3 elemz\u00e9seket \u00e9s a legmagasabb min\u0151s\u00e9get a tudom\u00e1nyos munka integrit\u00e1s\u00e1nak biztos\u00edt\u00e1sa \u00e9rdek\u00e9ben.<\/p>","protected":false},"excerpt":{"rendered":"<p><strong>FBC<\/strong> egy innovat\u00edv szintetikus katinon, amelyet kifejezetten k\u00e9miai \u00e9s farmakol\u00f3giai kutat\u00e1sokhoz fejlesztettek ki. Nagy tisztas\u00e1g\u00e1val \u00e9s stabilit\u00e1s\u00e1val megb\u00edzhat\u00f3 eredm\u00e9nyeket k\u00edn\u00e1l az ig\u00e9nyes tudom\u00e1nyos k\u00eds\u00e9rletekhez.<\/p>","protected":false},"featured_media":7049,"comment_status":"open","ping_status":"closed","template":"","meta":{"_joinchat":[]},"product_brand":[],"product_cat":[49],"product_tag":[1925,1931,1926,1929,1930,1928,1927,188,1814,248],"class_list":{"0":"post-7010","1":"product","2":"type-product","3":"status-publish","4":"has-post-thumbnail","6":"product_cat-cathinones","7":"product_tag-ebk","8":"product_tag-ebk-chemikalien","9":"product_tag-ebk-kaufen","10":"product_tag-ebk-kristalle","11":"product_tag-ebk-online","12":"product_tag-ebk-pulver","13":"product_tag-ebk-zum-verkauf","14":"product_tag-forschungschemikalien","15":"product_tag-forschungsstoffe-kaufen","16":"product_tag-synthetische-stimulanzien","18":"first","19":"instock","20":"shipping-taxable","21":"purchasable","22":"product-type-variable"},"yoast_head":"<!-- This site is optimized with the Yoast SEO plugin v27.5 - https:\/\/yoast.com\/product\/yoast-seo-wordpress\/ -->\n<title>EBK kaufen | Hochreines Forschungscathinon f\u00fcr Labore<\/title>\n<meta name=\"description\" content=\"Erforschen Sie EBK, ein hochwertiges synthetisches Cathinon f\u00fcr chemische und pharmakologische Studien. Nur f\u00fcr Forschung und Analyse in autorisierten Laboren.\" \/>\n<meta name=\"robots\" content=\"index, follow, max-snippet:-1, max-image-preview:large, max-video-preview:-1\" \/>\n<link rel=\"canonical\" href=\"https:\/\/chemgramx.com\/hu\/termek-1\/vasarolni-ebk-online\/\" \/>\n<meta property=\"og:locale\" content=\"hu_HU\" \/>\n<meta property=\"og:type\" content=\"article\" \/>\n<meta property=\"og:title\" content=\"EBK kaufen | Hochreines Forschungscathinon f\u00fcr Labore\" \/>\n<meta property=\"og:description\" content=\"Erforschen Sie EBK, ein hochwertiges synthetisches Cathinon f\u00fcr chemische und pharmakologische Studien. Nur f\u00fcr Forschung und Analyse in autorisierten Laboren.\" \/>\n<meta property=\"og:url\" content=\"https:\/\/chemgramx.com\/hu\/termek-1\/vasarolni-ebk-online\/\" \/>\n<meta property=\"og:site_name\" content=\"Chemgramx\" \/>\n<meta property=\"article:modified_time\" content=\"2025-11-21T11:13:32+00:00\" \/>\n<meta property=\"og:image\" content=\"https:\/\/chemgramx.com\/wp-content\/uploads\/2025\/11\/ebk.png\" \/>\n\t<meta property=\"og:image:width\" content=\"600\" \/>\n\t<meta property=\"og:image:height\" content=\"400\" \/>\n\t<meta property=\"og:image:type\" content=\"image\/png\" \/>\n<meta name=\"twitter:card\" content=\"summary_large_image\" \/>\n<meta name=\"twitter:label1\" content=\"Becs\u00fclt olvas\u00e1si id\u0151\" \/>\n\t<meta name=\"twitter:data1\" content=\"4 perc\" \/>\n<script type=\"application\/ld+json\" class=\"yoast-schema-graph\">{\"@context\":\"https:\\\/\\\/schema.org\",\"@graph\":[{\"@type\":\"WebPage\",\"@id\":\"https:\\\/\\\/chemgramx.com\\\/product\\\/ebk-online-kaufen\\\/\",\"url\":\"https:\\\/\\\/chemgramx.com\\\/product\\\/ebk-online-kaufen\\\/\",\"name\":\"EBK kaufen | Hochreines Forschungscathinon f\u00fcr Labore\",\"isPartOf\":{\"@id\":\"https:\\\/\\\/chemgramx.com\\\/#website\"},\"primaryImageOfPage\":{\"@id\":\"https:\\\/\\\/chemgramx.com\\\/product\\\/ebk-online-kaufen\\\/#primaryimage\"},\"image\":{\"@id\":\"https:\\\/\\\/chemgramx.com\\\/product\\\/ebk-online-kaufen\\\/#primaryimage\"},\"thumbnailUrl\":\"https:\\\/\\\/chemgramx.com\\\/wp-content\\\/uploads\\\/2025\\\/11\\\/ebk.png\",\"datePublished\":\"2025-11-21T11:11:34+00:00\",\"dateModified\":\"2025-11-21T11:13:32+00:00\",\"description\":\"Erforschen Sie EBK, ein hochwertiges synthetisches Cathinon f\u00fcr chemische und pharmakologische Studien. Nur f\u00fcr Forschung und Analyse in autorisierten Laboren.\",\"breadcrumb\":{\"@id\":\"https:\\\/\\\/chemgramx.com\\\/product\\\/ebk-online-kaufen\\\/#breadcrumb\"},\"inLanguage\":\"hu\",\"potentialAction\":[{\"@type\":\"ReadAction\",\"target\":[\"https:\\\/\\\/chemgramx.com\\\/product\\\/ebk-online-kaufen\\\/\"]}]},{\"@type\":\"ImageObject\",\"inLanguage\":\"hu\",\"@id\":\"https:\\\/\\\/chemgramx.com\\\/product\\\/ebk-online-kaufen\\\/#primaryimage\",\"url\":\"https:\\\/\\\/chemgramx.com\\\/wp-content\\\/uploads\\\/2025\\\/11\\\/ebk.png\",\"contentUrl\":\"https:\\\/\\\/chemgramx.com\\\/wp-content\\\/uploads\\\/2025\\\/11\\\/ebk.png\",\"width\":600,\"height\":400},{\"@type\":\"BreadcrumbList\",\"@id\":\"https:\\\/\\\/chemgramx.com\\\/product\\\/ebk-online-kaufen\\\/#breadcrumb\",\"itemListElement\":[{\"@type\":\"ListItem\",\"position\":1,\"name\":\"Home\",\"item\":\"https:\\\/\\\/chemgramx.com\\\/\"},{\"@type\":\"ListItem\",\"position\":2,\"name\":\"Shop\",\"item\":\"https:\\\/\\\/chemgramx.com\\\/shop\\\/\"},{\"@type\":\"ListItem\",\"position\":3,\"name\":\"EBK Online Kaufen\"}]},{\"@type\":\"WebSite\",\"@id\":\"https:\\\/\\\/chemgramx.com\\\/#website\",\"url\":\"https:\\\/\\\/chemgramx.com\\\/\",\"name\":\"Chemgramx\",\"description\":\"\",\"publisher\":{\"@id\":\"https:\\\/\\\/chemgramx.com\\\/#organization\"},\"potentialAction\":[{\"@type\":\"SearchAction\",\"target\":{\"@type\":\"EntryPoint\",\"urlTemplate\":\"https:\\\/\\\/chemgramx.com\\\/?s={search_term_string}\"},\"query-input\":{\"@type\":\"PropertyValueSpecification\",\"valueRequired\":true,\"valueName\":\"search_term_string\"}}],\"inLanguage\":\"hu\"},{\"@type\":\"Organization\",\"@id\":\"https:\\\/\\\/chemgramx.com\\\/#organization\",\"name\":\"Chemgramx\",\"url\":\"https:\\\/\\\/chemgramx.com\\\/\",\"logo\":{\"@type\":\"ImageObject\",\"inLanguage\":\"hu\",\"@id\":\"https:\\\/\\\/chemgramx.com\\\/#\\\/schema\\\/logo\\\/image\\\/\",\"url\":\"https:\\\/\\\/chemgramx.com\\\/wp-content\\\/uploads\\\/2024\\\/10\\\/final-logo.png\",\"contentUrl\":\"https:\\\/\\\/chemgramx.com\\\/wp-content\\\/uploads\\\/2024\\\/10\\\/final-logo.png\",\"width\":250,\"height\":48,\"caption\":\"Chemgramx\"},\"image\":{\"@id\":\"https:\\\/\\\/chemgramx.com\\\/#\\\/schema\\\/logo\\\/image\\\/\"}}]}<\/script>\n<!-- \/ Yoast SEO plugin. -->","yoast_head_json":{"title":"EBK v\u00e1s\u00e1rl\u00e1sa | Nagy tisztas\u00e1g\u00fa kutat\u00e1si katinon laborat\u00f3riumok sz\u00e1m\u00e1ra","description":"Fedezze fel az EBK-t, egy kiv\u00e1l\u00f3 min\u0151s\u00e9g\u0171 szintetikus katinont k\u00e9miai \u00e9s farmakol\u00f3giai vizsg\u00e1latokhoz. Kutat\u00e1shoz \u00e9s elemz\u00e9shez csak enged\u00e9lyezett laborat\u00f3riumokban.","robots":{"index":"index","follow":"follow","max-snippet":"max-snippet:-1","max-image-preview":"max-image-preview:large","max-video-preview":"max-video-preview:-1"},"canonical":"https:\/\/chemgramx.com\/hu\/termek-1\/vasarolni-ebk-online\/","og_locale":"hu_HU","og_type":"article","og_title":"EBK kaufen | Hochreines Forschungscathinon f\u00fcr Labore","og_description":"Erforschen Sie EBK, ein hochwertiges synthetisches Cathinon f\u00fcr chemische und pharmakologische Studien. Nur f\u00fcr Forschung und Analyse in autorisierten Laboren.","og_url":"https:\/\/chemgramx.com\/hu\/termek-1\/vasarolni-ebk-online\/","og_site_name":"Chemgramx","article_modified_time":"2025-11-21T11:13:32+00:00","og_image":[{"width":600,"height":400,"url":"https:\/\/chemgramx.com\/wp-content\/uploads\/2025\/11\/ebk.png","type":"image\/png"}],"twitter_card":"summary_large_image","twitter_misc":{"Becs\u00fclt olvas\u00e1si id\u0151":"4 perc"},"schema":{"@context":"https:\/\/schema.org","@graph":[{"@type":"WebPage","@id":"https:\/\/chemgramx.com\/product\/ebk-online-kaufen\/","url":"https:\/\/chemgramx.com\/product\/ebk-online-kaufen\/","name":"EBK v\u00e1s\u00e1rl\u00e1sa | Nagy tisztas\u00e1g\u00fa kutat\u00e1si katinon laborat\u00f3riumok sz\u00e1m\u00e1ra","isPartOf":{"@id":"https:\/\/chemgramx.com\/#website"},"primaryImageOfPage":{"@id":"https:\/\/chemgramx.com\/product\/ebk-online-kaufen\/#primaryimage"},"image":{"@id":"https:\/\/chemgramx.com\/product\/ebk-online-kaufen\/#primaryimage"},"thumbnailUrl":"https:\/\/chemgramx.com\/wp-content\/uploads\/2025\/11\/ebk.png","datePublished":"2025-11-21T11:11:34+00:00","dateModified":"2025-11-21T11:13:32+00:00","description":"Fedezze fel az EBK-t, egy kiv\u00e1l\u00f3 min\u0151s\u00e9g\u0171 szintetikus katinont k\u00e9miai \u00e9s farmakol\u00f3giai vizsg\u00e1latokhoz. Kutat\u00e1shoz \u00e9s elemz\u00e9shez csak enged\u00e9lyezett laborat\u00f3riumokban.","breadcrumb":{"@id":"https:\/\/chemgramx.com\/product\/ebk-online-kaufen\/#breadcrumb"},"inLanguage":"hu","potentialAction":[{"@type":"ReadAction","target":["https:\/\/chemgramx.com\/product\/ebk-online-kaufen\/"]}]},{"@type":"ImageObject","inLanguage":"hu","@id":"https:\/\/chemgramx.com\/product\/ebk-online-kaufen\/#primaryimage","url":"https:\/\/chemgramx.com\/wp-content\/uploads\/2025\/11\/ebk.png","contentUrl":"https:\/\/chemgramx.com\/wp-content\/uploads\/2025\/11\/ebk.png","width":600,"height":400},{"@type":"BreadcrumbList","@id":"https:\/\/chemgramx.com\/product\/ebk-online-kaufen\/#breadcrumb","itemListElement":[{"@type":"ListItem","position":1,"name":"Home","item":"https:\/\/chemgramx.com\/"},{"@type":"ListItem","position":2,"name":"Shop","item":"https:\/\/chemgramx.com\/shop\/"},{"@type":"ListItem","position":3,"name":"EBK Online Kaufen"}]},{"@type":"WebSite","@id":"https:\/\/chemgramx.com\/#website","url":"https:\/\/chemgramx.com\/","name":"Chemgramx","description":"","publisher":{"@id":"https:\/\/chemgramx.com\/#organization"},"potentialAction":[{"@type":"SearchAction","target":{"@type":"EntryPoint","urlTemplate":"https:\/\/chemgramx.com\/?s={search_term_string}"},"query-input":{"@type":"PropertyValueSpecification","valueRequired":true,"valueName":"search_term_string"}}],"inLanguage":"hu"},{"@type":"Organization","@id":"https:\/\/chemgramx.com\/#organization","name":"Chemgramx","url":"https:\/\/chemgramx.com\/","logo":{"@type":"ImageObject","inLanguage":"hu","@id":"https:\/\/chemgramx.com\/#\/schema\/logo\/image\/","url":"https:\/\/chemgramx.com\/wp-content\/uploads\/2024\/10\/final-logo.png","contentUrl":"https:\/\/chemgramx.com\/wp-content\/uploads\/2024\/10\/final-logo.png","width":250,"height":48,"caption":"Chemgramx"},"image":{"@id":"https:\/\/chemgramx.com\/#\/schema\/logo\/image\/"}}]}},"_links":{"self":[{"href":"https:\/\/chemgramx.com\/hu\/wp-json\/wp\/v2\/product\/7010","targetHints":{"allow":["GET"]}}],"collection":[{"href":"https:\/\/chemgramx.com\/hu\/wp-json\/wp\/v2\/product"}],"about":[{"href":"https:\/\/chemgramx.com\/hu\/wp-json\/wp\/v2\/types\/product"}],"replies":[{"embeddable":true,"href":"https:\/\/chemgramx.com\/hu\/wp-json\/wp\/v2\/comments?post=7010"}],"wp:featuredmedia":[{"embeddable":true,"href":"https:\/\/chemgramx.com\/hu\/wp-json\/wp\/v2\/media\/7049"}],"wp:attachment":[{"href":"https:\/\/chemgramx.com\/hu\/wp-json\/wp\/v2\/media?parent=7010"}],"wp:term":[{"taxonomy":"product_brand","embeddable":true,"href":"https:\/\/chemgramx.com\/hu\/wp-json\/wp\/v2\/product_brand?post=7010"},{"taxonomy":"product_cat","embeddable":true,"href":"https:\/\/chemgramx.com\/hu\/wp-json\/wp\/v2\/product_cat?post=7010"},{"taxonomy":"product_tag","embeddable":true,"href":"https:\/\/chemgramx.com\/hu\/wp-json\/wp\/v2\/product_tag?post=7010"}],"curies":[{"name":"wp","href":"https:\/\/api.w.org\/{rel}","templated":true}]}}