{"id":7011,"date":"2025-11-21T11:11:34","date_gmt":"2025-11-21T11:11:34","guid":{"rendered":"https:\/\/chemgramx.com\/?post_type=product&#038;p=7011"},"modified":"2025-11-21T11:13:32","modified_gmt":"2025-11-21T11:13:32","slug":"vasarolni-impvp-online","status":"publish","type":"product","link":"https:\/\/chemgramx.com\/hu\/product\/impvp-online-kaufen\/","title":{"rendered":"IMPVP online v\u00e1s\u00e1rl\u00e1sa"},"content":{"rendered":"<div id=\"model-response-message-contentr_e4856c5665c90d42\" class=\"markdown markdown-main-panel enable-updated-hr-color\" dir=\"ltr\" aria-live=\"polite\" aria-busy=\"false\">\n<p>Az innovat\u00edv kutat\u00e1si vegyszerek ir\u00e1nti kereslet folyamatosan n\u00f6vekszik, \u00e9s <a href=\"\/product\/impvp-online-kaufen\/\"><b>IMPVP<\/b><\/a> hamarosan olyan stimul\u00e1nsk\u00e9nt honosodott meg, amely nagy \u00e9rdekl\u0151d\u00e9st v\u00e1lt ki mind a tudom\u00e1nyos laborat\u00f3riumokban, mind a kutat\u00e1si anyagok gy\u0171jt\u0151i k\u00f6r\u00e9ben. Sok felhaszn\u00e1l\u00f3 kifejezetten az\u00e9rt keresi, hogy <b>IMPVP online v\u00e1s\u00e1rl\u00e1sa<\/b> vagy megb\u00edzhat\u00f3 besz\u00e1ll\u00edt\u00f3kat tal\u00e1lni, akik <b>IMPVP elad\u00f3<\/b> aj\u00e1nlat. Tekintettel e piac \u00f6sszetett jelleg\u00e9re, elengedhetetlen a k\u00e9miai tulajdons\u00e1gok, a bejelentett hat\u00e1sok \u00e9s - ami a legfontosabb - a biztons\u00e1gi \u00e9s jogi szempontok meg\u00e9rt\u00e9se, miel\u0151tt a gy\u00f3gyszereket forgalomba hozn\u00e1nk. <b>IMPVP megrendel\u00e9se<\/b> szeretne. Ez az \u00e1tfog\u00f3 \u00fatmutat\u00f3 r\u00e1vil\u00e1g\u00edt arra, hogy mi\u00e9rt <b>IMPVP<\/b> mi\u00e9rt olyan n\u00e9pszer\u0171, \u00e9s mire kell odafigyelnie v\u00e1s\u00e1rl\u00e1skor.<\/p>\n<h2><b>Mi az IMPVP? K\u00e9miai meghat\u00e1roz\u00e1s \u00e9s hat\u00e1smechanizmus<\/b><\/h2>\n<p><b>IMPVP<\/b> (izopropil-metilfenid\u00e1t) egy szintetikus stimul\u00e1ns, amely a <a href=\"\/product\/4f-mph-4-fluoromethylphenidat-online-kaufen\/\"><b>Fenid\u00e1t<\/b> <\/a>tartozik. K\u00e9miailag szorosan kapcsol\u00f3dik a klasszikus stimul\u00e1ns metilfenid\u00e1thoz, de szerkezete megv\u00e1ltozott. Ez a saj\u00e1tos molekul\u00e1ris v\u00e1ltoz\u00e1s elt\u00e9r\u0151 farmakol\u00f3giai tulajdons\u00e1gokhoz vezet, ami a kutat\u00e1s izgalmas t\u00e1rgy\u00e1v\u00e1 teszi.<\/p>\n<h3><b>K\u00e9miai oszt\u00e1lyoz\u00e1s \u00e9s m\u0171k\u00f6d\u00e9si m\u00f3d<\/b><\/h3>\n<p>Szerkezet\u00e9nek k\u00f6sz\u00f6nhet\u0151en az IMPVP-t a k\u00f6vetkez\u0151k\u00e9nt ismerik el <b>Fenid\u00e1t-sz\u00e1rmaz\u00e9k<\/b> \u00e9s \u00edgy k\u00fcl\u00f6nb\u00f6zik a katinonokt\u00f3l \u00e9s az amfetaminokt\u00f3l.<\/p>\n<ul>\n<li><b>Hat\u00e1smechanizmus:<\/b> Az IMPVP els\u0151sorban <b>Dopamin \u00e9s noradrenalin visszav\u00e9tel g\u00e1tl\u00f3k<\/b>. Ez a g\u00e1tl\u00e1s ezeknek a neurotranszmittereknek a szinaptikus hasad\u00e9kban megn\u00f6vekedett koncentr\u00e1ci\u00f3j\u00e1hoz vezet, ami megmagyar\u00e1zza a megfigyelt stimul\u00e1l\u00f3 \u00e9s euforikus hat\u00e1sokat.<\/li>\n<li><b>Kutat\u00e1si h\u00e1tt\u00e9r:<\/b> A kutat\u00e1sok arra \u00f6sszpontos\u00edtanak, hogy ez a m\u00f3dos\u00edtott szerkezet hogyan befoly\u00e1solja a k\u00f6t\u00e9si affinit\u00e1st, a hat\u00e1s id\u0151tartam\u00e1t \u00e9s a mell\u00e9khat\u00e1sprofilt a metilfenid\u00e1thoz k\u00e9pest. Ki <b>Val\u00f3di vagy hamis\u00edtott IMPVP rendel\u00e9se<\/b> Ha egy sz\u00e1rmaztatott term\u00e9kbe szeretne befektetni, ellen\u0151riznie kell annak tisztas\u00e1g\u00e1t, mivel a piacon k\u00fcl\u00f6nb\u00f6z\u0151 \u00e9s gyakran tiszt\u00e1talan sz\u00e1rmaztatott term\u00e9keket k\u00edn\u00e1lnak.<\/li>\n<\/ul>\n<h2><b>Az IMPVP vonzereje: hat\u00e1sok \u00e9s kutat\u00e1si alkalmaz\u00e1sok<\/b><\/h2>\n<p>A n\u00f6vekv\u0151 kereslet abb\u00f3l fakad, hogy egy olyan hat\u00e9kony stimul\u00e1nsra v\u00e1gynak, amelyet k\u00f6nnyen \u00e9s diszkr\u00e9ten lehet online megv\u00e1s\u00e1rolni. A felhaszn\u00e1l\u00f3k a <b>A legjobb hely az IMPVP megv\u00e1s\u00e1rl\u00e1s\u00e1ra<\/b> kifejezetten a k\u00f6vetkez\u0151kre keressen \u00e9s keressen <b>v\u00e1s\u00e1rolni val\u00f3di vagy hamis IMPVP<\/b>, a min\u0151s\u00e9gi k\u00fcl\u00f6nbs\u00e9gek felismer\u00e9se.<\/p>\n<h3><b>Jelentett kognit\u00edv \u00e9s fizikai hat\u00e1sok<\/b><\/h3>\n<p>A k\u00f6vetkez\u0151 hat\u00e1sokat figyelt\u00e9k meg a preklinikai \u00e9s anekdotikus jelent\u00e9sekben a kutat\u00e1si tanulm\u00e1nyokban, hangs\u00falyozva a kontroll- \u00e9s referenciamint\u00e1k sz\u00fcks\u00e9gess\u00e9g\u00e9t:<\/p>\n<h4><b>Kognit\u00edv hat\u00e1sok \u00e9s el\u0151ny\u00f6k<\/b><\/h4>\n<ul>\n<li><b>Jav\u00edtott koncentr\u00e1ci\u00f3:<\/b> A felhaszn\u00e1l\u00f3k arr\u00f3l sz\u00e1molnak be, hogy jobban tudnak \u00f6sszpontos\u00edtani a feladatokra.<\/li>\n<li><b>Fokozott figyelem:<\/b> Gyakran le\u00edrj\u00e1k a fokozott \u00e9bers\u00e9get \u00e9s a szellemi jelenl\u00e9tet.<\/li>\n<li><b>Tiszta gondolatok:<\/b> A felhaszn\u00e1l\u00f3k a ment\u00e1lis \u201etisztas\u00e1g \u00e9rz\u00e9s\u00e9r\u0151l\u201c sz\u00e1molnak be, ellent\u00e9tben egyes stimul\u00e1nsokkal, amelyek \u201esz\u00e1guld\u00f3 gondolatokhoz\u201c vezethetnek.<\/li>\n<li><b>Termel\u00e9kenys\u00e9g \u00e9s motiv\u00e1ci\u00f3:<\/b> Sok felhaszn\u00e1l\u00f3 kifejezetten a k\u00f6vetkez\u0151kre keres <b>IMPVP online v\u00e1s\u00e1rl\u00e1sa<\/b>, a megn\u00f6vekedett termel\u00e9kenys\u00e9g \u00e9s munkamotiv\u00e1ci\u00f3 el\u0151nyeit.<\/li>\n<\/ul>\n<h4><b>Fizikai hat\u00e1sok \u00e9s megfigyel\u00e9sek<\/b><\/h4>\n<ul>\n<li><b>Fokozott energia:<\/b> A f\u00e1radts\u00e1g \u00e9szrevehet\u0151 cs\u00f6kken\u00e9se \u00e9s a fokozott aktivit\u00e1s.<\/li>\n<li><b>Kellemes stimul\u00e1ci\u00f3:<\/b> A fizikai hat\u00e1st gyakran m\u00e9rs\u00e9keltnek \u00e9s kellemesnek \u00edrj\u00e1k le.<\/li>\n<li><b>A pulzussz\u00e1m m\u00e9rs\u00e9kelt emelked\u00e9se:<\/b> Enyhe pulzussz\u00e1m-emelked\u00e9s \u00e9s euf\u00f3ria jelentkezhet.<\/li>\n<li><b>Hosszan tart\u00f3 hat\u00e1s:<\/b> Az IMPVP hat\u00e1sa \u00e1ltal\u00e1ban <b>3-5 \u00f3ra<\/b>, ami ide\u00e1lis a hosszabb kutat\u00e1si munkamenetekhez.<\/li>\n<\/ul>\n<h2><b>Adagol\u00e1s, id\u0151tartam \u00e9s kock\u00e1zati inform\u00e1ci\u00f3k<\/b><\/h2>\n<p>Mivel az IMPVP f\u0151k\u00e9nt kutat\u00e1si vegyszerk\u00e9nt \u00e1ll rendelkez\u00e9sre, a k\u00f6vetkez\u0151k vannak <b>Nincs hivatalos adagol\u00e1si aj\u00e1nl\u00e1s emberi fogyaszt\u00e1sra<\/b>. <b>Minden egyes fogyaszt\u00e1s felbecs\u00fclhetetlen eg\u00e9szs\u00e9g\u00fcgyi kock\u00e1zatot jelent.<\/b><\/p>\n<ul>\n<li><b>Adagol\u00e1si ir\u00e1nyelvek (csak kutat\u00e1sra):<\/b> Egyes anekdotikus jelent\u00e9sek szerint a felel\u0151s \u201ed\u00f3zis\u201c 10 \u00e9s 30 mg k\u00f6z\u00f6tti tartom\u00e1nyban van. Azok a felhaszn\u00e1l\u00f3k, akik <b>IMPVP online v\u00e1s\u00e1rl\u00e1sa<\/b>, Tudnia kell azonban, hogy a tudom\u00e1nyos k\u00eds\u00e9rleteket mindig a legkisebb hat\u00e1sos d\u00f3zissal kezdik a kock\u00e1zatok minimaliz\u00e1l\u00e1sa \u00e9rdek\u00e9ben.<\/li>\n<li><b>\u00dajradob\u00e1l\u00f3 jegyzetek:<\/b> Gyakori <b>\u00dajra adagol\u00e1s<\/b> (Ism\u00e9telt alkalmaz\u00e1sa) fokozhatja a nemk\u00edv\u00e1natos hat\u00e1sokat, mint p\u00e9ld\u00e1ul a fokozott sz\u00edv- \u00e9s \u00e9rrendszeri stressz, szorong\u00e1s vagy \u00e1lmatlans\u00e1g.<\/li>\n<li><b>Mell\u00e9khat\u00e1sok:<\/b> A t\u00falzott fogyaszt\u00e1s vagy a t\u00fal gyors \u00fajraadagol\u00e1s mell\u00e9khat\u00e1sokhoz vezethet, ez\u00e9rt a laborat\u00f3riumban t\u00f6rt\u00e9n\u0151 gondos kezel\u00e9s kulcsfontoss\u00e1g\u00fa.<\/li>\n<\/ul>\n<h2><b>Online v\u00e1s\u00e1rl\u00e1s: k\u00e9nyelem, v\u00e1ltozatoss\u00e1g \u00e9s jogszer\u0171s\u00e9g<\/b><\/h2>\n<p>Az IMPVP online v\u00e1s\u00e1rl\u00e1sa olyan el\u0151ny\u00f6ket k\u00edn\u00e1l, mint a k\u00e9nyelem (\u00e9jjel-nappal el\u00e9rhet\u0151) \u00e9s a diszkr\u00e9ci\u00f3 (n\u00e9vtelen rendel\u00e9s \u00e9s diszkr\u00e9t sz\u00e1ll\u00edt\u00e1s). A felhaszn\u00e1l\u00f3k megrendelhetik a <b>IMPVP \u00c1r \u00f6sszehasonl\u00edt\u00e1sa<\/b> \u00e9s az olyan aj\u00e1nlatok k\u00f6z\u00f6tt, mint <b>IMPDP online v\u00e1s\u00e1rl\u00e1sa kedvez\u0151 \u00e1ron egy \u00fcgyf\u00e9l nev\u00e9ben<\/b> (itt figyelembe kell venni a sz\u00e1rmaz\u00e9kok k\u00f6z\u00f6tti kevered\u00e9st).<\/p>\n<h3><b>A jogi helyzet a k\u00fcl\u00f6nb\u00f6z\u0151 orsz\u00e1gokban<\/b><\/h3>\n<p>Az IMPVP-vel kapcsolatos jogi helyzet nem egys\u00e9ges.<\/p>\n<ul>\n<li><b>Kutat\u00e1si k\u00e9miai \u00e1llapot:<\/b> Egyes r\u00e9gi\u00f3kban az IMPVP-t m\u00e9g mindig haszn\u00e1lj\u00e1k <b>Kutat\u00e1si vegyi anyag<\/b> \u00e9s nem tartozik kifejezetten a k\u00e1b\u00edt\u00f3szer-t\u00f6rv\u00e9ny hat\u00e1lya al\u00e1.<\/li>\n<li><b>Anal\u00f3g t\u00f6rv\u00e9nyek:<\/b> Sz\u00e1mos orsz\u00e1gban (pl. az USA-ban \u00e9s N\u00e9metorsz\u00e1gban az NpSG-n kereszt\u00fcl) azonban a k\u00f6vetkez\u0151k szerint lehets\u00e9ges lehet <b>Anal\u00f3g t\u00f6rv\u00e9nyek<\/b> vagy a <b>\u00daj pszichoakt\u00edv anyagokr\u00f3l sz\u00f3l\u00f3 t\u00f6rv\u00e9ny<\/b> mivel k\u00e9miailag rokon az olyan szab\u00e1lyozott anyagokkal, mint a metilfenid\u00e1t.<\/li>\n<li><b>Jogi k\u00f6telezetts\u00e9g:<\/b> A v\u00e1s\u00e1rl\u00f3kat t\u00e1j\u00e9koztatni kell, miel\u0151tt <b>IMPVP online rendel\u00e9se<\/b> mindenk\u00e9ppen ellen\u0151rizze, hogy <b>V\u00e1s\u00e1rl\u00e1s IMPVP leg\u00e1lisan online<\/b> mivel a t\u00f6rv\u00e9nyek szigor\u00faak \u00e9s gyorsan v\u00e1ltoznak.<\/li>\n<\/ul>\n<h2><b>Min\u0151s\u00e9gbiztos\u00edt\u00e1s: Hogyan v\u00e1lasszunk egy j\u00f3 h\u00edr\u0171 IMPVP-t?<\/b><\/h2>\n<p>Mivel a piac gyakran <b>val\u00f3di vagy hamis IMPVP elad\u00f3<\/b> a megfelel\u0151 sz\u00e1ll\u00edt\u00f3 \u00e9s term\u00e9k kiv\u00e1laszt\u00e1sa rendk\u00edv\u00fcl fontos.<\/p>\n<h3><b>A biztons\u00e1gos v\u00e1s\u00e1rl\u00e1s fontos krit\u00e9riumai<\/b><\/h3>\n<p>A <b>A legjobb hely az IMPVP megv\u00e1s\u00e1rl\u00e1s\u00e1ra<\/b>, mindig olyan speci\u00e1lis vegyszerforgalmaz\u00f3, amely \u00e1tl\u00e1that\u00f3s\u00e1got \u00e9s min\u0151s\u00e9gbiztos\u00edt\u00e1st k\u00edn\u00e1l.<\/p>\n<ul>\n<li><b>Tisztas\u00e1gi \u00e9s laborat\u00f3riumi vizsg\u00e1latok:<\/b> Csak olyan term\u00e9keket v\u00e1s\u00e1roljon, amelyekn\u00e9l a jelenlegi, f\u00fcggetlen <b>Laborat\u00f3riumi elemz\u00e9sek<\/b> (pl. GC-MS vagy HPLC) a k\u00e9miai azonoss\u00e1g \u00e9s tisztas\u00e1g meger\u0151s\u00edt\u00e9s\u00e9re.<\/li>\n<li><b>Adagol\u00e1si forma:<\/b> Figyeljen arra, hogy a term\u00e9ket por, kapszula vagy tabletta form\u00e1j\u00e1ban k\u00edn\u00e1lj\u00e1k-e. Ezt egy\u00e9rtelm\u0171en fel kell t\u00fcntetni.<\/li>\n<li><b>A kiskeresked\u0151 megb\u00edzhat\u00f3s\u00e1ga:<\/b> A <b>A legjobb hely az IMPVP megv\u00e1s\u00e1rl\u00e1s\u00e1ra<\/b> olyan keresked\u0151k, akik sok\u00e9ves tapasztalattal rendelkeznek a kutat\u00e1si vegyszerek \u00e9s a pozit\u00edv v\u00e1s\u00e1rl\u00f3i v\u00e9lem\u00e9nyek (f\u00fcggetlen f\u00f3rumok vagy fel\u00fclvizsg\u00e1lati platformok) ter\u00e9n.<\/li>\n<li><b>\u00c1r- \u00e9s min\u0151s\u00e9g-\u00f6sszehasonl\u00edt\u00e1s:<\/b> Hasonl\u00edtsa \u00f6ssze a <b>IMPVP \u00e1r<\/b>, de soha ne tegye a min\u0151s\u00e9get az alacsony \u00e1r f\u00fcggv\u00e9ny\u00e9v\u00e9. A t\u00fal alacsony \u00e1r a gyeng\u00e9bb min\u0151s\u00e9g\u0171 vagy szennyezett mint\u00e1k figyelmeztet\u0151 jele.<\/li>\n<\/ul>\n<h3><b>K\u00f6vetkeztet\u00e9s<\/b><\/h3>\n<p>Az IMPVP egy er\u0151s stimul\u00e1ns a fenid\u00e1tok oszt\u00e1ly\u00e1b\u00f3l, amely t\u00f6bbf\u00e9le kutat\u00e1si hat\u00e1ssal rendelkezik, k\u00fcl\u00f6n\u00f6sen a ment\u00e1lis tisztas\u00e1g \u00e9s a koncentr\u00e1lt energia tekintet\u00e9ben. Ki <b>IMPVP online v\u00e1s\u00e1rl\u00e1sa<\/b> ellen\u0151rizni kell a tisztas\u00e1got, \u00f6ssze kell hasonl\u00edtaniuk az \u00e1rakat, \u00e9s csak j\u00f3 h\u00edr\u0171, kutat\u00e1si vegyi anyagokra szakosodott forr\u00e1sokb\u00f3l kell rendelni\u00fck a kutat\u00e1s integrit\u00e1s\u00e1nak \u00e9s a jogszab\u00e1lyoknak val\u00f3 megfelel\u00e9snek a biztos\u00edt\u00e1sa \u00e9rdek\u00e9ben.<\/p>\n<\/div>","protected":false},"excerpt":{"rendered":"<p><strong>IM-PVP<\/strong> nagy tisztas\u00e1g\u00fa, szintetikus vegy\u00fclet, amely ide\u00e1lis k\u00e9miai \u00e9s farmakol\u00f3giai vizsg\u00e1latokhoz. Stabil tulajdons\u00e1gaival \u00e9s kiv\u00e9teles min\u0151s\u00e9g\u00e9vel megb\u00edzhat\u00f3 eredm\u00e9nyeket k\u00edn\u00e1l az innovat\u00edv laborat\u00f3riumi kutat\u00e1sokhoz.<\/p>","protected":false},"featured_media":7058,"comment_status":"open","ping_status":"closed","template":"","meta":{"_joinchat":[]},"product_brand":[],"product_cat":[49],"product_tag":[188,1814,1918,1924,1919,1922,1923,1921,1920,248],"class_list":{"0":"post-7011","1":"product","2":"type-product","3":"status-publish","4":"has-post-thumbnail","6":"product_cat-cathinones","7":"product_tag-forschungschemikalien","8":"product_tag-forschungsstoffe-kaufen","9":"product_tag-impvp","10":"product_tag-impvp-chemikalien","11":"product_tag-impvp-kaufen","12":"product_tag-impvp-kristalle","13":"product_tag-impvp-online","14":"product_tag-impvp-pulver","15":"product_tag-impvp-zum-verkauf","16":"product_tag-synthetische-stimulanzien","18":"first","19":"instock","20":"shipping-taxable","21":"purchasable","22":"product-type-variable"},"yoast_head":"<!-- This site is optimized with the Yoast SEO plugin v27.5 - https:\/\/yoast.com\/product\/yoast-seo-wordpress\/ -->\n<title>IM-PVP kaufen | Hochwertige Forschungssubstanz online<\/title>\n<meta name=\"description\" content=\"Entdecken Sie IM-PVP, eine hochreine Substanz f\u00fcr chemische und pharmakologische Forschung. F\u00fcr pr\u00e4zise Analysen in professionellen Laboren geeignet.\" \/>\n<meta name=\"robots\" content=\"index, follow, max-snippet:-1, max-image-preview:large, max-video-preview:-1\" \/>\n<link rel=\"canonical\" href=\"https:\/\/chemgramx.com\/hu\/termek-1\/vasarolni-impvp-online\/\" \/>\n<meta property=\"og:locale\" content=\"hu_HU\" \/>\n<meta property=\"og:type\" content=\"article\" \/>\n<meta property=\"og:title\" content=\"IM-PVP kaufen | Hochwertige Forschungssubstanz online\" \/>\n<meta property=\"og:description\" content=\"Entdecken Sie IM-PVP, eine hochreine Substanz f\u00fcr chemische und pharmakologische Forschung. F\u00fcr pr\u00e4zise Analysen in professionellen Laboren geeignet.\" \/>\n<meta property=\"og:url\" content=\"https:\/\/chemgramx.com\/hu\/termek-1\/vasarolni-impvp-online\/\" \/>\n<meta property=\"og:site_name\" content=\"Chemgramx\" \/>\n<meta property=\"article:modified_time\" content=\"2025-11-21T11:13:32+00:00\" \/>\n<meta property=\"og:image\" content=\"https:\/\/chemgramx.com\/wp-content\/uploads\/2025\/11\/impvp.png\" \/>\n\t<meta property=\"og:image:width\" content=\"600\" \/>\n\t<meta property=\"og:image:height\" content=\"400\" \/>\n\t<meta property=\"og:image:type\" content=\"image\/png\" \/>\n<meta name=\"twitter:card\" content=\"summary_large_image\" \/>\n<meta name=\"twitter:label1\" content=\"Becs\u00fclt olvas\u00e1si id\u0151\" \/>\n\t<meta name=\"twitter:data1\" content=\"5 perc\" \/>\n<script type=\"application\/ld+json\" class=\"yoast-schema-graph\">{\"@context\":\"https:\\\/\\\/schema.org\",\"@graph\":[{\"@type\":\"WebPage\",\"@id\":\"https:\\\/\\\/chemgramx.com\\\/product\\\/impvp-online-kaufen\\\/\",\"url\":\"https:\\\/\\\/chemgramx.com\\\/product\\\/impvp-online-kaufen\\\/\",\"name\":\"IM-PVP kaufen | Hochwertige Forschungssubstanz online\",\"isPartOf\":{\"@id\":\"https:\\\/\\\/chemgramx.com\\\/#website\"},\"primaryImageOfPage\":{\"@id\":\"https:\\\/\\\/chemgramx.com\\\/product\\\/impvp-online-kaufen\\\/#primaryimage\"},\"image\":{\"@id\":\"https:\\\/\\\/chemgramx.com\\\/product\\\/impvp-online-kaufen\\\/#primaryimage\"},\"thumbnailUrl\":\"https:\\\/\\\/chemgramx.com\\\/wp-content\\\/uploads\\\/2025\\\/11\\\/impvp.png\",\"datePublished\":\"2025-11-21T11:11:34+00:00\",\"dateModified\":\"2025-11-21T11:13:32+00:00\",\"description\":\"Entdecken Sie IM-PVP, eine hochreine Substanz f\u00fcr chemische und pharmakologische Forschung. F\u00fcr pr\u00e4zise Analysen in professionellen Laboren geeignet.\",\"breadcrumb\":{\"@id\":\"https:\\\/\\\/chemgramx.com\\\/product\\\/impvp-online-kaufen\\\/#breadcrumb\"},\"inLanguage\":\"hu\",\"potentialAction\":[{\"@type\":\"ReadAction\",\"target\":[\"https:\\\/\\\/chemgramx.com\\\/product\\\/impvp-online-kaufen\\\/\"]}]},{\"@type\":\"ImageObject\",\"inLanguage\":\"hu\",\"@id\":\"https:\\\/\\\/chemgramx.com\\\/product\\\/impvp-online-kaufen\\\/#primaryimage\",\"url\":\"https:\\\/\\\/chemgramx.com\\\/wp-content\\\/uploads\\\/2025\\\/11\\\/impvp.png\",\"contentUrl\":\"https:\\\/\\\/chemgramx.com\\\/wp-content\\\/uploads\\\/2025\\\/11\\\/impvp.png\",\"width\":600,\"height\":400},{\"@type\":\"BreadcrumbList\",\"@id\":\"https:\\\/\\\/chemgramx.com\\\/product\\\/impvp-online-kaufen\\\/#breadcrumb\",\"itemListElement\":[{\"@type\":\"ListItem\",\"position\":1,\"name\":\"Home\",\"item\":\"https:\\\/\\\/chemgramx.com\\\/\"},{\"@type\":\"ListItem\",\"position\":2,\"name\":\"Shop\",\"item\":\"https:\\\/\\\/chemgramx.com\\\/shop\\\/\"},{\"@type\":\"ListItem\",\"position\":3,\"name\":\"IMPVP Online Kaufen\"}]},{\"@type\":\"WebSite\",\"@id\":\"https:\\\/\\\/chemgramx.com\\\/#website\",\"url\":\"https:\\\/\\\/chemgramx.com\\\/\",\"name\":\"Chemgramx\",\"description\":\"\",\"publisher\":{\"@id\":\"https:\\\/\\\/chemgramx.com\\\/#organization\"},\"potentialAction\":[{\"@type\":\"SearchAction\",\"target\":{\"@type\":\"EntryPoint\",\"urlTemplate\":\"https:\\\/\\\/chemgramx.com\\\/?s={search_term_string}\"},\"query-input\":{\"@type\":\"PropertyValueSpecification\",\"valueRequired\":true,\"valueName\":\"search_term_string\"}}],\"inLanguage\":\"hu\"},{\"@type\":\"Organization\",\"@id\":\"https:\\\/\\\/chemgramx.com\\\/#organization\",\"name\":\"Chemgramx\",\"url\":\"https:\\\/\\\/chemgramx.com\\\/\",\"logo\":{\"@type\":\"ImageObject\",\"inLanguage\":\"hu\",\"@id\":\"https:\\\/\\\/chemgramx.com\\\/#\\\/schema\\\/logo\\\/image\\\/\",\"url\":\"https:\\\/\\\/chemgramx.com\\\/wp-content\\\/uploads\\\/2024\\\/10\\\/final-logo.png\",\"contentUrl\":\"https:\\\/\\\/chemgramx.com\\\/wp-content\\\/uploads\\\/2024\\\/10\\\/final-logo.png\",\"width\":250,\"height\":48,\"caption\":\"Chemgramx\"},\"image\":{\"@id\":\"https:\\\/\\\/chemgramx.com\\\/#\\\/schema\\\/logo\\\/image\\\/\"}}]}<\/script>\n<!-- \/ Yoast SEO plugin. -->","yoast_head_json":{"title":"IM-PVP v\u00e1s\u00e1rl\u00e1sa | Kiv\u00e1l\u00f3 min\u0151s\u00e9g\u0171 kutat\u00e1si anyag online","description":"Fedezze fel az IM-PVP-t, egy nagy tisztas\u00e1g\u00fa anyagot k\u00e9miai \u00e9s farmakol\u00f3giai kutat\u00e1sokhoz. Alkalmas prec\u00edz elemz\u00e9sekhez professzion\u00e1lis laborat\u00f3riumokban.","robots":{"index":"index","follow":"follow","max-snippet":"max-snippet:-1","max-image-preview":"max-image-preview:large","max-video-preview":"max-video-preview:-1"},"canonical":"https:\/\/chemgramx.com\/hu\/termek-1\/vasarolni-impvp-online\/","og_locale":"hu_HU","og_type":"article","og_title":"IM-PVP kaufen | Hochwertige Forschungssubstanz online","og_description":"Entdecken Sie IM-PVP, eine hochreine Substanz f\u00fcr chemische und pharmakologische Forschung. F\u00fcr pr\u00e4zise Analysen in professionellen Laboren geeignet.","og_url":"https:\/\/chemgramx.com\/hu\/termek-1\/vasarolni-impvp-online\/","og_site_name":"Chemgramx","article_modified_time":"2025-11-21T11:13:32+00:00","og_image":[{"width":600,"height":400,"url":"https:\/\/chemgramx.com\/wp-content\/uploads\/2025\/11\/impvp.png","type":"image\/png"}],"twitter_card":"summary_large_image","twitter_misc":{"Becs\u00fclt olvas\u00e1si id\u0151":"5 perc"},"schema":{"@context":"https:\/\/schema.org","@graph":[{"@type":"WebPage","@id":"https:\/\/chemgramx.com\/product\/impvp-online-kaufen\/","url":"https:\/\/chemgramx.com\/product\/impvp-online-kaufen\/","name":"IM-PVP v\u00e1s\u00e1rl\u00e1sa | Kiv\u00e1l\u00f3 min\u0151s\u00e9g\u0171 kutat\u00e1si anyag online","isPartOf":{"@id":"https:\/\/chemgramx.com\/#website"},"primaryImageOfPage":{"@id":"https:\/\/chemgramx.com\/product\/impvp-online-kaufen\/#primaryimage"},"image":{"@id":"https:\/\/chemgramx.com\/product\/impvp-online-kaufen\/#primaryimage"},"thumbnailUrl":"https:\/\/chemgramx.com\/wp-content\/uploads\/2025\/11\/impvp.png","datePublished":"2025-11-21T11:11:34+00:00","dateModified":"2025-11-21T11:13:32+00:00","description":"Fedezze fel az IM-PVP-t, egy nagy tisztas\u00e1g\u00fa anyagot k\u00e9miai \u00e9s farmakol\u00f3giai kutat\u00e1sokhoz. Alkalmas prec\u00edz elemz\u00e9sekhez professzion\u00e1lis laborat\u00f3riumokban.","breadcrumb":{"@id":"https:\/\/chemgramx.com\/product\/impvp-online-kaufen\/#breadcrumb"},"inLanguage":"hu","potentialAction":[{"@type":"ReadAction","target":["https:\/\/chemgramx.com\/product\/impvp-online-kaufen\/"]}]},{"@type":"ImageObject","inLanguage":"hu","@id":"https:\/\/chemgramx.com\/product\/impvp-online-kaufen\/#primaryimage","url":"https:\/\/chemgramx.com\/wp-content\/uploads\/2025\/11\/impvp.png","contentUrl":"https:\/\/chemgramx.com\/wp-content\/uploads\/2025\/11\/impvp.png","width":600,"height":400},{"@type":"BreadcrumbList","@id":"https:\/\/chemgramx.com\/product\/impvp-online-kaufen\/#breadcrumb","itemListElement":[{"@type":"ListItem","position":1,"name":"Home","item":"https:\/\/chemgramx.com\/"},{"@type":"ListItem","position":2,"name":"Shop","item":"https:\/\/chemgramx.com\/shop\/"},{"@type":"ListItem","position":3,"name":"IMPVP Online Kaufen"}]},{"@type":"WebSite","@id":"https:\/\/chemgramx.com\/#website","url":"https:\/\/chemgramx.com\/","name":"Chemgramx","description":"","publisher":{"@id":"https:\/\/chemgramx.com\/#organization"},"potentialAction":[{"@type":"SearchAction","target":{"@type":"EntryPoint","urlTemplate":"https:\/\/chemgramx.com\/?s={search_term_string}"},"query-input":{"@type":"PropertyValueSpecification","valueRequired":true,"valueName":"search_term_string"}}],"inLanguage":"hu"},{"@type":"Organization","@id":"https:\/\/chemgramx.com\/#organization","name":"Chemgramx","url":"https:\/\/chemgramx.com\/","logo":{"@type":"ImageObject","inLanguage":"hu","@id":"https:\/\/chemgramx.com\/#\/schema\/logo\/image\/","url":"https:\/\/chemgramx.com\/wp-content\/uploads\/2024\/10\/final-logo.png","contentUrl":"https:\/\/chemgramx.com\/wp-content\/uploads\/2024\/10\/final-logo.png","width":250,"height":48,"caption":"Chemgramx"},"image":{"@id":"https:\/\/chemgramx.com\/#\/schema\/logo\/image\/"}}]}},"_links":{"self":[{"href":"https:\/\/chemgramx.com\/hu\/wp-json\/wp\/v2\/product\/7011","targetHints":{"allow":["GET"]}}],"collection":[{"href":"https:\/\/chemgramx.com\/hu\/wp-json\/wp\/v2\/product"}],"about":[{"href":"https:\/\/chemgramx.com\/hu\/wp-json\/wp\/v2\/types\/product"}],"replies":[{"embeddable":true,"href":"https:\/\/chemgramx.com\/hu\/wp-json\/wp\/v2\/comments?post=7011"}],"wp:featuredmedia":[{"embeddable":true,"href":"https:\/\/chemgramx.com\/hu\/wp-json\/wp\/v2\/media\/7058"}],"wp:attachment":[{"href":"https:\/\/chemgramx.com\/hu\/wp-json\/wp\/v2\/media?parent=7011"}],"wp:term":[{"taxonomy":"product_brand","embeddable":true,"href":"https:\/\/chemgramx.com\/hu\/wp-json\/wp\/v2\/product_brand?post=7011"},{"taxonomy":"product_cat","embeddable":true,"href":"https:\/\/chemgramx.com\/hu\/wp-json\/wp\/v2\/product_cat?post=7011"},{"taxonomy":"product_tag","embeddable":true,"href":"https:\/\/chemgramx.com\/hu\/wp-json\/wp\/v2\/product_tag?post=7011"}],"curies":[{"name":"wp","href":"https:\/\/api.w.org\/{rel}","templated":true}]}}