{"id":7012,"date":"2025-11-21T11:11:35","date_gmt":"2025-11-21T11:11:35","guid":{"rendered":"https:\/\/chemgramx.com\/?post_type=product&#038;p=7012"},"modified":"2025-11-21T14:28:34","modified_gmt":"2025-11-21T14:28:34","slug":"vasarolni-md-php-online","status":"publish","type":"product","link":"https:\/\/chemgramx.com\/hu\/product\/md-php-online-kaufen\/","title":{"rendered":"MD-PHP online v\u00e1s\u00e1rl\u00e1sa"},"content":{"rendered":"<p><b>MD-PHP<\/b>, k\u00e9miailag 3\u2032,4\u2032-metil\u00e9ndioxi-\u03b1-pirrolidinohexiophenon n\u00e9ven ismert, rendk\u00edv\u00fcl er\u0151s szintetikus katinon, amely a legismertebb MDPV-vel val\u00f3 szerkezeti hasonl\u00f3s\u00e1ga miatt jelent\u0151s figyelmet keltett a kutat\u00f3k k\u00f6r\u00e9ben. Eredetileg az 1960-as \u00e9vekben fejlesztett\u00e9k ki, \u00e9s az al\u00e1bbiak oszt\u00e1ly\u00e1ba tartozik. <b>\u03b1-<a href=\"\/product\/a-pvp-alpha-pyrrolidinovalerophenon-online-kaufen\/\">Pirrolidinohexiophenonok<\/a><\/b>. Az MDPV sz\u00e1mos orsz\u00e1gban t\u00f6rt\u00e9n\u0151 szigor\u00fabb szab\u00e1lyoz\u00e1s\u00e1t k\u00f6vet\u0151en az MD-PHP a preklinikai kutat\u00e1sok keresett alternat\u00edv\u00e1j\u00e1v\u00e1 v\u00e1lt. A lehet\u0151s\u00e9gek keres\u00e9se, <b>MD-PHP online v\u00e1s\u00e1rl\u00e1sa<\/b> vagy a legjobb szolg\u00e1ltat\u00f3 a <b>MD-PHP v\u00e1s\u00e1rl\u00e1sra<\/b> ez\u00e9rt jelent\u0151sen megn\u0151tt az interneten. Ez a r\u00e9szletes \u00fatmutat\u00f3 r\u00e1vil\u00e1g\u00edt a k\u00e9miai \u00f6sszet\u00e9telre, a megfigyelt kutat\u00e1si hat\u00e1sokra, valamint a jogszer\u0171s\u00e9g \u00e9s a tisztas\u00e1g kritikus szempontjaira e kutat\u00e1si vegyi anyag v\u00e1s\u00e1rl\u00e1sakor.<\/p>\n<h2><b>Az MD-PHP k\u00e9miai h\u00e1ttere: szerkezet \u00e9s hat\u00e1smechanizmus<\/b><\/h2>\n<p>Az MD-PHP egy <b>\u03b2-keto-katinon<\/b> a k\u00f6vetkez\u0151 k\u00e9miai k\u00e9plettel <span class=\"math-inline\" data-math=\"C_{17}H_{23}NO_3\">$C_{17}H_{23}NO_3$<\/span>. A 3\u2032,4\u2032-metil\u00e9ndioxi-\u03b1-pirrolidinohexiophenon elnevez\u00e9s a komplex szerkezet\u00e9t \u00edrja le, amely a metil\u00e9ndioxi mint\u00e1t (az MDMA-b\u00f3l ismert) pirrolidin csoporttal (az MDPV-b\u00f3l ismert) kombin\u00e1lja.<\/p>\n<h3><b>K\u00e9miai oszt\u00e1lyoz\u00e1s \u00e9s \u00f6sszehasonl\u00edt\u00e1s m\u00e1s stimul\u00e1nsokkal<\/b><\/h3>\n<p>Az MD-PHP a k\u00f6vetkez\u0151 oszt\u00e1lyba tartozik <b>szintetikus katinonok<\/b> \u00e9s az MDPV (metil\u00e9ndioxipirrovaleron) k\u00f6zvetlen rokona.<\/p>\n<ul>\n<li><b>Hat\u00e1smechanizmus:<\/b> Az MD-PHP \u00fagy m\u0171k\u00f6dik, mint <b>Monoamin \u00fajrafelv\u00e9tel g\u00e1tl\u00f3k (MRI)<\/b>, k\u00fcl\u00f6n\u00f6sen er\u0151teljesen a k\u00f6vetkez\u0151k \u00fajraind\u00edt\u00e1sa <b>Dopamin, noradrenalin \u00e9s szerotonin<\/b> g\u00e1tol. A kutat\u00e1s kontextus\u00e1ban ez a hat\u00e1s megn\u00f6vekedett neurotranszmitter-koncentr\u00e1ci\u00f3hoz vezet, ami megmagyar\u00e1zza a megfigyelt stimul\u00e1l\u00f3 tulajdons\u00e1gokat.<\/li>\n<li><b>az MDPV-vel \u00f6sszehasonl\u00edtva:<\/b> Az MDPV-vel \u00f6sszehasonl\u00edtva az MD-PHP-t sz\u00e1mos tanulm\u00e1nyban elismert\u00e9k, mint egy <b>hat\u00e1sosabb<\/b> hasonl\u00f3, de val\u00f3sz\u00edn\u0171leg <b>intenz\u00edvebb<\/b> kutat\u00e1si hat\u00e1sok. Ez a megn\u00f6vekedett hat\u00e9konys\u00e1g az egyik f\u0151 oka annak, hogy a kutat\u00f3k keresnek <b>Val\u00f3di vagy hamis\u00edtott MD-PHP elad\u00f3<\/b> a pontos farmakol\u00f3giai k\u00fcl\u00f6nbs\u00e9gek vizsg\u00e1lata \u00e9rdek\u00e9ben.<\/li>\n<\/ul>\n<h2><b>Mi\u00e9rt akarnak a kutat\u00f3k MD-PHP-t v\u00e1s\u00e1rolni online<\/b><\/h2>\n<p>Az MD-PHP ir\u00e1nti kereslet abb\u00f3l ad\u00f3dik, hogy kutat\u00e1si vegyszerk\u00e9nt rendelkez\u00e9sre \u00e1ll, \u00e9s a tudom\u00e1ny \u00e9rdekl\u0151dik a hat\u00e1soss\u00e1ga ir\u00e1nt. Sok \u00e9rdekl\u0151d\u0151 kifejezetten a k\u00f6vetkez\u0151ket keresi: Hol lehet megv\u00e1s\u00e1rolni az MD-PHP-t? vagy Mi az MD-PHP <b>legjobb hely az MD-PHP online megv\u00e1s\u00e1rl\u00e1s\u00e1ra<\/b>?<\/p>\n<h3><b>Jelentett pszichol\u00f3giai \u00e9s fizikai hat\u00e1sok<\/b><\/h3>\n<p>A k\u00f6vetkez\u0151 hat\u00e1sokat figyelt\u00e9k meg preklinikai \u00e9s anekdotikus jelent\u00e9sekben a kutat\u00e1si tanulm\u00e1nyok keret\u00e9ben, amelyek gondos kezel\u00e9st \u00e9s pontos dokument\u00e1ci\u00f3t ig\u00e9nyelnek:<\/p>\n<h4><b>Pszichol\u00f3giai hat\u00e1sok (kognit\u00edv kutat\u00e1si param\u00e9terek)<\/b><\/h4>\n<ul>\n<li><b>Fokozott \u00e9bers\u00e9g \u00e9s koncentr\u00e1ci\u00f3:<\/b> Az anyag k\u00eds\u00e9rleti modellekben n\u00f6velheti a figyelmet \u00e9s a f\u00f3kuszt.<\/li>\n<li><b>Euf\u00f3ria \u00e9s fokozott j\u00f3 k\u00f6z\u00e9rzet:<\/b> Ez a jutalmaz\u00e1si rendszer er\u0151s aktiv\u00e1l\u00f3d\u00e1s\u00e1t jelzi az agyban.<\/li>\n<li><b>Szoci\u00e1lis nyitotts\u00e1g \u00e9s kommunik\u00e1ci\u00f3s k\u00e9szs\u00e9g:<\/b> A megfigyel\u00e9sek m\u00e1s metil\u00e9ndioxi anyagokhoz hasonl\u00f3an egy lehets\u00e9ges empatog\u00e9n \u00f6sszetev\u0151re utalnak.<\/li>\n<\/ul>\n<h4><b>Fizikai hat\u00e1sok (fiziol\u00f3giai megfigyel\u00e9sek)<\/b><\/h4>\n<ul>\n<li><b>Fokozott energia \u00e9s aktivit\u00e1s:<\/b> Gyakran megfigyelhet\u0151 a fizikai aktivit\u00e1s jelent\u0151s n\u00f6veked\u00e9se.<\/li>\n<li><b>\u00c9tv\u00e1gycs\u00f6kkent\u00e9s:<\/b> Ez az er\u0151s stimul\u00e1nsok tipikus hat\u00e1sa.<\/li>\n<li><b>Emelkedett pulzussz\u00e1m \u00e9s v\u00e9rnyom\u00e1s:<\/b> Ezek olyan kritikus kardiovaszkul\u00e1ris hat\u00e1sok, amelyek a kutat\u00e1s sor\u00e1n k\u00fcl\u00f6n\u00f6s \u00f3vatoss\u00e1got ig\u00e9nyelnek.<\/li>\n<\/ul>\n<p>A jelent\u00e9sek szerint a felhaszn\u00e1l\u00f3k megn\u00f6vekedett teljes\u00edtm\u00e9nyr\u0151l \u00e9s fokozott \u00e9bers\u00e9gr\u0151l besz\u00e9lnek. Ezek a tulajdons\u00e1gok olyan term\u00e9kk\u00e9 teszik, amelyet gyakran a <b>MD-PHP elad\u00f3<\/b> vagy <b>V\u00e1s\u00e1roljon MD-PHP-t olcs\u00f3n online<\/b> keresik.<\/p>\n<h2><b>Adagol\u00e1s, id\u0151tartam \u00e9s biztons\u00e1gi szempontok a kutat\u00e1sban<\/b><\/h2>\n<p>Mivel az MD-PHP-t els\u0151sorban kutat\u00e1si vegyszerk\u00e9nt k\u00edn\u00e1lj\u00e1k, <b>Az emberi fogyaszt\u00e1sra vonatkoz\u00f3 hivatalos adagol\u00e1si aj\u00e1nl\u00e1sok hi\u00e1nya<\/b>. <b>B\u00e1rmilyen fogyaszt\u00e1s magas, kisz\u00e1m\u00edthatatlan eg\u00e9szs\u00e9g\u00fcgyi kock\u00e1zatot jelent.<\/b><\/p>\n<ul>\n<li><b>Adagol\u00e1si ir\u00e1nyelvek:<\/b> Azok a felhaszn\u00e1l\u00f3k, akik <b>MD-PHP online rendel\u00e9se<\/b>, rendk\u00edv\u00fcl \u00f3vatosnak kell lennie, \u00e9s <b>minim\u00e1lis d\u00f3zisokkal kezdjen<\/b>, az egyes reakci\u00f3k laborat\u00f3riumi tesztel\u00e9se. Az MD-PHP nagy hat\u00e9konys\u00e1ga miatt a kezel\u00e9shez elengedhetetlen a mikrom\u00e9rleg.<\/li>\n<li><b>A hat\u00e1sok id\u0151tartama:<\/b> Az MD-PHP hat\u00e1sa <b>\u00c1lljon meg n\u00e9h\u00e1ny \u00f3r\u00e1ra<\/b>.<\/li>\n<li><b>\u00d3vatosan \u00fajra adagolva:<\/b> A potenci\u00e1lis <b>Tolerancia fejleszt\u00e9se<\/b> \u00e9s az olyan mell\u00e9khat\u00e1sok kock\u00e1zat\u00e1t, mint a pszich\u00f3zis, a sz\u00edvterhel\u00e9s vagy az \u00e1lmatlans\u00e1g, meg kell vizsg\u00e1lni. <b>Az \u00fajb\u00f3li adagol\u00e1s elker\u00fcl\u00e9se vagy szigor\u00faan korl\u00e1toz\u00e1sa<\/b> lesz.<\/li>\n<\/ul>\n<h2><b>A v\u00e1s\u00e1rl\u00e1si folyamat: k\u00e9nyelem, jogszer\u0171s\u00e9g \u00e9s tisztas\u00e1g<\/b><\/h2>\n<p>Az MD-PHP online v\u00e1s\u00e1rl\u00e1sa olyan el\u0151ny\u00f6kkel j\u00e1r, mint a k\u00e9nyelem, a hozz\u00e1f\u00e9rhet\u0151s\u00e9g (az \u00e1rak \u00f6sszehasonl\u00edt\u00e1sa \u00e9s a legjobb aj\u00e1nlatok megtal\u00e1l\u00e1sa). <b>MD-PHP \u00e1r<\/b> meghat\u00e1rozni) \u00e9s m\u00e9rlegel\u00e9si jogk\u00f6rrel. Sok v\u00e1s\u00e1rl\u00f3 sz\u00e1m\u00e1ra fontos, hogy <b>legjobb hely az MD-PHP megv\u00e1s\u00e1rl\u00e1s\u00e1ra<\/b> olyan szolg\u00e1ltat\u00f3k felkutat\u00e1s\u00e1val, amelyek <b>MD-PHP elad\u00f3<\/b> aj\u00e1nlat.<\/p>\n<h3><b>Az MD-PHP jogi helyzete<\/b><\/h3>\n<p>A jogszer\u0171s\u00e9g a <b>MD-PHP online rendel\u00e9se<\/b> \u00f6sszetett \u00e9s nagym\u00e9rt\u00e9kben v\u00e1ltoz\u00f3:<\/p>\n<ul>\n<li><b>N\u00e9metorsz\u00e1g \u00e9s Eur\u00f3pa:<\/b> Az MD-PHP gyakran nem szerepel kifejezetten a BtMG I. mell\u00e9klet\u00e9ben, de a k\u00f6vetkez\u0151 kateg\u00f3ri\u00e1kba tartozhat <b>\u00daj pszichoakt\u00edv anyagokr\u00f3l sz\u00f3l\u00f3 t\u00f6rv\u00e9ny (NpSG)<\/b> vagy a <b>Gy\u00f3gyszerk\u00e9sz\u00edtm\u00e9nyekr\u0151l sz\u00f3l\u00f3 t\u00f6rv\u00e9ny<\/b> amely illeg\u00e1liss\u00e1 teszi a birtokl\u00e1st \u00e9s a kereskedelmet.<\/li>\n<li><b>Nemzetk\u00f6zi ellen\u0151rz\u00e9s:<\/b> Az MDPV-vel val\u00f3 szoros kapcsolata \u00e9s a vissza\u00e9l\u00e9s lehet\u0151s\u00e9ge miatt az MD-PHP nemzetk\u00f6zi ellen\u0151rz\u00e9s alatt \u00e1ll.<\/li>\n<\/ul>\n<p>Wer <b>Val\u00f3di vagy hamis\u00edtott MD-PHP rendel\u00e9se<\/b> Ha ezt szeretn\u00e9 megtenni, akkor a k\u00f6vetkez\u0151ket kell tennie <b>Alaposan ellen\u0151rizze<\/b> \u00e9s csak a helyi el\u0151\u00edr\u00e1soknak megfelel\u0151en j\u00e1rhat el.<\/p>\n<h3><b>Hogyan v\u00e1lasszon kiv\u00e1l\u00f3 min\u0151s\u00e9g\u0171 MD-PHP-t?<\/b><\/h3>\n<p>Tekintettel az al\u00e1bbiakban felsorolt <b>V\u00e1s\u00e1roljon val\u00f3di vagy hamis MD-PHP<\/b> a piacon, a term\u00e9k gondos kiv\u00e1laszt\u00e1sa d\u00f6nt\u0151 fontoss\u00e1g\u00fa.<\/p>\n<ul>\n<li><b>Tisztas\u00e1g:<\/b> Ez a legfontosabb krit\u00e9rium. Ford\u00edtson figyelmet a jelenlegi, f\u00fcggetlen <b>Laborat\u00f3riumi elemz\u00e9sek \u00e9s tan\u00fas\u00edtv\u00e1nyok (COA)<\/b>, amelyek meger\u0151s\u00edtik a k\u00e9miai azonoss\u00e1got \u00e9s tisztas\u00e1got.<\/li>\n<li><b>Csomagol\u00e1s:<\/b> Az anyagot biztons\u00e1gos, lez\u00e1rt \u00e9s f\u00e9nyt\u0151l v\u00e9dett csomagol\u00e1sban kell sz\u00e1ll\u00edtani a szennyez\u0151d\u00e9sekt\u0151l \u00e9s a k\u00e9miai boml\u00e1st\u00f3l val\u00f3 v\u00e9delem biztos\u00edt\u00e1sa \u00e9rdek\u00e9ben.<\/li>\n<li><b>\u00c1r-teljes\u00edtm\u00e9ny ar\u00e1ny:<\/b> Hasonl\u00edtsa \u00f6ssze a <b>MD-PHP \u00e1r<\/b> grammonk\u00e9nt vagy adagonk\u00e9nt, de a rendk\u00edv\u00fcl alacsony \u00e1rakkal szemben szkeptikusnak kell lenni, mivel ez a tisztas\u00e1g hi\u00e1ny\u00e1ra utalhat.<\/li>\n<li><b>Keresked\u0151 kiv\u00e1laszt\u00e1sa:<\/b> A <b>A legjobb hely az MD-PHP megv\u00e1s\u00e1rl\u00e1s\u00e1ra<\/b> a vegyi anyagok szakosodott kiskeresked\u0151i, akik elismert h\u00edrn\u00e9vvel \u00e9s \u00e1tl\u00e1that\u00f3 min\u0151s\u00e9gbiztos\u00edt\u00e1si elj\u00e1r\u00e1sokkal rendelkeznek. Az online piacterek gyakran k\u00edn\u00e1lnak olyan term\u00e9keket, mint <b>V\u00e1s\u00e1roljon MD-PHP-t olcs\u00f3n online<\/b>, Ugyanakkor nagyobb a hamis\u00edt\u00e1s kock\u00e1zata.<\/li>\n<\/ul>\n<h2><b>\u00d6sszefoglal\u00e1s<\/b><\/h2>\n<p>Az MD-PHP egy er\u0151s szintetikus stimul\u00e1ns, amelynek kutat\u00e1si hat\u00e1sait intenz\u00edven vizsg\u00e1lj\u00e1k. Ki <b>MD-PHP online v\u00e1s\u00e1rl\u00e1sa<\/b> vagy <b>MD-PHP online v\u00e1s\u00e1rl\u00e1s<\/b> szeretn\u00e9 haszn\u00e1lni a <b>Tisztas\u00e1g<\/b> \u00e9s a <b>Jogszer\u0171s\u00e9g<\/b> \u00f3vatosan, mivel a term\u00e9k jelent\u0151s kock\u00e1zatokat rejt mag\u00e1ban. A piac sz\u00e1mos lehet\u0151s\u00e9get k\u00edn\u00e1l, de a v\u00e1s\u00e1rl\u00e1st mindig megb\u00edzhat\u00f3 szolg\u00e1ltat\u00f3t\u00f3l kell v\u00e9gezni, amelyn\u00e9l <b>Vizsg\u00e1lt min\u0151s\u00e9g<\/b> megt\u00f6rt\u00e9nik<\/p>","protected":false},"excerpt":{"rendered":"<p><strong>MD-PHP<\/strong> kiv\u00e1l\u00f3 min\u0151s\u00e9g\u0171 kutat\u00e1si vegyszer, amely ide\u00e1lis a fejlett k\u00e9miai \u00e9s farmakol\u00f3giai vizsg\u00e1latokhoz. Pontos elemz\u00e9sekre \u00e9s reproduk\u00e1lhat\u00f3 eredm\u00e9nyekre fejlesztett\u00e9k ki.<\/p>","protected":false},"featured_media":7059,"comment_status":"open","ping_status":"closed","template":"","meta":{"_joinchat":[]},"product_brand":[],"product_cat":[49,53],"product_tag":[188,1814,1911,1917,1912,1915,1916,1914,1913,248],"class_list":{"0":"post-7012","1":"product","2":"type-product","3":"status-publish","4":"has-post-thumbnail","6":"product_cat-cathinones","7":"product_cat-dissociatives","8":"product_tag-forschungschemikalien","9":"product_tag-forschungsstoffe-kaufen","10":"product_tag-md-php","11":"product_tag-md-php-chemikalien","12":"product_tag-md-php-kaufen","13":"product_tag-md-php-kristalle","14":"product_tag-md-php-online","15":"product_tag-md-php-pulver","16":"product_tag-md-php-zum-verkauf","17":"product_tag-synthetische-stimulanzien","19":"first","20":"instock","21":"shipping-taxable","22":"purchasable","23":"product-type-variable"},"yoast_head":"<!-- This site is optimized with the Yoast SEO plugin v27.5 - https:\/\/yoast.com\/product\/yoast-seo-wordpress\/ -->\n<title>MD-PHP kaufen | Hochreine Forschungssubstanz online bestellen<\/title>\n<meta name=\"description\" content=\"Erwerben Sie MD-PHP, eine hochwertige Substanz f\u00fcr chemische und pharmakologische Forschung. Perfekt f\u00fcr pr\u00e4zise Analysen in professionellen Laboren.\" \/>\n<meta name=\"robots\" content=\"index, follow, max-snippet:-1, max-image-preview:large, max-video-preview:-1\" \/>\n<link rel=\"canonical\" href=\"https:\/\/chemgramx.com\/hu\/termek-1\/vasarolni-md-php-online\/\" \/>\n<meta property=\"og:locale\" content=\"hu_HU\" \/>\n<meta property=\"og:type\" content=\"article\" \/>\n<meta property=\"og:title\" content=\"MD-PHP kaufen | Hochreine Forschungssubstanz online bestellen\" \/>\n<meta property=\"og:description\" content=\"Erwerben Sie MD-PHP, eine hochwertige Substanz f\u00fcr chemische und pharmakologische Forschung. Perfekt f\u00fcr pr\u00e4zise Analysen in professionellen Laboren.\" \/>\n<meta property=\"og:url\" content=\"https:\/\/chemgramx.com\/hu\/termek-1\/vasarolni-md-php-online\/\" \/>\n<meta property=\"og:site_name\" content=\"Chemgramx\" \/>\n<meta property=\"article:modified_time\" content=\"2025-11-21T14:28:34+00:00\" \/>\n<meta property=\"og:image\" content=\"https:\/\/chemgramx.com\/wp-content\/uploads\/2025\/11\/mdphp.png\" \/>\n\t<meta property=\"og:image:width\" content=\"600\" \/>\n\t<meta property=\"og:image:height\" content=\"400\" \/>\n\t<meta property=\"og:image:type\" content=\"image\/png\" \/>\n<meta name=\"twitter:card\" content=\"summary_large_image\" \/>\n<meta name=\"twitter:label1\" content=\"Becs\u00fclt olvas\u00e1si id\u0151\" \/>\n\t<meta name=\"twitter:data1\" content=\"4 perc\" \/>\n<script type=\"application\/ld+json\" class=\"yoast-schema-graph\">{\"@context\":\"https:\\\/\\\/schema.org\",\"@graph\":[{\"@type\":\"WebPage\",\"@id\":\"https:\\\/\\\/chemgramx.com\\\/product\\\/md-php-online-kaufen\\\/\",\"url\":\"https:\\\/\\\/chemgramx.com\\\/product\\\/md-php-online-kaufen\\\/\",\"name\":\"MD-PHP kaufen | Hochreine Forschungssubstanz online bestellen\",\"isPartOf\":{\"@id\":\"https:\\\/\\\/chemgramx.com\\\/#website\"},\"primaryImageOfPage\":{\"@id\":\"https:\\\/\\\/chemgramx.com\\\/product\\\/md-php-online-kaufen\\\/#primaryimage\"},\"image\":{\"@id\":\"https:\\\/\\\/chemgramx.com\\\/product\\\/md-php-online-kaufen\\\/#primaryimage\"},\"thumbnailUrl\":\"https:\\\/\\\/chemgramx.com\\\/wp-content\\\/uploads\\\/2025\\\/11\\\/mdphp.png\",\"datePublished\":\"2025-11-21T11:11:35+00:00\",\"dateModified\":\"2025-11-21T14:28:34+00:00\",\"description\":\"Erwerben Sie MD-PHP, eine hochwertige Substanz f\u00fcr chemische und pharmakologische Forschung. Perfekt f\u00fcr pr\u00e4zise Analysen in professionellen Laboren.\",\"breadcrumb\":{\"@id\":\"https:\\\/\\\/chemgramx.com\\\/product\\\/md-php-online-kaufen\\\/#breadcrumb\"},\"inLanguage\":\"hu\",\"potentialAction\":[{\"@type\":\"ReadAction\",\"target\":[\"https:\\\/\\\/chemgramx.com\\\/product\\\/md-php-online-kaufen\\\/\"]}]},{\"@type\":\"ImageObject\",\"inLanguage\":\"hu\",\"@id\":\"https:\\\/\\\/chemgramx.com\\\/product\\\/md-php-online-kaufen\\\/#primaryimage\",\"url\":\"https:\\\/\\\/chemgramx.com\\\/wp-content\\\/uploads\\\/2025\\\/11\\\/mdphp.png\",\"contentUrl\":\"https:\\\/\\\/chemgramx.com\\\/wp-content\\\/uploads\\\/2025\\\/11\\\/mdphp.png\",\"width\":600,\"height\":400},{\"@type\":\"BreadcrumbList\",\"@id\":\"https:\\\/\\\/chemgramx.com\\\/product\\\/md-php-online-kaufen\\\/#breadcrumb\",\"itemListElement\":[{\"@type\":\"ListItem\",\"position\":1,\"name\":\"Home\",\"item\":\"https:\\\/\\\/chemgramx.com\\\/\"},{\"@type\":\"ListItem\",\"position\":2,\"name\":\"Shop\",\"item\":\"https:\\\/\\\/chemgramx.com\\\/shop\\\/\"},{\"@type\":\"ListItem\",\"position\":3,\"name\":\"MD-PHP Online Kaufen\"}]},{\"@type\":\"WebSite\",\"@id\":\"https:\\\/\\\/chemgramx.com\\\/#website\",\"url\":\"https:\\\/\\\/chemgramx.com\\\/\",\"name\":\"Chemgramx\",\"description\":\"\",\"publisher\":{\"@id\":\"https:\\\/\\\/chemgramx.com\\\/#organization\"},\"potentialAction\":[{\"@type\":\"SearchAction\",\"target\":{\"@type\":\"EntryPoint\",\"urlTemplate\":\"https:\\\/\\\/chemgramx.com\\\/?s={search_term_string}\"},\"query-input\":{\"@type\":\"PropertyValueSpecification\",\"valueRequired\":true,\"valueName\":\"search_term_string\"}}],\"inLanguage\":\"hu\"},{\"@type\":\"Organization\",\"@id\":\"https:\\\/\\\/chemgramx.com\\\/#organization\",\"name\":\"Chemgramx\",\"url\":\"https:\\\/\\\/chemgramx.com\\\/\",\"logo\":{\"@type\":\"ImageObject\",\"inLanguage\":\"hu\",\"@id\":\"https:\\\/\\\/chemgramx.com\\\/#\\\/schema\\\/logo\\\/image\\\/\",\"url\":\"https:\\\/\\\/chemgramx.com\\\/wp-content\\\/uploads\\\/2024\\\/10\\\/final-logo.png\",\"contentUrl\":\"https:\\\/\\\/chemgramx.com\\\/wp-content\\\/uploads\\\/2024\\\/10\\\/final-logo.png\",\"width\":250,\"height\":48,\"caption\":\"Chemgramx\"},\"image\":{\"@id\":\"https:\\\/\\\/chemgramx.com\\\/#\\\/schema\\\/logo\\\/image\\\/\"}}]}<\/script>\n<!-- \/ Yoast SEO plugin. -->","yoast_head_json":{"title":"MD-PHP v\u00e1s\u00e1rl\u00e1sa | Rendeljen nagy tisztas\u00e1g\u00fa kutat\u00e1si anyagot online","description":"V\u00e1s\u00e1roljon MD-PHP-t, egy kiv\u00e1l\u00f3 min\u0151s\u00e9g\u0171 anyagot k\u00e9miai \u00e9s farmakol\u00f3giai kutat\u00e1sokhoz. T\u00f6k\u00e9letes a professzion\u00e1lis laborat\u00f3riumokban v\u00e9gzett prec\u00edz elemz\u00e9sekhez.","robots":{"index":"index","follow":"follow","max-snippet":"max-snippet:-1","max-image-preview":"max-image-preview:large","max-video-preview":"max-video-preview:-1"},"canonical":"https:\/\/chemgramx.com\/hu\/termek-1\/vasarolni-md-php-online\/","og_locale":"hu_HU","og_type":"article","og_title":"MD-PHP kaufen | Hochreine Forschungssubstanz online bestellen","og_description":"Erwerben Sie MD-PHP, eine hochwertige Substanz f\u00fcr chemische und pharmakologische Forschung. Perfekt f\u00fcr pr\u00e4zise Analysen in professionellen Laboren.","og_url":"https:\/\/chemgramx.com\/hu\/termek-1\/vasarolni-md-php-online\/","og_site_name":"Chemgramx","article_modified_time":"2025-11-21T14:28:34+00:00","og_image":[{"width":600,"height":400,"url":"https:\/\/chemgramx.com\/wp-content\/uploads\/2025\/11\/mdphp.png","type":"image\/png"}],"twitter_card":"summary_large_image","twitter_misc":{"Becs\u00fclt olvas\u00e1si id\u0151":"4 perc"},"schema":{"@context":"https:\/\/schema.org","@graph":[{"@type":"WebPage","@id":"https:\/\/chemgramx.com\/product\/md-php-online-kaufen\/","url":"https:\/\/chemgramx.com\/product\/md-php-online-kaufen\/","name":"MD-PHP v\u00e1s\u00e1rl\u00e1sa | Rendeljen nagy tisztas\u00e1g\u00fa kutat\u00e1si anyagot online","isPartOf":{"@id":"https:\/\/chemgramx.com\/#website"},"primaryImageOfPage":{"@id":"https:\/\/chemgramx.com\/product\/md-php-online-kaufen\/#primaryimage"},"image":{"@id":"https:\/\/chemgramx.com\/product\/md-php-online-kaufen\/#primaryimage"},"thumbnailUrl":"https:\/\/chemgramx.com\/wp-content\/uploads\/2025\/11\/mdphp.png","datePublished":"2025-11-21T11:11:35+00:00","dateModified":"2025-11-21T14:28:34+00:00","description":"V\u00e1s\u00e1roljon MD-PHP-t, egy kiv\u00e1l\u00f3 min\u0151s\u00e9g\u0171 anyagot k\u00e9miai \u00e9s farmakol\u00f3giai kutat\u00e1sokhoz. T\u00f6k\u00e9letes a professzion\u00e1lis laborat\u00f3riumokban v\u00e9gzett prec\u00edz elemz\u00e9sekhez.","breadcrumb":{"@id":"https:\/\/chemgramx.com\/product\/md-php-online-kaufen\/#breadcrumb"},"inLanguage":"hu","potentialAction":[{"@type":"ReadAction","target":["https:\/\/chemgramx.com\/product\/md-php-online-kaufen\/"]}]},{"@type":"ImageObject","inLanguage":"hu","@id":"https:\/\/chemgramx.com\/product\/md-php-online-kaufen\/#primaryimage","url":"https:\/\/chemgramx.com\/wp-content\/uploads\/2025\/11\/mdphp.png","contentUrl":"https:\/\/chemgramx.com\/wp-content\/uploads\/2025\/11\/mdphp.png","width":600,"height":400},{"@type":"BreadcrumbList","@id":"https:\/\/chemgramx.com\/product\/md-php-online-kaufen\/#breadcrumb","itemListElement":[{"@type":"ListItem","position":1,"name":"Home","item":"https:\/\/chemgramx.com\/"},{"@type":"ListItem","position":2,"name":"Shop","item":"https:\/\/chemgramx.com\/shop\/"},{"@type":"ListItem","position":3,"name":"MD-PHP Online Kaufen"}]},{"@type":"WebSite","@id":"https:\/\/chemgramx.com\/#website","url":"https:\/\/chemgramx.com\/","name":"Chemgramx","description":"","publisher":{"@id":"https:\/\/chemgramx.com\/#organization"},"potentialAction":[{"@type":"SearchAction","target":{"@type":"EntryPoint","urlTemplate":"https:\/\/chemgramx.com\/?s={search_term_string}"},"query-input":{"@type":"PropertyValueSpecification","valueRequired":true,"valueName":"search_term_string"}}],"inLanguage":"hu"},{"@type":"Organization","@id":"https:\/\/chemgramx.com\/#organization","name":"Chemgramx","url":"https:\/\/chemgramx.com\/","logo":{"@type":"ImageObject","inLanguage":"hu","@id":"https:\/\/chemgramx.com\/#\/schema\/logo\/image\/","url":"https:\/\/chemgramx.com\/wp-content\/uploads\/2024\/10\/final-logo.png","contentUrl":"https:\/\/chemgramx.com\/wp-content\/uploads\/2024\/10\/final-logo.png","width":250,"height":48,"caption":"Chemgramx"},"image":{"@id":"https:\/\/chemgramx.com\/#\/schema\/logo\/image\/"}}]}},"_links":{"self":[{"href":"https:\/\/chemgramx.com\/hu\/wp-json\/wp\/v2\/product\/7012","targetHints":{"allow":["GET"]}}],"collection":[{"href":"https:\/\/chemgramx.com\/hu\/wp-json\/wp\/v2\/product"}],"about":[{"href":"https:\/\/chemgramx.com\/hu\/wp-json\/wp\/v2\/types\/product"}],"replies":[{"embeddable":true,"href":"https:\/\/chemgramx.com\/hu\/wp-json\/wp\/v2\/comments?post=7012"}],"wp:featuredmedia":[{"embeddable":true,"href":"https:\/\/chemgramx.com\/hu\/wp-json\/wp\/v2\/media\/7059"}],"wp:attachment":[{"href":"https:\/\/chemgramx.com\/hu\/wp-json\/wp\/v2\/media?parent=7012"}],"wp:term":[{"taxonomy":"product_brand","embeddable":true,"href":"https:\/\/chemgramx.com\/hu\/wp-json\/wp\/v2\/product_brand?post=7012"},{"taxonomy":"product_cat","embeddable":true,"href":"https:\/\/chemgramx.com\/hu\/wp-json\/wp\/v2\/product_cat?post=7012"},{"taxonomy":"product_tag","embeddable":true,"href":"https:\/\/chemgramx.com\/hu\/wp-json\/wp\/v2\/product_tag?post=7012"}],"curies":[{"name":"wp","href":"https:\/\/api.w.org\/{rel}","templated":true}]}}