{"id":7217,"date":"2025-11-21T11:13:35","date_gmt":"2025-11-21T11:13:35","guid":{"rendered":"https:\/\/chemgramx.com\/?post_type=product&#038;p=7217"},"modified":"2025-12-09T08:07:32","modified_gmt":"2025-12-09T08:07:32","slug":"vasarlas-1d-lsd-225mcg-pellet","status":"publish","type":"product","link":"https:\/\/chemgramx.com\/hu\/product\/1d-lsd-225mcg-pellets-kaufen\/","title":{"rendered":"1D-LSD 225mcg pellet megv\u00e1s\u00e1rl\u00e1sa"},"content":{"rendered":"<p>A <b>1D-LSD 225mcg pellet<\/b> egy magasan specializ\u00e1lt \u00e9s pontosan adagolt reagens\u00e9t k\u00e9pviselik a <b>1D-lizergsav-dietilamidok<\/b>. Ezt a term\u00e9ket \u00fagy tervezt\u00e9k, hogy megfeleljen a legszigor\u00fabb k\u00f6vetelm\u00e9nyeknek a <b>analitikai k\u00e9mia, farmakol\u00f3gia \u00e9s neurobiol\u00f3gia<\/b> hogy igazs\u00e1got tegyen ennek. Az adagol\u00e1si forma, mint <b>Mikrotabletta<\/b> lehet\u0151v\u00e9 teszi a pontos, reproduk\u00e1lhat\u00f3 kezel\u00e9st \u00e9s alkalmaz\u00e1st, ami elengedhetetlen a k\u00f6vetkez\u0151kh\u00f6z <b>min\u0151s\u00edtett kutat\u00e1si projektek<\/b> elengedhetetlen. Fontos hangs\u00falyozni, hogy ez az anyag <b>kiz\u00e1r\u00f3lag tudom\u00e1nyos elemz\u00e9sekhez<\/b> \u00e9s az emberek vagy \u00e1llatok \u00e1ltali fogyaszt\u00e1sa szigor\u00faan tilos.<\/p>\n<p>A pellet az olyan laborat\u00f3riumok \u00e9s tudom\u00e1nyos int\u00e9zetek prefer\u00e1lt v\u00e1laszt\u00e1sa, amelyek kompromisszumok n\u00e9lk\u00fcli szabv\u00e1nyokat k\u00f6vetelnek meg a k\u00f6vetkez\u0151k tekintet\u00e9ben <b>Tisztas\u00e1g, adagol\u00e1si pontoss\u00e1g \u00e9s t\u00e9telek konzisztenci\u00e1ja<\/b> kereslet. A garant\u00e1lt adag <b>225 mikrogramm <span class=\"math-inline\" data-math=\"text{mcg}\">mcg<\/span>\u00a0pelletenk\u00e9nt<\/b> stabil alapot biztos\u00edtanak mindenf\u00e9le <i>In vitro<\/i>-tanulm\u00e1nyok, m\u00f3dszer-\u00f6sszehasonl\u00edt\u00e1sok \u00e9s stabilit\u00e1skutat\u00e1s. Az anyag megv\u00e1s\u00e1rl\u00e1s\u00e1val a kutat\u00f3int\u00e9zetek v\u00e1llalj\u00e1k, hogy betartj\u00e1k az \u00f6sszes vonatkoz\u00f3 biztons\u00e1gi \u00e9s jogi el\u0151\u00edr\u00e1st.<\/p>\n<h2>R\u00e9szletes term\u00e9kinform\u00e1ci\u00f3k \u00e9s analitikai specifik\u00e1ci\u00f3k<\/h2>\n<p>Minden komoly tudom\u00e1nyos kutat\u00e1s alapja a felhaszn\u00e1lt anyag megb\u00edzhat\u00f3s\u00e1ga. A mi <b>1D-LSD pellet<\/b> a legszigor\u00fabb laborat\u00f3riumi k\u00f6r\u00fclm\u00e9nyek k\u00f6z\u00f6tt k\u00e9sz\u00fclnek a legmagasabb analitikai integrit\u00e1s biztos\u00edt\u00e1sa \u00e9rdek\u00e9ben.<\/p>\n<h3>Analitikai el\u0151\u00edr\u00e1sok \u00e9s tisztas\u00e1gi garancia<\/h3>\n<ul>\n<li><b>Anyagmegjel\u00f6l\u00e9s:<\/b> 1D-lizergsav-dietilamid (1D-LSD). A k\u00e9miai azonoss\u00e1got teljes m\u00e9rt\u00e9kben meger\u0151s\u00edtett\u00e9k a helyes tudom\u00e1nyos dokument\u00e1ci\u00f3 \u00e9rdek\u00e9ben.<\/li>\n<li><b>Adagol\u00e1si forma:<\/b> <b>Mikrotabletta pellet<\/b>. Ez a szil\u00e1rd forma kiv\u00e1l\u00f3 stabilit\u00e1st \u00e9s adagol\u00e1si pontoss\u00e1got biztos\u00edt a foly\u00e9kony oldatokhoz vagy a blotterekhez k\u00e9pest.<\/li>\n<li><b>Adagol\u00e1s:<\/b> <b>225mcg <\/b>pelletenk\u00e9nt. Ez a nagy adagol\u00e1si pontoss\u00e1g minimaliz\u00e1lja a k\u00eds\u00e9rleti hib\u00e1kat \u00e9s lehet\u0151v\u00e9 teszi a pontos adagol\u00e1st. <b>Adagol\u00e1si vizsg\u00e1latok<\/b>.<\/li>\n<li><b>Tisztas\u00e1gi fok:<\/b> Garant\u00e1ltan <b><span class=\"math-inline\" data-math=\"geq 98%\">98%<\/span>Tisztas\u00e1g<\/b> a hat\u00f3anyag. Az ellen\u0151rz\u00e9st a k\u00f6vetkez\u0151kkel v\u00e9gzik <b>Nagy teljes\u00edtm\u00e9ny\u0171 folyad\u00e9kkromatogr\u00e1fia (HPLC)<\/b>, a relev\u00e1ns szennyez\u0151d\u00e9sek hi\u00e1ny\u00e1nak biztos\u00edt\u00e1sa \u00e9rdek\u00e9ben.<\/li>\n<li><b>Stabilit\u00e1s:<\/b> A microtableted forma egy <b>Optim\u00e1lis stabilit\u00e1s<\/b>, k\u00fcl\u00f6n\u00f6sen, ha betartj\u00e1k a javasolt h\u0171tve t\u00e1rol\u00e1s el\u0151\u00edr\u00e1sait.<\/li>\n<\/ul>\n<h3>Min\u0151s\u00e9gi jellemz\u0151k a maxim\u00e1lis kutat\u00e1si megb\u00edzhat\u00f3s\u00e1g \u00e9rdek\u00e9ben<\/h3>\n<p>A legmagasabb min\u0151s\u00e9gi k\u00f6vetelm\u00e9nyek betart\u00e1sa a mi hozz\u00e1j\u00e1rul\u00e1sunk a tudom\u00e1nyos kiv\u00e1l\u00f3s\u00e1ghoz:<\/p>\n<ol start=\"1\">\n<li><b>Pontos adagol\u00e1sszab\u00e1lyoz\u00e1s:<\/b> A tablett\u00e1z\u00e1si folyamat egy rendk\u00edv\u00fcl <b>A hat\u00f3anyagok egyenletes eloszl\u00e1sa<\/b> a pelletben. Ez a reproduk\u00e1lhat\u00f3 vizsg\u00e1lati eredm\u00e9nyek kulcsa.<\/li>\n<li><b>Analitikai dokument\u00e1ci\u00f3:<\/b> Minden egyes sz\u00e1ll\u00edtm\u00e1nyt egy <b>teljes analitikai tan\u00fas\u00edtv\u00e1ny<\/b> k\u00eds\u00e9rt. Ez a dokumentum minden sz\u00fcks\u00e9ges inform\u00e1ci\u00f3t megad a kutat\u00f3knak a tisztas\u00e1gr\u00f3l, a koncentr\u00e1ci\u00f3r\u00f3l \u00e9s az analitikai m\u00f3dszerr\u0151l.<\/li>\n<li><b>A t\u00e9telek konzisztenci\u00e1ja:<\/b> Garant\u00e1ljuk a magas <b>A min\u0151s\u00e9g megism\u00e9telhet\u0151s\u00e9ge<\/b> a t\u00e9telek k\u00f6z\u00f6tt. Ez kulcsfontoss\u00e1g\u00fa a hossz\u00fa t\u00e1v\u00fa vizsg\u00e1latok \u00e9s a k\u00fcl\u00f6nb\u00f6z\u0151 kutat\u00e1si projektek adatainak \u00f6sszehasonl\u00edt\u00e1sa szempontj\u00e1b\u00f3l.<\/li>\n<li><b>\u00c1tfog\u00f3 stabilit\u00e1si adatok:<\/b> Vannak <b>Legal\u00e1bb 24 h\u00f3napos dokument\u00e1lt lej\u00e1rati id\u0151<\/b> ha megfelel\u0151en t\u00e1rolj\u00e1k a <span class=\"math-inline\" data-math=\"8^circtext{C}\">8<\/span>\u00a0el\u0151zetesen. Ez lehet\u0151v\u00e9 teszi a kutat\u00e1si projektek megb\u00edzhat\u00f3 tervez\u00e9s\u00e9t.<\/li>\n<\/ol>\n<h2>Kutat\u00e1si alkalmaz\u00e1sok \u00e9s felhaszn\u00e1l\u00e1si ter\u00fcletek a laborat\u00f3riumban<\/h2>\n<p>A <b>1D-LSD 225mcg pellet<\/b> sokoldal\u00fa eszk\u00f6z a lizergamidok \u00e9s sz\u00e1rmaz\u00e9kaik elemz\u00e9s\u00e9re szakosodott laborat\u00f3riumok sz\u00e1m\u00e1ra. Alkalmaz\u00e1si ter\u00fclet\u00fck egy\u00e9rtelm\u0171en meghat\u00e1rozott \u00e9s tiszt\u00e1n analitikai jelleg\u0171.<\/p>\n<h3>A kutat\u00e1si anyag lehets\u00e9ges alkalmaz\u00e1si ter\u00fcletei<\/h3>\n<ul>\n<li><b>Adagol\u00e1si vizsg\u00e1latok:<\/b> A pontos d\u00f3zis lehet\u0151v\u00e9 teszi a kutat\u00f3k sz\u00e1m\u00e1ra, hogy pontosan <a href=\"\/product\/kaufen-sie-black-tar-heroin-online\/\"><b>A hat\u00f3anyagok alkalmaz\u00e1sa<\/b> <\/a>komplexen <i>In vitro<\/i> \u00e9s <i>Ex-vivo<\/i> modellek, p\u00e9ld\u00e1ul a receptorok k\u00f6t\u0151d\u00e9s\u00e9nek vizsg\u00e1lat\u00e1hoz.<\/li>\n<li><b>Stabilit\u00e1skutat\u00e1s:<\/b> C\u00e9lzott <b>Eltarthat\u00f3s\u00e1gi vizsg\u00e1latok<\/b> v\u00e1ltoz\u00f3 \u00e9ghajlati k\u00f6r\u00fclm\u00e9nyek k\u00f6z\u00f6tt (f\u00e9ny, h\u0151, p\u00e1ratartalom) az anyag leboml\u00e1si kinetik\u00e1j\u00e1nak vizsg\u00e1lata \u00e9s a t\u00e1rol\u00e1si aj\u00e1nl\u00e1sok optimaliz\u00e1l\u00e1sa \u00e9rdek\u00e9ben.<\/li>\n<li><b>\u00d6sszehasonl\u00edt\u00f3 elemz\u00e9sek:<\/b> Referenciastandardk\u00e9nt val\u00f3 felhaszn\u00e1l\u00e1s a k\u00f6vetkez\u0151kh\u00f6z <b>M\u00f3dszer-\u00f6sszehasonl\u00edt\u00e1sok<\/b> toxikol\u00f3gia vagy t\u00f6rv\u00e9nysz\u00e9ki k\u00e9mia. K\u00fcl\u00f6n\u00f6sen fontosak a k\u00f6vetkez\u0151k <b>\u00d6sszehasonl\u00edt\u00e1sok m\u00e1s lizergamidokkal<\/b> mint p\u00e9ld\u00e1ul az 1P-LSD, 1B-LSD vagy maga az LSD, hogy \u00f6sszehasonl\u00edthassuk k\u00e9miai \u00e9s analitikai profiljukat.<\/li>\n<li><b>Anyagi tulajdons\u00e1gok:<\/b> Fizikai <b>A pellet alakj\u00e1nak jellemz\u00e9se<\/b>, bele\u00e9rtve a dezintegr\u00e1ci\u00f3s tulajdons\u00e1gokat, az old\u00f3d\u00e1si sebess\u00e9get \u00e9s a hat\u00f3anyag m\u00e1trixb\u00f3l val\u00f3 felszabadul\u00e1si profilj\u00e1t.<\/li>\n<li><b>Metabolit- \u00e9s anyagcsere-kutat\u00e1s:<\/b> Az 1D-LSD potenci\u00e1lis metabolitjaiv\u00e1 t\u00f6rt\u00e9n\u0151 k\u00e9miai \u00e1talakul\u00e1s\u00e1nak vizsg\u00e1lata megfelel\u0151 <i>In vitro<\/i>-rendszerek.<\/li>\n<\/ul>\n<h2>Biztons\u00e1g, jogi megfelel\u00e9s \u00e9s optim\u00e1lis t\u00e1rol\u00e1s<\/h2>\n<p>Az al\u00e1bbiak kezel\u00e9se <b>1D-LSD<\/b> mint nagy tisztas\u00e1g\u00fa kutat\u00e1si vegyszer, szigor\u00fa biztons\u00e1gi k\u00f6vetelm\u00e9nyekkel j\u00e1r. A tudom\u00e1nyos m\u0171veletekhez k\u00f6telez\u0151 a protokollok \u00e9s a t\u00f6rv\u00e9nyek betart\u00e1sa.<\/p>\n<h3>Fontos \u00f3vint\u00e9zked\u00e9sek \u00e9s laborat\u00f3riumi v\u00e9delem<\/h3>\n<ul>\n<li><b>Kiz\u00e1r\u00f3lag kutat\u00e1si c\u00e9lokra:<\/b> A pelleteket szigor\u00faan tilos a kutat\u00e1si protokollban meghat\u00e1rozottakt\u00f3l elt\u00e9r\u0151 tudom\u00e1nyos elemz\u00e9sre felhaszn\u00e1lni.<\/li>\n<li><b>Ellen\u0151rz\u00f6tt laborat\u00f3riumi k\u00f6r\u00fclm\u00e9nyek:<\/b> A kezel\u00e9s a <b>1D-LSD pellet<\/b> kell <b>kiz\u00e1r\u00f3lag enged\u00e9lyezett, ellen\u0151rz\u00f6tt laborat\u00f3riumi l\u00e9tes\u00edtm\u00e9nyekben<\/b> ide\u00e1lis esetben egy f\u00fcstszekr\u00e9nyben vagy biztons\u00e1gi szekr\u00e9nyben.<\/li>\n<li><b>K\u00f6telez\u0151 v\u00e9d\u0151felszerel\u00e9s:<\/b> Elengedhetetlen, hogy a tudom\u00e1nyos szem\u00e9lyzet <b>Keszty\u0171 \u00e9s v\u00e9d\u0151szem\u00fcveg<\/b> a nagy tisztas\u00e1g\u00fa anyaggal val\u00f3 k\u00f6zvetlen \u00e9rintkez\u00e9s \u00e9s expoz\u00edci\u00f3 megakad\u00e1lyoz\u00e1sa \u00e9rdek\u00e9ben.<\/li>\n<li><b>Jogi megfelel\u00e9s:<\/b> A kutat\u00f3szervezetnek <b>Az \u00f6sszes helyi \u00e9s nemzeti t\u00f6rv\u00e9ny \u00e9s rendelet betart\u00e1sa<\/b> a kutat\u00e1si vegyi anyagok \u00e9s a lizergamidok tekintet\u00e9ben.<\/li>\n<\/ul>\n<h3>Optim\u00e1lis t\u00e1rol\u00e1si k\u00f6r\u00fclm\u00e9nyek a maxim\u00e1lis eltarthat\u00f3s\u00e1g \u00e9rdek\u00e9ben<\/h3>\n<p>Az 1D-LSD stabilit\u00e1sa \u00e9rz\u00e9keny a f\u00e9nyre \u00e9s a h\u0151re. Az al\u00e1bbi aj\u00e1nl\u00e1soknak megfelel\u0151 helyes t\u00e1rol\u00e1s d\u00f6nt\u0151 fontoss\u00e1g\u00fa a kutat\u00e1si anyag s\u00e9rtetlens\u00e9ge szempontj\u00e1b\u00f3l:<\/p>\n<ul>\n<li><b>H\u0151m\u00e9rs\u00e9klet-szab\u00e1lyoz\u00e1s:<\/b> A pelletet a k\u00f6vetkez\u0151 h\u0151m\u00e9rs\u00e9kleten kell leh\u0171teni <b><span class=\"math-inline\" data-math=\"2-8^circtext{C}\">2-8{C}<\/span>\u00a0(H\u0171t\u0151szekr\u00e9ny)<\/b> t\u00e1rolni kell.<\/li>\n<li><b>Nedvess\u00e9gszab\u00e1lyoz\u00e1s:<\/b> T\u00e1rol\u00e1s egy <b>sz\u00e1raz k\u00f6rnyezet<\/b> <span class=\"math-inline\" data-math=\"&lt;60%\">&lt;60%<\/span>\u00a0relat\u00edv p\u00e1ratartalom) elengedhetetlen a hidrol\u00edzis megakad\u00e1lyoz\u00e1s\u00e1hoz.<\/li>\n<li><b>F\u00e9nyv\u00e9delem:<\/b> A pelletnek <b>\u00e1tl\u00e1tszatlan tart\u00e1lyokban<\/b> \u00e9s v\u00e9dve a k\u00f6zvetlen napf\u00e9nyt\u0151l.<\/li>\n<li><b>Eredeti csomagol\u00e1s:<\/b> Az anyagot addig kell t\u00e1rolni, am\u00edg k\u00f6zvetlen\u00fcl fel nem haszn\u00e1lj\u00e1k a <b>Eredeti csomagol\u00e1s<\/b> a szennyez\u0151d\u00e9s megel\u0151z\u00e9se \u00e9rdek\u00e9ben.<\/li>\n<\/ul>\n<h2>Megrendel\u00e9si inform\u00e1ci\u00f3k \u00e9s szigor\u00fa v\u00e1s\u00e1rl\u00e1si k\u00f6vetelm\u00e9nyek<\/h2>\n<p>Az al\u00e1bbiak megv\u00e1s\u00e1rl\u00e1sa <b>1D-LSD 225mcg pellet<\/b> szigor\u00faan szab\u00e1lyozott, \u00e9s a vissza\u00e9l\u00e9sek megel\u0151z\u00e9se \u00e9rdek\u00e9ben a v\u00e1s\u00e1rl\u00f3 tudom\u00e1nyos k\u00e9pzetts\u00e9g\u00e9nek igazol\u00e1s\u00e1ra van sz\u00fcks\u00e9g.<\/p>\n<h3>A tudom\u00e1nyos kutat\u00e1s sz\u00e1m\u00e1ra rendelkez\u00e9sre \u00e1ll\u00f3 mennyis\u00e9gek<\/h3>\n<p>A k\u00fcl\u00f6nb\u00f6z\u0151 kutat\u00e1si ig\u00e9nyek kiel\u00e9g\u00edt\u00e9s\u00e9re a pelletmennyis\u00e9get l\u00e9pcs\u0151zetesen k\u00edn\u00e1ljuk:<\/p>\n<ul>\n<li><b>Kutat\u00e1si minta:<\/b> 5 pellet - Ide\u00e1lis k\u00eds\u00e9rleti tesztekhez \u00e9s m\u00f3dszerfejleszt\u00e9shez.<\/li>\n<li><b>Kis csomag:<\/b> 10 pellet - Speci\u00e1lis egyedi vizsg\u00e1latokhoz.<\/li>\n<li><b>Standard csomagol\u00e1s:<\/b> 25 pellet - Alkalmas folyamatban l\u00e9v\u0151, kisebb kutat\u00e1si projektekhez.<\/li>\n<li><b>T\u00f6megcsomagol\u00e1s:<\/b> 100 pellet - Kiterjedt tanulm\u00e1nyokhoz \u00e9s \u00f6sszehasonl\u00edt\u00e1sokhoz.<\/li>\n<\/ul>\n<h3>\u00a0Sz\u00fcks\u00e9ges rendel\u00e9si k\u00f6vetelm\u00e9nyek<\/h3>\n<ol start=\"1\">\n<li><b>A kutat\u00e1si szervezet igazol\u00e1sa:<\/b> Csak akkredit\u00e1lt <b>Kutat\u00f3int\u00e9zetek, egyetemek vagy tan\u00fas\u00edtott elemz\u0151k\u00f6zpontok<\/b> jogosultak megv\u00e1s\u00e1rolni.<\/li>\n<li><b>A rendeltet\u00e9sszer\u0171 haszn\u00e1lat igazol\u00e1sa:<\/b> Kell lennie egy \u00edr\u00e1sos, <b>A kutat\u00e1si projekt tudom\u00e1nyos le\u00edr\u00e1sa<\/b> A v\u00e1llalat r\u00e9szletes jelent\u00e9st ny\u00fajt be az 1D-LSD pellet tervezett felhaszn\u00e1l\u00e1s\u00e1r\u00f3l.<\/li>\n<li><b>A biztons\u00e1gi ismeretek meger\u0151s\u00edt\u00e9se:<\/b> Az ismeretek form\u00e1lis meger\u0151s\u00edt\u00e9se \u00e9s <b>A biztons\u00e1gi protokollok v\u00e9grehajt\u00e1sa<\/b> \u00e9s a tudom\u00e1nyos szem\u00e9lyzet k\u00e9pzetts\u00e9ge k\u00f6telez\u0151.<\/li>\n<\/ol>\n<h2>Jogi nyilatkozat<\/h2>\n<p>Ezt a term\u00e9ket kiz\u00e1r\u00f3lag <b>Kutat\u00e1si anyag<\/b> elosztva. A vev\u0151 a v\u00e1s\u00e1rl\u00e1ssal meger\u0151s\u00edti az al\u00e1bbi pontok korl\u00e1tlan betart\u00e1s\u00e1t:<\/p>\n<ul>\n<li>A <b>Kiz\u00e1r\u00f3lag leg\u00e1lis, enged\u00e9lyezett kutat\u00e1si k\u00f6rnyezetben haszn\u00e1lhat\u00f3<\/b>.<\/li>\n<li>A <b>Az \u00f6sszes alkalmazand\u00f3 t\u00f6rv\u00e9ny \u00e9s rendelet betart\u00e1sa<\/b> a kutat\u00e1si c\u00e9l\u00fa vegyi anyagok birtokl\u00e1s\u00e1ra \u00e9s kezel\u00e9s\u00e9re vonatkoz\u00f3 nemzeti jogszab\u00e1lyok.<\/li>\n<li>A <b>Megfelel\u0151 biztons\u00e1gi int\u00e9zked\u00e9sek v\u00e9grehajt\u00e1sa<\/b> a kock\u00e1zat minimaliz\u00e1l\u00e1sa \u00e9rdek\u00e9ben.<\/li>\n<li>A <b>Enged\u00e9ly n\u00e9lk\u00fcli haszn\u00e1lat tilalma<\/b>, bele\u00e9rtve az emberi vagy \u00e1llati fogyaszt\u00e1st is, szigor\u00faan betartj\u00e1k.<\/li>\n<\/ul>","protected":false},"excerpt":{"rendered":"<p>V\u00e1s\u00e1roljon 1D-LSD 225mcg pelletet: Kutat\u00e1si vegyszer egyenletesen adagolt pelletekben a pontos tudom\u00e1nyos munk\u00e1hoz. Kiz\u00e1r\u00f3lag kutat\u00e1si c\u00e9lokra laborat\u00f3riumi k\u00f6rnyezetben.<\/p>","protected":false},"featured_media":7243,"comment_status":"open","ping_status":"closed","template":"","meta":{"_joinchat":[]},"product_brand":[],"product_cat":[43,55],"product_tag":[2868,3110,3088,2907,2908,3086,3111,3084,3074,3087],"class_list":{"0":"post-7217","1":"product","2":"type-product","3":"status-publish","4":"has-post-thumbnail","6":"product_cat-chemgramx","7":"product_cat-lysergamides","8":"product_tag-1d-lsd","9":"product_tag-225mcg","10":"product_tag-dosierungsstudien","11":"product_tag-forschungschemikalie","12":"product_tag-laborbedarf","13":"product_tag-laborforschung","14":"product_tag-lysergamid","15":"product_tag-pellets","16":"product_tag-research-chemical","17":"product_tag-wissenschaftliche-analyse","19":"first","20":"instock","21":"shipping-taxable","22":"purchasable","23":"product-type-variable"},"yoast_head":"<!-- This site is optimized with the Yoast SEO plugin v27.5 - https:\/\/yoast.com\/product\/yoast-seo-wordpress\/ -->\n<title>1D-LSD Pellets Kaufen | 225mcg | Research Chemical<\/title>\n<meta name=\"description\" content=\"1D-LSD 225mcg Pellets kaufen - Forschungschemikalie in pelletierter Form. F\u00fcr wissenschaftliche Analysen. Laborgepr\u00fcft &amp; diskret.\" \/>\n<meta name=\"robots\" content=\"index, follow, max-snippet:-1, max-image-preview:large, max-video-preview:-1\" \/>\n<link rel=\"canonical\" href=\"https:\/\/chemgramx.com\/hu\/termek-1\/vasarlas-1d-lsd-225mcg-pellet\/\" \/>\n<meta property=\"og:locale\" content=\"hu_HU\" \/>\n<meta property=\"og:type\" content=\"article\" \/>\n<meta property=\"og:title\" content=\"1D-LSD Pellets Kaufen | 225mcg | Research Chemical\" \/>\n<meta property=\"og:description\" content=\"1D-LSD 225mcg Pellets kaufen - Forschungschemikalie in pelletierter Form. F\u00fcr wissenschaftliche Analysen. Laborgepr\u00fcft &amp; diskret.\" \/>\n<meta property=\"og:url\" content=\"https:\/\/chemgramx.com\/hu\/termek-1\/vasarlas-1d-lsd-225mcg-pellet\/\" \/>\n<meta property=\"og:site_name\" content=\"Chemgramx\" \/>\n<meta property=\"article:modified_time\" content=\"2025-12-09T08:07:32+00:00\" \/>\n<meta property=\"og:image\" content=\"https:\/\/chemgramx.com\/wp-content\/uploads\/2025\/11\/1d-lsd-225mcg-pellets-chem-store-online.png\" \/>\n\t<meta property=\"og:image:width\" content=\"563\" \/>\n\t<meta property=\"og:image:height\" content=\"438\" \/>\n\t<meta property=\"og:image:type\" content=\"image\/png\" \/>\n<meta name=\"twitter:card\" content=\"summary_large_image\" \/>\n<meta name=\"twitter:label1\" content=\"Becs\u00fclt olvas\u00e1si id\u0151\" \/>\n\t<meta name=\"twitter:data1\" content=\"5 perc\" \/>\n<script type=\"application\/ld+json\" class=\"yoast-schema-graph\">{\"@context\":\"https:\\\/\\\/schema.org\",\"@graph\":[{\"@type\":\"WebPage\",\"@id\":\"https:\\\/\\\/chemgramx.com\\\/product\\\/1d-lsd-225mcg-pellets-kaufen\\\/\",\"url\":\"https:\\\/\\\/chemgramx.com\\\/product\\\/1d-lsd-225mcg-pellets-kaufen\\\/\",\"name\":\"1D-LSD Pellets Kaufen | 225mcg | Research Chemical\",\"isPartOf\":{\"@id\":\"https:\\\/\\\/chemgramx.com\\\/#website\"},\"primaryImageOfPage\":{\"@id\":\"https:\\\/\\\/chemgramx.com\\\/product\\\/1d-lsd-225mcg-pellets-kaufen\\\/#primaryimage\"},\"image\":{\"@id\":\"https:\\\/\\\/chemgramx.com\\\/product\\\/1d-lsd-225mcg-pellets-kaufen\\\/#primaryimage\"},\"thumbnailUrl\":\"https:\\\/\\\/chemgramx.com\\\/wp-content\\\/uploads\\\/2025\\\/11\\\/1d-lsd-225mcg-pellets-chem-store-online.png\",\"datePublished\":\"2025-11-21T11:13:35+00:00\",\"dateModified\":\"2025-12-09T08:07:32+00:00\",\"description\":\"1D-LSD 225mcg Pellets kaufen - Forschungschemikalie in pelletierter Form. F\u00fcr wissenschaftliche Analysen. Laborgepr\u00fcft & diskret.\",\"breadcrumb\":{\"@id\":\"https:\\\/\\\/chemgramx.com\\\/product\\\/1d-lsd-225mcg-pellets-kaufen\\\/#breadcrumb\"},\"inLanguage\":\"hu\",\"potentialAction\":[{\"@type\":\"ReadAction\",\"target\":[\"https:\\\/\\\/chemgramx.com\\\/product\\\/1d-lsd-225mcg-pellets-kaufen\\\/\"]}]},{\"@type\":\"ImageObject\",\"inLanguage\":\"hu\",\"@id\":\"https:\\\/\\\/chemgramx.com\\\/product\\\/1d-lsd-225mcg-pellets-kaufen\\\/#primaryimage\",\"url\":\"https:\\\/\\\/chemgramx.com\\\/wp-content\\\/uploads\\\/2025\\\/11\\\/1d-lsd-225mcg-pellets-chem-store-online.png\",\"contentUrl\":\"https:\\\/\\\/chemgramx.com\\\/wp-content\\\/uploads\\\/2025\\\/11\\\/1d-lsd-225mcg-pellets-chem-store-online.png\",\"width\":563,\"height\":438},{\"@type\":\"BreadcrumbList\",\"@id\":\"https:\\\/\\\/chemgramx.com\\\/product\\\/1d-lsd-225mcg-pellets-kaufen\\\/#breadcrumb\",\"itemListElement\":[{\"@type\":\"ListItem\",\"position\":1,\"name\":\"Home\",\"item\":\"https:\\\/\\\/chemgramx.com\\\/\"},{\"@type\":\"ListItem\",\"position\":2,\"name\":\"Shop\",\"item\":\"https:\\\/\\\/chemgramx.com\\\/shop\\\/\"},{\"@type\":\"ListItem\",\"position\":3,\"name\":\"1D-LSD 225mcg Pellets kaufen\"}]},{\"@type\":\"WebSite\",\"@id\":\"https:\\\/\\\/chemgramx.com\\\/#website\",\"url\":\"https:\\\/\\\/chemgramx.com\\\/\",\"name\":\"Chemgramx\",\"description\":\"\",\"publisher\":{\"@id\":\"https:\\\/\\\/chemgramx.com\\\/#organization\"},\"potentialAction\":[{\"@type\":\"SearchAction\",\"target\":{\"@type\":\"EntryPoint\",\"urlTemplate\":\"https:\\\/\\\/chemgramx.com\\\/?s={search_term_string}\"},\"query-input\":{\"@type\":\"PropertyValueSpecification\",\"valueRequired\":true,\"valueName\":\"search_term_string\"}}],\"inLanguage\":\"hu\"},{\"@type\":\"Organization\",\"@id\":\"https:\\\/\\\/chemgramx.com\\\/#organization\",\"name\":\"Chemgramx\",\"url\":\"https:\\\/\\\/chemgramx.com\\\/\",\"logo\":{\"@type\":\"ImageObject\",\"inLanguage\":\"hu\",\"@id\":\"https:\\\/\\\/chemgramx.com\\\/#\\\/schema\\\/logo\\\/image\\\/\",\"url\":\"https:\\\/\\\/chemgramx.com\\\/wp-content\\\/uploads\\\/2024\\\/10\\\/final-logo.png\",\"contentUrl\":\"https:\\\/\\\/chemgramx.com\\\/wp-content\\\/uploads\\\/2024\\\/10\\\/final-logo.png\",\"width\":250,\"height\":48,\"caption\":\"Chemgramx\"},\"image\":{\"@id\":\"https:\\\/\\\/chemgramx.com\\\/#\\\/schema\\\/logo\\\/image\\\/\"}}]}<\/script>\n<!-- \/ Yoast SEO plugin. -->","yoast_head_json":{"title":"Megveszem 1D-LSD Pellet | 225mcg | Research Chemical","description":"V\u00e1s\u00e1roljon 1D-LSD 225mcg pelletet - Kutat\u00e1si vegyi anyag pellet\u00e1lt form\u00e1ban. Tudom\u00e1nyos elemz\u00e9sekhez. Laborat\u00f3riumban tesztelt \u00e9s diszkr\u00e9t.","robots":{"index":"index","follow":"follow","max-snippet":"max-snippet:-1","max-image-preview":"max-image-preview:large","max-video-preview":"max-video-preview:-1"},"canonical":"https:\/\/chemgramx.com\/hu\/termek-1\/vasarlas-1d-lsd-225mcg-pellet\/","og_locale":"hu_HU","og_type":"article","og_title":"1D-LSD Pellets Kaufen | 225mcg | Research Chemical","og_description":"1D-LSD 225mcg Pellets kaufen - Forschungschemikalie in pelletierter Form. F\u00fcr wissenschaftliche Analysen. Laborgepr\u00fcft & diskret.","og_url":"https:\/\/chemgramx.com\/hu\/termek-1\/vasarlas-1d-lsd-225mcg-pellet\/","og_site_name":"Chemgramx","article_modified_time":"2025-12-09T08:07:32+00:00","og_image":[{"width":563,"height":438,"url":"https:\/\/chemgramx.com\/wp-content\/uploads\/2025\/11\/1d-lsd-225mcg-pellets-chem-store-online.png","type":"image\/png"}],"twitter_card":"summary_large_image","twitter_misc":{"Becs\u00fclt olvas\u00e1si id\u0151":"5 perc"},"schema":{"@context":"https:\/\/schema.org","@graph":[{"@type":"WebPage","@id":"https:\/\/chemgramx.com\/product\/1d-lsd-225mcg-pellets-kaufen\/","url":"https:\/\/chemgramx.com\/product\/1d-lsd-225mcg-pellets-kaufen\/","name":"Megveszem 1D-LSD Pellet | 225mcg | Research Chemical","isPartOf":{"@id":"https:\/\/chemgramx.com\/#website"},"primaryImageOfPage":{"@id":"https:\/\/chemgramx.com\/product\/1d-lsd-225mcg-pellets-kaufen\/#primaryimage"},"image":{"@id":"https:\/\/chemgramx.com\/product\/1d-lsd-225mcg-pellets-kaufen\/#primaryimage"},"thumbnailUrl":"https:\/\/chemgramx.com\/wp-content\/uploads\/2025\/11\/1d-lsd-225mcg-pellets-chem-store-online.png","datePublished":"2025-11-21T11:13:35+00:00","dateModified":"2025-12-09T08:07:32+00:00","description":"V\u00e1s\u00e1roljon 1D-LSD 225mcg pelletet - Kutat\u00e1si vegyi anyag pellet\u00e1lt form\u00e1ban. Tudom\u00e1nyos elemz\u00e9sekhez. Laborat\u00f3riumban tesztelt \u00e9s diszkr\u00e9t.","breadcrumb":{"@id":"https:\/\/chemgramx.com\/product\/1d-lsd-225mcg-pellets-kaufen\/#breadcrumb"},"inLanguage":"hu","potentialAction":[{"@type":"ReadAction","target":["https:\/\/chemgramx.com\/product\/1d-lsd-225mcg-pellets-kaufen\/"]}]},{"@type":"ImageObject","inLanguage":"hu","@id":"https:\/\/chemgramx.com\/product\/1d-lsd-225mcg-pellets-kaufen\/#primaryimage","url":"https:\/\/chemgramx.com\/wp-content\/uploads\/2025\/11\/1d-lsd-225mcg-pellets-chem-store-online.png","contentUrl":"https:\/\/chemgramx.com\/wp-content\/uploads\/2025\/11\/1d-lsd-225mcg-pellets-chem-store-online.png","width":563,"height":438},{"@type":"BreadcrumbList","@id":"https:\/\/chemgramx.com\/product\/1d-lsd-225mcg-pellets-kaufen\/#breadcrumb","itemListElement":[{"@type":"ListItem","position":1,"name":"Home","item":"https:\/\/chemgramx.com\/"},{"@type":"ListItem","position":2,"name":"Shop","item":"https:\/\/chemgramx.com\/shop\/"},{"@type":"ListItem","position":3,"name":"1D-LSD 225mcg Pellets kaufen"}]},{"@type":"WebSite","@id":"https:\/\/chemgramx.com\/#website","url":"https:\/\/chemgramx.com\/","name":"Chemgramx","description":"","publisher":{"@id":"https:\/\/chemgramx.com\/#organization"},"potentialAction":[{"@type":"SearchAction","target":{"@type":"EntryPoint","urlTemplate":"https:\/\/chemgramx.com\/?s={search_term_string}"},"query-input":{"@type":"PropertyValueSpecification","valueRequired":true,"valueName":"search_term_string"}}],"inLanguage":"hu"},{"@type":"Organization","@id":"https:\/\/chemgramx.com\/#organization","name":"Chemgramx","url":"https:\/\/chemgramx.com\/","logo":{"@type":"ImageObject","inLanguage":"hu","@id":"https:\/\/chemgramx.com\/#\/schema\/logo\/image\/","url":"https:\/\/chemgramx.com\/wp-content\/uploads\/2024\/10\/final-logo.png","contentUrl":"https:\/\/chemgramx.com\/wp-content\/uploads\/2024\/10\/final-logo.png","width":250,"height":48,"caption":"Chemgramx"},"image":{"@id":"https:\/\/chemgramx.com\/#\/schema\/logo\/image\/"}}]}},"_links":{"self":[{"href":"https:\/\/chemgramx.com\/hu\/wp-json\/wp\/v2\/product\/7217","targetHints":{"allow":["GET"]}}],"collection":[{"href":"https:\/\/chemgramx.com\/hu\/wp-json\/wp\/v2\/product"}],"about":[{"href":"https:\/\/chemgramx.com\/hu\/wp-json\/wp\/v2\/types\/product"}],"replies":[{"embeddable":true,"href":"https:\/\/chemgramx.com\/hu\/wp-json\/wp\/v2\/comments?post=7217"}],"wp:featuredmedia":[{"embeddable":true,"href":"https:\/\/chemgramx.com\/hu\/wp-json\/wp\/v2\/media\/7243"}],"wp:attachment":[{"href":"https:\/\/chemgramx.com\/hu\/wp-json\/wp\/v2\/media?parent=7217"}],"wp:term":[{"taxonomy":"product_brand","embeddable":true,"href":"https:\/\/chemgramx.com\/hu\/wp-json\/wp\/v2\/product_brand?post=7217"},{"taxonomy":"product_cat","embeddable":true,"href":"https:\/\/chemgramx.com\/hu\/wp-json\/wp\/v2\/product_cat?post=7217"},{"taxonomy":"product_tag","embeddable":true,"href":"https:\/\/chemgramx.com\/hu\/wp-json\/wp\/v2\/product_tag?post=7217"}],"curies":[{"name":"wp","href":"https:\/\/api.w.org\/{rel}","templated":true}]}}