{"id":7219,"date":"2025-11-21T11:13:36","date_gmt":"2025-11-21T11:13:36","guid":{"rendered":"https:\/\/chemgramx.com\/?post_type=product&#038;p=7219"},"modified":"2025-12-09T07:29:03","modified_gmt":"2025-12-09T07:29:03","slug":"vasarolni-1d-lsd-150mcg-blotters","status":"publish","type":"product","link":"https:\/\/chemgramx.com\/hu\/product\/1d-lsd-150mcg-blotters-kaufen\/","title":{"rendered":"1D-LSD 150mcg Blotters megv\u00e1s\u00e1rl\u00e1sa"},"content":{"rendered":"<p>A <b>1D-LSD 150mcg Blotters<\/b> nagy tisztas\u00e1g\u00fa \u00e9s megb\u00edzhat\u00f3 reagens\u00e9t k\u00e9pezik a <b>1D-lizergsav-dietilamidok<\/b> az ide\u00e1lis megold\u00e1s. Ezt a term\u00e9ket kifejezetten az ig\u00e9nyes k\u00f6vetelm\u00e9nyeknek megfelel\u0151en tervezt\u00e9k. <b>analitikai k\u00e9mia, farmakol\u00f3gia \u00e9s neurobiol\u00f3gia<\/b> tervezt\u00e9k. Az adagol\u00e1si forma <b>Blotter (t\u00f6rl\u0151pap\u00edr)<\/b> lehet\u0151v\u00e9 teszi az egyszer\u0171, de rendk\u00edv\u00fcl pontos adagol\u00e1st \u00e9s kezel\u00e9st, ami ide\u00e1lis a k\u00f6vetkez\u0151kh\u00f6z <b>min\u0151s\u00edtett kutat\u00e1si projektek<\/b> n\u00e9lk\u00fcl\u00f6zhetetlen. Er\u0151sen hangs\u00falyozzuk, hogy ez az anyag <b>kiz\u00e1r\u00f3lag tudom\u00e1nyos elemz\u00e9sekhez<\/b> \u00e9s az emberek vagy \u00e1llatok \u00e1ltali fogyaszt\u00e1sa szigor\u00faan tilos.<\/p>\n<p>Kutat\u00f3int\u00e9zetek, egyetemek \u00e9s mag\u00e1nlaborat\u00f3riumok, amelyek a legmagasabb k\u00f6vetelm\u00e9nyeket t\u00e1masztj\u00e1k a <b>Precizit\u00e1s, tisztas\u00e1g \u00e9s t\u00e9telkonzisztencia<\/b> v\u00e1lassza ezeket a blottereket. A garant\u00e1lt adag <b>150 mikrogramm <span class=\"math-inline\" data-math=\"text{mcg}\">mcg<\/span>\u00a0per blotter<\/b> stabil, szabv\u00e1nyos\u00edtott alapot biztos\u00edtanak a r\u00e9szletes vizsg\u00e1latokhoz. Az anyag megv\u00e1s\u00e1rl\u00e1s\u00e1val a kutat\u00f3k k\u00f6telezetts\u00e9get v\u00e1llalnak az \u00f6sszes vonatkoz\u00f3 biztons\u00e1gi \u00e9s jogi el\u0151\u00edr\u00e1s szigor\u00fa betart\u00e1s\u00e1ra.<\/p>\n<h2>R\u00e9szletes term\u00e9kinform\u00e1ci\u00f3k \u00e9s analitikai specifik\u00e1ci\u00f3k<\/h2>\n<p>A megb\u00edzhat\u00f3 tudom\u00e1nyos kutat\u00e1s alapja a felhaszn\u00e1lt anyagok magas min\u0151s\u00e9ge. A <b>1D-LSD foltok<\/b> a legszigor\u00fabb laborat\u00f3riumi k\u00f6r\u00fclm\u00e9nyek k\u00f6z\u00f6tt k\u00e9sz\u00fclnek a legmagasabb analitikai integrit\u00e1s biztos\u00edt\u00e1sa \u00e9rdek\u00e9ben.<\/p>\n<h3>Analitikai el\u0151\u00edr\u00e1sok \u00e9s tisztas\u00e1gi garancia<\/h3>\n<ul>\n<li><b>Anyagmegjel\u00f6l\u00e9s:<\/b> 1D-lizergsav-dietilamid (1D-LSD). A helyes k\u00e9miai azonoss\u00e1got \u00e9s szerkezetet meger\u0151s\u00edtett\u00e9k a tudom\u00e1nyos dokument\u00e1ci\u00f3hoz.<\/li>\n<li><b>Adagol\u00e1si forma:<\/b> <b>Blotter\/Pap\u00edr<\/b>. Ez a forma praktikus a laborat\u00f3riumban t\u00f6rt\u00e9n\u0151 t\u00e1rol\u00e1shoz, sz\u00e1ll\u00edt\u00e1shoz \u00e9s a pontos mennyis\u00e9gek elt\u00e1vol\u00edt\u00e1s\u00e1hoz.<\/li>\n<li><b>Adagol\u00e1s:<\/b> <b>150mcg <\/b>\u00a0per blotter. Ez a nagy adagol\u00e1si pontoss\u00e1g biztos\u00edtja a rendk\u00edv\u00fcl <b>Egys\u00e9ges mennyis\u00e9g\u0171 hat\u00f3anyag<\/b>, amelyek elengedhetetlenek a reproduk\u00e1lhat\u00f3 <b>Adagol\u00e1si vizsg\u00e1latok<\/b> az.<\/li>\n<li><b>Tisztas\u00e1gi fok:<\/b> Garant\u00e1ltan <b>Tisztas\u00e1g<\/b> a hat\u00f3anyag. Az ellen\u0151rz\u00e9st a k\u00f6vetkez\u0151kkel v\u00e9gzik <b>Nagy teljes\u00edtm\u00e9ny\u0171 folyad\u00e9kkromatogr\u00e1fia (HPLC)<\/b>, a relev\u00e1ns szennyez\u0151d\u00e9sek hi\u00e1nya \u00e9s a legmagasabb min\u0151s\u00e9g biztos\u00edt\u00e1sa \u00e9rdek\u00e9ben.<\/li>\n<li><b>Stabilit\u00e1s:<\/b> Az aj\u00e1nlott t\u00e1rol\u00e1si felt\u00e9telek betart\u00e1sa eset\u00e9n a term\u00e9knek a <b>Optim\u00e1lis stabilit\u00e1s<\/b> on.<\/li>\n<li><b>Dokument\u00e1ci\u00f3:<\/b> Minden egyes sz\u00e1ll\u00edtm\u00e1nyt egy <b>Teljes analitikai tan\u00fas\u00edtv\u00e1ny<\/b> amely meger\u0151s\u00edti a tisztas\u00e1got, a koncentr\u00e1ci\u00f3t \u00e9s a t\u00e9telek konzisztenci\u00e1j\u00e1t.<\/li>\n<\/ul>\n<h3>Min\u0151s\u00e9gi jellemz\u0151k a maxim\u00e1lis kutat\u00e1si megb\u00edzhat\u00f3s\u00e1g \u00e9rdek\u00e9ben<\/h3>\n<p>Az 1D-LSD blotterek ig\u00e9nyes kutat\u00e1si c\u00e9lokra val\u00f3 alkalmass\u00e1g\u00e1t a k\u00f6vetkez\u0151 szigor\u00fa min\u0151s\u00e9gi krit\u00e9riumok t\u00e1masztj\u00e1k al\u00e1:<\/p>\n<ol start=\"1\">\n<li><b>Pontos adagol\u00e1sszab\u00e1lyoz\u00e1s:<\/b> Speci\u00e1lis alkalmaz\u00e1si technik\u00e1kat alkalmaznak a k\u00f6vetkez\u0151kre <b>A hat\u00f3anyagok egyenletes eloszl\u00e1sa<\/b> a hordoz\u00f3anyagon. Ez alapvet\u0151 fontoss\u00e1g\u00fa a pontos mennyis\u00e9gi k\u00eds\u00e9rletekhez.<\/li>\n<li><b>Analitikai dokument\u00e1ci\u00f3:<\/b> Minden relev\u00e1ns adatot megadunk <b>T\u00e9tel konzisztencia<\/b> \u00e9s <b>analitikai tisztas\u00e1g<\/b> hogy a kutat\u00f3k tanulm\u00e1nyaikban \u00e9s publik\u00e1ci\u00f3ikban bizony\u00edtani tudj\u00e1k a reagens min\u0151s\u00e9g\u00e9t.<\/li>\n<li><b>Reproduk\u00e1lhat\u00f3 min\u0151s\u00e9g:<\/b> A gy\u00e1rt\u00e1s sor\u00e1n alkalmazott szigor\u00fa ellen\u0151rz\u00e9si protokollok garant\u00e1lj\u00e1k a magas szint\u0171 min\u0151s\u00e9get. <b>Az egyes t\u00e9telek min\u0151s\u00e9g\u00e9nek megism\u00e9telhet\u0151s\u00e9ge<\/b>. Ez az alapja a megb\u00edzhat\u00f3 hossz\u00fa t\u00e1v\u00fa vizsg\u00e1latoknak.<\/li>\n<li><b>\u00c1tfog\u00f3 stabilit\u00e1si adatok:<\/b> Vannak <b>Dokument\u00e1lt 24 h\u00f3napos eltarthat\u00f3s\u00e1gi id\u0151<\/b> ha megfelel\u0151en t\u00e1rolj\u00e1k a <span class=\"math-inline\" data-math=\"8^circtext{C}\">$8^circtext{C}$<\/span> ami lehet\u0151v\u00e9 teszi a hossz\u00fa t\u00e1v\u00fa kutat\u00e1si projektek megb\u00edzhat\u00f3 tervez\u00e9s\u00e9t.<\/li>\n<\/ol>\n<h2>Kutat\u00e1si alkalmaz\u00e1sok \u00e9s felhaszn\u00e1l\u00e1si ter\u00fcletek a laborat\u00f3riumban<\/h2>\n<p>A <b>1D-LSD 150mcg Blotters<\/b> n\u00e9lk\u00fcl\u00f6zhetetlen standard \u00e9s kutat\u00e1si anyagk\u00e9nt szolg\u00e1lnak a lizergamidok vizsg\u00e1lat\u00e1val foglalkoz\u00f3 laborat\u00f3riumok sz\u00e1m\u00e1ra.<\/p>\n<h3>A kutat\u00e1si anyag lehets\u00e9ges alkalmaz\u00e1si ter\u00fcletei<\/h3>\n<ul>\n<li><b>Adagol\u00e1si vizsg\u00e1latok:<\/b> A pontos d\u00f3zis lehet\u0151v\u00e9 teszi a kutat\u00f3k sz\u00e1m\u00e1ra, hogy pontosan <b>A hat\u00f3anyagok alkalmaz\u00e1sa<\/b> a <i>In vitro<\/i>-modellek a receptorok k\u00f6t\u0151d\u00e9s\u00e9nek \u00e9s koncentr\u00e1ci\u00f3-v\u00e1lasz kapcsolat\u00e1nak vizsg\u00e1lat\u00e1ra.<\/li>\n<li><b>Stabilit\u00e1skutat\u00e1s:<\/b> C\u00e9lzott <b>Eltarthat\u00f3s\u00e1gi vizsg\u00e1latok<\/b> v\u00e1ltoz\u00f3 \u00e9ghajlati k\u00f6r\u00fclm\u00e9nyek k\u00f6z\u00f6tt (f\u00e9ny, h\u0151m\u00e9rs\u00e9klet, p\u00e1ratartalom) az anyag leboml\u00e1si kinetik\u00e1j\u00e1nak vizsg\u00e1lata \u00e9s a t\u00e1rol\u00e1si aj\u00e1nl\u00e1sok optimaliz\u00e1l\u00e1sa \u00e9rdek\u00e9ben.<\/li>\n<li><b>\u00d6sszehasonl\u00edt\u00f3 elemz\u00e9sek:<\/b> Referenciastandardk\u00e9nt val\u00f3 felhaszn\u00e1l\u00e1s a k\u00f6vetkez\u0151kh\u00f6z <b>M\u00f3dszer-\u00f6sszehasonl\u00edt\u00e1sok<\/b> az analitikai k\u00e9mi\u00e1ban \u00e9s a nagy \u00e9rz\u00e9kenys\u00e9g\u0171 m\u00e9r\u0151m\u0171szerek kalibr\u00e1l\u00e1s\u00e1hoz. K\u00fcl\u00f6n\u00f6s hangs\u00falyt fektet\u00fcnk a k\u00f6vetkez\u0151kre <b>\u00d6sszehasonl\u00edt\u00e1s m\u00e1s lizergamidokkal<\/b> mint p\u00e9ld\u00e1ul az 1P-LSD vagy maga az LSD, a profiljuknak val\u00f3 megfelel\u00e9s \u00e9rdek\u00e9ben.<\/li>\n<li><b>Anyagi tulajdons\u00e1gok:<\/b> Fizikai <b>A folt alakj\u00e1nak jellemz\u00e9se<\/b>, bele\u00e9rtve az oldhat\u00f3s\u00e1gi ar\u00e1nyokat \u00e9s a hat\u00f3anyag m\u00e1trixb\u00f3l val\u00f3 felszabadul\u00e1si profilj\u00e1t.<\/li>\n<li><b>Metabolizmus \u00e9s metabolitok kutat\u00e1sa:<\/b> Az 1D-LSD potenci\u00e1lis metabolitjaiv\u00e1 t\u00f6rt\u00e9n\u0151 k\u00e9miai \u00e1talakul\u00e1s\u00e1nak vizsg\u00e1lata megfelel\u0151 <i>In vitro<\/i>-rendszerek.<\/li>\n<\/ul>\n<h2>Biztons\u00e1g, jogi megfelel\u00e9s \u00e9s optim\u00e1lis t\u00e1rol\u00e1s<\/h2>\n<p>Az al\u00e1bbiak kezel\u00e9se <b>1D-LSD<\/b> mint nagy tisztas\u00e1g\u00fa kutat\u00e1si vegyszer a legnagyobb gondoss\u00e1got \u00e9s az \u00f6sszes nemzeti \u00e9s az int\u00e9zet saj\u00e1t biztons\u00e1gi el\u0151\u00edr\u00e1sainak szigor\u00fa betart\u00e1s\u00e1t ig\u00e9nyli.<\/p>\n<h3>Fontos \u00f3vint\u00e9zked\u00e9sek \u00e9s laborat\u00f3riumi v\u00e9delem<\/h3>\n<ul>\n<li><b>Kiz\u00e1r\u00f3lag kutat\u00e1si c\u00e9lokra:<\/b> Szigor\u00faan tilos a blottereket a kutat\u00e1si protokollban meghat\u00e1rozottakt\u00f3l elt\u00e9r\u0151 tudom\u00e1nyos elemz\u00e9sre haszn\u00e1lni. <b>Nincs m\u00e1s felhaszn\u00e1l\u00e1s<\/b> megengedett.<\/li>\n<li><b>Ellen\u0151rz\u00f6tt laborat\u00f3riumi k\u00f6r\u00fclm\u00e9nyek:<\/b> A kezel\u00e9s a <b>1D-LSD foltok<\/b> kell <b>kiz\u00e1r\u00f3lag enged\u00e9lyezett, ellen\u0151rz\u00f6tt laborat\u00f3riumi l\u00e9tes\u00edtm\u00e9nyekben<\/b> ker\u00fcl sor.<\/li>\n<li><b>K\u00f6telez\u0151 v\u00e9d\u0151felszerel\u00e9s:<\/b> Elengedhetetlen, hogy a tudom\u00e1nyos szem\u00e9lyzet <b>Keszty\u0171 \u00e9s v\u00e9d\u0151szem\u00fcveg<\/b> a nagy tisztas\u00e1g\u00fa anyaggal val\u00f3 k\u00f6zvetlen \u00e9rintkez\u00e9s \u00e9s expoz\u00edci\u00f3 megakad\u00e1lyoz\u00e1sa \u00e9rdek\u00e9ben.<\/li>\n<li><b>Jogi megfelel\u00e9s:<\/b> A kutat\u00f3szervezetnek <b>Az \u00f6sszes helyi \u00e9s nemzeti t\u00f6rv\u00e9ny \u00e9s rendelet betart\u00e1sa<\/b> a kutat\u00e1si vegyi anyagok \u00e9s a lizergamidok tekintet\u00e9ben.<\/li>\n<\/ul>\n<h3>Optim\u00e1lis t\u00e1rol\u00e1si k\u00f6r\u00fclm\u00e9nyek a maxim\u00e1lis eltarthat\u00f3s\u00e1g \u00e9rdek\u00e9ben<\/h3>\n<p>A lizergsav-sz\u00e1rmaz\u00e9kok k\u00e9miai integrit\u00e1sa \u00e9rz\u00e9keny a f\u00e9nyre, a h\u0151re \u00e9s a nedvess\u00e9gre. A helyes t\u00e1rol\u00e1s d\u00f6nt\u0151 fontoss\u00e1g\u00fa a kutat\u00e1si anyag s\u00e9rtetlens\u00e9ge szempontj\u00e1b\u00f3l:<\/p>\n<ul>\n<li><b>H\u0151m\u00e9rs\u00e9klet-szab\u00e1lyoz\u00e1s:<\/b> Ide\u00e1lis esetben h\u0171t\u00f6tt <b>\u00a0(H\u0171t\u0151szekr\u00e9ny)<\/b> a k\u00e9miai boml\u00e1s lass\u00edt\u00e1sa \u00e9rdek\u00e9ben.<\/li>\n<li><b>Nedvess\u00e9gszab\u00e1lyoz\u00e1s:<\/b> T\u00e1rol\u00e1s egy <b>sz\u00e1raz k\u00f6rnyezet<\/b> (<span class=\"math-inline\" data-math=\"&lt;60%\">&lt;60<\/span>\u00a0relat\u00edv p\u00e1ratartalom) elengedhetetlen az aljzat \u00e9s az anyag v\u00e9delm\u00e9hez.<\/li>\n<li><b>F\u00e9nyv\u00e9delem:<\/b> A blottereknek <b>\u00e1tl\u00e1tszatlan tart\u00e1lyokban<\/b> t\u00e1rolt \u00e9s <b>a k\u00f6zvetlen napf\u00e9nyt\u0151l<\/b> v\u00e9delmet \u00e9lveznek.<\/li>\n<li><b>Eredeti csomagol\u00e1s:<\/b> Az anyagot addig kell t\u00e1rolni, am\u00edg k\u00f6zvetlen\u00fcl fel nem haszn\u00e1lj\u00e1k a <b>Eredeti csomagol\u00e1s<\/b> a szennyez\u0151d\u00e9s megel\u0151z\u00e9se \u00e9rdek\u00e9ben.<\/li>\n<\/ul>\n<h2>Megrendel\u00e9si inform\u00e1ci\u00f3k \u00e9s szigor\u00fa v\u00e1s\u00e1rl\u00e1si k\u00f6vetelm\u00e9nyek<\/h2>\n<p>Az 1D-LSD 150mcg blotterek v\u00e1s\u00e1rl\u00e1sa szigor\u00faan tudom\u00e1nyos int\u00e9zm\u00e9nyekre korl\u00e1toz\u00f3dik, \u00e9s a vissza\u00e9l\u00e9sek megel\u0151z\u00e9se \u00e9rdek\u00e9ben a v\u00e1s\u00e1rl\u00f3nak igazolnia kell tudom\u00e1nyos k\u00e9pes\u00edt\u00e9s\u00e9t.<\/p>\n<h3>A tudom\u00e1nyos kutat\u00e1s sz\u00e1m\u00e1ra rendelkez\u00e9sre \u00e1ll\u00f3 mennyis\u00e9gek<\/h3>\n<p>A k\u00fcl\u00f6nb\u00f6z\u0151 kutat\u00e1si ig\u00e9nyek kiel\u00e9g\u00edt\u00e9s\u00e9re a k\u00fcl\u00f6nb\u00f6z\u0151 mennyis\u00e9g\u0171 blottereket k\u00edn\u00e1lunk:<\/p>\n<ul>\n<li><b>Kutat\u00e1si minta:<\/b> 50 darab blotter - ide\u00e1lis kalibr\u00e1l\u00e1sokhoz \u00e9s tesztfuttat\u00e1sokhoz.<\/li>\n<li><b>Kis csomag:<\/b> 100 blotter - Speci\u00e1lis egyedi vizsg\u00e1latokhoz.<\/li>\n<li><b>Standard csomagol\u00e1s:<\/b> 200 blotter - Alkalmas folyamatban l\u00e9v\u0151, kisebb kutat\u00e1si projektekhez.<\/li>\n<li><b>T\u00f6megcsomagol\u00e1s:<\/b> 500 blotter - Kiterjedt tanulm\u00e1nyokhoz \u00e9s \u00f6sszehasonl\u00edt\u00e1sokhoz.<\/li>\n<\/ul>\n<h3>Sz\u00fcks\u00e9ges rendel\u00e9si k\u00f6vetelm\u00e9nyek<\/h3>\n<ol start=\"1\">\n<li><b>A kutat\u00e1si szervezet igazol\u00e1sa:<\/b> Csak akkredit\u00e1lt <b>Kutat\u00f3int\u00e9zetek, egyetemek vagy tan\u00fas\u00edtott elemz\u0151k\u00f6zpontok<\/b> jogosultak megv\u00e1s\u00e1rolni.<\/li>\n<li><b>A rendeltet\u00e9sszer\u0171 haszn\u00e1lat igazol\u00e1sa:<\/b> Kell lennie egy \u00edr\u00e1sos, <b>tudom\u00e1nyos <a href=\"\/product\/blackberry-kush-20-thc\/\">A kutat\u00e1si projekt le\u00edr\u00e1sa<\/a><\/b> A jelent\u00e9st be kell ny\u00fajtani a Sz\u00f6vets\u00e9gi Oktat\u00e1si \u00e9s Kutat\u00e1si Miniszt\u00e9riumnak, amelyben r\u00e9szletesen indokolni kell az 1D-LSD blotterek tervezett haszn\u00e1lat\u00e1t.<\/li>\n<li><b>A biztons\u00e1gi ismeretek meger\u0151s\u00edt\u00e9se:<\/b> Az ismeretek form\u00e1lis meger\u0151s\u00edt\u00e9se \u00e9s <b>A biztons\u00e1gi protokollok v\u00e9grehajt\u00e1sa<\/b> \u00e9s a tudom\u00e1nyos szem\u00e9lyzet k\u00e9pzetts\u00e9ge k\u00f6telez\u0151.<\/li>\n<\/ol>\n<h2>Gyakran ism\u00e9telt k\u00e9rd\u00e9sek (GYIK) a kutat\u00e1sban val\u00f3 felhaszn\u00e1l\u00e1sr\u00f3l<\/h2>\n<p>A maxim\u00e1lis \u00e1tl\u00e1that\u00f3s\u00e1g \u00e9rdek\u00e9ben v\u00e1laszolunk a kezel\u00e9ssel \u00e9s a megfelel\u00e9ssel kapcsolatos leggyakrabban feltett k\u00e9rd\u00e9sekre:<\/p>\n<ul>\n<li>K: Alkalmasak-e a blotterek emberi haszn\u00e1latra? V: Nem, ez a term\u00e9k kiz\u00e1r\u00f3lag laborat\u00f3riumi k\u00f6rnyezetben v\u00e9gzett kutat\u00e1si c\u00e9lokra k\u00e9sz\u00fclt, \u00e9s fogyaszt\u00e1sra nem enged\u00e9lyezett.<\/li>\n<li>K: Milyen analitikai adatokat biztos\u00edtunk? V: Teljes HPLC-elemz\u00e9st \u00e9s t\u00e9teldokument\u00e1ci\u00f3t biztos\u00edtunk a tisztas\u00e1g \u00e9s a koncentr\u00e1ci\u00f3 bizony\u00edt\u00e1s\u00e1ra.<\/li>\n<li>K: Mennyi az eltarthat\u00f3s\u00e1gi ideje? V: Az eltarthat\u00f3s\u00e1gi id\u0151 legal\u00e1bb 24 h\u00f3nap, ha megfelel\u0151en, $8^circtext{C}$ alatt \u00e9s f\u00e9nyt\u0151l v\u00e9dve t\u00e1rolj\u00e1k.<\/li>\n<li>K: Sz\u00fcks\u00e9gem van k\u00fcl\u00f6nleges enged\u00e9lyekre? V: A kutat\u00e1si l\u00e9tes\u00edtm\u00e9nyeknek meg kell felelni\u00fck a helyi el\u0151\u00edr\u00e1soknak. A t\u00f6rv\u00e9nyek betart\u00e1sa a vev\u0151 felel\u0151ss\u00e9ge.<\/li>\n<li>K: A sz\u00e1ll\u00edtm\u00e1ny diszkr\u00e9t? V: Igen, a sz\u00e1ll\u00edtm\u00e1nyt semleges laborat\u00f3riumi csomagol\u00e1sban, a tartalomra utal\u00f3 jelz\u00e9s n\u00e9lk\u00fcl sz\u00e1ll\u00edtjuk a biztons\u00e1g \u00e9s a diszkr\u00e9ci\u00f3 \u00e9rdek\u00e9ben.<\/li>\n<\/ul>\n<h2>Jogi nyilatkozat<\/h2>\n<p>Ez a term\u00e9k <b>kiz\u00e1r\u00f3lag kutat\u00e1si c\u00e9lokra<\/b> meghat\u00e1rozva. A v\u00e1s\u00e1rl\u00e1ssal a vev\u0151 fenntart\u00e1s n\u00e9lk\u00fcl meger\u0151s\u00edti:<\/p>\n<ul>\n<li>A <b>Kiz\u00e1r\u00f3lag leg\u00e1lis, enged\u00e9lyezett kutat\u00e1si k\u00f6rnyezetben haszn\u00e1lhat\u00f3<\/b>.<\/li>\n<li>A <b>Az \u00f6sszes alkalmazand\u00f3 t\u00f6rv\u00e9ny \u00e9s rendelet betart\u00e1sa<\/b> a kutat\u00e1si vegyi anyagokra \u00e9s \u00faj anyagokra vonatkoz\u00f3 nemzeti jogszab\u00e1lyok.<\/li>\n<li>A <b>Megfelel\u0151 biztons\u00e1gi int\u00e9zked\u00e9sek v\u00e9grehajt\u00e1sa<\/b> a szem\u00e9lyzet v\u00e9delme \u00e9s a kock\u00e1zatok minimaliz\u00e1l\u00e1sa \u00e9rdek\u00e9ben.<\/li>\n<li>A <b>Enged\u00e9ly n\u00e9lk\u00fcli haszn\u00e1lat tilalma<\/b>, bele\u00e9rtve az emberi vagy \u00e1llati fogyaszt\u00e1st is, szigor\u00faan betartj\u00e1k.<\/li>\n<\/ul>","protected":false},"excerpt":{"rendered":"<p>V\u00e1s\u00e1roljon 1D-LSD 150mcg blottert: Kutat\u00e1si vegyi anyag pontosan adagolt blotterekben a tudom\u00e1nyos munk\u00e1hoz. Kiz\u00e1r\u00f3lag kutat\u00e1si c\u00e9lokra laborat\u00f3riumi k\u00f6rnyezetben.<\/p>","protected":false},"featured_media":7245,"comment_status":"open","ping_status":"closed","template":"","meta":{"_joinchat":[]},"product_brand":[],"product_cat":[43,55],"product_tag":[],"class_list":{"0":"post-7219","1":"product","2":"type-product","3":"status-publish","4":"has-post-thumbnail","6":"product_cat-chemgramx","7":"product_cat-lysergamides","9":"first","10":"instock","11":"shipping-taxable","12":"purchasable","13":"product-type-variable"},"yoast_head":"<!-- This site is optimized with the Yoast SEO plugin v27.5 - https:\/\/yoast.com\/product\/yoast-seo-wordpress\/ -->\n<title>1D-LSD Blotters Kaufen | 150mcg | Research ChemicalChemgramx<\/title>\n<meta name=\"description\" content=\"1D-LSD 150mcg Blotters kaufen - Forschungschemikalie in Blotter-Form. F\u00fcr wissenschaftliche Analysen. Laborgepr\u00fcft &amp; diskret.\" \/>\n<meta name=\"robots\" content=\"index, follow, max-snippet:-1, max-image-preview:large, max-video-preview:-1\" \/>\n<link rel=\"canonical\" href=\"https:\/\/chemgramx.com\/hu\/termek-1\/vasarolni-1d-lsd-150mcg-blotters\/\" \/>\n<meta property=\"og:locale\" content=\"hu_HU\" \/>\n<meta property=\"og:type\" content=\"article\" \/>\n<meta property=\"og:title\" content=\"1D-LSD Blotters Kaufen | 150mcg | Research ChemicalChemgramx\" \/>\n<meta property=\"og:description\" content=\"1D-LSD 150mcg Blotters kaufen - Forschungschemikalie in Blotter-Form. F\u00fcr wissenschaftliche Analysen. Laborgepr\u00fcft &amp; diskret.\" \/>\n<meta property=\"og:url\" content=\"https:\/\/chemgramx.com\/hu\/termek-1\/vasarolni-1d-lsd-150mcg-blotters\/\" \/>\n<meta property=\"og:site_name\" content=\"Chemgramx\" \/>\n<meta property=\"article:modified_time\" content=\"2025-12-09T07:29:03+00:00\" \/>\n<meta property=\"og:image\" content=\"https:\/\/chemgramx.com\/wp-content\/uploads\/2025\/11\/1d-lsd-150mcg-blotters-chem-store-online.png\" \/>\n\t<meta property=\"og:image:width\" content=\"659\" \/>\n\t<meta property=\"og:image:height\" content=\"561\" \/>\n\t<meta property=\"og:image:type\" content=\"image\/png\" \/>\n<meta name=\"twitter:card\" content=\"summary_large_image\" \/>\n<meta name=\"twitter:label1\" content=\"Becs\u00fclt olvas\u00e1si id\u0151\" \/>\n\t<meta name=\"twitter:data1\" content=\"5 perc\" \/>\n<script type=\"application\/ld+json\" class=\"yoast-schema-graph\">{\"@context\":\"https:\\\/\\\/schema.org\",\"@graph\":[{\"@type\":\"WebPage\",\"@id\":\"https:\\\/\\\/chemgramx.com\\\/product\\\/1d-lsd-150mcg-blotters-kaufen\\\/\",\"url\":\"https:\\\/\\\/chemgramx.com\\\/product\\\/1d-lsd-150mcg-blotters-kaufen\\\/\",\"name\":\"1D-LSD Blotters Kaufen | 150mcg | Research ChemicalChemgramx\",\"isPartOf\":{\"@id\":\"https:\\\/\\\/chemgramx.com\\\/#website\"},\"primaryImageOfPage\":{\"@id\":\"https:\\\/\\\/chemgramx.com\\\/product\\\/1d-lsd-150mcg-blotters-kaufen\\\/#primaryimage\"},\"image\":{\"@id\":\"https:\\\/\\\/chemgramx.com\\\/product\\\/1d-lsd-150mcg-blotters-kaufen\\\/#primaryimage\"},\"thumbnailUrl\":\"https:\\\/\\\/chemgramx.com\\\/wp-content\\\/uploads\\\/2025\\\/11\\\/1d-lsd-150mcg-blotters-chem-store-online.png\",\"datePublished\":\"2025-11-21T11:13:36+00:00\",\"dateModified\":\"2025-12-09T07:29:03+00:00\",\"description\":\"1D-LSD 150mcg Blotters kaufen - Forschungschemikalie in Blotter-Form. F\u00fcr wissenschaftliche Analysen. Laborgepr\u00fcft & diskret.\",\"breadcrumb\":{\"@id\":\"https:\\\/\\\/chemgramx.com\\\/product\\\/1d-lsd-150mcg-blotters-kaufen\\\/#breadcrumb\"},\"inLanguage\":\"hu\",\"potentialAction\":[{\"@type\":\"ReadAction\",\"target\":[\"https:\\\/\\\/chemgramx.com\\\/product\\\/1d-lsd-150mcg-blotters-kaufen\\\/\"]}]},{\"@type\":\"ImageObject\",\"inLanguage\":\"hu\",\"@id\":\"https:\\\/\\\/chemgramx.com\\\/product\\\/1d-lsd-150mcg-blotters-kaufen\\\/#primaryimage\",\"url\":\"https:\\\/\\\/chemgramx.com\\\/wp-content\\\/uploads\\\/2025\\\/11\\\/1d-lsd-150mcg-blotters-chem-store-online.png\",\"contentUrl\":\"https:\\\/\\\/chemgramx.com\\\/wp-content\\\/uploads\\\/2025\\\/11\\\/1d-lsd-150mcg-blotters-chem-store-online.png\",\"width\":659,\"height\":561},{\"@type\":\"BreadcrumbList\",\"@id\":\"https:\\\/\\\/chemgramx.com\\\/product\\\/1d-lsd-150mcg-blotters-kaufen\\\/#breadcrumb\",\"itemListElement\":[{\"@type\":\"ListItem\",\"position\":1,\"name\":\"Home\",\"item\":\"https:\\\/\\\/chemgramx.com\\\/\"},{\"@type\":\"ListItem\",\"position\":2,\"name\":\"Shop\",\"item\":\"https:\\\/\\\/chemgramx.com\\\/shop\\\/\"},{\"@type\":\"ListItem\",\"position\":3,\"name\":\"1D-LSD 150mcg Blotters kaufen\"}]},{\"@type\":\"WebSite\",\"@id\":\"https:\\\/\\\/chemgramx.com\\\/#website\",\"url\":\"https:\\\/\\\/chemgramx.com\\\/\",\"name\":\"Chemgramx\",\"description\":\"\",\"publisher\":{\"@id\":\"https:\\\/\\\/chemgramx.com\\\/#organization\"},\"potentialAction\":[{\"@type\":\"SearchAction\",\"target\":{\"@type\":\"EntryPoint\",\"urlTemplate\":\"https:\\\/\\\/chemgramx.com\\\/?s={search_term_string}\"},\"query-input\":{\"@type\":\"PropertyValueSpecification\",\"valueRequired\":true,\"valueName\":\"search_term_string\"}}],\"inLanguage\":\"hu\"},{\"@type\":\"Organization\",\"@id\":\"https:\\\/\\\/chemgramx.com\\\/#organization\",\"name\":\"Chemgramx\",\"url\":\"https:\\\/\\\/chemgramx.com\\\/\",\"logo\":{\"@type\":\"ImageObject\",\"inLanguage\":\"hu\",\"@id\":\"https:\\\/\\\/chemgramx.com\\\/#\\\/schema\\\/logo\\\/image\\\/\",\"url\":\"https:\\\/\\\/chemgramx.com\\\/wp-content\\\/uploads\\\/2024\\\/10\\\/final-logo.png\",\"contentUrl\":\"https:\\\/\\\/chemgramx.com\\\/wp-content\\\/uploads\\\/2024\\\/10\\\/final-logo.png\",\"width\":250,\"height\":48,\"caption\":\"Chemgramx\"},\"image\":{\"@id\":\"https:\\\/\\\/chemgramx.com\\\/#\\\/schema\\\/logo\\\/image\\\/\"}}]}<\/script>\n<!-- \/ Yoast SEO plugin. -->","yoast_head_json":{"title":"V\u00e1s\u00e1rl\u00e1s 1D-LSD Blotters | 150mcg | Kutat\u00e1si ChemicalChemgramx","description":"V\u00e1s\u00e1rl\u00e1s 1D-LSD 150mcg Blotters - Kutat\u00e1si vegyi anyag blotter form\u00e1j\u00e1ban. Tudom\u00e1nyos elemz\u00e9sekhez. Laborat\u00f3riumban tesztelt \u00e9s diszkr\u00e9t.","robots":{"index":"index","follow":"follow","max-snippet":"max-snippet:-1","max-image-preview":"max-image-preview:large","max-video-preview":"max-video-preview:-1"},"canonical":"https:\/\/chemgramx.com\/hu\/termek-1\/vasarolni-1d-lsd-150mcg-blotters\/","og_locale":"hu_HU","og_type":"article","og_title":"1D-LSD Blotters Kaufen | 150mcg | Research ChemicalChemgramx","og_description":"1D-LSD 150mcg Blotters kaufen - Forschungschemikalie in Blotter-Form. F\u00fcr wissenschaftliche Analysen. Laborgepr\u00fcft & diskret.","og_url":"https:\/\/chemgramx.com\/hu\/termek-1\/vasarolni-1d-lsd-150mcg-blotters\/","og_site_name":"Chemgramx","article_modified_time":"2025-12-09T07:29:03+00:00","og_image":[{"width":659,"height":561,"url":"https:\/\/chemgramx.com\/wp-content\/uploads\/2025\/11\/1d-lsd-150mcg-blotters-chem-store-online.png","type":"image\/png"}],"twitter_card":"summary_large_image","twitter_misc":{"Becs\u00fclt olvas\u00e1si id\u0151":"5 perc"},"schema":{"@context":"https:\/\/schema.org","@graph":[{"@type":"WebPage","@id":"https:\/\/chemgramx.com\/product\/1d-lsd-150mcg-blotters-kaufen\/","url":"https:\/\/chemgramx.com\/product\/1d-lsd-150mcg-blotters-kaufen\/","name":"V\u00e1s\u00e1rl\u00e1s 1D-LSD Blotters | 150mcg | Kutat\u00e1si ChemicalChemgramx","isPartOf":{"@id":"https:\/\/chemgramx.com\/#website"},"primaryImageOfPage":{"@id":"https:\/\/chemgramx.com\/product\/1d-lsd-150mcg-blotters-kaufen\/#primaryimage"},"image":{"@id":"https:\/\/chemgramx.com\/product\/1d-lsd-150mcg-blotters-kaufen\/#primaryimage"},"thumbnailUrl":"https:\/\/chemgramx.com\/wp-content\/uploads\/2025\/11\/1d-lsd-150mcg-blotters-chem-store-online.png","datePublished":"2025-11-21T11:13:36+00:00","dateModified":"2025-12-09T07:29:03+00:00","description":"V\u00e1s\u00e1rl\u00e1s 1D-LSD 150mcg Blotters - Kutat\u00e1si vegyi anyag blotter form\u00e1j\u00e1ban. Tudom\u00e1nyos elemz\u00e9sekhez. Laborat\u00f3riumban tesztelt \u00e9s diszkr\u00e9t.","breadcrumb":{"@id":"https:\/\/chemgramx.com\/product\/1d-lsd-150mcg-blotters-kaufen\/#breadcrumb"},"inLanguage":"hu","potentialAction":[{"@type":"ReadAction","target":["https:\/\/chemgramx.com\/product\/1d-lsd-150mcg-blotters-kaufen\/"]}]},{"@type":"ImageObject","inLanguage":"hu","@id":"https:\/\/chemgramx.com\/product\/1d-lsd-150mcg-blotters-kaufen\/#primaryimage","url":"https:\/\/chemgramx.com\/wp-content\/uploads\/2025\/11\/1d-lsd-150mcg-blotters-chem-store-online.png","contentUrl":"https:\/\/chemgramx.com\/wp-content\/uploads\/2025\/11\/1d-lsd-150mcg-blotters-chem-store-online.png","width":659,"height":561},{"@type":"BreadcrumbList","@id":"https:\/\/chemgramx.com\/product\/1d-lsd-150mcg-blotters-kaufen\/#breadcrumb","itemListElement":[{"@type":"ListItem","position":1,"name":"Home","item":"https:\/\/chemgramx.com\/"},{"@type":"ListItem","position":2,"name":"Shop","item":"https:\/\/chemgramx.com\/shop\/"},{"@type":"ListItem","position":3,"name":"1D-LSD 150mcg Blotters kaufen"}]},{"@type":"WebSite","@id":"https:\/\/chemgramx.com\/#website","url":"https:\/\/chemgramx.com\/","name":"Chemgramx","description":"","publisher":{"@id":"https:\/\/chemgramx.com\/#organization"},"potentialAction":[{"@type":"SearchAction","target":{"@type":"EntryPoint","urlTemplate":"https:\/\/chemgramx.com\/?s={search_term_string}"},"query-input":{"@type":"PropertyValueSpecification","valueRequired":true,"valueName":"search_term_string"}}],"inLanguage":"hu"},{"@type":"Organization","@id":"https:\/\/chemgramx.com\/#organization","name":"Chemgramx","url":"https:\/\/chemgramx.com\/","logo":{"@type":"ImageObject","inLanguage":"hu","@id":"https:\/\/chemgramx.com\/#\/schema\/logo\/image\/","url":"https:\/\/chemgramx.com\/wp-content\/uploads\/2024\/10\/final-logo.png","contentUrl":"https:\/\/chemgramx.com\/wp-content\/uploads\/2024\/10\/final-logo.png","width":250,"height":48,"caption":"Chemgramx"},"image":{"@id":"https:\/\/chemgramx.com\/#\/schema\/logo\/image\/"}}]}},"_links":{"self":[{"href":"https:\/\/chemgramx.com\/hu\/wp-json\/wp\/v2\/product\/7219","targetHints":{"allow":["GET"]}}],"collection":[{"href":"https:\/\/chemgramx.com\/hu\/wp-json\/wp\/v2\/product"}],"about":[{"href":"https:\/\/chemgramx.com\/hu\/wp-json\/wp\/v2\/types\/product"}],"replies":[{"embeddable":true,"href":"https:\/\/chemgramx.com\/hu\/wp-json\/wp\/v2\/comments?post=7219"}],"wp:featuredmedia":[{"embeddable":true,"href":"https:\/\/chemgramx.com\/hu\/wp-json\/wp\/v2\/media\/7245"}],"wp:attachment":[{"href":"https:\/\/chemgramx.com\/hu\/wp-json\/wp\/v2\/media?parent=7219"}],"wp:term":[{"taxonomy":"product_brand","embeddable":true,"href":"https:\/\/chemgramx.com\/hu\/wp-json\/wp\/v2\/product_brand?post=7219"},{"taxonomy":"product_cat","embeddable":true,"href":"https:\/\/chemgramx.com\/hu\/wp-json\/wp\/v2\/product_cat?post=7219"},{"taxonomy":"product_tag","embeddable":true,"href":"https:\/\/chemgramx.com\/hu\/wp-json\/wp\/v2\/product_tag?post=7219"}],"curies":[{"name":"wp","href":"https:\/\/api.w.org\/{rel}","templated":true}]}}