{"id":7224,"date":"2025-11-21T11:13:37","date_gmt":"2025-11-21T11:13:37","guid":{"rendered":"https:\/\/chemgramx.com\/?post_type=product&#038;p=7224"},"modified":"2025-11-21T11:15:08","modified_gmt":"2025-11-21T11:15:08","slug":"vasarolni-szeder-kush-buborek-hasis","status":"publish","type":"product","link":"https:\/\/chemgramx.com\/hu\/termek-2\/vasarolni-szeder-kush-buborek-hasis\/","title":{"rendered":"V\u00e1s\u00e1rl\u00e1s Blackberry Kush Bubble Hash"},"content":{"rendered":"<p>Fedezze fel most a <b>Blackberry Kush Bubble Hash<\/b>, egy rendk\u00edv\u00fcli <b>Pr\u00e9mium jeges v\u00edz Hash<\/b>, amelyet kiemelked\u0151 tisztas\u00e1ga \u00e9s a n\u00e9pszer\u0171 Blackberry Kush t\u00f6rzs intenz\u00edv \u00edze miatt \u00e9rt\u00e9kelnek. Ezt a koncentr\u00e1tumot az al\u00e1bbi jellemz\u0151k jellemzik <b>K\u00edm\u00e9letes jeges v\u00edzkivon\u00e1s<\/b> a \u201ebubor\u00e9k hash\u201c n\u00e9ven ismert elj\u00e1r\u00e1s, amelyet a k\u00f6vetkez\u0151k el\u0151\u00e1ll\u00edt\u00e1s\u00e1ra haszn\u00e1lnak <b>legnagyobb tisztas\u00e1g<\/b> a v\u00e9gterm\u00e9k. T\u00f6k\u00e9letes v\u00e1laszt\u00e1s a k\u00f6vetkez\u0151kh\u00f6z <b>ig\u00e9nyes \u00ednyencek<\/b>, akik \u00e9rt\u00e9kelik a tiszta, \u00edzgazdag \u00e9s koncentr\u00e1lt \u00e9lm\u00e9nyt. Ezt \u00e9lvezheti <b>Eredeti term\u00e9k<\/b> vel\u00fcnk <b>online rendel\u00e9s<\/b> \u00e9s a <b>Legjobb \u00e1rak<\/b> \u00e9s egy <b>100% diszkr\u00e9t<\/b> \u00e9s biztons\u00e1gos sz\u00e1ll\u00edt\u00e1s.<\/p>\n<p>Ennek a koncentr\u00e1tumnak a megv\u00e1s\u00e1rl\u00e1sa <b>jogi<\/b> \u00e9s <b>v\u00e9ny n\u00e9lk\u00fcl<\/b> lehets\u00e9ges, \u00e9s garant\u00e1ljuk <b>100% Min\u0151s\u00e9g<\/b>. Biztos\u00edtjuk, hogy minden term\u00e9k\u00fcnk <b>Laborat\u00f3riumban tesztelt<\/b> hogy csak a <b>legjobb<\/b> \u00e9s <b>eredeti<\/b> term\u00e9k. \u00d6n <b>v\u00e1s\u00e1rolj most<\/b> \u00e9s egy gyors, <b>n\u00e9vtelen rendel\u00e9s<\/b> \u00e9s <b>Expressz sz\u00e1ll\u00edt\u00e1s<\/b> menj el.<\/p>\n<h2>Mi a k\u00fcl\u00f6nleges a Blackberry Kush Bubble Hash-ben?<\/h2>\n<p>A Blackberry Kush Bubble Hash-t sz\u00e1mos kiemelked\u0151 tulajdons\u00e1g jellemzi, amelyek megk\u00fcl\u00f6nb\u00f6ztetik a hagyom\u00e1nyos hasist\u00f3l:<\/p>\n<h3>K\u00edm\u00e9letes \u00e9s tiszta extrakci\u00f3<\/h3>\n<p>Az alapot a <b>Legmagasabb tisztas\u00e1g<\/b> a <b>Jeges v\u00edzkiv\u00e9tel<\/b> (bubor\u00e9k hash). Ezzel a m\u00f3dszerrel a tiszta <b>Trichom\u00e1k<\/b> - a gyantamirigyeket, amelyek a hat\u00e1sfok\u00e9rt \u00e9s az \u00edz\u00e9rt felel\u0151sek - jeges v\u00edz \u00e9s szit\u00e1k seg\u00edts\u00e9g\u00e9vel \u00f3vatosan a gyantamirigyekb\u0151l. <b>Kiindul\u00f3 anyag<\/b>, a <b>Tiszta Blackberry Kush vir\u00e1gok<\/b>, elszigetelve. Ez az elj\u00e1r\u00e1s elker\u00fcli az agressz\u00edv k\u00e9miai old\u00f3szerek haszn\u00e1lat\u00e1t, \u00e9s olyan koncentr\u00e1tumot eredm\u00e9nyez, amely kiemelked\u0151 min\u0151s\u00e9g\u0171 <b>100% Min\u0151s\u00e9g<\/b> van. Ez egy <b>Eredeti term\u00e9k<\/b>hogy <b>Laborat\u00f3riumban tesztelt<\/b> \u00e9s akinek <b>M\u00e1rka min\u0151s\u00e9ge<\/b> csak itt \u00e9rhet\u0151 el.<\/p>\n<h3>Intenz\u00edv \u00e9rz\u00e9kszervi profil<\/h3>\n<p>A term\u00e9k leny\u0171g\u00f6z\u0151 a <b>Intenz\u00edv \u00edz<\/b> jellemz\u0151en <b>A Blackberry Kush gy\u00fcm\u00f6lcs\u00f6s \u00e9s bogy\u00f3s jegyei<\/b>. Ez a profil gazdag, \u00e9s finom f\u00f6ldes alapt\u00f3nusok eg\u00e9sz\u00edtik ki. A <b>\u00cdzek<\/b> a <b>\u00c9desk\u00e9s<\/b> \u00e9s tiszta <b>bogy\u00f3<\/b>, a klasszikus Kush jegyek enyhe \u00e1rnyalat\u00e1val, ami egy olyan <b>\u00e9rz\u00e9ki \u00e9lm\u00e9ny<\/b> teszi. A <b>F\u00fcst\/p\u00e1rolg\u00e1s viselked\u00e9se<\/b> mint <b>Sima \u00e9s \u00edzl\u00e9ses<\/b> ami hangs\u00falyozza a koncentr\u00e1tum tisztas\u00e1g\u00e1t.<\/p>\n<h3>Hat\u00e1ser\u0151 \u00e9s konzisztencia<\/h3>\n<p>A <b>K\u00edm\u00e9letes extrakci\u00f3<\/b> a bubor\u00e9k hash egy <b>Nagy hat\u00e9konys\u00e1g<\/b> mivel szinte kiz\u00e1r\u00f3lag <b>tiszta trichom\u00e1k<\/b> l\u00e9tezik. A <b>K\u00f6vetkezetess\u00e9g<\/b> a haszn\u00e1lt szit\u00e1k finoms\u00e1g\u00e1t\u00f3l f\u00fcgg\u0151en v\u00e1ltozhat, a k\u00f6vetkez\u0151 \u00e9rt\u00e9kekt\u0151l f\u00fcgg\u0151en <b>homokt\u00f3l ragacsosig<\/b>. A <b>Sz\u00ednes<\/b> jellemz\u0151en <b>Vil\u00e1gosbarn\u00e1t\u00f3l a k\u00f6z\u00e9pbarn\u00e1ig, finom aranysz\u00edn\u0171 t\u00fckr\u00f6z\u0151d\u00e9ssel<\/b>, a koncentr\u00e1ci\u00f3 \u00e9s a tisztas\u00e1g vizu\u00e1lis jele.<\/p>\n<h2>Hat\u00e1sprofil \u00e9s alkalmaz\u00e1s<\/h2>\n<p>A Blackberry Kush Bubble Hash a k\u00f6vetkez\u0151 tulajdons\u00e1gokkal rendelkezik <b>kiegyens\u00falyozott<\/b> \u00e9s sokoldal\u00fa <b>Hat\u00e1sprofil<\/b>hogy <b>fizikailag \u00e9s szellemileg is<\/b> kellemes.<\/p>\n<h3>Hat\u00e1s tulajdons\u00e1gok<\/h3>\n<p>A <b>A hat\u00e1s kezdete<\/b> a <b>Gyors \u00e9s tiszta<\/b>, an\u00e9lk\u00fcl, hogy nyomaszt\u00f3 \u00e9rz\u00e9st okozna. A <b>Testhat\u00e1s<\/b> a <b>pihentet\u0151<\/b>, de <b>nem szed\u00e1l\u00f3<\/b>, ami ide\u00e1lis a mindennapi haszn\u00e1latra. A <b>Ment\u00e1lis hat\u00e1s<\/b> az \u00fagynevezett <b>Euf\u00f3rikus \u00e9s kreat\u00edv<\/b> le\u00edrta, hogy mi <b>Az \u00f6sszpontos\u00edt\u00e1s \u00e9s az \u00f6tletek \u00e1raml\u00e1s\u00e1nak el\u0151seg\u00edt\u00e9se<\/b> hozz\u00e1j\u00e1rul. A <b>A cselekv\u00e9s id\u0151tartama<\/b> a <b>tart\u00f3s<\/b>, \u00e1ltal\u00e1ban 2-3 \u00f3ra k\u00f6z\u00f6tt.<\/p>\n<h3>Ide\u00e1lis alkalmaz\u00e1si ter\u00fcletek<\/h3>\n<ul>\n<li><b>Kreat\u00edv projektek:<\/b> A <b>euf\u00f3rikus \u00e9s kreat\u00edv<\/b> hat\u00e1s ide\u00e1lis a <b>Az \u00f6sszpontos\u00edt\u00e1s \u00e9s az \u00f6tletek \u00e1raml\u00e1s\u00e1nak el\u0151seg\u00edt\u00e9se<\/b>.<\/li>\n<li><b>T\u00e1rsas\u00e1gi alkalmak:<\/b> Ez l\u00e9trehoz egy <b>Nyugodt, vid\u00e1m l\u00e9gk\u00f6r<\/b>, t\u00f6k\u00e9letes inform\u00e1lis \u00f6sszej\u00f6vetelekhez.<\/li>\n<li><b>Pihen\u00e9s:<\/b> Ide\u00e1lis <b>Egyens\u00faly egy hossz\u00fa nap ut\u00e1n<\/b>, a ment\u00e1lis tiszt\u00e1nl\u00e1t\u00e1s k\u00e1rosod\u00e1sa n\u00e9lk\u00fcl.<\/li>\n<li><b>\u00cdz\u00e9lm\u00e9ny:<\/b> A <b>\u00cdzletes \u00e9lm\u00e9ny<\/b> k\u00fcl\u00f6nleges luxus\u00e9lelmiszerr\u00e9 teszi.<\/li>\n<\/ul>\n<h2>Fogyaszt\u00e1si m\u00f3dszerek - Sokoldal\u00fa alkalmaz\u00e1s<\/h2>\n<p>A koncentr\u00e1tum ide\u00e1lis <b>Sokoldal\u00fa alkalmaz\u00e1s<\/b> \u00e9s k\u00fcl\u00f6n\u00f6sen alkalmas a modern koncentr\u00e1lt k\u00e9sz\u00fcl\u00e9kekhez:<\/p>\n<h3>Aj\u00e1nlott Koncentr\u00e1tum eszk\u00f6z\u00f6kh\u00f6z<\/h3>\n<ul>\n<li><b>P\u00e1rologtat\u00f3:<\/b> Felhaszn\u00e1l\u00e1s a <b>speci\u00e1lis koncentr\u00e1tum kamr\u00e1k vagy p\u00e1rn\u00e1k<\/b> a tiszta \u00e9s hat\u00e9kony p\u00e1rologtat\u00e1s \u00e9rdek\u00e9ben.<\/li>\n<li><b>Dab Rig:<\/b> Vajon a <b>a legintenz\u00edvebb, legtiszt\u00e1bb \u00e9lm\u00e9ny<\/b> pontosan szab\u00e1lyozott h\u0151m\u00e9rs\u00e9kleten t\u00f6rt\u00e9n\u0151 elp\u00e1rologtat\u00e1ssal.<\/li>\n<li><b>E-Nail:<\/b> Enged\u00e9lyezi a <b>Pontos h\u0151m\u00e9rs\u00e9klet-szab\u00e1lyoz\u00e1s<\/b> az optim\u00e1lis \u00edz \u00e9s hat\u00e1s \u00e9rdek\u00e9ben.<\/li>\n<\/ul>\n<h3>Hagyom\u00e1nyos m\u00f3dszerek (k\u00edm\u00e9letesen adagolva)<\/h3>\n<ul>\n<li><b>Tetej\u00e9re:<\/b> Egy kis mennyis\u00e9g is <b>Vir\u00e1gokon egy jointban vagy egy t\u00e1lban<\/b> a hat\u00e9konys\u00e1g \u00e9s az \u00edz fokoz\u00e1sa \u00e9rdek\u00e9ben.<\/li>\n<li><b>Moonrocks:<\/b> Felhaszn\u00e1lhat\u00f3 a k\u00f6vetkez\u0151k el\u0151\u00e1ll\u00edt\u00e1s\u00e1ra <b>Moonrocks<\/b>, ahol a vir\u00e1gokat koncentr\u00e1tummal vonj\u00e1k be.<\/li>\n<li><b>Cs\u0151:<\/b> Haszn\u00e1lhat\u00f3 <b>speci\u00e1lis koncentr\u00e1tum s\u00edp<\/b> \u00e9lvezhet\u0151.<\/li>\n<\/ul>\n<h2>Biztons\u00e1gos v\u00e1s\u00e1rl\u00e1s \u00e9s diszkr\u00e9t szolg\u00e1ltat\u00e1s<\/h2>\n<p>Lehet\u0151s\u00e9get k\u00edn\u00e1lunk \u00d6nnek arra, hogy megv\u00e1s\u00e1rolja ezt a pr\u00e9mium term\u00e9ket. <b>V\u00e1s\u00e1roljon k\u00f6zvetlen\u00fcl<\/b> hogy k\u00e9pes legyen <b>Diszkr\u00e9ci\u00f3 \u00e9s biztons\u00e1g<\/b> els\u0151bbs\u00e9get \u00e9lveznek.<\/p>\n<h3>Rendel\u00e9s kock\u00e1zat n\u00e9lk\u00fcl<\/h3>\n<p>Haszn\u00e1lhatja a Blackberry Kush Bubble Hash-t <b>v\u00e9ny n\u00e9lk\u00fcl<\/b> \u00e9s <b>jogi<\/b> <b>online rendel\u00e9s<\/b>. Garant\u00e1ljuk a <b>n\u00e9vtelen rendel\u00e9s<\/b> \u00e9s a legmagasabb szint\u0171 szabv\u00e1nyoknak val\u00f3 megfelel\u00e9s <b>V\u00e1s\u00e1roljon biztons\u00e1gosan<\/b>. A term\u00e9k <b>Rendeljen 100% biztons\u00e1gosan - v\u00e9ny n\u00e9lk\u00fcl<\/b> rendelkez\u00e9sre \u00e1ll.<\/p>\n<h3>Sz\u00e1ll\u00edt\u00e1s \u00e9s k\u00e9zbes\u00edt\u00e9s<\/h3>\n<p>A <b>Expressz sz\u00e1ll\u00edt\u00e1s<\/b> garant\u00e1lja a <b>Gyors, nyomon k\u00f6vethet\u0151 sz\u00e1ll\u00edt\u00e1s<\/b> 1-3 munkanapon bel\u00fcl. A szolg\u00e1ltat\u00e1s <b>100% diszkr\u00e9ten rendelni - Expressz sz\u00e1ll\u00edt\u00e1s<\/b>. A megrendel\u00e9s\u00e9t a <b>semleges, l\u00e9gmentes csomagol\u00e1s<\/b> sz\u00e1ll\u00edtott, mivel term\u00e9keink <b>n\u00e9vtelen\u00fcl k\u00fcld\u00f6tt<\/b> \u00e9s <b>diszkr\u00e9ten sz\u00e1ll\u00edtva<\/b> lesz. Garant\u00e1ljuk <b>Sz\u00e1ll\u00edt\u00e1s N\u00e9metorsz\u00e1gba probl\u00e9ma n\u00e9lk\u00fcl<\/b>, <b>Sz\u00e1ll\u00edt\u00e1s Sv\u00e1jcba probl\u00e9ma n\u00e9lk\u00fcl<\/b> \u00e9s <b>Sz\u00e1ll\u00edt\u00e1s Ausztri\u00e1ba probl\u00e9ma n\u00e9lk\u00fcl<\/b>. Akkor <b>v\u00e1s\u00e1rolj most<\/b> \u00e9s profit.<\/p>\n<h3>Min\u0151s\u00e9g \u00e9s bizalom<\/h3>\n<p>Kiz\u00e1r\u00f3lag a k\u00f6vetkez\u0151ket k\u00edn\u00e1ljuk <b>Laborat\u00f3riumban tesztelt<\/b>e term\u00e9kek, ami a mi biztos\u00edt\u00e9kunk arra, hogy <b>Kiv\u00e1l\u00f3 min\u0151s\u00e9g<\/b> \u00e9s <b>100% Min\u0151s\u00e9g<\/b> al\u00e1t\u00e1masztva. Ez egy <b>Eredeti term\u00e9k<\/b>, akiknek <b>M\u00e1rka min\u0151s\u00e9ge<\/b> f\u00fcggetlen vizsg\u00e1latokkal meger\u0151s\u00edtik. Haszn\u00e1lja a <b>Egyszer\u0171 rendel\u00e9s<\/b> \u00e9s a <b>Biztons\u00e1gos fizet\u00e9si feldolgoz\u00e1s<\/b> (k\u00fcl\u00f6nb\u00f6z\u0151 lehet\u0151s\u00e9gek \u00e1llnak rendelkez\u00e9sre), \u00e9s \u00e9lvezze a k\u00f6vetkez\u0151 el\u0151ny\u00f6ket <b>olcs\u00f3n v\u00e1s\u00e1rolni<\/b> \u00e9s <b>Legjobb \u00e1r<\/b> a mi <b>K\u00fcl\u00f6nleges aj\u00e1nlatok<\/b>.<\/p>\n<p>&nbsp;<\/p>\n<h2>Megfelel\u0151 t\u00e1rol\u00e1s a hossz\u00fa t\u00e1v\u00fa \u00e9lvezet \u00e9rdek\u00e9ben<\/h2>\n<p>A tiszta koncentr\u00e1tum form\u00e1ja miatt a <b>Optim\u00e1lis t\u00e1rol\u00e1s<\/b> a bubor\u00e9k <a href=\"\/hu\/termek-2\/vasarolni-fekete-arany-hasis\/\">Hashs<\/a> d\u00f6nt\u0151 a <b>Tart\u00f3ss\u00e1g<\/b> \u00e9s a <b>A min\u0151s\u00e9g fenntart\u00e1sa<\/b>.<\/p>\n<h3>Optim\u00e1lis t\u00e1rol\u00e1s<\/h3>\n<ul>\n<li><b>H\u0151m\u00e9rs\u00e9klet:<\/b> A koncentr\u00e1tumnak <b>H\u0171ts\u00fck le (2-8\u00b0C a h\u0171t\u0151szekr\u00e9nyben).<\/b> t\u00e1rolni kell. Az alacsony h\u0151m\u00e9rs\u00e9klet meg\u0151rzi a <b>Terp\u00e9nek<\/b> \u00e9s megakad\u00e1lyozz\u00e1k a kannabinoidok leboml\u00e1s\u00e1t.<\/li>\n<li><b>Kont\u00e9ner:<\/b> Meg kell <b>L\u00e9gmentes<\/b> t\u00e1rolni kell, <b>Lehet\u0151leg \u00fcveg<\/b>, a nedvess\u00e9g \u00e9s a szennyez\u0151d\u00e9s elker\u00fcl\u00e9se \u00e9rdek\u00e9ben.<\/li>\n<li><b>F\u00e9nyv\u00e9delem:<\/b> A term\u00e9k <b>V\u00e9d az UV-f\u00e9nyt\u0151l<\/b>, mivel a f\u00e9ny negat\u00edv hat\u00e1ssal van a hat\u00e9konys\u00e1gra.<\/li>\n<li><b>Kezel\u00e9s:<\/b> Mindig dolgozz <b>Tiszta szersz\u00e1mokkal<\/b>, a szennyez\u0151d\u00e9s elker\u00fcl\u00e9se \u00e9rdek\u00e9ben.<\/li>\n<\/ul>\n<p>A  c\u00edmen <b>megfelel\u0151 t\u00e1rol\u00e1s<\/b> l\u00e9trehozhat egy <b>Minimum 12+ h\u00f3napos eltarthat\u00f3s\u00e1gi id\u0151<\/b> h\u0171v\u00f6s, s\u00f6t\u00e9t \u00e9s l\u00e9gmentes t\u00e1rol\u00e1s v\u00e1rhat\u00f3. <b>d\u00f6nt\u0151<\/b> a <b>A min\u0151s\u00e9g fenntart\u00e1sa<\/b> az.<\/p>\n<p>&nbsp;<\/p>\n<h2>Gyakran ism\u00e9telt k\u00e9rd\u00e9sek a Ice Water Hash-r\u0151l<\/h2>\n<p>Szeretn\u00e9nk megmutatni a <b>V\u00e1s\u00e1roljon biztons\u00e1gosan<\/b> a lehet\u0151 leg\u00e1tl\u00e1that\u00f3bb folyamat.<\/p>\n<p><b>K: Mi is pontosan a bubor\u00e9k hash?<\/b><br \/>\nV: A bubor\u00e9k hash egy <b>a hasis tiszta form\u00e1ja<\/b>, amelyet mechanikus elj\u00e1r\u00e1ssal nyernek: a <b>Fagyasztott kannabisz szit\u00e1l\u00e1sa jeges v\u00edzben<\/b>, a tiszta, er\u0151s trichom\u00e1k izol\u00e1l\u00e1sa. Ice Water Hash n\u00e9ven is ismert.<\/p>\n<p><b>K: Kinek aj\u00e1nlott ez a koncentr\u00e1tum?<\/b><br \/>\nV: Ide\u00e1lis <b>mindkett\u0151 a tapasztalt koncentr\u00e1tum szerelmeseinek<\/b> valamint <b>azoknak, akik tiszta, \u00edzletes \u00e9lm\u00e9nyt keresnek<\/b>. Az \u0151 <b>kiegyens\u00falyozott hat\u00e1s<\/b> hozz\u00e1f\u00e9rhet\u0151bb\u00e9 teszi, mint n\u00e9h\u00e1ny m\u00e1s, nagy hat\u00e1s\u00fa koncentr\u00e1tumot.<\/p>\n<p><b>K: M\u00e1s a hat\u00e1sa, mint a norm\u00e1l hasisnak?<\/b><br \/>\nV: Igen, a hat\u00e1st gyakran \u00fagy \u00edrj\u00e1k le, hogy <b>Tiszt\u00e1bb \u00e9s \u00edzletesebb<\/b> le\u00edrva, egy <b>vil\u00e1gos, er\u0151s hat\u00e1s<\/b>, amelyet kev\u00e9sb\u00e9 befoly\u00e1sol a n\u00f6v\u00e9nyi anyag.<\/p>\n<p><b>K\u00e9rd\u00e9s: Melyik fogyaszt\u00e1si m\u00f3dszer ny\u00fajtja a legjobb \u00e9lm\u00e9nyt a Blackberry Kush Bubble Hash eset\u00e9ben?<\/b><br \/>\nA: A <b>P\u00e1rologtat\u00f3 koncentr\u00e1tumokhoz vagy dab righez<\/b> a legtiszt\u00e1bb \u00e9lm\u00e9nyt ny\u00fajtj\u00e1k, mivel tartalmazz\u00e1k a teljes terp\u00e9nprofilt \u00e9s a <b>Nagy hat\u00e9konys\u00e1g<\/b> a lehet\u0151 legel\u0151ny\u00f6sebb m\u00f3don.<\/p>\n<p><b>K: Hogyan adagoljam a Bubble Hash-t?<\/b><br \/>\nA: A <b>Koncentr\u00e1lt hat\u00e1s<\/b> a tiszta trichom\u00e1k \u00e1ltal kell <b>Kezdje nagyon takar\u00e9kosan<\/b> - Gyakran sok a <b>Egy gombost\u0171fej nagys\u00e1ga<\/b> aj\u00e1nlott.<\/p>\n<p>\u00c9lvezze a <b>Tisztas\u00e1g \u00e9s \u00edz<\/b> a Blackberry Kush Bubble Hash. Ez k\u00edn\u00e1l egy <b>Kiv\u00e9teles \u00edz\u00e9lm\u00e9ny<\/b> \u00e9s egy <b>Sokoldal\u00fa, kiegyens\u00falyozott hat\u00e1s<\/b>. T\u00f6k\u00e9letes mindenkinek, aki szereti a koncentr\u00e1tumok m\u0171v\u00e9szet\u00e9t \u00e9s a <b>intenz\u00edv \u00edzek<\/b> \u00e9rt\u00e9kelem. <b>V\u00e1s\u00e1roljon k\u00f6zvetlen\u00fcl<\/b> \u00e9s \u00e9lvezze azonnal.<\/p>","protected":false},"excerpt":{"rendered":"<p>V\u00e1s\u00e1roljon Blackberry Kush Bubble Hash: Pr\u00e9mium j\u00e9gvizes hasis intenz\u00edv szeder \u00edzzel \u00e9s kiegyens\u00falyozott hat\u00e1ssal. K\u00edm\u00e9letesen extrah\u00e1lva j\u00e9gvizes extrakci\u00f3val. T\u00f6k\u00e9letes vaporiz\u00e1torokhoz \u00e9s dab rigekhez.<\/p>","protected":false},"featured_media":7262,"comment_status":"open","ping_status":"closed","template":"","meta":{"_joinchat":[]},"product_brand":[],"product_cat":[61],"product_tag":[3172,3167,3168,3173,3171,3169,3170,3174,3175,2897],"class_list":{"0":"post-7224","1":"product","2":"type-product","3":"status-publish","4":"has-post-thumbnail","6":"product_cat-hashish","7":"product_tag-beerig","8":"product_tag-blackberry-kush","9":"product_tag-bubble-hash","10":"product_tag-dab-rig","11":"product_tag-fruchtig","12":"product_tag-ice-water-hash","13":"product_tag-konzentrat","14":"product_tag-potent","15":"product_tag-schonende-extraktion","16":"product_tag-vaporizer","18":"first","19":"instock","20":"shipping-taxable","21":"purchasable","22":"product-type-variable"},"yoast_head":"<!-- This site is optimized with the Yoast SEO plugin v26.3 - https:\/\/yoast.com\/wordpress\/plugins\/seo\/ -->\n<title>Blackberry Kush Bubble Hash Kaufen | Fruchtig &amp; Potent Chemgramx<\/title>\n<meta name=\"description\" content=\"Blackberry Kush Bubble Hash kaufen - Ice Water Hash mit fruchtigem Aroma und potenter Wirkung. Schonend hergestellt, diskret geliefert. Jetzt entdecken!\" \/>\n<meta name=\"robots\" content=\"noindex, follow, max-snippet:-1, max-image-preview:large, max-video-preview:-1\" \/>\n<meta property=\"og:locale\" content=\"hu_HU\" \/>\n<meta property=\"og:type\" content=\"article\" \/>\n<meta property=\"og:title\" content=\"Blackberry Kush Bubble Hash Kaufen | Fruchtig &amp; Potent Chemgramx\" \/>\n<meta property=\"og:description\" content=\"Blackberry Kush Bubble Hash kaufen - Ice Water Hash mit fruchtigem Aroma und potenter Wirkung. Schonend hergestellt, diskret geliefert. Jetzt entdecken!\" \/>\n<meta property=\"og:url\" content=\"https:\/\/chemgramx.com\/hu\/termek-2\/vasarolni-szeder-kush-buborek-hasis\/\" \/>\n<meta property=\"og:site_name\" content=\"Chemgramx\" \/>\n<meta property=\"article:modified_time\" content=\"2025-11-21T11:15:08+00:00\" \/>\n<meta property=\"og:image\" content=\"https:\/\/chemgramx.com\/wp-content\/uploads\/2025\/11\/blackberry-kush-bubble-hash.png\" \/>\n\t<meta property=\"og:image:width\" content=\"300\" \/>\n\t<meta property=\"og:image:height\" content=\"216\" \/>\n\t<meta property=\"og:image:type\" content=\"image\/png\" \/>\n<meta name=\"twitter:card\" content=\"summary_large_image\" \/>\n<meta name=\"twitter:label1\" content=\"Becs\u00fclt olvas\u00e1si id\u0151\" \/>\n\t<meta name=\"twitter:data1\" content=\"6 perc\" \/>\n<script type=\"application\/ld+json\" class=\"yoast-schema-graph\">{\"@context\":\"https:\/\/schema.org\",\"@graph\":[{\"@type\":\"WebPage\",\"@id\":\"https:\/\/chemgramx.com\/product\/blackberry-kush-bubble-hash-kaufen\/\",\"url\":\"https:\/\/chemgramx.com\/product\/blackberry-kush-bubble-hash-kaufen\/\",\"name\":\"Blackberry Kush Bubble Hash Kaufen | Fruchtig &amp; Potent Chemgramx\",\"isPartOf\":{\"@id\":\"https:\/\/chemgramx.com\/#website\"},\"primaryImageOfPage\":{\"@id\":\"https:\/\/chemgramx.com\/product\/blackberry-kush-bubble-hash-kaufen\/#primaryimage\"},\"image\":{\"@id\":\"https:\/\/chemgramx.com\/product\/blackberry-kush-bubble-hash-kaufen\/#primaryimage\"},\"thumbnailUrl\":\"https:\/\/chemgramx.com\/wp-content\/uploads\/2025\/11\/blackberry-kush-bubble-hash.png\",\"datePublished\":\"2025-11-21T11:13:37+00:00\",\"dateModified\":\"2025-11-21T11:15:08+00:00\",\"description\":\"Blackberry Kush Bubble Hash kaufen - Ice Water Hash mit fruchtigem Aroma und potenter Wirkung. Schonend hergestellt, diskret geliefert. Jetzt entdecken!\",\"breadcrumb\":{\"@id\":\"https:\/\/chemgramx.com\/product\/blackberry-kush-bubble-hash-kaufen\/#breadcrumb\"},\"inLanguage\":\"hu\",\"potentialAction\":[{\"@type\":\"ReadAction\",\"target\":[\"https:\/\/chemgramx.com\/product\/blackberry-kush-bubble-hash-kaufen\/\"]}]},{\"@type\":\"ImageObject\",\"inLanguage\":\"hu\",\"@id\":\"https:\/\/chemgramx.com\/product\/blackberry-kush-bubble-hash-kaufen\/#primaryimage\",\"url\":\"https:\/\/chemgramx.com\/wp-content\/uploads\/2025\/11\/blackberry-kush-bubble-hash.png\",\"contentUrl\":\"https:\/\/chemgramx.com\/wp-content\/uploads\/2025\/11\/blackberry-kush-bubble-hash.png\",\"width\":300,\"height\":216},{\"@type\":\"BreadcrumbList\",\"@id\":\"https:\/\/chemgramx.com\/product\/blackberry-kush-bubble-hash-kaufen\/#breadcrumb\",\"itemListElement\":[{\"@type\":\"ListItem\",\"position\":1,\"name\":\"Home\",\"item\":\"https:\/\/chemgramx.com\/\"},{\"@type\":\"ListItem\",\"position\":2,\"name\":\"Shop\",\"item\":\"https:\/\/chemgramx.com\/shop\/\"},{\"@type\":\"ListItem\",\"position\":3,\"name\":\"Blackberry Kush Bubble Hash kaufen\"}]},{\"@type\":\"WebSite\",\"@id\":\"https:\/\/chemgramx.com\/#website\",\"url\":\"https:\/\/chemgramx.com\/\",\"name\":\"Chemgramx\",\"description\":\"\",\"publisher\":{\"@id\":\"https:\/\/chemgramx.com\/#organization\"},\"potentialAction\":[{\"@type\":\"SearchAction\",\"target\":{\"@type\":\"EntryPoint\",\"urlTemplate\":\"https:\/\/chemgramx.com\/?s={search_term_string}\"},\"query-input\":{\"@type\":\"PropertyValueSpecification\",\"valueRequired\":true,\"valueName\":\"search_term_string\"}}],\"inLanguage\":\"hu\"},{\"@type\":\"Organization\",\"@id\":\"https:\/\/chemgramx.com\/#organization\",\"name\":\"Chemgramx\",\"url\":\"https:\/\/chemgramx.com\/\",\"logo\":{\"@type\":\"ImageObject\",\"inLanguage\":\"hu\",\"@id\":\"https:\/\/chemgramx.com\/#\/schema\/logo\/image\/\",\"url\":\"https:\/\/chemgramx.com\/wp-content\/uploads\/2024\/10\/final-logo.png\",\"contentUrl\":\"https:\/\/chemgramx.com\/wp-content\/uploads\/2024\/10\/final-logo.png\",\"width\":250,\"height\":48,\"caption\":\"Chemgramx\"},\"image\":{\"@id\":\"https:\/\/chemgramx.com\/#\/schema\/logo\/image\/\"}}]}<\/script>\n<!-- \/ Yoast SEO plugin. -->","yoast_head_json":{"title":"V\u00e1s\u00e1rl\u00e1s Blackberry Kush Bubble Hash | Gy\u00fcm\u00f6lcs\u00f6s \u00e9s potens Chemgramx","description":"V\u00e1s\u00e1rolja Blackberry Kush Bubble Hash - Jeges vizes hasis gy\u00fcm\u00f6lcs\u00f6s \u00edzzel \u00e9s er\u0151s hat\u00e1ssal. Gondosan el\u0151\u00e1ll\u00edtott, diszkr\u00e9ten sz\u00e1ll\u00edtott. Fedezze fel most!","robots":{"index":"noindex","follow":"follow","max-snippet":"max-snippet:-1","max-image-preview":"max-image-preview:large","max-video-preview":"max-video-preview:-1"},"og_locale":"hu_HU","og_type":"article","og_title":"Blackberry Kush Bubble Hash Kaufen | Fruchtig &amp; Potent Chemgramx","og_description":"Blackberry Kush Bubble Hash kaufen - Ice Water Hash mit fruchtigem Aroma und potenter Wirkung. Schonend hergestellt, diskret geliefert. Jetzt entdecken!","og_url":"https:\/\/chemgramx.com\/hu\/termek-2\/vasarolni-szeder-kush-buborek-hasis\/","og_site_name":"Chemgramx","article_modified_time":"2025-11-21T11:15:08+00:00","og_image":[{"width":300,"height":216,"url":"https:\/\/chemgramx.com\/wp-content\/uploads\/2025\/11\/blackberry-kush-bubble-hash.png","type":"image\/png"}],"twitter_card":"summary_large_image","twitter_misc":{"Becs\u00fclt olvas\u00e1si id\u0151":"6 perc"},"schema":{"@context":"https:\/\/schema.org","@graph":[{"@type":"WebPage","@id":"https:\/\/chemgramx.com\/product\/blackberry-kush-bubble-hash-kaufen\/","url":"https:\/\/chemgramx.com\/product\/blackberry-kush-bubble-hash-kaufen\/","name":"V\u00e1s\u00e1rl\u00e1s Blackberry Kush Bubble Hash | Gy\u00fcm\u00f6lcs\u00f6s \u00e9s potens Chemgramx","isPartOf":{"@id":"https:\/\/chemgramx.com\/#website"},"primaryImageOfPage":{"@id":"https:\/\/chemgramx.com\/product\/blackberry-kush-bubble-hash-kaufen\/#primaryimage"},"image":{"@id":"https:\/\/chemgramx.com\/product\/blackberry-kush-bubble-hash-kaufen\/#primaryimage"},"thumbnailUrl":"https:\/\/chemgramx.com\/wp-content\/uploads\/2025\/11\/blackberry-kush-bubble-hash.png","datePublished":"2025-11-21T11:13:37+00:00","dateModified":"2025-11-21T11:15:08+00:00","description":"V\u00e1s\u00e1rolja Blackberry Kush Bubble Hash - Jeges vizes hasis gy\u00fcm\u00f6lcs\u00f6s \u00edzzel \u00e9s er\u0151s hat\u00e1ssal. Gondosan el\u0151\u00e1ll\u00edtott, diszkr\u00e9ten sz\u00e1ll\u00edtott. Fedezze fel most!","breadcrumb":{"@id":"https:\/\/chemgramx.com\/product\/blackberry-kush-bubble-hash-kaufen\/#breadcrumb"},"inLanguage":"hu","potentialAction":[{"@type":"ReadAction","target":["https:\/\/chemgramx.com\/product\/blackberry-kush-bubble-hash-kaufen\/"]}]},{"@type":"ImageObject","inLanguage":"hu","@id":"https:\/\/chemgramx.com\/product\/blackberry-kush-bubble-hash-kaufen\/#primaryimage","url":"https:\/\/chemgramx.com\/wp-content\/uploads\/2025\/11\/blackberry-kush-bubble-hash.png","contentUrl":"https:\/\/chemgramx.com\/wp-content\/uploads\/2025\/11\/blackberry-kush-bubble-hash.png","width":300,"height":216},{"@type":"BreadcrumbList","@id":"https:\/\/chemgramx.com\/product\/blackberry-kush-bubble-hash-kaufen\/#breadcrumb","itemListElement":[{"@type":"ListItem","position":1,"name":"Home","item":"https:\/\/chemgramx.com\/"},{"@type":"ListItem","position":2,"name":"Shop","item":"https:\/\/chemgramx.com\/shop\/"},{"@type":"ListItem","position":3,"name":"Blackberry Kush Bubble Hash kaufen"}]},{"@type":"WebSite","@id":"https:\/\/chemgramx.com\/#website","url":"https:\/\/chemgramx.com\/","name":"Chemgramx","description":"","publisher":{"@id":"https:\/\/chemgramx.com\/#organization"},"potentialAction":[{"@type":"SearchAction","target":{"@type":"EntryPoint","urlTemplate":"https:\/\/chemgramx.com\/?s={search_term_string}"},"query-input":{"@type":"PropertyValueSpecification","valueRequired":true,"valueName":"search_term_string"}}],"inLanguage":"hu"},{"@type":"Organization","@id":"https:\/\/chemgramx.com\/#organization","name":"Chemgramx","url":"https:\/\/chemgramx.com\/","logo":{"@type":"ImageObject","inLanguage":"hu","@id":"https:\/\/chemgramx.com\/#\/schema\/logo\/image\/","url":"https:\/\/chemgramx.com\/wp-content\/uploads\/2024\/10\/final-logo.png","contentUrl":"https:\/\/chemgramx.com\/wp-content\/uploads\/2024\/10\/final-logo.png","width":250,"height":48,"caption":"Chemgramx"},"image":{"@id":"https:\/\/chemgramx.com\/#\/schema\/logo\/image\/"}}]}},"_links":{"self":[{"href":"https:\/\/chemgramx.com\/hu\/wp-json\/wp\/v2\/product\/7224","targetHints":{"allow":["GET"]}}],"collection":[{"href":"https:\/\/chemgramx.com\/hu\/wp-json\/wp\/v2\/product"}],"about":[{"href":"https:\/\/chemgramx.com\/hu\/wp-json\/wp\/v2\/types\/product"}],"replies":[{"embeddable":true,"href":"https:\/\/chemgramx.com\/hu\/wp-json\/wp\/v2\/comments?post=7224"}],"wp:featuredmedia":[{"embeddable":true,"href":"https:\/\/chemgramx.com\/hu\/wp-json\/wp\/v2\/media\/7262"}],"wp:attachment":[{"href":"https:\/\/chemgramx.com\/hu\/wp-json\/wp\/v2\/media?parent=7224"}],"wp:term":[{"taxonomy":"product_brand","embeddable":true,"href":"https:\/\/chemgramx.com\/hu\/wp-json\/wp\/v2\/product_brand?post=7224"},{"taxonomy":"product_cat","embeddable":true,"href":"https:\/\/chemgramx.com\/hu\/wp-json\/wp\/v2\/product_cat?post=7224"},{"taxonomy":"product_tag","embeddable":true,"href":"https:\/\/chemgramx.com\/hu\/wp-json\/wp\/v2\/product_tag?post=7224"}],"curies":[{"name":"wp","href":"https:\/\/api.w.org\/{rel}","templated":true}]}}