{"id":7331,"date":"2025-11-21T11:15:12","date_gmt":"2025-11-21T11:15:12","guid":{"rendered":"https:\/\/chemgramx.com\/?post_type=product&#038;p=7331"},"modified":"2025-11-21T11:17:03","modified_gmt":"2025-11-21T11:17:03","slug":"kiwi-szenvedely-gyuemoelcs-guava-2000mg-cbd-eldobhato-vape","status":"publish","type":"product","link":"https:\/\/chemgramx.com\/hu\/product\/kiwi-passion-fruit-guava-2000mg-cbd-disposable-vape\/","title":{"rendered":"Kiwi Passion Fruit Guava 2000mg CBD eldobhat\u00f3 Vape"},"content":{"rendered":"<p>A <b>Cannabidiol (CBD)<\/b> a  oldalon. <b>Eldobhat\u00f3 p\u00e1rologtat\u00f3k (eldobhat\u00f3)<\/b> az alkalmaz\u00e1s modern form\u00e1ja. <b>Te<\/b> lehet\u0151v\u00e9 teszi a hat\u00f3anyag gyors felsz\u00edv\u00f3d\u00e1s\u00e1t. <b>K\u00fcl\u00f6n\u00f6sen<\/b> A magas CBD-tartalm\u00fa term\u00e9kek (ebben az esetben 2000 mg) a kutat\u00f3k \u00e9rdekl\u0151d\u00e9s\u00e9re tartanak sz\u00e1mot, mivel megk\u00f6nny\u00edtik a k\u00f6vetkez\u0151k tanulm\u00e1nyoz\u00e1s\u00e1t <b>D\u00f3zis-v\u00e1lasz kapcsolatok<\/b> egyszer\u0171s\u00edteni.<\/p>\n<p>Ez a cikk egy <b>R\u00e9szletes elemz\u00e9s<\/b> a CBD-desztill\u00e1tum, a p\u00e1rologtat\u00e1si technol\u00f3gia \u00e9s a n\u00f6v\u00e9nyi terp\u00e9nek szerepe, k\u00fcl\u00f6n\u00f6s tekintettel a kivi, a maracuja \u00e9s a guava aromaprofilj\u00e1ra. <b>A folyamat sor\u00e1n<\/b> hangs\u00falyozzuk a k\u00f6vetkez\u0151k sz\u00fcks\u00e9gess\u00e9g\u00e9t <b>Laborat\u00f3riumi vizsg\u00e1latok<\/b> a tisztas\u00e1g \u00e9s a THC-megfelel\u0151s\u00e9g garant\u00e1l\u00e1sa \u00e9rdek\u00e9ben N\u00e9metorsz\u00e1gban.<\/p>\n<h2><b>K\u00e9miai \u00f6sszet\u00e9tel \u00e9s extrakci\u00f3<\/b><\/h2>\n<p>A term\u00e9k alapja egy <b>er\u0151sen koncentr\u00e1lt <a href=\"\/product\/black-cbd-oil\/\">CBD-desztill\u00e1tum<\/a><\/b>. <b>Ez a<\/b> t\u00f6bbl\u00e9pcs\u0151s extrakci\u00f3s \u00e9s tiszt\u00edt\u00e1si folyamatot ig\u00e9nyel.<\/p>\n<h4><b>CBD-desztill\u00e1tum \u00e9s tisztas\u00e1g<\/b><\/h4>\n<ul>\n<li><b>Lep\u00e1rl\u00e1s:<\/b> <b>El\u0151sz\u00f6r is<\/b> a CBD-ben gazdag kenderanyagot kivonj\u00e1k. <b>Ezt k\u00f6vet\u0151en<\/b> a nyers kivonatot a k\u00f6vetkez\u0151kkel vonj\u00e1k ki <b>Desztill\u00e1ci\u00f3<\/b> tov\u00e1bb tiszt\u00edtva. <b>Ez a folyamat<\/b> elt\u00e1vol\u00edtja a nemk\u00edv\u00e1natos n\u00f6v\u00e9nyi anyagokat, p\u00e9ld\u00e1ul viaszokat, lipideket \u00e9s klorofillt. <b>Az eredm\u00e9ny<\/b> egy szinte tiszta CBD-koncentr\u00e1tum.<\/li>\n<li><b>Magas koncentr\u00e1ci\u00f3:<\/b> A koncentr\u00e1ci\u00f3 <b>2000 mg<\/b> egy eldobhat\u00f3 term\u00e9kben <b>Nagyon magas<\/b> kategoriz\u00e1lni kell. <b>Ezek a<\/b> koncentr\u00e1ci\u00f3 relev\u00e1ns a kannabidiol hat\u00e9konys\u00e1g\u00e1ra vonatkoz\u00f3 alkalmaz\u00e1si tanulm\u00e1nyok szempontj\u00e1b\u00f3l, meghat\u00e1rozott d\u00f3zisokban.<\/li>\n<\/ul>\n<h4><b>\u00a0Szab\u00e1lyoz\u00e1si megfelel\u00e9s (THC \u00e9s nikotin)<\/b><\/h4>\n<p><b>Mi a fontos<\/b>, hogy az ilyen term\u00e9kek N\u00e9metorsz\u00e1gban \u00e9s az EU-ban a <b>jogi keretrendszer<\/b> a k\u00f6vetkez\u0151kre vonatkoznak. <b>Ez\u00e9rt<\/b> a THC-tartalom <b>a jogszab\u00e1lyban meghat\u00e1rozott hat\u00e1r\u00e9rt\u00e9k alatt<\/b> (jelenleg 0,2 % vagy 0,3 % a v\u00e9gterm\u00e9k sz\u00e1raz t\u00f6meg\u00e9b\u0151l, a szab\u00e1lyoz\u00e1si k\u00f6rnyezett\u0151l f\u00fcgg\u0151en). <b>Ezen k\u00edv\u00fcl<\/b> a <b>Szabads\u00e1g a nikotint\u00f3l<\/b> mint min\u0151s\u00e9gi jellemz\u0151t hangs\u00falyozz\u00e1k.<\/p>\n<p>Az egzotikus \u00edz a term\u00e9szetes \u00e9s n\u00f6v\u00e9nyi terp\u00e9nek komplex kever\u00e9k\u00e9nek k\u00f6sz\u00f6nhet\u0151, amely a <b>Kiwi maracuja guava \u00edz\u0171<\/b> gener\u00e1lni.<\/p>\n<h3><b>Arom\u00e1s profilok \u00e9s k\u00e9miai alapjuk<\/b><\/h3>\n<p>A kiwi, a maracuja \u00e9s a guava tr\u00f3pusi jegyeit a k\u00f6vetkez\u0151 \u00f6sszetev\u0151k hozz\u00e1ad\u00e1s\u00e1val emelik ki <b>term\u00e9szetes \u00e9s n\u00f6v\u00e9nyi terp\u00e9nek<\/b> a desztill\u00e1tum alapba:<\/p>\n<ul>\n<li><b>Gy\u00fcm\u00f6lcs\u00f6s jegyek:<\/b> <b>Az egyik haszn\u00e1lat<\/b> Terp\u00e9nek, mint p\u00e9ld\u00e1ul <b>Limes<\/b> (citrusf\u00e9l\u00e9k\/guava), <b>Linalool<\/b> (vir\u00e1gos\/gy\u00fcm\u00f6lcs\u00f6s) vagy specifikus \u00e9szterek. <b>Ezek a<\/b> felel\u0151sek az \u00e9des \u00e9s gy\u00fcm\u00f6lcs\u00f6s hangs\u00falyok\u00e9rt.<\/li>\n<li><b>Simas\u00e1g:<\/b> <b>Tov\u00e1bb\u00e1<\/b> gyakran <b>z\u00f6lds\u00e9ghordoz\u00f3k<\/b> (propil\u00e9nglikol (PG) vagy n\u00f6v\u00e9nyi glicerin (VG)) kis mennyis\u00e9gben ker\u00fcl hozz\u00e1ad\u00e1sra. <b>Te<\/b> biztos\u00edtja a <b>M\u00e9g a g\u0151z fejl\u0151d\u00e9se is<\/b> \u00e9s l\u00e1gy \u00edze van.<\/li>\n<\/ul>\n<h3><b>\u00cdzintenzit\u00e1s \u00e9s g\u0151z\u00f6l\u00e9si \u00e9lm\u00e9ny<\/b><\/h3>\n<p>A <b>Intenz\u00edv, l\u00e1gy \u00edz<\/b> az ilyen t\u00edpus\u00fa term\u00e9kek egyik legfontosabb jellemz\u0151je. <b>Ez\u00e1ltal<\/b> vonz\u00f3bb\u00e1 teszi a p\u00e1rologtat\u00e1st az \u00e9rz\u00e9kek sz\u00e1m\u00e1ra. <b>A<\/b> A magas CBD-koncentr\u00e1ci\u00f3 \u00e9s a testes \u00edzprofil kombin\u00e1ci\u00f3ja jellemz\u0151 a modern CBD vape k\u00e9sz\u00edtm\u00e9nyekre.<\/p>\n<h2><b>\u00a0Vaping technol\u00f3gia \u00e9s min\u0151s\u00e9gbiztos\u00edt\u00e1s<\/b><\/h2>\n<p>A <b>Eldobhat\u00f3 vape technol\u00f3gia<\/b> az \u00d6n k\u00e9nyelm\u00e9t szolg\u00e1lja, de szigor\u00fa min\u0151s\u00e9gellen\u0151rz\u00e9st ig\u00e9nyel.<\/p>\n<h3><b>\u00a0Az eldobhat\u00f3 term\u00e9kek szerkezete \u00e9s funkci\u00f3ja<\/b><\/h3>\n<ul>\n<li><b>Azonnali m\u0171veleti k\u00e9szenl\u00e9t:<\/b> Az eldobhat\u00f3 vape f\u0151 el\u0151nye az, hogy <b>Plug-and-play funkcionalit\u00e1s<\/b>. <b>Ez<\/b> nincs sz\u00fcks\u00e9g \u00fajrat\u00f6lt\u00e9sre vagy \u00fajrat\u00f6lt\u00e9sre. <b>Ez a<\/b> leegyszer\u0171s\u00edti a mindennapi \u00e9letben val\u00f3 kezel\u00e9st.<\/li>\n<li><b>Ellen\u0151rz\u00f6tt sz\u00e1ll\u00edt\u00e1s:<\/b> Az eszk\u00f6z\u00f6ket \u00fagy tervezt\u00e9k, hogy azok <b>Egyenletes \u00e9s \u00e1lland\u00f3 d\u00f3zis<\/b> CBD-desztill\u00e1tumot inhal\u00e1l\u00e1sonk\u00e9nt. <b>Ezek a<\/b> Az ellen\u0151rizhet\u0151s\u00e9g fontos a CBD t\u00fcd\u0151n kereszt\u00fcli biol\u00f3giai hozz\u00e1f\u00e9rhet\u0151s\u00e9g\u00e9nek kutat\u00e1s\u00e1hoz.<\/li>\n<\/ul>\n<h3><b>A laborat\u00f3riumi vizsg\u00e1latok sz\u00fcks\u00e9gess\u00e9ge<\/b><\/h3>\n<p><b>N\u00e9lk\u00fcl\u00f6zhetetlen<\/b> a piack\u00e9pess\u00e9g \u00e9s a term\u00e9kbiztons\u00e1g <b>Laborat\u00f3riumban tesztelt tisztas\u00e1g<\/b>. <b>Itt<\/b> a k\u00f6vetkez\u0151 pontokat ellen\u0151rzik:<\/p>\n<ul>\n<li><b>Koncentr\u00e1ci\u00f3s pontoss\u00e1g:<\/b> <b>A<\/b> A megadott 2000 mg CBD ellen\u0151rz\u00e9se elengedhetetlen.<\/li>\n<li><b>Szennyez\u0151 anyagok:<\/b> <b>Ez<\/b> az old\u00f3szer-maradv\u00e1nyok, neh\u00e9zf\u00e9mek (amelyek a f\u0171t\u0151elemb\u0151l sz\u00e1rmazhatnak) \u00e9s peszticidek hi\u00e1ny\u00e1t vizsg\u00e1lj\u00e1k.<\/li>\n<li><b>THC-megfelel\u0151s\u00e9g:<\/b> <b>A<\/b> A term\u00e9k jogszer\u0171s\u00e9g\u00e9nek biztos\u00edt\u00e1sa \u00e9rdek\u00e9ben meg kell er\u0151s\u00edteni a t\u00f6rv\u00e9nyes THC-hat\u00e1r\u00e9rt\u00e9k betart\u00e1s\u00e1t.<\/li>\n<\/ul>\n<h2><b>Tudom\u00e1nyos jelent\u0151s\u00e9g<\/b><\/h2>\n<p>A CBD inhal\u00e1l\u00e1ssal t\u00f6rt\u00e9n\u0151 gyors biol\u00f3giai hozz\u00e1f\u00e9rhet\u0151s\u00e9ge a p\u00e1rologtat\u00e1st a kannabidiol hat\u00e1sainak fontos kutat\u00e1si ter\u00fclet\u00e9v\u00e9 teszi:<\/p>\n<ul>\n<li><b>Stressz \u00e9s j\u00f3l\u00e9t:<\/b> <b>Az egyik megvizsg\u00e1lja<\/b> a CBD haszn\u00e1lata az \u00e1ltal\u00e1nos j\u00f3l\u00e9t t\u00e1mogat\u00e1s\u00e1ra \u00e9s a mindennapi stressz cs\u00f6kkent\u00e9s\u00e9re.<\/li>\n<li><b>Gyors hat\u00e1s:<\/b> <b>A<\/b> A t\u00fcd\u0151n kereszt\u00fcl a v\u00e9r\u00e1ramba t\u00f6rt\u00e9n\u0151 gyors felsz\u00edv\u00f3d\u00e1s teszi ezt a m\u00f3dszert relev\u00e1nss\u00e1 olyan vizsg\u00e1latokhoz, amelyekben a CBD gyors hat\u00e1s\u00e1t kell el\u00e9rni.<\/li>\n<\/ul>","protected":false},"excerpt":{"rendered":"<p data-start=\"2282\" data-end=\"2429\">Kiwi Passion Fruit Guava 2000mg CBD Vape - tr\u00f3pusi \u00edz\u0171, azonnal haszn\u00e1lhat\u00f3 \u00e9s laborat\u00f3riumban tesztelt. T\u00f6k\u00e9letes a relax\u00e1ci\u00f3hoz \u00e9s a j\u00f3 k\u00f6z\u00e9rzethez.<\/p>","protected":false},"featured_media":7356,"comment_status":"open","ping_status":"closed","template":"","meta":{"_joinchat":[]},"product_brand":[],"product_cat":[62],"product_tag":[],"class_list":{"0":"post-7331","1":"product","2":"type-product","3":"status-publish","4":"has-post-thumbnail","6":"product_cat-marijuana","8":"first","9":"instock","10":"shipping-taxable","11":"purchasable","12":"product-type-variable"},"yoast_head":"<!-- This site is optimized with the Yoast SEO plugin v27.5 - https:\/\/yoast.com\/product\/yoast-seo-wordpress\/ -->\n<title>Kiwi Passion Fruit Guava CBD Vape 2000mg kaufen<\/title>\n<meta name=\"description\" content=\"Kiwi Passion Fruit Guava 2000mg CBD Vape online kaufen. Tropischer Geschmack, starke CBD-Konzentration und diskreter Versand in Deutschland &amp; EU.\" \/>\n<meta name=\"robots\" content=\"index, follow, max-snippet:-1, max-image-preview:large, max-video-preview:-1\" \/>\n<link rel=\"canonical\" href=\"https:\/\/chemgramx.com\/hu\/termek-1\/kiwi-szenvedely-gyuemoelcs-guava-2000mg-cbd-eldobhato-vape\/\" \/>\n<meta property=\"og:locale\" content=\"hu_HU\" \/>\n<meta property=\"og:type\" content=\"article\" \/>\n<meta property=\"og:title\" content=\"Kiwi Passion Fruit Guava CBD Vape 2000mg kaufen\" \/>\n<meta property=\"og:description\" content=\"Kiwi Passion Fruit Guava 2000mg CBD Vape online kaufen. Tropischer Geschmack, starke CBD-Konzentration und diskreter Versand in Deutschland &amp; EU.\" \/>\n<meta property=\"og:url\" content=\"https:\/\/chemgramx.com\/hu\/termek-1\/kiwi-szenvedely-gyuemoelcs-guava-2000mg-cbd-eldobhato-vape\/\" \/>\n<meta property=\"og:site_name\" content=\"Chemgramx\" \/>\n<meta property=\"article:modified_time\" content=\"2025-11-21T11:17:03+00:00\" \/>\n<meta property=\"og:image\" content=\"https:\/\/chemgramx.com\/wp-content\/uploads\/2025\/11\/kiwi-passion-fruit-guava-2000mg-cbd-disposable-vape.webp\" \/>\n\t<meta property=\"og:image:width\" content=\"1080\" \/>\n\t<meta property=\"og:image:height\" content=\"1080\" \/>\n\t<meta property=\"og:image:type\" content=\"image\/webp\" \/>\n<meta name=\"twitter:card\" content=\"summary_large_image\" \/>\n<meta name=\"twitter:label1\" content=\"Becs\u00fclt olvas\u00e1si id\u0151\" \/>\n\t<meta name=\"twitter:data1\" content=\"3 perc\" \/>\n<script type=\"application\/ld+json\" class=\"yoast-schema-graph\">{\"@context\":\"https:\\\/\\\/schema.org\",\"@graph\":[{\"@type\":\"WebPage\",\"@id\":\"https:\\\/\\\/chemgramx.com\\\/product\\\/kiwi-passion-fruit-guava-2000mg-cbd-disposable-vape\\\/\",\"url\":\"https:\\\/\\\/chemgramx.com\\\/product\\\/kiwi-passion-fruit-guava-2000mg-cbd-disposable-vape\\\/\",\"name\":\"Kiwi Passion Fruit Guava CBD Vape 2000mg kaufen\",\"isPartOf\":{\"@id\":\"https:\\\/\\\/chemgramx.com\\\/#website\"},\"primaryImageOfPage\":{\"@id\":\"https:\\\/\\\/chemgramx.com\\\/product\\\/kiwi-passion-fruit-guava-2000mg-cbd-disposable-vape\\\/#primaryimage\"},\"image\":{\"@id\":\"https:\\\/\\\/chemgramx.com\\\/product\\\/kiwi-passion-fruit-guava-2000mg-cbd-disposable-vape\\\/#primaryimage\"},\"thumbnailUrl\":\"https:\\\/\\\/chemgramx.com\\\/wp-content\\\/uploads\\\/2025\\\/11\\\/kiwi-passion-fruit-guava-2000mg-cbd-disposable-vape.webp\",\"datePublished\":\"2025-11-21T11:15:12+00:00\",\"dateModified\":\"2025-11-21T11:17:03+00:00\",\"description\":\"Kiwi Passion Fruit Guava 2000mg CBD Vape online kaufen. Tropischer Geschmack, starke CBD-Konzentration und diskreter Versand in Deutschland &amp; EU.\",\"breadcrumb\":{\"@id\":\"https:\\\/\\\/chemgramx.com\\\/product\\\/kiwi-passion-fruit-guava-2000mg-cbd-disposable-vape\\\/#breadcrumb\"},\"inLanguage\":\"hu\",\"potentialAction\":[{\"@type\":\"ReadAction\",\"target\":[\"https:\\\/\\\/chemgramx.com\\\/product\\\/kiwi-passion-fruit-guava-2000mg-cbd-disposable-vape\\\/\"]}]},{\"@type\":\"ImageObject\",\"inLanguage\":\"hu\",\"@id\":\"https:\\\/\\\/chemgramx.com\\\/product\\\/kiwi-passion-fruit-guava-2000mg-cbd-disposable-vape\\\/#primaryimage\",\"url\":\"https:\\\/\\\/chemgramx.com\\\/wp-content\\\/uploads\\\/2025\\\/11\\\/kiwi-passion-fruit-guava-2000mg-cbd-disposable-vape.webp\",\"contentUrl\":\"https:\\\/\\\/chemgramx.com\\\/wp-content\\\/uploads\\\/2025\\\/11\\\/kiwi-passion-fruit-guava-2000mg-cbd-disposable-vape.webp\",\"width\":1080,\"height\":1080},{\"@type\":\"BreadcrumbList\",\"@id\":\"https:\\\/\\\/chemgramx.com\\\/product\\\/kiwi-passion-fruit-guava-2000mg-cbd-disposable-vape\\\/#breadcrumb\",\"itemListElement\":[{\"@type\":\"ListItem\",\"position\":1,\"name\":\"Home\",\"item\":\"https:\\\/\\\/chemgramx.com\\\/\"},{\"@type\":\"ListItem\",\"position\":2,\"name\":\"Shop\",\"item\":\"https:\\\/\\\/chemgramx.com\\\/shop\\\/\"},{\"@type\":\"ListItem\",\"position\":3,\"name\":\"Kiwi Passion Fruit Guava 2000mg CBD Disposable Vape\"}]},{\"@type\":\"WebSite\",\"@id\":\"https:\\\/\\\/chemgramx.com\\\/#website\",\"url\":\"https:\\\/\\\/chemgramx.com\\\/\",\"name\":\"Chemgramx\",\"description\":\"\",\"publisher\":{\"@id\":\"https:\\\/\\\/chemgramx.com\\\/#organization\"},\"potentialAction\":[{\"@type\":\"SearchAction\",\"target\":{\"@type\":\"EntryPoint\",\"urlTemplate\":\"https:\\\/\\\/chemgramx.com\\\/?s={search_term_string}\"},\"query-input\":{\"@type\":\"PropertyValueSpecification\",\"valueRequired\":true,\"valueName\":\"search_term_string\"}}],\"inLanguage\":\"hu\"},{\"@type\":\"Organization\",\"@id\":\"https:\\\/\\\/chemgramx.com\\\/#organization\",\"name\":\"Chemgramx\",\"url\":\"https:\\\/\\\/chemgramx.com\\\/\",\"logo\":{\"@type\":\"ImageObject\",\"inLanguage\":\"hu\",\"@id\":\"https:\\\/\\\/chemgramx.com\\\/#\\\/schema\\\/logo\\\/image\\\/\",\"url\":\"https:\\\/\\\/chemgramx.com\\\/wp-content\\\/uploads\\\/2024\\\/10\\\/final-logo.png\",\"contentUrl\":\"https:\\\/\\\/chemgramx.com\\\/wp-content\\\/uploads\\\/2024\\\/10\\\/final-logo.png\",\"width\":250,\"height\":48,\"caption\":\"Chemgramx\"},\"image\":{\"@id\":\"https:\\\/\\\/chemgramx.com\\\/#\\\/schema\\\/logo\\\/image\\\/\"}}]}<\/script>\n<!-- \/ Yoast SEO plugin. -->","yoast_head_json":{"title":"V\u00e1s\u00e1rl\u00e1s Kiwi Passion Fruit Guava CBD Vape 2000mg","description":"V\u00e1s\u00e1roljon Kiwi Passion Fruit Guava 2000mg CBD Vape online. Tr\u00f3pusi \u00edz, er\u0151s CBD koncentr\u00e1ci\u00f3 \u00e9s diszkr\u00e9t sz\u00e1ll\u00edt\u00e1s N\u00e9metorsz\u00e1gban \u00e9s az EU-ban.","robots":{"index":"index","follow":"follow","max-snippet":"max-snippet:-1","max-image-preview":"max-image-preview:large","max-video-preview":"max-video-preview:-1"},"canonical":"https:\/\/chemgramx.com\/hu\/termek-1\/kiwi-szenvedely-gyuemoelcs-guava-2000mg-cbd-eldobhato-vape\/","og_locale":"hu_HU","og_type":"article","og_title":"Kiwi Passion Fruit Guava CBD Vape 2000mg kaufen","og_description":"Kiwi Passion Fruit Guava 2000mg CBD Vape online kaufen. Tropischer Geschmack, starke CBD-Konzentration und diskreter Versand in Deutschland &amp; EU.","og_url":"https:\/\/chemgramx.com\/hu\/termek-1\/kiwi-szenvedely-gyuemoelcs-guava-2000mg-cbd-eldobhato-vape\/","og_site_name":"Chemgramx","article_modified_time":"2025-11-21T11:17:03+00:00","og_image":[{"width":1080,"height":1080,"url":"https:\/\/chemgramx.com\/wp-content\/uploads\/2025\/11\/kiwi-passion-fruit-guava-2000mg-cbd-disposable-vape.webp","type":"image\/webp"}],"twitter_card":"summary_large_image","twitter_misc":{"Becs\u00fclt olvas\u00e1si id\u0151":"3 perc"},"schema":{"@context":"https:\/\/schema.org","@graph":[{"@type":"WebPage","@id":"https:\/\/chemgramx.com\/product\/kiwi-passion-fruit-guava-2000mg-cbd-disposable-vape\/","url":"https:\/\/chemgramx.com\/product\/kiwi-passion-fruit-guava-2000mg-cbd-disposable-vape\/","name":"V\u00e1s\u00e1rl\u00e1s Kiwi Passion Fruit Guava CBD Vape 2000mg","isPartOf":{"@id":"https:\/\/chemgramx.com\/#website"},"primaryImageOfPage":{"@id":"https:\/\/chemgramx.com\/product\/kiwi-passion-fruit-guava-2000mg-cbd-disposable-vape\/#primaryimage"},"image":{"@id":"https:\/\/chemgramx.com\/product\/kiwi-passion-fruit-guava-2000mg-cbd-disposable-vape\/#primaryimage"},"thumbnailUrl":"https:\/\/chemgramx.com\/wp-content\/uploads\/2025\/11\/kiwi-passion-fruit-guava-2000mg-cbd-disposable-vape.webp","datePublished":"2025-11-21T11:15:12+00:00","dateModified":"2025-11-21T11:17:03+00:00","description":"V\u00e1s\u00e1roljon Kiwi Passion Fruit Guava 2000mg CBD Vape online. Tr\u00f3pusi \u00edz, er\u0151s CBD koncentr\u00e1ci\u00f3 \u00e9s diszkr\u00e9t sz\u00e1ll\u00edt\u00e1s N\u00e9metorsz\u00e1gban \u00e9s az EU-ban.","breadcrumb":{"@id":"https:\/\/chemgramx.com\/product\/kiwi-passion-fruit-guava-2000mg-cbd-disposable-vape\/#breadcrumb"},"inLanguage":"hu","potentialAction":[{"@type":"ReadAction","target":["https:\/\/chemgramx.com\/product\/kiwi-passion-fruit-guava-2000mg-cbd-disposable-vape\/"]}]},{"@type":"ImageObject","inLanguage":"hu","@id":"https:\/\/chemgramx.com\/product\/kiwi-passion-fruit-guava-2000mg-cbd-disposable-vape\/#primaryimage","url":"https:\/\/chemgramx.com\/wp-content\/uploads\/2025\/11\/kiwi-passion-fruit-guava-2000mg-cbd-disposable-vape.webp","contentUrl":"https:\/\/chemgramx.com\/wp-content\/uploads\/2025\/11\/kiwi-passion-fruit-guava-2000mg-cbd-disposable-vape.webp","width":1080,"height":1080},{"@type":"BreadcrumbList","@id":"https:\/\/chemgramx.com\/product\/kiwi-passion-fruit-guava-2000mg-cbd-disposable-vape\/#breadcrumb","itemListElement":[{"@type":"ListItem","position":1,"name":"Home","item":"https:\/\/chemgramx.com\/"},{"@type":"ListItem","position":2,"name":"Shop","item":"https:\/\/chemgramx.com\/shop\/"},{"@type":"ListItem","position":3,"name":"Kiwi Passion Fruit Guava 2000mg CBD Disposable Vape"}]},{"@type":"WebSite","@id":"https:\/\/chemgramx.com\/#website","url":"https:\/\/chemgramx.com\/","name":"Chemgramx","description":"","publisher":{"@id":"https:\/\/chemgramx.com\/#organization"},"potentialAction":[{"@type":"SearchAction","target":{"@type":"EntryPoint","urlTemplate":"https:\/\/chemgramx.com\/?s={search_term_string}"},"query-input":{"@type":"PropertyValueSpecification","valueRequired":true,"valueName":"search_term_string"}}],"inLanguage":"hu"},{"@type":"Organization","@id":"https:\/\/chemgramx.com\/#organization","name":"Chemgramx","url":"https:\/\/chemgramx.com\/","logo":{"@type":"ImageObject","inLanguage":"hu","@id":"https:\/\/chemgramx.com\/#\/schema\/logo\/image\/","url":"https:\/\/chemgramx.com\/wp-content\/uploads\/2024\/10\/final-logo.png","contentUrl":"https:\/\/chemgramx.com\/wp-content\/uploads\/2024\/10\/final-logo.png","width":250,"height":48,"caption":"Chemgramx"},"image":{"@id":"https:\/\/chemgramx.com\/#\/schema\/logo\/image\/"}}]}},"_links":{"self":[{"href":"https:\/\/chemgramx.com\/hu\/wp-json\/wp\/v2\/product\/7331","targetHints":{"allow":["GET"]}}],"collection":[{"href":"https:\/\/chemgramx.com\/hu\/wp-json\/wp\/v2\/product"}],"about":[{"href":"https:\/\/chemgramx.com\/hu\/wp-json\/wp\/v2\/types\/product"}],"replies":[{"embeddable":true,"href":"https:\/\/chemgramx.com\/hu\/wp-json\/wp\/v2\/comments?post=7331"}],"wp:featuredmedia":[{"embeddable":true,"href":"https:\/\/chemgramx.com\/hu\/wp-json\/wp\/v2\/media\/7356"}],"wp:attachment":[{"href":"https:\/\/chemgramx.com\/hu\/wp-json\/wp\/v2\/media?parent=7331"}],"wp:term":[{"taxonomy":"product_brand","embeddable":true,"href":"https:\/\/chemgramx.com\/hu\/wp-json\/wp\/v2\/product_brand?post=7331"},{"taxonomy":"product_cat","embeddable":true,"href":"https:\/\/chemgramx.com\/hu\/wp-json\/wp\/v2\/product_cat?post=7331"},{"taxonomy":"product_tag","embeddable":true,"href":"https:\/\/chemgramx.com\/hu\/wp-json\/wp\/v2\/product_tag?post=7331"}],"curies":[{"name":"wp","href":"https:\/\/api.w.org\/{rel}","templated":true}]}}