{"id":7333,"date":"2025-11-21T11:15:13","date_gmt":"2025-11-21T11:15:13","guid":{"rendered":"https:\/\/chemgramx.com\/?post_type=product&#038;p=7333"},"modified":"2025-11-21T14:28:13","modified_gmt":"2025-11-21T14:28:13","slug":"fekete-cbd-olaj","status":"publish","type":"product","link":"https:\/\/chemgramx.com\/hu\/product\/black-cbd-oil\/","title":{"rendered":"Fekete CBD olaj"},"content":{"rendered":"<p><b>Fekete CBD olaj 5000mg<\/b> egy <b>Magasan koncentr\u00e1lt forma<\/b> cannabidiol (CBD) kivonat. <b>Ezek a<\/b> A koncentr\u00e1ci\u00f3 a piacon <b>k\u00fcl\u00f6n\u00f6sen hat\u00e1sos<\/b> elhelyezve. <b>A \u201eFekete CBD olaj\u201c kifejez\u00e9s\u201c<\/b> \u00e1ltal\u00e1ban a <b>Sz\u0171retlen vagy csak minim\u00e1lisan tiszt\u00edtott nyers kivonat<\/b>. <b>Ez a<\/b> megtartja az eredeti n\u00f6v\u00e9nyi anyag s\u00f6t\u00e9t sz\u00edn\u00e9t. <b>K\u00f6vetkez\u00e9sk\u00e9ppen<\/b> a CBD mellett sz\u00e1mos m\u00e1sodlagos n\u00f6v\u00e9nyi anyagot is tartalmaz. <b>Ezen k\u00edv\u00fcl<\/b> k\u00f6z\u00e9 tartoznak a klorofillok, viaszok \u00e9s lipidek. <b>Egy ilyen term\u00e9k<\/b> fontos tanulm\u00e1nyi t\u00e1rgyk\u00e9nt szolg\u00e1l. <b>Ez<\/b> lehet\u0151v\u00e9 teszi a vizsg\u00e1latot a <b>Entourage hat\u00e1s<\/b> rendk\u00edv\u00fcl magas CBD-koncentr\u00e1ci\u00f3ban (5000 mg\/\u00fcveg). <b>Ez\u00e9rt<\/b> a kivon\u00e1s k\u00e9mi\u00e1j\u00e1nak, a farmakol\u00f3giai spektrumnak \u00e9s a jogi megfelel\u00e9snek a r\u00e9szletes vizsg\u00e1lata elengedhetetlen.<\/p>\n<h2><b>A \u201efekete\u201c kivonat k\u00e9miai h\u00e1ttere<\/b><\/h2>\n<p>A s\u00f6t\u00e9t sz\u00edn\u0171 a <b>\u201eFekete CBD olaj\u201c<\/b> a kivon\u00e1si folyamat \u00e9s a kiv\u00e1lasztott tisztas\u00e1gi fok k\u00f6zvetlen eredm\u00e9nye.<\/p>\n<h4><b>Nyers kivonat \u00e9s fitok\u00e9miai sokf\u00e9les\u00e9g<\/b><\/h4>\n<ul>\n<li><b>Kivon\u00e1si m\u00f3dszerek:<\/b> <b>El\u0151sz\u00f6r is<\/b> a kenderanyagot jellemz\u0151en a k\u00f6vetkez\u0151kkel dolgozz\u00e1k fel <b>Etanol-<\/b> vagy <b>CO2 extrakci\u00f3<\/b> kezelt. <b>CO2 extrakci\u00f3<\/b>, k\u00fcl\u00f6n\u00f6sen nagy nyom\u00e1son, feloldja a n\u00f6v\u00e9ny teljes lipofil spektrum\u00e1t.<\/li>\n<li><b>A \u201efekete\u201c sz\u00edn:<\/b> <b>A<\/b> a s\u00f6t\u00e9t, majdnem fekete sz\u00edn els\u0151sorban a <b>egy\u00fctt extrah\u00e1lt klorofillok<\/b> tulajdon\u00edthat\u00f3. <b>Ezek a<\/b> intenz\u00edv, gyakran keserny\u00e9s vagy f\u00fcves \u00edzt adnak az olajnak. <b>Ezzel szemben<\/b> Ezen k\u00edv\u00fcl arany vagy tiszta olajokat haszn\u00e1lnak egy tov\u00e1bbi l\u00e9p\u00e9sben - a <b>T\u00e9lies\u00edt\u00e9s<\/b> \u00e9s <b>Sz\u0171r\u00e9s<\/b> - a klorofillt \u00e9s a viaszokat elt\u00e1vol\u00edtott\u00e1k.<\/li>\n<li><b>Teljes spektrum vs. sz\u00e9les spektrum:<\/b> <b>\u201eFekete CBD olaj\u201c<\/b> \u00e1ltal\u00e1ban egy <b>Teljes spektrum\u00fa kivonat<\/b>. <b>A<\/b> azt jelenti, hogy a kannabinoidok teljes spektrum\u00e1t tartalmazza (CBN, CBG, THCV a CBD mellett), \u00e9s gazdag kever\u00e9ke a k\u00f6vetkez\u0151 \u00f6sszetev\u0151knek <b>Terp\u00e9nek \u00e9s flavonoidok<\/b>. <b>Sz\u00e9les spektrum\u00fa olajok<\/b> (sz\u00e9les spektrum\u00fa) <b>szint\u00e9n teljes spektrum\u00fa kivonatok<\/b>. <b>Azonban<\/b> Ezeket egy tov\u00e1bbi tiszt\u00edt\u00e1si l\u00e9p\u00e9ssel (kromatogr\u00e1fia) teljesen megszabad\u00edtott\u00e1k a kimutathat\u00f3 THC-t\u0151l, m\u00edg a m\u00e1sodlagos kannabinoidok \u00e9s terp\u00e9nek megmaradtak.<\/li>\n<\/ul>\n<h2><b>Potencia \u00e9s farmakol\u00f3gia: 5000 mg koncentr\u00e1ci\u00f3<\/b><\/h2>\n<p>A koncentr\u00e1ci\u00f3 <b>5000 mg CBD palackonk\u00e9nt<\/b> (tipikusan 10 ml) egy <b>Nagyon nagy hat\u00e9konys\u00e1g<\/b> k\u00e9pviseli. <b>Ezek a<\/b> koncentr\u00e1ci\u00f3nak jelent\u0151s hat\u00e1sa van az adagol\u00e1sra \u00e9s a hat\u00e1sra.<\/p>\n<h4><b>D\u00f3zis-v\u00e1lasz kapcsolat<\/b><\/h4>\n<ul>\n<li><b>Sz\u00e1m\u00edt\u00e1s:<\/b> <b>10 ml-es \u00fcvegben<\/b> 5000 mg CBD-vel, minden milliliter 500 mg CBD koncentr\u00e1ci\u00f3nak felel meg. <b>Elfogadva<\/b>, egy csepp k\u00f6r\u00fclbel\u00fcl 0,05 ml-nek felel meg. <b>Ebb\u0151l k\u00f6vetkezik<\/b>, hogy <b>egy csepp<\/b> ebb\u0151l az olajb\u00f3l k\u00f6r\u00fclbel\u00fcl <b>25 mg CBD<\/b> tartalmaz.<\/li>\n<li><b>Intenz\u00edv hat\u00e1s:<\/b> <b>Ezek a<\/b> a magas koncentr\u00e1ci\u00f3 lehet\u0151v\u00e9 teszi a felhaszn\u00e1l\u00f3k sz\u00e1m\u00e1ra, hogy el\u00e9rj\u00e9k a <b>Magas napi adag<\/b> csak n\u00e9h\u00e1ny cseppel. <b>A kutat\u00e1sban<\/b> az ilyen hat\u00e1sfokot a k\u00f6vetkez\u0151k meghat\u00e1roz\u00e1s\u00e1ra haszn\u00e1lj\u00e1k <b>K\u00fcsz\u00f6b\u00e9rt\u00e9k<\/b> a lehets\u00e9ges ter\u00e1pi\u00e1s hat\u00e1sok \u00f6sszetettebb \u00e1llapotokban.<\/li>\n<li><b>Hat\u00e1sspektrum:<\/b> <b>CBD<\/b> t\u00e1mogatja az endokannabinoid rendszeren kereszt\u00fcl <b>(ECS)<\/b> a <b>\u00e1ltal\u00e1nos j\u00f3l\u00e9t<\/b>. <b>Ez<\/b> k\u00f6zvetve hat a szervezet k\u00fcl\u00f6nb\u00f6z\u0151 receptoraira. <b>A<\/b> a bejelentett hat\u00e1sok k\u00f6z\u00e9 tartozik a <b><a href=\"\/product\/boh-2c-b-hcl-kaufen\/\">T\u00e1mogat\u00e1s a<\/a> a stressz cs\u00f6kkent\u00e9s\u00e9re<\/b>amely <b>A bels\u0151 b\u00e9ke el\u0151mozd\u00edt\u00e1sa<\/b> \u00e9s egy lehets\u00e9ges szerep a <b>Enyh\u00edt\u00e9s a kellemetlens\u00e9gekt\u0151l<\/b> (izom- \u00e9s \u00edz\u00fcleti panaszok).<\/li>\n<\/ul>\n<h2><b>Szab\u00e1lyoz\u00e1si kih\u00edv\u00e1sok \u00e9s min\u0151s\u00e9gi el\u0151\u00edr\u00e1sok N\u00e9metorsz\u00e1gban<\/b><\/h2>\n<p>A CBD-olajok, k\u00fcl\u00f6n\u00f6sen a magas koncentr\u00e1ci\u00f3j\u00fa, teljes spektrum\u00fa term\u00e9kek forgalmazhat\u00f3s\u00e1ga korl\u00e1tozott az EU-ban \u00e9s N\u00e9metorsz\u00e1gban. <b>Szigor\u00faan szab\u00e1lyozott \u00e9s \u00f6sszetett<\/b>.<\/p>\n<h4><b>A THC-hat\u00e1r\u00e9rt\u00e9kek betart\u00e1sa<\/b><\/h4>\n<ul>\n<li><b>Megfelel\u00e9s:<\/b> <b>Magasan koncentr\u00e1lt teljes spektrum\u00fa olajok<\/b> teljes\u00edtenie kell a <b>t\u00f6rv\u00e9nyes THC-hat\u00e1r\u00e9rt\u00e9k<\/b> szigor\u00faan betartani. <b>Ez a<\/b> N\u00e9metorsz\u00e1gban nagyon alacsony (jelenleg gyakran \u00fagy \u00e9rtelmezik, hogy a k\u00e9szterm\u00e9kben 0,2 % van, vagy technikailag nem kimutathat\u00f3, a jogi helyzett\u0151l \u00e9s a kontextust\u00f3l f\u00fcgg\u0151en). <b>A<\/b> A szab\u00e1lyoz\u00f3 hat\u00f3s\u00e1gok lelkiismeretesen biztos\u00edtj\u00e1k, hogy az ilyen term\u00e9kek haszn\u00e1lata <b>Nincs pszichoakt\u00edv hat\u00e1s<\/b> t\u00f6rt\u00e9nik.<\/li>\n<li><b>\u00c9szlel\u00e9s a CoA-k \u00e1ltal:<\/b> <b>A<\/b> hirdetett <b>\u201etesztelt tisztas\u00e1g\u201c<\/b> \u00e1t kell mennie <b>F\u00fcggetlen laborat\u00f3riumi elemz\u00e9sek<\/b> (CoA bizony\u00edtv\u00e1nyok). <b>Ezek a<\/b> nem csak a <b>pontos CBD tartalom (5000 mg)<\/b>, hanem a <b>A THC-tartalom megfelel\u0151s\u00e9ge<\/b> \u00e9s a <b>K\u00e1ros anyagok hi\u00e1nya<\/b> (peszticidek, neh\u00e9zf\u00e9mek, old\u00f3szerek).<\/li>\n<\/ul>\n<h4><b>\u00daj \u00e9lelmiszerek szab\u00e1lyoz\u00e1sa<\/b><\/h4>\n<p><b>Ezen k\u00edv\u00fcl<\/b> a CBD-olajoknak vannak kit\u00e9ve, amelyek <b>sz\u00e1jon \u00e1t t\u00f6rt\u00e9n\u0151 fogyaszt\u00e1s<\/b> c\u00e9lja, a <b>Az \u00faj \u00e9lelmiszerekr\u0151l sz\u00f3l\u00f3 uni\u00f3s rendelet<\/b>. <b>Ez a<\/b> azt jelenti, hogy egy term\u00e9ket csak akkor lehet jogszer\u0171en forgalmazni, ha az tartalmaz egy <b>Enged\u00e9lyezett \u00faj \u00e9lelmiszer st\u00e1tusz<\/b> a saj\u00e1tja. <b>Ez\u00e9rt<\/b> az \u00e9trend-kieg\u00e9sz\u00edt\u0151k\u00e9nt val\u00f3 c\u00edmk\u00e9z\u00e9s a megfelel\u0151 enged\u00e9ly n\u00e9lk\u00fcl sok esetben nem felel meg az el\u0151\u00edr\u00e1soknak. <b>A<\/b> A nagy koncentr\u00e1ci\u00f3j\u00fa olajok gy\u00e1rt\u00f3inak meg kell felelni\u00fck ennek az \u00f6sszetett szab\u00e1lyoz\u00e1si keretnek.<\/p>\n<h2><b>Alkalmaz\u00e1si \u00e9s biztons\u00e1gi szempontok<\/b><\/h2>\n<p>Az olajat jellemz\u0151en <b>szublingv\u00e1lis<\/b> (a nyelv alatt). <b>Ez a<\/b> viszonylag gyors felsz\u00edv\u00f3d\u00e1st tesz lehet\u0151v\u00e9 a sz\u00e1jny\u00e1lkah\u00e1rty\u00e1n kereszt\u00fcl.<\/p>\n<ul>\n<li><b>Adagol\u00e1si pontoss\u00e1g:<\/b> <b>A<\/b> a rendk\u00edv\u00fcl magas koncentr\u00e1ci\u00f3 <b>Pontos adagol\u00e1s<\/b> n\u00e9lk\u00fcl\u00f6zhetetlen. <b>A<\/b> aj\u00e1nlott <b>lass\u00fa n\u00f6veked\u00e9s<\/b> a d\u00f3zis fontos jelz\u00e9s. <b>Te<\/b> a nemk\u00edv\u00e1natos mell\u00e9khat\u00e1sok elker\u00fcl\u00e9s\u00e9re szolg\u00e1l.<\/li>\n<li><b>Hordoz\u00f3olaj:<\/b> <b>A<\/b> A <b>Kendermagolaj vagy MCT olaj<\/b> (k\u00f6zepes l\u00e1nc\u00fa trigliceridek), mint hordoz\u00f3olaj jav\u00edtja a <b>Biol\u00f3giai hozz\u00e1f\u00e9rhet\u0151s\u00e9g<\/b> a zs\u00edrban old\u00f3d\u00f3 CBD-t a szervezetben.<\/li>\n<\/ul>","protected":false},"excerpt":{"rendered":"<p data-start=\"2518\" data-end=\"2657\">Fekete CBD olaj 5000mg - magas koncentr\u00e1ci\u00f3j\u00fa CBD a maxim\u00e1lis relax\u00e1ci\u00f3\u00e9rt, stresszold\u00e1s\u00e9rt \u00e9s j\u00f3l\u00e9t\u00e9rt. Laborat\u00f3riumban tesztelve \u00e9s diszkr\u00e9ten sz\u00e1ll\u00edtva.<\/p>","protected":false},"featured_media":7358,"comment_status":"open","ping_status":"closed","template":"","meta":{"_joinchat":[]},"product_brand":[],"product_cat":[53,62],"product_tag":[],"class_list":{"0":"post-7333","1":"product","2":"type-product","3":"status-publish","4":"has-post-thumbnail","6":"product_cat-dissociatives","7":"product_cat-marijuana","9":"first","10":"instock","11":"shipping-taxable","12":"purchasable","13":"product-type-variable"},"yoast_head":"<!-- This site is optimized with the Yoast SEO plugin v27.5 - https:\/\/yoast.com\/product\/yoast-seo-wordpress\/ -->\n<title>Black CBD Oil 5000mg kaufen | Hochkonzentriert &amp; Laborgepr\u00fcft<\/title>\n<meta name=\"description\" content=\"Black CBD Oil 5000mg online kaufen. Starkes CBD, laborgepr\u00fcft, f\u00fcr Entspannung, Stressabbau und Wohlbefinden. Diskreter Versand in Deutschland &amp; EU.\" \/>\n<meta name=\"robots\" content=\"index, follow, max-snippet:-1, max-image-preview:large, max-video-preview:-1\" \/>\n<link rel=\"canonical\" href=\"https:\/\/chemgramx.com\/hu\/termek-1\/fekete-cbd-olaj\/\" \/>\n<meta property=\"og:locale\" content=\"hu_HU\" \/>\n<meta property=\"og:type\" content=\"article\" \/>\n<meta property=\"og:title\" content=\"Black CBD Oil 5000mg kaufen | Hochkonzentriert &amp; Laborgepr\u00fcft\" \/>\n<meta property=\"og:description\" content=\"Black CBD Oil 5000mg online kaufen. Starkes CBD, laborgepr\u00fcft, f\u00fcr Entspannung, Stressabbau und Wohlbefinden. Diskreter Versand in Deutschland &amp; EU.\" \/>\n<meta property=\"og:url\" content=\"https:\/\/chemgramx.com\/hu\/termek-1\/fekete-cbd-olaj\/\" \/>\n<meta property=\"og:site_name\" content=\"Chemgramx\" \/>\n<meta property=\"article:modified_time\" content=\"2025-11-21T14:28:13+00:00\" \/>\n<meta property=\"og:image\" content=\"https:\/\/chemgramx.com\/wp-content\/uploads\/2025\/11\/black-cbd-oil-5000mg.webp\" \/>\n\t<meta property=\"og:image:width\" content=\"2560\" \/>\n\t<meta property=\"og:image:height\" content=\"2560\" \/>\n\t<meta property=\"og:image:type\" content=\"image\/webp\" \/>\n<meta name=\"twitter:card\" content=\"summary_large_image\" \/>\n<meta name=\"twitter:label1\" content=\"Becs\u00fclt olvas\u00e1si id\u0151\" \/>\n\t<meta name=\"twitter:data1\" content=\"4 perc\" \/>\n<script type=\"application\/ld+json\" class=\"yoast-schema-graph\">{\"@context\":\"https:\\\/\\\/schema.org\",\"@graph\":[{\"@type\":\"WebPage\",\"@id\":\"https:\\\/\\\/chemgramx.com\\\/product\\\/black-cbd-oil\\\/\",\"url\":\"https:\\\/\\\/chemgramx.com\\\/product\\\/black-cbd-oil\\\/\",\"name\":\"Black CBD Oil 5000mg kaufen | Hochkonzentriert &amp; Laborgepr\u00fcft\",\"isPartOf\":{\"@id\":\"https:\\\/\\\/chemgramx.com\\\/#website\"},\"primaryImageOfPage\":{\"@id\":\"https:\\\/\\\/chemgramx.com\\\/product\\\/black-cbd-oil\\\/#primaryimage\"},\"image\":{\"@id\":\"https:\\\/\\\/chemgramx.com\\\/product\\\/black-cbd-oil\\\/#primaryimage\"},\"thumbnailUrl\":\"https:\\\/\\\/chemgramx.com\\\/wp-content\\\/uploads\\\/2025\\\/11\\\/black-cbd-oil-5000mg.webp\",\"datePublished\":\"2025-11-21T11:15:13+00:00\",\"dateModified\":\"2025-11-21T14:28:13+00:00\",\"description\":\"Black CBD Oil 5000mg online kaufen. Starkes CBD, laborgepr\u00fcft, f\u00fcr Entspannung, Stressabbau und Wohlbefinden. Diskreter Versand in Deutschland &amp; EU.\",\"breadcrumb\":{\"@id\":\"https:\\\/\\\/chemgramx.com\\\/product\\\/black-cbd-oil\\\/#breadcrumb\"},\"inLanguage\":\"hu\",\"potentialAction\":[{\"@type\":\"ReadAction\",\"target\":[\"https:\\\/\\\/chemgramx.com\\\/product\\\/black-cbd-oil\\\/\"]}]},{\"@type\":\"ImageObject\",\"inLanguage\":\"hu\",\"@id\":\"https:\\\/\\\/chemgramx.com\\\/product\\\/black-cbd-oil\\\/#primaryimage\",\"url\":\"https:\\\/\\\/chemgramx.com\\\/wp-content\\\/uploads\\\/2025\\\/11\\\/black-cbd-oil-5000mg.webp\",\"contentUrl\":\"https:\\\/\\\/chemgramx.com\\\/wp-content\\\/uploads\\\/2025\\\/11\\\/black-cbd-oil-5000mg.webp\",\"width\":2560,\"height\":2560},{\"@type\":\"BreadcrumbList\",\"@id\":\"https:\\\/\\\/chemgramx.com\\\/product\\\/black-cbd-oil\\\/#breadcrumb\",\"itemListElement\":[{\"@type\":\"ListItem\",\"position\":1,\"name\":\"Home\",\"item\":\"https:\\\/\\\/chemgramx.com\\\/\"},{\"@type\":\"ListItem\",\"position\":2,\"name\":\"Shop\",\"item\":\"https:\\\/\\\/chemgramx.com\\\/shop\\\/\"},{\"@type\":\"ListItem\",\"position\":3,\"name\":\"Black CBD Oil\"}]},{\"@type\":\"WebSite\",\"@id\":\"https:\\\/\\\/chemgramx.com\\\/#website\",\"url\":\"https:\\\/\\\/chemgramx.com\\\/\",\"name\":\"Chemgramx\",\"description\":\"\",\"publisher\":{\"@id\":\"https:\\\/\\\/chemgramx.com\\\/#organization\"},\"potentialAction\":[{\"@type\":\"SearchAction\",\"target\":{\"@type\":\"EntryPoint\",\"urlTemplate\":\"https:\\\/\\\/chemgramx.com\\\/?s={search_term_string}\"},\"query-input\":{\"@type\":\"PropertyValueSpecification\",\"valueRequired\":true,\"valueName\":\"search_term_string\"}}],\"inLanguage\":\"hu\"},{\"@type\":\"Organization\",\"@id\":\"https:\\\/\\\/chemgramx.com\\\/#organization\",\"name\":\"Chemgramx\",\"url\":\"https:\\\/\\\/chemgramx.com\\\/\",\"logo\":{\"@type\":\"ImageObject\",\"inLanguage\":\"hu\",\"@id\":\"https:\\\/\\\/chemgramx.com\\\/#\\\/schema\\\/logo\\\/image\\\/\",\"url\":\"https:\\\/\\\/chemgramx.com\\\/wp-content\\\/uploads\\\/2024\\\/10\\\/final-logo.png\",\"contentUrl\":\"https:\\\/\\\/chemgramx.com\\\/wp-content\\\/uploads\\\/2024\\\/10\\\/final-logo.png\",\"width\":250,\"height\":48,\"caption\":\"Chemgramx\"},\"image\":{\"@id\":\"https:\\\/\\\/chemgramx.com\\\/#\\\/schema\\\/logo\\\/image\\\/\"}}]}<\/script>\n<!-- \/ Yoast SEO plugin. -->","yoast_head_json":{"title":"V\u00e1s\u00e1roljon fekete CBD olajat 5000mg | Magas koncentr\u00e1ci\u00f3j\u00fa \u00e9s laborat\u00f3riumban tesztelt","description":"V\u00e1s\u00e1roljon fekete CBD olaj 5000mg online. Er\u0151s CBD, laborat\u00f3riumban tesztelt, relax\u00e1ci\u00f3ra, stresszcs\u00f6kkent\u00e9sre \u00e9s j\u00f3 k\u00f6z\u00e9rzetre. Diszkr\u00e9t sz\u00e1ll\u00edt\u00e1s N\u00e9metorsz\u00e1gban \u00e9s az EU-ban.","robots":{"index":"index","follow":"follow","max-snippet":"max-snippet:-1","max-image-preview":"max-image-preview:large","max-video-preview":"max-video-preview:-1"},"canonical":"https:\/\/chemgramx.com\/hu\/termek-1\/fekete-cbd-olaj\/","og_locale":"hu_HU","og_type":"article","og_title":"Black CBD Oil 5000mg kaufen | Hochkonzentriert &amp; Laborgepr\u00fcft","og_description":"Black CBD Oil 5000mg online kaufen. Starkes CBD, laborgepr\u00fcft, f\u00fcr Entspannung, Stressabbau und Wohlbefinden. Diskreter Versand in Deutschland &amp; EU.","og_url":"https:\/\/chemgramx.com\/hu\/termek-1\/fekete-cbd-olaj\/","og_site_name":"Chemgramx","article_modified_time":"2025-11-21T14:28:13+00:00","og_image":[{"width":2560,"height":2560,"url":"https:\/\/chemgramx.com\/wp-content\/uploads\/2025\/11\/black-cbd-oil-5000mg.webp","type":"image\/webp"}],"twitter_card":"summary_large_image","twitter_misc":{"Becs\u00fclt olvas\u00e1si id\u0151":"4 perc"},"schema":{"@context":"https:\/\/schema.org","@graph":[{"@type":"WebPage","@id":"https:\/\/chemgramx.com\/product\/black-cbd-oil\/","url":"https:\/\/chemgramx.com\/product\/black-cbd-oil\/","name":"V\u00e1s\u00e1roljon fekete CBD olajat 5000mg | Magas koncentr\u00e1ci\u00f3j\u00fa \u00e9s laborat\u00f3riumban tesztelt","isPartOf":{"@id":"https:\/\/chemgramx.com\/#website"},"primaryImageOfPage":{"@id":"https:\/\/chemgramx.com\/product\/black-cbd-oil\/#primaryimage"},"image":{"@id":"https:\/\/chemgramx.com\/product\/black-cbd-oil\/#primaryimage"},"thumbnailUrl":"https:\/\/chemgramx.com\/wp-content\/uploads\/2025\/11\/black-cbd-oil-5000mg.webp","datePublished":"2025-11-21T11:15:13+00:00","dateModified":"2025-11-21T14:28:13+00:00","description":"V\u00e1s\u00e1roljon fekete CBD olaj 5000mg online. Er\u0151s CBD, laborat\u00f3riumban tesztelt, relax\u00e1ci\u00f3ra, stresszcs\u00f6kkent\u00e9sre \u00e9s j\u00f3 k\u00f6z\u00e9rzetre. Diszkr\u00e9t sz\u00e1ll\u00edt\u00e1s N\u00e9metorsz\u00e1gban \u00e9s az EU-ban.","breadcrumb":{"@id":"https:\/\/chemgramx.com\/product\/black-cbd-oil\/#breadcrumb"},"inLanguage":"hu","potentialAction":[{"@type":"ReadAction","target":["https:\/\/chemgramx.com\/product\/black-cbd-oil\/"]}]},{"@type":"ImageObject","inLanguage":"hu","@id":"https:\/\/chemgramx.com\/product\/black-cbd-oil\/#primaryimage","url":"https:\/\/chemgramx.com\/wp-content\/uploads\/2025\/11\/black-cbd-oil-5000mg.webp","contentUrl":"https:\/\/chemgramx.com\/wp-content\/uploads\/2025\/11\/black-cbd-oil-5000mg.webp","width":2560,"height":2560},{"@type":"BreadcrumbList","@id":"https:\/\/chemgramx.com\/product\/black-cbd-oil\/#breadcrumb","itemListElement":[{"@type":"ListItem","position":1,"name":"Home","item":"https:\/\/chemgramx.com\/"},{"@type":"ListItem","position":2,"name":"Shop","item":"https:\/\/chemgramx.com\/shop\/"},{"@type":"ListItem","position":3,"name":"Black CBD Oil"}]},{"@type":"WebSite","@id":"https:\/\/chemgramx.com\/#website","url":"https:\/\/chemgramx.com\/","name":"Chemgramx","description":"","publisher":{"@id":"https:\/\/chemgramx.com\/#organization"},"potentialAction":[{"@type":"SearchAction","target":{"@type":"EntryPoint","urlTemplate":"https:\/\/chemgramx.com\/?s={search_term_string}"},"query-input":{"@type":"PropertyValueSpecification","valueRequired":true,"valueName":"search_term_string"}}],"inLanguage":"hu"},{"@type":"Organization","@id":"https:\/\/chemgramx.com\/#organization","name":"Chemgramx","url":"https:\/\/chemgramx.com\/","logo":{"@type":"ImageObject","inLanguage":"hu","@id":"https:\/\/chemgramx.com\/#\/schema\/logo\/image\/","url":"https:\/\/chemgramx.com\/wp-content\/uploads\/2024\/10\/final-logo.png","contentUrl":"https:\/\/chemgramx.com\/wp-content\/uploads\/2024\/10\/final-logo.png","width":250,"height":48,"caption":"Chemgramx"},"image":{"@id":"https:\/\/chemgramx.com\/#\/schema\/logo\/image\/"}}]}},"_links":{"self":[{"href":"https:\/\/chemgramx.com\/hu\/wp-json\/wp\/v2\/product\/7333","targetHints":{"allow":["GET"]}}],"collection":[{"href":"https:\/\/chemgramx.com\/hu\/wp-json\/wp\/v2\/product"}],"about":[{"href":"https:\/\/chemgramx.com\/hu\/wp-json\/wp\/v2\/types\/product"}],"replies":[{"embeddable":true,"href":"https:\/\/chemgramx.com\/hu\/wp-json\/wp\/v2\/comments?post=7333"}],"wp:featuredmedia":[{"embeddable":true,"href":"https:\/\/chemgramx.com\/hu\/wp-json\/wp\/v2\/media\/7358"}],"wp:attachment":[{"href":"https:\/\/chemgramx.com\/hu\/wp-json\/wp\/v2\/media?parent=7333"}],"wp:term":[{"taxonomy":"product_brand","embeddable":true,"href":"https:\/\/chemgramx.com\/hu\/wp-json\/wp\/v2\/product_brand?post=7333"},{"taxonomy":"product_cat","embeddable":true,"href":"https:\/\/chemgramx.com\/hu\/wp-json\/wp\/v2\/product_cat?post=7333"},{"taxonomy":"product_tag","embeddable":true,"href":"https:\/\/chemgramx.com\/hu\/wp-json\/wp\/v2\/product_tag?post=7333"}],"curies":[{"name":"wp","href":"https:\/\/api.w.org\/{rel}","templated":true}]}}