{"id":7343,"date":"2025-11-21T11:15:15","date_gmt":"2025-11-21T11:15:15","guid":{"rendered":"https:\/\/chemgramx.com\/?post_type=product&#038;p=7343"},"modified":"2025-11-21T11:17:15","modified_gmt":"2025-11-21T11:17:15","slug":"candy-jack-toerzs-27-thc","status":"publish","type":"product","link":"https:\/\/chemgramx.com\/hu\/termek-2\/candy-jack-toerzs-27-thc\/","title":{"rendered":"Candy Jack t\u00f6rzs 27% THC"},"content":{"rendered":"<p><b>Candy Jack<\/b> egy n\u00e9pszer\u0171 kannabisz hibrid, amely elismert a <b>Intenz\u00edv, \u00e9des \u00edz<\/b> \u00e9s kiv\u00e9teles szil\u00e1rds\u00e1ga. A jelentett THC-tartalom ak\u00e1r <b>27 %<\/b> ez a fajta \u00e1ll a kutat\u00e1s k\u00f6z\u00e9ppontj\u00e1ban. <b>Val\u00f3j\u00e1ban<\/b> az agyi stimul\u00e1ci\u00f3 \u00e9s a m\u00e9ly relax\u00e1ci\u00f3 egyed\u00fcl\u00e1ll\u00f3 kombin\u00e1ci\u00f3j\u00e1t k\u00edn\u00e1lja. <b>K\u00f6vetkez\u00e9sk\u00e9ppen<\/b> az \u00f6sszetett hibrid hat\u00e1sok vizsg\u00e1lat\u00e1hoz pr\u00e9mium fajt\u00e1nak sz\u00e1m\u00edt.<\/p>\n<p>Ez a cikk egy <b>R\u00e9szletes elemz\u00e9s<\/b> a Candy Jack genetikai sz\u00e1rmaz\u00e1sa, k\u00e9miai profilja \u00e9s botanikai jellemz\u0151i. <b>A folyamat sor\u00e1n<\/b> hangs\u00falyozzuk, hogy a kutat\u00e1s sor\u00e1n szigor\u00fa min\u0151s\u00e9gi \u00e9s jogi norm\u00e1kat kell betartani.<\/p>\n<h2><b>Genetikai sz\u00e1rmaz\u00e1s \u00e9s oszt\u00e1lyoz\u00e1s<\/b><\/h2>\n<p>A Candy Jacket azzal a c\u00e9llal nemes\u00edtett\u00e9k, hogy k\u00e9t kiv\u00e1l\u00f3 min\u0151s\u00e9g\u0171 sz\u00fcl\u0151 fajta legjobb tulajdons\u00e1gait egyes\u00edts\u00e9k. <b>Ez\u00e1ltal<\/b> stabil hibridet hoztak l\u00e9tre er\u0151s gyantatermel\u00e9ssel.<\/p>\n<h3><b>A g\u00e9nek eredete<\/b><\/h3>\n<p>A Candy Jack a k\u00f6vetkez\u0151k keresztez\u0151d\u00e9s\u00e9nek eredm\u00e9nye:<\/p>\n<ul>\n<li><b>Jack Herer (Sativa-domin\u00e1ns):<\/b> Ez a legend\u00e1s szativa t\u00f6rzs a k\u00f6vetkez\u0151 tulajdons\u00e1gair\u00f3l ismert <b>tiszta, euf\u00f3rikus \u00e9s kreat\u00edv<\/b> Hat\u00e1s. <b>Ezen k\u00edv\u00fcl<\/b> f\u0171szeres, feny\u0151re eml\u00e9keztet\u0151 jegyeket biztos\u00edt.<\/li>\n<li><b>Candyman (Indica-domin\u00e1ns\/hibrid):<\/b> <b>Ezek a<\/b> a fajta hozz\u00e1j\u00e1rul az \u00e9des \u00edzjegyekhez. <b>Ugyanakkor<\/b> kiegyens\u00falyoz\u00f3, fizikailag pihentet\u0151 hat\u00e1st biztos\u00edt.<\/li>\n<\/ul>\n<p><b>\u00d6sszefoglalva:<\/b> Ezeknek a sz\u00fcl\u0151knek a kombin\u00e1ci\u00f3ja egy er\u0151s hibridet hoz l\u00e9tre. <b>Ez a<\/b> egyes\u00edti a Jack Herer szellemi \u00e9less\u00e9g\u00e9t a Candyman vonal \u00e9des \u00edz\u00e9vel \u00e9s fizikai relax\u00e1ci\u00f3j\u00e1val.<\/p>\n<h2><b>THC-tartalom \u00e9s -er\u0151ss\u00e9g<\/b><\/h2>\n<p>Az ak\u00e1r 27 % THC-tartalommal a Candy Jack az egyik legfinomabb \u00e9s leghat\u00e9konyabb <a href=\"\/hu\/termek-2\/vasarolni-nb-5-meo-dalt-oxalatot\/\"><b>leger\u0151sebb hibridek<\/b><\/a> a piacon. <b>Ez\u00e9rt<\/b> nagy \u00e9rdekl\u0151d\u00e9sre tarthat sz\u00e1mot a nagy hat\u00e1s\u00fa kannabisz fenot\u00edpusok hat\u00e9konys\u00e1g\u00e1nak kutat\u00e1sa szempontj\u00e1b\u00f3l. <b>A<\/b> A hat\u00e1st intenz\u00edvnek \u00e9s hosszan tart\u00f3nak \u00edrj\u00e1k le, de a hibrid egyens\u00falynak k\u00f6sz\u00f6nhet\u0151en \u00e1ltal\u00e1ban vil\u00e1gos marad az elm\u00e9ben.<\/p>\n<h2><b>\u00c9rz\u00e9kszervi profil \u00e9s k\u00e9miai alapok<\/b><\/h2>\n<p>A Candy Jack kiemelked\u0151 jellemz\u0151je, hogy <b>felejthetetlen \u00edz\u00e9lm\u00e9ny<\/b>, ami megmagyar\u00e1zza a nev\u00e9t. <b>Ez a<\/b> a komplex profilt egy specifikus terp\u00e9n \u00f6sszet\u00e9tel hozza l\u00e9tre<\/p>\n<h3><b>Illat- \u00e9s \u00edz\u00f6sszetev\u0151k<\/b><\/h3>\n<p>Az illatprofil \u00e9des, gy\u00fcm\u00f6lcs\u00f6s \u00e9s kr\u00e9mes:<\/p>\n<ol start=\"1\">\n<li><b>\u00c9des \u00e9s gy\u00fcm\u00f6lcs\u00f6s:<\/b> Az uralkod\u00f3 illat er\u0151sen eml\u00e9keztet a <b>\u00c9dess\u00e9gek, \u00e9rett bogy\u00f3s gy\u00fcm\u00f6lcs\u00f6k \u00e9s citrusf\u00e9l\u00e9k<\/b>.<\/li>\n<li><b>Kr\u00e9mes jegyzet:<\/b> <b>Az egyik \u00e9szreveszi<\/b> testes, szinte van\u00edliaszer\u0171 kr\u00e9mess\u00e9g. Ez teszi a fogyaszt\u00e1st sim\u00e1v\u00e1 \u00e9s kellemess\u00e9.<\/li>\n<li><b>F\u0171szeres alaphangok:<\/b> <b>V\u00e9g\u00fcl<\/b> a Jack Herer genetika finom f\u0171szeres \u00e9s f\u00f6ldes jegyei biztos\u00edtj\u00e1k a komplex befejez\u00e9st.<\/li>\n<\/ol>\n<h3><b>Terp\u00e9nek \u00e9s szinergiahat\u00e1sok<\/b><\/h3>\n<p>Az \u00e9des \u00e9s f\u0171szeres profil a k\u00f6vetkez\u0151 terp\u00e9nek magas koncentr\u00e1ci\u00f3j\u00e1ra utal:<\/p>\n<ul>\n<li><b>Terpinol\u00e9n:<\/b> Ez a terp\u00e9n, amely gyakran megtal\u00e1lhat\u00f3 a Jack Herer keresztez\u00e9sekben, f\u0171szeres, vir\u00e1gos \u00e9s enyh\u00e9n feny\u0151f\u00e1s jegyeket biztos\u00edt. <b>Ezen k\u00edv\u00fcl<\/b> stimul\u00e1l\u00f3 \u00e9s enyh\u00e9n nyugtat\u00f3 hat\u00e1s\u00fa.<\/li>\n<li><b>Karyophyllene:<\/b> Hozz\u00e1j\u00e1rul a f\u0171szeres \u00e9s f\u00f6ldes jegyekhez. <b>Ezen k\u00edv\u00fcl<\/b> hozz\u00e1j\u00e1rulhat a fizikai ellazul\u00e1shoz.<\/li>\n<li><b>Citrom:<\/b> <b>Ez a terp\u00e9n<\/b> biztos\u00edtja a gy\u00fcm\u00f6lcs\u00f6s \u00e9s citrusos \u00edzeket. <b>Ugyanakkor<\/b> potenci\u00e1lis hangulatjav\u00edt\u00f3 tulajdons\u00e1gai miatt vizsg\u00e1lj\u00e1k.<\/li>\n<\/ul>\n<h2><b>Jelentett hat\u00e1sprofil \u00e9s alkalmaz\u00e1si \u00e9rdekl\u0151d\u00e9s<\/b><\/h2>\n<p>A Candy Jacket hibrid hat\u00e1sa miatt \u00e9rt\u00e9kelik, amely <b>ment\u00e1lis tisztas\u00e1g<\/b> \u00e9s <b>fizikai relax\u00e1ci\u00f3<\/b> egyidej\u0171leg. <b>Ez a hat\u00e1s<\/b> sokoldal\u00faan felhaszn\u00e1lhat\u00f3 fajt\u00e1v\u00e1 teszi.<\/p>\n<h2><b>Tipikus hat\u00e1sok<\/b><\/h2>\n<p>A jelent\u00e9sek a k\u00f6vetkez\u0151 jellegzetes hat\u00e1smint\u00e1kat jelzik:<\/p>\n<ul>\n<li><b>Ment\u00e1lis tisztas\u00e1g:<\/b> <b>Felhaszn\u00e1l\u00f3k<\/b> er\u0151s euf\u00f3ri\u00e1r\u00f3l sz\u00e1molnak be. <b>Mindazon\u00e1ltal<\/b> a fejed tiszta \u00e9s koncentr\u00e1lt marad.<\/li>\n<li><b>Kreat\u00edv energia:<\/b> A sativa r\u00e9szek agyi stimul\u00e1ci\u00f3ja el\u0151seg\u00edti a kreativit\u00e1st. <b>Ez\u00e9rt<\/b> alkalmas kreat\u00edv foglalkoz\u00e1sokra.<\/li>\n<li><b>Fizikai relax\u00e1ci\u00f3:<\/b> <b>Ugyanakkor<\/b> az indica komponens gyeng\u00e9d ellazul\u00e1st biztos\u00edt a testnek. <b>Ezek a<\/b> seg\u00edt cs\u00f6kkenteni a stresszt.<\/li>\n<\/ul>\n<h3><b>Kutat\u00e1si potenci\u00e1l<\/b><\/h3>\n<p>A magas THC-koncentr\u00e1ci\u00f3 \u00e9s a kiegyens\u00falyozott terp\u00e9nprofil k\u00fcl\u00f6n\u00f6sen \u00e9rt\u00e9kess\u00e9 teszi a Candy Jacket az olyan ter\u00fcleteken v\u00e9gzett kutat\u00e1sokban, mint:<\/p>\n<ul>\n<li><b>Stressz \u00e9s bels\u0151 b\u00e9ke:<\/b> <b>Lehetne<\/b> vizsg\u00e1lja meg, hogy az euf\u00f3ria \u00e9s a relax\u00e1ci\u00f3 kombin\u00e1ci\u00f3ja hogyan j\u00e1rul hozz\u00e1 a stresszel val\u00f3 megbirk\u00f3z\u00e1shoz.<\/li>\n<li><b>Kr\u00f3nikus f\u00e1jdalom:<\/b> A fizikai relax\u00e1ci\u00f3val kombin\u00e1lt er\u0151s hat\u00e1soss\u00e1g \u00e9rdekes a f\u00e1jdalomkutat\u00e1s szempontj\u00e1b\u00f3l.<\/li>\n<\/ul>\n<h3><b>Termeszt\u00e9s \u00e9s min\u0151s\u00e9gbiztos\u00edt\u00e1s<\/b><\/h3>\n<p>Candy Jack termel <b>gyant\u00e1ban gazdag vir\u00e1gok<\/b>. <b>Ez\u00e9rt<\/b> k\u00fcl\u00f6n\u00f6sen vonz\u00f3 a kivonatokat el\u0151\u00e1ll\u00edt\u00f3 termel\u0151k sz\u00e1m\u00e1ra.<\/p>\n<ul>\n<li><b>Vir\u00e1g jellemz\u0151i:<\/b> A r\u00fcgyek s\u0171r\u0171ek, szil\u00e1rdak \u00e9s nagy s\u0171r\u0171s\u00e9g\u0171ek. <b>Trichom\u00e1k<\/b> (gyantamirigyek), ami megmagyar\u00e1zza a magas THC-tartalmat.<\/li>\n<li><b>Min\u0151s\u00e9gellen\u0151rz\u00e9s:<\/b> A term\u00e9k s\u00e9rtetlens\u00e9ge \u00e9rdek\u00e9ben <b>Laborat\u00f3riumban vizsg\u00e1lt THC-\u00e9rt\u00e9kek<\/b> \u00e9s a szennyez\u0151d\u00e9sek hi\u00e1nya.<\/li>\n<\/ul>","protected":false},"excerpt":{"rendered":"<p data-start=\"2414\" data-end=\"2528\">Candy Jack - Hibrid 27 % THC-vel. \u00c9des \u00e9s gy\u00fcm\u00f6lcs\u00f6s \u00edz, er\u0151s hat\u00e1s \u00e9s pr\u00e9mium min\u0151s\u00e9g tapasztalt felhaszn\u00e1l\u00f3knak.<\/p>","protected":false},"featured_media":7380,"comment_status":"open","ping_status":"closed","template":"","meta":{"_joinchat":[]},"product_brand":[],"product_cat":[62],"product_tag":[],"class_list":{"0":"post-7343","1":"product","2":"type-product","3":"status-publish","4":"has-post-thumbnail","6":"product_cat-marijuana","8":"first","9":"instock","10":"shipping-taxable","11":"purchasable","12":"product-type-variable"},"yoast_head":"<!-- This site is optimized with the Yoast SEO plugin v26.3 - https:\/\/yoast.com\/wordpress\/plugins\/seo\/ -->\n<title>Candy Jack kaufen | 27% THC Hybrid<\/title>\n<meta name=\"description\" content=\"Candy Jack online kaufen \u2013 27 % THC, s\u00fc\u00df-fruchtiges Aroma, starkes euphorisches High. Premium-Hybrid mit diskretem Versand in Deutschland &amp; EU.\" \/>\n<meta name=\"robots\" content=\"noindex, follow, max-snippet:-1, max-image-preview:large, max-video-preview:-1\" \/>\n<meta property=\"og:locale\" content=\"hu_HU\" \/>\n<meta property=\"og:type\" content=\"article\" \/>\n<meta property=\"og:title\" content=\"Candy Jack kaufen | 27% THC Hybrid\" \/>\n<meta property=\"og:description\" content=\"Candy Jack online kaufen \u2013 27 % THC, s\u00fc\u00df-fruchtiges Aroma, starkes euphorisches High. Premium-Hybrid mit diskretem Versand in Deutschland &amp; EU.\" \/>\n<meta property=\"og:url\" content=\"https:\/\/chemgramx.com\/hu\/termek-2\/candy-jack-toerzs-27-thc\/\" \/>\n<meta property=\"og:site_name\" content=\"Chemgramx\" \/>\n<meta property=\"article:modified_time\" content=\"2025-11-21T11:17:15+00:00\" \/>\n<meta property=\"og:image\" content=\"https:\/\/chemgramx.com\/wp-content\/uploads\/2025\/11\/candy-jack-strain-27-thc.jpg\" \/>\n\t<meta property=\"og:image:width\" content=\"800\" \/>\n\t<meta property=\"og:image:height\" content=\"800\" \/>\n\t<meta property=\"og:image:type\" content=\"image\/jpeg\" \/>\n<meta name=\"twitter:card\" content=\"summary_large_image\" \/>\n<meta name=\"twitter:label1\" content=\"Becs\u00fclt olvas\u00e1si id\u0151\" \/>\n\t<meta name=\"twitter:data1\" content=\"3 perc\" \/>\n<script type=\"application\/ld+json\" class=\"yoast-schema-graph\">{\"@context\":\"https:\/\/schema.org\",\"@graph\":[{\"@type\":\"WebPage\",\"@id\":\"https:\/\/chemgramx.com\/product\/candy-jack-strain-27-thc\/\",\"url\":\"https:\/\/chemgramx.com\/product\/candy-jack-strain-27-thc\/\",\"name\":\"Candy Jack kaufen | 27% THC Hybrid\",\"isPartOf\":{\"@id\":\"https:\/\/chemgramx.com\/#website\"},\"primaryImageOfPage\":{\"@id\":\"https:\/\/chemgramx.com\/product\/candy-jack-strain-27-thc\/#primaryimage\"},\"image\":{\"@id\":\"https:\/\/chemgramx.com\/product\/candy-jack-strain-27-thc\/#primaryimage\"},\"thumbnailUrl\":\"https:\/\/chemgramx.com\/wp-content\/uploads\/2025\/11\/candy-jack-strain-27-thc.jpg\",\"datePublished\":\"2025-11-21T11:15:15+00:00\",\"dateModified\":\"2025-11-21T11:17:15+00:00\",\"description\":\"Candy Jack online kaufen \u2013 27 % THC, s\u00fc\u00df-fruchtiges Aroma, starkes euphorisches High. Premium-Hybrid mit diskretem Versand in Deutschland &amp; EU.\",\"breadcrumb\":{\"@id\":\"https:\/\/chemgramx.com\/product\/candy-jack-strain-27-thc\/#breadcrumb\"},\"inLanguage\":\"hu\",\"potentialAction\":[{\"@type\":\"ReadAction\",\"target\":[\"https:\/\/chemgramx.com\/product\/candy-jack-strain-27-thc\/\"]}]},{\"@type\":\"ImageObject\",\"inLanguage\":\"hu\",\"@id\":\"https:\/\/chemgramx.com\/product\/candy-jack-strain-27-thc\/#primaryimage\",\"url\":\"https:\/\/chemgramx.com\/wp-content\/uploads\/2025\/11\/candy-jack-strain-27-thc.jpg\",\"contentUrl\":\"https:\/\/chemgramx.com\/wp-content\/uploads\/2025\/11\/candy-jack-strain-27-thc.jpg\",\"width\":800,\"height\":800},{\"@type\":\"BreadcrumbList\",\"@id\":\"https:\/\/chemgramx.com\/product\/candy-jack-strain-27-thc\/#breadcrumb\",\"itemListElement\":[{\"@type\":\"ListItem\",\"position\":1,\"name\":\"Home\",\"item\":\"https:\/\/chemgramx.com\/\"},{\"@type\":\"ListItem\",\"position\":2,\"name\":\"Shop\",\"item\":\"https:\/\/chemgramx.com\/shop\/\"},{\"@type\":\"ListItem\",\"position\":3,\"name\":\"Candy Jack Strain 27% THC\"}]},{\"@type\":\"WebSite\",\"@id\":\"https:\/\/chemgramx.com\/#website\",\"url\":\"https:\/\/chemgramx.com\/\",\"name\":\"Chemgramx\",\"description\":\"\",\"publisher\":{\"@id\":\"https:\/\/chemgramx.com\/#organization\"},\"potentialAction\":[{\"@type\":\"SearchAction\",\"target\":{\"@type\":\"EntryPoint\",\"urlTemplate\":\"https:\/\/chemgramx.com\/?s={search_term_string}\"},\"query-input\":{\"@type\":\"PropertyValueSpecification\",\"valueRequired\":true,\"valueName\":\"search_term_string\"}}],\"inLanguage\":\"hu\"},{\"@type\":\"Organization\",\"@id\":\"https:\/\/chemgramx.com\/#organization\",\"name\":\"Chemgramx\",\"url\":\"https:\/\/chemgramx.com\/\",\"logo\":{\"@type\":\"ImageObject\",\"inLanguage\":\"hu\",\"@id\":\"https:\/\/chemgramx.com\/#\/schema\/logo\/image\/\",\"url\":\"https:\/\/chemgramx.com\/wp-content\/uploads\/2024\/10\/final-logo.png\",\"contentUrl\":\"https:\/\/chemgramx.com\/wp-content\/uploads\/2024\/10\/final-logo.png\",\"width\":250,\"height\":48,\"caption\":\"Chemgramx\"},\"image\":{\"@id\":\"https:\/\/chemgramx.com\/#\/schema\/logo\/image\/\"}}]}<\/script>\n<!-- \/ Yoast SEO plugin. -->","yoast_head_json":{"title":"Megveszem Candy Jack | 27% THC Hybrid","description":"Candy Jack online kaufen \u2013 27 % THC, s\u00fc\u00df-fruchtiges Aroma, starkes euphorisches High. Premium-Hybrid mit diskretem Versand in Deutschland &amp; EU.","robots":{"index":"noindex","follow":"follow","max-snippet":"max-snippet:-1","max-image-preview":"max-image-preview:large","max-video-preview":"max-video-preview:-1"},"og_locale":"hu_HU","og_type":"article","og_title":"Candy Jack kaufen | 27% THC Hybrid","og_description":"Candy Jack online kaufen \u2013 27 % THC, s\u00fc\u00df-fruchtiges Aroma, starkes euphorisches High. Premium-Hybrid mit diskretem Versand in Deutschland &amp; EU.","og_url":"https:\/\/chemgramx.com\/hu\/termek-2\/candy-jack-toerzs-27-thc\/","og_site_name":"Chemgramx","article_modified_time":"2025-11-21T11:17:15+00:00","og_image":[{"width":800,"height":800,"url":"https:\/\/chemgramx.com\/wp-content\/uploads\/2025\/11\/candy-jack-strain-27-thc.jpg","type":"image\/jpeg"}],"twitter_card":"summary_large_image","twitter_misc":{"Becs\u00fclt olvas\u00e1si id\u0151":"3 perc"},"schema":{"@context":"https:\/\/schema.org","@graph":[{"@type":"WebPage","@id":"https:\/\/chemgramx.com\/product\/candy-jack-strain-27-thc\/","url":"https:\/\/chemgramx.com\/product\/candy-jack-strain-27-thc\/","name":"Megveszem Candy Jack | 27% THC Hybrid","isPartOf":{"@id":"https:\/\/chemgramx.com\/#website"},"primaryImageOfPage":{"@id":"https:\/\/chemgramx.com\/product\/candy-jack-strain-27-thc\/#primaryimage"},"image":{"@id":"https:\/\/chemgramx.com\/product\/candy-jack-strain-27-thc\/#primaryimage"},"thumbnailUrl":"https:\/\/chemgramx.com\/wp-content\/uploads\/2025\/11\/candy-jack-strain-27-thc.jpg","datePublished":"2025-11-21T11:15:15+00:00","dateModified":"2025-11-21T11:17:15+00:00","description":"Candy Jack online kaufen \u2013 27 % THC, s\u00fc\u00df-fruchtiges Aroma, starkes euphorisches High. Premium-Hybrid mit diskretem Versand in Deutschland &amp; EU.","breadcrumb":{"@id":"https:\/\/chemgramx.com\/product\/candy-jack-strain-27-thc\/#breadcrumb"},"inLanguage":"hu","potentialAction":[{"@type":"ReadAction","target":["https:\/\/chemgramx.com\/product\/candy-jack-strain-27-thc\/"]}]},{"@type":"ImageObject","inLanguage":"hu","@id":"https:\/\/chemgramx.com\/product\/candy-jack-strain-27-thc\/#primaryimage","url":"https:\/\/chemgramx.com\/wp-content\/uploads\/2025\/11\/candy-jack-strain-27-thc.jpg","contentUrl":"https:\/\/chemgramx.com\/wp-content\/uploads\/2025\/11\/candy-jack-strain-27-thc.jpg","width":800,"height":800},{"@type":"BreadcrumbList","@id":"https:\/\/chemgramx.com\/product\/candy-jack-strain-27-thc\/#breadcrumb","itemListElement":[{"@type":"ListItem","position":1,"name":"Home","item":"https:\/\/chemgramx.com\/"},{"@type":"ListItem","position":2,"name":"Shop","item":"https:\/\/chemgramx.com\/shop\/"},{"@type":"ListItem","position":3,"name":"Candy Jack Strain 27% THC"}]},{"@type":"WebSite","@id":"https:\/\/chemgramx.com\/#website","url":"https:\/\/chemgramx.com\/","name":"Chemgramx","description":"","publisher":{"@id":"https:\/\/chemgramx.com\/#organization"},"potentialAction":[{"@type":"SearchAction","target":{"@type":"EntryPoint","urlTemplate":"https:\/\/chemgramx.com\/?s={search_term_string}"},"query-input":{"@type":"PropertyValueSpecification","valueRequired":true,"valueName":"search_term_string"}}],"inLanguage":"hu"},{"@type":"Organization","@id":"https:\/\/chemgramx.com\/#organization","name":"Chemgramx","url":"https:\/\/chemgramx.com\/","logo":{"@type":"ImageObject","inLanguage":"hu","@id":"https:\/\/chemgramx.com\/#\/schema\/logo\/image\/","url":"https:\/\/chemgramx.com\/wp-content\/uploads\/2024\/10\/final-logo.png","contentUrl":"https:\/\/chemgramx.com\/wp-content\/uploads\/2024\/10\/final-logo.png","width":250,"height":48,"caption":"Chemgramx"},"image":{"@id":"https:\/\/chemgramx.com\/#\/schema\/logo\/image\/"}}]}},"_links":{"self":[{"href":"https:\/\/chemgramx.com\/hu\/wp-json\/wp\/v2\/product\/7343","targetHints":{"allow":["GET"]}}],"collection":[{"href":"https:\/\/chemgramx.com\/hu\/wp-json\/wp\/v2\/product"}],"about":[{"href":"https:\/\/chemgramx.com\/hu\/wp-json\/wp\/v2\/types\/product"}],"replies":[{"embeddable":true,"href":"https:\/\/chemgramx.com\/hu\/wp-json\/wp\/v2\/comments?post=7343"}],"wp:featuredmedia":[{"embeddable":true,"href":"https:\/\/chemgramx.com\/hu\/wp-json\/wp\/v2\/media\/7380"}],"wp:attachment":[{"href":"https:\/\/chemgramx.com\/hu\/wp-json\/wp\/v2\/media?parent=7343"}],"wp:term":[{"taxonomy":"product_brand","embeddable":true,"href":"https:\/\/chemgramx.com\/hu\/wp-json\/wp\/v2\/product_brand?post=7343"},{"taxonomy":"product_cat","embeddable":true,"href":"https:\/\/chemgramx.com\/hu\/wp-json\/wp\/v2\/product_cat?post=7343"},{"taxonomy":"product_tag","embeddable":true,"href":"https:\/\/chemgramx.com\/hu\/wp-json\/wp\/v2\/product_tag?post=7343"}],"curies":[{"name":"wp","href":"https:\/\/api.w.org\/{rel}","templated":true}]}}