{"id":7528,"date":"2025-11-21T11:17:59","date_gmt":"2025-11-21T11:17:59","guid":{"rendered":"https:\/\/chemgramx.com\/?post_type=product&#038;p=7528"},"modified":"2025-11-21T11:18:42","modified_gmt":"2025-11-21T11:18:42","slug":"vasaroljon-fekete-katranyos-heroint-online","status":"publish","type":"product","link":"https:\/\/chemgramx.com\/hu\/product\/kaufen-sie-black-tar-heroin-online\/","title":{"rendered":"Fekete k\u00e1tr\u00e1ny heroin online v\u00e1s\u00e1rl\u00e1sa"},"content":{"rendered":"<p>A fekete k\u00e1tr\u00e1ny heroin egy olyan heroinfajta, amely fekete, ragad\u00f3s \u00e9s k\u00e1tr\u00e1nyos \u00e1llag\u00e1r\u00f3l ismert. B\u00e1r vesz\u00e9lyes \u00e9s er\u0151s k\u00e1b\u00edt\u00f3szerk\u00e9nt tartj\u00e1k sz\u00e1mon, alacsony \u00e1ra \u00e9s k\u00f6nny\u0171 hozz\u00e1f\u00e9rhet\u0151s\u00e9ge miatt tov\u00e1bbra is nagy a kereslet ir\u00e1nta. Ha fekete k\u00e1tr\u00e1ny heroint szeretne v\u00e1s\u00e1rolni a legjobb \u00e1ron, akkor a Narco Powders a legjobb v\u00e1laszt\u00e1s.<\/p>\n<h3>Milyen a fekete k\u00e1tr\u00e1nyos heroin kin\u00e9zete \u00e9s illata?<\/h3>\n<p>A fekete k\u00e1tr\u00e1ny heroin a heroin sz\u00edv\u00e1sa vagy injekci\u00f3z\u00e1sa ut\u00e1n visszamaradt megkem\u00e9nyedett maradv\u00e1nyokb\u00f3l k\u00e9sz\u00fcl. Er\u0151sebb, mint m\u00e1s heroin t\u00edpusok, \u00e9s er\u0151sebb illata \u00e9s \u00edze van. Ha online szeretne Black Tar Heroint rendelni a Narco Powders weboldal\u00e1n, egyszer\u0171en kattintson a \u201eKos\u00e1rba\u201c gombra, \u00e9s adja meg adatait a rendel\u00e9si folyamat sor\u00e1n. A Black Tar Heroint nagy mennyis\u00e9gben, k\u00f6zvetlen\u00fcl az otthon\u00e1ba sz\u00e1ll\u00edtjuk. A k\u00e1b\u00edt\u00f3szert azonban tartsa gyermekekt\u0151l \u00e9s h\u00e1zi\u00e1llatokt\u00f3l elz\u00e1rva, \u00e9s soha ne adja \u00e1t m\u00e1soknak a t\u0171ket vagy fecskend\u0151ket.<\/p>\n<h3>A fekete k\u00e1tr\u00e1nyos heroin el\u0151\u00e1ll\u00edt\u00e1s\u00e1nak \u00e9s kereskedelm\u00e9nek folyamata<\/h3>\n<p>A fekete k\u00e1tr\u00e1ny heroin egy olyan heroinfajta, amelyet \u00f3piumporb\u00f3l \u00e1ll\u00edtanak el\u0151. <a href=\"https:\/\/chemgramx.com\/product\/pills-online-kaufen\/\">gy\u00e1rtott<\/a> . Ezt az anyagot m\u00e1s vegyi anyagokkal keverik \u00f6ssze, majd hev\u00edtik, am\u00edg egy ragad\u00f3s, fekete anyag keletkezik, amelyet \u201ek\u00e1tr\u00e1nynak\u201c neveznek. A k\u00e1tr\u00e1nyt ezut\u00e1n apr\u00f3 darabokra v\u00e1gj\u00e1k, \u00e9s heroin n\u00e9ven \u00e1rulj\u00e1k az utc\u00e1n.<\/p>\n<p>A fekete k\u00e1tr\u00e1nyos heroin gy\u00e1rt\u00e1sa \u00e9s kereskedelme \u00f6sszetett folyamat. A heroinkeresked\u0151k a b\u0171n\u00f6z\u0151i alvil\u00e1gban mozognak, hogy megszerezz\u00e9k a drog alapanyagait, \u00e9s szembes\u00fclnek a b\u0171n\u00fcld\u00f6z\u0151 szervekkel, amelyek megpr\u00f3b\u00e1lhatj\u00e1k megakad\u00e1lyozni \u0151ket ebben. A fekete k\u00e1tr\u00e1nyos heroin online \u00e9rt\u00e9kes\u00edt\u00e9se azonban olyan hiteles\u00edtett weboldalakon, mint a Narco Powders, ezt a folyamatot k\u00f6nnyebb\u00e9 teszi, mint valaha.<\/p>\n<p>Az online Black Tar heroin v\u00e1s\u00e1rl\u00e1sakor vegye figyelembe a vele j\u00e1r\u00f3 kock\u00e1zatokat. Nemcsak azt kock\u00e1ztatja, hogy ismeretlen forr\u00e1sb\u00f3l sz\u00e1rmaz\u00f3 gy\u00f3gyszert v\u00e1s\u00e1rol, hanem tov\u00e1bbi vesz\u00e9lyeknek is kiteszi mag\u00e1t, t\u00f6bbek k\u00f6z\u00f6tt t\u00faladagol\u00e1snak, valamint HIV-fert\u0151z\u00e9snek vagy m\u00e1s nemi \u00faton terjed\u0151 betegs\u00e9geknek (STD-k). Ez\u00e9rt csak megb\u00edzhat\u00f3 forr\u00e1sb\u00f3l, p\u00e9ld\u00e1ul a Narco Powders-t\u0151l v\u00e1s\u00e1roljon ilyen gy\u00f3gyszereket.<\/p>\n<h3>A fekete k\u00e1tr\u00e1ny heroin negat\u00edv hat\u00e1sai<\/h3>\n<p>A fekete k\u00e1tr\u00e1ny heroin egy er\u0151s, szennyezett heroinfajta, amelynek sz\u00e1mos s\u00falyos mell\u00e9khat\u00e1sa van. A fekete k\u00e1tr\u00e1ny heroin p\u00e9ld\u00e1ul h\u00e1nyingert, h\u00e1ny\u00e1st \u00e9s fejf\u00e1j\u00e1st okozhat. Hossz\u00fa t\u00e1v\u00fa fogyaszt\u00e1sa emellett elvon\u00e1si t\u00fcnetekhez, p\u00e9ld\u00e1ul depresszi\u00f3hoz, szorong\u00e1shoz \u00e9s nyugtalans\u00e1ghoz vezethet. A fekete k\u00e1tr\u00e1ny heroin emellett n\u00f6velheti a sz\u00edv- \u00e9s t\u00fcd\u0151probl\u00e9m\u00e1k kock\u00e1zat\u00e1t. Ne habozzon seg\u00edts\u00e9get k\u00e9rni, ha \u00d6n vagy valaki, akit ismer, fekete k\u00e1tr\u00e1nyos heroinf\u00fcgg\u0151s\u00e9ggel k\u00fczd.<\/p>\n<h3>Mi\u00e9rt \u00e9rdemes a Black Tar Heroint online v\u00e1s\u00e1rolni a Narco Powders-t\u0151l?<\/h3>\n<p>Megb\u00edzhat\u00f3 \u00e9s kiv\u00e1l\u00f3 min\u0151s\u00e9g\u0171 forr\u00e1st keres a fekete k\u00e1tr\u00e1ny heroin online v\u00e1s\u00e1rl\u00e1s\u00e1hoz? A Narco Powdersn\u00e9l j\u00f3 helyen j\u00e1r. N\u00e1lunk megtal\u00e1lja a legjobb \u00e1rat a fekete k\u00e1tr\u00e1ny heroinra, garant\u00e1lt min\u0151s\u00e9ggel. Ezen fel\u00fcl az ipar\u00e1g leggyorsabb sz\u00e1ll\u00edt\u00e1si idej\u00e9t k\u00edn\u00e1ljuk.<\/p>","protected":false},"excerpt":{"rendered":"<p>Black Tar Heroin ist eine Form der Droge Heroin, die f\u00fcr ihre schwarze, klebrige und teerartige Konsistenz bekannt&hellip;<\/p>","protected":false},"featured_media":7546,"comment_status":"open","ping_status":"closed","template":"","meta":{"_joinchat":[]},"product_brand":[],"product_cat":[3193],"product_tag":[3113,3012,3122,3117,3115,3118,3119,3121,3120,3125,3116,3114,3126,3123,3124,3127],"class_list":{"0":"post-7528","1":"product","2":"type-product","3":"status-publish","4":"has-post-thumbnail","6":"product_cat-heroin","7":"product_tag-benefits-of-black-tar-heroin","8":"product_tag-bester-ort","9":"product_tag-billiges-black-tar-heroin","10":"product_tag-black-tar-heroin-grosshandel","11":"product_tag-black-tar-heroin-zu-verkaufen","12":"product_tag-kaufen-sie-black-tar-heroin-legal","13":"product_tag-kaufen-sie-black-tar-heroin-online-in-australien","14":"product_tag-kaufen-sie-black-tar-heroin-online-in-den-usa","15":"product_tag-kaufen-sie-black-tar-heroin-online-in-meiner-naehe","16":"product_tag-legales-black-tar-heroin-online","17":"product_tag-preis-fuer-black-tar-heroin","18":"product_tag-um-black-tar-heroin-zu-bestellen","19":"product_tag-was-ist-black-tar-heroin","20":"product_tag-wie-bekomme-ich-das-beste-black-tar-heroin","21":"product_tag-wie-man-black-tar-heroin-bestellt","22":"product_tag-wo-kann-ich-black-tar-heroin-kaufen","24":"first","25":"instock","26":"shipping-taxable","27":"purchasable","28":"product-type-variable"},"yoast_head":"<!-- This site is optimized with the Yoast SEO plugin v27.5 - https:\/\/yoast.com\/product\/yoast-seo-wordpress\/ -->\n<title>Kaufen Sie Black Tar Heroin online Chemgramx<\/title>\n<meta name=\"description\" content=\"Suchen Sie nach einer zuverl\u00e4ssigen und hochwertigen Quelle f\u00fcr den Online-Kauf von Black Tar Heroin? Bei Narco Powders sind Sie an der richtigen Adresse. Hier finden Sie den besten Preis f\u00fcr Black Tar Heroin mit garantierter Qualit\u00e4t. Dar\u00fcber hinaus bieten wir die schnellsten Lieferzeiten der Branche.\" \/>\n<meta name=\"robots\" content=\"index, follow, max-snippet:-1, max-image-preview:large, max-video-preview:-1\" \/>\n<link rel=\"canonical\" href=\"https:\/\/chemgramx.com\/hu\/termek-1\/vasaroljon-fekete-katranyos-heroint-online\/\" \/>\n<meta property=\"og:locale\" content=\"hu_HU\" \/>\n<meta property=\"og:type\" content=\"article\" \/>\n<meta property=\"og:title\" content=\"Kaufen Sie Black Tar Heroin online Chemgramx\" \/>\n<meta property=\"og:description\" content=\"Suchen Sie nach einer zuverl\u00e4ssigen und hochwertigen Quelle f\u00fcr den Online-Kauf von Black Tar Heroin? Bei Narco Powders sind Sie an der richtigen Adresse. Hier finden Sie den besten Preis f\u00fcr Black Tar Heroin mit garantierter Qualit\u00e4t. Dar\u00fcber hinaus bieten wir die schnellsten Lieferzeiten der Branche.\" \/>\n<meta property=\"og:url\" content=\"https:\/\/chemgramx.com\/hu\/termek-1\/vasaroljon-fekete-katranyos-heroint-online\/\" \/>\n<meta property=\"og:site_name\" content=\"Chemgramx\" \/>\n<meta property=\"article:modified_time\" content=\"2025-11-21T11:18:42+00:00\" \/>\n<meta property=\"og:image\" content=\"https:\/\/chemgramx.com\/wp-content\/uploads\/2025\/11\/schwarzer-teer-heroin.jpg\" \/>\n\t<meta property=\"og:image:width\" content=\"600\" \/>\n\t<meta property=\"og:image:height\" content=\"600\" \/>\n\t<meta property=\"og:image:type\" content=\"image\/jpeg\" \/>\n<meta name=\"twitter:card\" content=\"summary_large_image\" \/>\n<meta name=\"twitter:label1\" content=\"Becs\u00fclt olvas\u00e1si id\u0151\" \/>\n\t<meta name=\"twitter:data1\" content=\"3 perc\" \/>\n<script type=\"application\/ld+json\" class=\"yoast-schema-graph\">{\"@context\":\"https:\\\/\\\/schema.org\",\"@graph\":[{\"@type\":\"WebPage\",\"@id\":\"https:\\\/\\\/chemgramx.com\\\/product\\\/kaufen-sie-black-tar-heroin-online\\\/\",\"url\":\"https:\\\/\\\/chemgramx.com\\\/product\\\/kaufen-sie-black-tar-heroin-online\\\/\",\"name\":\"Kaufen Sie Black Tar Heroin online Chemgramx\",\"isPartOf\":{\"@id\":\"https:\\\/\\\/chemgramx.com\\\/#website\"},\"primaryImageOfPage\":{\"@id\":\"https:\\\/\\\/chemgramx.com\\\/product\\\/kaufen-sie-black-tar-heroin-online\\\/#primaryimage\"},\"image\":{\"@id\":\"https:\\\/\\\/chemgramx.com\\\/product\\\/kaufen-sie-black-tar-heroin-online\\\/#primaryimage\"},\"thumbnailUrl\":\"https:\\\/\\\/chemgramx.com\\\/wp-content\\\/uploads\\\/2025\\\/11\\\/schwarzer-teer-heroin.jpg\",\"datePublished\":\"2025-11-21T11:17:59+00:00\",\"dateModified\":\"2025-11-21T11:18:42+00:00\",\"description\":\"Suchen Sie nach einer zuverl\u00e4ssigen und hochwertigen Quelle f\u00fcr den Online-Kauf von Black Tar Heroin? Bei Narco Powders sind Sie an der richtigen Adresse. Hier finden Sie den besten Preis f\u00fcr Black Tar Heroin mit garantierter Qualit\u00e4t. Dar\u00fcber hinaus bieten wir die schnellsten Lieferzeiten der Branche.\",\"breadcrumb\":{\"@id\":\"https:\\\/\\\/chemgramx.com\\\/product\\\/kaufen-sie-black-tar-heroin-online\\\/#breadcrumb\"},\"inLanguage\":\"hu\",\"potentialAction\":[{\"@type\":\"ReadAction\",\"target\":[\"https:\\\/\\\/chemgramx.com\\\/product\\\/kaufen-sie-black-tar-heroin-online\\\/\"]}]},{\"@type\":\"ImageObject\",\"inLanguage\":\"hu\",\"@id\":\"https:\\\/\\\/chemgramx.com\\\/product\\\/kaufen-sie-black-tar-heroin-online\\\/#primaryimage\",\"url\":\"https:\\\/\\\/chemgramx.com\\\/wp-content\\\/uploads\\\/2025\\\/11\\\/schwarzer-teer-heroin.jpg\",\"contentUrl\":\"https:\\\/\\\/chemgramx.com\\\/wp-content\\\/uploads\\\/2025\\\/11\\\/schwarzer-teer-heroin.jpg\",\"width\":600,\"height\":600},{\"@type\":\"BreadcrumbList\",\"@id\":\"https:\\\/\\\/chemgramx.com\\\/product\\\/kaufen-sie-black-tar-heroin-online\\\/#breadcrumb\",\"itemListElement\":[{\"@type\":\"ListItem\",\"position\":1,\"name\":\"Home\",\"item\":\"https:\\\/\\\/chemgramx.com\\\/\"},{\"@type\":\"ListItem\",\"position\":2,\"name\":\"Shop\",\"item\":\"https:\\\/\\\/chemgramx.com\\\/shop\\\/\"},{\"@type\":\"ListItem\",\"position\":3,\"name\":\"Kaufen Sie Black Tar Heroin online\"}]},{\"@type\":\"WebSite\",\"@id\":\"https:\\\/\\\/chemgramx.com\\\/#website\",\"url\":\"https:\\\/\\\/chemgramx.com\\\/\",\"name\":\"Chemgramx\",\"description\":\"\",\"publisher\":{\"@id\":\"https:\\\/\\\/chemgramx.com\\\/#organization\"},\"potentialAction\":[{\"@type\":\"SearchAction\",\"target\":{\"@type\":\"EntryPoint\",\"urlTemplate\":\"https:\\\/\\\/chemgramx.com\\\/?s={search_term_string}\"},\"query-input\":{\"@type\":\"PropertyValueSpecification\",\"valueRequired\":true,\"valueName\":\"search_term_string\"}}],\"inLanguage\":\"hu\"},{\"@type\":\"Organization\",\"@id\":\"https:\\\/\\\/chemgramx.com\\\/#organization\",\"name\":\"Chemgramx\",\"url\":\"https:\\\/\\\/chemgramx.com\\\/\",\"logo\":{\"@type\":\"ImageObject\",\"inLanguage\":\"hu\",\"@id\":\"https:\\\/\\\/chemgramx.com\\\/#\\\/schema\\\/logo\\\/image\\\/\",\"url\":\"https:\\\/\\\/chemgramx.com\\\/wp-content\\\/uploads\\\/2024\\\/10\\\/final-logo.png\",\"contentUrl\":\"https:\\\/\\\/chemgramx.com\\\/wp-content\\\/uploads\\\/2024\\\/10\\\/final-logo.png\",\"width\":250,\"height\":48,\"caption\":\"Chemgramx\"},\"image\":{\"@id\":\"https:\\\/\\\/chemgramx.com\\\/#\\\/schema\\\/logo\\\/image\\\/\"}}]}<\/script>\n<!-- \/ Yoast SEO plugin. -->","yoast_head_json":{"title":"V\u00e1s\u00e1roljon Black Tar Heroin online Chemgramx","description":"Megb\u00edzhat\u00f3 \u00e9s kiv\u00e1l\u00f3 min\u0151s\u00e9g\u0171 forr\u00e1st keres a fekete k\u00e1tr\u00e1ny heroin online v\u00e1s\u00e1rl\u00e1s\u00e1hoz? A Narco Powdersn\u00e9l j\u00f3 helyen j\u00e1r. N\u00e1lunk megtal\u00e1lja a legjobb \u00e1rat a fekete k\u00e1tr\u00e1ny heroinra, garant\u00e1lt min\u0151s\u00e9ggel. Ezen fel\u00fcl az ipar\u00e1g leggyorsabb sz\u00e1ll\u00edt\u00e1si idej\u00e9t k\u00edn\u00e1ljuk.","robots":{"index":"index","follow":"follow","max-snippet":"max-snippet:-1","max-image-preview":"max-image-preview:large","max-video-preview":"max-video-preview:-1"},"canonical":"https:\/\/chemgramx.com\/hu\/termek-1\/vasaroljon-fekete-katranyos-heroint-online\/","og_locale":"hu_HU","og_type":"article","og_title":"Kaufen Sie Black Tar Heroin online Chemgramx","og_description":"Suchen Sie nach einer zuverl\u00e4ssigen und hochwertigen Quelle f\u00fcr den Online-Kauf von Black Tar Heroin? Bei Narco Powders sind Sie an der richtigen Adresse. Hier finden Sie den besten Preis f\u00fcr Black Tar Heroin mit garantierter Qualit\u00e4t. Dar\u00fcber hinaus bieten wir die schnellsten Lieferzeiten der Branche.","og_url":"https:\/\/chemgramx.com\/hu\/termek-1\/vasaroljon-fekete-katranyos-heroint-online\/","og_site_name":"Chemgramx","article_modified_time":"2025-11-21T11:18:42+00:00","og_image":[{"width":600,"height":600,"url":"https:\/\/chemgramx.com\/wp-content\/uploads\/2025\/11\/schwarzer-teer-heroin.jpg","type":"image\/jpeg"}],"twitter_card":"summary_large_image","twitter_misc":{"Becs\u00fclt olvas\u00e1si id\u0151":"3 perc"},"schema":{"@context":"https:\/\/schema.org","@graph":[{"@type":"WebPage","@id":"https:\/\/chemgramx.com\/product\/kaufen-sie-black-tar-heroin-online\/","url":"https:\/\/chemgramx.com\/product\/kaufen-sie-black-tar-heroin-online\/","name":"V\u00e1s\u00e1roljon Black Tar Heroin online Chemgramx","isPartOf":{"@id":"https:\/\/chemgramx.com\/#website"},"primaryImageOfPage":{"@id":"https:\/\/chemgramx.com\/product\/kaufen-sie-black-tar-heroin-online\/#primaryimage"},"image":{"@id":"https:\/\/chemgramx.com\/product\/kaufen-sie-black-tar-heroin-online\/#primaryimage"},"thumbnailUrl":"https:\/\/chemgramx.com\/wp-content\/uploads\/2025\/11\/schwarzer-teer-heroin.jpg","datePublished":"2025-11-21T11:17:59+00:00","dateModified":"2025-11-21T11:18:42+00:00","description":"Megb\u00edzhat\u00f3 \u00e9s kiv\u00e1l\u00f3 min\u0151s\u00e9g\u0171 forr\u00e1st keres a fekete k\u00e1tr\u00e1ny heroin online v\u00e1s\u00e1rl\u00e1s\u00e1hoz? A Narco Powdersn\u00e9l j\u00f3 helyen j\u00e1r. N\u00e1lunk megtal\u00e1lja a legjobb \u00e1rat a fekete k\u00e1tr\u00e1ny heroinra, garant\u00e1lt min\u0151s\u00e9ggel. Ezen fel\u00fcl az ipar\u00e1g leggyorsabb sz\u00e1ll\u00edt\u00e1si idej\u00e9t k\u00edn\u00e1ljuk.","breadcrumb":{"@id":"https:\/\/chemgramx.com\/product\/kaufen-sie-black-tar-heroin-online\/#breadcrumb"},"inLanguage":"hu","potentialAction":[{"@type":"ReadAction","target":["https:\/\/chemgramx.com\/product\/kaufen-sie-black-tar-heroin-online\/"]}]},{"@type":"ImageObject","inLanguage":"hu","@id":"https:\/\/chemgramx.com\/product\/kaufen-sie-black-tar-heroin-online\/#primaryimage","url":"https:\/\/chemgramx.com\/wp-content\/uploads\/2025\/11\/schwarzer-teer-heroin.jpg","contentUrl":"https:\/\/chemgramx.com\/wp-content\/uploads\/2025\/11\/schwarzer-teer-heroin.jpg","width":600,"height":600},{"@type":"BreadcrumbList","@id":"https:\/\/chemgramx.com\/product\/kaufen-sie-black-tar-heroin-online\/#breadcrumb","itemListElement":[{"@type":"ListItem","position":1,"name":"Home","item":"https:\/\/chemgramx.com\/"},{"@type":"ListItem","position":2,"name":"Shop","item":"https:\/\/chemgramx.com\/shop\/"},{"@type":"ListItem","position":3,"name":"Kaufen Sie Black Tar Heroin online"}]},{"@type":"WebSite","@id":"https:\/\/chemgramx.com\/#website","url":"https:\/\/chemgramx.com\/","name":"Chemgramx","description":"","publisher":{"@id":"https:\/\/chemgramx.com\/#organization"},"potentialAction":[{"@type":"SearchAction","target":{"@type":"EntryPoint","urlTemplate":"https:\/\/chemgramx.com\/?s={search_term_string}"},"query-input":{"@type":"PropertyValueSpecification","valueRequired":true,"valueName":"search_term_string"}}],"inLanguage":"hu"},{"@type":"Organization","@id":"https:\/\/chemgramx.com\/#organization","name":"Chemgramx","url":"https:\/\/chemgramx.com\/","logo":{"@type":"ImageObject","inLanguage":"hu","@id":"https:\/\/chemgramx.com\/#\/schema\/logo\/image\/","url":"https:\/\/chemgramx.com\/wp-content\/uploads\/2024\/10\/final-logo.png","contentUrl":"https:\/\/chemgramx.com\/wp-content\/uploads\/2024\/10\/final-logo.png","width":250,"height":48,"caption":"Chemgramx"},"image":{"@id":"https:\/\/chemgramx.com\/#\/schema\/logo\/image\/"}}]}},"_links":{"self":[{"href":"https:\/\/chemgramx.com\/hu\/wp-json\/wp\/v2\/product\/7528","targetHints":{"allow":["GET"]}}],"collection":[{"href":"https:\/\/chemgramx.com\/hu\/wp-json\/wp\/v2\/product"}],"about":[{"href":"https:\/\/chemgramx.com\/hu\/wp-json\/wp\/v2\/types\/product"}],"replies":[{"embeddable":true,"href":"https:\/\/chemgramx.com\/hu\/wp-json\/wp\/v2\/comments?post=7528"}],"wp:featuredmedia":[{"embeddable":true,"href":"https:\/\/chemgramx.com\/hu\/wp-json\/wp\/v2\/media\/7546"}],"wp:attachment":[{"href":"https:\/\/chemgramx.com\/hu\/wp-json\/wp\/v2\/media?parent=7528"}],"wp:term":[{"taxonomy":"product_brand","embeddable":true,"href":"https:\/\/chemgramx.com\/hu\/wp-json\/wp\/v2\/product_brand?post=7528"},{"taxonomy":"product_cat","embeddable":true,"href":"https:\/\/chemgramx.com\/hu\/wp-json\/wp\/v2\/product_cat?post=7528"},{"taxonomy":"product_tag","embeddable":true,"href":"https:\/\/chemgramx.com\/hu\/wp-json\/wp\/v2\/product_tag?post=7528"}],"curies":[{"name":"wp","href":"https:\/\/api.w.org\/{rel}","templated":true}]}}