{"id":7529,"date":"2025-11-21T11:17:59","date_gmt":"2025-11-21T11:17:59","guid":{"rendered":"https:\/\/chemgramx.com\/?post_type=product&#038;p=7529"},"modified":"2025-11-21T11:18:42","modified_gmt":"2025-11-21T11:18:42","slug":"afgan-heroin-vasarlas","status":"publish","type":"product","link":"https:\/\/chemgramx.com\/hu\/product\/kaufen-sie-afghanisches-heroin\/","title":{"rendered":"V\u00e1s\u00e1rolj afg\u00e1n heroint"},"content":{"rendered":"<p>Az afg\u00e1n heroin m\u00e1k\u00fcltetv\u00e9nyeken t\u00f6rt\u00e9n\u0151 termeszt\u00e9se sz\u00e1mos orsz\u00e1gban illeg\u00e1lis, de ez nem akad\u00e1lyozza meg, hogy sokan hozz\u00e1jussanak ehhez a k\u00e1b\u00edt\u00f3szerhez. Val\u00f3j\u00e1ban az afg\u00e1n heroin az egyik legn\u00e9pszer\u0171bb heroinfajta a piacon, r\u00e9szben intenz\u00edv euf\u00f3rikus hat\u00e1sa miatt. Ha a legjobb afg\u00e1n heroint keresed online, a Narco Powders a megfelel\u0151 hely.<\/p>\n<h3>Hogyan \u00e1ll\u00edtj\u00e1k el\u0151 az afg\u00e1n heroint?<\/h3>\n<p>Az afg\u00e1n heroin egy \u00f3piumb\u00f3l el\u0151\u00e1ll\u00edtott \u00f3pioid. Az \u00f3piumot a m\u00e1kn\u00f6v\u00e9nyb\u0151l nyerik ki, \u00e9s term\u00e9szetes forr\u00e1sa a morfinnak \u00e9s a kodeinnek. Az \u00f3pium afg\u00e1n heroinn\u00e1 t\u00f6rt\u00e9n\u0151 \u00e1talak\u00edt\u00e1sa t\u00f6bb l\u00e9p\u00e9sb\u0151l \u00e1ll. Az \u00f3piumot t\u00f6bbek k\u00f6z\u00f6tt addig forralj\u00e1k, am\u00edg ragacsos, fekete k\u00e1tr\u00e1ny nem keletkezik, majd a szennyez\u0151d\u00e9sek elt\u00e1vol\u00edt\u00e1sa \u00e9rdek\u00e9ben sajtkend\u0151n \u00e1tsz\u0171rik. <a href=\"https:\/\/chemgramx.com\/product\/chernobyl-cookies-hash\/\">Ez a<\/a> a fekete k\u00e1tr\u00e1nyt megsz\u00e1r\u00edtj\u00e1k \u00e9s porr\u00e1 \u0151rlik, majd t\u00f6mb\u00f6kk\u00e9 vagy tablett\u00e1kk\u00e1 form\u00e1lj\u00e1k.<\/p>\n<p>Az afg\u00e1n heroin k\u00fcl\u00f6nb\u00f6z\u0151 t\u00edpusai l\u00e9teznek, mindegyiknek megvannak a maga egyedi jellemz\u0151i \u00e9s felhaszn\u00e1l\u00e1si ter\u00fcletei. A feh\u00e9r heroin (m\u00e1s n\u00e9ven \u201enyers \u00f3pium\u201c) a leggyakoribb t\u00edpus, \u00e9s \u00e1ltal\u00e1ban gyeng\u00e9bb min\u0151s\u00e9g\u0171, mint az afg\u00e1n heroin m\u00e1s t\u00edpusai. A barna heroin (amely r\u00e9szben sz\u00e1r\u00edtott fekete k\u00e1tr\u00e1nyb\u00f3l k\u00e9sz\u00fcl) er\u0151sebb hat\u00e1s\u00fa, \u00e9s potencia miatt n\u00e9pszer\u0171bb a felhaszn\u00e1l\u00f3k k\u00f6r\u00e9ben. A s\u00f6t\u00e9tbarna heroin (amely teljesen megsz\u00e1r\u00edtott fekete k\u00e1tr\u00e1nyb\u00f3l k\u00e9sz\u00fcl) a leger\u0151sebb hat\u00e1s\u00fa az \u00f6sszes k\u00f6z\u00fcl, de a vissza\u00e9l\u00e9si potenci\u00e1l is a legnagyobb, mivel az adagol\u00e1st nehezebb ellen\u0151rizni.<\/p>\n<h3>Az afg\u00e1n heroin el\u0151nyei<\/h3>\n<p>Ha er\u0151s \u00e9s euf\u00f3rikus \u00e9lm\u00e9nyt keres, az afg\u00e1n heroin online a legjobb v\u00e1laszt\u00e1s. Ez a fajta heroin a legtiszt\u00e1bb \u00e9s leghat\u00e1sosabb heroinok k\u00f6z\u00e9 tartozik a piacon, \u00e9s intenz\u00edv hat\u00e1sai miatt nagyon keresett. Ez\u00e9rt az afg\u00e1n heroint kr\u00f3nikus f\u00e1jdalom \u00e9s opioidf\u00fcgg\u0151s\u00e9g kezel\u00e9s\u00e9re haszn\u00e1lj\u00e1k - olyan \u00e1llapotok, amelyek a mai t\u00e1rsadalomban elterjedtek.<\/p>\n<h3>Az afg\u00e1n heroin mell\u00e9khat\u00e1sai<\/h3>\n<p>Az afg\u00e1n heroin az \u00f3piumm\u00e1kb\u00f3l sz\u00e1rmaz\u00f3 \u00f3pioid, ez\u00e9rt mell\u00e9khat\u00e1sai is vannak. Az afg\u00e1n heroin haszn\u00e1lat\u00e1nak r\u00f6vid t\u00e1v\u00fa mell\u00e9khat\u00e1sai k\u00f6z\u00e9 tartozhat a sz\u00edvritmus emelked\u00e9se, a v\u00e9rnyom\u00e1s emelked\u00e9se \u00e9s az euf\u00f3ria \u00e9rz\u00e9se (a heroin haszn\u00e1lat\u00e1b\u00f3l ered\u0151 m\u00e1mor). Az afg\u00e1n heroin haszn\u00e1lat\u00e1b\u00f3l ered\u0151 hossz\u00fa t\u00e1v\u00fa eg\u00e9szs\u00e9g\u00fcgyi probl\u00e9m\u00e1k k\u00f6z\u00e9 tartozhat a f\u00fcgg\u0151s\u00e9g, a kr\u00f3nikus hepatitis C fert\u0151z\u00e9s (egy potenci\u00e1lisan hal\u00e1los m\u00e1jbetegs\u00e9g), a ment\u00e1lis eg\u00e9szs\u00e9g\u00fcgyi probl\u00e9m\u00e1k, p\u00e9ld\u00e1ul a szorong\u00e1s \u00e9s a depresszi\u00f3, valamint a t\u00faladagol\u00e1s okozta hal\u00e1l.<\/p>\n<h3>Hol lehet afg\u00e1n heroint v\u00e1s\u00e1rolni online?<\/h3>\n<p>Szeretne biztons\u00e1gosan, megb\u00edzhat\u00f3an \u00e9s diszkr\u00e9ten online afg\u00e1n heroint rendelni? Akkor v\u00e1s\u00e1roljon a Narco Powders-t\u0151l. Sok\u00e9ves tapasztalattal rendelkez\u00fcnk az ipar\u00e1gban, \u00e9s min\u0151s\u00e9gi term\u00e9kek sz\u00e9les v\u00e1laszt\u00e9k\u00e1t k\u00edn\u00e1ljuk. V\u00e1lasszon a tiszta, organikus \u00e9s laborat\u00f3riumban tesztelt term\u00e9kek k\u00f6z\u00fcl, hogy megtal\u00e1lja a megfelel\u0151 adagot az \u00d6n sz\u00e1m\u00e1ra. Sz\u00e1mos k\u00e9nyelmes fizet\u00e9si lehet\u0151s\u00e9g, p\u00e9ld\u00e1ul hitelk\u00e1rtya, PayPal \u00e9s Western Union teszi egyszer\u0171v\u00e9 \u00e9s k\u00e9nyelmess\u00e9 az afg\u00e1n heroin online v\u00e1s\u00e1rl\u00e1s\u00e1t. Rendelje meg a legjobb afg\u00e1n heroint m\u00e9g ma!<\/p>","protected":false},"excerpt":{"rendered":"<p>Ha er\u0151s \u00e9s euf\u00f3rikus \u00e9lm\u00e9nyt keres, az afg\u00e1n heroin online a legjobb v\u00e1laszt\u00e1s. Ez a fajta heroin a legtiszt\u00e1bb \u00e9s leghat\u00e1sosabb heroinok k\u00f6z\u00e9 tartozik a piacon, \u00e9s intenz\u00edv hat\u00e1sai miatt nagyon keresett. Ez\u00e9rt az afg\u00e1n heroint kr\u00f3nikus f\u00e1jdalom \u00e9s opioidf\u00fcgg\u0151s\u00e9g kezel\u00e9s\u00e9re haszn\u00e1lj\u00e1k - olyan \u00e1llapotok, amelyek a mai t\u00e1rsadalomban elterjedtek.<\/p>","protected":false},"featured_media":7547,"comment_status":"open","ping_status":"closed","template":"","meta":{"_joinchat":[]},"product_brand":[],"product_cat":[3193],"product_tag":[],"class_list":{"0":"post-7529","1":"product","2":"type-product","3":"status-publish","4":"has-post-thumbnail","6":"product_cat-heroin","8":"first","9":"instock","10":"shipping-taxable","11":"purchasable","12":"product-type-variable"},"yoast_head":"<!-- This site is optimized with the Yoast SEO plugin v27.5 - https:\/\/yoast.com\/product\/yoast-seo-wordpress\/ -->\n<title>Kaufen Sie afghanisches Heroin Chemgramx<\/title>\n<meta name=\"description\" content=\"Wenn Sie online nach dem besten afghanischen Heroin suchen, sind Sie bei Narco Powders genau richtig.\" \/>\n<meta name=\"robots\" content=\"index, follow, max-snippet:-1, max-image-preview:large, max-video-preview:-1\" \/>\n<link rel=\"canonical\" href=\"https:\/\/chemgramx.com\/hu\/termek-1\/afgan-heroin-vasarlas\/\" \/>\n<meta property=\"og:locale\" content=\"hu_HU\" \/>\n<meta property=\"og:type\" content=\"article\" \/>\n<meta property=\"og:title\" content=\"Kaufen Sie afghanisches Heroin Chemgramx\" \/>\n<meta property=\"og:description\" content=\"Wenn Sie online nach dem besten afghanischen Heroin suchen, sind Sie bei Narco Powders genau richtig.\" \/>\n<meta property=\"og:url\" content=\"https:\/\/chemgramx.com\/hu\/termek-1\/afgan-heroin-vasarlas\/\" \/>\n<meta property=\"og:site_name\" content=\"Chemgramx\" \/>\n<meta property=\"article:modified_time\" content=\"2025-11-21T11:18:42+00:00\" \/>\n<meta property=\"og:image\" content=\"https:\/\/chemgramx.com\/wp-content\/uploads\/2025\/11\/afghanisches-heroin.jpg\" \/>\n\t<meta property=\"og:image:width\" content=\"600\" \/>\n\t<meta property=\"og:image:height\" content=\"600\" \/>\n\t<meta property=\"og:image:type\" content=\"image\/jpeg\" \/>\n<meta name=\"twitter:card\" content=\"summary_large_image\" \/>\n<meta name=\"twitter:label1\" content=\"Becs\u00fclt olvas\u00e1si id\u0151\" \/>\n\t<meta name=\"twitter:data1\" content=\"3 perc\" \/>\n<script type=\"application\/ld+json\" class=\"yoast-schema-graph\">{\"@context\":\"https:\\\/\\\/schema.org\",\"@graph\":[{\"@type\":\"WebPage\",\"@id\":\"https:\\\/\\\/chemgramx.com\\\/product\\\/kaufen-sie-afghanisches-heroin\\\/\",\"url\":\"https:\\\/\\\/chemgramx.com\\\/product\\\/kaufen-sie-afghanisches-heroin\\\/\",\"name\":\"Kaufen Sie afghanisches Heroin Chemgramx\",\"isPartOf\":{\"@id\":\"https:\\\/\\\/chemgramx.com\\\/#website\"},\"primaryImageOfPage\":{\"@id\":\"https:\\\/\\\/chemgramx.com\\\/product\\\/kaufen-sie-afghanisches-heroin\\\/#primaryimage\"},\"image\":{\"@id\":\"https:\\\/\\\/chemgramx.com\\\/product\\\/kaufen-sie-afghanisches-heroin\\\/#primaryimage\"},\"thumbnailUrl\":\"https:\\\/\\\/chemgramx.com\\\/wp-content\\\/uploads\\\/2025\\\/11\\\/afghanisches-heroin.jpg\",\"datePublished\":\"2025-11-21T11:17:59+00:00\",\"dateModified\":\"2025-11-21T11:18:42+00:00\",\"description\":\"Wenn Sie online nach dem besten afghanischen Heroin suchen, sind Sie bei Narco Powders genau richtig.\",\"breadcrumb\":{\"@id\":\"https:\\\/\\\/chemgramx.com\\\/product\\\/kaufen-sie-afghanisches-heroin\\\/#breadcrumb\"},\"inLanguage\":\"hu\",\"potentialAction\":[{\"@type\":\"ReadAction\",\"target\":[\"https:\\\/\\\/chemgramx.com\\\/product\\\/kaufen-sie-afghanisches-heroin\\\/\"]}]},{\"@type\":\"ImageObject\",\"inLanguage\":\"hu\",\"@id\":\"https:\\\/\\\/chemgramx.com\\\/product\\\/kaufen-sie-afghanisches-heroin\\\/#primaryimage\",\"url\":\"https:\\\/\\\/chemgramx.com\\\/wp-content\\\/uploads\\\/2025\\\/11\\\/afghanisches-heroin.jpg\",\"contentUrl\":\"https:\\\/\\\/chemgramx.com\\\/wp-content\\\/uploads\\\/2025\\\/11\\\/afghanisches-heroin.jpg\",\"width\":600,\"height\":600},{\"@type\":\"BreadcrumbList\",\"@id\":\"https:\\\/\\\/chemgramx.com\\\/product\\\/kaufen-sie-afghanisches-heroin\\\/#breadcrumb\",\"itemListElement\":[{\"@type\":\"ListItem\",\"position\":1,\"name\":\"Home\",\"item\":\"https:\\\/\\\/chemgramx.com\\\/\"},{\"@type\":\"ListItem\",\"position\":2,\"name\":\"Shop\",\"item\":\"https:\\\/\\\/chemgramx.com\\\/shop\\\/\"},{\"@type\":\"ListItem\",\"position\":3,\"name\":\"Kaufen Sie afghanisches Heroin\"}]},{\"@type\":\"WebSite\",\"@id\":\"https:\\\/\\\/chemgramx.com\\\/#website\",\"url\":\"https:\\\/\\\/chemgramx.com\\\/\",\"name\":\"Chemgramx\",\"description\":\"\",\"publisher\":{\"@id\":\"https:\\\/\\\/chemgramx.com\\\/#organization\"},\"potentialAction\":[{\"@type\":\"SearchAction\",\"target\":{\"@type\":\"EntryPoint\",\"urlTemplate\":\"https:\\\/\\\/chemgramx.com\\\/?s={search_term_string}\"},\"query-input\":{\"@type\":\"PropertyValueSpecification\",\"valueRequired\":true,\"valueName\":\"search_term_string\"}}],\"inLanguage\":\"hu\"},{\"@type\":\"Organization\",\"@id\":\"https:\\\/\\\/chemgramx.com\\\/#organization\",\"name\":\"Chemgramx\",\"url\":\"https:\\\/\\\/chemgramx.com\\\/\",\"logo\":{\"@type\":\"ImageObject\",\"inLanguage\":\"hu\",\"@id\":\"https:\\\/\\\/chemgramx.com\\\/#\\\/schema\\\/logo\\\/image\\\/\",\"url\":\"https:\\\/\\\/chemgramx.com\\\/wp-content\\\/uploads\\\/2024\\\/10\\\/final-logo.png\",\"contentUrl\":\"https:\\\/\\\/chemgramx.com\\\/wp-content\\\/uploads\\\/2024\\\/10\\\/final-logo.png\",\"width\":250,\"height\":48,\"caption\":\"Chemgramx\"},\"image\":{\"@id\":\"https:\\\/\\\/chemgramx.com\\\/#\\\/schema\\\/logo\\\/image\\\/\"}}]}<\/script>\n<!-- \/ Yoast SEO plugin. -->","yoast_head_json":{"title":"V\u00e1s\u00e1rolj afg\u00e1n heroint Chemgramx","description":"Ha a legjobb afg\u00e1n heroint keresi online, a Narco Powders a megfelel\u0151 hely az \u00d6n sz\u00e1m\u00e1ra.","robots":{"index":"index","follow":"follow","max-snippet":"max-snippet:-1","max-image-preview":"max-image-preview:large","max-video-preview":"max-video-preview:-1"},"canonical":"https:\/\/chemgramx.com\/hu\/termek-1\/afgan-heroin-vasarlas\/","og_locale":"hu_HU","og_type":"article","og_title":"Kaufen Sie afghanisches Heroin Chemgramx","og_description":"Wenn Sie online nach dem besten afghanischen Heroin suchen, sind Sie bei Narco Powders genau richtig.","og_url":"https:\/\/chemgramx.com\/hu\/termek-1\/afgan-heroin-vasarlas\/","og_site_name":"Chemgramx","article_modified_time":"2025-11-21T11:18:42+00:00","og_image":[{"width":600,"height":600,"url":"https:\/\/chemgramx.com\/wp-content\/uploads\/2025\/11\/afghanisches-heroin.jpg","type":"image\/jpeg"}],"twitter_card":"summary_large_image","twitter_misc":{"Becs\u00fclt olvas\u00e1si id\u0151":"3 perc"},"schema":{"@context":"https:\/\/schema.org","@graph":[{"@type":"WebPage","@id":"https:\/\/chemgramx.com\/product\/kaufen-sie-afghanisches-heroin\/","url":"https:\/\/chemgramx.com\/product\/kaufen-sie-afghanisches-heroin\/","name":"V\u00e1s\u00e1rolj afg\u00e1n heroint Chemgramx","isPartOf":{"@id":"https:\/\/chemgramx.com\/#website"},"primaryImageOfPage":{"@id":"https:\/\/chemgramx.com\/product\/kaufen-sie-afghanisches-heroin\/#primaryimage"},"image":{"@id":"https:\/\/chemgramx.com\/product\/kaufen-sie-afghanisches-heroin\/#primaryimage"},"thumbnailUrl":"https:\/\/chemgramx.com\/wp-content\/uploads\/2025\/11\/afghanisches-heroin.jpg","datePublished":"2025-11-21T11:17:59+00:00","dateModified":"2025-11-21T11:18:42+00:00","description":"Ha a legjobb afg\u00e1n heroint keresi online, a Narco Powders a megfelel\u0151 hely az \u00d6n sz\u00e1m\u00e1ra.","breadcrumb":{"@id":"https:\/\/chemgramx.com\/product\/kaufen-sie-afghanisches-heroin\/#breadcrumb"},"inLanguage":"hu","potentialAction":[{"@type":"ReadAction","target":["https:\/\/chemgramx.com\/product\/kaufen-sie-afghanisches-heroin\/"]}]},{"@type":"ImageObject","inLanguage":"hu","@id":"https:\/\/chemgramx.com\/product\/kaufen-sie-afghanisches-heroin\/#primaryimage","url":"https:\/\/chemgramx.com\/wp-content\/uploads\/2025\/11\/afghanisches-heroin.jpg","contentUrl":"https:\/\/chemgramx.com\/wp-content\/uploads\/2025\/11\/afghanisches-heroin.jpg","width":600,"height":600},{"@type":"BreadcrumbList","@id":"https:\/\/chemgramx.com\/product\/kaufen-sie-afghanisches-heroin\/#breadcrumb","itemListElement":[{"@type":"ListItem","position":1,"name":"Home","item":"https:\/\/chemgramx.com\/"},{"@type":"ListItem","position":2,"name":"Shop","item":"https:\/\/chemgramx.com\/shop\/"},{"@type":"ListItem","position":3,"name":"Kaufen Sie afghanisches Heroin"}]},{"@type":"WebSite","@id":"https:\/\/chemgramx.com\/#website","url":"https:\/\/chemgramx.com\/","name":"Chemgramx","description":"","publisher":{"@id":"https:\/\/chemgramx.com\/#organization"},"potentialAction":[{"@type":"SearchAction","target":{"@type":"EntryPoint","urlTemplate":"https:\/\/chemgramx.com\/?s={search_term_string}"},"query-input":{"@type":"PropertyValueSpecification","valueRequired":true,"valueName":"search_term_string"}}],"inLanguage":"hu"},{"@type":"Organization","@id":"https:\/\/chemgramx.com\/#organization","name":"Chemgramx","url":"https:\/\/chemgramx.com\/","logo":{"@type":"ImageObject","inLanguage":"hu","@id":"https:\/\/chemgramx.com\/#\/schema\/logo\/image\/","url":"https:\/\/chemgramx.com\/wp-content\/uploads\/2024\/10\/final-logo.png","contentUrl":"https:\/\/chemgramx.com\/wp-content\/uploads\/2024\/10\/final-logo.png","width":250,"height":48,"caption":"Chemgramx"},"image":{"@id":"https:\/\/chemgramx.com\/#\/schema\/logo\/image\/"}}]}},"_links":{"self":[{"href":"https:\/\/chemgramx.com\/hu\/wp-json\/wp\/v2\/product\/7529","targetHints":{"allow":["GET"]}}],"collection":[{"href":"https:\/\/chemgramx.com\/hu\/wp-json\/wp\/v2\/product"}],"about":[{"href":"https:\/\/chemgramx.com\/hu\/wp-json\/wp\/v2\/types\/product"}],"replies":[{"embeddable":true,"href":"https:\/\/chemgramx.com\/hu\/wp-json\/wp\/v2\/comments?post=7529"}],"wp:featuredmedia":[{"embeddable":true,"href":"https:\/\/chemgramx.com\/hu\/wp-json\/wp\/v2\/media\/7547"}],"wp:attachment":[{"href":"https:\/\/chemgramx.com\/hu\/wp-json\/wp\/v2\/media?parent=7529"}],"wp:term":[{"taxonomy":"product_brand","embeddable":true,"href":"https:\/\/chemgramx.com\/hu\/wp-json\/wp\/v2\/product_brand?post=7529"},{"taxonomy":"product_cat","embeddable":true,"href":"https:\/\/chemgramx.com\/hu\/wp-json\/wp\/v2\/product_cat?post=7529"},{"taxonomy":"product_tag","embeddable":true,"href":"https:\/\/chemgramx.com\/hu\/wp-json\/wp\/v2\/product_tag?post=7529"}],"curies":[{"name":"wp","href":"https:\/\/api.w.org\/{rel}","templated":true}]}}