{"id":7530,"date":"2025-11-21T11:17:59","date_gmt":"2025-11-21T11:17:59","guid":{"rendered":"https:\/\/chemgramx.com\/?post_type=product&#038;p=7530"},"modified":"2025-11-21T11:18:43","modified_gmt":"2025-11-21T11:18:43","slug":"barna-heroinpor","status":"publish","type":"product","link":"https:\/\/chemgramx.com\/hu\/product\/braunes-heroinpulver\/","title":{"rendered":"Barna heroinpor"},"content":{"rendered":"<p>A barna heroinpor (BPH) egyre n\u00e9pszer\u0171bb a vil\u00e1gpiacon. B\u00e1r a BPH m\u00e1r \u00e9vek \u00f3ta ismert, n\u00e9pszer\u0171s\u00e9ge egyre n\u0151 az emberi szervezetre gyakorolt egyed\u00fcl\u00e1ll\u00f3 hat\u00e1sa miatt. Ha teh\u00e1t barna heroinport szeretne v\u00e1s\u00e1rolni online, a Narco Powders a legjobb v\u00e1laszt\u00e1s.<\/p>\n<h2>Mib\u0151l k\u00e9sz\u00fcl a barna heroinpor?<\/h2>\n<p>A BPH az \u00f3pium egy porr\u00e1 feldolgozott form\u00e1ja. Ez a por k\u00f6nnyen elsz\u00edvhat\u00f3 vagy beadhat\u00f3, ami er\u0151sebb\u00e9 \u00e9s f\u00fcgg\u0151s\u00e9get okoz\u00f3bb\u00e1 teszi, mint az \u00f3pium m\u00e1s form\u00e1i. Ezenk\u00edv\u00fcl a BPH hat\u00e1sa hosszabb ideig tart, mint m\u00e1s \u00f3piumt\u00edpusok\u00e9, \u00edgy ide\u00e1lis a nagy intenzit\u00e1s\u00fa tev\u00e9kenys\u00e9gek, p\u00e9ld\u00e1ul a testmozg\u00e1s vagy a szex sor\u00e1n t\u00f6rt\u00e9n\u0151 haszn\u00e1latra.<\/p>\n<h2>A barna heroinpor el\u0151nyei<\/h2>\n<p>A barna heroinpor (BPH) k\u00e9ts\u00e9gtelen\u00fcl az egyik legink\u00e1bb <a href=\"https:\/\/chemgramx.com\/product\/camel-stamp-hash-kaufen\/\">legn\u00e9pszer\u0171bb<\/a> a piacon l\u00e9v\u0151 gy\u00f3gyszerek. K\u00f6nnyen beszerezhet\u0151, \u00e9s gyors \u00e9s er\u0151s k\u00e1b\u00edt\u00f3szert eredm\u00e9nyez. A BPH-t \u201ebarna heroin\u201c-nak is nevezik, mivel jellemz\u0151en barna cukorb\u00f3l, k\u00e1v\u00e9b\u00f3l \u00e9s s\u00fct\u0151porb\u00f3l k\u00e9sz\u00fcl.<\/p>\n<p>A BPH kiv\u00e1l\u00f3 min\u0151s\u00e9g\u0171 heroin, \u00e9s nagy mennyis\u00e9g\u0171 morfint \u00e9s kodeint tartalmaz. Ez\u00e9rt j\u00f3 v\u00e1laszt\u00e1s mindazoknak, akik intenz\u00edv f\u00e1jdalomcsillap\u00edt\u00e1sra v\u00e1gynak. Ezenk\u00edv\u00fcl a BPH gyors sz\u00e1ll\u00edt\u00e1st k\u00edn\u00e1l vil\u00e1gszerte, \u00edgy ide\u00e1lis mindazok sz\u00e1m\u00e1ra, akiknek gyorsan kell a gy\u00f3gyszer\u00fck. A barna heroinpor \u00e1ra m\u00e1s sz\u00e1ll\u00edt\u00f3khoz k\u00e9pest megfizethet\u0151, \u00edgy vonz\u00f3 lehet\u0151s\u00e9g a fogyaszt\u00f3k sz\u00e1m\u00e1ra, akik kiv\u00e1l\u00f3 min\u0151s\u00e9g\u0171 gy\u00f3gyszert keresnek an\u00e9lk\u00fcl, hogy megt\u00f6rn\u00e9k a k\u00f6lts\u00e9gvet\u00e9s\u00fcket.<\/p>\n<h2>A barna heroinpor mell\u00e9khat\u00e1sai<\/h2>\n<p>A barna heroinpor rendk\u00edv\u00fcl vesz\u00e9lyes \u00e9s f\u00fcgg\u0151s\u00e9get okoz\u00f3 k\u00e1b\u00edt\u00f3szer, amelyet gyakran kevernek m\u00e1s anyagokkal, hogy n\u00f6velj\u00e9k a hat\u00e1sfok\u00e1t. Az utc\u00e1n \u00e1ltal\u00e1ban \u201ebarna\u201c, \u201efekete\u201c vagy \u201epuskapor\u201c n\u00e9ven \u00e1rulj\u00e1k. A barna heroinpor morfium \u00e9s m\u00e1s \u00f3pi\u00e1tok kever\u00e9ke, ami rendk\u00edv\u00fcl hat\u00e1soss\u00e1 teszi. A barna heroinpor haszn\u00e1lat\u00e1nak r\u00f6vid t\u00e1v\u00fa mell\u00e9khat\u00e1sai k\u00f6z\u00e9 tartozik a megn\u00f6vekedett sz\u00edvver\u00e9s, az intenz\u00edv melegs\u00e9g\u00e9rzet, a szapora l\u00e9gz\u00e9s \u00e9s az euf\u00f3ria \u00e9rz\u00e9se. Ezt gyorsan k\u00f6veti a nyugalom \u00e9s az ellazul\u00e1s \u00e9rz\u00e9se. A barna heroinpor rendszeres haszn\u00e1lata id\u0151vel f\u00fcgg\u0151s\u00e9ghez \u00e9s f\u00fcgg\u0151s\u00e9ghez vezethet.<\/p>\n<h2>Mi\u00e9rt v\u00e1s\u00e1roljon barna heroinport a Narco Powders-t\u0151l?<\/h2>\n<p>Ha barna heroinport szeretne online rendelni, sz\u00e1mos lehet\u0151s\u00e9g \u00e1ll az \u00d6n rendelkez\u00e9s\u00e9re. Ezek k\u00f6z\u00fcl azonban nem mindegyik j\u00f3 min\u0151s\u00e9g\u0171 vagy biztons\u00e1gos. Itt j\u00f6n a k\u00e9pbe a Narco Powders. A barna heroinpor form\u00e1inak, m\u00e1rk\u00e1inak \u00e9s fajt\u00e1inak sz\u00e9les v\u00e1laszt\u00e9k\u00e1t k\u00edn\u00e1ljuk online elad\u00e1sra, amelyekben megb\u00edzhat. R\u00f6vid sz\u00e1ll\u00edt\u00e1si hat\u00e1rid\u0151nknek k\u00f6sz\u00f6nhet\u0151en gyorsan \u00e9s egyszer\u0171en megkapja a drogot. Azt szeretn\u00e9nk, hogy mindenkinek, aki t\u0151l\u00fcnk rendel, pozit\u00edv v\u00e1s\u00e1rl\u00e1si \u00e9lm\u00e9nyben legyen r\u00e9sze. Az egyszer\u0171 rendel\u00e9si folyamatnak \u00e9s a k\u00e9nyelmes fizet\u00e9si m\u00f3doknak k\u00f6sz\u00f6nhet\u0151en a Narco Powders a legjobb v\u00e1laszt\u00e1s a barna heroinpor online v\u00e1s\u00e1rl\u00e1s\u00e1hoz. Ne v\u00e1rjon teh\u00e1t tov\u00e1bb - rendeljen n\u00e1lunk m\u00e9g ma, \u00e9s szerezze be a legjobb aj\u00e1nlatokat kedvenc term\u00e9keire!<\/p>","protected":false},"excerpt":{"rendered":"<p>Mib\u0151l k\u00e9sz\u00fcl a barna heroinpor?<br \/>\nA BPH az \u00f3pium egy porr\u00e1 feldolgozott form\u00e1ja. Ez a por k\u00f6nnyen elsz\u00edvhat\u00f3 vagy beadhat\u00f3, ami er\u0151sebb\u00e9 \u00e9s f\u00fcgg\u0151s\u00e9get okoz\u00f3bb\u00e1 teszi, mint az \u00f3pium m\u00e1s form\u00e1i. Ezenk\u00edv\u00fcl a BPH hat\u00e1sa hosszabb ideig tart, mint m\u00e1s \u00f3piumt\u00edpusok\u00e9, \u00edgy ide\u00e1lis a nagy intenzit\u00e1s\u00fa tev\u00e9kenys\u00e9gek, p\u00e9ld\u00e1ul a testmozg\u00e1s vagy a szex sor\u00e1n t\u00f6rt\u00e9n\u0151 haszn\u00e1latra.<\/p>","protected":false},"featured_media":7548,"comment_status":"open","ping_status":"closed","template":"","meta":{"_joinchat":[]},"product_brand":[],"product_cat":[3193],"product_tag":[3128,3129,3130,3131,3132,3133,3134,3135,3136,3137,3138,3139,3140,3141,3142,3143,3144,3145,3146,3147,3148,3149,3150,3151,3152],"class_list":{"0":"post-7530","1":"product","2":"type-product","3":"status-publish","4":"has-post-thumbnail","6":"product_cat-heroin","7":"product_tag-benefits-of-brown-powder-heroin","8":"product_tag-best-place-to-order-brown-powder-heroin","9":"product_tag-best-suppliers-of-heroin-online","10":"product_tag-brown-powder-heroin-for-sale","11":"product_tag-brown-powder-heroin-price","12":"product_tag-brown-powder-heroin-wholesale","13":"product_tag-buy-brown-powder-heroin-legally","14":"product_tag-buy-brown-powder-heroin-online-australia","15":"product_tag-buy-brown-powder-heroin-online-near-me","16":"product_tag-buy-brown-powder-heroin-online-usa","17":"product_tag-buy-cheap-heroin-online","18":"product_tag-buy-heroin-online","19":"product_tag-buying-heroin-online","20":"product_tag-cheap-brown-powder-heroin","21":"product_tag-cheap-heroin-for-sale","22":"product_tag-featured","23":"product_tag-heroin","24":"product_tag-heroin-for-sale","25":"product_tag-how-can-i-get-the-best-brown-powder-heroin","26":"product_tag-how-to-order-brown-powder-heroin","27":"product_tag-legit-brown-powder-heroin-online","28":"product_tag-what-is-brown-powder-heroin","29":"product_tag-where-can-i-buy-brown-powder-heroin","30":"product_tag-where-can-i-buy-heroin-online","31":"product_tag-where-to-buy-brown-powder-heroin","33":"first","34":"instock","35":"shipping-taxable","36":"purchasable","37":"product-type-variable"},"yoast_head":"<!-- This site is optimized with the Yoast SEO plugin v27.5 - https:\/\/yoast.com\/product\/yoast-seo-wordpress\/ -->\n<title>Braunes Heroinpulver -Chemgramx<\/title>\n<meta name=\"description\" content=\"Der Preis f\u00fcr braunes Heroinpulver ist im Vergleich zu anderen Anbietern erschwinglich, was es zu einer attraktiven Option f\u00fcr Konsumenten macht, die hochwertige Medikamente suchen, ohne ihr Budget zu sprengen.\" \/>\n<meta name=\"robots\" content=\"index, follow, max-snippet:-1, max-image-preview:large, max-video-preview:-1\" \/>\n<link rel=\"canonical\" href=\"https:\/\/chemgramx.com\/hu\/termek-1\/barna-heroinpor\/\" \/>\n<meta property=\"og:locale\" content=\"hu_HU\" \/>\n<meta property=\"og:type\" content=\"article\" \/>\n<meta property=\"og:title\" content=\"Braunes Heroinpulver -Chemgramx\" \/>\n<meta property=\"og:description\" content=\"Der Preis f\u00fcr braunes Heroinpulver ist im Vergleich zu anderen Anbietern erschwinglich, was es zu einer attraktiven Option f\u00fcr Konsumenten macht, die hochwertige Medikamente suchen, ohne ihr Budget zu sprengen.\" \/>\n<meta property=\"og:url\" content=\"https:\/\/chemgramx.com\/hu\/termek-1\/barna-heroinpor\/\" \/>\n<meta property=\"og:site_name\" content=\"Chemgramx\" \/>\n<meta property=\"article:modified_time\" content=\"2025-11-21T11:18:43+00:00\" \/>\n<meta property=\"og:image\" content=\"https:\/\/chemgramx.com\/wp-content\/uploads\/2025\/11\/braunes-heroinpulver.webp\" \/>\n\t<meta property=\"og:image:width\" content=\"1200\" \/>\n\t<meta property=\"og:image:height\" content=\"1200\" \/>\n\t<meta property=\"og:image:type\" content=\"image\/webp\" \/>\n<meta name=\"twitter:card\" content=\"summary_large_image\" \/>\n<meta name=\"twitter:label1\" content=\"Becs\u00fclt olvas\u00e1si id\u0151\" \/>\n\t<meta name=\"twitter:data1\" content=\"3 perc\" \/>\n<script type=\"application\/ld+json\" class=\"yoast-schema-graph\">{\"@context\":\"https:\\\/\\\/schema.org\",\"@graph\":[{\"@type\":\"WebPage\",\"@id\":\"https:\\\/\\\/chemgramx.com\\\/product\\\/braunes-heroinpulver\\\/\",\"url\":\"https:\\\/\\\/chemgramx.com\\\/product\\\/braunes-heroinpulver\\\/\",\"name\":\"Braunes Heroinpulver -Chemgramx\",\"isPartOf\":{\"@id\":\"https:\\\/\\\/chemgramx.com\\\/#website\"},\"primaryImageOfPage\":{\"@id\":\"https:\\\/\\\/chemgramx.com\\\/product\\\/braunes-heroinpulver\\\/#primaryimage\"},\"image\":{\"@id\":\"https:\\\/\\\/chemgramx.com\\\/product\\\/braunes-heroinpulver\\\/#primaryimage\"},\"thumbnailUrl\":\"https:\\\/\\\/chemgramx.com\\\/wp-content\\\/uploads\\\/2025\\\/11\\\/braunes-heroinpulver.webp\",\"datePublished\":\"2025-11-21T11:17:59+00:00\",\"dateModified\":\"2025-11-21T11:18:43+00:00\",\"description\":\"Der Preis f\u00fcr braunes Heroinpulver ist im Vergleich zu anderen Anbietern erschwinglich, was es zu einer attraktiven Option f\u00fcr Konsumenten macht, die hochwertige Medikamente suchen, ohne ihr Budget zu sprengen.\",\"breadcrumb\":{\"@id\":\"https:\\\/\\\/chemgramx.com\\\/product\\\/braunes-heroinpulver\\\/#breadcrumb\"},\"inLanguage\":\"hu\",\"potentialAction\":[{\"@type\":\"ReadAction\",\"target\":[\"https:\\\/\\\/chemgramx.com\\\/product\\\/braunes-heroinpulver\\\/\"]}]},{\"@type\":\"ImageObject\",\"inLanguage\":\"hu\",\"@id\":\"https:\\\/\\\/chemgramx.com\\\/product\\\/braunes-heroinpulver\\\/#primaryimage\",\"url\":\"https:\\\/\\\/chemgramx.com\\\/wp-content\\\/uploads\\\/2025\\\/11\\\/braunes-heroinpulver.webp\",\"contentUrl\":\"https:\\\/\\\/chemgramx.com\\\/wp-content\\\/uploads\\\/2025\\\/11\\\/braunes-heroinpulver.webp\",\"width\":1200,\"height\":1200},{\"@type\":\"BreadcrumbList\",\"@id\":\"https:\\\/\\\/chemgramx.com\\\/product\\\/braunes-heroinpulver\\\/#breadcrumb\",\"itemListElement\":[{\"@type\":\"ListItem\",\"position\":1,\"name\":\"Home\",\"item\":\"https:\\\/\\\/chemgramx.com\\\/\"},{\"@type\":\"ListItem\",\"position\":2,\"name\":\"Shop\",\"item\":\"https:\\\/\\\/chemgramx.com\\\/shop\\\/\"},{\"@type\":\"ListItem\",\"position\":3,\"name\":\"Braunes Heroinpulver\"}]},{\"@type\":\"WebSite\",\"@id\":\"https:\\\/\\\/chemgramx.com\\\/#website\",\"url\":\"https:\\\/\\\/chemgramx.com\\\/\",\"name\":\"Chemgramx\",\"description\":\"\",\"publisher\":{\"@id\":\"https:\\\/\\\/chemgramx.com\\\/#organization\"},\"potentialAction\":[{\"@type\":\"SearchAction\",\"target\":{\"@type\":\"EntryPoint\",\"urlTemplate\":\"https:\\\/\\\/chemgramx.com\\\/?s={search_term_string}\"},\"query-input\":{\"@type\":\"PropertyValueSpecification\",\"valueRequired\":true,\"valueName\":\"search_term_string\"}}],\"inLanguage\":\"hu\"},{\"@type\":\"Organization\",\"@id\":\"https:\\\/\\\/chemgramx.com\\\/#organization\",\"name\":\"Chemgramx\",\"url\":\"https:\\\/\\\/chemgramx.com\\\/\",\"logo\":{\"@type\":\"ImageObject\",\"inLanguage\":\"hu\",\"@id\":\"https:\\\/\\\/chemgramx.com\\\/#\\\/schema\\\/logo\\\/image\\\/\",\"url\":\"https:\\\/\\\/chemgramx.com\\\/wp-content\\\/uploads\\\/2024\\\/10\\\/final-logo.png\",\"contentUrl\":\"https:\\\/\\\/chemgramx.com\\\/wp-content\\\/uploads\\\/2024\\\/10\\\/final-logo.png\",\"width\":250,\"height\":48,\"caption\":\"Chemgramx\"},\"image\":{\"@id\":\"https:\\\/\\\/chemgramx.com\\\/#\\\/schema\\\/logo\\\/image\\\/\"}}]}<\/script>\n<!-- \/ Yoast SEO plugin. -->","yoast_head_json":{"title":"Barna heroinpor -Chemgramx","description":"A barna heroinpor \u00e1ra m\u00e1s besz\u00e1ll\u00edt\u00f3khoz k\u00e9pest megfizethet\u0151, \u00edgy vonz\u00f3 lehet\u0151s\u00e9g a felhaszn\u00e1l\u00f3k sz\u00e1m\u00e1ra, akik kiv\u00e1l\u00f3 min\u0151s\u00e9g\u0171 drogokat keresnek an\u00e9lk\u00fcl, hogy megt\u00f6rn\u00e9k a k\u00f6lts\u00e9gvet\u00e9s\u00fcket.","robots":{"index":"index","follow":"follow","max-snippet":"max-snippet:-1","max-image-preview":"max-image-preview:large","max-video-preview":"max-video-preview:-1"},"canonical":"https:\/\/chemgramx.com\/hu\/termek-1\/barna-heroinpor\/","og_locale":"hu_HU","og_type":"article","og_title":"Braunes Heroinpulver -Chemgramx","og_description":"Der Preis f\u00fcr braunes Heroinpulver ist im Vergleich zu anderen Anbietern erschwinglich, was es zu einer attraktiven Option f\u00fcr Konsumenten macht, die hochwertige Medikamente suchen, ohne ihr Budget zu sprengen.","og_url":"https:\/\/chemgramx.com\/hu\/termek-1\/barna-heroinpor\/","og_site_name":"Chemgramx","article_modified_time":"2025-11-21T11:18:43+00:00","og_image":[{"width":1200,"height":1200,"url":"https:\/\/chemgramx.com\/wp-content\/uploads\/2025\/11\/braunes-heroinpulver.webp","type":"image\/webp"}],"twitter_card":"summary_large_image","twitter_misc":{"Becs\u00fclt olvas\u00e1si id\u0151":"3 perc"},"schema":{"@context":"https:\/\/schema.org","@graph":[{"@type":"WebPage","@id":"https:\/\/chemgramx.com\/product\/braunes-heroinpulver\/","url":"https:\/\/chemgramx.com\/product\/braunes-heroinpulver\/","name":"Barna heroinpor -Chemgramx","isPartOf":{"@id":"https:\/\/chemgramx.com\/#website"},"primaryImageOfPage":{"@id":"https:\/\/chemgramx.com\/product\/braunes-heroinpulver\/#primaryimage"},"image":{"@id":"https:\/\/chemgramx.com\/product\/braunes-heroinpulver\/#primaryimage"},"thumbnailUrl":"https:\/\/chemgramx.com\/wp-content\/uploads\/2025\/11\/braunes-heroinpulver.webp","datePublished":"2025-11-21T11:17:59+00:00","dateModified":"2025-11-21T11:18:43+00:00","description":"A barna heroinpor \u00e1ra m\u00e1s besz\u00e1ll\u00edt\u00f3khoz k\u00e9pest megfizethet\u0151, \u00edgy vonz\u00f3 lehet\u0151s\u00e9g a felhaszn\u00e1l\u00f3k sz\u00e1m\u00e1ra, akik kiv\u00e1l\u00f3 min\u0151s\u00e9g\u0171 drogokat keresnek an\u00e9lk\u00fcl, hogy megt\u00f6rn\u00e9k a k\u00f6lts\u00e9gvet\u00e9s\u00fcket.","breadcrumb":{"@id":"https:\/\/chemgramx.com\/product\/braunes-heroinpulver\/#breadcrumb"},"inLanguage":"hu","potentialAction":[{"@type":"ReadAction","target":["https:\/\/chemgramx.com\/product\/braunes-heroinpulver\/"]}]},{"@type":"ImageObject","inLanguage":"hu","@id":"https:\/\/chemgramx.com\/product\/braunes-heroinpulver\/#primaryimage","url":"https:\/\/chemgramx.com\/wp-content\/uploads\/2025\/11\/braunes-heroinpulver.webp","contentUrl":"https:\/\/chemgramx.com\/wp-content\/uploads\/2025\/11\/braunes-heroinpulver.webp","width":1200,"height":1200},{"@type":"BreadcrumbList","@id":"https:\/\/chemgramx.com\/product\/braunes-heroinpulver\/#breadcrumb","itemListElement":[{"@type":"ListItem","position":1,"name":"Home","item":"https:\/\/chemgramx.com\/"},{"@type":"ListItem","position":2,"name":"Shop","item":"https:\/\/chemgramx.com\/shop\/"},{"@type":"ListItem","position":3,"name":"Braunes Heroinpulver"}]},{"@type":"WebSite","@id":"https:\/\/chemgramx.com\/#website","url":"https:\/\/chemgramx.com\/","name":"Chemgramx","description":"","publisher":{"@id":"https:\/\/chemgramx.com\/#organization"},"potentialAction":[{"@type":"SearchAction","target":{"@type":"EntryPoint","urlTemplate":"https:\/\/chemgramx.com\/?s={search_term_string}"},"query-input":{"@type":"PropertyValueSpecification","valueRequired":true,"valueName":"search_term_string"}}],"inLanguage":"hu"},{"@type":"Organization","@id":"https:\/\/chemgramx.com\/#organization","name":"Chemgramx","url":"https:\/\/chemgramx.com\/","logo":{"@type":"ImageObject","inLanguage":"hu","@id":"https:\/\/chemgramx.com\/#\/schema\/logo\/image\/","url":"https:\/\/chemgramx.com\/wp-content\/uploads\/2024\/10\/final-logo.png","contentUrl":"https:\/\/chemgramx.com\/wp-content\/uploads\/2024\/10\/final-logo.png","width":250,"height":48,"caption":"Chemgramx"},"image":{"@id":"https:\/\/chemgramx.com\/#\/schema\/logo\/image\/"}}]}},"_links":{"self":[{"href":"https:\/\/chemgramx.com\/hu\/wp-json\/wp\/v2\/product\/7530","targetHints":{"allow":["GET"]}}],"collection":[{"href":"https:\/\/chemgramx.com\/hu\/wp-json\/wp\/v2\/product"}],"about":[{"href":"https:\/\/chemgramx.com\/hu\/wp-json\/wp\/v2\/types\/product"}],"replies":[{"embeddable":true,"href":"https:\/\/chemgramx.com\/hu\/wp-json\/wp\/v2\/comments?post=7530"}],"wp:featuredmedia":[{"embeddable":true,"href":"https:\/\/chemgramx.com\/hu\/wp-json\/wp\/v2\/media\/7548"}],"wp:attachment":[{"href":"https:\/\/chemgramx.com\/hu\/wp-json\/wp\/v2\/media?parent=7530"}],"wp:term":[{"taxonomy":"product_brand","embeddable":true,"href":"https:\/\/chemgramx.com\/hu\/wp-json\/wp\/v2\/product_brand?post=7530"},{"taxonomy":"product_cat","embeddable":true,"href":"https:\/\/chemgramx.com\/hu\/wp-json\/wp\/v2\/product_cat?post=7530"},{"taxonomy":"product_tag","embeddable":true,"href":"https:\/\/chemgramx.com\/hu\/wp-json\/wp\/v2\/product_tag?post=7530"}],"curies":[{"name":"wp","href":"https:\/\/api.w.org\/{rel}","templated":true}]}}