{"id":7531,"date":"2025-11-21T11:17:59","date_gmt":"2025-11-21T11:17:59","guid":{"rendered":"https:\/\/chemgramx.com\/?post_type=product&#038;p=7531"},"modified":"2025-11-21T11:18:43","modified_gmt":"2025-11-21T11:18:43","slug":"vasarolni-vagatlan-heroin","status":"publish","type":"product","link":"https:\/\/chemgramx.com\/hu\/product\/kaufen-sie-unverschnittenes-heroin\/","title":{"rendered":"V\u00e1s\u00e1rolj v\u00e1gatlan heroint"},"content":{"rendered":"<p>A nem forgalmazott heroin bizonyos besz\u00e1ll\u00edt\u00f3kt\u00f3l online is megv\u00e1s\u00e1rolhat\u00f3, de ez bizonyos kock\u00e1zatokkal j\u00e1r. Ha teh\u00e1t azon t\u0171n\u0151dik, hogy hol v\u00e1s\u00e1rolhat online nem forgalmazott heroint, amely hiteles \u00e9s biztons\u00e1gos, a Narco Powders a megfelel\u0151 hely.<\/p>\n<h3>Hogyan \u00e1ll\u00edtj\u00e1k el\u0151 a v\u00e1gatlan heroint?<\/h3>\n<p>A v\u00e1gatlan heroint az \u00f3piumm\u00e1k sz\u00e1r\u00edtott h\u00fcvely\u00e9b\u0151l \u00e1ll\u00edtj\u00e1k el\u0151. Betakar\u00edtj\u00e1k \u00e9s feh\u00e9r, porszer\u0171 anyagg\u00e1 dolgozz\u00e1k fel. Nagy koncentr\u00e1ci\u00f3ban tartalmaz er\u0151s opioidokat \u00e9s m\u00e1s k\u00e1b\u00edt\u00f3szereket, t\u00f6bbek k\u00f6z\u00f6tt morfint \u00e9s kodeint. A v\u00e9gterm\u00e9k egy olyan \u00f3piumt\u00edpus, amely nem finom\u00edtott, \u00e9s mentes a tov\u00e1bbi adal\u00e9kanyagokt\u00f3l \u00e9s feldolgoz\u00f3szerekt\u0151l. A<a href=\"https:\/\/chemgramx.com\/product\/ephedrine-hydrochloride-powder\/\"> Hat\u00e9konys\u00e1g<\/a> a hat\u00f3anyag nedvess\u00e9g- \u00e9s alkaloidtartalm\u00e1t\u00f3l f\u00fcgg\u0151en v\u00e1ltozik.<\/p>\n<h3>A v\u00e1gatlan heroin el\u0151nyei<\/h3>\n<p>Ha a t\u00f6bbiekn\u00e9l jobb k\u00e1b\u00edt\u00f3szerre v\u00e1gysz, akkor a h\u00edg\u00edtatlan heroint kell v\u00e1lasztanod. A h\u00edg\u00edtatlan heroin nagyobb hat\u00e9konys\u00e1g\u00fa \u00e9s tisztas\u00e1g\u00fa, mint a t\u00f6bbi heroinfajta, ami jobb m\u00e1mort \u00e9s jobb hossz\u00fa t\u00e1v\u00fa eredm\u00e9nyeket eredm\u00e9nyez. R\u00e1ad\u00e1sul a felhaszn\u00e1l\u00f3 ig\u00e9nyeihez igaz\u00edthat\u00f3, \u00edgy olyan kokt\u00e9lok k\u00e9sz\u00edthet\u0151k, amelyek nagyobb kontrollt biztos\u00edtanak az adagol\u00e1s \u00e9s a drog min\u0151s\u00e9ge felett.<\/p>\n<p>Az online \u00e1rus\u00edtott v\u00e1gatlan heroin biztons\u00e1gosabb, ha ellen\u0151rz\u00f6tt k\u00f6rnyezetben haszn\u00e1lj\u00e1k. Nagyobb potenci\u00e1ja miatt kisebb a t\u00faladagol\u00e1s kock\u00e1zata. Ezenk\u00edv\u00fcl a v\u00e1gatlan heroin kevesebb mell\u00e9khat\u00e1ssal j\u00e1r, \u00e9s kisebb a f\u00fcgg\u0151s\u00e9g kock\u00e1zata, mint a heroin m\u00e1s form\u00e1in\u00e1l. S\u0151t, a felhaszn\u00e1l\u00f3k m\u00e9g azt is \u00e1ll\u00edtott\u00e1k, hogy a Narco Powdersn\u00e9l k\u00f6nnyebb tiszta \u00e9s er\u0151s v\u00e1gatlan heroint tal\u00e1lni online.<\/p>\n<h3>A v\u00e1gatlan heroin mell\u00e9khat\u00e1sai<\/h3>\n<p>A nem forgalmazott heroin haszn\u00e1lat\u00e1nak eg\u00e9szs\u00e9g\u00fcgyi kock\u00e1zatai k\u00f6z\u00e9 tartozik a f\u00fcgg\u0151s\u00e9g \u00e9s a t\u00faladagol\u00e1s fokozott kock\u00e1zata, valamint a HIV \u00e9s m\u00e1s fert\u0151z\u00e9sek magasabb ar\u00e1nya. A nem forgalmazott heroin fizikai hat\u00e1sokkal is j\u00e1rhat, mint p\u00e9ld\u00e1ul h\u00e1nyinger, h\u00e1ny\u00e1s \u00e9s megn\u00f6vekedett sz\u00edvver\u00e9s, ami n\u00f6veli a t\u00faladagol\u00e1s kock\u00e1zat\u00e1t. Egyes esetekben hal\u00e1lhoz is vezethet.<\/p>\n<h3>Hol lehet v\u00e1s\u00e1rolni v\u00e1gatlan heroint online?<\/h3>\n<p>Ha online keres \u00f6mlesztett, h\u00edg\u00edtatlan heroint, keressen olyan forr\u00e1sokat, mint p\u00e9ld\u00e1ul a Narco Powders, amelyeket harmadik f\u00e9l besz\u00e1ll\u00edt\u00f3i ellen\u0151riztek. Amikor az online h\u00edg\u00edtatlan heroin \u00e1rait vizsg\u00e1lja, ne feledje, hogy az \u00e1rak jelent\u0151sen elt\u00e9rhetnek a helyt\u0151l (p\u00e9ld\u00e1ul azokban a v\u00e1rosokban, ahol a heroin utcai \u00e1ra \u00e1ltal\u00e1ban magasabb), a napszakt\u00f3l (az eutan\u00e1zia-szertart\u00e1sok gyakran magasabb \u00e1rakat eredm\u00e9nyeznek), a fizet\u00e9si m\u00f3dt\u00f3l (a hitelk\u00e1rty\u00e1k \u00e1ltal\u00e1ban magasabb d\u00edjat sz\u00e1m\u00edtanak fel, mint a PayPal) stb. f\u00fcgg\u0151en. Fontos, hogy ne ragadjunk le t\u00fals\u00e1gosan az \u00e1rak r\u00e9szletein, mivel amit megvesz\u00fcnk, az val\u00f3sz\u00edn\u0171leg \u00fagyis m\u00e1s anyagokkal lesz elny\u00fajtva, f\u00fcggetlen\u00fcl a forr\u00e1st\u00f3l. Teh\u00e1t ha m\u00e9gis, gy\u0151z\u0151dj\u00f6n meg r\u00f3la, hogy a tisztas\u00e1g \u00e9s a frissess\u00e9g a sz\u00e1ll\u00edt\u00e1s \u00e9s a v\u00e1s\u00e1rl\u00e1s sor\u00e1n v\u00e9gig megmarad, \u00e9s nem csak a v\u00e9gs\u0151 term\u00e9kn\u00e9l.<\/p>\n<h3>V\u00e1s\u00e1roljon v\u00e1gatlan heroint online a Narco Powdersn\u00e9l<\/h3>\n<p>Fontos, hogy ne feledj\u00fck, hogy a fejletlen heroin haszn\u00e1lata s\u00falyos k\u00f6vetkezm\u00e9nyekkel j\u00e1rhat, ha nem megfelel\u0151en vagy felel\u0151ss\u00e9gteljesen haszn\u00e1lj\u00e1k. Ez\u00e9rt csak j\u00f3 h\u00edr\u0171 gy\u00f3gyszert\u00e1rakt\u00f3l, p\u00e9ld\u00e1ul a Narco Powders-t\u0151l rendeljen online fejletlen heroint. Mi csak autentikus, fejletlen heroin nagykereskedelmet v\u00e9gz\u00fcnk a legjobb \u00e1ron.<\/p>","protected":false},"excerpt":{"rendered":"<p>A nem forgalmazott heroin bizonyos besz\u00e1ll\u00edt\u00f3kt\u00f3l online is megv\u00e1s\u00e1rolhat\u00f3, de ez bizonyos kock\u00e1zatokkal j\u00e1r. Ha teh\u00e1t azon t\u0171n\u0151dik, hogy hol v\u00e1s\u00e1rolhat online nem forgalmazott heroint, amely hiteles \u00e9s biztons\u00e1gos, a Narco Powders a megfelel\u0151 hely.<\/p>\n<h3><\/h3>","protected":false},"featured_media":7549,"comment_status":"open","ping_status":"closed","template":"","meta":{"_joinchat":[]},"product_brand":[],"product_cat":[3193],"product_tag":[],"class_list":{"0":"post-7531","1":"product","2":"type-product","3":"status-publish","4":"has-post-thumbnail","6":"product_cat-heroin","8":"first","9":"instock","10":"shipping-taxable","11":"purchasable","12":"product-type-variable"},"yoast_head":"<!-- This site is optimized with the Yoast SEO plugin v27.5 - https:\/\/yoast.com\/product\/yoast-seo-wordpress\/ -->\n<title>Kaufen Sie unverschnittenes Heroin Chemgramx<\/title>\n<meta name=\"description\" content=\"Zu den gesundheitlichen Risiken des Konsums von unverstrecktem Heroin z\u00e4hlen ein erh\u00f6htes Sucht- und \u00dcberdosisrisiko sowie eine h\u00f6here HIV- und andere Infektionsrate.\" \/>\n<meta name=\"robots\" content=\"index, follow, max-snippet:-1, max-image-preview:large, max-video-preview:-1\" \/>\n<link rel=\"canonical\" href=\"https:\/\/chemgramx.com\/hu\/termek-1\/vasarolni-vagatlan-heroin\/\" \/>\n<meta property=\"og:locale\" content=\"hu_HU\" \/>\n<meta property=\"og:type\" content=\"article\" \/>\n<meta property=\"og:title\" content=\"Kaufen Sie unverschnittenes Heroin Chemgramx\" \/>\n<meta property=\"og:description\" content=\"Zu den gesundheitlichen Risiken des Konsums von unverstrecktem Heroin z\u00e4hlen ein erh\u00f6htes Sucht- und \u00dcberdosisrisiko sowie eine h\u00f6here HIV- und andere Infektionsrate.\" \/>\n<meta property=\"og:url\" content=\"https:\/\/chemgramx.com\/hu\/termek-1\/vasarolni-vagatlan-heroin\/\" \/>\n<meta property=\"og:site_name\" content=\"Chemgramx\" \/>\n<meta property=\"article:modified_time\" content=\"2025-11-21T11:18:43+00:00\" \/>\n<meta property=\"og:image\" content=\"https:\/\/chemgramx.com\/wp-content\/uploads\/2025\/11\/ungeschnittenes-heroin.jpg\" \/>\n\t<meta property=\"og:image:width\" content=\"600\" \/>\n\t<meta property=\"og:image:height\" content=\"600\" \/>\n\t<meta property=\"og:image:type\" content=\"image\/jpeg\" \/>\n<meta name=\"twitter:card\" content=\"summary_large_image\" \/>\n<meta name=\"twitter:label1\" content=\"Becs\u00fclt olvas\u00e1si id\u0151\" \/>\n\t<meta name=\"twitter:data1\" content=\"3 perc\" \/>\n<script type=\"application\/ld+json\" class=\"yoast-schema-graph\">{\"@context\":\"https:\\\/\\\/schema.org\",\"@graph\":[{\"@type\":\"WebPage\",\"@id\":\"https:\\\/\\\/chemgramx.com\\\/product\\\/kaufen-sie-unverschnittenes-heroin\\\/\",\"url\":\"https:\\\/\\\/chemgramx.com\\\/product\\\/kaufen-sie-unverschnittenes-heroin\\\/\",\"name\":\"Kaufen Sie unverschnittenes Heroin Chemgramx\",\"isPartOf\":{\"@id\":\"https:\\\/\\\/chemgramx.com\\\/#website\"},\"primaryImageOfPage\":{\"@id\":\"https:\\\/\\\/chemgramx.com\\\/product\\\/kaufen-sie-unverschnittenes-heroin\\\/#primaryimage\"},\"image\":{\"@id\":\"https:\\\/\\\/chemgramx.com\\\/product\\\/kaufen-sie-unverschnittenes-heroin\\\/#primaryimage\"},\"thumbnailUrl\":\"https:\\\/\\\/chemgramx.com\\\/wp-content\\\/uploads\\\/2025\\\/11\\\/ungeschnittenes-heroin.jpg\",\"datePublished\":\"2025-11-21T11:17:59+00:00\",\"dateModified\":\"2025-11-21T11:18:43+00:00\",\"description\":\"Zu den gesundheitlichen Risiken des Konsums von unverstrecktem Heroin z\u00e4hlen ein erh\u00f6htes Sucht- und \u00dcberdosisrisiko sowie eine h\u00f6here HIV- und andere Infektionsrate.\",\"breadcrumb\":{\"@id\":\"https:\\\/\\\/chemgramx.com\\\/product\\\/kaufen-sie-unverschnittenes-heroin\\\/#breadcrumb\"},\"inLanguage\":\"hu\",\"potentialAction\":[{\"@type\":\"ReadAction\",\"target\":[\"https:\\\/\\\/chemgramx.com\\\/product\\\/kaufen-sie-unverschnittenes-heroin\\\/\"]}]},{\"@type\":\"ImageObject\",\"inLanguage\":\"hu\",\"@id\":\"https:\\\/\\\/chemgramx.com\\\/product\\\/kaufen-sie-unverschnittenes-heroin\\\/#primaryimage\",\"url\":\"https:\\\/\\\/chemgramx.com\\\/wp-content\\\/uploads\\\/2025\\\/11\\\/ungeschnittenes-heroin.jpg\",\"contentUrl\":\"https:\\\/\\\/chemgramx.com\\\/wp-content\\\/uploads\\\/2025\\\/11\\\/ungeschnittenes-heroin.jpg\",\"width\":600,\"height\":600},{\"@type\":\"BreadcrumbList\",\"@id\":\"https:\\\/\\\/chemgramx.com\\\/product\\\/kaufen-sie-unverschnittenes-heroin\\\/#breadcrumb\",\"itemListElement\":[{\"@type\":\"ListItem\",\"position\":1,\"name\":\"Home\",\"item\":\"https:\\\/\\\/chemgramx.com\\\/\"},{\"@type\":\"ListItem\",\"position\":2,\"name\":\"Shop\",\"item\":\"https:\\\/\\\/chemgramx.com\\\/shop\\\/\"},{\"@type\":\"ListItem\",\"position\":3,\"name\":\"Kaufen Sie unverschnittenes Heroin\"}]},{\"@type\":\"WebSite\",\"@id\":\"https:\\\/\\\/chemgramx.com\\\/#website\",\"url\":\"https:\\\/\\\/chemgramx.com\\\/\",\"name\":\"Chemgramx\",\"description\":\"\",\"publisher\":{\"@id\":\"https:\\\/\\\/chemgramx.com\\\/#organization\"},\"potentialAction\":[{\"@type\":\"SearchAction\",\"target\":{\"@type\":\"EntryPoint\",\"urlTemplate\":\"https:\\\/\\\/chemgramx.com\\\/?s={search_term_string}\"},\"query-input\":{\"@type\":\"PropertyValueSpecification\",\"valueRequired\":true,\"valueName\":\"search_term_string\"}}],\"inLanguage\":\"hu\"},{\"@type\":\"Organization\",\"@id\":\"https:\\\/\\\/chemgramx.com\\\/#organization\",\"name\":\"Chemgramx\",\"url\":\"https:\\\/\\\/chemgramx.com\\\/\",\"logo\":{\"@type\":\"ImageObject\",\"inLanguage\":\"hu\",\"@id\":\"https:\\\/\\\/chemgramx.com\\\/#\\\/schema\\\/logo\\\/image\\\/\",\"url\":\"https:\\\/\\\/chemgramx.com\\\/wp-content\\\/uploads\\\/2024\\\/10\\\/final-logo.png\",\"contentUrl\":\"https:\\\/\\\/chemgramx.com\\\/wp-content\\\/uploads\\\/2024\\\/10\\\/final-logo.png\",\"width\":250,\"height\":48,\"caption\":\"Chemgramx\"},\"image\":{\"@id\":\"https:\\\/\\\/chemgramx.com\\\/#\\\/schema\\\/logo\\\/image\\\/\"}}]}<\/script>\n<!-- \/ Yoast SEO plugin. -->","yoast_head_json":{"title":"V\u00e1s\u00e1rl\u00e1s v\u00e1gatlan heroin Chemgramx","description":"A fejletlen heroin haszn\u00e1lat\u00e1hoz kapcsol\u00f3d\u00f3 eg\u00e9szs\u00e9g\u00fcgyi kock\u00e1zatok k\u00f6z\u00e9 tartozik a f\u00fcgg\u0151s\u00e9g \u00e9s a t\u00faladagol\u00e1s fokozott kock\u00e1zata, valamint a HIV \u00e9s m\u00e1s fert\u0151z\u00e9sek magasabb ar\u00e1nya.","robots":{"index":"index","follow":"follow","max-snippet":"max-snippet:-1","max-image-preview":"max-image-preview:large","max-video-preview":"max-video-preview:-1"},"canonical":"https:\/\/chemgramx.com\/hu\/termek-1\/vasarolni-vagatlan-heroin\/","og_locale":"hu_HU","og_type":"article","og_title":"Kaufen Sie unverschnittenes Heroin Chemgramx","og_description":"Zu den gesundheitlichen Risiken des Konsums von unverstrecktem Heroin z\u00e4hlen ein erh\u00f6htes Sucht- und \u00dcberdosisrisiko sowie eine h\u00f6here HIV- und andere Infektionsrate.","og_url":"https:\/\/chemgramx.com\/hu\/termek-1\/vasarolni-vagatlan-heroin\/","og_site_name":"Chemgramx","article_modified_time":"2025-11-21T11:18:43+00:00","og_image":[{"width":600,"height":600,"url":"https:\/\/chemgramx.com\/wp-content\/uploads\/2025\/11\/ungeschnittenes-heroin.jpg","type":"image\/jpeg"}],"twitter_card":"summary_large_image","twitter_misc":{"Becs\u00fclt olvas\u00e1si id\u0151":"3 perc"},"schema":{"@context":"https:\/\/schema.org","@graph":[{"@type":"WebPage","@id":"https:\/\/chemgramx.com\/product\/kaufen-sie-unverschnittenes-heroin\/","url":"https:\/\/chemgramx.com\/product\/kaufen-sie-unverschnittenes-heroin\/","name":"V\u00e1s\u00e1rl\u00e1s v\u00e1gatlan heroin Chemgramx","isPartOf":{"@id":"https:\/\/chemgramx.com\/#website"},"primaryImageOfPage":{"@id":"https:\/\/chemgramx.com\/product\/kaufen-sie-unverschnittenes-heroin\/#primaryimage"},"image":{"@id":"https:\/\/chemgramx.com\/product\/kaufen-sie-unverschnittenes-heroin\/#primaryimage"},"thumbnailUrl":"https:\/\/chemgramx.com\/wp-content\/uploads\/2025\/11\/ungeschnittenes-heroin.jpg","datePublished":"2025-11-21T11:17:59+00:00","dateModified":"2025-11-21T11:18:43+00:00","description":"A fejletlen heroin haszn\u00e1lat\u00e1hoz kapcsol\u00f3d\u00f3 eg\u00e9szs\u00e9g\u00fcgyi kock\u00e1zatok k\u00f6z\u00e9 tartozik a f\u00fcgg\u0151s\u00e9g \u00e9s a t\u00faladagol\u00e1s fokozott kock\u00e1zata, valamint a HIV \u00e9s m\u00e1s fert\u0151z\u00e9sek magasabb ar\u00e1nya.","breadcrumb":{"@id":"https:\/\/chemgramx.com\/product\/kaufen-sie-unverschnittenes-heroin\/#breadcrumb"},"inLanguage":"hu","potentialAction":[{"@type":"ReadAction","target":["https:\/\/chemgramx.com\/product\/kaufen-sie-unverschnittenes-heroin\/"]}]},{"@type":"ImageObject","inLanguage":"hu","@id":"https:\/\/chemgramx.com\/product\/kaufen-sie-unverschnittenes-heroin\/#primaryimage","url":"https:\/\/chemgramx.com\/wp-content\/uploads\/2025\/11\/ungeschnittenes-heroin.jpg","contentUrl":"https:\/\/chemgramx.com\/wp-content\/uploads\/2025\/11\/ungeschnittenes-heroin.jpg","width":600,"height":600},{"@type":"BreadcrumbList","@id":"https:\/\/chemgramx.com\/product\/kaufen-sie-unverschnittenes-heroin\/#breadcrumb","itemListElement":[{"@type":"ListItem","position":1,"name":"Home","item":"https:\/\/chemgramx.com\/"},{"@type":"ListItem","position":2,"name":"Shop","item":"https:\/\/chemgramx.com\/shop\/"},{"@type":"ListItem","position":3,"name":"Kaufen Sie unverschnittenes Heroin"}]},{"@type":"WebSite","@id":"https:\/\/chemgramx.com\/#website","url":"https:\/\/chemgramx.com\/","name":"Chemgramx","description":"","publisher":{"@id":"https:\/\/chemgramx.com\/#organization"},"potentialAction":[{"@type":"SearchAction","target":{"@type":"EntryPoint","urlTemplate":"https:\/\/chemgramx.com\/?s={search_term_string}"},"query-input":{"@type":"PropertyValueSpecification","valueRequired":true,"valueName":"search_term_string"}}],"inLanguage":"hu"},{"@type":"Organization","@id":"https:\/\/chemgramx.com\/#organization","name":"Chemgramx","url":"https:\/\/chemgramx.com\/","logo":{"@type":"ImageObject","inLanguage":"hu","@id":"https:\/\/chemgramx.com\/#\/schema\/logo\/image\/","url":"https:\/\/chemgramx.com\/wp-content\/uploads\/2024\/10\/final-logo.png","contentUrl":"https:\/\/chemgramx.com\/wp-content\/uploads\/2024\/10\/final-logo.png","width":250,"height":48,"caption":"Chemgramx"},"image":{"@id":"https:\/\/chemgramx.com\/#\/schema\/logo\/image\/"}}]}},"_links":{"self":[{"href":"https:\/\/chemgramx.com\/hu\/wp-json\/wp\/v2\/product\/7531","targetHints":{"allow":["GET"]}}],"collection":[{"href":"https:\/\/chemgramx.com\/hu\/wp-json\/wp\/v2\/product"}],"about":[{"href":"https:\/\/chemgramx.com\/hu\/wp-json\/wp\/v2\/types\/product"}],"replies":[{"embeddable":true,"href":"https:\/\/chemgramx.com\/hu\/wp-json\/wp\/v2\/comments?post=7531"}],"wp:featuredmedia":[{"embeddable":true,"href":"https:\/\/chemgramx.com\/hu\/wp-json\/wp\/v2\/media\/7549"}],"wp:attachment":[{"href":"https:\/\/chemgramx.com\/hu\/wp-json\/wp\/v2\/media?parent=7531"}],"wp:term":[{"taxonomy":"product_brand","embeddable":true,"href":"https:\/\/chemgramx.com\/hu\/wp-json\/wp\/v2\/product_brand?post=7531"},{"taxonomy":"product_cat","embeddable":true,"href":"https:\/\/chemgramx.com\/hu\/wp-json\/wp\/v2\/product_cat?post=7531"},{"taxonomy":"product_tag","embeddable":true,"href":"https:\/\/chemgramx.com\/hu\/wp-json\/wp\/v2\/product_tag?post=7531"}],"curies":[{"name":"wp","href":"https:\/\/api.w.org\/{rel}","templated":true}]}}