{"id":7533,"date":"2025-11-21T11:18:00","date_gmt":"2025-11-21T11:18:00","guid":{"rendered":"https:\/\/chemgramx.com\/?post_type=product&#038;p=7533"},"modified":"2025-11-21T11:18:43","modified_gmt":"2025-11-21T11:18:43","slug":"6-apb-online-megrendeles","status":"publish","type":"product","link":"https:\/\/chemgramx.com\/hu\/product\/6-apb-online-bestellung\/","title":{"rendered":"6-APB online rendel\u00e9s"},"content":{"rendered":"<h2>V\u00e1s\u00e1roljon 6-APB-t online \u2013 megb\u00edzhat\u00f3 kutat\u00e1si forr\u00e1sb\u00f3l<\/h2>\n<p>Szeretne <a href=\"https:\/\/chemgramx.com\/product\/6-apb\/\">6-APB online<\/a> Tudom\u00e1nyos kutat\u00e1shoz szeretne 6-APB-t v\u00e1s\u00e1rolni? Ez a vegy\u00fclet sz\u00e1mos ellen\u0151rz\u00f6tt besz\u00e1ll\u00edt\u00f3t\u00f3l el\u00e9rhet\u0151 vonz\u00f3 \u00e1ron. Azok a kutat\u00f3k, akik nagyra \u00e9rt\u00e9kelik a hiteless\u00e9get, gyakran keresik a legjobb online helyet a 6-APB v\u00e1s\u00e1rl\u00e1s\u00e1ra. Platformunk biztons\u00e1gos rendel\u00e9st, diszkr\u00e9t vil\u00e1gm\u00e9ret\u0171 sz\u00e1ll\u00edt\u00e1st \u00e9s kiv\u00e1l\u00f3 min\u0151s\u00e9g\u0171, kutat\u00e1si min\u0151s\u00e9g\u0171 term\u00e9keket k\u00edn\u00e1l.<\/p>\n<p>A 6-APB egy rendk\u00edv\u00fcl kifinomult k\u00e9miai vegy\u00fclet, amelyet laborat\u00f3riumokban haszn\u00e1lnak a k\u00e9miai \u00e9s farmakol\u00f3giai ismeretek el\u0151mozd\u00edt\u00e1s\u00e1ra. Nagy tisztas\u00e1ga \u00e9s stabilit\u00e1sa megb\u00edzhat\u00f3 \u00e9s reproduk\u00e1lhat\u00f3 kutat\u00e1si eredm\u00e9nyeket biztos\u00edt. A 6-APB-t megrendel\u0151 tud\u00f3sok receptor-k\u00f6lcs\u00f6nhat\u00e1sok \u00e9s farmakol\u00f3giai mechanizmusok vizsg\u00e1lat\u00e1ra haszn\u00e1lj\u00e1k, \u00edgy \u00e9rt\u00e9kes eszk\u00f6z a gy\u00f3gyszerkutat\u00e1sban \u00e9s az analitikai vizsg\u00e1latokban.<\/p>\n<p>Ha 6-APB-t szeretne v\u00e1s\u00e1rolni, az online \u00e1ruh\u00e1zak k\u00e9nyelmes hozz\u00e1f\u00e9r\u00e9st k\u00edn\u00e1lnak. Sok kutat\u00f3 d\u00f6nt \u00fagy, hogy online v\u00e1s\u00e1rolja meg. <a href=\"https:\/\/en.wikipedia.org\/wiki\/6-APB\">6-APB<\/a> megb\u00edzhat\u00f3 platformokon kereszt\u00fcl, amelyek kutat\u00e1si vegyi anyagokra specializ\u00e1l\u00f3dtak.<\/p>\n<h3>Alkalmaz\u00e1sok a kutat\u00e1sban<\/h3>\n<p>A 6-APB-t k\u00e9miai reakci\u00f3k \u00e9s biol\u00f3giai receptoraktivit\u00e1s vizsg\u00e1lat\u00e1ra haszn\u00e1lj\u00e1k. Alkalmaz\u00e1sai k\u00f6z\u00e9 tartoznak a gy\u00f3gyszerfejleszt\u00e9si vizsg\u00e1latok, a viselked\u00e9si idegtudom\u00e1ny \u00e9s a receptoranal\u00edzis. Tulajdons\u00e1gai miatt sz\u00e1mos laborat\u00f3rium olyan besz\u00e1ll\u00edt\u00f3kat keres, akik szigor\u00fa min\u0151s\u00e9gellen\u0151rz\u00e9st garant\u00e1lnak.<\/p>\n<h3>T\u00e1rol\u00e1s \u00e9s kezel\u00e9s<\/h3>\n<p>Mint minden kutat\u00e1si vegyszert, a 6-APB-t is csak szakk\u00e9pzett szem\u00e9lyzet haszn\u00e1lhatja, szigor\u00fa biztons\u00e1gi el\u0151\u00edr\u00e1sok betart\u00e1s\u00e1val. H\u0171v\u00f6s, sz\u00e1raz helyen, k\u00f6zvetlen napf\u00e9nyt\u0151l v\u00e9dve kell t\u00e1rolni, hogy meg\u0151rizze k\u00e9miai integrit\u00e1s\u00e1t. A 6-APB-t online v\u00e1s\u00e1rl\u00f3 kutat\u00f3knak gondoskodniuk kell az \u00f6sszes helyi biztons\u00e1gi \u00e9s szab\u00e1lyoz\u00e1si ir\u00e1nyelv betart\u00e1s\u00e1r\u00f3l.<\/p>\n<ul>\n<li>F\u0151bb jellemz\u0151k \u00e9s el\u0151ny\u00f6k<\/li>\n<li>Nagy tisztas\u00e1g a prec\u00edz eredm\u00e9nyek\u00e9rt<\/li>\n<li>Stabil k\u00e9miai tulajdons\u00e1gok hossz\u00fa t\u00e1v\u00fa vizsg\u00e1latokhoz<\/li>\n<li>Min\u0151s\u00e9get szigor\u00fa tesztel\u00e9ssel igazoltak<\/li>\n<li>Kiz\u00e1r\u00f3lag kutat\u00e1si c\u00e9lokra, emberi fogyaszt\u00e1sra nem alkalmas<\/li>\n<\/ul>\n<h3>Rendeljen 6-APB-t online m\u00e9g ma<\/h3>\n<p>Ha online szeretne 6-APB-t v\u00e1s\u00e1rolni, k\u00e9nyelmes hozz\u00e1f\u00e9r\u00e9st biztos\u00edtunk kifejezetten laborat\u00f3riumi haszn\u00e1latra tervezett, kiv\u00e1l\u00f3 min\u0151s\u00e9g\u0171 term\u00e9kekhez. A kutat\u00f3k nagy t\u00e9telben vagy kis mennyis\u00e9gben is megrendelhetik a 6-APB-t, \u00e9s megb\u00edzhat\u00f3, diszkr\u00e9t sz\u00e1ll\u00edt\u00e1st kaphatnak. Ak\u00e1r tudom\u00e1nyos tanulm\u00e1nyokr\u00f3l, ak\u00e1r laborat\u00f3riumi elemz\u00e9sekr\u0151l van sz\u00f3, bizalommal v\u00e1s\u00e1rolhat 6-APB-t online t\u0151l\u00fcnk.<\/p>\n<p>V\u00e1lasszon megb\u00edzhat\u00f3 forr\u00e1st, \u00e9s v\u00e1s\u00e1roljon 6-APB-t online m\u00e9g ma, hogy ellen\u0151rz\u00f6tt vegy\u00fcleteket biztos\u00edtson kutat\u00e1si ig\u00e9nyeihez.<\/p>","protected":false},"excerpt":{"rendered":"<p><strong>6-APB<\/strong> egy szintetikus k\u00e9miai vegy\u00fclet, amelyet kifejezetten tudom\u00e1nyos kutat\u00e1si c\u00e9lokra fejlesztettek ki. Nagy tisztas\u00e1ga \u00e9s stabilit\u00e1sa r\u00e9v\u00e9n ide\u00e1lis k\u00e9miai \u00e9s farmakol\u00f3giai vizsg\u00e1latokhoz. Minden egyes t\u00e9telt alaposan tesztelnek a legmagasabb min\u0151s\u00e9gi szabv\u00e1nyok biztos\u00edt\u00e1sa \u00e9rdek\u00e9ben. A term\u00e9k kiz\u00e1r\u00f3lag kutat\u00e1si c\u00e9lokra szolg\u00e1l, emberi fogyaszt\u00e1sra nem alkalmas.<\/p>","protected":false},"featured_media":7551,"comment_status":"open","ping_status":"closed","template":"","meta":{"_joinchat":[]},"product_brand":[],"product_cat":[1798],"product_tag":[409,2398,421,419,2399,2397,2395,2396,2400,2182],"class_list":{"0":"post-7533","1":"product","2":"type-product","3":"status-publish","4":"has-post-thumbnail","6":"product_cat-empathogene","7":"product_tag-6-apb","8":"product_tag-6-apb-chemikalien","9":"product_tag-6-apb-forschung","10":"product_tag-6-apb-kaufen","11":"product_tag-6-apb-kaufen-online","12":"product_tag-6-apb-kristalle","13":"product_tag-6-apb-online","14":"product_tag-6-apb-pulver","15":"product_tag-forschung-6-apb","16":"product_tag-synthetische-chemikalien","18":"first","19":"instock","20":"shipping-taxable","21":"purchasable","22":"product-type-variable"},"yoast_head":"<!-- This site is optimized with the Yoast SEO plugin v27.5 - https:\/\/yoast.com\/product\/yoast-seo-wordpress\/ -->\n<title>6-APB online kaufen \u2013 6-APB zu verkaufen | chemgramx<\/title>\n<meta name=\"description\" content=\"Wenn Sie 6-apb online kaufen m\u00f6chten, kann Ihnen unser Chemgramx-Onlineshop helfen. Wir haben 6-apb hier zu den besten Preisen zu verkaufen. Geben Sie Ihre Bestellung auf und sichern Sie sich noch heute die neuesten Angebote!\" \/>\n<meta name=\"robots\" content=\"index, follow, max-snippet:-1, max-image-preview:large, max-video-preview:-1\" \/>\n<link rel=\"canonical\" href=\"https:\/\/chemgramx.com\/hu\/termek-1\/6-apb-online-megrendeles\/\" \/>\n<meta property=\"og:locale\" content=\"hu_HU\" \/>\n<meta property=\"og:type\" content=\"article\" \/>\n<meta property=\"og:title\" content=\"6-APB online kaufen \u2013 6-APB zu verkaufen | chemgramx\" \/>\n<meta property=\"og:description\" content=\"Wenn Sie 6-apb online kaufen m\u00f6chten, kann Ihnen unser Chemgramx-Onlineshop helfen. Wir haben 6-apb hier zu den besten Preisen zu verkaufen. Geben Sie Ihre Bestellung auf und sichern Sie sich noch heute die neuesten Angebote!\" \/>\n<meta property=\"og:url\" content=\"https:\/\/chemgramx.com\/hu\/termek-1\/6-apb-online-megrendeles\/\" \/>\n<meta property=\"og:site_name\" content=\"Chemgramx\" \/>\n<meta property=\"article:modified_time\" content=\"2025-11-21T11:18:43+00:00\" \/>\n<meta property=\"og:image\" content=\"https:\/\/chemgramx.com\/wp-content\/uploads\/2025\/11\/6apb.png\" \/>\n\t<meta property=\"og:image:width\" content=\"600\" \/>\n\t<meta property=\"og:image:height\" content=\"400\" \/>\n\t<meta property=\"og:image:type\" content=\"image\/png\" \/>\n<meta name=\"twitter:card\" content=\"summary_large_image\" \/>\n<meta name=\"twitter:label1\" content=\"Becs\u00fclt olvas\u00e1si id\u0151\" \/>\n\t<meta name=\"twitter:data1\" content=\"2 perc\" \/>\n<script type=\"application\/ld+json\" class=\"yoast-schema-graph\">{\"@context\":\"https:\\\/\\\/schema.org\",\"@graph\":[{\"@type\":\"WebPage\",\"@id\":\"https:\\\/\\\/chemgramx.com\\\/product\\\/6-apb-online-bestellung\\\/\",\"url\":\"https:\\\/\\\/chemgramx.com\\\/product\\\/6-apb-online-bestellung\\\/\",\"name\":\"6-APB online kaufen \u2013 6-APB zu verkaufen | chemgramx\",\"isPartOf\":{\"@id\":\"https:\\\/\\\/chemgramx.com\\\/#website\"},\"primaryImageOfPage\":{\"@id\":\"https:\\\/\\\/chemgramx.com\\\/product\\\/6-apb-online-bestellung\\\/#primaryimage\"},\"image\":{\"@id\":\"https:\\\/\\\/chemgramx.com\\\/product\\\/6-apb-online-bestellung\\\/#primaryimage\"},\"thumbnailUrl\":\"https:\\\/\\\/chemgramx.com\\\/wp-content\\\/uploads\\\/2025\\\/11\\\/6apb.png\",\"datePublished\":\"2025-11-21T11:18:00+00:00\",\"dateModified\":\"2025-11-21T11:18:43+00:00\",\"description\":\"Wenn Sie 6-apb online kaufen m\u00f6chten, kann Ihnen unser Chemgramx-Onlineshop helfen. Wir haben 6-apb hier zu den besten Preisen zu verkaufen. Geben Sie Ihre Bestellung auf und sichern Sie sich noch heute die neuesten Angebote!\",\"breadcrumb\":{\"@id\":\"https:\\\/\\\/chemgramx.com\\\/product\\\/6-apb-online-bestellung\\\/#breadcrumb\"},\"inLanguage\":\"hu\",\"potentialAction\":[{\"@type\":\"ReadAction\",\"target\":[\"https:\\\/\\\/chemgramx.com\\\/product\\\/6-apb-online-bestellung\\\/\"]}]},{\"@type\":\"ImageObject\",\"inLanguage\":\"hu\",\"@id\":\"https:\\\/\\\/chemgramx.com\\\/product\\\/6-apb-online-bestellung\\\/#primaryimage\",\"url\":\"https:\\\/\\\/chemgramx.com\\\/wp-content\\\/uploads\\\/2025\\\/11\\\/6apb.png\",\"contentUrl\":\"https:\\\/\\\/chemgramx.com\\\/wp-content\\\/uploads\\\/2025\\\/11\\\/6apb.png\",\"width\":600,\"height\":400},{\"@type\":\"BreadcrumbList\",\"@id\":\"https:\\\/\\\/chemgramx.com\\\/product\\\/6-apb-online-bestellung\\\/#breadcrumb\",\"itemListElement\":[{\"@type\":\"ListItem\",\"position\":1,\"name\":\"Home\",\"item\":\"https:\\\/\\\/chemgramx.com\\\/\"},{\"@type\":\"ListItem\",\"position\":2,\"name\":\"Shop\",\"item\":\"https:\\\/\\\/chemgramx.com\\\/shop\\\/\"},{\"@type\":\"ListItem\",\"position\":3,\"name\":\"6-APB online Bestellung\"}]},{\"@type\":\"WebSite\",\"@id\":\"https:\\\/\\\/chemgramx.com\\\/#website\",\"url\":\"https:\\\/\\\/chemgramx.com\\\/\",\"name\":\"Chemgramx\",\"description\":\"\",\"publisher\":{\"@id\":\"https:\\\/\\\/chemgramx.com\\\/#organization\"},\"potentialAction\":[{\"@type\":\"SearchAction\",\"target\":{\"@type\":\"EntryPoint\",\"urlTemplate\":\"https:\\\/\\\/chemgramx.com\\\/?s={search_term_string}\"},\"query-input\":{\"@type\":\"PropertyValueSpecification\",\"valueRequired\":true,\"valueName\":\"search_term_string\"}}],\"inLanguage\":\"hu\"},{\"@type\":\"Organization\",\"@id\":\"https:\\\/\\\/chemgramx.com\\\/#organization\",\"name\":\"Chemgramx\",\"url\":\"https:\\\/\\\/chemgramx.com\\\/\",\"logo\":{\"@type\":\"ImageObject\",\"inLanguage\":\"hu\",\"@id\":\"https:\\\/\\\/chemgramx.com\\\/#\\\/schema\\\/logo\\\/image\\\/\",\"url\":\"https:\\\/\\\/chemgramx.com\\\/wp-content\\\/uploads\\\/2024\\\/10\\\/final-logo.png\",\"contentUrl\":\"https:\\\/\\\/chemgramx.com\\\/wp-content\\\/uploads\\\/2024\\\/10\\\/final-logo.png\",\"width\":250,\"height\":48,\"caption\":\"Chemgramx\"},\"image\":{\"@id\":\"https:\\\/\\\/chemgramx.com\\\/#\\\/schema\\\/logo\\\/image\\\/\"}}]}<\/script>\n<!-- \/ Yoast SEO plugin. -->","yoast_head_json":{"title":"6-APB v\u00e1s\u00e1rl\u00e1sa online \u2013 6-APB elad\u00f3 | chemgramx","description":"Ha online szeretne 6-apb-t v\u00e1s\u00e1rolni, a Chemgramx online \u00e1ruh\u00e1zunk seg\u00edthet. N\u00e1lunk a legjobb \u00e1ron kaphat\u00f3 6-apb. Adja le rendel\u00e9s\u00e9t, \u00e9s biztos\u00edtsa be a leg\u00fajabb aj\u00e1nlatokat m\u00e9g ma!","robots":{"index":"index","follow":"follow","max-snippet":"max-snippet:-1","max-image-preview":"max-image-preview:large","max-video-preview":"max-video-preview:-1"},"canonical":"https:\/\/chemgramx.com\/hu\/termek-1\/6-apb-online-megrendeles\/","og_locale":"hu_HU","og_type":"article","og_title":"6-APB online kaufen \u2013 6-APB zu verkaufen | chemgramx","og_description":"Wenn Sie 6-apb online kaufen m\u00f6chten, kann Ihnen unser Chemgramx-Onlineshop helfen. Wir haben 6-apb hier zu den besten Preisen zu verkaufen. Geben Sie Ihre Bestellung auf und sichern Sie sich noch heute die neuesten Angebote!","og_url":"https:\/\/chemgramx.com\/hu\/termek-1\/6-apb-online-megrendeles\/","og_site_name":"Chemgramx","article_modified_time":"2025-11-21T11:18:43+00:00","og_image":[{"width":600,"height":400,"url":"https:\/\/chemgramx.com\/wp-content\/uploads\/2025\/11\/6apb.png","type":"image\/png"}],"twitter_card":"summary_large_image","twitter_misc":{"Becs\u00fclt olvas\u00e1si id\u0151":"2 perc"},"schema":{"@context":"https:\/\/schema.org","@graph":[{"@type":"WebPage","@id":"https:\/\/chemgramx.com\/product\/6-apb-online-bestellung\/","url":"https:\/\/chemgramx.com\/product\/6-apb-online-bestellung\/","name":"6-APB v\u00e1s\u00e1rl\u00e1sa online \u2013 6-APB elad\u00f3 | chemgramx","isPartOf":{"@id":"https:\/\/chemgramx.com\/#website"},"primaryImageOfPage":{"@id":"https:\/\/chemgramx.com\/product\/6-apb-online-bestellung\/#primaryimage"},"image":{"@id":"https:\/\/chemgramx.com\/product\/6-apb-online-bestellung\/#primaryimage"},"thumbnailUrl":"https:\/\/chemgramx.com\/wp-content\/uploads\/2025\/11\/6apb.png","datePublished":"2025-11-21T11:18:00+00:00","dateModified":"2025-11-21T11:18:43+00:00","description":"Ha online szeretne 6-apb-t v\u00e1s\u00e1rolni, a Chemgramx online \u00e1ruh\u00e1zunk seg\u00edthet. N\u00e1lunk a legjobb \u00e1ron kaphat\u00f3 6-apb. Adja le rendel\u00e9s\u00e9t, \u00e9s biztos\u00edtsa be a leg\u00fajabb aj\u00e1nlatokat m\u00e9g ma!","breadcrumb":{"@id":"https:\/\/chemgramx.com\/product\/6-apb-online-bestellung\/#breadcrumb"},"inLanguage":"hu","potentialAction":[{"@type":"ReadAction","target":["https:\/\/chemgramx.com\/product\/6-apb-online-bestellung\/"]}]},{"@type":"ImageObject","inLanguage":"hu","@id":"https:\/\/chemgramx.com\/product\/6-apb-online-bestellung\/#primaryimage","url":"https:\/\/chemgramx.com\/wp-content\/uploads\/2025\/11\/6apb.png","contentUrl":"https:\/\/chemgramx.com\/wp-content\/uploads\/2025\/11\/6apb.png","width":600,"height":400},{"@type":"BreadcrumbList","@id":"https:\/\/chemgramx.com\/product\/6-apb-online-bestellung\/#breadcrumb","itemListElement":[{"@type":"ListItem","position":1,"name":"Home","item":"https:\/\/chemgramx.com\/"},{"@type":"ListItem","position":2,"name":"Shop","item":"https:\/\/chemgramx.com\/shop\/"},{"@type":"ListItem","position":3,"name":"6-APB online Bestellung"}]},{"@type":"WebSite","@id":"https:\/\/chemgramx.com\/#website","url":"https:\/\/chemgramx.com\/","name":"Chemgramx","description":"","publisher":{"@id":"https:\/\/chemgramx.com\/#organization"},"potentialAction":[{"@type":"SearchAction","target":{"@type":"EntryPoint","urlTemplate":"https:\/\/chemgramx.com\/?s={search_term_string}"},"query-input":{"@type":"PropertyValueSpecification","valueRequired":true,"valueName":"search_term_string"}}],"inLanguage":"hu"},{"@type":"Organization","@id":"https:\/\/chemgramx.com\/#organization","name":"Chemgramx","url":"https:\/\/chemgramx.com\/","logo":{"@type":"ImageObject","inLanguage":"hu","@id":"https:\/\/chemgramx.com\/#\/schema\/logo\/image\/","url":"https:\/\/chemgramx.com\/wp-content\/uploads\/2024\/10\/final-logo.png","contentUrl":"https:\/\/chemgramx.com\/wp-content\/uploads\/2024\/10\/final-logo.png","width":250,"height":48,"caption":"Chemgramx"},"image":{"@id":"https:\/\/chemgramx.com\/#\/schema\/logo\/image\/"}}]}},"_links":{"self":[{"href":"https:\/\/chemgramx.com\/hu\/wp-json\/wp\/v2\/product\/7533","targetHints":{"allow":["GET"]}}],"collection":[{"href":"https:\/\/chemgramx.com\/hu\/wp-json\/wp\/v2\/product"}],"about":[{"href":"https:\/\/chemgramx.com\/hu\/wp-json\/wp\/v2\/types\/product"}],"replies":[{"embeddable":true,"href":"https:\/\/chemgramx.com\/hu\/wp-json\/wp\/v2\/comments?post=7533"}],"wp:featuredmedia":[{"embeddable":true,"href":"https:\/\/chemgramx.com\/hu\/wp-json\/wp\/v2\/media\/7551"}],"wp:attachment":[{"href":"https:\/\/chemgramx.com\/hu\/wp-json\/wp\/v2\/media?parent=7533"}],"wp:term":[{"taxonomy":"product_brand","embeddable":true,"href":"https:\/\/chemgramx.com\/hu\/wp-json\/wp\/v2\/product_brand?post=7533"},{"taxonomy":"product_cat","embeddable":true,"href":"https:\/\/chemgramx.com\/hu\/wp-json\/wp\/v2\/product_cat?post=7533"},{"taxonomy":"product_tag","embeddable":true,"href":"https:\/\/chemgramx.com\/hu\/wp-json\/wp\/v2\/product_tag?post=7533"}],"curies":[{"name":"wp","href":"https:\/\/api.w.org\/{rel}","templated":true}]}}