{"id":7534,"date":"2025-11-21T11:18:00","date_gmt":"2025-11-21T11:18:00","guid":{"rendered":"https:\/\/chemgramx.com\/?post_type=product&#038;p=7534"},"modified":"2025-11-21T11:19:12","modified_gmt":"2025-11-21T11:19:12","slug":"6-mapb-online-vasarlas","status":"publish","type":"product","link":"https:\/\/chemgramx.com\/hu\/product\/6-mapb-online-kaufen\/","title":{"rendered":"6-MAPB online v\u00e1s\u00e1rl\u00e1sa"},"content":{"rendered":"<h2>V\u00e1s\u00e1roljon eredeti vagy hamis 6-MAPB-t online<\/h2>\n<p><a href=\"https:\/\/chemgramx.com\/product\/6-mapb\/\">6-MAPB<\/a> A 6-MAPB egy nagy tisztas\u00e1g\u00fa szintetikus vegy\u00fclet, amelyet gyakran haszn\u00e1lnak a tudom\u00e1nyos kutat\u00e1sokban a k\u00e9miai \u00e9s farmakol\u00f3giai folyamatok m\u00e9lyebb meg\u00e9rt\u00e9se \u00e9rdek\u00e9ben. A 6-MAPB-t online v\u00e1s\u00e1rl\u00f3 kutat\u00f3k megb\u00edzhatnak a stabilit\u00e1s\u00e1ban \u00e9s tisztas\u00e1g\u00e1ban, \u00edgy ide\u00e1lis a prec\u00edz \u00e9s reproduk\u00e1lhat\u00f3 k\u00eds\u00e9rleti eredm\u00e9nyek el\u00e9r\u00e9s\u00e9hez.<\/p>\n<h3>Mi\u00e9rt \u00e9rdemes online v\u00e1s\u00e1rolni a 6-MAPB-t?<\/h3>\n<p>A tud\u00f3sok igazit vagy hamis\u00edtv\u00e1nyt v\u00e1s\u00e1rolnak <a href=\"https:\/\/en.wikipedia.org\/wiki\/6-MAPB\">6-MAPB<\/a>A 6-MAPB-t k\u00e9miai reakci\u00f3k vizsg\u00e1lat\u00e1ra \u00e9s az anyagok k\u00fcl\u00f6nf\u00e9le biol\u00f3giai rendszerekre gyakorolt \u200b\u200bhat\u00e1s\u00e1nak meg\u00e9rt\u00e9s\u00e9re haszn\u00e1lj\u00e1k. Ez a vegy\u00fclet nagy potenci\u00e1lt mutatott a gy\u00f3gyszerkutat\u00e1sban \u00e9s a receptor-k\u00f6lcs\u00f6nhat\u00e1si vizsg\u00e1latokban. Ha 6-MAPB-t szeretne v\u00e1s\u00e1rolni, ak\u00e1r eredeti, ak\u00e1r hamis\u00edtott, egy megb\u00edzhat\u00f3 besz\u00e1ll\u00edt\u00f3 garant\u00e1lja a biztons\u00e1gos \u00e9s megb\u00edzhat\u00f3 v\u00e1s\u00e1rl\u00e1si \u00e9lm\u00e9nyt.<\/p>\n<h3>Alkalmaz\u00e1s \u00e9s biztons\u00e1g<\/h3>\n<p>Mint minden speci\u00e1lis k\u00e9miai vegy\u00fclet, a 6-MAPB is kiz\u00e1r\u00f3lag k\u00e9pzett kutat\u00f3k \u00e9s laborat\u00f3riumok sz\u00e1m\u00e1ra k\u00e9sz\u00fclt. Szigor\u00fa biztons\u00e1gi \u00f3vint\u00e9zked\u00e9sek mellett kell kezelni, \u00e9s csak tudom\u00e1nyos c\u00e9lokra haszn\u00e1lhat\u00f3. Emberi fogyaszt\u00e1sra nem alkalmas. A 6-MAPB online v\u00e1s\u00e1rl\u00e1sakor mindig olvassa el a vonatkoz\u00f3 laborat\u00f3riumi biztons\u00e1gi protokollokat.<\/p>\n<h3>T\u00e1rol\u00e1si utas\u00edt\u00e1sok<\/h3>\n<p>A 6-MAPB k\u00e9miai integrit\u00e1s\u00e1nak meg\u0151rz\u00e9se \u00e9rdek\u00e9ben h\u0171v\u00f6s, sz\u00e1raz helyen, k\u00f6zvetlen napf\u00e9nyt\u0151l v\u00e9dve t\u00e1rolja. A megfelel\u0151 t\u00e1rol\u00e1s biztos\u00edtja a stabilit\u00e1st \u00e9s a megb\u00edzhat\u00f3 kutat\u00e1si eredm\u00e9nyeket \u2013 ak\u00e1r olcs\u00f3n online, ak\u00e1r nagy t\u00e9telben v\u00e1s\u00e1rolja a 6-MAPB-t.<\/p>\n<h3>Jellemz\u0151k \u00e9s el\u0151ny\u00f6k<\/h3>\n<ul>\n<li>Nagy tisztas\u00e1g\u00fa: Pontos \u00e9s megb\u00edzhat\u00f3 kutat\u00e1si eredm\u00e9nyeket biztos\u00edt.<\/li>\n<li>Stabil k\u00e9miai tulajdons\u00e1gok: Ide\u00e1lis hossz\u00fa t\u00e1v\u00fa vizsg\u00e1latokhoz \u00e9s k\u00eds\u00e9rletekhez.<\/li>\n<li>Szigor\u00fa min\u0151s\u00e9gellen\u0151rz\u00e9s: Minden eredeti vagy hamis\u00edtott 6-MAPB t\u00e9tel tisztas\u00e1g\u00e1t \u00e9s \u00e1llag\u00e1t tesztelj\u00fck.<\/li>\n<li>Kiz\u00e1r\u00f3lag kutat\u00e1si c\u00e9lra: emberi fogyaszt\u00e1sra nem alkalmas.<\/li>\n<\/ul>\n<h3>Hol lehet megv\u00e1s\u00e1rolni a 6-MAPB-t?<\/h3>\n<p>Azok sz\u00e1m\u00e1ra, akik a legjobb \u00e1ron szeretn\u00e9k megv\u00e1s\u00e1rolni a 6-MAPB-t, platformunk vonz\u00f3 \u00e1rakat \u00e9s rugalmas rendel\u00e9si mennyis\u00e9geket k\u00edn\u00e1l. A 6-MAPB-t biztons\u00e1gosan \u00e9s diszkr\u00e9ten online v\u00e1s\u00e1rolhatja meg.<\/p>","protected":false},"excerpt":{"rendered":"<p><strong>6-MAPB<\/strong> egy szintetikus k\u00e9miai vegy\u00fclet, amelyet pontos tudom\u00e1nyos kutat\u00e1si c\u00e9lokra fejlesztettek ki. Ezt a stabil anyagot k\u00e9miai \u00e9s farmakol\u00f3giai vizsg\u00e1latokban haszn\u00e1lj\u00e1k \u00faj ismeretek megszerz\u00e9s\u00e9re. Minden egyes t\u00e9telt a legnagyobb tisztas\u00e1gra tesztelnek. Kiz\u00e1r\u00f3lag kutat\u00e1si c\u00e9lra - emberi fogyaszt\u00e1sra nem alkalmas.<\/p>","protected":false},"featured_media":7552,"comment_status":"open","ping_status":"closed","template":"","meta":{"_joinchat":[]},"product_brand":[],"product_cat":[1798],"product_tag":[2386,2392,2391,2387,2393,2390,2388,2389,2394,2182],"class_list":{"0":"post-7534","1":"product","2":"type-product","3":"status-publish","4":"has-post-thumbnail","6":"product_cat-empathogene","7":"product_tag-6-mapb","8":"product_tag-6-mapb-chemikalien","9":"product_tag-6-mapb-forschung","10":"product_tag-6-mapb-kaufen","11":"product_tag-6-mapb-kaufen-online","12":"product_tag-6-mapb-kristalle","13":"product_tag-6-mapb-online","14":"product_tag-6-mapb-pulver","15":"product_tag-forschung-6-mapb","16":"product_tag-synthetische-chemikalien","18":"first","19":"instock","20":"shipping-taxable","21":"purchasable","22":"product-type-variable"},"yoast_head":"<!-- This site is optimized with the Yoast SEO plugin v27.5 - https:\/\/yoast.com\/product\/yoast-seo-wordpress\/ -->\n<title>6-MAPB online kaufen \u2013 6-MAPB zu verkaufen | chemgramx<\/title>\n<meta name=\"description\" content=\"Ihre Bestellung von 6-mapb zu verkaufen liegt in unserer Verantwortung. Wir werden Ihre Anfrage zum Online-Kauf von 6-mapb ber\u00fccksichtigen und Sie in kurzer Zeit erreichen. Jetzt Gro\u00dfbestellungen aufgeben!\" \/>\n<meta name=\"robots\" content=\"index, follow, max-snippet:-1, max-image-preview:large, max-video-preview:-1\" \/>\n<link rel=\"canonical\" href=\"https:\/\/chemgramx.com\/hu\/termek-1\/6-mapb-online-vasarlas\/\" \/>\n<meta property=\"og:locale\" content=\"hu_HU\" \/>\n<meta property=\"og:type\" content=\"article\" \/>\n<meta property=\"og:title\" content=\"6-MAPB online kaufen \u2013 6-MAPB zu verkaufen | chemgramx\" \/>\n<meta property=\"og:description\" content=\"Ihre Bestellung von 6-mapb zu verkaufen liegt in unserer Verantwortung. Wir werden Ihre Anfrage zum Online-Kauf von 6-mapb ber\u00fccksichtigen und Sie in kurzer Zeit erreichen. Jetzt Gro\u00dfbestellungen aufgeben!\" \/>\n<meta property=\"og:url\" content=\"https:\/\/chemgramx.com\/hu\/termek-1\/6-mapb-online-vasarlas\/\" \/>\n<meta property=\"og:site_name\" content=\"Chemgramx\" \/>\n<meta property=\"article:modified_time\" content=\"2025-11-21T11:19:12+00:00\" \/>\n<meta property=\"og:image\" content=\"https:\/\/chemgramx.com\/wp-content\/uploads\/2025\/11\/6mapb.png\" \/>\n\t<meta property=\"og:image:width\" content=\"600\" \/>\n\t<meta property=\"og:image:height\" content=\"400\" \/>\n\t<meta property=\"og:image:type\" content=\"image\/png\" \/>\n<meta name=\"twitter:card\" content=\"summary_large_image\" \/>\n<meta name=\"twitter:label1\" content=\"Becs\u00fclt olvas\u00e1si id\u0151\" \/>\n\t<meta name=\"twitter:data1\" content=\"2 perc\" \/>\n<script type=\"application\/ld+json\" class=\"yoast-schema-graph\">{\"@context\":\"https:\\\/\\\/schema.org\",\"@graph\":[{\"@type\":\"WebPage\",\"@id\":\"https:\\\/\\\/chemgramx.com\\\/product\\\/6-mapb-online-kaufen\\\/\",\"url\":\"https:\\\/\\\/chemgramx.com\\\/product\\\/6-mapb-online-kaufen\\\/\",\"name\":\"6-MAPB online kaufen \u2013 6-MAPB zu verkaufen | chemgramx\",\"isPartOf\":{\"@id\":\"https:\\\/\\\/chemgramx.com\\\/#website\"},\"primaryImageOfPage\":{\"@id\":\"https:\\\/\\\/chemgramx.com\\\/product\\\/6-mapb-online-kaufen\\\/#primaryimage\"},\"image\":{\"@id\":\"https:\\\/\\\/chemgramx.com\\\/product\\\/6-mapb-online-kaufen\\\/#primaryimage\"},\"thumbnailUrl\":\"https:\\\/\\\/chemgramx.com\\\/wp-content\\\/uploads\\\/2025\\\/11\\\/6mapb.png\",\"datePublished\":\"2025-11-21T11:18:00+00:00\",\"dateModified\":\"2025-11-21T11:19:12+00:00\",\"description\":\"Ihre Bestellung von 6-mapb zu verkaufen liegt in unserer Verantwortung. Wir werden Ihre Anfrage zum Online-Kauf von 6-mapb ber\u00fccksichtigen und Sie in kurzer Zeit erreichen. Jetzt Gro\u00dfbestellungen aufgeben!\",\"breadcrumb\":{\"@id\":\"https:\\\/\\\/chemgramx.com\\\/product\\\/6-mapb-online-kaufen\\\/#breadcrumb\"},\"inLanguage\":\"hu\",\"potentialAction\":[{\"@type\":\"ReadAction\",\"target\":[\"https:\\\/\\\/chemgramx.com\\\/product\\\/6-mapb-online-kaufen\\\/\"]}]},{\"@type\":\"ImageObject\",\"inLanguage\":\"hu\",\"@id\":\"https:\\\/\\\/chemgramx.com\\\/product\\\/6-mapb-online-kaufen\\\/#primaryimage\",\"url\":\"https:\\\/\\\/chemgramx.com\\\/wp-content\\\/uploads\\\/2025\\\/11\\\/6mapb.png\",\"contentUrl\":\"https:\\\/\\\/chemgramx.com\\\/wp-content\\\/uploads\\\/2025\\\/11\\\/6mapb.png\",\"width\":600,\"height\":400},{\"@type\":\"BreadcrumbList\",\"@id\":\"https:\\\/\\\/chemgramx.com\\\/product\\\/6-mapb-online-kaufen\\\/#breadcrumb\",\"itemListElement\":[{\"@type\":\"ListItem\",\"position\":1,\"name\":\"Home\",\"item\":\"https:\\\/\\\/chemgramx.com\\\/\"},{\"@type\":\"ListItem\",\"position\":2,\"name\":\"Shop\",\"item\":\"https:\\\/\\\/chemgramx.com\\\/shop\\\/\"},{\"@type\":\"ListItem\",\"position\":3,\"name\":\"6-MAPB online kaufen\"}]},{\"@type\":\"WebSite\",\"@id\":\"https:\\\/\\\/chemgramx.com\\\/#website\",\"url\":\"https:\\\/\\\/chemgramx.com\\\/\",\"name\":\"Chemgramx\",\"description\":\"\",\"publisher\":{\"@id\":\"https:\\\/\\\/chemgramx.com\\\/#organization\"},\"potentialAction\":[{\"@type\":\"SearchAction\",\"target\":{\"@type\":\"EntryPoint\",\"urlTemplate\":\"https:\\\/\\\/chemgramx.com\\\/?s={search_term_string}\"},\"query-input\":{\"@type\":\"PropertyValueSpecification\",\"valueRequired\":true,\"valueName\":\"search_term_string\"}}],\"inLanguage\":\"hu\"},{\"@type\":\"Organization\",\"@id\":\"https:\\\/\\\/chemgramx.com\\\/#organization\",\"name\":\"Chemgramx\",\"url\":\"https:\\\/\\\/chemgramx.com\\\/\",\"logo\":{\"@type\":\"ImageObject\",\"inLanguage\":\"hu\",\"@id\":\"https:\\\/\\\/chemgramx.com\\\/#\\\/schema\\\/logo\\\/image\\\/\",\"url\":\"https:\\\/\\\/chemgramx.com\\\/wp-content\\\/uploads\\\/2024\\\/10\\\/final-logo.png\",\"contentUrl\":\"https:\\\/\\\/chemgramx.com\\\/wp-content\\\/uploads\\\/2024\\\/10\\\/final-logo.png\",\"width\":250,\"height\":48,\"caption\":\"Chemgramx\"},\"image\":{\"@id\":\"https:\\\/\\\/chemgramx.com\\\/#\\\/schema\\\/logo\\\/image\\\/\"}}]}<\/script>\n<!-- \/ Yoast SEO plugin. -->","yoast_head_json":{"title":"6-MAPB online v\u00e1s\u00e1rl\u00e1s \u2013 6-MAPB elad\u00f3 | chemgramx","description":"A 6-mapb \u00e9rt\u00e9kes\u00edt\u00e9s\u00e9re vonatkoz\u00f3 megrendel\u00e9se a mi felel\u0151ss\u00e9g\u00fcnk. Figyelembe vessz\u00fck a 6-mapb online v\u00e1s\u00e1rl\u00e1s\u00e1ra vonatkoz\u00f3 k\u00e9r\u00e9s\u00e9t, \u00e9s hamarosan felvessz\u00fck \u00d6nnel a kapcsolatot. Adjon le nagy mennyis\u00e9g\u0171 megrendel\u00e9st most!","robots":{"index":"index","follow":"follow","max-snippet":"max-snippet:-1","max-image-preview":"max-image-preview:large","max-video-preview":"max-video-preview:-1"},"canonical":"https:\/\/chemgramx.com\/hu\/termek-1\/6-mapb-online-vasarlas\/","og_locale":"hu_HU","og_type":"article","og_title":"6-MAPB online kaufen \u2013 6-MAPB zu verkaufen | chemgramx","og_description":"Ihre Bestellung von 6-mapb zu verkaufen liegt in unserer Verantwortung. Wir werden Ihre Anfrage zum Online-Kauf von 6-mapb ber\u00fccksichtigen und Sie in kurzer Zeit erreichen. Jetzt Gro\u00dfbestellungen aufgeben!","og_url":"https:\/\/chemgramx.com\/hu\/termek-1\/6-mapb-online-vasarlas\/","og_site_name":"Chemgramx","article_modified_time":"2025-11-21T11:19:12+00:00","og_image":[{"width":600,"height":400,"url":"https:\/\/chemgramx.com\/wp-content\/uploads\/2025\/11\/6mapb.png","type":"image\/png"}],"twitter_card":"summary_large_image","twitter_misc":{"Becs\u00fclt olvas\u00e1si id\u0151":"2 perc"},"schema":{"@context":"https:\/\/schema.org","@graph":[{"@type":"WebPage","@id":"https:\/\/chemgramx.com\/product\/6-mapb-online-kaufen\/","url":"https:\/\/chemgramx.com\/product\/6-mapb-online-kaufen\/","name":"6-MAPB online v\u00e1s\u00e1rl\u00e1s \u2013 6-MAPB elad\u00f3 | chemgramx","isPartOf":{"@id":"https:\/\/chemgramx.com\/#website"},"primaryImageOfPage":{"@id":"https:\/\/chemgramx.com\/product\/6-mapb-online-kaufen\/#primaryimage"},"image":{"@id":"https:\/\/chemgramx.com\/product\/6-mapb-online-kaufen\/#primaryimage"},"thumbnailUrl":"https:\/\/chemgramx.com\/wp-content\/uploads\/2025\/11\/6mapb.png","datePublished":"2025-11-21T11:18:00+00:00","dateModified":"2025-11-21T11:19:12+00:00","description":"A 6-mapb \u00e9rt\u00e9kes\u00edt\u00e9s\u00e9re vonatkoz\u00f3 megrendel\u00e9se a mi felel\u0151ss\u00e9g\u00fcnk. Figyelembe vessz\u00fck a 6-mapb online v\u00e1s\u00e1rl\u00e1s\u00e1ra vonatkoz\u00f3 k\u00e9r\u00e9s\u00e9t, \u00e9s hamarosan felvessz\u00fck \u00d6nnel a kapcsolatot. Adjon le nagy mennyis\u00e9g\u0171 megrendel\u00e9st most!","breadcrumb":{"@id":"https:\/\/chemgramx.com\/product\/6-mapb-online-kaufen\/#breadcrumb"},"inLanguage":"hu","potentialAction":[{"@type":"ReadAction","target":["https:\/\/chemgramx.com\/product\/6-mapb-online-kaufen\/"]}]},{"@type":"ImageObject","inLanguage":"hu","@id":"https:\/\/chemgramx.com\/product\/6-mapb-online-kaufen\/#primaryimage","url":"https:\/\/chemgramx.com\/wp-content\/uploads\/2025\/11\/6mapb.png","contentUrl":"https:\/\/chemgramx.com\/wp-content\/uploads\/2025\/11\/6mapb.png","width":600,"height":400},{"@type":"BreadcrumbList","@id":"https:\/\/chemgramx.com\/product\/6-mapb-online-kaufen\/#breadcrumb","itemListElement":[{"@type":"ListItem","position":1,"name":"Home","item":"https:\/\/chemgramx.com\/"},{"@type":"ListItem","position":2,"name":"Shop","item":"https:\/\/chemgramx.com\/shop\/"},{"@type":"ListItem","position":3,"name":"6-MAPB online kaufen"}]},{"@type":"WebSite","@id":"https:\/\/chemgramx.com\/#website","url":"https:\/\/chemgramx.com\/","name":"Chemgramx","description":"","publisher":{"@id":"https:\/\/chemgramx.com\/#organization"},"potentialAction":[{"@type":"SearchAction","target":{"@type":"EntryPoint","urlTemplate":"https:\/\/chemgramx.com\/?s={search_term_string}"},"query-input":{"@type":"PropertyValueSpecification","valueRequired":true,"valueName":"search_term_string"}}],"inLanguage":"hu"},{"@type":"Organization","@id":"https:\/\/chemgramx.com\/#organization","name":"Chemgramx","url":"https:\/\/chemgramx.com\/","logo":{"@type":"ImageObject","inLanguage":"hu","@id":"https:\/\/chemgramx.com\/#\/schema\/logo\/image\/","url":"https:\/\/chemgramx.com\/wp-content\/uploads\/2024\/10\/final-logo.png","contentUrl":"https:\/\/chemgramx.com\/wp-content\/uploads\/2024\/10\/final-logo.png","width":250,"height":48,"caption":"Chemgramx"},"image":{"@id":"https:\/\/chemgramx.com\/#\/schema\/logo\/image\/"}}]}},"_links":{"self":[{"href":"https:\/\/chemgramx.com\/hu\/wp-json\/wp\/v2\/product\/7534","targetHints":{"allow":["GET"]}}],"collection":[{"href":"https:\/\/chemgramx.com\/hu\/wp-json\/wp\/v2\/product"}],"about":[{"href":"https:\/\/chemgramx.com\/hu\/wp-json\/wp\/v2\/types\/product"}],"replies":[{"embeddable":true,"href":"https:\/\/chemgramx.com\/hu\/wp-json\/wp\/v2\/comments?post=7534"}],"wp:featuredmedia":[{"embeddable":true,"href":"https:\/\/chemgramx.com\/hu\/wp-json\/wp\/v2\/media\/7552"}],"wp:attachment":[{"href":"https:\/\/chemgramx.com\/hu\/wp-json\/wp\/v2\/media?parent=7534"}],"wp:term":[{"taxonomy":"product_brand","embeddable":true,"href":"https:\/\/chemgramx.com\/hu\/wp-json\/wp\/v2\/product_brand?post=7534"},{"taxonomy":"product_cat","embeddable":true,"href":"https:\/\/chemgramx.com\/hu\/wp-json\/wp\/v2\/product_cat?post=7534"},{"taxonomy":"product_tag","embeddable":true,"href":"https:\/\/chemgramx.com\/hu\/wp-json\/wp\/v2\/product_tag?post=7534"}],"curies":[{"name":"wp","href":"https:\/\/api.w.org\/{rel}","templated":true}]}}