{"id":7535,"date":"2025-11-21T11:18:00","date_gmt":"2025-11-21T11:18:00","guid":{"rendered":"https:\/\/chemgramx.com\/?post_type=product&#038;p=7535"},"modified":"2025-11-21T11:19:12","modified_gmt":"2025-11-21T11:19:12","slug":"bk-2c-b-online-rendeles","status":"publish","type":"product","link":"https:\/\/chemgramx.com\/hu\/product\/bk-2c-b-online-bestellung\/","title":{"rendered":"Bk-2C-B Online rendel\u00e9s"},"content":{"rendered":"<h2>Val\u00f3di vagy hamis\u00edtott Bk-2C-B online v\u00e1s\u00e1rl\u00e1sa<\/h2>\n<p><a href=\"https:\/\/chemgramx.com\/product\/bk-2c-b\/\">Bk-2C-B<\/a> nagy tisztas\u00e1g\u00fa szintetikus vegy\u00fclet, amelyet a tudom\u00e1nyos kutat\u00e1sban a k\u00e9miai \u00e9s farmakol\u00f3giai ismeretek megszerz\u00e9s\u00e9re haszn\u00e1lnak. A kutat\u00f3k, akik Bk-2C-B-t szeretn\u00e9nek v\u00e1s\u00e1rolni online, sz\u00e1m\u00edthatnak stabilit\u00e1s\u00e1ra \u00e9s konzisztenci\u00e1j\u00e1ra, \u00edgy ide\u00e1lis a r\u00e9szletes laborat\u00f3riumi vizsg\u00e1latokhoz \u00e9s k\u00eds\u00e9rletekhez.<\/p>\n<h3>Mi\u00e9rt \u00e9rdemes Bk-2C-B-t v\u00e1s\u00e1rolni online?<\/h3>\n<p>A tud\u00f3sok igazit vagy hamis\u00edtv\u00e1nyt v\u00e1s\u00e1rolnak <a href=\"https:\/\/en.wikipedia.org\/wiki\/%CE%92k-2C-B\">Bk-2C-B<\/a>, k\u00e9miai reakci\u00f3k elemz\u00e9se \u00e9s a biol\u00f3giai rendszerekre gyakorolt hat\u00e1sok vizsg\u00e1lata. Ez az anyag d\u00f6nt\u0151 szerepet j\u00e1tszik a gy\u00f3gyszerkutat\u00e1sban \u00e9s a receptorok k\u00f6lcs\u00f6nhat\u00e1s\u00e1nak vizsg\u00e1lat\u00e1ban. Ha Bk-2C-B-t szeretne v\u00e1s\u00e1rolni, vagy val\u00f3di vagy hamis Bk-2C-B-t rendelni, platformunk biztons\u00e1gos \u00e9s megb\u00edzhat\u00f3 lehet\u0151s\u00e9get k\u00edn\u00e1l.<\/p>\n<h3>Alkalmaz\u00e1s \u00e9s biztons\u00e1g<\/h3>\n<p>Mint minden speci\u00e1lis k\u00e9miai vegy\u00fclet, a Bk-2C-B is csak k\u00e9pzett szakemberek \u00e1ltali haszn\u00e1latra \u00e9s kiz\u00e1r\u00f3lag kutat\u00e1si c\u00e9lokra szolg\u00e1l. Emberi fogyaszt\u00e1sra nem sz\u00e1nt\u00e1k. A Bk-2C-B online rendel\u00e9sekor a laborat\u00f3riumi biztons\u00e1gi el\u0151\u00edr\u00e1soknak megfelel\u0151 biztons\u00e1gos kezel\u00e9s elengedhetetlen.<\/p>\n<h3>T\u00e1rol\u00e1si utas\u00edt\u00e1sok<\/h3>\n<p>A k\u00e9miai integrit\u00e1s meg\u0151rz\u00e9se \u00e9rdek\u00e9ben a Bk-2C-B-t h\u0171v\u00f6s, sz\u00e1raz, k\u00f6zvetlen napf\u00e9nyt\u0151l v\u00e9dett helyen kell t\u00e1rolni. A megfelel\u0151 t\u00e1rol\u00e1s biztos\u00edtja a stabilit\u00e1st \u00e9s a konzisztens eredm\u00e9nyeket, ak\u00e1r online, ak\u00e1r \u00f6mlesztve v\u00e1s\u00e1rolja a Bk-2C-B-t.<\/p>\n<h3>Jellemz\u0151k \u00e9s el\u0151ny\u00f6k<\/h3>\n<ul>\n<li>Nagy tisztas\u00e1g: Garant\u00e1lja a pontos \u00e9s megb\u00edzhat\u00f3 kutat\u00e1si eredm\u00e9nyeket.<\/li>\n<li>Stabilit\u00e1s: Ide\u00e1lis hossz\u00fa t\u00e1v\u00fa k\u00eds\u00e9rletekhez \u00e9s k\u00e9miai vizsg\u00e1latokhoz.<\/li>\n<li>Szigor\u00fa min\u0151s\u00e9gellen\u0151rz\u00e9s: Minden egyes val\u00f3di vagy hamis\u00edtott Bk-2C-B t\u00e9telt tesztelnek a tisztas\u00e1g \u00e9s a konzisztencia szempontj\u00e1b\u00f3l.<\/li>\n<li>Kiz\u00e1r\u00f3lag kutat\u00e1si c\u00e9lra: emberi fogyaszt\u00e1sra nem alkalmas.<\/li>\n<\/ul>\n<h3>A Bk-2C-B beszerz\u00e9si forr\u00e1sai<\/h3>\n<p>Azok sz\u00e1m\u00e1ra, akik a legjobb \u00e1ron szeretn\u00e9k megv\u00e1s\u00e1rolni a Bk-2C-B-t, vonz\u00f3 \u00e1rakat \u00e9s rugalmas rendel\u00e9si mennyis\u00e9get k\u00edn\u00e1lunk. Biztons\u00e1gosan \u00e9s diszkr\u00e9ten v\u00e1s\u00e1rolhat Bk-2C-B-t online, biztos\u00edtva a z\u00f6kken\u0151mentes \u00e9s megb\u00edzhat\u00f3 rendel\u00e9si folyamatot.<\/p>","protected":false},"excerpt":{"rendered":"<p><strong>BK-2C-B<\/strong> egy fejlett szintetikus k\u00e9miai vegy\u00fclet, amelyet kiz\u00e1r\u00f3lag tudom\u00e1nyos kutat\u00e1si c\u00e9lokra fejlesztettek ki. Ezt a stabil anyagot k\u00e9miai reakci\u00f3k \u00e9s farmakol\u00f3giai folyamatok tanulm\u00e1nyoz\u00e1s\u00e1ra haszn\u00e1lj\u00e1k. Minden egyes t\u00e9telt a legnagyobb tisztas\u00e1gra tesztelnek. Kiz\u00e1r\u00f3lag kutat\u00e1si c\u00e9lra - emberi felhaszn\u00e1l\u00e1sra nem alkalmas.<\/p>","protected":false},"featured_media":7553,"comment_status":"open","ping_status":"closed","template":"","meta":{"_joinchat":[]},"product_brand":[],"product_cat":[1798],"product_tag":[2373,2379,2378,2374,2380,2377,2375,2376,2381,2182],"class_list":{"0":"post-7535","1":"product","2":"type-product","3":"status-publish","4":"has-post-thumbnail","6":"product_cat-empathogene","7":"product_tag-bk-2c-b","8":"product_tag-bk-2c-b-chemikalien","9":"product_tag-bk-2c-b-forschung","10":"product_tag-bk-2c-b-kaufen","11":"product_tag-bk-2c-b-kaufen-online","12":"product_tag-bk-2c-b-kristalle","13":"product_tag-bk-2c-b-online","14":"product_tag-bk-2c-b-pulver","15":"product_tag-forschung-bk-2c-b","16":"product_tag-synthetische-chemikalien","18":"first","19":"instock","20":"shipping-taxable","21":"purchasable","22":"product-type-variable"},"yoast_head":"<!-- This site is optimized with the Yoast SEO plugin v27.5 - https:\/\/yoast.com\/product\/yoast-seo-wordpress\/ -->\n<title>Bk-2C-B online kaufen \u2013 Bk-2C-B zu verkaufen | chemgramx<\/title>\n<meta name=\"description\" content=\"Chemgramx ist der beste Ort, um BK-2C-B online zu kaufen. Wir bieten BK-2C-B zu den besten Preisen zum Verkauf an. Sichern Sie sich den besten Preis mit tollen Angeboten. Bestellen Sie jetzt!\" \/>\n<meta name=\"robots\" content=\"index, follow, max-snippet:-1, max-image-preview:large, max-video-preview:-1\" \/>\n<link rel=\"canonical\" href=\"https:\/\/chemgramx.com\/hu\/termek-1\/bk-2c-b-online-rendeles\/\" \/>\n<meta property=\"og:locale\" content=\"hu_HU\" \/>\n<meta property=\"og:type\" content=\"article\" \/>\n<meta property=\"og:title\" content=\"Bk-2C-B online kaufen \u2013 Bk-2C-B zu verkaufen | chemgramx\" \/>\n<meta property=\"og:description\" content=\"Chemgramx ist der beste Ort, um BK-2C-B online zu kaufen. Wir bieten BK-2C-B zu den besten Preisen zum Verkauf an. Sichern Sie sich den besten Preis mit tollen Angeboten. Bestellen Sie jetzt!\" \/>\n<meta property=\"og:url\" content=\"https:\/\/chemgramx.com\/hu\/termek-1\/bk-2c-b-online-rendeles\/\" \/>\n<meta property=\"og:site_name\" content=\"Chemgramx\" \/>\n<meta property=\"article:modified_time\" content=\"2025-11-21T11:19:12+00:00\" \/>\n<meta property=\"og:image\" content=\"https:\/\/chemgramx.com\/wp-content\/uploads\/2025\/11\/bk2cb.png\" \/>\n\t<meta property=\"og:image:width\" content=\"600\" \/>\n\t<meta property=\"og:image:height\" content=\"400\" \/>\n\t<meta property=\"og:image:type\" content=\"image\/png\" \/>\n<meta name=\"twitter:card\" content=\"summary_large_image\" \/>\n<meta name=\"twitter:label1\" content=\"Becs\u00fclt olvas\u00e1si id\u0151\" \/>\n\t<meta name=\"twitter:data1\" content=\"2 perc\" \/>\n<script type=\"application\/ld+json\" class=\"yoast-schema-graph\">{\"@context\":\"https:\\\/\\\/schema.org\",\"@graph\":[{\"@type\":\"WebPage\",\"@id\":\"https:\\\/\\\/chemgramx.com\\\/product\\\/bk-2c-b-online-bestellung\\\/\",\"url\":\"https:\\\/\\\/chemgramx.com\\\/product\\\/bk-2c-b-online-bestellung\\\/\",\"name\":\"Bk-2C-B online kaufen \u2013 Bk-2C-B zu verkaufen | chemgramx\",\"isPartOf\":{\"@id\":\"https:\\\/\\\/chemgramx.com\\\/#website\"},\"primaryImageOfPage\":{\"@id\":\"https:\\\/\\\/chemgramx.com\\\/product\\\/bk-2c-b-online-bestellung\\\/#primaryimage\"},\"image\":{\"@id\":\"https:\\\/\\\/chemgramx.com\\\/product\\\/bk-2c-b-online-bestellung\\\/#primaryimage\"},\"thumbnailUrl\":\"https:\\\/\\\/chemgramx.com\\\/wp-content\\\/uploads\\\/2025\\\/11\\\/bk2cb.png\",\"datePublished\":\"2025-11-21T11:18:00+00:00\",\"dateModified\":\"2025-11-21T11:19:12+00:00\",\"description\":\"Chemgramx ist der beste Ort, um BK-2C-B online zu kaufen. Wir bieten BK-2C-B zu den besten Preisen zum Verkauf an. Sichern Sie sich den besten Preis mit tollen Angeboten. Bestellen Sie jetzt!\",\"breadcrumb\":{\"@id\":\"https:\\\/\\\/chemgramx.com\\\/product\\\/bk-2c-b-online-bestellung\\\/#breadcrumb\"},\"inLanguage\":\"hu\",\"potentialAction\":[{\"@type\":\"ReadAction\",\"target\":[\"https:\\\/\\\/chemgramx.com\\\/product\\\/bk-2c-b-online-bestellung\\\/\"]}]},{\"@type\":\"ImageObject\",\"inLanguage\":\"hu\",\"@id\":\"https:\\\/\\\/chemgramx.com\\\/product\\\/bk-2c-b-online-bestellung\\\/#primaryimage\",\"url\":\"https:\\\/\\\/chemgramx.com\\\/wp-content\\\/uploads\\\/2025\\\/11\\\/bk2cb.png\",\"contentUrl\":\"https:\\\/\\\/chemgramx.com\\\/wp-content\\\/uploads\\\/2025\\\/11\\\/bk2cb.png\",\"width\":600,\"height\":400},{\"@type\":\"BreadcrumbList\",\"@id\":\"https:\\\/\\\/chemgramx.com\\\/product\\\/bk-2c-b-online-bestellung\\\/#breadcrumb\",\"itemListElement\":[{\"@type\":\"ListItem\",\"position\":1,\"name\":\"Home\",\"item\":\"https:\\\/\\\/chemgramx.com\\\/\"},{\"@type\":\"ListItem\",\"position\":2,\"name\":\"Shop\",\"item\":\"https:\\\/\\\/chemgramx.com\\\/shop\\\/\"},{\"@type\":\"ListItem\",\"position\":3,\"name\":\"Bk-2C-B Online Bestellung\"}]},{\"@type\":\"WebSite\",\"@id\":\"https:\\\/\\\/chemgramx.com\\\/#website\",\"url\":\"https:\\\/\\\/chemgramx.com\\\/\",\"name\":\"Chemgramx\",\"description\":\"\",\"publisher\":{\"@id\":\"https:\\\/\\\/chemgramx.com\\\/#organization\"},\"potentialAction\":[{\"@type\":\"SearchAction\",\"target\":{\"@type\":\"EntryPoint\",\"urlTemplate\":\"https:\\\/\\\/chemgramx.com\\\/?s={search_term_string}\"},\"query-input\":{\"@type\":\"PropertyValueSpecification\",\"valueRequired\":true,\"valueName\":\"search_term_string\"}}],\"inLanguage\":\"hu\"},{\"@type\":\"Organization\",\"@id\":\"https:\\\/\\\/chemgramx.com\\\/#organization\",\"name\":\"Chemgramx\",\"url\":\"https:\\\/\\\/chemgramx.com\\\/\",\"logo\":{\"@type\":\"ImageObject\",\"inLanguage\":\"hu\",\"@id\":\"https:\\\/\\\/chemgramx.com\\\/#\\\/schema\\\/logo\\\/image\\\/\",\"url\":\"https:\\\/\\\/chemgramx.com\\\/wp-content\\\/uploads\\\/2024\\\/10\\\/final-logo.png\",\"contentUrl\":\"https:\\\/\\\/chemgramx.com\\\/wp-content\\\/uploads\\\/2024\\\/10\\\/final-logo.png\",\"width\":250,\"height\":48,\"caption\":\"Chemgramx\"},\"image\":{\"@id\":\"https:\\\/\\\/chemgramx.com\\\/#\\\/schema\\\/logo\\\/image\\\/\"}}]}<\/script>\n<!-- \/ Yoast SEO plugin. -->","yoast_head_json":{"title":"V\u00e1s\u00e1roljon Bk-2C-B-t online \u2013 Bk-2C-B elad\u00f3 | chemgramx","description":"A Chemgramx a legjobb hely BK-2C-B online v\u00e1s\u00e1rl\u00e1s\u00e1ra. A BK-2C-B-t a legjobb \u00e1ron k\u00edn\u00e1ljuk elad\u00e1sra. Biztos\u00edtsa be a legjobb \u00e1rat nagyszer\u0171 aj\u00e1nlatokkal. Rendelje meg most!","robots":{"index":"index","follow":"follow","max-snippet":"max-snippet:-1","max-image-preview":"max-image-preview:large","max-video-preview":"max-video-preview:-1"},"canonical":"https:\/\/chemgramx.com\/hu\/termek-1\/bk-2c-b-online-rendeles\/","og_locale":"hu_HU","og_type":"article","og_title":"Bk-2C-B online kaufen \u2013 Bk-2C-B zu verkaufen | chemgramx","og_description":"Chemgramx ist der beste Ort, um BK-2C-B online zu kaufen. Wir bieten BK-2C-B zu den besten Preisen zum Verkauf an. Sichern Sie sich den besten Preis mit tollen Angeboten. Bestellen Sie jetzt!","og_url":"https:\/\/chemgramx.com\/hu\/termek-1\/bk-2c-b-online-rendeles\/","og_site_name":"Chemgramx","article_modified_time":"2025-11-21T11:19:12+00:00","og_image":[{"width":600,"height":400,"url":"https:\/\/chemgramx.com\/wp-content\/uploads\/2025\/11\/bk2cb.png","type":"image\/png"}],"twitter_card":"summary_large_image","twitter_misc":{"Becs\u00fclt olvas\u00e1si id\u0151":"2 perc"},"schema":{"@context":"https:\/\/schema.org","@graph":[{"@type":"WebPage","@id":"https:\/\/chemgramx.com\/product\/bk-2c-b-online-bestellung\/","url":"https:\/\/chemgramx.com\/product\/bk-2c-b-online-bestellung\/","name":"V\u00e1s\u00e1roljon Bk-2C-B-t online \u2013 Bk-2C-B elad\u00f3 | chemgramx","isPartOf":{"@id":"https:\/\/chemgramx.com\/#website"},"primaryImageOfPage":{"@id":"https:\/\/chemgramx.com\/product\/bk-2c-b-online-bestellung\/#primaryimage"},"image":{"@id":"https:\/\/chemgramx.com\/product\/bk-2c-b-online-bestellung\/#primaryimage"},"thumbnailUrl":"https:\/\/chemgramx.com\/wp-content\/uploads\/2025\/11\/bk2cb.png","datePublished":"2025-11-21T11:18:00+00:00","dateModified":"2025-11-21T11:19:12+00:00","description":"A Chemgramx a legjobb hely BK-2C-B online v\u00e1s\u00e1rl\u00e1s\u00e1ra. A BK-2C-B-t a legjobb \u00e1ron k\u00edn\u00e1ljuk elad\u00e1sra. Biztos\u00edtsa be a legjobb \u00e1rat nagyszer\u0171 aj\u00e1nlatokkal. Rendelje meg most!","breadcrumb":{"@id":"https:\/\/chemgramx.com\/product\/bk-2c-b-online-bestellung\/#breadcrumb"},"inLanguage":"hu","potentialAction":[{"@type":"ReadAction","target":["https:\/\/chemgramx.com\/product\/bk-2c-b-online-bestellung\/"]}]},{"@type":"ImageObject","inLanguage":"hu","@id":"https:\/\/chemgramx.com\/product\/bk-2c-b-online-bestellung\/#primaryimage","url":"https:\/\/chemgramx.com\/wp-content\/uploads\/2025\/11\/bk2cb.png","contentUrl":"https:\/\/chemgramx.com\/wp-content\/uploads\/2025\/11\/bk2cb.png","width":600,"height":400},{"@type":"BreadcrumbList","@id":"https:\/\/chemgramx.com\/product\/bk-2c-b-online-bestellung\/#breadcrumb","itemListElement":[{"@type":"ListItem","position":1,"name":"Home","item":"https:\/\/chemgramx.com\/"},{"@type":"ListItem","position":2,"name":"Shop","item":"https:\/\/chemgramx.com\/shop\/"},{"@type":"ListItem","position":3,"name":"Bk-2C-B Online Bestellung"}]},{"@type":"WebSite","@id":"https:\/\/chemgramx.com\/#website","url":"https:\/\/chemgramx.com\/","name":"Chemgramx","description":"","publisher":{"@id":"https:\/\/chemgramx.com\/#organization"},"potentialAction":[{"@type":"SearchAction","target":{"@type":"EntryPoint","urlTemplate":"https:\/\/chemgramx.com\/?s={search_term_string}"},"query-input":{"@type":"PropertyValueSpecification","valueRequired":true,"valueName":"search_term_string"}}],"inLanguage":"hu"},{"@type":"Organization","@id":"https:\/\/chemgramx.com\/#organization","name":"Chemgramx","url":"https:\/\/chemgramx.com\/","logo":{"@type":"ImageObject","inLanguage":"hu","@id":"https:\/\/chemgramx.com\/#\/schema\/logo\/image\/","url":"https:\/\/chemgramx.com\/wp-content\/uploads\/2024\/10\/final-logo.png","contentUrl":"https:\/\/chemgramx.com\/wp-content\/uploads\/2024\/10\/final-logo.png","width":250,"height":48,"caption":"Chemgramx"},"image":{"@id":"https:\/\/chemgramx.com\/#\/schema\/logo\/image\/"}}]}},"_links":{"self":[{"href":"https:\/\/chemgramx.com\/hu\/wp-json\/wp\/v2\/product\/7535","targetHints":{"allow":["GET"]}}],"collection":[{"href":"https:\/\/chemgramx.com\/hu\/wp-json\/wp\/v2\/product"}],"about":[{"href":"https:\/\/chemgramx.com\/hu\/wp-json\/wp\/v2\/types\/product"}],"replies":[{"embeddable":true,"href":"https:\/\/chemgramx.com\/hu\/wp-json\/wp\/v2\/comments?post=7535"}],"wp:featuredmedia":[{"embeddable":true,"href":"https:\/\/chemgramx.com\/hu\/wp-json\/wp\/v2\/media\/7553"}],"wp:attachment":[{"href":"https:\/\/chemgramx.com\/hu\/wp-json\/wp\/v2\/media?parent=7535"}],"wp:term":[{"taxonomy":"product_brand","embeddable":true,"href":"https:\/\/chemgramx.com\/hu\/wp-json\/wp\/v2\/product_brand?post=7535"},{"taxonomy":"product_cat","embeddable":true,"href":"https:\/\/chemgramx.com\/hu\/wp-json\/wp\/v2\/product_cat?post=7535"},{"taxonomy":"product_tag","embeddable":true,"href":"https:\/\/chemgramx.com\/hu\/wp-json\/wp\/v2\/product_tag?post=7535"}],"curies":[{"name":"wp","href":"https:\/\/api.w.org\/{rel}","templated":true}]}}