{"id":7536,"date":"2025-11-21T11:18:00","date_gmt":"2025-11-21T11:18:00","guid":{"rendered":"https:\/\/chemgramx.com\/?post_type=product&#038;p=7536"},"modified":"2025-11-21T11:19:12","modified_gmt":"2025-11-21T11:19:12","slug":"bk-ebdp-online-rendeles","status":"publish","type":"product","link":"https:\/\/chemgramx.com\/hu\/product\/bk-ebdp-online-bestellung\/","title":{"rendered":"bk-EBDP online rendel\u00e9s"},"content":{"rendered":"<h2>V\u00e1s\u00e1rl\u00e1s val\u00f3di vagy hamis bk-EBDP online<\/h2>\n<p>A bk-EBDP egy nagy tisztas\u00e1g\u00fa szintetikus anyag, amelyet a tudom\u00e1nyos kutat\u00e1sban haszn\u00e1lnak a k\u00e9miai reakci\u00f3k \u00e9s a farmakol\u00f3giai folyamatok m\u00e9lyebb megismer\u00e9s\u00e9re. A kutat\u00f3k, akik <a href=\"https:\/\/chemgramx.com\/product\/bk-ebdp\/\">Online v\u00e1s\u00e1rl\u00e1s bk-EBDP<\/a> megb\u00edzhat annak stabilit\u00e1s\u00e1ban \u00e9s min\u0151s\u00e9g\u00e9ben. Ez teszi \u00e9rt\u00e9kes forr\u00e1ss\u00e1 a k\u00e9miai tulajdons\u00e1gok \u00e9s biol\u00f3giai k\u00f6lcs\u00f6nhat\u00e1sok prec\u00edz vizsg\u00e1lat\u00e1hoz ellen\u0151rz\u00f6tt laborat\u00f3riumi k\u00f6rnyezetben.<\/p>\n<h3>Mi\u00e9rt v\u00e1s\u00e1roljon bk-EBDP-t online?<\/h3>\n<p>A tud\u00f3sok igazit vagy hamis\u00edtv\u00e1nyt v\u00e1s\u00e1rolnak <a href=\"https:\/\/en.wikipedia.org\/wiki\/N-Ethylpentylone\">bk-EBDP<\/a>, a biol\u00f3giai rendszerekre gyakorolt hat\u00e1sok elemz\u00e9se \u00e9s \u00faj ter\u00e1pi\u00e1s megk\u00f6zel\u00edt\u00e9sek kutat\u00e1sa. Ez a vegy\u00fclet kulcsfontoss\u00e1g\u00fa a gy\u00f3gyszerkutat\u00e1sban \u00e9s a receptor k\u00f6lcs\u00f6nhat\u00e1sok tanulm\u00e1nyoz\u00e1s\u00e1ban, \u00e9s \u00e9rt\u00e9kes adatokat szolg\u00e1ltat az \u00faj gy\u00f3gyszerek kifejleszt\u00e9s\u00e9hez. Ak\u00e1r bk-EBDP-t szeretne v\u00e1s\u00e1rolni, ak\u00e1r val\u00f3di vagy hamis bk-EBDP-t szeretne rendelni, platformunk biztons\u00e1gos \u00e9s megb\u00edzhat\u00f3 lehet\u0151s\u00e9get k\u00edn\u00e1l \u00d6nnek.<\/p>\n<h3>Alkalmaz\u00e1s \u00e9s biztons\u00e1g<\/h3>\n<p>Mint minden k\u00e9miai kutat\u00e1si term\u00e9k, a bk-EBDP is kiz\u00e1r\u00f3lag k\u00e9pzett szakemberek \u00e9s tudom\u00e1nyos kutat\u00f3k \u00e1ltali haszn\u00e1latra szolg\u00e1l. Emberi fogyaszt\u00e1sra nem sz\u00e1nt\u00e1k. A bk-EBDP online rendel\u00e9sekor a laborat\u00f3riumi biztons\u00e1gi el\u0151\u00edr\u00e1soknak megfelel\u0151 biztons\u00e1gos kezel\u00e9s k\u00f6telez\u0151.<\/p>\n<h3>T\u00e1rol\u00e1si utas\u00edt\u00e1sok<\/h3>\n<p>A k\u00e9miai integrit\u00e1s meg\u0151rz\u00e9se \u00e9rdek\u00e9ben a bk-EBDP-t h\u0171v\u00f6s, sz\u00e1raz, k\u00f6zvetlen napf\u00e9nyt\u0151l v\u00e9dett helyen kell t\u00e1rolni. A megfelel\u0151 t\u00e1rol\u00e1s biztos\u00edtja a konzisztens eredm\u00e9nyeket \u00e9s fenntartja a vegy\u00fclet stabilit\u00e1s\u00e1t.<\/p>\n<h3>Jellemz\u0151k \u00e9s el\u0151ny\u00f6k<\/h3>\n<ul>\n<li>Nagy tisztas\u00e1g: Pontos \u00e9s megb\u00edzhat\u00f3 kutat\u00e1si eredm\u00e9nyeket biztos\u00edt.<\/li>\n<li>Stabilit\u00e1s: Ide\u00e1lis hossz\u00fa t\u00e1v\u00fa vizsg\u00e1latokhoz \u00e9s k\u00e9miai k\u00eds\u00e9rletekhez.<\/li>\n<li>Szigor\u00fa min\u0151s\u00e9gellen\u0151rz\u00e9s: A val\u00f3di vagy hamis\u00edtott bk-EBDP minden egyes t\u00e9tel\u00e9t tisztas\u00e1gi \u00e9s konzisztenciavizsg\u00e1latnak vetik al\u00e1.<\/li>\n<li>Kiz\u00e1r\u00f3lag kutat\u00e1si c\u00e9lra: emberi fogyaszt\u00e1sra nem alkalmas.<\/li>\n<\/ul>\n<h3>A bk-EBDP beszerz\u00e9si forr\u00e1sai<\/h3>\n<p>A legjobb bk-EBDP-t v\u00e1s\u00e1rolni k\u00edv\u00e1n\u00f3 kutat\u00f3k vonz\u00f3 \u00e1rakat \u00e9s rugalmas v\u00e1s\u00e1rl\u00e1si lehet\u0151s\u00e9geket tal\u00e1lnak platformunkon. Olcs\u00f3n v\u00e1s\u00e1rolhat bk-EBDP-t online, vagy v\u00e1laszthat k\u00fcl\u00f6nb\u00f6z\u0151 mennyis\u00e9gek k\u00f6z\u00fcl, hogy megfeleljen kutat\u00e1si ig\u00e9nyeinek. A bk-EBDP online rendel\u00e9se m\u00e9g soha nem volt ilyen egyszer\u0171 - biztons\u00e1gos, diszkr\u00e9t \u00e9s gyors sz\u00e1ll\u00edt\u00e1ssal.<\/p>","protected":false},"excerpt":{"rendered":"<p><strong>BK-EDBP<\/strong> egy szintetikus k\u00e9miai vegy\u00fclet, amelyet kifejezetten tudom\u00e1nyos kutat\u00e1si c\u00e9lokra fejlesztettek ki. K\u00e9miai \u00e9s farmakol\u00f3giai vizsg\u00e1latokban haszn\u00e1lj\u00e1k az anyagok tulajdons\u00e1gainak \u00e9s reakci\u00f3inak vizsg\u00e1lat\u00e1ra. Minden egyes t\u00e9telt tisztas\u00e1gi vizsg\u00e1latnak vetnek al\u00e1. Kiz\u00e1r\u00f3lag kutat\u00e1si c\u00e9lra - emberi fogyaszt\u00e1sra nem alkalmas.<\/p>","protected":false},"featured_media":7574,"comment_status":"open","ping_status":"closed","template":"","meta":{"_joinchat":[]},"product_brand":[],"product_cat":[1798],"product_tag":[2364,2370,2369,2365,2371,2368,2366,2367,2372,2182],"class_list":{"0":"post-7536","1":"product","2":"type-product","3":"status-publish","4":"has-post-thumbnail","6":"product_cat-empathogene","7":"product_tag-bk-ebdp","8":"product_tag-bk-ebdp-chemikalien","9":"product_tag-bk-ebdp-forschung","10":"product_tag-bk-ebdp-kaufen","11":"product_tag-bk-ebdp-kaufen-online","12":"product_tag-bk-ebdp-kristalle","13":"product_tag-bk-ebdp-online","14":"product_tag-bk-ebdp-pulver","15":"product_tag-forschung-bk-ebdp","16":"product_tag-synthetische-chemikalien","18":"first","19":"instock","20":"shipping-taxable","21":"purchasable","22":"product-type-variable"},"yoast_head":"<!-- This site is optimized with the Yoast SEO plugin v27.5 - https:\/\/yoast.com\/product\/yoast-seo-wordpress\/ -->\n<title>BK-EBDP online kaufen \u2013 BK-EBDP zu verkaufen | chemgramx<\/title>\n<meta name=\"description\" content=\"bk-ebdp online kaufen in unserem vertrauensw\u00fcrdigen Online-Shop f\u00fcr Produkte von h\u00f6chster Qualit\u00e4t. Kaufen Sie bk-ebdp einfach und sicher auf unserer Plattform f\u00fcr h\u00f6chste Kundenzufriedenheit. Jetzt bestellen!\" \/>\n<meta name=\"robots\" content=\"index, follow, max-snippet:-1, max-image-preview:large, max-video-preview:-1\" \/>\n<link rel=\"canonical\" href=\"https:\/\/chemgramx.com\/hu\/termek-1\/bk-ebdp-online-rendeles\/\" \/>\n<meta property=\"og:locale\" content=\"hu_HU\" \/>\n<meta property=\"og:type\" content=\"article\" \/>\n<meta property=\"og:title\" content=\"BK-EBDP online kaufen \u2013 BK-EBDP zu verkaufen | chemgramx\" \/>\n<meta property=\"og:description\" content=\"bk-ebdp online kaufen in unserem vertrauensw\u00fcrdigen Online-Shop f\u00fcr Produkte von h\u00f6chster Qualit\u00e4t. Kaufen Sie bk-ebdp einfach und sicher auf unserer Plattform f\u00fcr h\u00f6chste Kundenzufriedenheit. Jetzt bestellen!\" \/>\n<meta property=\"og:url\" content=\"https:\/\/chemgramx.com\/hu\/termek-1\/bk-ebdp-online-rendeles\/\" \/>\n<meta property=\"og:site_name\" content=\"Chemgramx\" \/>\n<meta property=\"article:modified_time\" content=\"2025-11-21T11:19:12+00:00\" \/>\n<meta property=\"og:image\" content=\"https:\/\/chemgramx.com\/wp-content\/uploads\/2025\/11\/ebdb.png\" \/>\n\t<meta property=\"og:image:width\" content=\"600\" \/>\n\t<meta property=\"og:image:height\" content=\"400\" \/>\n\t<meta property=\"og:image:type\" content=\"image\/png\" \/>\n<meta name=\"twitter:card\" content=\"summary_large_image\" \/>\n<meta name=\"twitter:label1\" content=\"Becs\u00fclt olvas\u00e1si id\u0151\" \/>\n\t<meta name=\"twitter:data1\" content=\"2 perc\" \/>\n<script type=\"application\/ld+json\" class=\"yoast-schema-graph\">{\"@context\":\"https:\\\/\\\/schema.org\",\"@graph\":[{\"@type\":\"WebPage\",\"@id\":\"https:\\\/\\\/chemgramx.com\\\/product\\\/bk-ebdp-online-bestellung\\\/\",\"url\":\"https:\\\/\\\/chemgramx.com\\\/product\\\/bk-ebdp-online-bestellung\\\/\",\"name\":\"BK-EBDP online kaufen \u2013 BK-EBDP zu verkaufen | chemgramx\",\"isPartOf\":{\"@id\":\"https:\\\/\\\/chemgramx.com\\\/#website\"},\"primaryImageOfPage\":{\"@id\":\"https:\\\/\\\/chemgramx.com\\\/product\\\/bk-ebdp-online-bestellung\\\/#primaryimage\"},\"image\":{\"@id\":\"https:\\\/\\\/chemgramx.com\\\/product\\\/bk-ebdp-online-bestellung\\\/#primaryimage\"},\"thumbnailUrl\":\"https:\\\/\\\/chemgramx.com\\\/wp-content\\\/uploads\\\/2025\\\/11\\\/ebdb.png\",\"datePublished\":\"2025-11-21T11:18:00+00:00\",\"dateModified\":\"2025-11-21T11:19:12+00:00\",\"description\":\"bk-ebdp online kaufen in unserem vertrauensw\u00fcrdigen Online-Shop f\u00fcr Produkte von h\u00f6chster Qualit\u00e4t. Kaufen Sie bk-ebdp einfach und sicher auf unserer Plattform f\u00fcr h\u00f6chste Kundenzufriedenheit. Jetzt bestellen!\",\"breadcrumb\":{\"@id\":\"https:\\\/\\\/chemgramx.com\\\/product\\\/bk-ebdp-online-bestellung\\\/#breadcrumb\"},\"inLanguage\":\"hu\",\"potentialAction\":[{\"@type\":\"ReadAction\",\"target\":[\"https:\\\/\\\/chemgramx.com\\\/product\\\/bk-ebdp-online-bestellung\\\/\"]}]},{\"@type\":\"ImageObject\",\"inLanguage\":\"hu\",\"@id\":\"https:\\\/\\\/chemgramx.com\\\/product\\\/bk-ebdp-online-bestellung\\\/#primaryimage\",\"url\":\"https:\\\/\\\/chemgramx.com\\\/wp-content\\\/uploads\\\/2025\\\/11\\\/ebdb.png\",\"contentUrl\":\"https:\\\/\\\/chemgramx.com\\\/wp-content\\\/uploads\\\/2025\\\/11\\\/ebdb.png\",\"width\":600,\"height\":400},{\"@type\":\"BreadcrumbList\",\"@id\":\"https:\\\/\\\/chemgramx.com\\\/product\\\/bk-ebdp-online-bestellung\\\/#breadcrumb\",\"itemListElement\":[{\"@type\":\"ListItem\",\"position\":1,\"name\":\"Home\",\"item\":\"https:\\\/\\\/chemgramx.com\\\/\"},{\"@type\":\"ListItem\",\"position\":2,\"name\":\"Shop\",\"item\":\"https:\\\/\\\/chemgramx.com\\\/shop\\\/\"},{\"@type\":\"ListItem\",\"position\":3,\"name\":\"bk-EBDP Online Bestellung\"}]},{\"@type\":\"WebSite\",\"@id\":\"https:\\\/\\\/chemgramx.com\\\/#website\",\"url\":\"https:\\\/\\\/chemgramx.com\\\/\",\"name\":\"Chemgramx\",\"description\":\"\",\"publisher\":{\"@id\":\"https:\\\/\\\/chemgramx.com\\\/#organization\"},\"potentialAction\":[{\"@type\":\"SearchAction\",\"target\":{\"@type\":\"EntryPoint\",\"urlTemplate\":\"https:\\\/\\\/chemgramx.com\\\/?s={search_term_string}\"},\"query-input\":{\"@type\":\"PropertyValueSpecification\",\"valueRequired\":true,\"valueName\":\"search_term_string\"}}],\"inLanguage\":\"hu\"},{\"@type\":\"Organization\",\"@id\":\"https:\\\/\\\/chemgramx.com\\\/#organization\",\"name\":\"Chemgramx\",\"url\":\"https:\\\/\\\/chemgramx.com\\\/\",\"logo\":{\"@type\":\"ImageObject\",\"inLanguage\":\"hu\",\"@id\":\"https:\\\/\\\/chemgramx.com\\\/#\\\/schema\\\/logo\\\/image\\\/\",\"url\":\"https:\\\/\\\/chemgramx.com\\\/wp-content\\\/uploads\\\/2024\\\/10\\\/final-logo.png\",\"contentUrl\":\"https:\\\/\\\/chemgramx.com\\\/wp-content\\\/uploads\\\/2024\\\/10\\\/final-logo.png\",\"width\":250,\"height\":48,\"caption\":\"Chemgramx\"},\"image\":{\"@id\":\"https:\\\/\\\/chemgramx.com\\\/#\\\/schema\\\/logo\\\/image\\\/\"}}]}<\/script>\n<!-- \/ Yoast SEO plugin. -->","yoast_head_json":{"title":"BK-EBDP v\u00e1s\u00e1rl\u00e1sa online \u2013 BK-EBDP elad\u00f3 | chemgramx","description":"V\u00e1s\u00e1roljon bk-ebdp term\u00e9keket online megb\u00edzhat\u00f3 online \u00e1ruh\u00e1zunkban a legmagasabb min\u0151s\u00e9g\u0171 term\u00e9kek\u00e9rt. V\u00e1s\u00e1roljon bk-ebdp term\u00e9keket egyszer\u0171en \u00e9s biztons\u00e1gosan platformunkon a maxim\u00e1lis \u00fcgyf\u00e9l-el\u00e9gedetts\u00e9g \u00e9rdek\u00e9ben. Rendelje meg most!","robots":{"index":"index","follow":"follow","max-snippet":"max-snippet:-1","max-image-preview":"max-image-preview:large","max-video-preview":"max-video-preview:-1"},"canonical":"https:\/\/chemgramx.com\/hu\/termek-1\/bk-ebdp-online-rendeles\/","og_locale":"hu_HU","og_type":"article","og_title":"BK-EBDP online kaufen \u2013 BK-EBDP zu verkaufen | chemgramx","og_description":"bk-ebdp online kaufen in unserem vertrauensw\u00fcrdigen Online-Shop f\u00fcr Produkte von h\u00f6chster Qualit\u00e4t. Kaufen Sie bk-ebdp einfach und sicher auf unserer Plattform f\u00fcr h\u00f6chste Kundenzufriedenheit. Jetzt bestellen!","og_url":"https:\/\/chemgramx.com\/hu\/termek-1\/bk-ebdp-online-rendeles\/","og_site_name":"Chemgramx","article_modified_time":"2025-11-21T11:19:12+00:00","og_image":[{"width":600,"height":400,"url":"https:\/\/chemgramx.com\/wp-content\/uploads\/2025\/11\/ebdb.png","type":"image\/png"}],"twitter_card":"summary_large_image","twitter_misc":{"Becs\u00fclt olvas\u00e1si id\u0151":"2 perc"},"schema":{"@context":"https:\/\/schema.org","@graph":[{"@type":"WebPage","@id":"https:\/\/chemgramx.com\/product\/bk-ebdp-online-bestellung\/","url":"https:\/\/chemgramx.com\/product\/bk-ebdp-online-bestellung\/","name":"BK-EBDP v\u00e1s\u00e1rl\u00e1sa online \u2013 BK-EBDP elad\u00f3 | chemgramx","isPartOf":{"@id":"https:\/\/chemgramx.com\/#website"},"primaryImageOfPage":{"@id":"https:\/\/chemgramx.com\/product\/bk-ebdp-online-bestellung\/#primaryimage"},"image":{"@id":"https:\/\/chemgramx.com\/product\/bk-ebdp-online-bestellung\/#primaryimage"},"thumbnailUrl":"https:\/\/chemgramx.com\/wp-content\/uploads\/2025\/11\/ebdb.png","datePublished":"2025-11-21T11:18:00+00:00","dateModified":"2025-11-21T11:19:12+00:00","description":"V\u00e1s\u00e1roljon bk-ebdp term\u00e9keket online megb\u00edzhat\u00f3 online \u00e1ruh\u00e1zunkban a legmagasabb min\u0151s\u00e9g\u0171 term\u00e9kek\u00e9rt. V\u00e1s\u00e1roljon bk-ebdp term\u00e9keket egyszer\u0171en \u00e9s biztons\u00e1gosan platformunkon a maxim\u00e1lis \u00fcgyf\u00e9l-el\u00e9gedetts\u00e9g \u00e9rdek\u00e9ben. Rendelje meg most!","breadcrumb":{"@id":"https:\/\/chemgramx.com\/product\/bk-ebdp-online-bestellung\/#breadcrumb"},"inLanguage":"hu","potentialAction":[{"@type":"ReadAction","target":["https:\/\/chemgramx.com\/product\/bk-ebdp-online-bestellung\/"]}]},{"@type":"ImageObject","inLanguage":"hu","@id":"https:\/\/chemgramx.com\/product\/bk-ebdp-online-bestellung\/#primaryimage","url":"https:\/\/chemgramx.com\/wp-content\/uploads\/2025\/11\/ebdb.png","contentUrl":"https:\/\/chemgramx.com\/wp-content\/uploads\/2025\/11\/ebdb.png","width":600,"height":400},{"@type":"BreadcrumbList","@id":"https:\/\/chemgramx.com\/product\/bk-ebdp-online-bestellung\/#breadcrumb","itemListElement":[{"@type":"ListItem","position":1,"name":"Home","item":"https:\/\/chemgramx.com\/"},{"@type":"ListItem","position":2,"name":"Shop","item":"https:\/\/chemgramx.com\/shop\/"},{"@type":"ListItem","position":3,"name":"bk-EBDP Online Bestellung"}]},{"@type":"WebSite","@id":"https:\/\/chemgramx.com\/#website","url":"https:\/\/chemgramx.com\/","name":"Chemgramx","description":"","publisher":{"@id":"https:\/\/chemgramx.com\/#organization"},"potentialAction":[{"@type":"SearchAction","target":{"@type":"EntryPoint","urlTemplate":"https:\/\/chemgramx.com\/?s={search_term_string}"},"query-input":{"@type":"PropertyValueSpecification","valueRequired":true,"valueName":"search_term_string"}}],"inLanguage":"hu"},{"@type":"Organization","@id":"https:\/\/chemgramx.com\/#organization","name":"Chemgramx","url":"https:\/\/chemgramx.com\/","logo":{"@type":"ImageObject","inLanguage":"hu","@id":"https:\/\/chemgramx.com\/#\/schema\/logo\/image\/","url":"https:\/\/chemgramx.com\/wp-content\/uploads\/2024\/10\/final-logo.png","contentUrl":"https:\/\/chemgramx.com\/wp-content\/uploads\/2024\/10\/final-logo.png","width":250,"height":48,"caption":"Chemgramx"},"image":{"@id":"https:\/\/chemgramx.com\/#\/schema\/logo\/image\/"}}]}},"_links":{"self":[{"href":"https:\/\/chemgramx.com\/hu\/wp-json\/wp\/v2\/product\/7536","targetHints":{"allow":["GET"]}}],"collection":[{"href":"https:\/\/chemgramx.com\/hu\/wp-json\/wp\/v2\/product"}],"about":[{"href":"https:\/\/chemgramx.com\/hu\/wp-json\/wp\/v2\/types\/product"}],"replies":[{"embeddable":true,"href":"https:\/\/chemgramx.com\/hu\/wp-json\/wp\/v2\/comments?post=7536"}],"wp:featuredmedia":[{"embeddable":true,"href":"https:\/\/chemgramx.com\/hu\/wp-json\/wp\/v2\/media\/7574"}],"wp:attachment":[{"href":"https:\/\/chemgramx.com\/hu\/wp-json\/wp\/v2\/media?parent=7536"}],"wp:term":[{"taxonomy":"product_brand","embeddable":true,"href":"https:\/\/chemgramx.com\/hu\/wp-json\/wp\/v2\/product_brand?post=7536"},{"taxonomy":"product_cat","embeddable":true,"href":"https:\/\/chemgramx.com\/hu\/wp-json\/wp\/v2\/product_cat?post=7536"},{"taxonomy":"product_tag","embeddable":true,"href":"https:\/\/chemgramx.com\/hu\/wp-json\/wp\/v2\/product_tag?post=7536"}],"curies":[{"name":"wp","href":"https:\/\/api.w.org\/{rel}","templated":true}]}}