{"id":7599,"date":"2025-11-21T11:18:50","date_gmt":"2025-11-21T11:18:50","guid":{"rendered":"https:\/\/chemgramx.com\/?post_type=product&#038;p=7599"},"modified":"2025-11-21T11:19:55","modified_gmt":"2025-11-21T11:19:55","slug":"1p-lsd-1-propionyl-lysergsaeurediethylamid-online-kaufen","status":"publish","type":"product","link":"https:\/\/chemgramx.com\/hu\/product\/1p-lsd-1-propionyl-lysergsaeurediethylamid-online-kaufen\/","title":{"rendered":"1P-LSD (1-propionil-lizergsav-dietilamid) online v\u00e1s\u00e1rl\u00e1s"},"content":{"rendered":"<p data-start=\"295\" data-end=\"867\">Az 1P-LSD (1-propionil-lizergsav-dietilamid) online v\u00e1s\u00e1rl\u00e1s egy szintetikus pszichedelikus szer, amely szerkezetileg szorosan kapcsol\u00f3dik az LSD-hez (lizergsav-dietilamid). Az LSD-vel val\u00f3 hasonl\u00f3s\u00e1ga miatt <a href=\"https:\/\/chemgramx.com\/product\/1p-lsd-1-propionyl-lysergsaurediethylamid\/\">1P-LSD online v\u00e1s\u00e1rl\u00e1sa<\/a> Az 1P-LSD-t gyakran haszn\u00e1lj\u00e1k a kutat\u00e1sban a pszichedelikus szerek agyra gyakorolt hat\u00e1sainak tanulm\u00e1nyoz\u00e1s\u00e1ra - k\u00fcl\u00f6n\u00f6sen az \u00e9rz\u00e9kel\u00e9s, a tudatoss\u00e1g \u00e9s az idegtudom\u00e1nyok tekintet\u00e9ben. Bevezet\u00e9se \u00f3ta az 1P-LSD felkeltette a tud\u00f3sok \u00e9s vegy\u00e9szek \u00e9rdekl\u0151d\u00e9s\u00e9t, mivel \u00e9rt\u00e9kes kieg\u00e9sz\u00edt\u0151je a pszichedelikus tanulm\u00e1nyoknak.<\/p>\n<h2 data-start=\"869\" data-end=\"889\">Mi az 1P-LSD?<\/h2>\n<p data-start=\"891\" data-end=\"1326\"><a href=\"https:\/\/en.wikipedia.org\/wiki\/1P-LSD\">1P-LSD<\/a> egy lizergamid-sz\u00e1rmaz\u00e9k, amelyet az LSD el\u0151drogj\u00e1nak tekintenek. Ez azt jelenti, hogy a szervezetben LSD-v\u00e9 alak\u00edthat\u00f3, ami nagyon hasonl\u00f3 pszichedelikus hat\u00e1sokat eredm\u00e9nyez. A kutat\u00f3k laborat\u00f3riumban haszn\u00e1lj\u00e1k a szerotoninreceptor-aktiv\u00e1ci\u00f3 \u00e9s a neurotranszmitter-v\u00e1laszok hat\u00e1sainak vizsg\u00e1lat\u00e1ra. Ezek a tanulm\u00e1nyok seg\u00edtenek m\u00e9lyebb betekint\u00e9st nyerni abba, hogyan m\u0171k\u00f6dik az agy a pszichedelikumok hat\u00e1sa alatt.<\/p>\n<h2 data-start=\"1328\" data-end=\"1353\">Kutat\u00e1s 1P-LSD-vel<\/h2>\n<p data-start=\"1355\" data-end=\"1839\">A tudom\u00e1nyos k\u00f6z\u00f6ss\u00e9gben az 1P-LSD-t az\u00e9rt \u00e9rt\u00e9kelik, mert k\u00e9pes megv\u00e1ltoztatni a tudatot \u00e9s az \u00e9rz\u00e9kel\u00e9st an\u00e9lk\u00fcl, hogy teljesen lem\u00e1soln\u00e1 az LSD intenzit\u00e1s\u00e1t. Ez \u00e9rt\u00e9kes eszk\u00f6zz\u00e9 teszi a megv\u00e1ltozott tudat\u00e1llapotok m\u00f6g\u00f6tt \u00e1ll\u00f3 pszichol\u00f3giai \u00e9s neurol\u00f3giai mechanizmusok meg\u00e9rt\u00e9s\u00e9hez. A kutat\u00f3k a pszichedelikumok lehets\u00e9ges ter\u00e1pi\u00e1s alkalmaz\u00e1sait is elemzik, p\u00e9ld\u00e1ul a szorong\u00e1s, a depresszi\u00f3 \u00e9s a poszttraum\u00e1s stressz szindr\u00f3ma kezel\u00e9s\u00e9t.<\/p>\n<h2 data-start=\"1841\" data-end=\"1866\">Mi\u00e9rt v\u00e1lassza az 1P-LSD-t?<\/h2>\n<p data-start=\"1868\" data-end=\"2214\">Az 1P-LSD online v\u00e1s\u00e1rl\u00e1s az LSD-hez hasonl\u00f3 hat\u00e1sokat biztos\u00edt, de k\u00fcl\u00f6n\u00f6sen \u00e9rdekes kutat\u00e1si c\u00e9lokra a szerkezeti k\u00fcl\u00f6nbs\u00e9gek \u00e9s a prodrug jelleg miatt. A tud\u00f3sok arra haszn\u00e1lj\u00e1k, hogy t\u00f6bbet tudjanak meg a neurotranszmitter-aktivit\u00e1sr\u00f3l \u00e9s a szerotonin-rendszer reakci\u00f3ir\u00f3l, amelyek a pszichedelikus \u00e9lm\u00e9ny\u00e9rt felel\u0151sek.<\/p>\n<h2 data-start=\"2216\" data-end=\"2264\">Az 1P-LSD ChemGramX-t\u0151l t\u00f6rt\u00e9n\u0151 v\u00e1s\u00e1rl\u00e1s\u00e1nak el\u0151nyei<\/h2>\n<ul data-start=\"2266\" data-end=\"2503\">\n<li data-start=\"2266\" data-end=\"2333\">\n<p data-start=\"2268\" data-end=\"2333\">Laborat\u00f3riumban tesztelt tisztas\u00e1g: Garant\u00e1lt min\u0151s\u00e9g szigor\u00fa tesztel\u00e9ssel<\/p>\n<\/li>\n<li data-start=\"2334\" data-end=\"2401\">\n<p data-start=\"2336\" data-end=\"2401\">Gyors \u00e9s diszkr\u00e9t sz\u00e1ll\u00edt\u00e1s: Megb\u00edzhat\u00f3 sz\u00e1ll\u00edt\u00e1s vil\u00e1gszerte<\/p>\n<\/li>\n<li data-start=\"2402\" data-end=\"2503\">\n<p data-start=\"2404\" data-end=\"2503\">Ide\u00e1lis eszk\u00f6z a kutat\u00e1shoz: T\u00f6k\u00e9letes a pszichedelikus hat\u00e1sok tudom\u00e1nyos vizsg\u00e1lat\u00e1hoz<\/p>\n<\/li>\n<\/ul>\n<p data-start=\"2505\" data-end=\"2682\">Ha a legjobb helyet keresi az 1P-LSD online v\u00e1s\u00e1rl\u00e1s\u00e1hoz, akkor olyan ellen\u0151rz\u00f6tt kiskeresked\u0151kre kell hagyatkoznia, amelyek \u00e1tl\u00e1that\u00f3 inform\u00e1ci\u00f3kat, COA-kat \u00e9s tisztess\u00e9ges 1P-LSD \u00e1rakat k\u00edn\u00e1lnak.<\/p>\n<h2 data-start=\"2684\" data-end=\"2715\">Az 1P-LSD biztons\u00e1gos kezel\u00e9se<\/h2>\n<p data-start=\"2717\" data-end=\"2876\">Mivel az elad\u00f3 1P-LSD egy kutat\u00e1si vegyi anyag, csak ellen\u0151rz\u00f6tt laborat\u00f3riumi k\u00f6r\u00fclm\u00e9nyek k\u00f6z\u00f6tt haszn\u00e1lhat\u00f3. Fontos:<\/p>\n<ul data-start=\"2878\" data-end=\"3029\">\n<li data-start=\"2878\" data-end=\"2916\">\n<p data-start=\"2880\" data-end=\"2916\">Kiz\u00e1r\u00f3lag kutat\u00e1si c\u00e9lokra haszn\u00e1lhat\u00f3<\/p>\n<\/li>\n<li data-start=\"2966\" data-end=\"3029\">\n<p data-start=\"2968\" data-end=\"3029\">Tartsa be a v\u00e9d\u0151int\u00e9zked\u00e9seket a k\u00f6zvetlen \u00e9rintkez\u00e9s elker\u00fcl\u00e9se \u00e9rdek\u00e9ben<\/p>\n<\/li>\n<\/ul>\n<h2 data-start=\"3031\" data-end=\"3072\">Rendeljen 1P-LSD-t most a ChemGramX-t\u0151l<\/h2>\n<p data-start=\"3074\" data-end=\"3275\">K\u00e9szen \u00e1llsz arra, hogy az 1P-LSD-t haszn\u00e1ld tudom\u00e1nyos tanulm\u00e1nyaidhoz? Akkor a ChemGramX a legjobb hely az 1P-LSD online v\u00e1s\u00e1rl\u00e1s\u00e1hoz - gyors sz\u00e1ll\u00edt\u00e1ssal, ellen\u0151rz\u00f6tt tisztas\u00e1ggal \u00e9s tisztess\u00e9ges felt\u00e9telekkel.<\/p>\n<h2 data-start=\"3277\" data-end=\"3288\">K\u00f6vetkeztet\u00e9s<\/h2>\n<p data-start=\"3290\" data-end=\"3549\">Ha azt fontolgatja, hogy hol v\u00e1s\u00e1roljon 1P-LSD-t, akkor j\u00f3 h\u00edr\u0171 forr\u00e1sokra kell hagyatkoznia. A ChemGramX ellen\u0151rz\u00f6tt min\u0151s\u00e9get, biztons\u00e1gos rendel\u00e9st \u00e9s \u00e1tl\u00e1that\u00f3 t\u00e1j\u00e9koztat\u00e1st k\u00edn\u00e1l \u00d6nnek. Ez teszi az 1P-LSD leg\u00e1lis online v\u00e1s\u00e1rl\u00e1s\u00e1t biztons\u00e1goss\u00e1 \u00e9s megb\u00edzhat\u00f3v\u00e1.<\/p>\n<p data-start=\"3551\" data-end=\"3647\">V\u00e1s\u00e1roljon 1P-LSD-t online most, \u00e9s \u00e9lvezze a legnagyobb tisztas\u00e1g\u00fa anyagot kutat\u00e1si projektjeihez.<\/p>","protected":false},"excerpt":{"rendered":"<p><strong>1P-LSD (1-Propionyl-Lysergs\u00e4urediethylamid)<\/strong> ist ein psychoaktives Tryptamin-Derivat, das strukturell mit LSD (Lysergs\u00e4urediethylamid) verwandt ist. Es geh\u00f6rt zur Klasse der sogenannten Forschungschemikalien und wird oft als Prodrug von LSD betrachtet, was bedeutet, dass es im K\u00f6rper in LSD umgewandelt wird und \u00e4hnliche psychedelische Effekte erzeugt.<\/p>\n<h3>Chemische Struktur und Formel<\/h3>\n<ul>\n<li><strong>Chemische Formel:<\/strong> C\u2081\u2086H\u2082\u2081N\u2083O<\/li>\n<li><strong>IUPAC-Name:<\/strong> (6aR,9R)-N,N-Diethyl-7-propanoyl-4,6,6a,7,8,9-hexahydroindolo[4,3-fg]quinoline-9-carboxamide<\/li>\n<li><strong>CAS-Nummer:<\/strong> 22536-46-1<\/li>\n<\/ul>\n","protected":false},"featured_media":7607,"comment_status":"open","ping_status":"closed","template":"","meta":{"_joinchat":[]},"product_brand":[],"product_cat":[96],"product_tag":[180,179,200,208,201,191,202,196,192,199,197,206,190,195,189,203,194,198,193,204,207,181,188,186,187,183,184,185,182,205],"class_list":{"0":"post-7599","1":"product","2":"type-product","3":"status-publish","4":"has-post-thumbnail","6":"product_cat-psychedelische-droge","7":"product_tag-1-propionyl-lysergsaurediethylamid","8":"product_tag-1p-lsd","9":"product_tag-1p-lsd-als-chemisches-referenzmaterial","10":"product_tag-1p-lsd-analyse","11":"product_tag-1p-lsd-beschaffungsrichtlinien","12":"product_tag-1p-lsd-fur-forschung","13":"product_tag-1p-lsd-fur-industrielle-anwendungen","14":"product_tag-1p-lsd-fur-laboranwendungen","15":"product_tag-1p-lsd-fur-wissenschaftliche-studien","16":"product_tag-1p-lsd-gesetzliche-vorschriften","17":"product_tag-1p-lsd-groshandelslieferung","18":"product_tag-1p-lsd-im-wissenschaftlichen-bereich","19":"product_tag-1p-lsd-kaufen","20":"product_tag-1p-lsd-lagerung-und-handhabung","21":"product_tag-1p-lsd-lieferant","22":"product_tag-1p-lsd-marktanalyse","23":"product_tag-1p-lsd-preis-und-verfugbarkeit","24":"product_tag-1p-lsd-risiken-und-gefahren","25":"product_tag-1p-lsd-sicherheitsrichtlinien","26":"product_tag-1p-lsd-verfugbarkeit","27":"product_tag-1p-lsd-vertrieb","28":"product_tag-chemische-formel-1p-lsd","29":"product_tag-forschungschemikalien","30":"product_tag-nebenwirkungen-1p-lsd","31":"product_tag-psychedelische-substanzen","32":"product_tag-rechtlicher-status-1p-lsd","33":"product_tag-risiken-1p-lsd","34":"product_tag-vergleich-1p-lsd-und-lsd","35":"product_tag-wirkungen-von-1p-lsd","36":"product_tag-wo-1p-lsd-kaufen","38":"first","39":"instock","40":"shipping-taxable","41":"purchasable","42":"product-type-variable"},"yoast_head":"<!-- This site is optimized with the Yoast SEO plugin v27.5 - https:\/\/yoast.com\/product\/yoast-seo-wordpress\/ -->\n<title>1P-LSD (1-Propionyl-Lysergs\u00e4urediethylamid) online kaufen<\/title>\n<meta name=\"description\" content=\"Wenn Sie 1P-LSD (1-Propionyl-Lysergs\u00e4urediethylamid) online kaufen m\u00f6chten und nach einem zuverl\u00e4ssigen Online-Shop suchen, dann kaufen Sie hier. Wir bieten nur hochwertiges 1P-LSD zu einem erschwinglichen Preis zum Verkauf an. Bestellen Sie 1P-LSD jetzt!\" \/>\n<meta name=\"robots\" content=\"index, follow, max-snippet:-1, max-image-preview:large, max-video-preview:-1\" \/>\n<link rel=\"canonical\" href=\"https:\/\/chemgramx.com\/hu\/termek-1\/1p-lsd-1-propionyl-lysergsaeurediethylamid-online-kaufen\/\" \/>\n<meta property=\"og:locale\" content=\"hu_HU\" \/>\n<meta property=\"og:type\" content=\"article\" \/>\n<meta property=\"og:title\" content=\"1P-LSD (1-Propionyl-Lysergs\u00e4urediethylamid) online kaufen\" \/>\n<meta property=\"og:description\" content=\"Wenn Sie 1P-LSD (1-Propionyl-Lysergs\u00e4urediethylamid) online kaufen m\u00f6chten und nach einem zuverl\u00e4ssigen Online-Shop suchen, dann kaufen Sie hier. Wir bieten nur hochwertiges 1P-LSD zu einem erschwinglichen Preis zum Verkauf an. Bestellen Sie 1P-LSD jetzt!\" \/>\n<meta property=\"og:url\" content=\"https:\/\/chemgramx.com\/hu\/termek-1\/1p-lsd-1-propionyl-lysergsaeurediethylamid-online-kaufen\/\" \/>\n<meta property=\"og:site_name\" content=\"Chemgramx\" \/>\n<meta property=\"article:modified_time\" content=\"2025-11-21T11:19:55+00:00\" \/>\n<meta property=\"og:image\" content=\"https:\/\/chemgramx.com\/wp-content\/uploads\/2025\/11\/1P-LSD-kaufen.jpg\" \/>\n\t<meta property=\"og:image:width\" content=\"350\" \/>\n\t<meta property=\"og:image:height\" content=\"350\" \/>\n\t<meta property=\"og:image:type\" content=\"image\/jpeg\" \/>\n<meta name=\"twitter:card\" content=\"summary_large_image\" \/>\n<meta name=\"twitter:label1\" content=\"Becs\u00fclt olvas\u00e1si id\u0151\" \/>\n\t<meta name=\"twitter:data1\" content=\"3 perc\" \/>\n<script type=\"application\/ld+json\" class=\"yoast-schema-graph\">{\"@context\":\"https:\\\/\\\/schema.org\",\"@graph\":[{\"@type\":\"WebPage\",\"@id\":\"https:\\\/\\\/chemgramx.com\\\/product\\\/1p-lsd-1-propionyl-lysergsaeurediethylamid-online-kaufen\\\/\",\"url\":\"https:\\\/\\\/chemgramx.com\\\/product\\\/1p-lsd-1-propionyl-lysergsaeurediethylamid-online-kaufen\\\/\",\"name\":\"1P-LSD (1-Propionyl-Lysergs\u00e4urediethylamid) online kaufen\",\"isPartOf\":{\"@id\":\"https:\\\/\\\/chemgramx.com\\\/#website\"},\"primaryImageOfPage\":{\"@id\":\"https:\\\/\\\/chemgramx.com\\\/product\\\/1p-lsd-1-propionyl-lysergsaeurediethylamid-online-kaufen\\\/#primaryimage\"},\"image\":{\"@id\":\"https:\\\/\\\/chemgramx.com\\\/product\\\/1p-lsd-1-propionyl-lysergsaeurediethylamid-online-kaufen\\\/#primaryimage\"},\"thumbnailUrl\":\"https:\\\/\\\/chemgramx.com\\\/wp-content\\\/uploads\\\/2025\\\/11\\\/1P-LSD-kaufen.jpg\",\"datePublished\":\"2025-11-21T11:18:50+00:00\",\"dateModified\":\"2025-11-21T11:19:55+00:00\",\"description\":\"Wenn Sie 1P-LSD (1-Propionyl-Lysergs\u00e4urediethylamid) online kaufen m\u00f6chten und nach einem zuverl\u00e4ssigen Online-Shop suchen, dann kaufen Sie hier. Wir bieten nur hochwertiges 1P-LSD zu einem erschwinglichen Preis zum Verkauf an. Bestellen Sie 1P-LSD jetzt!\",\"breadcrumb\":{\"@id\":\"https:\\\/\\\/chemgramx.com\\\/product\\\/1p-lsd-1-propionyl-lysergsaeurediethylamid-online-kaufen\\\/#breadcrumb\"},\"inLanguage\":\"hu\",\"potentialAction\":[{\"@type\":\"ReadAction\",\"target\":[\"https:\\\/\\\/chemgramx.com\\\/product\\\/1p-lsd-1-propionyl-lysergsaeurediethylamid-online-kaufen\\\/\"]}]},{\"@type\":\"ImageObject\",\"inLanguage\":\"hu\",\"@id\":\"https:\\\/\\\/chemgramx.com\\\/product\\\/1p-lsd-1-propionyl-lysergsaeurediethylamid-online-kaufen\\\/#primaryimage\",\"url\":\"https:\\\/\\\/chemgramx.com\\\/wp-content\\\/uploads\\\/2025\\\/11\\\/1P-LSD-kaufen.jpg\",\"contentUrl\":\"https:\\\/\\\/chemgramx.com\\\/wp-content\\\/uploads\\\/2025\\\/11\\\/1P-LSD-kaufen.jpg\",\"width\":350,\"height\":350},{\"@type\":\"BreadcrumbList\",\"@id\":\"https:\\\/\\\/chemgramx.com\\\/product\\\/1p-lsd-1-propionyl-lysergsaeurediethylamid-online-kaufen\\\/#breadcrumb\",\"itemListElement\":[{\"@type\":\"ListItem\",\"position\":1,\"name\":\"Home\",\"item\":\"https:\\\/\\\/chemgramx.com\\\/\"},{\"@type\":\"ListItem\",\"position\":2,\"name\":\"Shop\",\"item\":\"https:\\\/\\\/chemgramx.com\\\/shop\\\/\"},{\"@type\":\"ListItem\",\"position\":3,\"name\":\"1P-LSD (1-Propionyl-Lysergs\u00e4urediethylamid) Online Kaufen\"}]},{\"@type\":\"WebSite\",\"@id\":\"https:\\\/\\\/chemgramx.com\\\/#website\",\"url\":\"https:\\\/\\\/chemgramx.com\\\/\",\"name\":\"Chemgramx\",\"description\":\"\",\"publisher\":{\"@id\":\"https:\\\/\\\/chemgramx.com\\\/#organization\"},\"potentialAction\":[{\"@type\":\"SearchAction\",\"target\":{\"@type\":\"EntryPoint\",\"urlTemplate\":\"https:\\\/\\\/chemgramx.com\\\/?s={search_term_string}\"},\"query-input\":{\"@type\":\"PropertyValueSpecification\",\"valueRequired\":true,\"valueName\":\"search_term_string\"}}],\"inLanguage\":\"hu\"},{\"@type\":\"Organization\",\"@id\":\"https:\\\/\\\/chemgramx.com\\\/#organization\",\"name\":\"Chemgramx\",\"url\":\"https:\\\/\\\/chemgramx.com\\\/\",\"logo\":{\"@type\":\"ImageObject\",\"inLanguage\":\"hu\",\"@id\":\"https:\\\/\\\/chemgramx.com\\\/#\\\/schema\\\/logo\\\/image\\\/\",\"url\":\"https:\\\/\\\/chemgramx.com\\\/wp-content\\\/uploads\\\/2024\\\/10\\\/final-logo.png\",\"contentUrl\":\"https:\\\/\\\/chemgramx.com\\\/wp-content\\\/uploads\\\/2024\\\/10\\\/final-logo.png\",\"width\":250,\"height\":48,\"caption\":\"Chemgramx\"},\"image\":{\"@id\":\"https:\\\/\\\/chemgramx.com\\\/#\\\/schema\\\/logo\\\/image\\\/\"}}]}<\/script>\n<!-- \/ Yoast SEO plugin. -->","yoast_head_json":{"title":"1P-LSD (1-propionil-lizergsav-dietilamid) online v\u00e1s\u00e1rl\u00e1s","description":"Ha 1P-LSD-t (1-propionil-lizergsav-dietilamid) szeretne v\u00e1s\u00e1rolni online, \u00e9s megb\u00edzhat\u00f3 online boltot keres, akkor v\u00e1s\u00e1roljon itt. Csak kiv\u00e1l\u00f3 min\u0151s\u00e9g\u0171 1P-LSD-t k\u00edn\u00e1lunk elad\u00e1sra, megfizethet\u0151 \u00e1ron. Rendelje meg az 1P-LSD-t most!","robots":{"index":"index","follow":"follow","max-snippet":"max-snippet:-1","max-image-preview":"max-image-preview:large","max-video-preview":"max-video-preview:-1"},"canonical":"https:\/\/chemgramx.com\/hu\/termek-1\/1p-lsd-1-propionyl-lysergsaeurediethylamid-online-kaufen\/","og_locale":"hu_HU","og_type":"article","og_title":"1P-LSD (1-Propionyl-Lysergs\u00e4urediethylamid) online kaufen","og_description":"Wenn Sie 1P-LSD (1-Propionyl-Lysergs\u00e4urediethylamid) online kaufen m\u00f6chten und nach einem zuverl\u00e4ssigen Online-Shop suchen, dann kaufen Sie hier. Wir bieten nur hochwertiges 1P-LSD zu einem erschwinglichen Preis zum Verkauf an. Bestellen Sie 1P-LSD jetzt!","og_url":"https:\/\/chemgramx.com\/hu\/termek-1\/1p-lsd-1-propionyl-lysergsaeurediethylamid-online-kaufen\/","og_site_name":"Chemgramx","article_modified_time":"2025-11-21T11:19:55+00:00","og_image":[{"width":350,"height":350,"url":"https:\/\/chemgramx.com\/wp-content\/uploads\/2025\/11\/1P-LSD-kaufen.jpg","type":"image\/jpeg"}],"twitter_card":"summary_large_image","twitter_misc":{"Becs\u00fclt olvas\u00e1si id\u0151":"3 perc"},"schema":{"@context":"https:\/\/schema.org","@graph":[{"@type":"WebPage","@id":"https:\/\/chemgramx.com\/product\/1p-lsd-1-propionyl-lysergsaeurediethylamid-online-kaufen\/","url":"https:\/\/chemgramx.com\/product\/1p-lsd-1-propionyl-lysergsaeurediethylamid-online-kaufen\/","name":"1P-LSD (1-propionil-lizergsav-dietilamid) online v\u00e1s\u00e1rl\u00e1s","isPartOf":{"@id":"https:\/\/chemgramx.com\/#website"},"primaryImageOfPage":{"@id":"https:\/\/chemgramx.com\/product\/1p-lsd-1-propionyl-lysergsaeurediethylamid-online-kaufen\/#primaryimage"},"image":{"@id":"https:\/\/chemgramx.com\/product\/1p-lsd-1-propionyl-lysergsaeurediethylamid-online-kaufen\/#primaryimage"},"thumbnailUrl":"https:\/\/chemgramx.com\/wp-content\/uploads\/2025\/11\/1P-LSD-kaufen.jpg","datePublished":"2025-11-21T11:18:50+00:00","dateModified":"2025-11-21T11:19:55+00:00","description":"Ha 1P-LSD-t (1-propionil-lizergsav-dietilamid) szeretne v\u00e1s\u00e1rolni online, \u00e9s megb\u00edzhat\u00f3 online boltot keres, akkor v\u00e1s\u00e1roljon itt. Csak kiv\u00e1l\u00f3 min\u0151s\u00e9g\u0171 1P-LSD-t k\u00edn\u00e1lunk elad\u00e1sra, megfizethet\u0151 \u00e1ron. Rendelje meg az 1P-LSD-t most!","breadcrumb":{"@id":"https:\/\/chemgramx.com\/product\/1p-lsd-1-propionyl-lysergsaeurediethylamid-online-kaufen\/#breadcrumb"},"inLanguage":"hu","potentialAction":[{"@type":"ReadAction","target":["https:\/\/chemgramx.com\/product\/1p-lsd-1-propionyl-lysergsaeurediethylamid-online-kaufen\/"]}]},{"@type":"ImageObject","inLanguage":"hu","@id":"https:\/\/chemgramx.com\/product\/1p-lsd-1-propionyl-lysergsaeurediethylamid-online-kaufen\/#primaryimage","url":"https:\/\/chemgramx.com\/wp-content\/uploads\/2025\/11\/1P-LSD-kaufen.jpg","contentUrl":"https:\/\/chemgramx.com\/wp-content\/uploads\/2025\/11\/1P-LSD-kaufen.jpg","width":350,"height":350},{"@type":"BreadcrumbList","@id":"https:\/\/chemgramx.com\/product\/1p-lsd-1-propionyl-lysergsaeurediethylamid-online-kaufen\/#breadcrumb","itemListElement":[{"@type":"ListItem","position":1,"name":"Home","item":"https:\/\/chemgramx.com\/"},{"@type":"ListItem","position":2,"name":"Shop","item":"https:\/\/chemgramx.com\/shop\/"},{"@type":"ListItem","position":3,"name":"1P-LSD (1-Propionyl-Lysergs\u00e4urediethylamid) Online Kaufen"}]},{"@type":"WebSite","@id":"https:\/\/chemgramx.com\/#website","url":"https:\/\/chemgramx.com\/","name":"Chemgramx","description":"","publisher":{"@id":"https:\/\/chemgramx.com\/#organization"},"potentialAction":[{"@type":"SearchAction","target":{"@type":"EntryPoint","urlTemplate":"https:\/\/chemgramx.com\/?s={search_term_string}"},"query-input":{"@type":"PropertyValueSpecification","valueRequired":true,"valueName":"search_term_string"}}],"inLanguage":"hu"},{"@type":"Organization","@id":"https:\/\/chemgramx.com\/#organization","name":"Chemgramx","url":"https:\/\/chemgramx.com\/","logo":{"@type":"ImageObject","inLanguage":"hu","@id":"https:\/\/chemgramx.com\/#\/schema\/logo\/image\/","url":"https:\/\/chemgramx.com\/wp-content\/uploads\/2024\/10\/final-logo.png","contentUrl":"https:\/\/chemgramx.com\/wp-content\/uploads\/2024\/10\/final-logo.png","width":250,"height":48,"caption":"Chemgramx"},"image":{"@id":"https:\/\/chemgramx.com\/#\/schema\/logo\/image\/"}}]}},"_links":{"self":[{"href":"https:\/\/chemgramx.com\/hu\/wp-json\/wp\/v2\/product\/7599","targetHints":{"allow":["GET"]}}],"collection":[{"href":"https:\/\/chemgramx.com\/hu\/wp-json\/wp\/v2\/product"}],"about":[{"href":"https:\/\/chemgramx.com\/hu\/wp-json\/wp\/v2\/types\/product"}],"replies":[{"embeddable":true,"href":"https:\/\/chemgramx.com\/hu\/wp-json\/wp\/v2\/comments?post=7599"}],"wp:featuredmedia":[{"embeddable":true,"href":"https:\/\/chemgramx.com\/hu\/wp-json\/wp\/v2\/media\/7607"}],"wp:attachment":[{"href":"https:\/\/chemgramx.com\/hu\/wp-json\/wp\/v2\/media?parent=7599"}],"wp:term":[{"taxonomy":"product_brand","embeddable":true,"href":"https:\/\/chemgramx.com\/hu\/wp-json\/wp\/v2\/product_brand?post=7599"},{"taxonomy":"product_cat","embeddable":true,"href":"https:\/\/chemgramx.com\/hu\/wp-json\/wp\/v2\/product_cat?post=7599"},{"taxonomy":"product_tag","embeddable":true,"href":"https:\/\/chemgramx.com\/hu\/wp-json\/wp\/v2\/product_tag?post=7599"}],"curies":[{"name":"wp","href":"https:\/\/api.w.org\/{rel}","templated":true}]}}