{"id":7600,"date":"2025-11-21T11:18:50","date_gmt":"2025-11-21T11:18:50","guid":{"rendered":"https:\/\/chemgramx.com\/?post_type=product&#038;p=7600"},"modified":"2025-11-21T11:19:55","modified_gmt":"2025-11-21T11:19:55","slug":"2c-e-4-etil-25-dimetoxi-fenetilamin-online-vasarlas","status":"publish","type":"product","link":"https:\/\/chemgramx.com\/hu\/product\/2c-e-4-ethyl-25-dimethoxyphenethylamin-online-kaufen\/","title":{"rendered":"2C-E (4-etil-2,5-dimetoxi-fenetilamin) Online v\u00e1s\u00e1rl\u00e1s"},"content":{"rendered":"<p data-start=\"192\" data-end=\"627\">Ha online szeretne 2C-E-t v\u00e1s\u00e1rolni, a ChemGramX laborat\u00f3riumban tesztelt, a legmagasabb tisztas\u00e1g\u00fa 2C-E-t (2,5-dimetoxi-4-etilfenetil-amint) k\u00edn\u00e1l, kifejezetten tudom\u00e1nyos kutat\u00e1si c\u00e9lokra. <a href=\"https:\/\/chemgramx.com\/product\/2c-e-4-ethyl-25-dimethoxyphenethylamin\/\">2C-E elad\u00f3<\/a>\u00a0Ha biztons\u00e1gos \u00e9s megb\u00edzhat\u00f3 term\u00e9ket keres, a ChemGramX k\u00edn\u00e1lja. A 2C-E a fenetilamin-csoportba tartozik, \u00e9s a pszichedelikumok k\u00f6zponti idegrendszerre gyakorolt \u200b\u200bhat\u00e1sainak vizsg\u00e1lat\u00e1ra haszn\u00e1lj\u00e1k.<\/p>\n<h3 data-start=\"629\" data-end=\"647\">Mi az a 2C-E?<\/h3>\n<p data-start=\"649\" data-end=\"1121\"><a href=\"https:\/\/en.wikipedia.org\/wiki\/2C-E\">2C-E<\/a> egy szintetikus pszichedelikus szer, amely er\u0151s tudatm\u00f3dos\u00edt\u00f3 hat\u00e1sokat mutat az agy szerotoninreceptoraival val\u00f3 k\u00f6lcs\u00f6nhat\u00e1s r\u00e9v\u00e9n. A 2C-E-t megrendel\u0151 kutat\u00f3k ezt az anyagot haszn\u00e1lj\u00e1k az \u00e9rz\u00e9kel\u00e9s \u00e9s a tudat\u00e1llapotok v\u00e1ltoz\u00e1sai m\u00f6g\u00f6tt \u00e1ll\u00f3 neurok\u00e9miai mechanizmusok elemz\u00e9s\u00e9re. A 2C-E online v\u00e1s\u00e1rl\u00e1sa m\u00e9lyrehat\u00f3 betekint\u00e9st ny\u00fajt a szerotonin szerep\u00e9be \u00e9s a hangulatra, az \u00e9rz\u00e9kel\u00e9sre \u00e9s a viselked\u00e9sre gyakorolt \u200b\u200bhat\u00e1s\u00e1ra.<\/p>\n<h3 data-start=\"1123\" data-end=\"1146\">Mi\u00e9rt \u00e9rdemes 2C-E-t v\u00e1s\u00e1rolni?<\/h3>\n<p data-start=\"1148\" data-end=\"1473\">Amikor 2C-E-t v\u00e1s\u00e1rol, egy hat\u00e9kony kutat\u00e1si eszk\u00f6zt kap. A 2C-E-t a szerotonin aktivit\u00e1s\u00e1nak az agyra, a viselked\u00e9sre \u00e9s az \u00e9rzelmekre gyakorolt \u200b\u200bhat\u00e1sainak vizsg\u00e1lat\u00e1ra haszn\u00e1lj\u00e1k. Intenz\u00edv \u00e9rz\u00e9kszervi \u00e9s \u00e9rzelmi hat\u00e1sai miatt a 2C-E \u00e9rt\u00e9kes anyag a pszichedelikus kutat\u00e1sokban.<\/p>\n<h3 data-start=\"1475\" data-end=\"1512\">2C-E online v\u00e1s\u00e1rl\u00e1sa a ChemGramX-on<\/h3>\n<p data-start=\"1514\" data-end=\"1868\">A 2C-E \u00e9rt\u00e9kes\u00edt\u00e9s\u00e9nek jogszer\u0171s\u00e9ge orsz\u00e1gonk\u00e9nt elt\u00e9r\u0151. A 2C-E v\u00e1s\u00e1rl\u00e1sa el\u0151tt ellen\u0151rizze a jogi szab\u00e1lyoz\u00e1sokat. A ChemGramX kiz\u00e1r\u00f3lag tudom\u00e1nyos c\u00e9lokra \u00e9rt\u00e9kes\u00edti a 2C-E-t, \u00e9s biztos\u00edtja az \u00f6sszes szab\u00e1lyoz\u00e1s betart\u00e1s\u00e1t. A diszkr\u00e9t sz\u00e1ll\u00edt\u00e1s biztos\u00edtja, hogy rendel\u00e9se biztons\u00e1gosan \u00e9s n\u00e9vtelen\u00fcl ker\u00fclj\u00f6n k\u00e9zbes\u00edt\u00e9sre.<\/p>\n<h3 data-start=\"1870\" data-end=\"1916\">A 2C-E ChemGramX-t\u00f3l t\u00f6rt\u00e9n\u0151 v\u00e1s\u00e1rl\u00e1s\u00e1nak el\u0151nyei<\/h3>\n<ul data-start=\"1918\" data-end=\"2227\">\n<li data-start=\"1918\" data-end=\"2022\">\n<p data-start=\"1920\" data-end=\"2022\">Laborat\u00f3riumban tesztelt tisztas\u00e1g: Garant\u00e1lt \u00e1lland\u00f3s\u00e1g \u00e9s a legmagasabb min\u0151s\u00e9g kutat\u00e1si projektjeihez.<\/p>\n<\/li>\n<li data-start=\"2023\" data-end=\"2112\">\n<p data-start=\"2025\" data-end=\"2112\">Diszkr\u00e9t sz\u00e1ll\u00edt\u00e1s: Biztons\u00e1gos \u00e9s diszkr\u00e9t sz\u00e1ll\u00edt\u00e1s, amely v\u00e9di az \u00d6n adatait.<\/p>\n<\/li>\n<li data-start=\"2113\" data-end=\"2227\">\n<p data-start=\"2115\" data-end=\"2227\">Ide\u00e1lis kutat\u00e1shoz: A 2C-E t\u00f6k\u00e9letes a pszichedelikumok, a szerotoninhat\u00e1sok \u00e9s a viselked\u00e9s tanulm\u00e1nyoz\u00e1s\u00e1hoz.<\/p>\n<\/li>\n<\/ul>\n<h3 data-start=\"2229\" data-end=\"2264\">Jogszer\u0171s\u00e9g \u00e9s biztons\u00e1gos sz\u00e1ll\u00edt\u00e1s<\/h3>\n<p data-start=\"2266\" data-end=\"2617\">La legalit\u00e0 della vendita di 2C-E varia a seconda del Paese. Prima di acquistare 2C-E, \u00e8 necessario verificare le normative di legge. ChemGramX vende 2C-E esclusivamente per scopi scientifici e garantisce il rispetto di tutte le normative. La spedizione discreta garantisce che il tuo ordine venga consegnato in modo sicuro e anonimo.<\/p>\n<h3 data-start=\"2619\" data-end=\"2641\">V\u00e1s\u00e1roljon 2C-E most<\/h3>\n<p data-start=\"2643\" data-end=\"2931\">K\u00e9szen \u00e1ll a 2C-E online rendel\u00e9s\u00e9re? V\u00e1s\u00e1rolja meg a 2C-E-t online a ChemGramX-n\u00e9l, \u00e9s \u00e9lvezze a gyors sz\u00e1ll\u00edt\u00e1s, a diszkr\u00e9t sz\u00e1ll\u00edt\u00e1s \u00e9s a garant\u00e1lt tisztas\u00e1g el\u0151nyeit. Rendeljen m\u00e9g ma, \u00e9s biztos\u00edtson mag\u00e1nak kiv\u00e1l\u00f3 min\u0151s\u00e9g\u0171 kutat\u00e1si vegyszereket tudom\u00e1nyos tanulm\u00e1nyaihoz.<\/p>\n<p data-start=\"2933\" data-end=\"3024\">ChemGramX - A 2C-E \u00e9s a kiv\u00e1l\u00f3 min\u0151s\u00e9g\u0171 kutat\u00e1si vegyszerek megb\u00edzhat\u00f3 forr\u00e1sa<\/p>","protected":false},"excerpt":{"rendered":"<p>A 2C-E (4-etil-2,5-dimetoxi-fenetilamin) egy pszichedelikus fenetilamin, amelyet Alexander Shulgin fejlesztett ki az 1970-es \u00e9vekben. A 2C drogcsal\u00e1dba tartozik, \u00e9s gyakran \u00e9rt\u00e9kelik er\u0151s, de kontroll\u00e1lhat\u00f3 hat\u00e1sai miatt. A 2C-E-t a partyszc\u00e9n\u00e1ban haszn\u00e1lj\u00e1k, \u00e9s ter\u00e1pi\u00e1s c\u00e9lokra is alkalmazz\u00e1k.<\/p>\n<p>&nbsp;<\/p>","protected":false},"featured_media":7608,"comment_status":"open","ping_status":"closed","template":"","meta":{"_joinchat":[]},"product_brand":[],"product_cat":[96],"product_tag":[1289,1286,1296,1282,1295,1279,1280,1275,1272,1291,1293,1276,1287,1290,1274,1281,1292,1297,1294,1273,1220,1277,1278,1288,1283,1285,1284],"class_list":{"0":"post-7600","1":"product","2":"type-product","3":"status-publish","4":"has-post-thumbnail","6":"product_cat-psychedelische-droge","7":"product_tag-2c-e-bestellen","8":"product_tag-2c-e-bulk-bestellung","9":"product_tag-2c-e-chemikalie","10":"product_tag-2c-e-experimente","11":"product_tag-2c-e-forschung","12":"product_tag-2c-e-forschung-chemikalie","13":"product_tag-2c-e-fur-neurowissenschaftliche-studien","14":"product_tag-2c-e-groshandel","15":"product_tag-2c-e-kaufen","16":"product_tag-2c-e-labor","17":"product_tag-2c-e-legal","18":"product_tag-2c-e-lieferant","19":"product_tag-2c-e-marktanalyse","20":"product_tag-2c-e-online","21":"product_tag-2c-e-online-bestellen","22":"product_tag-2c-e-pharmazeutische-forschung","23":"product_tag-2c-e-sicher","24":"product_tag-2c-e-versand","25":"product_tag-2ce-gunstig","26":"product_tag-4-ethyl-2","27":"product_tag-5-dimethoxyphenethylamin-bestellen","28":"product_tag-forschung-chemikalien-2c-e","29":"product_tag-hochwertige-2c-e-kaufen","30":"product_tag-innovative-2c-e-forschung","31":"product_tag-laborqualitat-2c-e","32":"product_tag-legaler-2c-e-anbieter","33":"product_tag-sicherer-2c-e-versand","35":"first","36":"instock","37":"shipping-taxable","38":"purchasable","39":"product-type-variable"},"yoast_head":"<!-- This site is optimized with the Yoast SEO plugin v27.5 - https:\/\/yoast.com\/product\/yoast-seo-wordpress\/ -->\n<title>2C-E (4-Ethyl-2,5-dimethoxyphenethylamin) online kaufen<\/title>\n<meta name=\"description\" content=\"Sie k\u00f6nnen unseren Online-Shop kontaktieren und 2C-E (4-Ethyl-2,5-dimethoxyphenethylamin) online kaufen. Wir haben 2C-E (4-Ethyl-2,5-dimethoxyphenethylamin) zu g\u00fcnstigen Preisen zu verkaufen. Holen Sie sich Ihr Exemplar sofort nach Hause!\" \/>\n<meta name=\"robots\" content=\"index, follow, max-snippet:-1, max-image-preview:large, max-video-preview:-1\" \/>\n<link rel=\"canonical\" href=\"https:\/\/chemgramx.com\/hu\/termek-1\/2c-e-4-etil-25-dimetoxi-fenetilamin-online-vasarlas\/\" \/>\n<meta property=\"og:locale\" content=\"hu_HU\" \/>\n<meta property=\"og:type\" content=\"article\" \/>\n<meta property=\"og:title\" content=\"2C-E (4-Ethyl-2,5-dimethoxyphenethylamin) online kaufen\" \/>\n<meta property=\"og:description\" content=\"Sie k\u00f6nnen unseren Online-Shop kontaktieren und 2C-E (4-Ethyl-2,5-dimethoxyphenethylamin) online kaufen. Wir haben 2C-E (4-Ethyl-2,5-dimethoxyphenethylamin) zu g\u00fcnstigen Preisen zu verkaufen. Holen Sie sich Ihr Exemplar sofort nach Hause!\" \/>\n<meta property=\"og:url\" content=\"https:\/\/chemgramx.com\/hu\/termek-1\/2c-e-4-etil-25-dimetoxi-fenetilamin-online-vasarlas\/\" \/>\n<meta property=\"og:site_name\" content=\"Chemgramx\" \/>\n<meta property=\"article:modified_time\" content=\"2025-11-21T11:19:55+00:00\" \/>\n<meta property=\"og:image\" content=\"https:\/\/chemgramx.com\/wp-content\/uploads\/2025\/11\/2C-E-online-kaufen.jpg\" \/>\n\t<meta property=\"og:image:width\" content=\"510\" \/>\n\t<meta property=\"og:image:height\" content=\"340\" \/>\n\t<meta property=\"og:image:type\" content=\"image\/jpeg\" \/>\n<meta name=\"twitter:card\" content=\"summary_large_image\" \/>\n<meta name=\"twitter:label1\" content=\"Becs\u00fclt olvas\u00e1si id\u0151\" \/>\n\t<meta name=\"twitter:data1\" content=\"2 perc\" \/>\n<script type=\"application\/ld+json\" class=\"yoast-schema-graph\">{\"@context\":\"https:\\\/\\\/schema.org\",\"@graph\":[{\"@type\":\"WebPage\",\"@id\":\"https:\\\/\\\/chemgramx.com\\\/product\\\/2c-e-4-ethyl-25-dimethoxyphenethylamin-online-kaufen\\\/\",\"url\":\"https:\\\/\\\/chemgramx.com\\\/product\\\/2c-e-4-ethyl-25-dimethoxyphenethylamin-online-kaufen\\\/\",\"name\":\"2C-E (4-Ethyl-2,5-dimethoxyphenethylamin) online kaufen\",\"isPartOf\":{\"@id\":\"https:\\\/\\\/chemgramx.com\\\/#website\"},\"primaryImageOfPage\":{\"@id\":\"https:\\\/\\\/chemgramx.com\\\/product\\\/2c-e-4-ethyl-25-dimethoxyphenethylamin-online-kaufen\\\/#primaryimage\"},\"image\":{\"@id\":\"https:\\\/\\\/chemgramx.com\\\/product\\\/2c-e-4-ethyl-25-dimethoxyphenethylamin-online-kaufen\\\/#primaryimage\"},\"thumbnailUrl\":\"https:\\\/\\\/chemgramx.com\\\/wp-content\\\/uploads\\\/2025\\\/11\\\/2C-E-online-kaufen.jpg\",\"datePublished\":\"2025-11-21T11:18:50+00:00\",\"dateModified\":\"2025-11-21T11:19:55+00:00\",\"description\":\"Sie k\u00f6nnen unseren Online-Shop kontaktieren und 2C-E (4-Ethyl-2,5-dimethoxyphenethylamin) online kaufen. Wir haben 2C-E (4-Ethyl-2,5-dimethoxyphenethylamin) zu g\u00fcnstigen Preisen zu verkaufen. Holen Sie sich Ihr Exemplar sofort nach Hause!\",\"breadcrumb\":{\"@id\":\"https:\\\/\\\/chemgramx.com\\\/product\\\/2c-e-4-ethyl-25-dimethoxyphenethylamin-online-kaufen\\\/#breadcrumb\"},\"inLanguage\":\"hu\",\"potentialAction\":[{\"@type\":\"ReadAction\",\"target\":[\"https:\\\/\\\/chemgramx.com\\\/product\\\/2c-e-4-ethyl-25-dimethoxyphenethylamin-online-kaufen\\\/\"]}]},{\"@type\":\"ImageObject\",\"inLanguage\":\"hu\",\"@id\":\"https:\\\/\\\/chemgramx.com\\\/product\\\/2c-e-4-ethyl-25-dimethoxyphenethylamin-online-kaufen\\\/#primaryimage\",\"url\":\"https:\\\/\\\/chemgramx.com\\\/wp-content\\\/uploads\\\/2025\\\/11\\\/2C-E-online-kaufen.jpg\",\"contentUrl\":\"https:\\\/\\\/chemgramx.com\\\/wp-content\\\/uploads\\\/2025\\\/11\\\/2C-E-online-kaufen.jpg\",\"width\":510,\"height\":340},{\"@type\":\"BreadcrumbList\",\"@id\":\"https:\\\/\\\/chemgramx.com\\\/product\\\/2c-e-4-ethyl-25-dimethoxyphenethylamin-online-kaufen\\\/#breadcrumb\",\"itemListElement\":[{\"@type\":\"ListItem\",\"position\":1,\"name\":\"Home\",\"item\":\"https:\\\/\\\/chemgramx.com\\\/\"},{\"@type\":\"ListItem\",\"position\":2,\"name\":\"Shop\",\"item\":\"https:\\\/\\\/chemgramx.com\\\/shop\\\/\"},{\"@type\":\"ListItem\",\"position\":3,\"name\":\"2C-E (4-Ethyl-2,5-dimethoxyphenethylamin) Online Kaufen\"}]},{\"@type\":\"WebSite\",\"@id\":\"https:\\\/\\\/chemgramx.com\\\/#website\",\"url\":\"https:\\\/\\\/chemgramx.com\\\/\",\"name\":\"Chemgramx\",\"description\":\"\",\"publisher\":{\"@id\":\"https:\\\/\\\/chemgramx.com\\\/#organization\"},\"potentialAction\":[{\"@type\":\"SearchAction\",\"target\":{\"@type\":\"EntryPoint\",\"urlTemplate\":\"https:\\\/\\\/chemgramx.com\\\/?s={search_term_string}\"},\"query-input\":{\"@type\":\"PropertyValueSpecification\",\"valueRequired\":true,\"valueName\":\"search_term_string\"}}],\"inLanguage\":\"hu\"},{\"@type\":\"Organization\",\"@id\":\"https:\\\/\\\/chemgramx.com\\\/#organization\",\"name\":\"Chemgramx\",\"url\":\"https:\\\/\\\/chemgramx.com\\\/\",\"logo\":{\"@type\":\"ImageObject\",\"inLanguage\":\"hu\",\"@id\":\"https:\\\/\\\/chemgramx.com\\\/#\\\/schema\\\/logo\\\/image\\\/\",\"url\":\"https:\\\/\\\/chemgramx.com\\\/wp-content\\\/uploads\\\/2024\\\/10\\\/final-logo.png\",\"contentUrl\":\"https:\\\/\\\/chemgramx.com\\\/wp-content\\\/uploads\\\/2024\\\/10\\\/final-logo.png\",\"width\":250,\"height\":48,\"caption\":\"Chemgramx\"},\"image\":{\"@id\":\"https:\\\/\\\/chemgramx.com\\\/#\\\/schema\\\/logo\\\/image\\\/\"}}]}<\/script>\n<!-- \/ Yoast SEO plugin. -->","yoast_head_json":{"title":"2C-E (4-etil-2,5-dimetossifenetilamina) online kaufen","description":"Online \u00e1ruh\u00e1zunkban felveheti a kapcsolatot, \u00e9s online v\u00e1s\u00e1rolhat 2C-E (4-etil-2,5-dimetoxi-fenetil-amint). N\u00e1lunk megfizethet\u0151 \u00e1ron kaphat\u00f3 2C-E (4-etil-2,5-dimetoxi-fenetil-amin). Szerezze be otthon\u00e1ba most!","robots":{"index":"index","follow":"follow","max-snippet":"max-snippet:-1","max-image-preview":"max-image-preview:large","max-video-preview":"max-video-preview:-1"},"canonical":"https:\/\/chemgramx.com\/hu\/termek-1\/2c-e-4-etil-25-dimetoxi-fenetilamin-online-vasarlas\/","og_locale":"hu_HU","og_type":"article","og_title":"2C-E (4-Ethyl-2,5-dimethoxyphenethylamin) online kaufen","og_description":"Sie k\u00f6nnen unseren Online-Shop kontaktieren und 2C-E (4-Ethyl-2,5-dimethoxyphenethylamin) online kaufen. Wir haben 2C-E (4-Ethyl-2,5-dimethoxyphenethylamin) zu g\u00fcnstigen Preisen zu verkaufen. Holen Sie sich Ihr Exemplar sofort nach Hause!","og_url":"https:\/\/chemgramx.com\/hu\/termek-1\/2c-e-4-etil-25-dimetoxi-fenetilamin-online-vasarlas\/","og_site_name":"Chemgramx","article_modified_time":"2025-11-21T11:19:55+00:00","og_image":[{"width":510,"height":340,"url":"https:\/\/chemgramx.com\/wp-content\/uploads\/2025\/11\/2C-E-online-kaufen.jpg","type":"image\/jpeg"}],"twitter_card":"summary_large_image","twitter_misc":{"Becs\u00fclt olvas\u00e1si id\u0151":"2 perc"},"schema":{"@context":"https:\/\/schema.org","@graph":[{"@type":"WebPage","@id":"https:\/\/chemgramx.com\/product\/2c-e-4-ethyl-25-dimethoxyphenethylamin-online-kaufen\/","url":"https:\/\/chemgramx.com\/product\/2c-e-4-ethyl-25-dimethoxyphenethylamin-online-kaufen\/","name":"2C-E (4-etil-2,5-dimetossifenetilamina) online kaufen","isPartOf":{"@id":"https:\/\/chemgramx.com\/#website"},"primaryImageOfPage":{"@id":"https:\/\/chemgramx.com\/product\/2c-e-4-ethyl-25-dimethoxyphenethylamin-online-kaufen\/#primaryimage"},"image":{"@id":"https:\/\/chemgramx.com\/product\/2c-e-4-ethyl-25-dimethoxyphenethylamin-online-kaufen\/#primaryimage"},"thumbnailUrl":"https:\/\/chemgramx.com\/wp-content\/uploads\/2025\/11\/2C-E-online-kaufen.jpg","datePublished":"2025-11-21T11:18:50+00:00","dateModified":"2025-11-21T11:19:55+00:00","description":"Online \u00e1ruh\u00e1zunkban felveheti a kapcsolatot, \u00e9s online v\u00e1s\u00e1rolhat 2C-E (4-etil-2,5-dimetoxi-fenetil-amint). N\u00e1lunk megfizethet\u0151 \u00e1ron kaphat\u00f3 2C-E (4-etil-2,5-dimetoxi-fenetil-amin). Szerezze be otthon\u00e1ba most!","breadcrumb":{"@id":"https:\/\/chemgramx.com\/product\/2c-e-4-ethyl-25-dimethoxyphenethylamin-online-kaufen\/#breadcrumb"},"inLanguage":"hu","potentialAction":[{"@type":"ReadAction","target":["https:\/\/chemgramx.com\/product\/2c-e-4-ethyl-25-dimethoxyphenethylamin-online-kaufen\/"]}]},{"@type":"ImageObject","inLanguage":"hu","@id":"https:\/\/chemgramx.com\/product\/2c-e-4-ethyl-25-dimethoxyphenethylamin-online-kaufen\/#primaryimage","url":"https:\/\/chemgramx.com\/wp-content\/uploads\/2025\/11\/2C-E-online-kaufen.jpg","contentUrl":"https:\/\/chemgramx.com\/wp-content\/uploads\/2025\/11\/2C-E-online-kaufen.jpg","width":510,"height":340},{"@type":"BreadcrumbList","@id":"https:\/\/chemgramx.com\/product\/2c-e-4-ethyl-25-dimethoxyphenethylamin-online-kaufen\/#breadcrumb","itemListElement":[{"@type":"ListItem","position":1,"name":"Home","item":"https:\/\/chemgramx.com\/"},{"@type":"ListItem","position":2,"name":"Shop","item":"https:\/\/chemgramx.com\/shop\/"},{"@type":"ListItem","position":3,"name":"2C-E (4-Ethyl-2,5-dimethoxyphenethylamin) Online Kaufen"}]},{"@type":"WebSite","@id":"https:\/\/chemgramx.com\/#website","url":"https:\/\/chemgramx.com\/","name":"Chemgramx","description":"","publisher":{"@id":"https:\/\/chemgramx.com\/#organization"},"potentialAction":[{"@type":"SearchAction","target":{"@type":"EntryPoint","urlTemplate":"https:\/\/chemgramx.com\/?s={search_term_string}"},"query-input":{"@type":"PropertyValueSpecification","valueRequired":true,"valueName":"search_term_string"}}],"inLanguage":"hu"},{"@type":"Organization","@id":"https:\/\/chemgramx.com\/#organization","name":"Chemgramx","url":"https:\/\/chemgramx.com\/","logo":{"@type":"ImageObject","inLanguage":"hu","@id":"https:\/\/chemgramx.com\/#\/schema\/logo\/image\/","url":"https:\/\/chemgramx.com\/wp-content\/uploads\/2024\/10\/final-logo.png","contentUrl":"https:\/\/chemgramx.com\/wp-content\/uploads\/2024\/10\/final-logo.png","width":250,"height":48,"caption":"Chemgramx"},"image":{"@id":"https:\/\/chemgramx.com\/#\/schema\/logo\/image\/"}}]}},"_links":{"self":[{"href":"https:\/\/chemgramx.com\/hu\/wp-json\/wp\/v2\/product\/7600","targetHints":{"allow":["GET"]}}],"collection":[{"href":"https:\/\/chemgramx.com\/hu\/wp-json\/wp\/v2\/product"}],"about":[{"href":"https:\/\/chemgramx.com\/hu\/wp-json\/wp\/v2\/types\/product"}],"replies":[{"embeddable":true,"href":"https:\/\/chemgramx.com\/hu\/wp-json\/wp\/v2\/comments?post=7600"}],"wp:featuredmedia":[{"embeddable":true,"href":"https:\/\/chemgramx.com\/hu\/wp-json\/wp\/v2\/media\/7608"}],"wp:attachment":[{"href":"https:\/\/chemgramx.com\/hu\/wp-json\/wp\/v2\/media?parent=7600"}],"wp:term":[{"taxonomy":"product_brand","embeddable":true,"href":"https:\/\/chemgramx.com\/hu\/wp-json\/wp\/v2\/product_brand?post=7600"},{"taxonomy":"product_cat","embeddable":true,"href":"https:\/\/chemgramx.com\/hu\/wp-json\/wp\/v2\/product_cat?post=7600"},{"taxonomy":"product_tag","embeddable":true,"href":"https:\/\/chemgramx.com\/hu\/wp-json\/wp\/v2\/product_tag?post=7600"}],"curies":[{"name":"wp","href":"https:\/\/api.w.org\/{rel}","templated":true}]}}