{"id":7603,"date":"2025-11-21T11:18:51","date_gmt":"2025-11-21T11:18:51","guid":{"rendered":"https:\/\/chemgramx.com\/?post_type=product&#038;p=7603"},"modified":"2025-12-10T06:52:52","modified_gmt":"2025-12-10T06:52:52","slug":"5-vasarlas-meo-mipt-online","status":"publish","type":"product","link":"https:\/\/chemgramx.com\/hu\/product\/5-meo-mipt-online-kaufen\/","title":{"rendered":"5-MeO-MiPT online v\u00e1s\u00e1rl\u00e1sa"},"content":{"rendered":"<p>Ambici\u00f3zus tud\u00f3sok \u00e9s elk\u00f6telezett kutat\u00f3int\u00e9zetek sz\u00e1m\u00e1ra, akik <b>5-MeO-MiPT elad\u00f3<\/b> keres, a Chemgramx els\u0151 oszt\u00e1ly\u00fa megold\u00e1st k\u00edn\u00e1l. Bemutatunk \u00d6nnek egy kiv\u00e9teles term\u00e9ket <b>Laborat\u00f3riumi min\u0151s\u00e9g\u0171 term\u00e9kek elad\u00f3<\/b>, amelyet kifejezetten ig\u00e9nyes tudom\u00e1nyos kutat\u00e1sokhoz fejlesztettek ki. A 5-MeO-MiPT, egy szintetikus triptamin, amely komplex idegrendszeri folyamatok kutat\u00e1s\u00e1hoz elengedhetetlen eszk\u00f6z. Gondosan tesztelt\u00e9k, \u00e9s <b>Kiv\u00e1l\u00f3 min\u0151s\u00e9g\u0171 5-MeO-MiPT<\/b> rendelkez\u00e9sre \u00e1llnak, hogy t\u00e1mogass\u00e1k kutat\u00e1si c\u00e9ljait. Ezenk\u00edv\u00fcl garant\u00e1ljuk a sz\u00e1rmaz\u00e1s \u00e1tl\u00e1that\u00f3s\u00e1g\u00e1t \u00e9s a p\u00e1ratlan tisztas\u00e1got.<\/p>\n<h2>Mi az 5-MeO-MiPT \u00e9s mi a jelent\u0151s\u00e9ge a kutat\u00e1sban?<\/h2>\n<p><b>5-MeO-MiPT<\/b>, m\u00e1s n\u00e9ven 5-metoxi-N-metil-N-izopropil-triptamin, a triptaminok csal\u00e1dj\u00e1ba tartozik. Ez az anyag az elm\u00falt \u00e9vekben jelent\u0151s \u00e9rdekl\u0151d\u00e9st v\u00e1ltott ki a tudom\u00e1nyos k\u00f6z\u00f6ss\u00e9gben, k\u00fcl\u00f6n\u00f6sen a neurofarmakol\u00f3gia ter\u00fclet\u00e9n. Alapvet\u0151en \u00e9rt\u00e9kes kutat\u00e1si vegyi anyagk\u00e9nt szolg\u00e1l a szerotoninreceptorok komplex k\u00f6lcs\u00f6nhat\u00e1sainak vizsg\u00e1lat\u00e1hoz az agyban.<\/p>\n<h3>A 5-MeO-MiPT molekul\u00e1ris szerkezete<\/h3>\n<p>A 5-MeO-MiPT egyed\u00fcl\u00e1ll\u00f3 k\u00e9miai szerkezete jellemz\u0151 a triptaminerg tulajdons\u00e1gaira. Az indolgy\u0171r\u0171 5. poz\u00edci\u00f3j\u00e1ban egy metoxi csoport tal\u00e1lhat\u00f3, amely befoly\u00e1solja az affinit\u00e1s\u00e1t bizonyos szerotoninreceptorokhoz. Ennek k\u00f6vetkezt\u00e9ben az anyag nagy \u00e9rt\u00e9ket k\u00e9pvisel a gy\u00f3gyszer\u00e9szeti kutat\u00e1sokban a szerkezet-hat\u00e1s \u00f6sszef\u00fcgg\u00e9sek pontos elemz\u00e9s\u00e9ben. Ezenk\u00edv\u00fcl ez lehet\u0151v\u00e9 teszi a kutat\u00f3k sz\u00e1m\u00e1ra, hogy c\u00e9lzott hipot\u00e9ziseket fogalmazzanak meg a pszichedelikus hat\u00e1smechanizmusokr\u00f3l.<\/p>\n<h3>Kutat\u00e1si lehet\u0151s\u00e9gek \u00e9s alkalmaz\u00e1si ter\u00fcletek<\/h3>\n<p>A 5-MeO-MiPT-t els\u0151sorban in vitro vizsg\u00e1latokban \u00e9s \u00e1llatmodellekben haszn\u00e1lj\u00e1k a pszichedelikus anyagok k\u00f6zponti idegrendszerre gyakorolt hat\u00e1s\u00e1nak kutat\u00e1s\u00e1ra. Ez\u00e1ltal fontos betekint\u00e9st ny\u00fajt az \u00e9szlel\u00e9st, a hangulatot \u00e9s a tudatoss\u00e1got befoly\u00e1sol\u00f3 mechanizmusokba. Ezenk\u00edv\u00fcl elengedhetetlen eszk\u00f6z a neurotranszmitter funkci\u00f3k kutat\u00e1s\u00e1ban \u00e9s \u00faj ter\u00e1pi\u00e1s megk\u00f6zel\u00edt\u00e9sek fejleszt\u00e9s\u00e9ben. Ki <b>5-MeO-MiPT online rendel\u00e9se<\/b> szeretne, ebben a kombin\u00e1ci\u00f3ban sokoldal\u00fa elemz\u0151 eszk\u00f6zt tal\u00e1l.<\/p>\n<h2>Mi\u00e9rt v\u00e1lassza a 5-MeO-MiPT-t tanulm\u00e1nyaihoz?<\/h2>\n<p>A megfelel\u0151 kutat\u00e1si vegyszerek kiv\u00e1laszt\u00e1sa d\u00f6nt\u0151 fontoss\u00e1g\u00fa a k\u00eds\u00e9rletek \u00e9rv\u00e9nyess\u00e9g\u00e9nek \u00e9s reproduk\u00e1lhat\u00f3s\u00e1g\u00e1nak szempontj\u00e1b\u00f3l. Ez\u00e9rt rendk\u00edv\u00fcl fontos, hogy olyan term\u00e9keket v\u00e1lasszon, amelyek a legmagasabb tisztas\u00e1gi \u00e9s min\u0151s\u00e9gi k\u00f6vetelm\u00e9nyeknek megfelelnek. 5-MeO-MiPT term\u00e9k\u00fcnk pontosan ezeket a k\u00f6vetelm\u00e9nyeket hivatott t\u00falteljes\u00edteni.<\/p>\n<h3>Min\u0151s\u00e9gi szabv\u00e1nyok \u00e9s tisztas\u00e1gi garancia<\/h3>\n<p>A Chemgramx kompromisszumok n\u00e9lk\u00fcli min\u0151s\u00e9get garant\u00e1l. Minden t\u00e9tel <b>Hiteles 5-MeO-MiPT<\/b> f\u00fcggetlen, tan\u00fas\u00edtott laborat\u00f3riumokban szigor\u00faan ellen\u0151rzik. Ennek eredm\u00e9nyek\u00e9nt garant\u00e1ljuk a <b>Magas tisztas\u00e1g\u00fa term\u00e9kek elad\u00f3<\/b>, amely messze meghaladja az ipari szabv\u00e1nyokat. Ez biztos\u00edtja, hogy megb\u00edzhasson eredm\u00e9nyeinek integrit\u00e1s\u00e1ban. \u00cdgy mindig <b>A legjobb 5-MeO-MiPT kaphat\u00f3<\/b>, amely megfelel a legig\u00e9nyesebb tanulm\u00e1nyok k\u00f6vetelm\u00e9nyeinek.<\/p>\n<h3>A szerepe a neurol\u00f3giai vizsg\u00e1latokban<\/h3>\n<p>A 5-MeO-MiPT-vel v\u00e9gzett kutat\u00e1sok \u00e9rt\u00e9kes adatokat szolg\u00e1ltatnak az agyban a pszich\u00e9s \u00e1llapotokban szerepet j\u00e1tsz\u00f3 komplex folyamatokr\u00f3l. P\u00e9ld\u00e1ul a tanulm\u00e1nyok r\u00e1vil\u00e1g\u00edthatnak a szerotonin 5HT2A receptorokkal val\u00f3 k\u00f6lcs\u00f6nhat\u00e1s\u00e1ra, ami kulcsfontoss\u00e1g\u00fa a depresszi\u00f3 vagy a szorong\u00e1sos zavarok meg\u00e9rt\u00e9s\u00e9ben. Ennek eredm\u00e9nyek\u00e9nt a tud\u00f3sok, akik <b>Kutat\u00e1si min\u0151s\u00e9g elad\u00f3<\/b> 5-MeO-MiPT seg\u00edts\u00e9g\u00e9vel \u00faj perspekt\u00edv\u00e1kat nyitnak a pszichofarmakol\u00f3giai kutat\u00e1sban. Ez pedig hozz\u00e1j\u00e1rulhat innovat\u00edv kezel\u00e9si strat\u00e9gi\u00e1k kidolgoz\u00e1s\u00e1hoz.<\/p>\n<h2>5-MeO-MiPT v\u00e1s\u00e1rl\u00e1s a Chemgramx-n\u00e1l \u2013 a megb\u00edzhat\u00f3 partnere<\/h2>\n<p>A speci\u00e1lis vegyi anyagok beszerz\u00e9s\u00e9hez olyan besz\u00e1ll\u00edt\u00f3ra van sz\u00fcks\u00e9g, akiben teljes m\u00e9rt\u00e9kben megb\u00edzhat. A Chemgramx vezet\u0151 besz\u00e1ll\u00edt\u00f3k\u00e9nt v\u00e1lt ismertt\u00e9 a kutat\u00e1si vegyi anyagok ter\u00fclet\u00e9n, \u00e9s z\u00f6kken\u0151mentes, biztons\u00e1gos beszerz\u00e9st k\u00edn\u00e1l. Mi vagyunk az els\u0151 sz\u00e1m\u00fa v\u00e1laszt\u00e1s, ha \u00d6n <b>5-MeO-MiPT v\u00e1s\u00e1rl\u00e1s a Chemgramx-n\u00e1l<\/b> . Ezenk\u00edv\u00fcl nagy hangs\u00falyt fektet\u00fcnk a diszkr\u00e9ci\u00f3ra \u00e9s a professzion\u00e1lis \u00fcgyint\u00e9z\u00e9sre.<\/p>\n<h3>Elk\u00f6telezetts\u00e9g\u00fcnk a min\u0151s\u00e9g \u00e9s az \u00fcgyf\u00e9lel\u00e9gedetts\u00e9g ir\u00e1nt<\/h3>\n<p>Meg\u00e9rtj\u00fck a tudom\u00e1nyos kutat\u00e1s magas k\u00f6vetelm\u00e9nyeit. Ez\u00e9rt c\u00e9lunk nem csak a vegyi anyagok biztos\u00edt\u00e1sa, hanem az \u00d6n teljes el\u00e9gedetts\u00e9g\u00e9nek garant\u00e1l\u00e1sa is. Minden term\u00e9ket a legnagyobb gondoss\u00e1ggal kezel\u00fcnk, hogy integrit\u00e1sa megmaradjon, am\u00edg \u00d6nh\u00f6z eljut. Ennek megfelel\u0151en \u00e1tl\u00e1that\u00f3 \u00e1rakat \u00e9s kiv\u00e1l\u00f3 \u00fcgyf\u00e9lszolg\u00e1latot k\u00edn\u00e1lunk. Ezenk\u00edv\u00fcl folyamatosan t\u00f6reksz\u00fcnk arra, hogy kiv\u00e1l\u00f3 min\u0151s\u00e9g\u0171 term\u00e9keink v\u00e1laszt\u00e9k\u00e1t b\u0151v\u00edts\u00fck. <a href='https:\/\/chemgramx.com\/products\/research-chemicals'>Kutat\u00e1si k\u00e9sz\u00edtm\u00e9nyek<\/a> kiterjeszt\u00e9se, bele\u00e9rtve olyan term\u00e9keket, mint <a href='https:\/\/chemgramx.com\/product\/peruanisches-kokain-sicher-online-kaufen\/'>Perui kokain<\/a> \u00e9s <a href='https:\/\/chemgramx.com\/product\/4-ho-met-kaufen\/'>4-HO-MET<\/a>.<\/p>\n<h3>Jogi szempontok \u00e9s biztons\u00e1gos kezel\u00e9s<\/h3>\n<p>A 5-MeO-MiPT-hez hasonl\u00f3 kutat\u00e1si vegyi anyagok jogi st\u00e1tusza joghat\u00f3s\u00e1gonk\u00e9nt jelent\u0151sen elt\u00e9r\u0151. Ez\u00e9rt elengedhetetlen, hogy a v\u00e1s\u00e1rl\u00f3k megrendel\u00e9s el\u0151tt t\u00e1j\u00e9koz\u00f3djanak az orsz\u00e1gukban \u00e9rv\u00e9nyes jogi el\u0151\u00edr\u00e1sokr\u00f3l. A Chemgramx kiz\u00e1r\u00f3lag tudom\u00e1nyos kutat\u00e1si c\u00e9lokra \u00e9rt\u00e9kes\u00edti a 5-MeO-MiPT-t, \u00e9s gondoskodik arr\u00f3l, hogy minden vonatkoz\u00f3 el\u0151\u00edr\u00e1snak megfeleljen. Tov\u00e1bb\u00e1 hangs\u00falyozzuk a biztons\u00e1gos t\u00e1rol\u00e1s \u00e9s kezel\u00e9s fontoss\u00e1g\u00e1t ezeknek az anyagoknak ellen\u0151rz\u00f6tt laborat\u00f3riumi k\u00f6rnyezetben. Egy <b>biztons\u00e1gos v\u00e1s\u00e1rl\u00e1s<\/b> N\u00e1lunk ez azt jelenti, hogy minden folyamatot a legnagyobb gondoss\u00e1ggal v\u00e9gz\u00fcnk.<\/p>\n<h2>Haszn\u00e1lati utas\u00edt\u00e1sok \u00e9s biztons\u00e1gi el\u0151\u00edr\u00e1sok<\/h2>\n<p>A helyes alkalmaz\u00e1s \u00e9s a szigor\u00fa biztons\u00e1gi el\u0151\u00edr\u00e1sok betart\u00e1sa rendk\u00edv\u00fcl fontos a kutat\u00e1si vegyszerek kezel\u00e9se sor\u00e1n. Nemcsak a 5-MeO-MiPT molekul\u00e1ris tulajdons\u00e1gainak meg\u00e9rt\u00e9se fontos, hanem a kezel\u00e9s\u00e9vel j\u00e1r\u00f3 potenci\u00e1lis kock\u00e1zatok ismerete is. Ez\u00e9rt \u00e1tfog\u00f3 inform\u00e1ci\u00f3kat \u00e9s aj\u00e1nl\u00e1sokat ny\u00fajtunk, hogy kutat\u00e1sa biztons\u00e1gos \u00e9s hat\u00e9kony legyen.<\/p>\n<h3>Felel\u0151ss\u00e9gteljes kutat\u00e1s<\/h3>\n<p>Minden kutat\u00f3 felel\u0151s a kutat\u00e1sai etikus \u00e9s biztons\u00e1gos v\u00e9grehajt\u00e1s\u00e1\u00e9rt. Ez mag\u00e1ban foglalja a megfelel\u0151 v\u00e9d\u0151felszerel\u00e9s haszn\u00e1lat\u00e1t, a elsz\u00edv\u00f3 alatt val\u00f3 munkav\u00e9gz\u00e9st \u00e9s a marad\u00e9k anyagok megfelel\u0151 \u00e1rtalmatlan\u00edt\u00e1s\u00e1t. Ezenk\u00edv\u00fcl mindig biztos\u00edtani kell a nemzeti \u00e9s nemzetk\u00f6zi ir\u00e1nyelvek betart\u00e1s\u00e1t. Csak \u00edgy lehet meg\u0151rizni a kutat\u00e1s integrit\u00e1s\u00e1t \u00e9s biztos\u00edtani az \u00f6sszes r\u00e9sztvev\u0151 biztons\u00e1g\u00e1t. Ki <b>most online v\u00e1s\u00e1rolni<\/b> szeretne, akkor ezeket az alapelveket figyelembe kell vennie.<\/p>\n<h2>K\u00f6vetkeztet\u00e9s \u00e9s aj\u00e1nl\u00e1s<\/h2>\n<p>\u00d6sszefoglalva elmondhat\u00f3, hogy a 5-MeO-MiPT elengedhetetlen reagens a fejlett neurol\u00f3giai \u00e9s pszichofarmakol\u00f3giai kutat\u00e1sokhoz. Pontos hat\u00e1sa \u00e9s a szerotoninrendszer m\u00e9lyrehat\u00f3 megismer\u00e9s\u00e9nek lehet\u0151s\u00e9ge miatt vil\u00e1gszerte a tud\u00f3sok kedvelt v\u00e1laszt\u00e1sa. Ez\u00e9rt nyomat\u00e9kosan javasoljuk, hogy a 5-MeO-MiPT-t megb\u00edzhat\u00f3 besz\u00e1ll\u00edt\u00f3t\u00f3l, p\u00e9ld\u00e1ul a Chemgramx-t\u00f3l szerezze be. Csak \u00edgy garant\u00e1lhatja a legmagasabb min\u0151s\u00e9get \u00e9s tisztas\u00e1got kutat\u00e1s\u00e1hoz. Mindig k\u00e9szek vagyunk feldolgozni megkeres\u00e9seit \u00e9s seg\u00edteni a kutat\u00e1si vegyszerek beszerz\u00e9s\u00e9ben.<\/p>","protected":false},"excerpt":{"rendered":"<p>Az 5-MeO-MiPT, m\u00e1s n\u00e9ven 5-metoxi-N-metil-N-izopropil-triptamin a triptaminok csal\u00e1dj\u00e1ba tartoz\u00f3 kutat\u00e1si vegyi anyag. Az idegtudom\u00e1nyban \u00e9s a farmakol\u00f3gi\u00e1ban sz\u00e9les k\u00f6rben haszn\u00e1lj\u00e1k a szerotoninreceptorokkal val\u00f3 k\u00f6lcs\u00f6nhat\u00e1sok tanulm\u00e1nyoz\u00e1s\u00e1ra, k\u00fcl\u00f6n\u00f6sen a k\u00f6vetkez\u0151kre <strong>5-HT2A<\/strong>valamint az \u00e9rz\u00e9kel\u00e9sre \u00e9s a megismer\u00e9sre gyakorolt hat\u00e1sok.<\/p>","protected":false},"featured_media":7611,"comment_status":"open","ping_status":"closed","template":"","meta":{"_joinchat":[]},"product_brand":[],"product_cat":[96],"product_tag":[1719,1716,1726,1712,1725,1709,1710,1705,1702,1721,1723,1706,1717,1720,1704,1711,1722,1727,1703,1724,1707,1708,1718,1713,1715,1714],"class_list":{"0":"post-7603","1":"product","2":"type-product","3":"status-publish","4":"has-post-thumbnail","6":"product_cat-psychedelische-droge","7":"product_tag-5-meo-mipt-bestellen","8":"product_tag-5-meo-mipt-bulk-bestellung","9":"product_tag-5-meo-mipt-chemikalie","10":"product_tag-5-meo-mipt-experimente","11":"product_tag-5-meo-mipt-forschung","12":"product_tag-5-meo-mipt-forschung-chemikalie","13":"product_tag-5-meo-mipt-fur-neurowissenschaftliche-studien","14":"product_tag-5-meo-mipt-groshandel","15":"product_tag-5-meo-mipt-kaufen","16":"product_tag-5-meo-mipt-labor","17":"product_tag-5-meo-mipt-legal","18":"product_tag-5-meo-mipt-lieferant","19":"product_tag-5-meo-mipt-marktanalyse","20":"product_tag-5-meo-mipt-online","21":"product_tag-5-meo-mipt-online-bestellen","22":"product_tag-5-meo-mipt-pharmazeutische-forschung","23":"product_tag-5-meo-mipt-sicher","24":"product_tag-5-meo-mipt-versand","25":"product_tag-5-methoxy-n-methyl-n-isopropyltryptamin-bestellen","26":"product_tag-5meomipt-gunstig","27":"product_tag-forschung-chemikalien-5-meo-mipt","28":"product_tag-hochwertige-5-meo-mipt-kaufen","29":"product_tag-innovative-5-meo-mipt-forschung","30":"product_tag-laborqualitat-5-meo-mipt","31":"product_tag-legaler-5-meo-mipt-anbieter","32":"product_tag-sicherer-5-meo-mipt-versand","34":"first","35":"instock","36":"shipping-taxable","37":"purchasable","38":"product-type-variable"},"yoast_head":"<!-- This site is optimized with the Yoast SEO plugin v27.5 - https:\/\/yoast.com\/product\/yoast-seo-wordpress\/ -->\n<title>5-MeO-MiPT online kaufen \u2013 5-MeO-MiPT zu verkaufen<\/title>\n<meta name=\"description\" content=\"Sie k\u00f6nnen 5-Meo-Mipt online zu den besten Preisen in unserem Online-Shop kaufen. Wir haben g\u00fcnstiges und hochwertiges 5-Meo-Mipt zum Verkauf und liefern weltweit.\" \/>\n<meta name=\"robots\" content=\"index, follow, max-snippet:-1, max-image-preview:large, max-video-preview:-1\" \/>\n<link rel=\"canonical\" href=\"https:\/\/chemgramx.com\/hu\/termek-1\/5-vasarlas-meo-mipt-online\/\" \/>\n<meta property=\"og:locale\" content=\"hu_HU\" \/>\n<meta property=\"og:type\" content=\"article\" \/>\n<meta property=\"og:title\" content=\"5-MeO-MiPT online kaufen \u2013 5-MeO-MiPT zu verkaufen\" \/>\n<meta property=\"og:description\" content=\"Sie k\u00f6nnen 5-Meo-Mipt online zu den besten Preisen in unserem Online-Shop kaufen. Wir haben g\u00fcnstiges und hochwertiges 5-Meo-Mipt zum Verkauf und liefern weltweit.\" \/>\n<meta property=\"og:url\" content=\"https:\/\/chemgramx.com\/hu\/termek-1\/5-vasarlas-meo-mipt-online\/\" \/>\n<meta property=\"og:site_name\" content=\"Chemgramx\" \/>\n<meta property=\"article:modified_time\" content=\"2025-12-10T06:52:52+00:00\" \/>\n<meta property=\"og:image\" content=\"https:\/\/chemgramx.com\/wp-content\/uploads\/2025\/11\/5-MeO-MiP.webp\" \/>\n\t<meta property=\"og:image:width\" content=\"1500\" \/>\n\t<meta property=\"og:image:height\" content=\"1125\" \/>\n\t<meta property=\"og:image:type\" content=\"image\/webp\" \/>\n<meta name=\"twitter:card\" content=\"summary_large_image\" \/>\n<meta name=\"twitter:label1\" content=\"Becs\u00fclt olvas\u00e1si id\u0151\" \/>\n\t<meta name=\"twitter:data1\" content=\"2 perc\" \/>\n<script type=\"application\/ld+json\" class=\"yoast-schema-graph\">{\"@context\":\"https:\\\/\\\/schema.org\",\"@graph\":[{\"@type\":\"WebPage\",\"@id\":\"https:\\\/\\\/chemgramx.com\\\/product\\\/5-meo-mipt-online-kaufen\\\/\",\"url\":\"https:\\\/\\\/chemgramx.com\\\/product\\\/5-meo-mipt-online-kaufen\\\/\",\"name\":\"5-MeO-MiPT online kaufen \u2013 5-MeO-MiPT zu verkaufen\",\"isPartOf\":{\"@id\":\"https:\\\/\\\/chemgramx.com\\\/#website\"},\"primaryImageOfPage\":{\"@id\":\"https:\\\/\\\/chemgramx.com\\\/product\\\/5-meo-mipt-online-kaufen\\\/#primaryimage\"},\"image\":{\"@id\":\"https:\\\/\\\/chemgramx.com\\\/product\\\/5-meo-mipt-online-kaufen\\\/#primaryimage\"},\"thumbnailUrl\":\"https:\\\/\\\/chemgramx.com\\\/wp-content\\\/uploads\\\/2025\\\/11\\\/5-MeO-MiP.webp\",\"datePublished\":\"2025-11-21T11:18:51+00:00\",\"dateModified\":\"2025-12-10T06:52:52+00:00\",\"description\":\"Sie k\u00f6nnen 5-Meo-Mipt online zu den besten Preisen in unserem Online-Shop kaufen. Wir haben g\u00fcnstiges und hochwertiges 5-Meo-Mipt zum Verkauf und liefern weltweit.\",\"breadcrumb\":{\"@id\":\"https:\\\/\\\/chemgramx.com\\\/product\\\/5-meo-mipt-online-kaufen\\\/#breadcrumb\"},\"inLanguage\":\"hu\",\"potentialAction\":[{\"@type\":\"ReadAction\",\"target\":[\"https:\\\/\\\/chemgramx.com\\\/product\\\/5-meo-mipt-online-kaufen\\\/\"]}]},{\"@type\":\"ImageObject\",\"inLanguage\":\"hu\",\"@id\":\"https:\\\/\\\/chemgramx.com\\\/product\\\/5-meo-mipt-online-kaufen\\\/#primaryimage\",\"url\":\"https:\\\/\\\/chemgramx.com\\\/wp-content\\\/uploads\\\/2025\\\/11\\\/5-MeO-MiP.webp\",\"contentUrl\":\"https:\\\/\\\/chemgramx.com\\\/wp-content\\\/uploads\\\/2025\\\/11\\\/5-MeO-MiP.webp\",\"width\":1500,\"height\":1125},{\"@type\":\"BreadcrumbList\",\"@id\":\"https:\\\/\\\/chemgramx.com\\\/product\\\/5-meo-mipt-online-kaufen\\\/#breadcrumb\",\"itemListElement\":[{\"@type\":\"ListItem\",\"position\":1,\"name\":\"Home\",\"item\":\"https:\\\/\\\/chemgramx.com\\\/\"},{\"@type\":\"ListItem\",\"position\":2,\"name\":\"Shop\",\"item\":\"https:\\\/\\\/chemgramx.com\\\/shop\\\/\"},{\"@type\":\"ListItem\",\"position\":3,\"name\":\"5-MeO-MiPT Online Kaufen\"}]},{\"@type\":\"WebSite\",\"@id\":\"https:\\\/\\\/chemgramx.com\\\/#website\",\"url\":\"https:\\\/\\\/chemgramx.com\\\/\",\"name\":\"Chemgramx\",\"description\":\"\",\"publisher\":{\"@id\":\"https:\\\/\\\/chemgramx.com\\\/#organization\"},\"potentialAction\":[{\"@type\":\"SearchAction\",\"target\":{\"@type\":\"EntryPoint\",\"urlTemplate\":\"https:\\\/\\\/chemgramx.com\\\/?s={search_term_string}\"},\"query-input\":{\"@type\":\"PropertyValueSpecification\",\"valueRequired\":true,\"valueName\":\"search_term_string\"}}],\"inLanguage\":\"hu\"},{\"@type\":\"Organization\",\"@id\":\"https:\\\/\\\/chemgramx.com\\\/#organization\",\"name\":\"Chemgramx\",\"url\":\"https:\\\/\\\/chemgramx.com\\\/\",\"logo\":{\"@type\":\"ImageObject\",\"inLanguage\":\"hu\",\"@id\":\"https:\\\/\\\/chemgramx.com\\\/#\\\/schema\\\/logo\\\/image\\\/\",\"url\":\"https:\\\/\\\/chemgramx.com\\\/wp-content\\\/uploads\\\/2024\\\/10\\\/final-logo.png\",\"contentUrl\":\"https:\\\/\\\/chemgramx.com\\\/wp-content\\\/uploads\\\/2024\\\/10\\\/final-logo.png\",\"width\":250,\"height\":48,\"caption\":\"Chemgramx\"},\"image\":{\"@id\":\"https:\\\/\\\/chemgramx.com\\\/#\\\/schema\\\/logo\\\/image\\\/\"}}]}<\/script>\n<!-- \/ Yoast SEO plugin. -->","yoast_head_json":{"title":"V\u00e1s\u00e1roljon 5-MeO-MiPT-t online \u2013 5-MeO-MiPT elad\u00f3","description":"Az 5-Meo-Mipt online a legjobb \u00e1ron v\u00e1s\u00e1rolhatja meg online \u00e1ruh\u00e1zunkban. Olcs\u00f3 \u00e9s kiv\u00e1l\u00f3 min\u0151s\u00e9g\u0171 5-Meo-Mipt elad\u00f3 \u00e9s vil\u00e1gszerte sz\u00e1ll\u00edtunk.","robots":{"index":"index","follow":"follow","max-snippet":"max-snippet:-1","max-image-preview":"max-image-preview:large","max-video-preview":"max-video-preview:-1"},"canonical":"https:\/\/chemgramx.com\/hu\/termek-1\/5-vasarlas-meo-mipt-online\/","og_locale":"hu_HU","og_type":"article","og_title":"5-MeO-MiPT online kaufen \u2013 5-MeO-MiPT zu verkaufen","og_description":"Sie k\u00f6nnen 5-Meo-Mipt online zu den besten Preisen in unserem Online-Shop kaufen. Wir haben g\u00fcnstiges und hochwertiges 5-Meo-Mipt zum Verkauf und liefern weltweit.","og_url":"https:\/\/chemgramx.com\/hu\/termek-1\/5-vasarlas-meo-mipt-online\/","og_site_name":"Chemgramx","article_modified_time":"2025-12-10T06:52:52+00:00","og_image":[{"width":1500,"height":1125,"url":"https:\/\/chemgramx.com\/wp-content\/uploads\/2025\/11\/5-MeO-MiP.webp","type":"image\/webp"}],"twitter_card":"summary_large_image","twitter_misc":{"Becs\u00fclt olvas\u00e1si id\u0151":"2 perc"},"schema":{"@context":"https:\/\/schema.org","@graph":[{"@type":"WebPage","@id":"https:\/\/chemgramx.com\/product\/5-meo-mipt-online-kaufen\/","url":"https:\/\/chemgramx.com\/product\/5-meo-mipt-online-kaufen\/","name":"V\u00e1s\u00e1roljon 5-MeO-MiPT-t online \u2013 5-MeO-MiPT elad\u00f3","isPartOf":{"@id":"https:\/\/chemgramx.com\/#website"},"primaryImageOfPage":{"@id":"https:\/\/chemgramx.com\/product\/5-meo-mipt-online-kaufen\/#primaryimage"},"image":{"@id":"https:\/\/chemgramx.com\/product\/5-meo-mipt-online-kaufen\/#primaryimage"},"thumbnailUrl":"https:\/\/chemgramx.com\/wp-content\/uploads\/2025\/11\/5-MeO-MiP.webp","datePublished":"2025-11-21T11:18:51+00:00","dateModified":"2025-12-10T06:52:52+00:00","description":"Az 5-Meo-Mipt online a legjobb \u00e1ron v\u00e1s\u00e1rolhatja meg online \u00e1ruh\u00e1zunkban. Olcs\u00f3 \u00e9s kiv\u00e1l\u00f3 min\u0151s\u00e9g\u0171 5-Meo-Mipt elad\u00f3 \u00e9s vil\u00e1gszerte sz\u00e1ll\u00edtunk.","breadcrumb":{"@id":"https:\/\/chemgramx.com\/product\/5-meo-mipt-online-kaufen\/#breadcrumb"},"inLanguage":"hu","potentialAction":[{"@type":"ReadAction","target":["https:\/\/chemgramx.com\/product\/5-meo-mipt-online-kaufen\/"]}]},{"@type":"ImageObject","inLanguage":"hu","@id":"https:\/\/chemgramx.com\/product\/5-meo-mipt-online-kaufen\/#primaryimage","url":"https:\/\/chemgramx.com\/wp-content\/uploads\/2025\/11\/5-MeO-MiP.webp","contentUrl":"https:\/\/chemgramx.com\/wp-content\/uploads\/2025\/11\/5-MeO-MiP.webp","width":1500,"height":1125},{"@type":"BreadcrumbList","@id":"https:\/\/chemgramx.com\/product\/5-meo-mipt-online-kaufen\/#breadcrumb","itemListElement":[{"@type":"ListItem","position":1,"name":"Home","item":"https:\/\/chemgramx.com\/"},{"@type":"ListItem","position":2,"name":"Shop","item":"https:\/\/chemgramx.com\/shop\/"},{"@type":"ListItem","position":3,"name":"5-MeO-MiPT Online Kaufen"}]},{"@type":"WebSite","@id":"https:\/\/chemgramx.com\/#website","url":"https:\/\/chemgramx.com\/","name":"Chemgramx","description":"","publisher":{"@id":"https:\/\/chemgramx.com\/#organization"},"potentialAction":[{"@type":"SearchAction","target":{"@type":"EntryPoint","urlTemplate":"https:\/\/chemgramx.com\/?s={search_term_string}"},"query-input":{"@type":"PropertyValueSpecification","valueRequired":true,"valueName":"search_term_string"}}],"inLanguage":"hu"},{"@type":"Organization","@id":"https:\/\/chemgramx.com\/#organization","name":"Chemgramx","url":"https:\/\/chemgramx.com\/","logo":{"@type":"ImageObject","inLanguage":"hu","@id":"https:\/\/chemgramx.com\/#\/schema\/logo\/image\/","url":"https:\/\/chemgramx.com\/wp-content\/uploads\/2024\/10\/final-logo.png","contentUrl":"https:\/\/chemgramx.com\/wp-content\/uploads\/2024\/10\/final-logo.png","width":250,"height":48,"caption":"Chemgramx"},"image":{"@id":"https:\/\/chemgramx.com\/#\/schema\/logo\/image\/"}}]}},"_links":{"self":[{"href":"https:\/\/chemgramx.com\/hu\/wp-json\/wp\/v2\/product\/7603","targetHints":{"allow":["GET"]}}],"collection":[{"href":"https:\/\/chemgramx.com\/hu\/wp-json\/wp\/v2\/product"}],"about":[{"href":"https:\/\/chemgramx.com\/hu\/wp-json\/wp\/v2\/types\/product"}],"replies":[{"embeddable":true,"href":"https:\/\/chemgramx.com\/hu\/wp-json\/wp\/v2\/comments?post=7603"}],"wp:featuredmedia":[{"embeddable":true,"href":"https:\/\/chemgramx.com\/hu\/wp-json\/wp\/v2\/media\/7611"}],"wp:attachment":[{"href":"https:\/\/chemgramx.com\/hu\/wp-json\/wp\/v2\/media?parent=7603"}],"wp:term":[{"taxonomy":"product_brand","embeddable":true,"href":"https:\/\/chemgramx.com\/hu\/wp-json\/wp\/v2\/product_brand?post=7603"},{"taxonomy":"product_cat","embeddable":true,"href":"https:\/\/chemgramx.com\/hu\/wp-json\/wp\/v2\/product_cat?post=7603"},{"taxonomy":"product_tag","embeddable":true,"href":"https:\/\/chemgramx.com\/hu\/wp-json\/wp\/v2\/product_tag?post=7603"}],"curies":[{"name":"wp","href":"https:\/\/api.w.org\/{rel}","templated":true}]}}