{"id":7614,"date":"2025-11-21T11:19:16","date_gmt":"2025-11-21T11:19:16","guid":{"rendered":"https:\/\/chemgramx.com\/?post_type=product&#038;p=7614"},"modified":"2025-11-21T11:20:22","modified_gmt":"2025-11-21T11:20:22","slug":"vasarolni-allylescaline-online","status":"publish","type":"product","link":"https:\/\/chemgramx.com\/hu\/product\/allylescaline-online-kaufen\/","title":{"rendered":"Allylescaline online v\u00e1s\u00e1rl\u00e1s"},"content":{"rendered":"<p data-start=\"292\" data-end=\"649\">Keressen egy lehet\u0151s\u00e9get, <a href=\"https:\/\/chemgramx.com\/product\/allylescaline\/\">V\u00e1s\u00e1roljon Allylescalint online<\/a> Megb\u00edzhat\u00f3 kutat\u00e1si forr\u00e1st keres? A Chemgramx-n\u00e1l kiv\u00e1l\u00f3 min\u0151s\u00e9g\u0171 allil-szkalint v\u00e1s\u00e1rolhat kutat\u00e1si c\u00e9lokra. Olyan allil-szkalint k\u00edn\u00e1lunk elad\u00e1sra, amelyet szigor\u00faan teszteltek \u00e9s laborat\u00f3riumi ellen\u0151rz\u00e9snek vetettek al\u00e1, hogy megfeleljenek a legmagasabb tisztas\u00e1gi \u00e9s megb\u00edzhat\u00f3s\u00e1gi szabv\u00e1nyoknak.<\/p>\n<h2 data-start=\"651\" data-end=\"678\">Milyen t\u00edpus\u00fa gy\u00f3gyszer az allylescaline?<\/h2>\n<p data-start=\"680\" data-end=\"1160\"><a href=\"https:\/\/en.wikipedia.org\/wiki\/Allylescaline\">Allylescaline<\/a> egy pszichedelikus fenetil-amin, amely szerkezetileg szorosan kapcsol\u00f3dik a meszkalinhoz. Kutat\u00e1sokban haszn\u00e1lj\u00e1k a pszichedelikus anyagok k\u00f6zponti idegrendszerre \u00e9s neurotranszmitter aktivit\u00e1sra gyakorolt \u200b\u200bhat\u00e1sainak vizsg\u00e1lat\u00e1ra. Az allil-szkalint rendel\u0151 vagy online v\u00e1s\u00e1rl\u00f3 kutat\u00f3k els\u0151sorban a szerotoninreceptorok \u00e9s azok tudatban, \u00e9rz\u00e9kel\u00e9sben \u00e9s \u00e9rzelmi feldolgoz\u00e1sban bet\u00f6lt\u00f6tt szerep\u00e9nek elemz\u00e9s\u00e9re haszn\u00e1lj\u00e1k.<\/p>\n<h3 data-start=\"1162\" data-end=\"1208\">Mi\u00e9rt \u00e9rdemes az Allylescaline-t v\u00e1lasztani kutat\u00e1shoz?<\/h3>\n<p data-start=\"1210\" data-end=\"1394\">Az allil-szkalin online v\u00e1s\u00e1rl\u00e1sa ir\u00e1nti kereslet egyre n\u00f6vekszik, mivel ez az anyag \u00e9rt\u00e9kes betekint\u00e9st ny\u00fajt a pszichedelikus vegy\u00fcletek hat\u00e1saiba. A kutat\u00f3k az al\u00e1bbiak miatt \u00e9rt\u00e9kelik az allil-szkalint:<\/p>\n<ul data-start=\"1396\" data-end=\"1591\">\n<li data-start=\"1396\" data-end=\"1460\">\n<p data-start=\"1398\" data-end=\"1460\">a szerotoninreceptor-agonist\u00e1k hat\u00e1s\u00e1nak elemz\u00e9se,<\/p>\n<\/li>\n<li data-start=\"1461\" data-end=\"1528\">\n<p data-start=\"1463\" data-end=\"1528\">az \u00e9rz\u00e9kel\u00e9s \u00e9s a tudat v\u00e1ltoz\u00e1sainak felt\u00e1r\u00e1sa,<\/p>\n<\/li>\n<\/ul>\n<p data-start=\"1593\" data-end=\"1741\">Sok tud\u00f3s sz\u00e1m\u00e1ra a Chemgramx a legjobb hely az Allylescaline online v\u00e1s\u00e1rl\u00e1s\u00e1ra, mivel garant\u00e1ljuk a legmagasabb tisztas\u00e1got \u00e9s a bevizsg\u00e1lt min\u0151s\u00e9get.<\/p>\n<h2 data-start=\"1743\" data-end=\"1787\">Allylescaline elad\u00f3 a Chemgramxn\u00e1l<\/h2>\n<p data-start=\"1789\" data-end=\"2124\">Szigor\u00fa laborat\u00f3riumi tesztel\u00e9ssel valid\u00e1lt allil-szkalint k\u00edn\u00e1lunk elad\u00e1sra. Term\u00e9k\u00fcnk megfelel a legmagasabb szabv\u00e1nyoknak, \u00e9s ide\u00e1lis v\u00e1laszt\u00e1s b\u00e1rmilyen kutat\u00e1shoz. Ak\u00e1r pszichedelikus hat\u00e1sokat, ak\u00e1r neurotranszmitter-modul\u00e1ci\u00f3t vizsg\u00e1l, allil-szkalinunk a megfelel\u0151 megold\u00e1s.<\/p>\n<h2 data-start=\"2126\" data-end=\"2165\">A Chemgramx-t\u00f3l t\u00f6rt\u00e9n\u0151 v\u00e1s\u00e1rl\u00e1s el\u0151nyei:<\/h2>\n<ul data-start=\"2167\" data-end=\"2425\">\n<li data-start=\"2167\" data-end=\"2244\">\n<p data-start=\"2169\" data-end=\"2244\">Laborat\u00f3riumban tesztelt tisztas\u00e1g \u2013 megb\u00edzhat\u00f3 kutat\u00e1si eredm\u00e9nyeket garant\u00e1l.<\/p>\n<\/li>\n<li data-start=\"2245\" data-end=\"2323\">\n<p data-start=\"2247\" data-end=\"2323\">Gyors, diszkr\u00e9t sz\u00e1ll\u00edt\u00e1s \u2013 biztons\u00e1gosan \u00e9s bizalmasan az \u00d6n c\u00edm\u00e9re.<\/p>\n<\/li>\n<li data-start=\"2324\" data-end=\"2425\">\n<p data-start=\"2326\" data-end=\"2425\">Kutat\u00e1si alkalmass\u00e1g \u2013 t\u00f6k\u00e9letes a tudatoss\u00e1g, az \u00e9rz\u00e9kel\u00e9s \u00e9s a szerotonin modul\u00e1ci\u00f3j\u00e1nak tanulm\u00e1nyoz\u00e1s\u00e1hoz.<\/p>\n<\/li>\n<\/ul>\n<p data-start=\"2427\" data-end=\"2568\">Sok kutat\u00f3 megk\u00e9rdezi mag\u00e1t\u00f3l: <em data-start=\"2455\" data-end=\"2483\">Hol lehet Allylescaline-t v\u00e1s\u00e1rolni?<\/em>? \u2013 A v\u00e1lasz a Chemgramx, az \u00d6n megb\u00edzhat\u00f3, nagy tisztas\u00e1g\u00fa anyagokat gy\u00e1rt\u00f3 sz\u00e1ll\u00edt\u00f3ja.<\/p>\n<h2 data-start=\"2570\" data-end=\"2609\">Allilszkalin \u00e1ra \u00e9s rendel\u00e9se<\/h2>\n<p data-start=\"2611\" data-end=\"2817\">Vonz\u00f3 Allylescaline \u00e1raj\u00e1nlatokat k\u00edn\u00e1lunk kutat\u00e1si c\u00e9lokra. Amikor Allylescaline-t rendel, biztos lehet benne, hogy egy tesztelt, a legmagasabb szabv\u00e1nyoknak megfelel\u0151 term\u00e9ket kap.<\/p>\n<h2 data-start=\"2819\" data-end=\"2864\">Jogi st\u00e1tusz \u00e9s biztons\u00e1gos k\u00e9zbes\u00edt\u00e9s<\/h2>\n<p data-start=\"2866\" data-end=\"3120\">K\u00e9rj\u00fck, ellen\u0151rizze az allilszkalin jogi st\u00e1tusz\u00e1t az \u00d6n orsz\u00e1g\u00e1ban vagy r\u00e9gi\u00f3j\u00e1ban, miel\u0151tt online v\u00e1s\u00e1rolna allilszkalint. A Chemgramx kiz\u00e1r\u00f3lag kutat\u00e1si c\u00e9lokra \u00e9rt\u00e9kes\u00edti az allilszkalint, \u00e9s garant\u00e1lja a biztons\u00e1gos, bizalmas sz\u00e1ll\u00edt\u00e1st.<\/p>\n<h2 data-start=\"3122\" data-end=\"3163\">Rendeljen Allylescaline-t online most<\/h2>\n<p data-start=\"3165\" data-end=\"3425\">K\u00e9szen \u00e1llsz arra, hogy kib\u0151v\u00edtsd a kutat\u00e1sodat? Akkor mostant\u00f3l v\u00e1s\u00e1rolhatsz allil-szkalint, ak\u00e1r k\u00f6zvetlen\u00fcl a platformunkon kereszt\u00fcl, ak\u00e1r diszkr\u00e9t rendel\u00e9s lead\u00e1s\u00e1val. Az allil-szkalin v\u00e1laszt\u00e9kunk garant\u00e1lja a tisztas\u00e1got, a min\u0151s\u00e9get \u00e9s a gyors sz\u00e1ll\u00edt\u00e1st.<\/p>\n<p data-start=\"3427\" data-end=\"3594\">A Chemgramx az \u00d6n megb\u00edzhat\u00f3 partnere a kutat\u00e1si anyagok ter\u00e9n \u2013 a legjobb hely az Allylescaline online v\u00e1s\u00e1rl\u00e1s\u00e1ra, tesztelt tisztas\u00e1ggal \u00e9s professzion\u00e1lis kiszolg\u00e1l\u00e1ssal.<\/p>","protected":false},"excerpt":{"rendered":"<p>Az alileszkalin egy pszichoakt\u00edv anyag, amely a feniletilaminok oszt\u00e1ly\u00e1ba tartozik. K\u00e9miailag rokon m\u00e1s ismert pszichedelikus vegy\u00fcletekkel, \u00e9s a tudatoss\u00e1gra gyakorolt lehets\u00e9ges hat\u00e1sai miatt vonzza a kutat\u00f3k \u00e9s a felhaszn\u00e1l\u00f3k \u00e9rdekl\u0151d\u00e9s\u00e9t.<\/p>\n<ul>\n<li><strong>CAS-sz\u00e1m:<\/strong> <strong>10064-94-1<\/strong><\/li>\n<li><strong>K\u00e9miai k\u00e9plet:<\/strong> <strong>C12H17NO2<\/strong><\/li>\n<\/ul>","protected":false},"featured_media":7644,"comment_status":"open","ping_status":"closed","template":"","meta":{"_joinchat":[]},"product_brand":[],"product_cat":[96],"product_tag":[2679,2681,2673,2680,2678,2674,2675,2677,2676,2015],"class_list":{"0":"post-7614","1":"product","2":"type-product","3":"status-publish","4":"has-post-thumbnail","6":"product_cat-psychedelische-droge","7":"product_tag-allylescaline-chemikalien","8":"product_tag-allylescaline-drogen","9":"product_tag-allylescaline-kaufen","10":"product_tag-allylescaline-kaufen-deutschland","11":"product_tag-allylescaline-kaufen-online","12":"product_tag-allylescaline-kristalle","13":"product_tag-allylescaline-online-kaufen","14":"product_tag-allylescaline-preis","15":"product_tag-allylescaline-prodej","16":"product_tag-synthetische-drogen","18":"first","19":"instock","20":"shipping-taxable","21":"purchasable","22":"product-type-variable"},"yoast_head":"<!-- This site is optimized with the Yoast SEO plugin v27.5 - https:\/\/yoast.com\/product\/yoast-seo-wordpress\/ -->\n<title>Allylescaline online kaufen \u2013 Allylescaline zu verkaufen<\/title>\n<meta name=\"description\" content=\"Es ist die beste Zeit, unseren Chemgramx-Onlineshop zu besuchen und Allylescaline online zu kaufen. Wir haben hier Allylescaline zum Verkauf. Treffen Sie uns online und bestellen Sie noch heute!\" \/>\n<meta name=\"robots\" content=\"index, follow, max-snippet:-1, max-image-preview:large, max-video-preview:-1\" \/>\n<link rel=\"canonical\" href=\"https:\/\/chemgramx.com\/hu\/termek-1\/vasarolni-allylescaline-online\/\" \/>\n<meta property=\"og:locale\" content=\"hu_HU\" \/>\n<meta property=\"og:type\" content=\"article\" \/>\n<meta property=\"og:title\" content=\"Allylescaline online kaufen \u2013 Allylescaline zu verkaufen\" \/>\n<meta property=\"og:description\" content=\"Es ist die beste Zeit, unseren Chemgramx-Onlineshop zu besuchen und Allylescaline online zu kaufen. Wir haben hier Allylescaline zum Verkauf. Treffen Sie uns online und bestellen Sie noch heute!\" \/>\n<meta property=\"og:url\" content=\"https:\/\/chemgramx.com\/hu\/termek-1\/vasarolni-allylescaline-online\/\" \/>\n<meta property=\"og:site_name\" content=\"Chemgramx\" \/>\n<meta property=\"article:modified_time\" content=\"2025-11-21T11:20:22+00:00\" \/>\n<meta property=\"og:image\" content=\"https:\/\/chemgramx.com\/wp-content\/uploads\/2025\/11\/Allylescaline.jpg\" \/>\n\t<meta property=\"og:image:width\" content=\"474\" \/>\n\t<meta property=\"og:image:height\" content=\"347\" \/>\n\t<meta property=\"og:image:type\" content=\"image\/jpeg\" \/>\n<meta name=\"twitter:card\" content=\"summary_large_image\" \/>\n<meta name=\"twitter:label1\" content=\"Becs\u00fclt olvas\u00e1si id\u0151\" \/>\n\t<meta name=\"twitter:data1\" content=\"2 perc\" \/>\n<script type=\"application\/ld+json\" class=\"yoast-schema-graph\">{\"@context\":\"https:\\\/\\\/schema.org\",\"@graph\":[{\"@type\":\"WebPage\",\"@id\":\"https:\\\/\\\/chemgramx.com\\\/product\\\/allylescaline-online-kaufen\\\/\",\"url\":\"https:\\\/\\\/chemgramx.com\\\/product\\\/allylescaline-online-kaufen\\\/\",\"name\":\"Allylescaline online kaufen \u2013 Allylescaline zu verkaufen\",\"isPartOf\":{\"@id\":\"https:\\\/\\\/chemgramx.com\\\/#website\"},\"primaryImageOfPage\":{\"@id\":\"https:\\\/\\\/chemgramx.com\\\/product\\\/allylescaline-online-kaufen\\\/#primaryimage\"},\"image\":{\"@id\":\"https:\\\/\\\/chemgramx.com\\\/product\\\/allylescaline-online-kaufen\\\/#primaryimage\"},\"thumbnailUrl\":\"https:\\\/\\\/chemgramx.com\\\/wp-content\\\/uploads\\\/2025\\\/11\\\/Allylescaline.jpg\",\"datePublished\":\"2025-11-21T11:19:16+00:00\",\"dateModified\":\"2025-11-21T11:20:22+00:00\",\"description\":\"Es ist die beste Zeit, unseren Chemgramx-Onlineshop zu besuchen und Allylescaline online zu kaufen. Wir haben hier Allylescaline zum Verkauf. Treffen Sie uns online und bestellen Sie noch heute!\",\"breadcrumb\":{\"@id\":\"https:\\\/\\\/chemgramx.com\\\/product\\\/allylescaline-online-kaufen\\\/#breadcrumb\"},\"inLanguage\":\"hu\",\"potentialAction\":[{\"@type\":\"ReadAction\",\"target\":[\"https:\\\/\\\/chemgramx.com\\\/product\\\/allylescaline-online-kaufen\\\/\"]}]},{\"@type\":\"ImageObject\",\"inLanguage\":\"hu\",\"@id\":\"https:\\\/\\\/chemgramx.com\\\/product\\\/allylescaline-online-kaufen\\\/#primaryimage\",\"url\":\"https:\\\/\\\/chemgramx.com\\\/wp-content\\\/uploads\\\/2025\\\/11\\\/Allylescaline.jpg\",\"contentUrl\":\"https:\\\/\\\/chemgramx.com\\\/wp-content\\\/uploads\\\/2025\\\/11\\\/Allylescaline.jpg\",\"width\":474,\"height\":347},{\"@type\":\"BreadcrumbList\",\"@id\":\"https:\\\/\\\/chemgramx.com\\\/product\\\/allylescaline-online-kaufen\\\/#breadcrumb\",\"itemListElement\":[{\"@type\":\"ListItem\",\"position\":1,\"name\":\"Home\",\"item\":\"https:\\\/\\\/chemgramx.com\\\/\"},{\"@type\":\"ListItem\",\"position\":2,\"name\":\"Shop\",\"item\":\"https:\\\/\\\/chemgramx.com\\\/shop\\\/\"},{\"@type\":\"ListItem\",\"position\":3,\"name\":\"Allylescaline online kaufen\"}]},{\"@type\":\"WebSite\",\"@id\":\"https:\\\/\\\/chemgramx.com\\\/#website\",\"url\":\"https:\\\/\\\/chemgramx.com\\\/\",\"name\":\"Chemgramx\",\"description\":\"\",\"publisher\":{\"@id\":\"https:\\\/\\\/chemgramx.com\\\/#organization\"},\"potentialAction\":[{\"@type\":\"SearchAction\",\"target\":{\"@type\":\"EntryPoint\",\"urlTemplate\":\"https:\\\/\\\/chemgramx.com\\\/?s={search_term_string}\"},\"query-input\":{\"@type\":\"PropertyValueSpecification\",\"valueRequired\":true,\"valueName\":\"search_term_string\"}}],\"inLanguage\":\"hu\"},{\"@type\":\"Organization\",\"@id\":\"https:\\\/\\\/chemgramx.com\\\/#organization\",\"name\":\"Chemgramx\",\"url\":\"https:\\\/\\\/chemgramx.com\\\/\",\"logo\":{\"@type\":\"ImageObject\",\"inLanguage\":\"hu\",\"@id\":\"https:\\\/\\\/chemgramx.com\\\/#\\\/schema\\\/logo\\\/image\\\/\",\"url\":\"https:\\\/\\\/chemgramx.com\\\/wp-content\\\/uploads\\\/2024\\\/10\\\/final-logo.png\",\"contentUrl\":\"https:\\\/\\\/chemgramx.com\\\/wp-content\\\/uploads\\\/2024\\\/10\\\/final-logo.png\",\"width\":250,\"height\":48,\"caption\":\"Chemgramx\"},\"image\":{\"@id\":\"https:\\\/\\\/chemgramx.com\\\/#\\\/schema\\\/logo\\\/image\\\/\"}}]}<\/script>\n<!-- \/ Yoast SEO plugin. -->","yoast_head_json":{"title":"V\u00e1s\u00e1roljon Allylescaline-t online \u2013 Allylescaline elad\u00f3","description":"Itt a legjobb alkalom, hogy felkeresd a Chemgramx online \u00e1ruh\u00e1zunkat \u00e9s online v\u00e1s\u00e1rolj Allylescaline-t. N\u00e1lunk akci\u00f3san kaphat\u00f3 Allylescaline. Tal\u00e1lkozz vel\u00fcnk online \u00e9s rendelj m\u00e9g ma!","robots":{"index":"index","follow":"follow","max-snippet":"max-snippet:-1","max-image-preview":"max-image-preview:large","max-video-preview":"max-video-preview:-1"},"canonical":"https:\/\/chemgramx.com\/hu\/termek-1\/vasarolni-allylescaline-online\/","og_locale":"hu_HU","og_type":"article","og_title":"Allylescaline online kaufen \u2013 Allylescaline zu verkaufen","og_description":"Es ist die beste Zeit, unseren Chemgramx-Onlineshop zu besuchen und Allylescaline online zu kaufen. Wir haben hier Allylescaline zum Verkauf. Treffen Sie uns online und bestellen Sie noch heute!","og_url":"https:\/\/chemgramx.com\/hu\/termek-1\/vasarolni-allylescaline-online\/","og_site_name":"Chemgramx","article_modified_time":"2025-11-21T11:20:22+00:00","og_image":[{"width":474,"height":347,"url":"https:\/\/chemgramx.com\/wp-content\/uploads\/2025\/11\/Allylescaline.jpg","type":"image\/jpeg"}],"twitter_card":"summary_large_image","twitter_misc":{"Becs\u00fclt olvas\u00e1si id\u0151":"2 perc"},"schema":{"@context":"https:\/\/schema.org","@graph":[{"@type":"WebPage","@id":"https:\/\/chemgramx.com\/product\/allylescaline-online-kaufen\/","url":"https:\/\/chemgramx.com\/product\/allylescaline-online-kaufen\/","name":"V\u00e1s\u00e1roljon Allylescaline-t online \u2013 Allylescaline elad\u00f3","isPartOf":{"@id":"https:\/\/chemgramx.com\/#website"},"primaryImageOfPage":{"@id":"https:\/\/chemgramx.com\/product\/allylescaline-online-kaufen\/#primaryimage"},"image":{"@id":"https:\/\/chemgramx.com\/product\/allylescaline-online-kaufen\/#primaryimage"},"thumbnailUrl":"https:\/\/chemgramx.com\/wp-content\/uploads\/2025\/11\/Allylescaline.jpg","datePublished":"2025-11-21T11:19:16+00:00","dateModified":"2025-11-21T11:20:22+00:00","description":"Itt a legjobb alkalom, hogy felkeresd a Chemgramx online \u00e1ruh\u00e1zunkat \u00e9s online v\u00e1s\u00e1rolj Allylescaline-t. N\u00e1lunk akci\u00f3san kaphat\u00f3 Allylescaline. Tal\u00e1lkozz vel\u00fcnk online \u00e9s rendelj m\u00e9g ma!","breadcrumb":{"@id":"https:\/\/chemgramx.com\/product\/allylescaline-online-kaufen\/#breadcrumb"},"inLanguage":"hu","potentialAction":[{"@type":"ReadAction","target":["https:\/\/chemgramx.com\/product\/allylescaline-online-kaufen\/"]}]},{"@type":"ImageObject","inLanguage":"hu","@id":"https:\/\/chemgramx.com\/product\/allylescaline-online-kaufen\/#primaryimage","url":"https:\/\/chemgramx.com\/wp-content\/uploads\/2025\/11\/Allylescaline.jpg","contentUrl":"https:\/\/chemgramx.com\/wp-content\/uploads\/2025\/11\/Allylescaline.jpg","width":474,"height":347},{"@type":"BreadcrumbList","@id":"https:\/\/chemgramx.com\/product\/allylescaline-online-kaufen\/#breadcrumb","itemListElement":[{"@type":"ListItem","position":1,"name":"Home","item":"https:\/\/chemgramx.com\/"},{"@type":"ListItem","position":2,"name":"Shop","item":"https:\/\/chemgramx.com\/shop\/"},{"@type":"ListItem","position":3,"name":"Allylescaline online kaufen"}]},{"@type":"WebSite","@id":"https:\/\/chemgramx.com\/#website","url":"https:\/\/chemgramx.com\/","name":"Chemgramx","description":"","publisher":{"@id":"https:\/\/chemgramx.com\/#organization"},"potentialAction":[{"@type":"SearchAction","target":{"@type":"EntryPoint","urlTemplate":"https:\/\/chemgramx.com\/?s={search_term_string}"},"query-input":{"@type":"PropertyValueSpecification","valueRequired":true,"valueName":"search_term_string"}}],"inLanguage":"hu"},{"@type":"Organization","@id":"https:\/\/chemgramx.com\/#organization","name":"Chemgramx","url":"https:\/\/chemgramx.com\/","logo":{"@type":"ImageObject","inLanguage":"hu","@id":"https:\/\/chemgramx.com\/#\/schema\/logo\/image\/","url":"https:\/\/chemgramx.com\/wp-content\/uploads\/2024\/10\/final-logo.png","contentUrl":"https:\/\/chemgramx.com\/wp-content\/uploads\/2024\/10\/final-logo.png","width":250,"height":48,"caption":"Chemgramx"},"image":{"@id":"https:\/\/chemgramx.com\/#\/schema\/logo\/image\/"}}]}},"_links":{"self":[{"href":"https:\/\/chemgramx.com\/hu\/wp-json\/wp\/v2\/product\/7614","targetHints":{"allow":["GET"]}}],"collection":[{"href":"https:\/\/chemgramx.com\/hu\/wp-json\/wp\/v2\/product"}],"about":[{"href":"https:\/\/chemgramx.com\/hu\/wp-json\/wp\/v2\/types\/product"}],"replies":[{"embeddable":true,"href":"https:\/\/chemgramx.com\/hu\/wp-json\/wp\/v2\/comments?post=7614"}],"wp:featuredmedia":[{"embeddable":true,"href":"https:\/\/chemgramx.com\/hu\/wp-json\/wp\/v2\/media\/7644"}],"wp:attachment":[{"href":"https:\/\/chemgramx.com\/hu\/wp-json\/wp\/v2\/media?parent=7614"}],"wp:term":[{"taxonomy":"product_brand","embeddable":true,"href":"https:\/\/chemgramx.com\/hu\/wp-json\/wp\/v2\/product_brand?post=7614"},{"taxonomy":"product_cat","embeddable":true,"href":"https:\/\/chemgramx.com\/hu\/wp-json\/wp\/v2\/product_cat?post=7614"},{"taxonomy":"product_tag","embeddable":true,"href":"https:\/\/chemgramx.com\/hu\/wp-json\/wp\/v2\/product_tag?post=7614"}],"curies":[{"name":"wp","href":"https:\/\/api.w.org\/{rel}","templated":true}]}}