{"id":7616,"date":"2025-11-21T11:19:16","date_gmt":"2025-11-21T11:19:16","guid":{"rendered":"https:\/\/chemgramx.com\/?post_type=product&#038;p=7616"},"modified":"2025-12-10T06:52:08","modified_gmt":"2025-12-10T06:52:08","slug":"4-aco-dmt-online-vasarlas","status":"publish","type":"product","link":"https:\/\/chemgramx.com\/hu\/product\/4-aco-dmt-online-kaufen\/","title":{"rendered":"4-ACO-DMT online v\u00e1s\u00e1rl\u00e1sa"},"content":{"rendered":"<p><b>4-AcO-DMT<\/b>, vagy 4-acetoxi-N,N-dimetiltriptamin, egy szintetikus, pszichedelikus triptaminvegy\u00fclet, amely nagy jelent\u0151s\u00e9ggel b\u00edr a tudom\u00e1nyos kutat\u00e1sban. A pszilocibinnel szoros rokons\u00e1gban \u00e1ll, gyakran annak \u201eel\u0151gy\u00f3gyszer\u00e9nek\u201c vagy anal\u00f3gj\u00e1nak nevezik, mivel a szervezetben pszilocinn\u00e1 metaboliz\u00e1l\u00f3dik, amely a pszilocibin tartalm\u00fa gomb\u00e1k els\u0151dleges akt\u00edv metabolitja. A kutat\u00f3k sz\u00e1m\u00e1ra, akik <b>Hiteles 4-AcO-DMT<\/b> Ha kontroll\u00e1lt tanulm\u00e1nyokhoz keresel, a Chemgramx kiv\u00e1l\u00f3 megold\u00e1st k\u00edn\u00e1l. Ez a vegy\u00fclet val\u00f3ban m\u00e9ly vizu\u00e1lis \u00e9s introspekt\u00edv \u00e9lm\u00e9nyeket tesz lehet\u0151v\u00e9, amelyek \u00e9rt\u00e9kes betekint\u00e9st ny\u00fajtanak a tudatfolyamatokba \u00e9s a neurok\u00e9miai mechanizmusokba.<\/p>\n<p>A k\u00eds\u00e9rleti idegtudom\u00e1nyok \u00e9s pszichofarmakol\u00f3gia ter\u00fclet\u00e9n a k\u00f6vetkez\u0151 anyagok rendelkez\u00e9sre \u00e1ll\u00e1sa fontos: <b>Kiv\u00e1l\u00f3 min\u0151s\u00e9g\u0171 4-AcO-DMT<\/b> d\u00f6nt\u0151 jelent\u0151s\u00e9g\u0171. Ez\u00e9rt a Chemgramx arra specializ\u00e1l\u00f3dott, hogy pontos \u00e9s megb\u00edzhat\u00f3 kutat\u00e1si term\u00e9keket k\u00edn\u00e1ljon. Ha \u00d6n <b>4-AcO-DMT v\u00e1s\u00e1rl\u00e1s<\/b> ha tanulm\u00e1nyait el\u0151re szeretn\u00e9 vinni, itt olyan term\u00e9keket tal\u00e1l, amelyek szigor\u00fa tisztas\u00e1gi el\u0151\u00edr\u00e1soknak felelnek meg. Ezenk\u00edv\u00fcl kiv\u00e1l\u00f3 v\u00e1laszt\u00e9kkal t\u00e1mogatjuk a tud\u00f3sokat vil\u00e1gszerte.<\/p>\n<h2>A 4-AcO-DMT var\u00e1zsa: egy szintetikus triptamin<\/h2>\n<p>A 4-AcO-DMT k\u00e9miai szerkezete egy acet\u00e1tcsoporttal jellemezhet\u0151, amely a pszilocin molekula hidroxilpoz\u00edci\u00f3j\u00e1hoz k\u00f6t\u0151dik. Ez a m\u00f3dos\u00edt\u00e1s jelent\u0151sen befoly\u00e1solja stabilit\u00e1s\u00e1t \u00e9s metabolizmus\u00e1t a szervezetben. Eredetileg a 4-AcO-DMT-t a kutat\u00f3i k\u00f6z\u00f6ss\u00e9g a pszilocin \u00e9rdekes sz\u00e1rmaz\u00e9kak\u00e9nt azonos\u00edtotta, ami al\u00e1h\u00fazza annak jelent\u0151s\u00e9g\u00e9t a fejlett kutat\u00e1sok sz\u00e1m\u00e1ra.<\/p>\n<h3>K\u00e9miai szerkezet \u00e9s anal\u00f3gia a pszilocibinnel<\/h3>\n<p>A 4-acetoxi-N,N-dimetiltriptamin a triptaminok csal\u00e1dj\u00e1ba tartozik, amely egy olyan vegy\u00fcletekb\u0151l \u00e1ll\u00f3 oszt\u00e1ly, amelyek k\u00f6zponti szerepet j\u00e1tszanak a neurobiol\u00f3gi\u00e1ban. K\u00fcl\u00f6n\u00f6sen a pszilocin \u00e9sztere, ami azt jelenti, hogy hasonl\u00f3 k\u00e9miai alapszerkezettel rendelkezik. Ez\u00e9rt metaboliz\u00e1l\u00f3d\u00e1s ut\u00e1n farmakol\u00f3giai hat\u00e1sai hasonl\u00f3ak a pszilocin\u00e9hez. Ez a tulajdons\u00e1g ide\u00e1lis eszk\u00f6zz\u00e9 teszi a szerotoninreceptor-interakci\u00f3k kutat\u00e1s\u00e1hoz.<\/p>\n<h3>T\u00f6rt\u00e9nelmi h\u00e1tt\u00e9r \u00e9s felfedez\u00e9s<\/h3>\n<p>A 4-AcO-DMT szint\u00e9zis\u00e9t gyakran Albert Hofmannnak, az LSD h\u00edres felfedez\u0151j\u00e9nek tulajdon\u00edtj\u00e1k. Az 1960-as \u00e9vekben v\u00e9gzett munk\u00e1ja megalapozta sz\u00e1mos pszichedelikus vegy\u00fclet meg\u00e9rt\u00e9s\u00e9t. \u00cdgy a vegy\u00fclet t\u00f6bb \u00e9vtizedes kutat\u00e1s eredm\u00e9nye a pszichofarmakol\u00f3gia ter\u00fclet\u00e9n. A t\u00f6rt\u00e9nelmi kontextus hangs\u00falyozza annak sz\u00fcks\u00e9gess\u00e9g\u00e9t, hogy ezeket az anyagokat ellen\u0151rz\u00f6tt k\u00f6r\u00fclm\u00e9nyek k\u00f6z\u00f6tt vizsg\u00e1lj\u00e1k.<\/p>\n<h2>Mi\u00e9rt elengedhetetlen a 4-AcO-DMT a kutat\u00e1s sz\u00e1m\u00e1ra?<\/h2>\n<p>A kutat\u00f3 laborat\u00f3riumok vil\u00e1gszerte reproduk\u00e1lhat\u00f3 \u00e9s megb\u00edzhat\u00f3 anyagokat keresnek. Ez\u00e9rt a <b>Kutat\u00e1si oszt\u00e1ly 4-AcO-DMT<\/b> elengedhetetlen a k\u00eds\u00e9rleti adatok integrit\u00e1s\u00e1nak biztos\u00edt\u00e1s\u00e1hoz. A nagy tisztas\u00e1g\u00fa vegyi anyagokhoz kapcsol\u00f3d\u00f3 pontoss\u00e1g lehet\u0151v\u00e9 teszi a tud\u00f3sok sz\u00e1m\u00e1ra, hogy pontos k\u00f6vetkeztet\u00e9seket vonjanak le a hat\u00e1smechanizmusokr\u00f3l, \u00e9s \u00edgy b\u0151v\u00edts\u00e9k a komplex biol\u00f3giai folyamatokr\u00f3l sz\u00f3l\u00f3 ismereteinket.<\/p>\n<h3>Alkalmaz\u00e1sok a neurok\u00e9mia \u00e9s a pszichol\u00f3gia ter\u00fclet\u00e9n<\/h3>\n<p>A 4-AcO-DMT sz\u00e9les k\u00f6rben alkalmazhat\u00f3 neurok\u00e9miai tanulm\u00e1nyokban, k\u00fcl\u00f6n\u00f6sen a szerotoninreceptorok \u00e9s azok hangulat, \u00e9szlel\u00e9s \u00e9s kognit\u00edv funkci\u00f3k modul\u00e1l\u00e1s\u00e1ban bet\u00f6lt\u00f6tt szerep\u00e9nek vizsg\u00e1lat\u00e1ban. Ezenk\u00edv\u00fcl \u00e9rt\u00e9kes eszk\u00f6z a pszichol\u00f3giai kutat\u00e1sokban az megv\u00e1ltozott tudat\u00e1llapotok \u00e9s azok potenci\u00e1lis ter\u00e1pi\u00e1s alkalmaz\u00e1sainak elemz\u00e9s\u00e9ben. Hat\u00e1sa pontos jellege miatt n\u00e9pszer\u0171 kutat\u00e1si t\u00e1rgy, csak\u00fagy, mint <a href=\"https:\/\/chemgramx.com\/product\/alpha-methyltryptamine-amt-kaufen\/\">Alfa-metiltriptamin (AMT)<\/a>, egy m\u00e1sik fontos triptamin-sz\u00e1rmaz\u00e9k.<\/p>\n<h3>A tisztas\u00e1g fontoss\u00e1ga a kutat\u00e1sban<\/h3>\n<p>A pontos \u00e9s megb\u00edzhat\u00f3 kutat\u00e1si eredm\u00e9nyek \u00e9rdek\u00e9ben a vegyi anyagok tisztas\u00e1ga nem k\u00e9pezi t\u00e1rgyal\u00e1si alapot. A 4-AcO-DMT magas tisztas\u00e1ga biztos\u00edtja, hogy a megfigyelt hat\u00e1sok k\u00f6zvetlen\u00fcl a vegy\u00fcletnek tulajdon\u00edthat\u00f3k legyenek, \u00e9s ne szennyez\u0151d\u00e9seknek. Ez\u00e1ltal minimaliz\u00e1l\u00f3dnak a hibalehet\u0151s\u00e9gek \u00e9s n\u0151 a k\u00eds\u00e9rleti adatok \u00e9rv\u00e9nyess\u00e9ge. Biztos\u00edtjuk, hogy a mi <b>Magas tisztas\u00e1g\u00fa 4-AcO-DMT megv\u00e1s\u00e1rl\u00e1s\u00e1ra<\/b> mindig megfelel ezeknek az elv\u00e1r\u00e1soknak.<\/p>\n<h2>4-AcO-DMT v\u00e1s\u00e1rl\u00e1s: min\u0151s\u00e9g \u00e9s bizalom a Chemgramx-n\u00e1l<\/h2>\n<p>A megb\u00edzhat\u00f3 kutat\u00e1si vegyi anyagok besz\u00e1ll\u00edt\u00f3j\u00e1nak kiv\u00e1laszt\u00e1sa rendk\u00edv\u00fcl fontos. A Chemgramx elk\u00f6telezett amellett, hogy kiz\u00e1r\u00f3lag a legmagasabb min\u0151s\u00e9g\u0171, kifejezetten tudom\u00e1nyos c\u00e9lokra tervezett term\u00e9keket k\u00edn\u00e1ljon. Lehet\u0151v\u00e9 tessz\u00fck \u00d6nnek, hogy, <b>A legjobb 4-AcO-DMT kaphat\u00f3<\/b> projektjeihez biztons\u00e1gosan beszerezni.<\/p>\n<h3>A legmagasabb tisztas\u00e1g garant\u00e1l\u00e1sa<\/h3>\n<p>A 4-AcO-DMT minden t\u00e9tel\u00e9t gondosan ellen\u0151rizz\u00fck, hogy a lehet\u0151 legnagyobb tisztas\u00e1got garant\u00e1ljuk. A legmodernebb analitikai m\u00f3dszerek, mint p\u00e9ld\u00e1ul a HPLC \u00e9s a GC-MS seg\u00edts\u00e9g\u00e9vel biztos\u00edtjuk, hogy \u00d6n egy nemk\u00edv\u00e1natos szennyez\u0151d\u00e9sekt\u0151l mentes term\u00e9ket kapjon. Ez\u00e9rt a mi <b>Laborat\u00f3riumi min\u0151s\u00e9g\u0171 4-AcO-DMT megv\u00e1s\u00e1rolhat\u00f3<\/b> az els\u0151 v\u00e1laszt\u00e1s a komoly kutat\u00f3k sz\u00e1m\u00e1ra.<\/p>\n<h3>\u00c1tfog\u00f3 min\u0151s\u00e9g-ellen\u0151rz\u00e9s<\/h3>\n<p>Szigor\u00fa min\u0151s\u00e9g-ellen\u0151rz\u00e9si elj\u00e1r\u00e1saink t\u00f6bb ellen\u0151rz\u00e9si l\u00e9p\u00e9st tartalmaznak, a nyersanyagok beszerz\u00e9s\u00e9t\u0151l a v\u00e9gterm\u00e9kig. Ez a szigor\u00fa megk\u00f6zel\u00edt\u00e9s biztos\u00edtja minden sz\u00e1ll\u00edt\u00e1s konzisztenci\u00e1j\u00e1t \u00e9s megb\u00edzhat\u00f3s\u00e1g\u00e1t. Ezenk\u00edv\u00fcl k\u00e9r\u00e9sre tisztas\u00e1gi tan\u00fas\u00edtv\u00e1nyokat is k\u00edn\u00e1lunk, hogy al\u00e1t\u00e1masszuk \u00e1tl\u00e1that\u00f3s\u00e1gunkat \u00e9s min\u0151s\u00e9g\u00fcnket. Ez\u00e9rt b\u00edzhat az \u00e1lland\u00f3an magas min\u0151s\u00e9gben, ha <b>4-AcO-DMT online megrendel\u00e9s<\/b>.<\/p>\n<h3>Kutat\u00e1si projektek mennyis\u00e9gi opci\u00f3i<\/h3>\n<p>Tiszt\u00e1ban vagyunk azzal, hogy a kutat\u00e1si projektek k\u00fcl\u00f6nb\u00f6z\u0151 mennyis\u00e9g\u0171 vegyszert ig\u00e9nyelnek. Ez\u00e9rt a 4-AcO-DMT-t k\u00fcl\u00f6nb\u00f6z\u0151 mennyis\u00e9gekben k\u00edn\u00e1ljuk, hogy mind a kis pilot tanulm\u00e1nyokat, mind a kiterjedt k\u00eds\u00e9rleteket t\u00e1mogatni tudjuk. A kutat\u00f3k a Chemgramx-n\u00e1l <b>4-AcO-DMT v\u00e1s\u00e1rl\u00e1s<\/b> \u00e9s sz\u00e1mos lehet\u0151s\u00e9g k\u00f6z\u00fcl v\u00e1laszthatnak, amelyek megfelelnek az egyedi ig\u00e9nyeiknek. Hasonl\u00f3an soksz\u00edn\u0171ek a k\u00edn\u00e1lataink a k\u00f6vetkez\u0151 ter\u00fcleteken: <a href=\"https:\/\/chemgramx.com\/product\/kaufen-sie-kokainflocken\/\">egy\u00e9b kutat\u00e1si vegyszerek<\/a>.<\/p>\n<h2>A nagy tisztas\u00e1g\u00fa 4-AcO-DMT jellemz\u0151i \u00e9s el\u0151nyei<\/h2>\n<p>A 4-AcO-DMT egyed\u00fcl\u00e1ll\u00f3 tulajdons\u00e1gai \u00e9rt\u00e9kes eszk\u00f6zz\u00e9 teszik a kutat\u00e1sban. Lehet\u0151s\u00e9get ny\u00fajt komplex neurok\u00e9miai folyamatok megfejt\u00e9s\u00e9re \u00e9s \u00faj ismeretek megszerz\u00e9s\u00e9re az emberi tudatr\u00f3l. Ez\u00e1ltal jelent\u0151sen hozz\u00e1j\u00e1rul a tudom\u00e1ny fejl\u0151d\u00e9s\u00e9hez.<\/p>\n<h3>Kutat\u00e1si potenci\u00e1l \u00e9s hat\u00e1smechanizmus<\/h3>\n<p>A 4-AcO-DMT hatalmas potenci\u00e1llal rendelkezik a pszichofarmakol\u00f3giai kutat\u00e1sban. Lehet\u0151v\u00e9 teszi a triptaminok agyban bet\u00f6lt\u00f6tt szerep\u00e9nek \u00e9s a neurotranszmitter-rendszerekre gyakorolt hat\u00e1s\u00e1nak vizsg\u00e1lat\u00e1t. A pontos hat\u00e1smechanizmus, k\u00fcl\u00f6n\u00f6sen a szerotoninreceptorokkal val\u00f3 interakci\u00f3, akt\u00edv kutat\u00e1si ter\u00fclet. Ez ide\u00e1lis jel\u00f6ltt\u00e9 teszi a felt\u00e1r\u00f3 tanulm\u00e1nyokhoz.<\/p>\n<h3>Biztons\u00e1g \u00e9s pontoss\u00e1g a kezel\u00e9sben<\/h3>\n<p>A kutat\u00e1si vegyszerekkel val\u00f3 b\u00e1n\u00e1sm\u00f3d sor\u00e1n a legnagyobb \u00f3vatoss\u00e1gra van sz\u00fcks\u00e9g. A mi <b>4-AcO-DMT elad\u00f3<\/b> szigor\u00fa biztons\u00e1gi el\u0151\u00edr\u00e1sok szerint ker\u00fcl feldolgoz\u00e1sra \u00e9s el\u0151k\u00e9sz\u00edt\u00e9sre. Nagy hangs\u00falyt fektet\u00fcnk a vil\u00e1gos c\u00edmk\u00e9z\u00e9sre \u00e9s \u00e1tfog\u00f3 term\u00e9kinform\u00e1ci\u00f3k biztos\u00edt\u00e1s\u00e1ra, hogy garant\u00e1ljuk a biztons\u00e1gos kezel\u00e9st a kutat\u00e1si k\u00f6rnyezetben. A term\u00e9k integrit\u00e1s\u00e1nak meg\u0151rz\u00e9se \u00e9rdek\u00e9ben a legnagyobb gondoss\u00e1ggal kezelj\u00fck.<\/p>\n<h2>Kutat\u00e1si vegyszerekkel foglalkoz\u00f3 partnere: Chemgramx<\/h2>\n<p>A Chemgramx, mint kiv\u00e1l\u00f3 min\u0151s\u00e9g\u0171 kutat\u00e1si vegyszerek szakosodott sz\u00e1ll\u00edt\u00f3ja, megb\u00edzhat\u00f3 partnere. C\u00e9lunk, hogy ne csak term\u00e9keket, hanem \u00e1tfog\u00f3 szolg\u00e1ltat\u00e1st is ny\u00fajtsunk \u00d6nnek, amely t\u00e1mogatja kutat\u00e1si c\u00e9ljait. <b>Rendeljen 4-AcO-DMT-t online<\/b> \u00e9s profit\u00e1ljon szak\u00e9rtelm\u00fcnkb\u0151l.<\/p>\n<h3>A Chemgramx rendel\u00e9si folyamata<\/h3>\n<p>A folyamat, <b>4-AcO-DMT megv\u00e1s\u00e1rl\u00e1sa a Chemgramx-n\u00e1l<\/b>, egyszer\u0171 \u00e9s a kutat\u00f3k ig\u00e9nyeire szabott. Felhaszn\u00e1l\u00f3bar\u00e1t platformot, biztons\u00e1gos fizet\u00e9si m\u00f3dokat k\u00edn\u00e1lunk, \u00e9s garant\u00e1ljuk megrendel\u00e9s\u00e9nek diszkr\u00e9t feldolgoz\u00e1s\u00e1t. \u00cdgy teljes m\u00e9rt\u00e9kben tud koncentr\u00e1lni tudom\u00e1nyos munk\u00e1j\u00e1ra, m\u00edg mi gondoskodunk a beszerz\u00e9sr\u0151l.<\/p>\n<h3>Tan\u00e1csad\u00e1s \u00e9s \u00fcgyf\u00e9lszolg\u00e1lat<\/h3>\n<p>Elk\u00f6telezett \u00fcgyf\u00e9lszolg\u00e1lati csapatunk b\u00e1rmikor rendelkez\u00e9sre \u00e1ll, ha k\u00e9rd\u00e9se van, vagy szakmai tan\u00e1csra van sz\u00fcks\u00e9ge. Ak\u00e1r term\u00e9kle\u00edr\u00e1sokr\u00f3l, tisztas\u00e1gi tan\u00fas\u00edtv\u00e1nyokr\u00f3l vagy rendel\u00e9si inform\u00e1ci\u00f3kr\u00f3l van sz\u00f3, mi mindig az \u00d6n rendelkez\u00e9s\u00e9re \u00e1llunk. Ne habozzon kapcsolatba l\u00e9pni vel\u00fcnk, ha seg\u00edts\u00e9gre van sz\u00fcks\u00e9ge. C\u00e9lunk, hogy a lehet\u0151 legjobb szolg\u00e1ltat\u00e1st ny\u00fajtsuk \u00d6nnek.<\/p>\n<h2>K\u00f6vetkeztet\u00e9s<\/h2>\n<p>\u00d6sszefoglalva elmondhat\u00f3, hogy a 4-AcO-DMT elengedhetetlen reagens a fejlett pszichofarmakol\u00f3giai \u00e9s neurok\u00e9miai kutat\u00e1sokhoz. A Chemgramx-n\u00e1l megkaphatja <b>Kiv\u00e1l\u00f3 min\u0151s\u00e9g\u0171 4-AcO-DMT<\/b>, amely megfelel a legmagasabb tisztas\u00e1gi \u00e9s min\u0151s\u00e9gi k\u00f6vetelm\u00e9nyeknek. Ha <b>4-AcO-DMT v\u00e1s\u00e1rl\u00e1s<\/b> innovat\u00edv kutat\u00e1sait el\u0151revinni, mi vagyunk a megb\u00edzhat\u00f3 partnere. Biztos\u00edtsa m\u00e9g ma a sz\u00fcks\u00e9ges mennyis\u00e9get, \u00e9s tapasztalja meg a kutat\u00e1s\u00e1hoz m\u00e9lt\u00f3 megb\u00edzhat\u00f3s\u00e1got \u00e9s pontoss\u00e1got. Term\u00e9keink biztons\u00e1gos feldolgoz\u00e1sa mindig garant\u00e1lt.<\/p>","protected":false},"excerpt":{"rendered":"<p><strong>4-AcO-DMT<\/strong> egy nagy tisztas\u00e1g\u00fa szintetikus k\u00e9miai vegy\u00fclet, amelyet tudom\u00e1nyos kutat\u00e1si c\u00e9lokra fejlesztettek ki. Az anyagok pszichedelikus hat\u00e1sainak \u00e9s k\u00e9miai tulajdons\u00e1gainak kutat\u00e1s\u00e1ra haszn\u00e1lj\u00e1k. Minden egyes t\u00e9telt tesztelnek a tisztas\u00e1g szempontj\u00e1b\u00f3l. Kiz\u00e1r\u00f3lag kutat\u00e1si c\u00e9lra - emberi fogyaszt\u00e1sra nem alkalmas.<\/p>","protected":false},"featured_media":7646,"comment_status":"open","ping_status":"closed","template":"","meta":{"_joinchat":[]},"product_brand":[],"product_cat":[96],"product_tag":[605,2341,2340,2342,2336,2343,2339,2337,2338,2310],"class_list":{"0":"post-7616","1":"product","2":"type-product","3":"status-publish","4":"has-post-thumbnail","6":"product_cat-psychedelische-droge","7":"product_tag-4-aco-dmt","8":"product_tag-4-aco-dmt-chemikalien","9":"product_tag-4-aco-dmt-forschung","10":"product_tag-4-aco-dmt-fur-forschung","11":"product_tag-4-aco-dmt-kaufen","12":"product_tag-4-aco-dmt-kaufen-online","13":"product_tag-4-aco-dmt-kristalle","14":"product_tag-4-aco-dmt-online","15":"product_tag-4-aco-dmt-pulver","16":"product_tag-synthetische-psychedelika","18":"first","19":"instock","20":"shipping-taxable","21":"purchasable","22":"product-type-variable"},"yoast_head":"<!-- This site is optimized with the Yoast SEO plugin v27.5 - https:\/\/yoast.com\/product\/yoast-seo-wordpress\/ -->\n<title>4-ACO-DMT zu verkaufen \u2013 4-ACO-DMT online kaufen<\/title>\n<meta name=\"description\" content=\"Unser Gesch\u00e4ft hat 4-ACO-DMT zu erschwinglichen Preisen zu verkaufen. Wenn Sie 4-ACO-DMT online kaufen m\u00f6chten, kontaktieren Sie uns jetzt.\" \/>\n<meta name=\"robots\" content=\"index, follow, max-snippet:-1, max-image-preview:large, max-video-preview:-1\" \/>\n<link rel=\"canonical\" href=\"https:\/\/chemgramx.com\/hu\/termek-1\/4-aco-dmt-online-vasarlas\/\" \/>\n<meta property=\"og:locale\" content=\"hu_HU\" \/>\n<meta property=\"og:type\" content=\"article\" \/>\n<meta property=\"og:title\" content=\"4-ACO-DMT zu verkaufen \u2013 4-ACO-DMT online kaufen\" \/>\n<meta property=\"og:description\" content=\"Unser Gesch\u00e4ft hat 4-ACO-DMT zu erschwinglichen Preisen zu verkaufen. Wenn Sie 4-ACO-DMT online kaufen m\u00f6chten, kontaktieren Sie uns jetzt.\" \/>\n<meta property=\"og:url\" content=\"https:\/\/chemgramx.com\/hu\/termek-1\/4-aco-dmt-online-vasarlas\/\" \/>\n<meta property=\"og:site_name\" content=\"Chemgramx\" \/>\n<meta property=\"article:modified_time\" content=\"2025-12-10T06:52:08+00:00\" \/>\n<meta property=\"og:image\" content=\"https:\/\/chemgramx.com\/wp-content\/uploads\/2025\/11\/4aco.png\" \/>\n\t<meta property=\"og:image:width\" content=\"600\" \/>\n\t<meta property=\"og:image:height\" content=\"400\" \/>\n\t<meta property=\"og:image:type\" content=\"image\/png\" \/>\n<meta name=\"twitter:card\" content=\"summary_large_image\" \/>\n<meta name=\"twitter:label1\" content=\"Becs\u00fclt olvas\u00e1si id\u0151\" \/>\n\t<meta name=\"twitter:data1\" content=\"2 perc\" \/>\n<script type=\"application\/ld+json\" class=\"yoast-schema-graph\">{\"@context\":\"https:\\\/\\\/schema.org\",\"@graph\":[{\"@type\":\"WebPage\",\"@id\":\"https:\\\/\\\/chemgramx.com\\\/product\\\/4-aco-dmt-online-kaufen\\\/\",\"url\":\"https:\\\/\\\/chemgramx.com\\\/product\\\/4-aco-dmt-online-kaufen\\\/\",\"name\":\"4-ACO-DMT zu verkaufen \u2013 4-ACO-DMT online kaufen\",\"isPartOf\":{\"@id\":\"https:\\\/\\\/chemgramx.com\\\/#website\"},\"primaryImageOfPage\":{\"@id\":\"https:\\\/\\\/chemgramx.com\\\/product\\\/4-aco-dmt-online-kaufen\\\/#primaryimage\"},\"image\":{\"@id\":\"https:\\\/\\\/chemgramx.com\\\/product\\\/4-aco-dmt-online-kaufen\\\/#primaryimage\"},\"thumbnailUrl\":\"https:\\\/\\\/chemgramx.com\\\/wp-content\\\/uploads\\\/2025\\\/11\\\/4aco.png\",\"datePublished\":\"2025-11-21T11:19:16+00:00\",\"dateModified\":\"2025-12-10T06:52:08+00:00\",\"description\":\"Unser Gesch\u00e4ft hat 4-ACO-DMT zu erschwinglichen Preisen zu verkaufen. Wenn Sie 4-ACO-DMT online kaufen m\u00f6chten, kontaktieren Sie uns jetzt.\",\"breadcrumb\":{\"@id\":\"https:\\\/\\\/chemgramx.com\\\/product\\\/4-aco-dmt-online-kaufen\\\/#breadcrumb\"},\"inLanguage\":\"hu\",\"potentialAction\":[{\"@type\":\"ReadAction\",\"target\":[\"https:\\\/\\\/chemgramx.com\\\/product\\\/4-aco-dmt-online-kaufen\\\/\"]}]},{\"@type\":\"ImageObject\",\"inLanguage\":\"hu\",\"@id\":\"https:\\\/\\\/chemgramx.com\\\/product\\\/4-aco-dmt-online-kaufen\\\/#primaryimage\",\"url\":\"https:\\\/\\\/chemgramx.com\\\/wp-content\\\/uploads\\\/2025\\\/11\\\/4aco.png\",\"contentUrl\":\"https:\\\/\\\/chemgramx.com\\\/wp-content\\\/uploads\\\/2025\\\/11\\\/4aco.png\",\"width\":600,\"height\":400},{\"@type\":\"BreadcrumbList\",\"@id\":\"https:\\\/\\\/chemgramx.com\\\/product\\\/4-aco-dmt-online-kaufen\\\/#breadcrumb\",\"itemListElement\":[{\"@type\":\"ListItem\",\"position\":1,\"name\":\"Home\",\"item\":\"https:\\\/\\\/chemgramx.com\\\/\"},{\"@type\":\"ListItem\",\"position\":2,\"name\":\"Shop\",\"item\":\"https:\\\/\\\/chemgramx.com\\\/shop\\\/\"},{\"@type\":\"ListItem\",\"position\":3,\"name\":\"4-ACO-DMT Online Kaufen\"}]},{\"@type\":\"WebSite\",\"@id\":\"https:\\\/\\\/chemgramx.com\\\/#website\",\"url\":\"https:\\\/\\\/chemgramx.com\\\/\",\"name\":\"Chemgramx\",\"description\":\"\",\"publisher\":{\"@id\":\"https:\\\/\\\/chemgramx.com\\\/#organization\"},\"potentialAction\":[{\"@type\":\"SearchAction\",\"target\":{\"@type\":\"EntryPoint\",\"urlTemplate\":\"https:\\\/\\\/chemgramx.com\\\/?s={search_term_string}\"},\"query-input\":{\"@type\":\"PropertyValueSpecification\",\"valueRequired\":true,\"valueName\":\"search_term_string\"}}],\"inLanguage\":\"hu\"},{\"@type\":\"Organization\",\"@id\":\"https:\\\/\\\/chemgramx.com\\\/#organization\",\"name\":\"Chemgramx\",\"url\":\"https:\\\/\\\/chemgramx.com\\\/\",\"logo\":{\"@type\":\"ImageObject\",\"inLanguage\":\"hu\",\"@id\":\"https:\\\/\\\/chemgramx.com\\\/#\\\/schema\\\/logo\\\/image\\\/\",\"url\":\"https:\\\/\\\/chemgramx.com\\\/wp-content\\\/uploads\\\/2024\\\/10\\\/final-logo.png\",\"contentUrl\":\"https:\\\/\\\/chemgramx.com\\\/wp-content\\\/uploads\\\/2024\\\/10\\\/final-logo.png\",\"width\":250,\"height\":48,\"caption\":\"Chemgramx\"},\"image\":{\"@id\":\"https:\\\/\\\/chemgramx.com\\\/#\\\/schema\\\/logo\\\/image\\\/\"}}]}<\/script>\n<!-- \/ Yoast SEO plugin. -->","yoast_head_json":{"title":"4-ACO-DMT elad\u00f3 \u2013 V\u00e1s\u00e1roljon 4-ACO-DMT-t online","description":"\u00dczlet\u00fcnkben 4-ACO-DMT elad\u00f3 megfizethet\u0151 \u00e1ron. Ha szeretne v\u00e1s\u00e1rolni 4-ACO-DMT online, l\u00e9pjen kapcsolatba vel\u00fcnk most.","robots":{"index":"index","follow":"follow","max-snippet":"max-snippet:-1","max-image-preview":"max-image-preview:large","max-video-preview":"max-video-preview:-1"},"canonical":"https:\/\/chemgramx.com\/hu\/termek-1\/4-aco-dmt-online-vasarlas\/","og_locale":"hu_HU","og_type":"article","og_title":"4-ACO-DMT zu verkaufen \u2013 4-ACO-DMT online kaufen","og_description":"Unser Gesch\u00e4ft hat 4-ACO-DMT zu erschwinglichen Preisen zu verkaufen. Wenn Sie 4-ACO-DMT online kaufen m\u00f6chten, kontaktieren Sie uns jetzt.","og_url":"https:\/\/chemgramx.com\/hu\/termek-1\/4-aco-dmt-online-vasarlas\/","og_site_name":"Chemgramx","article_modified_time":"2025-12-10T06:52:08+00:00","og_image":[{"width":600,"height":400,"url":"https:\/\/chemgramx.com\/wp-content\/uploads\/2025\/11\/4aco.png","type":"image\/png"}],"twitter_card":"summary_large_image","twitter_misc":{"Becs\u00fclt olvas\u00e1si id\u0151":"2 perc"},"schema":{"@context":"https:\/\/schema.org","@graph":[{"@type":"WebPage","@id":"https:\/\/chemgramx.com\/product\/4-aco-dmt-online-kaufen\/","url":"https:\/\/chemgramx.com\/product\/4-aco-dmt-online-kaufen\/","name":"4-ACO-DMT elad\u00f3 \u2013 V\u00e1s\u00e1roljon 4-ACO-DMT-t online","isPartOf":{"@id":"https:\/\/chemgramx.com\/#website"},"primaryImageOfPage":{"@id":"https:\/\/chemgramx.com\/product\/4-aco-dmt-online-kaufen\/#primaryimage"},"image":{"@id":"https:\/\/chemgramx.com\/product\/4-aco-dmt-online-kaufen\/#primaryimage"},"thumbnailUrl":"https:\/\/chemgramx.com\/wp-content\/uploads\/2025\/11\/4aco.png","datePublished":"2025-11-21T11:19:16+00:00","dateModified":"2025-12-10T06:52:08+00:00","description":"\u00dczlet\u00fcnkben 4-ACO-DMT elad\u00f3 megfizethet\u0151 \u00e1ron. Ha szeretne v\u00e1s\u00e1rolni 4-ACO-DMT online, l\u00e9pjen kapcsolatba vel\u00fcnk most.","breadcrumb":{"@id":"https:\/\/chemgramx.com\/product\/4-aco-dmt-online-kaufen\/#breadcrumb"},"inLanguage":"hu","potentialAction":[{"@type":"ReadAction","target":["https:\/\/chemgramx.com\/product\/4-aco-dmt-online-kaufen\/"]}]},{"@type":"ImageObject","inLanguage":"hu","@id":"https:\/\/chemgramx.com\/product\/4-aco-dmt-online-kaufen\/#primaryimage","url":"https:\/\/chemgramx.com\/wp-content\/uploads\/2025\/11\/4aco.png","contentUrl":"https:\/\/chemgramx.com\/wp-content\/uploads\/2025\/11\/4aco.png","width":600,"height":400},{"@type":"BreadcrumbList","@id":"https:\/\/chemgramx.com\/product\/4-aco-dmt-online-kaufen\/#breadcrumb","itemListElement":[{"@type":"ListItem","position":1,"name":"Home","item":"https:\/\/chemgramx.com\/"},{"@type":"ListItem","position":2,"name":"Shop","item":"https:\/\/chemgramx.com\/shop\/"},{"@type":"ListItem","position":3,"name":"4-ACO-DMT Online Kaufen"}]},{"@type":"WebSite","@id":"https:\/\/chemgramx.com\/#website","url":"https:\/\/chemgramx.com\/","name":"Chemgramx","description":"","publisher":{"@id":"https:\/\/chemgramx.com\/#organization"},"potentialAction":[{"@type":"SearchAction","target":{"@type":"EntryPoint","urlTemplate":"https:\/\/chemgramx.com\/?s={search_term_string}"},"query-input":{"@type":"PropertyValueSpecification","valueRequired":true,"valueName":"search_term_string"}}],"inLanguage":"hu"},{"@type":"Organization","@id":"https:\/\/chemgramx.com\/#organization","name":"Chemgramx","url":"https:\/\/chemgramx.com\/","logo":{"@type":"ImageObject","inLanguage":"hu","@id":"https:\/\/chemgramx.com\/#\/schema\/logo\/image\/","url":"https:\/\/chemgramx.com\/wp-content\/uploads\/2024\/10\/final-logo.png","contentUrl":"https:\/\/chemgramx.com\/wp-content\/uploads\/2024\/10\/final-logo.png","width":250,"height":48,"caption":"Chemgramx"},"image":{"@id":"https:\/\/chemgramx.com\/#\/schema\/logo\/image\/"}}]}},"_links":{"self":[{"href":"https:\/\/chemgramx.com\/hu\/wp-json\/wp\/v2\/product\/7616","targetHints":{"allow":["GET"]}}],"collection":[{"href":"https:\/\/chemgramx.com\/hu\/wp-json\/wp\/v2\/product"}],"about":[{"href":"https:\/\/chemgramx.com\/hu\/wp-json\/wp\/v2\/types\/product"}],"replies":[{"embeddable":true,"href":"https:\/\/chemgramx.com\/hu\/wp-json\/wp\/v2\/comments?post=7616"}],"wp:featuredmedia":[{"embeddable":true,"href":"https:\/\/chemgramx.com\/hu\/wp-json\/wp\/v2\/media\/7646"}],"wp:attachment":[{"href":"https:\/\/chemgramx.com\/hu\/wp-json\/wp\/v2\/media?parent=7616"}],"wp:term":[{"taxonomy":"product_brand","embeddable":true,"href":"https:\/\/chemgramx.com\/hu\/wp-json\/wp\/v2\/product_brand?post=7616"},{"taxonomy":"product_cat","embeddable":true,"href":"https:\/\/chemgramx.com\/hu\/wp-json\/wp\/v2\/product_cat?post=7616"},{"taxonomy":"product_tag","embeddable":true,"href":"https:\/\/chemgramx.com\/hu\/wp-json\/wp\/v2\/product_tag?post=7616"}],"curies":[{"name":"wp","href":"https:\/\/api.w.org\/{rel}","templated":true}]}}