{"id":7617,"date":"2025-11-21T11:19:17","date_gmt":"2025-11-21T11:19:17","guid":{"rendered":"https:\/\/chemgramx.com\/?post_type=product&#038;p=7617"},"modified":"2025-11-21T11:20:22","modified_gmt":"2025-11-21T11:20:22","slug":"5-meo-pyr-t-online-vasarlas","status":"publish","type":"product","link":"https:\/\/chemgramx.com\/hu\/product\/5-meo-pyr-t-online-kaufen\/","title":{"rendered":"5-MeO-pyr-T online v\u00e1s\u00e1rl\u00e1sa"},"content":{"rendered":"<div class=\"flex-shrink-0 flex flex-col relative items-end\">\n<div class=\"pt-0\">\n<div class=\"gizmo-bot-avatar flex h-8 w-8 items-center justify-center overflow-hidden rounded-full\">\n<p><a href=\"https:\/\/chemgramx.com\/product\/5-meo-pyr-t\/\">5-MeO-Pyr-T<\/a> Az 5-MeO-Pyr-T egy szintetikus pszichoakt\u00edv anyag, amelyet kutat\u00e1si vegyszerk\u00e9nt haszn\u00e1lnak az emberi agyra gyakorolt \u200b\u200bpszichedelikus \u00e9s neurok\u00e9miai hat\u00e1sainak vizsg\u00e1lat\u00e1ra. Ez a vegy\u00fclet er\u0151s \u00e9s gyors pszichedelikus hat\u00e1sair\u00f3l ismert, amelyeket m\u00e9lyrehat\u00f3 tudat\u00e1llapot-v\u00e1ltoz\u00e1sok \u00e9s intenz\u00edv hallucin\u00e1ci\u00f3k k\u00eds\u00e9rnek. Azok a kutat\u00f3k, akik online szeretn\u00e9k megv\u00e1s\u00e1rolni az 5-MeO-Pyr-T-t, megb\u00edzhat\u00f3 forr\u00e1shoz f\u00e9rhetnek hozz\u00e1 kontroll\u00e1lt laborat\u00f3riumi vizsg\u00e1latokhoz.<\/p>\n<h2>Mi\u00e9rt \u00e9rdemes online v\u00e1s\u00e1rolni az 5-MeO-Pyr-T-t?<\/h2>\n<p>A tud\u00f3sok az 5-MeO-pyr-T-t haszn\u00e1lj\u00e1k a k\u00fcl\u00f6nb\u00f6z\u0151 neurok\u00e9miai rendszerek, k\u00fcl\u00f6n\u00f6sen a szerotonerg receptorok k\u00f6z\u00f6tti k\u00f6lcs\u00f6nhat\u00e1sok vizsg\u00e1lat\u00e1ra. Ez a kutat\u00e1s hozz\u00e1j\u00e1rulhat a ment\u00e1lis zavarok lehets\u00e9ges ter\u00e1pi\u00e1inak fejleszt\u00e9s\u00e9hez. Ha \u00e9rdekli az 5-MeO-pyr-T v\u00e1s\u00e1rl\u00e1sa, a ChemGramx kiv\u00e1l\u00f3 min\u0151s\u00e9g\u0171 term\u00e9keket k\u00edn\u00e1l laborat\u00f3riumi kutat\u00e1sokhoz. Ha 5-MeO-pyr-T v\u00e1s\u00e1rl\u00e1si helyet keres, platformunk a legjobb forr\u00e1s a biztons\u00e1gos \u00e9s megb\u00edzhat\u00f3 v\u00e1s\u00e1rl\u00e1shoz. V\u00e1s\u00e1rolhat eredeti vagy hamis\u00edtott 5-MeO-pyr-T-t. <a href=\"https:\/\/en.wikipedia.org\/wiki\/5-MeO-pyr-T\">5-MeO-pyr-T<\/a> tudom\u00e1nyos c\u00e9lokra haboz\u00e1s n\u00e9lk\u00fcl.<\/p>\n<h2>Az 5-MeO-pyr-T alkalmaz\u00e1sai \u00e9s el\u0151nyei<\/h2>\n<p>Az 5-MeO-pyr-T kutat\u00e1sban val\u00f3 alkalmaz\u00e1sa sz\u00e1mos el\u0151nnyel j\u00e1r:<\/p>\n<p>Nagy tisztas\u00e1g\u00fa: Pontos \u00e9s megb\u00edzhat\u00f3 kutat\u00e1si eredm\u00e9nyeket biztos\u00edt.<\/p>\n<p>K\u00e9miai stabilit\u00e1s: Ide\u00e1lis hossz\u00fa t\u00e1v\u00fa vizsg\u00e1latokhoz \u00e9s k\u00eds\u00e9rleti alkalmaz\u00e1sokhoz.<\/p>\n<p>Szigor\u00fa min\u0151s\u00e9gellen\u0151rz\u00e9s: Minden egyes eredeti vagy hamis\u00edtott 5-MeO-pyr-T t\u00e9tel tisztas\u00e1g\u00e1t \u00e9s \u00e1llag\u00e1t ellen\u0151rizz\u00fck.<\/p>\n<h2>Kiz\u00e1r\u00f3lag kutat\u00e1si c\u00e9lra: nem emberi fogyaszt\u00e1sra.<\/h2>\n<p>Ak\u00e1r olcs\u00f3n szeretne 5-MeO-pyr-T-t v\u00e1s\u00e1rolni online, ak\u00e1r ellen\u0151rz\u00f6tt besz\u00e1ll\u00edt\u00f3t keres \u2013 a ChemGramx egy megb\u00edzhat\u00f3 platform az 5-MeO-pyr-T biztons\u00e1gos online v\u00e1s\u00e1rl\u00e1s\u00e1hoz.<\/p>\n<h3>Biztons\u00e1gos kezel\u00e9s \u00e9s t\u00e1rol\u00e1s<\/h3>\n<p>K\u00e9miai integrit\u00e1s\u00e1nak meg\u0151rz\u00e9se \u00e9rdek\u00e9ben az 5-MeO-pyr-T-t h\u0171v\u00f6s, sz\u00e1raz helyen, k\u00f6zvetlen napf\u00e9nyt\u0151l v\u00e9dve kell t\u00e1rolni. Az 5-MeO-pyr-T \u00e9rt\u00e9kes\u00edt\u00e9se sor\u00e1n mindig k\u00f6vesse a laborat\u00f3rium biztons\u00e1gi ir\u00e1nyelveit a pontos kutat\u00e1si eredm\u00e9nyek \u00e9s a felel\u0151ss\u00e9gteljes kezel\u00e9s biztos\u00edt\u00e1sa \u00e9rdek\u00e9ben.<\/p>\n<\/div>\n<\/div>\n<\/div>","protected":false},"excerpt":{"rendered":"<p><strong>5-MeO-DMT<\/strong> egy nagy tisztas\u00e1g\u00fa szintetikus k\u00e9miai vegy\u00fclet, amelyet tudom\u00e1nyos kutat\u00e1si c\u00e9lokra fejlesztettek ki. Az anyagok pszichedelikus hat\u00e1sainak \u00e9s neurok\u00e9miai tulajdons\u00e1gainak vizsg\u00e1lat\u00e1ra haszn\u00e1lj\u00e1k. Minden egyes t\u00e9telt a legnagyobb tisztas\u00e1gra tesztelnek. Kiz\u00e1r\u00f3lag kutat\u00e1si c\u00e9lra - emberi fogyaszt\u00e1sra nem alkalmas.<\/p>","protected":false},"featured_media":7647,"comment_status":"open","ping_status":"closed","template":"","meta":{"_joinchat":[]},"product_brand":[],"product_cat":[96],"product_tag":[2327,2334,2335,2332,2328,2333,2331,2329,2330,2182],"class_list":{"0":"post-7617","1":"product","2":"type-product","3":"status-publish","4":"has-post-thumbnail","6":"product_cat-psychedelische-droge","7":"product_tag-5-meo-pyr-t","8":"product_tag-5-meo-pyr-t-chemikalien","9":"product_tag-5-meo-pyr-t-forschung","10":"product_tag-5-meo-pyr-t-fur-forschung","11":"product_tag-5-meo-pyr-t-kaufen","12":"product_tag-5-meo-pyr-t-kaufen-online","13":"product_tag-5-meo-pyr-t-kristalle","14":"product_tag-5-meo-pyr-t-online","15":"product_tag-5-meo-pyr-t-pulver","16":"product_tag-synthetische-chemikalien","18":"first","19":"instock","20":"shipping-taxable","21":"purchasable","22":"product-type-variable"},"yoast_head":"<!-- This site is optimized with the Yoast SEO plugin v27.5 - https:\/\/yoast.com\/product\/yoast-seo-wordpress\/ -->\n<title>5-MeO-Pyr-T online kaufen \u2013 5-MeO-Pyr-T zu verkaufen<\/title>\n<meta name=\"description\" content=\"Bei unserem Chemgramx k\u00f6nnen Sie 5-Meo-Pyr-T zu g\u00fcnstigen Preisen kaufen. Hier k\u00f6nnen Sie jetzt hochwertiges 5-Meo-Pyr-T online in unserem Shop mit schnellem und sicherem Versandservice kaufen.\" \/>\n<meta name=\"robots\" content=\"index, follow, max-snippet:-1, max-image-preview:large, max-video-preview:-1\" \/>\n<link rel=\"canonical\" href=\"https:\/\/chemgramx.com\/hu\/termek-1\/5-meo-pyr-t-online-vasarlas\/\" \/>\n<meta property=\"og:locale\" content=\"hu_HU\" \/>\n<meta property=\"og:type\" content=\"article\" \/>\n<meta property=\"og:title\" content=\"5-MeO-Pyr-T online kaufen \u2013 5-MeO-Pyr-T zu verkaufen\" \/>\n<meta property=\"og:description\" content=\"Bei unserem Chemgramx k\u00f6nnen Sie 5-Meo-Pyr-T zu g\u00fcnstigen Preisen kaufen. Hier k\u00f6nnen Sie jetzt hochwertiges 5-Meo-Pyr-T online in unserem Shop mit schnellem und sicherem Versandservice kaufen.\" \/>\n<meta property=\"og:url\" content=\"https:\/\/chemgramx.com\/hu\/termek-1\/5-meo-pyr-t-online-vasarlas\/\" \/>\n<meta property=\"og:site_name\" content=\"Chemgramx\" \/>\n<meta property=\"article:modified_time\" content=\"2025-11-21T11:20:22+00:00\" \/>\n<meta property=\"og:image\" content=\"https:\/\/chemgramx.com\/wp-content\/uploads\/2025\/11\/5meo.png\" \/>\n\t<meta property=\"og:image:width\" content=\"600\" \/>\n\t<meta property=\"og:image:height\" content=\"400\" \/>\n\t<meta property=\"og:image:type\" content=\"image\/png\" \/>\n<meta name=\"twitter:card\" content=\"summary_large_image\" \/>\n<meta name=\"twitter:label1\" content=\"Becs\u00fclt olvas\u00e1si id\u0151\" \/>\n\t<meta name=\"twitter:data1\" content=\"2 perc\" \/>\n<script type=\"application\/ld+json\" class=\"yoast-schema-graph\">{\"@context\":\"https:\\\/\\\/schema.org\",\"@graph\":[{\"@type\":\"WebPage\",\"@id\":\"https:\\\/\\\/chemgramx.com\\\/product\\\/5-meo-pyr-t-online-kaufen\\\/\",\"url\":\"https:\\\/\\\/chemgramx.com\\\/product\\\/5-meo-pyr-t-online-kaufen\\\/\",\"name\":\"5-MeO-Pyr-T online kaufen \u2013 5-MeO-Pyr-T zu verkaufen\",\"isPartOf\":{\"@id\":\"https:\\\/\\\/chemgramx.com\\\/#website\"},\"primaryImageOfPage\":{\"@id\":\"https:\\\/\\\/chemgramx.com\\\/product\\\/5-meo-pyr-t-online-kaufen\\\/#primaryimage\"},\"image\":{\"@id\":\"https:\\\/\\\/chemgramx.com\\\/product\\\/5-meo-pyr-t-online-kaufen\\\/#primaryimage\"},\"thumbnailUrl\":\"https:\\\/\\\/chemgramx.com\\\/wp-content\\\/uploads\\\/2025\\\/11\\\/5meo.png\",\"datePublished\":\"2025-11-21T11:19:17+00:00\",\"dateModified\":\"2025-11-21T11:20:22+00:00\",\"description\":\"Bei unserem Chemgramx k\u00f6nnen Sie 5-Meo-Pyr-T zu g\u00fcnstigen Preisen kaufen. Hier k\u00f6nnen Sie jetzt hochwertiges 5-Meo-Pyr-T online in unserem Shop mit schnellem und sicherem Versandservice kaufen.\",\"breadcrumb\":{\"@id\":\"https:\\\/\\\/chemgramx.com\\\/product\\\/5-meo-pyr-t-online-kaufen\\\/#breadcrumb\"},\"inLanguage\":\"hu\",\"potentialAction\":[{\"@type\":\"ReadAction\",\"target\":[\"https:\\\/\\\/chemgramx.com\\\/product\\\/5-meo-pyr-t-online-kaufen\\\/\"]}]},{\"@type\":\"ImageObject\",\"inLanguage\":\"hu\",\"@id\":\"https:\\\/\\\/chemgramx.com\\\/product\\\/5-meo-pyr-t-online-kaufen\\\/#primaryimage\",\"url\":\"https:\\\/\\\/chemgramx.com\\\/wp-content\\\/uploads\\\/2025\\\/11\\\/5meo.png\",\"contentUrl\":\"https:\\\/\\\/chemgramx.com\\\/wp-content\\\/uploads\\\/2025\\\/11\\\/5meo.png\",\"width\":600,\"height\":400},{\"@type\":\"BreadcrumbList\",\"@id\":\"https:\\\/\\\/chemgramx.com\\\/product\\\/5-meo-pyr-t-online-kaufen\\\/#breadcrumb\",\"itemListElement\":[{\"@type\":\"ListItem\",\"position\":1,\"name\":\"Home\",\"item\":\"https:\\\/\\\/chemgramx.com\\\/\"},{\"@type\":\"ListItem\",\"position\":2,\"name\":\"Shop\",\"item\":\"https:\\\/\\\/chemgramx.com\\\/shop\\\/\"},{\"@type\":\"ListItem\",\"position\":3,\"name\":\"5-MeO-pyr-T Online Kaufen\"}]},{\"@type\":\"WebSite\",\"@id\":\"https:\\\/\\\/chemgramx.com\\\/#website\",\"url\":\"https:\\\/\\\/chemgramx.com\\\/\",\"name\":\"Chemgramx\",\"description\":\"\",\"publisher\":{\"@id\":\"https:\\\/\\\/chemgramx.com\\\/#organization\"},\"potentialAction\":[{\"@type\":\"SearchAction\",\"target\":{\"@type\":\"EntryPoint\",\"urlTemplate\":\"https:\\\/\\\/chemgramx.com\\\/?s={search_term_string}\"},\"query-input\":{\"@type\":\"PropertyValueSpecification\",\"valueRequired\":true,\"valueName\":\"search_term_string\"}}],\"inLanguage\":\"hu\"},{\"@type\":\"Organization\",\"@id\":\"https:\\\/\\\/chemgramx.com\\\/#organization\",\"name\":\"Chemgramx\",\"url\":\"https:\\\/\\\/chemgramx.com\\\/\",\"logo\":{\"@type\":\"ImageObject\",\"inLanguage\":\"hu\",\"@id\":\"https:\\\/\\\/chemgramx.com\\\/#\\\/schema\\\/logo\\\/image\\\/\",\"url\":\"https:\\\/\\\/chemgramx.com\\\/wp-content\\\/uploads\\\/2024\\\/10\\\/final-logo.png\",\"contentUrl\":\"https:\\\/\\\/chemgramx.com\\\/wp-content\\\/uploads\\\/2024\\\/10\\\/final-logo.png\",\"width\":250,\"height\":48,\"caption\":\"Chemgramx\"},\"image\":{\"@id\":\"https:\\\/\\\/chemgramx.com\\\/#\\\/schema\\\/logo\\\/image\\\/\"}}]}<\/script>\n<!-- \/ Yoast SEO plugin. -->","yoast_head_json":{"title":"V\u00e1s\u00e1roljon 5-MeO-Pyr-T-t online \u2013 5-MeO-Pyr-T elad\u00f3","description":"N\u00e1lunk a Chemgramxn\u00e1l kedvez\u0151 \u00e1ron v\u00e1s\u00e1rolhat 5-Meo-Pyr-T-t. Itt most megv\u00e1s\u00e1rolhatja a kiv\u00e1l\u00f3 min\u0151s\u00e9g\u0171 5-Meo-Pyr-T-t online \u00fczlet\u00fcnkben, gyors \u00e9s biztons\u00e1gos sz\u00e1ll\u00edt\u00e1si szolg\u00e1ltat\u00e1ssal.","robots":{"index":"index","follow":"follow","max-snippet":"max-snippet:-1","max-image-preview":"max-image-preview:large","max-video-preview":"max-video-preview:-1"},"canonical":"https:\/\/chemgramx.com\/hu\/termek-1\/5-meo-pyr-t-online-vasarlas\/","og_locale":"hu_HU","og_type":"article","og_title":"5-MeO-Pyr-T online kaufen \u2013 5-MeO-Pyr-T zu verkaufen","og_description":"Bei unserem Chemgramx k\u00f6nnen Sie 5-Meo-Pyr-T zu g\u00fcnstigen Preisen kaufen. Hier k\u00f6nnen Sie jetzt hochwertiges 5-Meo-Pyr-T online in unserem Shop mit schnellem und sicherem Versandservice kaufen.","og_url":"https:\/\/chemgramx.com\/hu\/termek-1\/5-meo-pyr-t-online-vasarlas\/","og_site_name":"Chemgramx","article_modified_time":"2025-11-21T11:20:22+00:00","og_image":[{"width":600,"height":400,"url":"https:\/\/chemgramx.com\/wp-content\/uploads\/2025\/11\/5meo.png","type":"image\/png"}],"twitter_card":"summary_large_image","twitter_misc":{"Becs\u00fclt olvas\u00e1si id\u0151":"2 perc"},"schema":{"@context":"https:\/\/schema.org","@graph":[{"@type":"WebPage","@id":"https:\/\/chemgramx.com\/product\/5-meo-pyr-t-online-kaufen\/","url":"https:\/\/chemgramx.com\/product\/5-meo-pyr-t-online-kaufen\/","name":"V\u00e1s\u00e1roljon 5-MeO-Pyr-T-t online \u2013 5-MeO-Pyr-T elad\u00f3","isPartOf":{"@id":"https:\/\/chemgramx.com\/#website"},"primaryImageOfPage":{"@id":"https:\/\/chemgramx.com\/product\/5-meo-pyr-t-online-kaufen\/#primaryimage"},"image":{"@id":"https:\/\/chemgramx.com\/product\/5-meo-pyr-t-online-kaufen\/#primaryimage"},"thumbnailUrl":"https:\/\/chemgramx.com\/wp-content\/uploads\/2025\/11\/5meo.png","datePublished":"2025-11-21T11:19:17+00:00","dateModified":"2025-11-21T11:20:22+00:00","description":"N\u00e1lunk a Chemgramxn\u00e1l kedvez\u0151 \u00e1ron v\u00e1s\u00e1rolhat 5-Meo-Pyr-T-t. Itt most megv\u00e1s\u00e1rolhatja a kiv\u00e1l\u00f3 min\u0151s\u00e9g\u0171 5-Meo-Pyr-T-t online \u00fczlet\u00fcnkben, gyors \u00e9s biztons\u00e1gos sz\u00e1ll\u00edt\u00e1si szolg\u00e1ltat\u00e1ssal.","breadcrumb":{"@id":"https:\/\/chemgramx.com\/product\/5-meo-pyr-t-online-kaufen\/#breadcrumb"},"inLanguage":"hu","potentialAction":[{"@type":"ReadAction","target":["https:\/\/chemgramx.com\/product\/5-meo-pyr-t-online-kaufen\/"]}]},{"@type":"ImageObject","inLanguage":"hu","@id":"https:\/\/chemgramx.com\/product\/5-meo-pyr-t-online-kaufen\/#primaryimage","url":"https:\/\/chemgramx.com\/wp-content\/uploads\/2025\/11\/5meo.png","contentUrl":"https:\/\/chemgramx.com\/wp-content\/uploads\/2025\/11\/5meo.png","width":600,"height":400},{"@type":"BreadcrumbList","@id":"https:\/\/chemgramx.com\/product\/5-meo-pyr-t-online-kaufen\/#breadcrumb","itemListElement":[{"@type":"ListItem","position":1,"name":"Home","item":"https:\/\/chemgramx.com\/"},{"@type":"ListItem","position":2,"name":"Shop","item":"https:\/\/chemgramx.com\/shop\/"},{"@type":"ListItem","position":3,"name":"5-MeO-pyr-T Online Kaufen"}]},{"@type":"WebSite","@id":"https:\/\/chemgramx.com\/#website","url":"https:\/\/chemgramx.com\/","name":"Chemgramx","description":"","publisher":{"@id":"https:\/\/chemgramx.com\/#organization"},"potentialAction":[{"@type":"SearchAction","target":{"@type":"EntryPoint","urlTemplate":"https:\/\/chemgramx.com\/?s={search_term_string}"},"query-input":{"@type":"PropertyValueSpecification","valueRequired":true,"valueName":"search_term_string"}}],"inLanguage":"hu"},{"@type":"Organization","@id":"https:\/\/chemgramx.com\/#organization","name":"Chemgramx","url":"https:\/\/chemgramx.com\/","logo":{"@type":"ImageObject","inLanguage":"hu","@id":"https:\/\/chemgramx.com\/#\/schema\/logo\/image\/","url":"https:\/\/chemgramx.com\/wp-content\/uploads\/2024\/10\/final-logo.png","contentUrl":"https:\/\/chemgramx.com\/wp-content\/uploads\/2024\/10\/final-logo.png","width":250,"height":48,"caption":"Chemgramx"},"image":{"@id":"https:\/\/chemgramx.com\/#\/schema\/logo\/image\/"}}]}},"_links":{"self":[{"href":"https:\/\/chemgramx.com\/hu\/wp-json\/wp\/v2\/product\/7617","targetHints":{"allow":["GET"]}}],"collection":[{"href":"https:\/\/chemgramx.com\/hu\/wp-json\/wp\/v2\/product"}],"about":[{"href":"https:\/\/chemgramx.com\/hu\/wp-json\/wp\/v2\/types\/product"}],"replies":[{"embeddable":true,"href":"https:\/\/chemgramx.com\/hu\/wp-json\/wp\/v2\/comments?post=7617"}],"wp:featuredmedia":[{"embeddable":true,"href":"https:\/\/chemgramx.com\/hu\/wp-json\/wp\/v2\/media\/7647"}],"wp:attachment":[{"href":"https:\/\/chemgramx.com\/hu\/wp-json\/wp\/v2\/media?parent=7617"}],"wp:term":[{"taxonomy":"product_brand","embeddable":true,"href":"https:\/\/chemgramx.com\/hu\/wp-json\/wp\/v2\/product_brand?post=7617"},{"taxonomy":"product_cat","embeddable":true,"href":"https:\/\/chemgramx.com\/hu\/wp-json\/wp\/v2\/product_cat?post=7617"},{"taxonomy":"product_tag","embeddable":true,"href":"https:\/\/chemgramx.com\/hu\/wp-json\/wp\/v2\/product_tag?post=7617"}],"curies":[{"name":"wp","href":"https:\/\/api.w.org\/{rel}","templated":true}]}}