{"id":7618,"date":"2025-11-21T11:19:17","date_gmt":"2025-11-21T11:19:17","guid":{"rendered":"https:\/\/chemgramx.com\/?post_type=product&#038;p=7618"},"modified":"2025-11-21T11:20:23","modified_gmt":"2025-11-21T11:20:23","slug":"dmt-dimetil-triptamin-online-vasarlasa","status":"publish","type":"product","link":"https:\/\/chemgramx.com\/hu\/product\/dmt-dimethyltryptamine-online-kaufen\/","title":{"rendered":"DMT dimetiltriptamin online v\u00e1s\u00e1rl\u00e1sa"},"content":{"rendered":"<p>A DMT-dimetiltriptamin egy er\u0151s pszichedelikus anyag, amelyet a tudom\u00e1nyos kutat\u00e1sokban az emberi tudatoss\u00e1gra \u00e9s megismer\u00e9sre gyakorolt hat\u00e1sok tanulm\u00e1nyoz\u00e1s\u00e1ra haszn\u00e1lnak. Ez a vegyi anyag a triptaminok oszt\u00e1ly\u00e1ba tartozik, \u00e9s intenz\u00edv \u00e9s gyors pszichedelikus hat\u00e1sair\u00f3l ismert, m\u00e9lyrehat\u00f3 tudatv\u00e1ltoz\u00e1sokat \u00e9s intenz\u00edv hallucin\u00e1ci\u00f3kat okoz. Azok a kutat\u00f3k, akik <a href=\"https:\/\/chemgramx.com\/product\/dmt-dimethyltryptamine\/\">DMT dimetiltriptamin online v\u00e1s\u00e1rl\u00e1sa<\/a> itt tal\u00e1l egy megb\u00edzhat\u00f3 forr\u00e1st a kontroll\u00e1lt laborat\u00f3riumi vizsg\u00e1latokhoz.<\/p>\n<h2>Mi\u00e9rt \u00e9rdemes DMT dimetiltriptamint v\u00e1s\u00e1rolni online?<\/h2>\n<p>A tud\u00f3sok a DMT-dimetiltriptamint haszn\u00e1lj\u00e1k a megv\u00e1ltozott \u00e9rz\u00e9kel\u00e9s\u00e9rt \u00e9s a hallucin\u00e1ci\u00f3s \u00e9lm\u00e9nyek\u00e9rt felel\u0151s neurok\u00e9miai mechanizmusok vizsg\u00e1lat\u00e1ra. Ez a kutat\u00e1s hozz\u00e1j\u00e1rulhat a pszichedelikus anyagok ter\u00e1pi\u00e1s alkalmaz\u00e1sainak kifejleszt\u00e9s\u00e9hez, k\u00fcl\u00f6n\u00f6sen a ment\u00e1lis eg\u00e9szs\u00e9g\u00fcgyi kezel\u00e9sben \u00e9s a tudatoss\u00e1g kutat\u00e1s\u00e1ban. Ha \u00d6n <a href=\"https:\/\/en.wikipedia.org\/wiki\/Dimethyltryptamine\">V\u00e1s\u00e1rolj DMT-dimetiltriptamint<\/a> A ChemGramx kiv\u00e1l\u00f3 min\u0151s\u00e9g\u0171 term\u00e9keket k\u00edn\u00e1l a laborat\u00f3riumi kutat\u00e1shoz. A ChemGramx a legjobb hely a DMT-dimetiltriptamin biztons\u00e1gos \u00e9s megb\u00edzhat\u00f3 megv\u00e1s\u00e1rl\u00e1s\u00e1hoz. Gondolkod\u00e1s n\u00e9lk\u00fcl rendelhet val\u00f3di vagy hamis\u00edtott DMT-dimetil-triptamin kutat\u00e1si c\u00e9lokra.<\/p>\n<h2>A DMT-dimetiltriptamin alkalmaz\u00e1sai \u00e9s el\u0151nyei<\/h2>\n<ul>\n<li>A DMT-dimetiltriptamin haszn\u00e1lata a kutat\u00e1sban sz\u00e1mos el\u0151nnyel j\u00e1r:<\/li>\n<li>Nagy tisztas\u00e1g: Pontos \u00e9s megb\u00edzhat\u00f3 eredm\u00e9nyeket biztos\u00edt a tudom\u00e1nyos vizsg\u00e1latokhoz.<\/li>\n<li>Gyors hat\u00e1s\u00fa: Alkalmas a gyors hat\u00e1s\u00fa pszichedelikus hat\u00e1sok vizsg\u00e1lat\u00e1ra.<\/li>\n<li>Szigor\u00fa min\u0151s\u00e9gellen\u0151rz\u00e9s: A DMT dimetil-triptamin minden egyes t\u00e9tel\u00e9t tisztas\u00e1gi \u00e9s konzisztencia vizsg\u00e1latnak vetik al\u00e1.<\/li>\n<li>Kiz\u00e1r\u00f3lag kutat\u00e1si c\u00e9lra: nem emberi fogyaszt\u00e1sra.<\/li>\n<\/ul>\n<p>Ak\u00e1r olcs\u00f3n szeretne DMT-Dimethyltryptamine-t v\u00e1s\u00e1rolni online, ak\u00e1r ellen\u0151rz\u00f6tt sz\u00e1ll\u00edt\u00f3t keres, a ChemGramx megb\u00edzhat\u00f3 forr\u00e1s a DMT-Dimethyltryptamine biztons\u00e1gos online v\u00e1s\u00e1rl\u00e1s\u00e1hoz.<\/p>\n<h2>Biztons\u00e1gos kezel\u00e9s \u00e9s t\u00e1rol\u00e1s<\/h2>\n<p>A k\u00e9miai integrit\u00e1s meg\u0151rz\u00e9se \u00e9rdek\u00e9ben a DMT-dimetiltriptamint h\u0171v\u00f6s, sz\u00e1raz, k\u00f6zvetlen napf\u00e9nyt\u0151l v\u00e9dett helyen kell t\u00e1rolni. A pontos kutat\u00e1si eredm\u00e9nyek \u00e9s a felel\u0151ss\u00e9gteljes kezel\u00e9s biztos\u00edt\u00e1sa \u00e9rdek\u00e9ben a val\u00f3di vagy hamis DMT-Dimetiltriptamin kezel\u00e9se sor\u00e1n mindig k\u00f6vesse a laborat\u00f3riumi biztons\u00e1gi ir\u00e1nyelveket.<\/p>","protected":false},"excerpt":{"rendered":"<p><strong>DMT<\/strong>m\u00e1s n\u00e9ven <strong>Dimetiltriptamin<\/strong>egy rendk\u00edv\u00fcl hat\u00e9kony vegy\u00fclet a triptamin csal\u00e1db\u00f3l. Gyakran haszn\u00e1lj\u00e1k az idegtudom\u00e1nyi \u00e9s farmakol\u00f3giai kutat\u00e1sokban a szerotoninreceptorokkal val\u00f3 k\u00f6lcs\u00f6nhat\u00e1sok \u00e9s a k\u00f6zponti idegrendszerre gyakorolt hat\u00e1sok tanulm\u00e1nyoz\u00e1s\u00e1ra.<\/p>\n<h3><strong>A DMT tulajdons\u00e1gai:<\/strong><\/h3>\n<ul>\n<li><strong>K\u00e9miai k\u00e9plet<\/strong>C12H16N2<\/li>\n<li><strong>Molekulat\u00f6meg<\/strong>188,27 g\/mol<\/li>\n<li><strong>Tisztas\u00e1g<\/strong>Garant\u00e1ltan 99%, t\u00f6k\u00e9letes a pontos kutat\u00e1si eredm\u00e9nyekhez.<\/li>\n<li><strong>Megjelen\u00e9s<\/strong>Feh\u00e9r vagy enyh\u00e9n s\u00e1rg\u00e1s sz\u00edn\u0171 por, ellen\u0151rz\u00f6tt t\u00e1rol\u00e1si k\u00f6r\u00fclm\u00e9nyek k\u00f6z\u00f6tt stabil.<\/li>\n<\/ul>\n<h3><strong>Alkalmaz\u00e1si ter\u00fcletek:<\/strong><\/h3>\n<ol>\n<li><strong>Idegtudom\u00e1nyi tanulm\u00e1nyok<\/strong>A szerotoninreceptorok \u00e9s a neurotranszmitterekkel val\u00f3 k\u00f6lcs\u00f6nhat\u00e1suk kutat\u00e1sa.<\/li>\n<li><strong>Farmakol\u00f3giai kutat\u00e1s<\/strong>A szerkezet-aktivit\u00e1s \u00f6sszef\u00fcgg\u00e9sek (SAR) \u00e9s a ter\u00e1pi\u00e1s lehet\u0151s\u00e9gek elemz\u00e9se.<\/li>\n<li><strong>Pszichedelikus tanulm\u00e1nyok<\/strong>: Az \u00e9rz\u00e9kel\u00e9sre, a tudatoss\u00e1gra \u00e9s az \u00e9rzelmi \u00e1llapotokra gyakorolt hat\u00e1sok vizsg\u00e1lata.<\/li>\n<\/ol>\n<h3><strong>Mi\u00e9rt \u00e9rdemes DMT-t v\u00e1s\u00e1rolni?<\/strong><\/h3>\n<ul>\n<li><strong>Legmagasabb tisztas\u00e1g<\/strong>Megb\u00edzhat\u00f3 eredm\u00e9nyekhez laborat\u00f3riumi \u00e9s kutat\u00e1si k\u00f6rnyezetben.<\/li>\n<li><strong>Diszkr\u00e9t sz\u00e1ll\u00edt\u00e1s<\/strong>Biztons\u00e1gos \u00e9s anonim, k\u00f6zvetlen\u00fcl az \u00d6n c\u00edm\u00e9re k\u00e9zbes\u00edtve.<\/li>\n<li><strong>Sz\u00e9lesk\u00f6r\u0171 alkalmaz\u00e1sok<\/strong>Ide\u00e1lis tudom\u00e1nyos tanulm\u00e1nyokhoz \u00e9s fejleszt\u00e9sekhez.<\/li>\n<\/ul>\n<hr \/>","protected":false},"featured_media":7648,"comment_status":"open","ping_status":"closed","template":"","meta":{"_joinchat":[]},"product_brand":[],"product_cat":[96],"product_tag":[2312,2320,2314,606,2319,2318,2313,2317,2315,2316,2310],"class_list":{"0":"post-7618","1":"product","2":"type-product","3":"status-publish","4":"has-post-thumbnail","6":"product_cat-psychedelische-droge","7":"product_tag-dimethyltryptamin","8":"product_tag-dimethyltryptamin-forschung","9":"product_tag-dimethyltryptamin-kaufen","10":"product_tag-dmt","11":"product_tag-dmt-chemikalien","12":"product_tag-dmt-fur-forschung","13":"product_tag-dmt-kaufen","14":"product_tag-dmt-kristalle","15":"product_tag-dmt-online","16":"product_tag-dmt-pulver","17":"product_tag-synthetische-psychedelika","19":"first","20":"instock","21":"shipping-taxable","22":"purchasable","23":"product-type-variable"},"yoast_head":"<!-- This site is optimized with the Yoast SEO plugin v27.5 - https:\/\/yoast.com\/product\/yoast-seo-wordpress\/ -->\n<title>DMT Dimethyltryptamine | Chemische Verbindung f\u00fcr<\/title>\n<meta name=\"description\" content=\"Erwerben Sie DMT (Dimethyltryptamin), eine hochreine chemische Verbindung f\u00fcr wissenschaftliche Studien. Nur f\u00fcr Forschungslabore \u2013 nicht f\u00fcr den menschlichen Konsum geeignet. DMT Dimethyltryptamine\" \/>\n<meta name=\"robots\" content=\"index, follow, max-snippet:-1, max-image-preview:large, max-video-preview:-1\" \/>\n<link rel=\"canonical\" href=\"https:\/\/chemgramx.com\/hu\/termek-1\/dmt-dimetil-triptamin-online-vasarlasa\/\" \/>\n<meta property=\"og:locale\" content=\"hu_HU\" \/>\n<meta property=\"og:type\" content=\"article\" \/>\n<meta property=\"og:title\" content=\"DMT Dimethyltryptamine | Chemische Verbindung f\u00fcr\" \/>\n<meta property=\"og:description\" content=\"Erwerben Sie DMT (Dimethyltryptamin), eine hochreine chemische Verbindung f\u00fcr wissenschaftliche Studien. Nur f\u00fcr Forschungslabore \u2013 nicht f\u00fcr den menschlichen Konsum geeignet. DMT Dimethyltryptamine\" \/>\n<meta property=\"og:url\" content=\"https:\/\/chemgramx.com\/hu\/termek-1\/dmt-dimetil-triptamin-online-vasarlasa\/\" \/>\n<meta property=\"og:site_name\" content=\"Chemgramx\" \/>\n<meta property=\"article:modified_time\" content=\"2025-11-21T11:20:23+00:00\" \/>\n<meta property=\"og:image\" content=\"https:\/\/chemgramx.com\/wp-content\/uploads\/2025\/11\/dmt.png\" \/>\n\t<meta property=\"og:image:width\" content=\"600\" \/>\n\t<meta property=\"og:image:height\" content=\"400\" \/>\n\t<meta property=\"og:image:type\" content=\"image\/png\" \/>\n<meta name=\"twitter:card\" content=\"summary_large_image\" \/>\n<meta name=\"twitter:label1\" content=\"Becs\u00fclt olvas\u00e1si id\u0151\" \/>\n\t<meta name=\"twitter:data1\" content=\"2 perc\" \/>\n<script type=\"application\/ld+json\" class=\"yoast-schema-graph\">{\"@context\":\"https:\\\/\\\/schema.org\",\"@graph\":[{\"@type\":\"WebPage\",\"@id\":\"https:\\\/\\\/chemgramx.com\\\/product\\\/dmt-dimethyltryptamine-online-kaufen\\\/\",\"url\":\"https:\\\/\\\/chemgramx.com\\\/product\\\/dmt-dimethyltryptamine-online-kaufen\\\/\",\"name\":\"DMT Dimethyltryptamine | Chemische Verbindung f\u00fcr\",\"isPartOf\":{\"@id\":\"https:\\\/\\\/chemgramx.com\\\/#website\"},\"primaryImageOfPage\":{\"@id\":\"https:\\\/\\\/chemgramx.com\\\/product\\\/dmt-dimethyltryptamine-online-kaufen\\\/#primaryimage\"},\"image\":{\"@id\":\"https:\\\/\\\/chemgramx.com\\\/product\\\/dmt-dimethyltryptamine-online-kaufen\\\/#primaryimage\"},\"thumbnailUrl\":\"https:\\\/\\\/chemgramx.com\\\/wp-content\\\/uploads\\\/2025\\\/11\\\/dmt.png\",\"datePublished\":\"2025-11-21T11:19:17+00:00\",\"dateModified\":\"2025-11-21T11:20:23+00:00\",\"description\":\"Erwerben Sie DMT (Dimethyltryptamin), eine hochreine chemische Verbindung f\u00fcr wissenschaftliche Studien. Nur f\u00fcr Forschungslabore \u2013 nicht f\u00fcr den menschlichen Konsum geeignet. DMT Dimethyltryptamine\",\"breadcrumb\":{\"@id\":\"https:\\\/\\\/chemgramx.com\\\/product\\\/dmt-dimethyltryptamine-online-kaufen\\\/#breadcrumb\"},\"inLanguage\":\"hu\",\"potentialAction\":[{\"@type\":\"ReadAction\",\"target\":[\"https:\\\/\\\/chemgramx.com\\\/product\\\/dmt-dimethyltryptamine-online-kaufen\\\/\"]}]},{\"@type\":\"ImageObject\",\"inLanguage\":\"hu\",\"@id\":\"https:\\\/\\\/chemgramx.com\\\/product\\\/dmt-dimethyltryptamine-online-kaufen\\\/#primaryimage\",\"url\":\"https:\\\/\\\/chemgramx.com\\\/wp-content\\\/uploads\\\/2025\\\/11\\\/dmt.png\",\"contentUrl\":\"https:\\\/\\\/chemgramx.com\\\/wp-content\\\/uploads\\\/2025\\\/11\\\/dmt.png\",\"width\":600,\"height\":400},{\"@type\":\"BreadcrumbList\",\"@id\":\"https:\\\/\\\/chemgramx.com\\\/product\\\/dmt-dimethyltryptamine-online-kaufen\\\/#breadcrumb\",\"itemListElement\":[{\"@type\":\"ListItem\",\"position\":1,\"name\":\"Home\",\"item\":\"https:\\\/\\\/chemgramx.com\\\/\"},{\"@type\":\"ListItem\",\"position\":2,\"name\":\"Shop\",\"item\":\"https:\\\/\\\/chemgramx.com\\\/shop\\\/\"},{\"@type\":\"ListItem\",\"position\":3,\"name\":\"DMT Dimethyltryptamine online kaufen\"}]},{\"@type\":\"WebSite\",\"@id\":\"https:\\\/\\\/chemgramx.com\\\/#website\",\"url\":\"https:\\\/\\\/chemgramx.com\\\/\",\"name\":\"Chemgramx\",\"description\":\"\",\"publisher\":{\"@id\":\"https:\\\/\\\/chemgramx.com\\\/#organization\"},\"potentialAction\":[{\"@type\":\"SearchAction\",\"target\":{\"@type\":\"EntryPoint\",\"urlTemplate\":\"https:\\\/\\\/chemgramx.com\\\/?s={search_term_string}\"},\"query-input\":{\"@type\":\"PropertyValueSpecification\",\"valueRequired\":true,\"valueName\":\"search_term_string\"}}],\"inLanguage\":\"hu\"},{\"@type\":\"Organization\",\"@id\":\"https:\\\/\\\/chemgramx.com\\\/#organization\",\"name\":\"Chemgramx\",\"url\":\"https:\\\/\\\/chemgramx.com\\\/\",\"logo\":{\"@type\":\"ImageObject\",\"inLanguage\":\"hu\",\"@id\":\"https:\\\/\\\/chemgramx.com\\\/#\\\/schema\\\/logo\\\/image\\\/\",\"url\":\"https:\\\/\\\/chemgramx.com\\\/wp-content\\\/uploads\\\/2024\\\/10\\\/final-logo.png\",\"contentUrl\":\"https:\\\/\\\/chemgramx.com\\\/wp-content\\\/uploads\\\/2024\\\/10\\\/final-logo.png\",\"width\":250,\"height\":48,\"caption\":\"Chemgramx\"},\"image\":{\"@id\":\"https:\\\/\\\/chemgramx.com\\\/#\\\/schema\\\/logo\\\/image\\\/\"}}]}<\/script>\n<!-- \/ Yoast SEO plugin. -->","yoast_head_json":{"title":"DMT Dimetiltriptamin | K\u00e9miai vegy\u00fclet","description":"V\u00e1s\u00e1roljon DMT-t (dimetiltriptamint), egy nagy tisztas\u00e1g\u00fa k\u00e9miai vegy\u00fcletet tudom\u00e1nyos vizsg\u00e1latokhoz. Kiz\u00e1r\u00f3lag kutat\u00f3laborat\u00f3riumi haszn\u00e1latra \u2013 emberi fogyaszt\u00e1sra nem alkalmas. DMT Dimetiltriptamin","robots":{"index":"index","follow":"follow","max-snippet":"max-snippet:-1","max-image-preview":"max-image-preview:large","max-video-preview":"max-video-preview:-1"},"canonical":"https:\/\/chemgramx.com\/hu\/termek-1\/dmt-dimetil-triptamin-online-vasarlasa\/","og_locale":"hu_HU","og_type":"article","og_title":"DMT Dimethyltryptamine | Chemische Verbindung f\u00fcr","og_description":"Erwerben Sie DMT (Dimethyltryptamin), eine hochreine chemische Verbindung f\u00fcr wissenschaftliche Studien. Nur f\u00fcr Forschungslabore \u2013 nicht f\u00fcr den menschlichen Konsum geeignet. DMT Dimethyltryptamine","og_url":"https:\/\/chemgramx.com\/hu\/termek-1\/dmt-dimetil-triptamin-online-vasarlasa\/","og_site_name":"Chemgramx","article_modified_time":"2025-11-21T11:20:23+00:00","og_image":[{"width":600,"height":400,"url":"https:\/\/chemgramx.com\/wp-content\/uploads\/2025\/11\/dmt.png","type":"image\/png"}],"twitter_card":"summary_large_image","twitter_misc":{"Becs\u00fclt olvas\u00e1si id\u0151":"2 perc"},"schema":{"@context":"https:\/\/schema.org","@graph":[{"@type":"WebPage","@id":"https:\/\/chemgramx.com\/product\/dmt-dimethyltryptamine-online-kaufen\/","url":"https:\/\/chemgramx.com\/product\/dmt-dimethyltryptamine-online-kaufen\/","name":"DMT Dimetiltriptamin | K\u00e9miai vegy\u00fclet","isPartOf":{"@id":"https:\/\/chemgramx.com\/#website"},"primaryImageOfPage":{"@id":"https:\/\/chemgramx.com\/product\/dmt-dimethyltryptamine-online-kaufen\/#primaryimage"},"image":{"@id":"https:\/\/chemgramx.com\/product\/dmt-dimethyltryptamine-online-kaufen\/#primaryimage"},"thumbnailUrl":"https:\/\/chemgramx.com\/wp-content\/uploads\/2025\/11\/dmt.png","datePublished":"2025-11-21T11:19:17+00:00","dateModified":"2025-11-21T11:20:23+00:00","description":"V\u00e1s\u00e1roljon DMT-t (dimetiltriptamint), egy nagy tisztas\u00e1g\u00fa k\u00e9miai vegy\u00fcletet tudom\u00e1nyos vizsg\u00e1latokhoz. Kiz\u00e1r\u00f3lag kutat\u00f3laborat\u00f3riumi haszn\u00e1latra \u2013 emberi fogyaszt\u00e1sra nem alkalmas. DMT Dimetiltriptamin","breadcrumb":{"@id":"https:\/\/chemgramx.com\/product\/dmt-dimethyltryptamine-online-kaufen\/#breadcrumb"},"inLanguage":"hu","potentialAction":[{"@type":"ReadAction","target":["https:\/\/chemgramx.com\/product\/dmt-dimethyltryptamine-online-kaufen\/"]}]},{"@type":"ImageObject","inLanguage":"hu","@id":"https:\/\/chemgramx.com\/product\/dmt-dimethyltryptamine-online-kaufen\/#primaryimage","url":"https:\/\/chemgramx.com\/wp-content\/uploads\/2025\/11\/dmt.png","contentUrl":"https:\/\/chemgramx.com\/wp-content\/uploads\/2025\/11\/dmt.png","width":600,"height":400},{"@type":"BreadcrumbList","@id":"https:\/\/chemgramx.com\/product\/dmt-dimethyltryptamine-online-kaufen\/#breadcrumb","itemListElement":[{"@type":"ListItem","position":1,"name":"Home","item":"https:\/\/chemgramx.com\/"},{"@type":"ListItem","position":2,"name":"Shop","item":"https:\/\/chemgramx.com\/shop\/"},{"@type":"ListItem","position":3,"name":"DMT Dimethyltryptamine online kaufen"}]},{"@type":"WebSite","@id":"https:\/\/chemgramx.com\/#website","url":"https:\/\/chemgramx.com\/","name":"Chemgramx","description":"","publisher":{"@id":"https:\/\/chemgramx.com\/#organization"},"potentialAction":[{"@type":"SearchAction","target":{"@type":"EntryPoint","urlTemplate":"https:\/\/chemgramx.com\/?s={search_term_string}"},"query-input":{"@type":"PropertyValueSpecification","valueRequired":true,"valueName":"search_term_string"}}],"inLanguage":"hu"},{"@type":"Organization","@id":"https:\/\/chemgramx.com\/#organization","name":"Chemgramx","url":"https:\/\/chemgramx.com\/","logo":{"@type":"ImageObject","inLanguage":"hu","@id":"https:\/\/chemgramx.com\/#\/schema\/logo\/image\/","url":"https:\/\/chemgramx.com\/wp-content\/uploads\/2024\/10\/final-logo.png","contentUrl":"https:\/\/chemgramx.com\/wp-content\/uploads\/2024\/10\/final-logo.png","width":250,"height":48,"caption":"Chemgramx"},"image":{"@id":"https:\/\/chemgramx.com\/#\/schema\/logo\/image\/"}}]}},"_links":{"self":[{"href":"https:\/\/chemgramx.com\/hu\/wp-json\/wp\/v2\/product\/7618","targetHints":{"allow":["GET"]}}],"collection":[{"href":"https:\/\/chemgramx.com\/hu\/wp-json\/wp\/v2\/product"}],"about":[{"href":"https:\/\/chemgramx.com\/hu\/wp-json\/wp\/v2\/types\/product"}],"replies":[{"embeddable":true,"href":"https:\/\/chemgramx.com\/hu\/wp-json\/wp\/v2\/comments?post=7618"}],"wp:featuredmedia":[{"embeddable":true,"href":"https:\/\/chemgramx.com\/hu\/wp-json\/wp\/v2\/media\/7648"}],"wp:attachment":[{"href":"https:\/\/chemgramx.com\/hu\/wp-json\/wp\/v2\/media?parent=7618"}],"wp:term":[{"taxonomy":"product_brand","embeddable":true,"href":"https:\/\/chemgramx.com\/hu\/wp-json\/wp\/v2\/product_brand?post=7618"},{"taxonomy":"product_cat","embeddable":true,"href":"https:\/\/chemgramx.com\/hu\/wp-json\/wp\/v2\/product_cat?post=7618"},{"taxonomy":"product_tag","embeddable":true,"href":"https:\/\/chemgramx.com\/hu\/wp-json\/wp\/v2\/product_tag?post=7618"}],"curies":[{"name":"wp","href":"https:\/\/api.w.org\/{rel}","templated":true}]}}