{"id":7730,"date":"2025-11-21T11:20:27","date_gmt":"2025-11-21T11:20:27","guid":{"rendered":"https:\/\/chemgramx.com\/?post_type=product&#038;p=7730"},"modified":"2025-11-21T11:21:15","modified_gmt":"2025-11-21T11:21:15","slug":"2c-d-10mg-pellet-megvasarlasa","status":"publish","type":"product","link":"https:\/\/chemgramx.com\/hu\/product\/2c-d-10mg-pellets-kaufen\/","title":{"rendered":"2C-D 10mg pellet megv\u00e1s\u00e1rl\u00e1sa"},"content":{"rendered":"<p>Az ig\u00e9nyes vil\u00e1gban a <b>k\u00e9miai \u00e9s farmakol\u00f3giai kutat\u00e1s<\/b> a forr\u00e1sanyag megb\u00edzhat\u00f3s\u00e1ga nem k\u00e9pezi vita t\u00e1rgy\u00e1t. A <b>2C-D 10 mg tabletta<\/b> kifejezetten az\u00e9rt fejlesztett\u00e9k ki, hogy a min\u0151s\u00edtett laborat\u00f3riumokban dolgoz\u00f3 tud\u00f3sok sz\u00e1m\u00e1ra egy <b>Kutat\u00e1si anyag<\/b> a legnagyobb pontoss\u00e1ggal \u00e9s tisztas\u00e1ggal. A mikrotabletta adagol\u00e1si forma garant\u00e1lja a <b>Pontos adagol\u00e1si konzisztencia<\/b>, amelyek felel\u0151sek a <b>Reproduk\u00e1lhat\u00f3s\u00e1g<\/b> \u00e9s az analitikai eredm\u00e9nyek hiteless\u00e9ge alapvet\u0151 fontoss\u00e1g\u00fa.<\/p>\n<p>Ezek a pelletek ide\u00e1lisak <b>Referenciaanyag<\/b> a kutat\u00f3k sz\u00e1m\u00e1ra, akik a <b>Szerkezet-aktivit\u00e1s kapcsolat (SAR)<\/b> fenetilamin-sz\u00e1rmaz\u00e9kok toxikol\u00f3giai sz\u0171r\u00e9se \u00e9s \u00faj analitikai m\u00f3dszerek kifejleszt\u00e9se. Kiz\u00e1r\u00f3lag szigor\u00faan ellen\u0151rz\u00f6tt <b>Kutat\u00e1si k\u00f6rnyezetek<\/b> tervezett.<\/p>\n<h2><b>K\u00e9miai integrit\u00e1s \u00e9s term\u00e9kjellemz\u0151k<\/b><\/h2>\n<p>A megb\u00edzhat\u00f3 kutat\u00e1s alapja mindig az anyag specifik\u00e1ci\u00f3ja. A 2C-D pelletjeink megfelelnek a tisztas\u00e1g \u00e9s az adagol\u00e1si pontoss\u00e1g legmagasabb k\u00f6vetelm\u00e9nyeinek.<\/p>\n<h3><b>Az anyag: 2,5-dimetoxi-4-metilfenetilamin (2C-D)<\/b><\/h3>\n<p>Az anyag eset\u00e9ben <b>2C-D<\/b>, akinek a teljes neve <b>2,5-Dimetoxi-4-metilfenetilamin<\/b> egy vegy\u00fclet a <b>Fenetilaminok<\/b>. Eredetileg a h\u00edres k\u00e9mikus fejlesztette ki <b>Dr. Alexander Shulgin<\/b> szintetiz\u00e1lt\u00e1k, \u00e9s intenz\u00edven kutatj\u00e1k a <b>A szerotonin receptorok hat\u00e1smechanizmusa<\/b> (k\u00fcl\u00f6n\u00f6sen az 5-HT$_{2A}$ csal\u00e1d). A vil\u00e1gos \u00e9s viszonylag egyszer\u0171 szerkezet miatt a 2C-D fontos <b>\u00d6sszehasonl\u00edt\u00e1si szabv\u00e1ny<\/b> a 2C-x kutat\u00e1si vegyszercsal\u00e1don bel\u00fcl.<\/p>\n<h3><b>Pontos specifik\u00e1ci\u00f3k az \u00d6n laborat\u00f3rium\u00e1hoz<\/b><\/h3>\n<p>A k\u00f6vetkez\u0151 jellemz\u0151k biztos\u00edtj\u00e1k a magas min\u0151s\u00e9get \u00e9s a k\u00f6nny\u0171 kezelhet\u0151s\u00e9get:<\/p>\n<ul>\n<li><b>Anyag:<\/b> 2,5-Dimetoxi-4-metilfenetil-amin.<\/li>\n<li><b>Adagol\u00e1si forma:<\/b> Mikrotabletta pellet, optimaliz\u00e1lva egy <b><a href=\"\/product\/1b-lsd-125mcg-blotters-kaufen\/\">m\u00e9g<\/a> Hat\u00f3anyag-eloszl\u00e1s<\/b>.<\/li>\n<li><b>Adagol\u00e1s:<\/b> <b>10mg<\/b> pelletenk\u00e9nt (<span class=\"math-inline\" data-math=\"pm\">$pm$<\/span> 0,5 mg tolerancia) - egyszer\u0171 \u00e9s <b>Hibamentes adagol\u00e1s<\/b>.<\/li>\n<li><b>Tisztas\u00e1g:<\/b> <b><span class=\"math-inline\" data-math=\"geq 97%\">$geq 97%$<\/span><\/b> - Meger\u0151s\u00edtette <b>HPLC vizsg\u00e1lati m\u00f3dszer<\/b>.<\/li>\n<li><b>Stabilit\u00e1s:<\/b> <b>Hossz\u00fa t\u00e1v\u00fa stabilit\u00e1s<\/b> az aj\u00e1nlott t\u00e1rol\u00e1si k\u00f6r\u00fclm\u00e9nyek k\u00f6z\u00f6tt.<\/li>\n<\/ul>\n<h3><b>Min\u0151s\u00e9gi garancia \u00e9s dokument\u00e1ci\u00f3<\/b><\/h3>\n<p>A legmagasabb min\u0151s\u00e9g biztos\u00edt\u00e1sa \u00e9rdek\u00e9ben minden egyes t\u00e9telt szigor\u00fa ellen\u0151rz\u00e9snek vet\u00fcnk al\u00e1. <b>T\u00e9tel konzisztencia<\/b> annak biztos\u00edt\u00e1sa \u00e9rdek\u00e9ben, hogy<\/p>\n<ul>\n<li><b>Analitikai dokument\u00e1ci\u00f3:<\/b> A sz\u00e1ll\u00edt\u00e1s egy <b>teljes analitikai tan\u00fas\u00edtv\u00e1ny (CoA)<\/b>, amely r\u00e9szletesen bemutatja a HPLC-eredm\u00e9nyeket.<\/li>\n<li><b>Reproduk\u00e1lhat\u00f3 min\u0151s\u00e9g:<\/b> A termel\u00e9s egys\u00e9gess\u00e9ge lehet\u0151v\u00e9 teszi a <b>A vizsg\u00e1lati eredm\u00e9nyek \u00f6sszehasonl\u00edthat\u00f3s\u00e1ga<\/b> k\u00fcl\u00f6nb\u00f6z\u0151 rendek k\u00f6z\u00f6tt.<\/li>\n<li><b>Dokument\u00e1lt eltarthat\u00f3s\u00e1gi id\u0151:<\/b> A k\u00f6vetkez\u0151k biztos\u00edt\u00e1sa <b>Stabilit\u00e1si adatok<\/b> az anyag megb\u00edzhat\u00f3s\u00e1g\u00e1nak biztos\u00edt\u00e1sa \u00e9rdek\u00e9ben.<\/li>\n<\/ul>\n<h2><b>Kutat\u00e1si alkalmaz\u00e1sok a gyakorlatban<\/b><\/h2>\n<p>A <b>2C-D 10 mg tabletta<\/b> pontos adagol\u00e1suk miatt sz\u00e1mos fejlett tudom\u00e1nyos vizsg\u00e1latra vannak predesztin\u00e1lva.<\/p>\n<h3><b>A lehets\u00e9ges alkalmaz\u00e1si ter\u00fcletek r\u00e9szletesen<\/b><\/h3>\n<p>&nbsp;<\/p>\n<ol start=\"1\">\n<li><b>Analitikai toxikol\u00f3gia \u00e9s t\u00f6rv\u00e9nysz\u00e9ki orvostan:<\/b>\n<ul>\n<li><b>Referenciaszabv\u00e1ny:<\/b> Els\u0151dlegesen szolg\u00e1l <b>Referenciaanyag<\/b> a nagy felbont\u00e1s\u00fa analitikai m\u00f3dszerek (LC\/MS, GC\/MS) kalibr\u00e1l\u00e1sa \u00e9s valid\u00e1l\u00e1sa a k\u00f6vetkez\u0151 anyagok kimutat\u00e1s\u00e1hoz <b>Fenetilamin-sz\u00e1rmaz\u00e9kok<\/b> t\u00f6rv\u00e9nysz\u00e9ki mint\u00e1kban.<\/li>\n<li><b>M\u00f3dszer-\u00f6sszehasonl\u00edt\u00e1sok:<\/b> Lehet\u0151v\u00e9 teszi a k\u00f6zvetlen <b>\u00f6sszehasonl\u00edt\u00f3 elemz\u00e9sek<\/b> k\u00fcl\u00f6nb\u00f6z\u0151 extrakci\u00f3s \u00e9s tiszt\u00edt\u00e1si elj\u00e1r\u00e1sok.<\/li>\n<\/ul>\n<\/li>\n<li><b>Farmakol\u00f3giai \u00e9s metabolikus vizsg\u00e1latok:<\/b>\n<ul>\n<li><b>Adagol\u00e1si vizsg\u00e1latok:<\/b> A pontos <b>10mg alkalmaz\u00e1s<\/b> ide\u00e1lis az ellen\u0151rz\u00f6tt <i>In vitro<\/i>-k\u00eds\u00e9rletek a <b>D\u00f3zis-v\u00e1lasz kapcsolat<\/b> sejtkult\u00far\u00e1kon vagy receptormodelleken.<\/li>\n<li><b>Anyagcsere-kutat\u00e1s:<\/b> A k\u00f6vetkez\u0151k vizsg\u00e1lat\u00e1ban val\u00f3 felhaszn\u00e1l\u00e1s <b>biotranszform\u00e1l\u00f3 enzimek<\/b> (pl. CYP450) a 2C-D \u00e9s hasonl\u00f3 anyagok leboml\u00e1si \u00fatvonalainak tiszt\u00e1z\u00e1s\u00e1ra.<\/li>\n<\/ul>\n<\/li>\n<li><b>Anyagi tulajdons\u00e1gok \u00e9s stabilit\u00e1s:<\/b>\n<ul>\n<li><b>Stabilit\u00e1skutat\u00e1s:<\/b> Megval\u00f3s\u00edt\u00e1sa <b>Eltarthat\u00f3s\u00e1gi vizsg\u00e1latok<\/b> v\u00e1ltoz\u00f3 h\u0151m\u00e9rs\u00e9klet \u00e9s p\u00e1ratartalom mellett a vegyi anyagok optim\u00e1lis t\u00e1rol\u00e1si strat\u00e9gi\u00e1inak meghat\u00e1roz\u00e1sa \u00e9rdek\u00e9ben.<\/li>\n<\/ul>\n<\/li>\n<\/ol>\n<h2><b>Biztons\u00e1g \u00e9s jogi megfelel\u00e9s<\/b><\/h2>\n<p>Az al\u00e1bbiak kezel\u00e9se <b>Kutat\u00e1si vegyi anyagok<\/b> szigor\u00faan be kell tartani a biztons\u00e1gi \u00e9s jogi el\u0151\u00edr\u00e1sokat.<\/p>\n<h3><b>Fontos \u00f3vint\u00e9zked\u00e9sek a laborat\u00f3riumban<\/b><\/h3>\n<ul>\n<li><b>Kiz\u00e1r\u00f3lag kutat\u00e1si c\u00e9lokra:<\/b> Van egy <b>teljes tilalom<\/b> a min\u0151s\u00edtett, jogi kutat\u00e1si k\u00f6rnyezeten k\u00edv\u00fcli b\u00e1rmilyen felhaszn\u00e1l\u00e1s.<\/li>\n<li><b>Ellen\u0151rz\u00f6tt laborat\u00f3riumi k\u00f6r\u00fclm\u00e9nyek:<\/b> A pellet kezel\u00e9s\u00e9nek a k\u00f6vetkez\u0151kre kell ir\u00e1nyulnia <b>kiz\u00e1r\u00f3lag<\/b> megfelel\u0151en felszerelt laborat\u00f3riumi l\u00e9tes\u00edtm\u00e9nyekben <b>K\u00e9pzett szakszem\u00e9lyzet<\/b> ker\u00fcl sor.<\/li>\n<li><b>Szem\u00e9lyi v\u00e9d\u0151felszerel\u00e9s (PPE):<\/b> A visel\u00e9se <b>megfelel\u0151 v\u00e9d\u0151ruh\u00e1zat<\/b> (keszty\u0171, labork\u00f6peny, v\u00e9d\u0151szem\u00fcveg) k\u00f6telez\u0151 az expoz\u00edci\u00f3 elker\u00fcl\u00e9se \u00e9rdek\u00e9ben.<\/li>\n<li><b>Jogi megfelel\u00e9s:<\/b> A v\u00e1s\u00e1rl\u00f3t terheli a felel\u0151ss\u00e9g a <b>A helyi, nemzeti \u00e9s nemzetk\u00f6zi t\u00f6rv\u00e9nyek betart\u00e1sa<\/b> a 2C-D behozatal\u00e1val, birtokl\u00e1s\u00e1val \u00e9s felhaszn\u00e1l\u00e1s\u00e1val kapcsolatban.<\/li>\n<\/ul>\n<h3><b>Optim\u00e1lis t\u00e1rol\u00e1s \u00e9s kezel\u00e9s<\/b><\/h3>\n<p>Az optimaliz\u00e1l\u00e1shoz a <b>Hossz\u00fa t\u00e1v\u00fa stabilit\u00e1s<\/b> az anyagot, a k\u00f6vetkez\u0151ket javasoljuk:<\/p>\n<ul>\n<li><b>H\u0151m\u00e9rs\u00e9klet:<\/b> T\u00e1rol\u00e1s a <b>szab\u00e1lyozott szobah\u0151m\u00e9rs\u00e9klet<\/b> (<span class=\"math-inline\" data-math=\"15-25^circtext{C}\">$15-25^circtext{C}$<\/span>).<\/li>\n<li><b>P\u00e1ratartalom:<\/b> Sz\u00e1raz k\u00f6rnyezet a boml\u00e1s megel\u0151z\u00e9s\u00e9re (aj\u00e1nlott <span class=\"math-inline\" data-math=\"&lt;60%\">$&lt;60%$<\/span> relat\u00edv p\u00e1ratartalom).<\/li>\n<li><b>F\u00e9nyv\u00e9delem:<\/b> V\u00e9delem a k\u00f6zvetlen napf\u00e9nyt\u0151l; <b>\u0150rizze meg az eredeti csomagol\u00e1st<\/b>.<\/li>\n<\/ul>\n<h2><b>Inform\u00e1ci\u00f3s \u00e9s kutat\u00e1si szolg\u00e1ltat\u00e1s megrendel\u00e9se<\/b><\/h2>\n<p>Rugalmas csomagol\u00e1si m\u00e9reteket k\u00edn\u00e1lunk, hogy optim\u00e1lisan lefedj\u00fck a kis valid\u00e1ci\u00f3s vizsg\u00e1latok ig\u00e9nyeit eg\u00e9szen a kiterjedt kutat\u00e1si projektekig.<\/p>\n<h3><b>El\u00e9rhet\u0151 kutat\u00e1si k\u00f6tetek<\/b><\/h3>\n<p>A pontos <b>10mg adagol\u00e1s<\/b> pelletenk\u00e9nt megk\u00f6nny\u00edti a teljes hat\u00f3anyag mennyis\u00e9g\u00e9nek kisz\u00e1m\u00edt\u00e1s\u00e1t:<\/p>\n<ul>\n<li><b>Kis csomag:<\/b> <b>25 pellet<\/b> (250 mg) - Ide\u00e1lis k\u00eds\u00e9rleti vizsg\u00e1latokhoz.<\/li>\n<li><b>Standard csomagol\u00e1s:<\/b> <b>50 pellet<\/b> (500 mg) - Rendszeres analitikai sorozathoz.<\/li>\n<li><b>T\u00f6megcsomagol\u00e1s:<\/b> <b>100 pellet<\/b> (1000 mg \/ 1 g) - \u00c1tfog\u00f3 valid\u00e1l\u00e1sra alkalmas.<\/li>\n<li><b>Kutat\u00e1si \u00f6mlesztett csomag:<\/b> <b>250 pellet<\/b> (2500 mg \/ 2,5 g) - Hossz\u00fa t\u00e1v\u00fa kutat\u00e1si \u00e9s egy\u00fcttm\u0171k\u00f6d\u00e9si projektekhez.<\/li>\n<\/ul>\n<h3><b>Megrendel\u00e9si k\u00f6vetelm\u00e9nyek \u00e9s logisztika<\/b><\/h3>\n<p>A term\u00e9k jogszer\u0171 haszn\u00e1lat\u00e1nak biztos\u00edt\u00e1sa \u00e9rdek\u00e9ben a k\u00f6vetkez\u0151 bizony\u00edt\u00e9kokat kell beny\u00fajtani:<\/p>\n<ul>\n<li><b>A kutat\u00e1si szervezet igazol\u00e1sa:<\/b> Az int\u00e9zm\u00e9nyi hovatartoz\u00e1s meger\u0151s\u00edt\u00e9se.<\/li>\n<li><b>Rendeltet\u00e9sszer\u0171 haszn\u00e1lat:<\/b> Egy\u00e9rtelm\u0171 le\u00edr\u00e1s a <b>kutat\u00e1si projekt<\/b>.<\/li>\n<li><b>Biztons\u00e1gi ismeretek:<\/b> Az \u00f6sszes al\u00e1bbi dokumentum ismeret\u00e9nek \u00e9s betart\u00e1s\u00e1nak meger\u0151s\u00edt\u00e9se <b>Biztons\u00e1gi protokollok<\/b>.<\/li>\n<li><b>Diszkr\u00e9t sz\u00e1ll\u00edt\u00e1s:<\/b> A felad\u00e1s egy <b>semleges laborat\u00f3riumi csomagol\u00e1s<\/b> a tartalomra val\u00f3 k\u00fcls\u0151 hivatkoz\u00e1s n\u00e9lk\u00fcl.<\/li>\n<\/ul>\n<h2><b>Gyakran ism\u00e9telt k\u00e9rd\u00e9sek (GYIK) tud\u00f3sok sz\u00e1m\u00e1ra<\/b><\/h2>\n<p>K: A pellet alkalmas emberi fogyaszt\u00e1sra?<\/p>\n<p>V: Nem. Ezt a term\u00e9ket kiz\u00e1r\u00f3lag laborat\u00f3riumi k\u00f6rnyezetben t\u00f6rt\u00e9n\u0151 felhaszn\u00e1l\u00e1sra sz\u00e1nt kutat\u00e1si vegyi \u00e9s analitikai standardnak sz\u00e1nj\u00e1k.<\/p>\n<p>K: Milyen elemz\u00e9si adatokat szolg\u00e1ltatnak?<\/p>\n<p>V: Az $geq 97%$ tisztas\u00e1g\u00e1t \u00e9s a t\u00e9tel dokument\u00e1ci\u00f3j\u00e1t meger\u0151s\u00edt\u0151 r\u00e9szletes HPLC-elemz\u00e9sekkel ell\u00e1tott teljes analitikai tan\u00fas\u00edtv\u00e1nyt biztos\u00edtunk.<\/p>\n<p>K: Mennyi a 2C-D pellet eltarthat\u00f3s\u00e1gi ideje?<\/p>\n<p>V: Megfelel\u0151 t\u00e1rol\u00e1s eset\u00e9n (sz\u00e1raz, f\u00e9nyt\u0151l v\u00e9dett helyen) a dokument\u00e1lt minim\u00e1lis eltarthat\u00f3s\u00e1gi id\u0151 24 h\u00f3nap.<\/p>\n<p>K: Hogyan szervezik a k\u00fcldem\u00e9nyeket?<\/p>\n<p>V: A sz\u00e1ll\u00edt\u00e1s mindig diszkr\u00e9t \u00e9s biztons\u00e1gos, semleges csomagol\u00e1sban t\u00f6rt\u00e9nik, amely nem enged k\u00f6vetkeztetni a tartalomra.<\/p>\n<h4><b>Jogi figyelmeztet\u00e9s:<\/b><\/h4>\n<p>A term\u00e9k megv\u00e1s\u00e1rl\u00e1sa meger\u0151s\u00edti a term\u00e9k ismeret\u00e9t \u00e9s betart\u00e1s\u00e1t az \u00f6sszes <b>alkalmazand\u00f3 t\u00f6rv\u00e9nyek \u00e9s rendeletek<\/b>. A vev\u0151 biztos\u00edtja, hogy az anyagot kiz\u00e1r\u00f3lag a k\u00f6vetkez\u0151kben haszn\u00e1lj\u00e1k fel <b>jogi kutat\u00e1si k\u00f6rnyezetek<\/b> haszn\u00e1lj\u00e1k, \u00e9s hogy <b>megfelel\u0151 biztons\u00e1gi int\u00e9zked\u00e9sek<\/b> vettek.<\/p>","protected":false},"excerpt":{"rendered":"<p>V\u00e1s\u00e1roljon 2C-D 10 mg-os tablett\u00e1t: Egyenletesen adagolt granul\u00e1tumokban a prec\u00edz tudom\u00e1nyos munk\u00e1hoz. Kiz\u00e1r\u00f3lag kutat\u00e1si c\u00e9lokra laborat\u00f3riumi k\u00f6rnyezetben.<\/p>","protected":false},"featured_media":7753,"comment_status":"open","ping_status":"closed","template":"","meta":{"_joinchat":[]},"product_brand":[],"product_cat":[51],"product_tag":[],"class_list":{"0":"post-7730","1":"product","2":"type-product","3":"status-publish","4":"has-post-thumbnail","6":"product_cat-phenethylamines","8":"first","9":"instock","10":"shipping-taxable","11":"purchasable","12":"product-type-variable"},"yoast_head":"<!-- This site is optimized with the Yoast SEO plugin v27.5 - https:\/\/yoast.com\/product\/yoast-seo-wordpress\/ -->\n<title>2C-D Pellets Kaufen | 10mg | Research Chemical Chemgramx<\/title>\n<meta name=\"description\" content=\"2C-D 10mg Pellets kaufen - Forschungschemikalie in pelletierter Form. F\u00fcr wissenschaftliche Analysen. Laborgepr\u00fcft &amp; diskret.\" \/>\n<meta name=\"robots\" content=\"index, follow, max-snippet:-1, max-image-preview:large, max-video-preview:-1\" \/>\n<link rel=\"canonical\" href=\"https:\/\/chemgramx.com\/hu\/termek-1\/2c-d-10mg-pellet-megvasarlasa\/\" \/>\n<meta property=\"og:locale\" content=\"hu_HU\" \/>\n<meta property=\"og:type\" content=\"article\" \/>\n<meta property=\"og:title\" content=\"2C-D Pellets Kaufen | 10mg | Research Chemical Chemgramx\" \/>\n<meta property=\"og:description\" content=\"2C-D 10mg Pellets kaufen - Forschungschemikalie in pelletierter Form. F\u00fcr wissenschaftliche Analysen. Laborgepr\u00fcft &amp; diskret.\" \/>\n<meta property=\"og:url\" content=\"https:\/\/chemgramx.com\/hu\/termek-1\/2c-d-10mg-pellet-megvasarlasa\/\" \/>\n<meta property=\"og:site_name\" content=\"Chemgramx\" \/>\n<meta property=\"article:modified_time\" content=\"2025-11-21T11:21:15+00:00\" \/>\n<meta property=\"og:image\" content=\"https:\/\/chemgramx.com\/wp-content\/uploads\/2025\/11\/buy-2c-d-10-mg-pellets-chem-store-online.png\" \/>\n\t<meta property=\"og:image:width\" content=\"583\" \/>\n\t<meta property=\"og:image:height\" content=\"551\" \/>\n\t<meta property=\"og:image:type\" content=\"image\/png\" \/>\n<meta name=\"twitter:card\" content=\"summary_large_image\" \/>\n<meta name=\"twitter:label1\" content=\"Becs\u00fclt olvas\u00e1si id\u0151\" \/>\n\t<meta name=\"twitter:data1\" content=\"4 perc\" \/>\n<script type=\"application\/ld+json\" class=\"yoast-schema-graph\">{\"@context\":\"https:\\\/\\\/schema.org\",\"@graph\":[{\"@type\":\"WebPage\",\"@id\":\"https:\\\/\\\/chemgramx.com\\\/product\\\/2c-d-10mg-pellets-kaufen\\\/\",\"url\":\"https:\\\/\\\/chemgramx.com\\\/product\\\/2c-d-10mg-pellets-kaufen\\\/\",\"name\":\"2C-D Pellets Kaufen | 10mg | Research Chemical Chemgramx\",\"isPartOf\":{\"@id\":\"https:\\\/\\\/chemgramx.com\\\/#website\"},\"primaryImageOfPage\":{\"@id\":\"https:\\\/\\\/chemgramx.com\\\/product\\\/2c-d-10mg-pellets-kaufen\\\/#primaryimage\"},\"image\":{\"@id\":\"https:\\\/\\\/chemgramx.com\\\/product\\\/2c-d-10mg-pellets-kaufen\\\/#primaryimage\"},\"thumbnailUrl\":\"https:\\\/\\\/chemgramx.com\\\/wp-content\\\/uploads\\\/2025\\\/11\\\/buy-2c-d-10-mg-pellets-chem-store-online.png\",\"datePublished\":\"2025-11-21T11:20:27+00:00\",\"dateModified\":\"2025-11-21T11:21:15+00:00\",\"description\":\"2C-D 10mg Pellets kaufen - Forschungschemikalie in pelletierter Form. F\u00fcr wissenschaftliche Analysen. Laborgepr\u00fcft &amp; diskret.\",\"breadcrumb\":{\"@id\":\"https:\\\/\\\/chemgramx.com\\\/product\\\/2c-d-10mg-pellets-kaufen\\\/#breadcrumb\"},\"inLanguage\":\"hu\",\"potentialAction\":[{\"@type\":\"ReadAction\",\"target\":[\"https:\\\/\\\/chemgramx.com\\\/product\\\/2c-d-10mg-pellets-kaufen\\\/\"]}]},{\"@type\":\"ImageObject\",\"inLanguage\":\"hu\",\"@id\":\"https:\\\/\\\/chemgramx.com\\\/product\\\/2c-d-10mg-pellets-kaufen\\\/#primaryimage\",\"url\":\"https:\\\/\\\/chemgramx.com\\\/wp-content\\\/uploads\\\/2025\\\/11\\\/buy-2c-d-10-mg-pellets-chem-store-online.png\",\"contentUrl\":\"https:\\\/\\\/chemgramx.com\\\/wp-content\\\/uploads\\\/2025\\\/11\\\/buy-2c-d-10-mg-pellets-chem-store-online.png\",\"width\":583,\"height\":551},{\"@type\":\"BreadcrumbList\",\"@id\":\"https:\\\/\\\/chemgramx.com\\\/product\\\/2c-d-10mg-pellets-kaufen\\\/#breadcrumb\",\"itemListElement\":[{\"@type\":\"ListItem\",\"position\":1,\"name\":\"Home\",\"item\":\"https:\\\/\\\/chemgramx.com\\\/\"},{\"@type\":\"ListItem\",\"position\":2,\"name\":\"Shop\",\"item\":\"https:\\\/\\\/chemgramx.com\\\/shop\\\/\"},{\"@type\":\"ListItem\",\"position\":3,\"name\":\"2C-D 10mg Pellets kaufen\"}]},{\"@type\":\"WebSite\",\"@id\":\"https:\\\/\\\/chemgramx.com\\\/#website\",\"url\":\"https:\\\/\\\/chemgramx.com\\\/\",\"name\":\"Chemgramx\",\"description\":\"\",\"publisher\":{\"@id\":\"https:\\\/\\\/chemgramx.com\\\/#organization\"},\"potentialAction\":[{\"@type\":\"SearchAction\",\"target\":{\"@type\":\"EntryPoint\",\"urlTemplate\":\"https:\\\/\\\/chemgramx.com\\\/?s={search_term_string}\"},\"query-input\":{\"@type\":\"PropertyValueSpecification\",\"valueRequired\":true,\"valueName\":\"search_term_string\"}}],\"inLanguage\":\"hu\"},{\"@type\":\"Organization\",\"@id\":\"https:\\\/\\\/chemgramx.com\\\/#organization\",\"name\":\"Chemgramx\",\"url\":\"https:\\\/\\\/chemgramx.com\\\/\",\"logo\":{\"@type\":\"ImageObject\",\"inLanguage\":\"hu\",\"@id\":\"https:\\\/\\\/chemgramx.com\\\/#\\\/schema\\\/logo\\\/image\\\/\",\"url\":\"https:\\\/\\\/chemgramx.com\\\/wp-content\\\/uploads\\\/2024\\\/10\\\/final-logo.png\",\"contentUrl\":\"https:\\\/\\\/chemgramx.com\\\/wp-content\\\/uploads\\\/2024\\\/10\\\/final-logo.png\",\"width\":250,\"height\":48,\"caption\":\"Chemgramx\"},\"image\":{\"@id\":\"https:\\\/\\\/chemgramx.com\\\/#\\\/schema\\\/logo\\\/image\\\/\"}}]}<\/script>\n<!-- \/ Yoast SEO plugin. -->","yoast_head_json":{"title":"V\u00e1s\u00e1rl\u00e1s 2C-D pellet | 10mg | Kutat\u00e1si vegyi Chemgramx","description":"V\u00e1s\u00e1roljon 2C-D 10mg pelletet - kutat\u00e1si vegyszer pellet form\u00e1j\u00e1ban. Tudom\u00e1nyos elemz\u00e9sekhez. Laborat\u00f3riumban tesztelt \u00e9s diszkr\u00e9t.","robots":{"index":"index","follow":"follow","max-snippet":"max-snippet:-1","max-image-preview":"max-image-preview:large","max-video-preview":"max-video-preview:-1"},"canonical":"https:\/\/chemgramx.com\/hu\/termek-1\/2c-d-10mg-pellet-megvasarlasa\/","og_locale":"hu_HU","og_type":"article","og_title":"2C-D Pellets Kaufen | 10mg | Research Chemical Chemgramx","og_description":"2C-D 10mg Pellets kaufen - Forschungschemikalie in pelletierter Form. F\u00fcr wissenschaftliche Analysen. Laborgepr\u00fcft &amp; diskret.","og_url":"https:\/\/chemgramx.com\/hu\/termek-1\/2c-d-10mg-pellet-megvasarlasa\/","og_site_name":"Chemgramx","article_modified_time":"2025-11-21T11:21:15+00:00","og_image":[{"width":583,"height":551,"url":"https:\/\/chemgramx.com\/wp-content\/uploads\/2025\/11\/buy-2c-d-10-mg-pellets-chem-store-online.png","type":"image\/png"}],"twitter_card":"summary_large_image","twitter_misc":{"Becs\u00fclt olvas\u00e1si id\u0151":"4 perc"},"schema":{"@context":"https:\/\/schema.org","@graph":[{"@type":"WebPage","@id":"https:\/\/chemgramx.com\/product\/2c-d-10mg-pellets-kaufen\/","url":"https:\/\/chemgramx.com\/product\/2c-d-10mg-pellets-kaufen\/","name":"V\u00e1s\u00e1rl\u00e1s 2C-D pellet | 10mg | Kutat\u00e1si vegyi Chemgramx","isPartOf":{"@id":"https:\/\/chemgramx.com\/#website"},"primaryImageOfPage":{"@id":"https:\/\/chemgramx.com\/product\/2c-d-10mg-pellets-kaufen\/#primaryimage"},"image":{"@id":"https:\/\/chemgramx.com\/product\/2c-d-10mg-pellets-kaufen\/#primaryimage"},"thumbnailUrl":"https:\/\/chemgramx.com\/wp-content\/uploads\/2025\/11\/buy-2c-d-10-mg-pellets-chem-store-online.png","datePublished":"2025-11-21T11:20:27+00:00","dateModified":"2025-11-21T11:21:15+00:00","description":"V\u00e1s\u00e1roljon 2C-D 10mg pelletet - kutat\u00e1si vegyszer pellet form\u00e1j\u00e1ban. Tudom\u00e1nyos elemz\u00e9sekhez. Laborat\u00f3riumban tesztelt \u00e9s diszkr\u00e9t.","breadcrumb":{"@id":"https:\/\/chemgramx.com\/product\/2c-d-10mg-pellets-kaufen\/#breadcrumb"},"inLanguage":"hu","potentialAction":[{"@type":"ReadAction","target":["https:\/\/chemgramx.com\/product\/2c-d-10mg-pellets-kaufen\/"]}]},{"@type":"ImageObject","inLanguage":"hu","@id":"https:\/\/chemgramx.com\/product\/2c-d-10mg-pellets-kaufen\/#primaryimage","url":"https:\/\/chemgramx.com\/wp-content\/uploads\/2025\/11\/buy-2c-d-10-mg-pellets-chem-store-online.png","contentUrl":"https:\/\/chemgramx.com\/wp-content\/uploads\/2025\/11\/buy-2c-d-10-mg-pellets-chem-store-online.png","width":583,"height":551},{"@type":"BreadcrumbList","@id":"https:\/\/chemgramx.com\/product\/2c-d-10mg-pellets-kaufen\/#breadcrumb","itemListElement":[{"@type":"ListItem","position":1,"name":"Home","item":"https:\/\/chemgramx.com\/"},{"@type":"ListItem","position":2,"name":"Shop","item":"https:\/\/chemgramx.com\/shop\/"},{"@type":"ListItem","position":3,"name":"2C-D 10mg Pellets kaufen"}]},{"@type":"WebSite","@id":"https:\/\/chemgramx.com\/#website","url":"https:\/\/chemgramx.com\/","name":"Chemgramx","description":"","publisher":{"@id":"https:\/\/chemgramx.com\/#organization"},"potentialAction":[{"@type":"SearchAction","target":{"@type":"EntryPoint","urlTemplate":"https:\/\/chemgramx.com\/?s={search_term_string}"},"query-input":{"@type":"PropertyValueSpecification","valueRequired":true,"valueName":"search_term_string"}}],"inLanguage":"hu"},{"@type":"Organization","@id":"https:\/\/chemgramx.com\/#organization","name":"Chemgramx","url":"https:\/\/chemgramx.com\/","logo":{"@type":"ImageObject","inLanguage":"hu","@id":"https:\/\/chemgramx.com\/#\/schema\/logo\/image\/","url":"https:\/\/chemgramx.com\/wp-content\/uploads\/2024\/10\/final-logo.png","contentUrl":"https:\/\/chemgramx.com\/wp-content\/uploads\/2024\/10\/final-logo.png","width":250,"height":48,"caption":"Chemgramx"},"image":{"@id":"https:\/\/chemgramx.com\/#\/schema\/logo\/image\/"}}]}},"_links":{"self":[{"href":"https:\/\/chemgramx.com\/hu\/wp-json\/wp\/v2\/product\/7730","targetHints":{"allow":["GET"]}}],"collection":[{"href":"https:\/\/chemgramx.com\/hu\/wp-json\/wp\/v2\/product"}],"about":[{"href":"https:\/\/chemgramx.com\/hu\/wp-json\/wp\/v2\/types\/product"}],"replies":[{"embeddable":true,"href":"https:\/\/chemgramx.com\/hu\/wp-json\/wp\/v2\/comments?post=7730"}],"wp:featuredmedia":[{"embeddable":true,"href":"https:\/\/chemgramx.com\/hu\/wp-json\/wp\/v2\/media\/7753"}],"wp:attachment":[{"href":"https:\/\/chemgramx.com\/hu\/wp-json\/wp\/v2\/media?parent=7730"}],"wp:term":[{"taxonomy":"product_brand","embeddable":true,"href":"https:\/\/chemgramx.com\/hu\/wp-json\/wp\/v2\/product_brand?post=7730"},{"taxonomy":"product_cat","embeddable":true,"href":"https:\/\/chemgramx.com\/hu\/wp-json\/wp\/v2\/product_cat?post=7730"},{"taxonomy":"product_tag","embeddable":true,"href":"https:\/\/chemgramx.com\/hu\/wp-json\/wp\/v2\/product_tag?post=7730"}],"curies":[{"name":"wp","href":"https:\/\/api.w.org\/{rel}","templated":true}]}}