{"id":7732,"date":"2025-11-21T11:20:27","date_gmt":"2025-11-21T11:20:27","guid":{"rendered":"https:\/\/chemgramx.com\/?post_type=product&#038;p=7732"},"modified":"2025-11-21T11:21:52","modified_gmt":"2025-11-21T11:21:52","slug":"green-mandala-mix-kaufen","status":"publish","type":"product","link":"https:\/\/chemgramx.com\/hu\/product\/green-mandala-mix-kaufen\/","title":{"rendered":"Z\u00f6ld Mandala Mix megv\u00e1s\u00e1rl\u00e1sa"},"content":{"rendered":"<p>Fedezze fel a <b>Z\u00f6ld mandala mix<\/b>, egy gy\u00f6ny\u00f6r\u0171 \u00e9s <b>Speci\u00e1lisan \u00f6ssze\u00e1ll\u00edtott gy\u00f3gyn\u00f6v\u00e9nykever\u00e9k<\/b>, amelyek a saj\u00e1t <b>kiegyens\u00falyozott \u00f6sszet\u00e9tel<\/b> egyed\u00fcl\u00e1ll\u00f3. Ezt a kever\u00e9ket azzal a m\u00e9ly meggy\u0151z\u0151d\u00e9ssel fejlesztett\u00fck ki, hogy a <b>A n\u00f6v\u00e9nyek term\u00e9szetes ereje<\/b> a <b>Az \u00e1ltal\u00e1nos j\u00f3l\u00e9t el\u0151mozd\u00edt\u00e1sa<\/b> \u00e9s a <b>A k\u00f6rnyezet harmoniz\u00e1ci\u00f3ja<\/b> haszn\u00e1lni. T\u00f6k\u00e9letes kieg\u00e9sz\u00edt\u0151je mindazoknak, akik <b>Relax\u00e1ci\u00f3s ritu\u00e1l\u00e9k<\/b> \u00fcnnepelj\u00fck a <b>Aromater\u00e1pia<\/b> \u00e9s keresnek egy <b>tiszta, term\u00e9szetes \u00e9rz\u00e9kszervi \u00e9lm\u00e9ny<\/b> amely mentes a mesters\u00e9ges adal\u00e9kanyagokt\u00f3l. A Z\u00f6ld Mandala Mix sokkal t\u00f6bb, mint egyszer\u0171 gy\u00f3gyn\u00f6v\u00e9nykombin\u00e1ci\u00f3; ez egy gondosan kiegyens\u00falyozott eszk\u00f6z, amely seg\u00edt megtal\u00e1lni az egyens\u00falyt a rohan\u00f3 mindennapokban. <b>A nyugalom \u00e9s a f\u00f6ldel\u00e9s horgonya<\/b> tal\u00e1lni.<\/p>\n<p>A kever\u00e9k filoz\u00f3fi\u00e1ja a k\u00f6vetkez\u0151 elveken alapul <b>Szinergia<\/b>, Az egyes gy\u00f3gyn\u00f6v\u00e9nyek egy\u00fcttes tulajdons\u00e1gai er\u0151sebb, kiegyens\u00falyozottabb \u00f6sszhat\u00e1st eredm\u00e9nyeznek, mint az egyes r\u00e9szek \u00f6sszege. Ez teszi a Z\u00f6ld Mandala Mixet k\u00fcl\u00f6n\u00f6sen \u00e9rt\u00e9kess\u00e9 mindazok sz\u00e1m\u00e1ra, akik term\u00e9szetes t\u00e1mogat\u00e1st keresnek eg\u00e9szs\u00e9g\u00fckh\u00f6z. <b>Medit\u00e1ci\u00f3<\/b> vagy az esti relax\u00e1ci\u00f3s gyakorlatok.<\/p>\n<h2><b>A harm\u00f3nia anat\u00f3mi\u00e1ja: Mit\u0151l olyan k\u00fcl\u00f6nleges a Z\u00f6ld Mandala Mix<\/b><\/h2>\n<p>A Green Mandala Mix egyedis\u00e9ge a k\u00f6vetkez\u0151 tulajdons\u00e1gokban rejlik <b>gondos kiv\u00e1laszt\u00e1s \u00e9s koordin\u00e1ci\u00f3<\/b> az \u0151 <b><a href=\"\/product\/blackberry-kush-bubble-hash-kaufen\/\">term\u00e9szetes<\/a> \u00d6sszetev\u0151k<\/b>. Sz\u00e1nd\u00e9kosan v\u00e1lasztottunk egy <b>100% n\u00f6v\u00e9nyi \u00f6sszet\u00e9tel<\/b> amely nem tartalmaz szintetikus arom\u00e1kat, mesters\u00e9ges t\u00f6lt\u0151anyagokat vagy megk\u00e9rd\u0151jelezhet\u0151 adal\u00e9kanyagokat. Minden egyes \u00f6sszetev\u0151 term\u00e9szetes term\u00e9k, amely a k\u00f6vetkez\u0151kb\u0151l k\u00e9sz\u00fcl <b>ellen\u0151rz\u00f6tt termeszt\u00e9s<\/b> \u00e9s harmonikusan j\u00e1rul hozz\u00e1 a teljes kompoz\u00edci\u00f3hoz.<\/p>\n<h3><b>\u00c9rz\u00e9kszervi profil \u00e9s \u00f6sszet\u00e9tel<\/b><\/h3>\n<p>Az \u00edgy kapott illatprofil a k\u00f6vetkez\u0151k\u00e9ppen \u00edrhat\u00f3 le <b>friss-vir\u00e1gos, gyeng\u00e9d, tiszt\u00edt\u00f3 f\u0171szeres jegyekkel<\/b> egy olyan illat, amely \u00e9l\u00e9nk\u00edt\u0151, ugyanakkor m\u00e9lyen nyugtat\u00f3 hat\u00e1s\u00fa. Maga a kever\u00e9k egy <b>eszt\u00e9tikailag kellemes<\/b> \u00d6sszet\u00e9tel a <b>a z\u00f6ld term\u00e9szetes \u00e1rnyalatai<\/b> levelek \u00e9s \u00e9l\u0151 <b>sz\u00ednes vir\u00e1gos \u00e9kezetek<\/b>, amely a <b>laza konzisztencia<\/b> a kever\u00e9kb\u0151l.<\/p>\n<p>A f\u0151 \u00f6sszetev\u0151k \u00e9s hagyom\u00e1nyos aromater\u00e1pi\u00e1s tulajdons\u00e1gaik a k\u00f6vetkez\u0151k:<\/p>\n<ul>\n<li><b>Levendulavir\u00e1g:<\/b> A pihen\u00e9s kir\u00e1lyn\u0151je. Ismert a m\u00e9ly <b>nyugtat\u00f3 \u00e9s kiegyens\u00falyoz\u00f3<\/b> Tulajdons\u00e1gok. El\u0151seg\u00edtik a bels\u0151 csendet, \u00e9s hagyom\u00e1nyosan a bels\u0151 nyugalom t\u00e1mogat\u00e1s\u00e1ra haszn\u00e1lj\u00e1k. <b>jobb alv\u00e1skl\u00edma<\/b> haszn\u00e1lt.<\/li>\n<li><b>Citromf\u0171:<\/b> Vil\u00e1gos sz\u00ednt ad hozz\u00e1, <b>\u00e9l\u00e9nk\u00edt\u0151 \u00e9s friss\u00edt\u0151<\/b> citrusf\u00e9l\u00e9kre vonatkoz\u00f3 megjegyz\u00e9s. \u00c9rt\u00e9kelik a k\u00f6vetkez\u0151k miatt <b>finoman feldobja a hangulatot<\/b> \u00e9s tisztas\u00e1got hoz az elm\u00e9be.<\/li>\n<li><b>Kamilla:<\/b> Egy klasszikus, gyeng\u00e9d gy\u00f3gyn\u00f6v\u00e9ny, amelyet a k\u00f6vetkez\u0151kr\u0151l ismernek el. <b>pihentet\u0151 \u00e9s nyugtat\u00f3<\/b> hat\u00e1sok ismertek. A kamilla harmoniz\u00e1l\u00f3 t\u00e9nyez\u0151k\u00e9nt m\u0171k\u00f6dik, \u00e9s l\u00e1gy, nyugtat\u00f3 hat\u00e1s\u00fa alaphangot k\u00f6lcs\u00f6n\u00f6z az \u00e1ltal\u00e1nos kompoz\u00edci\u00f3nak.<\/li>\n<li><b>Borsmenta:<\/b> Tiszta, majdnem <b>H\u0171t\u00e9si megjegyz\u00e9s<\/b>amely <b>\u00c9l\u00e9nk\u00edt\u0151 \u00e9s tisztas\u00e1got el\u0151seg\u00edt\u0151<\/b> m\u0171k\u00f6dik. Seg\u00edt \u00f6sszpontos\u00edtani az elm\u00e9t \u00e9s \u00e9les\u00edteni az \u00e9rz\u00e9keket an\u00e9lk\u00fcl, hogy t\u00falstimul\u00e1ln\u00e1.<\/li>\n<\/ul>\n<p>Ez a bev\u00e1lt kombin\u00e1ci\u00f3 egy <b>intenz\u00edv illat\u00e9lm\u00e9ny<\/b>, amely a t\u00f6k\u00e9letes hangulat megteremt\u00e9s\u00e9re optimaliz\u00e1lt az \u00d6n otthon\u00e1ban. <b>megtiszt\u00edt \u00e9s harmoniz\u00e1l<\/b>.<\/p>\n<h2><b>Sokoldal\u00faan haszn\u00e1lhat\u00f3 a wellness \u00e9s a relax\u00e1ci\u00f3 ter\u00fclet\u00e9n<\/b><\/h2>\n<p>A Green Mandala Mix igazi ereje abban rejlik, hogy <b>sz\u00e9lesk\u00f6r\u0171 \u00e9s sokoldal\u00fa alkalmaz\u00e1s<\/b>, ami rugalmas t\u00e1rss\u00e1 teszi az \u00d6n teljes <b>Wellness rutin<\/b> teszi. Ez nem korl\u00e1toz\u00f3dik egyetlen m\u00f3dszerre, hanem k\u00fcl\u00f6nb\u00f6z\u0151 m\u00f3dokat haszn\u00e1lhat fel a relax\u00e1ci\u00f3 \u00e9s a <b>A ment\u00e1lis egyens\u00faly el\u0151seg\u00edt\u00e9se<\/b> t\u00e1mogat\u00e1s.<\/p>\n<h3><b>Gyakorlati alkalmaz\u00e1si m\u00f3dszerek r\u00e9szletesen<\/b><\/h3>\n<ol start=\"1\">\n<li>F\u00fcst\u00f6l\u0151kever\u00e9kk\u00e9nt ritu\u00e1l\u00e9khoz \u00e9s hangulatjav\u00edt\u00e1shoz:A hagyom\u00e1nyos f\u00fcst\u00f6l\u0151 \u00e9get\u00e9st a gy\u00f3gyn\u00f6v\u00e9nyek illatos esszenci\u00e1inak felszabad\u00edt\u00e1s\u00e1nak leghat\u00e9konyabb m\u00f3dszer\u00e9nek tartj\u00e1k. A lass\u00fa, arom\u00e1s f\u00fcst ide\u00e1lis:\n<ul>\n<li><b>Medit\u00e1ci\u00f3:<\/b> T\u00e1mogatja a <b>F\u00f3kusz\u00e1l\u00e1s<\/b> \u00e9s seg\u00edt meditat\u00edv hangulatot teremteni a szob\u00e1ban.<\/li>\n<li><b>Szobaillatos\u00edt\u00e1s \u00e9s harmoniz\u00e1l\u00e1s:<\/b> A <b>A belt\u00e9ri leveg\u0151 jav\u00edt\u00e1sa<\/b> \u00e9s l\u00e9trehozni egy <b>h\u00edvogat\u00f3, nyugodt l\u00e9gk\u00f6r<\/b>.<\/li>\n<li><b>Ritu\u00e1l\u00e9k \u00e9s szertart\u00e1sok:<\/b> A szem\u00e9lyes elm\u00e9lked\u00e9s vagy a nap v\u00e9g\u00e9nek szem\u00e9lyes pillanataihoz t\u00e1rsul.<\/li>\n<\/ul>\n<\/li>\n<li>F\u00fcrd\u0151adal\u00e9kk\u00e9nt m\u00e9ly relax\u00e1ci\u00f3s f\u00fcrd\u0151kh\u00f6z: A kever\u00e9k szint\u00e9n luxus kieg\u00e9sz\u00edt\u0151je a relax\u00e1ci\u00f3s f\u00fcrd\u0151nek. Tegyen egy mar\u00e9knyi gy\u00f3gyn\u00f6v\u00e9nyt egy kis sz\u00f6vetzacsk\u00f3ba (hogy a f\u00fcrd\u0151 tiszta maradjon), \u00e9s akassza a forr\u00f3 csap al\u00e1. Alternat\u00edvak\u00e9nt semleges f\u00fcrd\u0151s\u00f3kkal kombin\u00e1lva is haszn\u00e1lhat\u00f3. A felszabadul\u00f3 ill\u00f3olajok kibontakoznak a meleg v\u00edzg\u0151zben, \u00e9s intenz\u00edv aromater\u00e1pi\u00e1t biztos\u00edtanak, amely t\u00e1mogatja a b\u0151r \u00e1pol\u00e1s\u00e1t \u00e9s el\u0151seg\u00edti a m\u00e9ly, fizikai relax\u00e1ci\u00f3t.<\/li>\n<li>\u00c9rz\u00e9kszervi \u00e9lm\u00e9nyhez \u00e9s illatp\u00e1rn\u00e1khoz: A kever\u00e9ket haszn\u00e1lhatjuk illatp\u00e1rn\u00e1kban vagy potpourriban \u00e9rz\u00e9kszervi stimul\u00e1ci\u00f3ra a h\u00e1l\u00f3szob\u00e1ban vagy a dolgoz\u00f3szob\u00e1ban, hogy el\u0151seg\u00edtse a tiszt\u00e1nl\u00e1t\u00e1st vagy finoman vezessen a relax\u00e1ci\u00f3ba.<\/li>\n<\/ol>\n<h2><b>A termel\u00e9s min\u0151s\u00e9ge, eredete \u00e9s fenntarthat\u00f3s\u00e1ga<\/b><\/h2>\n<p>Elk\u00f6telezetts\u00e9g\u00fcnk <b>Tisztas\u00e1g<\/b> megalkuv\u00e1st nem ismer. A Green Mandala Mix hat\u00e9konys\u00e1ga az egyes \u00f6sszetev\u0151k min\u0151s\u00e9g\u00e9n alapul, ez\u00e9rt szigor\u00fa el\u0151\u00edr\u00e1sokhoz tartjuk magunkat.<\/p>\n<h3><b>Gy\u00e1rt\u00e1si folyamat \u00e9s jellemz\u0151k<\/b><\/h3>\n<p>A teljes gy\u00e1rt\u00e1si folyamatot a k\u00f6vetkez\u0151k jellemzik <b>Gondoz\u00e1s \u00e9s k\u00e9zi munka<\/b> jellemezve:<\/p>\n<ul>\n<li><b>Nyersanyag kiv\u00e1laszt\u00e1sa:<\/b> A <b>k\u00e9zzel v\u00e1logatott v\u00e1logat\u00e1s<\/b> a legjobb, <b>term\u00e9szetes gy\u00f3gyn\u00f6v\u00e9nyek \u00e9s vir\u00e1gok<\/b>.<\/li>\n<li><b>K\u00edm\u00e9letes sz\u00e1r\u00edt\u00e1s:<\/b> A sz\u00e1r\u00edt\u00e1s a k\u00f6vetkez\u0151 k\u00f6r\u00fclm\u00e9nyek k\u00f6z\u00f6tt t\u00f6rt\u00e9nik <b>ellen\u0151rz\u00f6tt k\u00f6r\u00fclm\u00e9nyek k\u00f6z\u00f6tt<\/b>optimaliz\u00e1lni a <b>\u00e9rz\u00e9keny ill\u00f3olajok<\/b> \u00e9s a vibr\u00e1l\u00f3 sz\u00ednek meg\u0151rz\u00e9se \u00e9rdek\u00e9ben - ez elengedhetetlen a <b>Az aroma hat\u00e9konys\u00e1ga<\/b>.<\/li>\n<li><b>Hagyom\u00e1nyos kever\u00e9k:<\/b> Az \u00f6sszet\u00e9tel <b>gondosan keverve<\/b>optimaliz\u00e1lni a <b>Kiegyens\u00falyozott illat<\/b> \u00e9s a <b>T\u00e9tel konzisztencia<\/b> annak biztos\u00edt\u00e1sa \u00e9rdek\u00e9ben, hogy.<\/li>\n<li><b>Fenntarthat\u00f3s\u00e1g:<\/b> Az alapanyagokat a k\u00f6vetkez\u0151 helyekr\u0151l szerezz\u00fck be <b>Felel\u0151s, ellen\u0151rz\u00f6tt termeszt\u00e9s<\/b>, amely hangs\u00falyozza \u00f6kol\u00f3giai felel\u0151ss\u00e9g\u00fcnket.<\/li>\n<\/ul>\n<p>A Green Mandala Mixet a k\u00f6vetkez\u0151 jellemz\u0151k jellemzik <b>Tisztas\u00e1g mesters\u00e9ges n\u00e9lk\u00fcl <a href=\"\/product\/blackberry-kush-bubble-hash-kaufen\/\">Adal\u00e9kok<\/a><\/b> egy val\u00f3di term\u00e9szetes term\u00e9k, amelyet mindazok \u00e9rt\u00e9kelnek, akik \u00e9rt\u00e9kelik a <b>term\u00e9szetes \u00e9s hamis\u00edtatlan illatanyag<\/b> laikus.<\/p>\n<h2><b>Megrendel\u00e9s, t\u00e1rol\u00e1s \u00e9s szervizgarancia<\/b><\/h2>\n<p>Nemcsak a term\u00e9k min\u0151s\u00e9g\u00e9t, hanem a megrendel\u00e9st\u0151l a sz\u00e1ll\u00edt\u00e1sig tart\u00f3 z\u00f6kken\u0151mentes \u00e9s diszkr\u00e9t folyamatot is biztos\u00edtjuk.<\/p>\n<h3><b>T\u00e1rol\u00e1s a maxim\u00e1lis \u00edzmeg\u0151rz\u00e9s \u00e9rdek\u00e9ben<\/b><\/h3>\n<p>Az optimaliz\u00e1l\u00e1shoz a <b>Illat intenzit\u00e1s<\/b> \u00e9s a <b>Minimum 12 h\u00f3napos eltarthat\u00f3s\u00e1gi id\u0151<\/b> a k\u00f6vetkez\u0151 pontokat kell betartani:<\/p>\n<ul>\n<li><b>\u00cdzl\u00e9s\u00e1ll\u00f3 tart\u00e1lyok:<\/b> A t\u00e1rol\u00e1snak a k\u00f6vetkez\u0151 helyen kell lennie <b>Szorosan lez\u00e1rt, \u00edzz\u00e1r\u00f3 ed\u00e9ny<\/b> az ill\u00e9kony ill\u00f3olajok v\u00e9delme \u00e9rdek\u00e9ben.<\/li>\n<li><b>H\u0151m\u00e9rs\u00e9klet \u00e9s p\u00e1ratartalom:<\/b> T\u00e1rol\u00e1s a <b>szab\u00e1lyozott szobah\u0151m\u00e9rs\u00e9klet<\/b> <span class=\"math-inline\" data-math=\"15-25^circtext{C}\">15-25C<\/span>\u00a0\u00e9s egy <b>sz\u00e1raz k\u00f6rnyezet<\/b>.<\/li>\n<li><b>F\u00e9nyv\u00e9delem:<\/b> A kever\u00e9knek <b>a k\u00f6zvetlen napf\u00e9nyt\u0151l<\/b> \u00e9s er\u0151s f\u00e9ny.<\/li>\n<\/ul>\n<h3><b>Szolg\u00e1ltat\u00e1si \u00e9s rendel\u00e9si inform\u00e1ci\u00f3k<\/b><\/h3>\n<p>A Green Mandala Mixet praktikus m\u00e9retekben k\u00edn\u00e1ljuk:<\/p>\n<ul>\n<li><b>50g, 100g, 250g vagy 500g.<\/b><\/li>\n<li>A rendel\u00e9s egyszer\u0171 \u00e9s biztons\u00e1gos. A felad\u00e1s a k\u00f6vetkez\u0151 m\u00f3don t\u00f6rt\u00e9nik <b>gyors<\/b> (2-4 munkanapon bel\u00fcl) \u00e9s <b>Diszkr\u00e9t<\/b> semleges csomagol\u00e1sban, amely nem enged k\u00f6vetkeztet\u00e9seket levonni a tartalomra vonatkoz\u00f3an.<\/li>\n<\/ul>\n<h2><b>Gyakran ism\u00e9telt k\u00e9rd\u00e9sek (GYIK)<\/b><\/h2>\n<ul>\n<li><b>K: A Green Mandala Mix pszichoakt\u00edv?<\/b>\n<ul>\n<li><b>A:<\/b> <b>Nem<\/b>, ez egy <b>Nem pszichoakt\u00edv n\u00f6v\u00e9nyi kever\u00e9k<\/b>. Ez szolg\u00e1l <b>kiz\u00e1r\u00f3lag aromater\u00e1pi\u00e1hoz<\/b> \u00e9s k\u00fcls\u0151 alkalmaz\u00e1s wellness c\u00e9lokra.<\/li>\n<\/ul>\n<\/li>\n<li><b>K: A kever\u00e9ket lehet f\u00fcst\u00f6lni vagy fogyasztani?<\/b>\n<ul>\n<li><b>A:<\/b> <b>Nem<\/b>. A kever\u00e9k <b>szigor\u00faan nem fogyaszt\u00e1sra<\/b> (sem sz\u00e1jon \u00e1t, sem doh\u00e1nyz\u00e1s). F\u00fcst\u00f6l\u0151kh\u00f6z, f\u00fcrd\u0151kh\u00f6z \u00e9s szobaillatos\u00edt\u00e1shoz tervezt\u00e9k.<\/li>\n<\/ul>\n<\/li>\n<li><b>K: Mennyire intenz\u00edv az illat?<\/b>\n<ul>\n<li><b>A:<\/b> Az illat sz\u00e1nd\u00e9kos <b>kiegyens\u00falyozott \u00e9s kellemes<\/b>. Meg kell <b>harmoniz\u00e1l\u00f3<\/b> \u00e9s nem nyomaszt\u00f3 vagy tolakod\u00f3, hanem finom \u00e9s \u00f6sszetett.<\/li>\n<\/ul>\n<\/li>\n<li><b>K: Minden \u00f6sszetev\u0151 term\u00e9szetes?<\/b>\n<ul>\n<li><b>A:<\/b> Igen, garant\u00e1ljuk a haszn\u00e1lat\u00e1t <b>kiz\u00e1r\u00f3lag term\u00e9szetes gy\u00f3gyn\u00f6v\u00e9nyek \u00e9s vir\u00e1gok<\/b> felel\u0151s termeszt\u00e9sb\u0151l, mesters\u00e9ges adal\u00e9kanyagok n\u00e9lk\u00fcl.<\/li>\n<\/ul>\n<\/li>\n<\/ul>\n<h4><b>Rendel\u00e9si k\u00f6vetelm\u00e9nyek \u00e9s jogi inform\u00e1ci\u00f3k<\/b><\/h4>\n<p>K\u00fcl\u00f6nb\u00f6z\u0151 csomagol\u00e1si m\u00e9reteket k\u00edn\u00e1lunk. <b>A vissza\u00e9l\u00e9s kiz\u00e1r\u00e1sa \u00e9rdek\u00e9ben<\/b>, csak min\u0151s\u00edtett kutat\u00f3int\u00e9zeteknek sz\u00e1ll\u00edtunk.<\/p>\n<p><b>A megrendel\u00e9shez sz\u00fcks\u00e9ges:<\/b><\/p>\n<ol start=\"1\">\n<li><b>Int\u00e9zet bizony\u00edtv\u00e1nya:<\/b> A hivatalos dokument\u00e1ci\u00f3 bemutat\u00e1sa.<\/li>\n<li><b>Rendeltet\u00e9sszer\u0171 haszn\u00e1lat:<\/b> A kutat\u00e1si projekt tudom\u00e1nyos le\u00edr\u00e1sa.<\/li>\n<li><b>Biztons\u00e1gi adatlap:<\/b> <b>Meg kell<\/b> er\u0151s\u00edtse meg, hogy tudom\u00e1sul vette.<\/li>\n<\/ol>","protected":false},"excerpt":{"rendered":"<p>V\u00e1s\u00e1roljon Z\u00f6ld Mandala Mixet: Gondosan v\u00e1logatott gy\u00f3gyn\u00f6v\u00e9nyek \u00e9s vir\u00e1gok harmonikus gy\u00f3gyn\u00f6v\u00e9nykever\u00e9ke. Ide\u00e1lis aromater\u00e1pi\u00e1hoz, medit\u00e1ci\u00f3hoz \u00e9s relax\u00e1ci\u00f3hoz. 100% term\u00e9szetes \u00f6sszetev\u0151k.<\/p>","protected":false},"featured_media":7755,"comment_status":"open","ping_status":"closed","template":"","meta":{"_joinchat":[]},"product_brand":[],"product_cat":[51],"product_tag":[3091,3095,2975,3089,3090,2970,3094,3092,3096,3093],"class_list":{"0":"post-7732","1":"product","2":"type-product","3":"status-publish","4":"has-post-thumbnail","6":"product_cat-phenethylamines","7":"product_tag-aromatherapie","8":"product_tag-badezusatz","9":"product_tag-entspannung","10":"product_tag-green-mandala-mix","11":"product_tag-kraeutermischung","12":"product_tag-meditation","13":"product_tag-natuerliche-kraeuter","14":"product_tag-raeuchermischung","15":"product_tag-sinneserfahrung","16":"product_tag-wellness","18":"first","19":"instock","20":"shipping-taxable","21":"purchasable","22":"product-type-variable"},"yoast_head":"<!-- This site is optimized with the Yoast SEO plugin v27.5 - https:\/\/yoast.com\/product\/yoast-seo-wordpress\/ -->\n<title>Green Mandala Mix Kaufen | Kr\u00e4utermischung | Aromatherapie Chemgramx<\/title>\n<meta name=\"description\" content=\"Green Mandala Mix kaufen - Ausgewogene Kr\u00e4utermischung f\u00fcr Aromatherapie &amp; Wellness. 100% nat\u00fcrliche Inhaltsstoffe. Jetzt entspannende Mischung entdecken!\" \/>\n<meta name=\"robots\" content=\"index, follow, max-snippet:-1, max-image-preview:large, max-video-preview:-1\" \/>\n<link rel=\"canonical\" href=\"https:\/\/chemgramx.com\/hu\/termek-1\/green-mandala-mix-kaufen\/\" \/>\n<meta property=\"og:locale\" content=\"hu_HU\" \/>\n<meta property=\"og:type\" content=\"article\" \/>\n<meta property=\"og:title\" content=\"Green Mandala Mix Kaufen | Kr\u00e4utermischung | Aromatherapie Chemgramx\" \/>\n<meta property=\"og:description\" content=\"Green Mandala Mix kaufen - Ausgewogene Kr\u00e4utermischung f\u00fcr Aromatherapie &amp; Wellness. 100% nat\u00fcrliche Inhaltsstoffe. Jetzt entspannende Mischung entdecken!\" \/>\n<meta property=\"og:url\" content=\"https:\/\/chemgramx.com\/hu\/termek-1\/green-mandala-mix-kaufen\/\" \/>\n<meta property=\"og:site_name\" content=\"Chemgramx\" \/>\n<meta property=\"article:modified_time\" content=\"2025-11-21T11:21:52+00:00\" \/>\n<meta property=\"og:image\" content=\"https:\/\/chemgramx.com\/wp-content\/uploads\/2025\/11\/green-mandala-mix-chem-store-online.png\" \/>\n\t<meta property=\"og:image:width\" content=\"706\" \/>\n\t<meta property=\"og:image:height\" content=\"589\" \/>\n\t<meta property=\"og:image:type\" content=\"image\/png\" \/>\n<meta name=\"twitter:card\" content=\"summary_large_image\" \/>\n<meta name=\"twitter:label1\" content=\"Becs\u00fclt olvas\u00e1si id\u0151\" \/>\n\t<meta name=\"twitter:data1\" content=\"5 perc\" \/>\n<script type=\"application\/ld+json\" class=\"yoast-schema-graph\">{\"@context\":\"https:\\\/\\\/schema.org\",\"@graph\":[{\"@type\":\"WebPage\",\"@id\":\"https:\\\/\\\/chemgramx.com\\\/product\\\/green-mandala-mix-kaufen\\\/\",\"url\":\"https:\\\/\\\/chemgramx.com\\\/product\\\/green-mandala-mix-kaufen\\\/\",\"name\":\"Green Mandala Mix Kaufen | Kr\u00e4utermischung | Aromatherapie Chemgramx\",\"isPartOf\":{\"@id\":\"https:\\\/\\\/chemgramx.com\\\/#website\"},\"primaryImageOfPage\":{\"@id\":\"https:\\\/\\\/chemgramx.com\\\/product\\\/green-mandala-mix-kaufen\\\/#primaryimage\"},\"image\":{\"@id\":\"https:\\\/\\\/chemgramx.com\\\/product\\\/green-mandala-mix-kaufen\\\/#primaryimage\"},\"thumbnailUrl\":\"https:\\\/\\\/chemgramx.com\\\/wp-content\\\/uploads\\\/2025\\\/11\\\/green-mandala-mix-chem-store-online.png\",\"datePublished\":\"2025-11-21T11:20:27+00:00\",\"dateModified\":\"2025-11-21T11:21:52+00:00\",\"description\":\"Green Mandala Mix kaufen - Ausgewogene Kr\u00e4utermischung f\u00fcr Aromatherapie &amp; Wellness. 100% nat\u00fcrliche Inhaltsstoffe. Jetzt entspannende Mischung entdecken!\",\"breadcrumb\":{\"@id\":\"https:\\\/\\\/chemgramx.com\\\/product\\\/green-mandala-mix-kaufen\\\/#breadcrumb\"},\"inLanguage\":\"hu\",\"potentialAction\":[{\"@type\":\"ReadAction\",\"target\":[\"https:\\\/\\\/chemgramx.com\\\/product\\\/green-mandala-mix-kaufen\\\/\"]}]},{\"@type\":\"ImageObject\",\"inLanguage\":\"hu\",\"@id\":\"https:\\\/\\\/chemgramx.com\\\/product\\\/green-mandala-mix-kaufen\\\/#primaryimage\",\"url\":\"https:\\\/\\\/chemgramx.com\\\/wp-content\\\/uploads\\\/2025\\\/11\\\/green-mandala-mix-chem-store-online.png\",\"contentUrl\":\"https:\\\/\\\/chemgramx.com\\\/wp-content\\\/uploads\\\/2025\\\/11\\\/green-mandala-mix-chem-store-online.png\",\"width\":706,\"height\":589},{\"@type\":\"BreadcrumbList\",\"@id\":\"https:\\\/\\\/chemgramx.com\\\/product\\\/green-mandala-mix-kaufen\\\/#breadcrumb\",\"itemListElement\":[{\"@type\":\"ListItem\",\"position\":1,\"name\":\"Home\",\"item\":\"https:\\\/\\\/chemgramx.com\\\/\"},{\"@type\":\"ListItem\",\"position\":2,\"name\":\"Shop\",\"item\":\"https:\\\/\\\/chemgramx.com\\\/shop\\\/\"},{\"@type\":\"ListItem\",\"position\":3,\"name\":\"Green Mandala Mix kaufen\"}]},{\"@type\":\"WebSite\",\"@id\":\"https:\\\/\\\/chemgramx.com\\\/#website\",\"url\":\"https:\\\/\\\/chemgramx.com\\\/\",\"name\":\"Chemgramx\",\"description\":\"\",\"publisher\":{\"@id\":\"https:\\\/\\\/chemgramx.com\\\/#organization\"},\"potentialAction\":[{\"@type\":\"SearchAction\",\"target\":{\"@type\":\"EntryPoint\",\"urlTemplate\":\"https:\\\/\\\/chemgramx.com\\\/?s={search_term_string}\"},\"query-input\":{\"@type\":\"PropertyValueSpecification\",\"valueRequired\":true,\"valueName\":\"search_term_string\"}}],\"inLanguage\":\"hu\"},{\"@type\":\"Organization\",\"@id\":\"https:\\\/\\\/chemgramx.com\\\/#organization\",\"name\":\"Chemgramx\",\"url\":\"https:\\\/\\\/chemgramx.com\\\/\",\"logo\":{\"@type\":\"ImageObject\",\"inLanguage\":\"hu\",\"@id\":\"https:\\\/\\\/chemgramx.com\\\/#\\\/schema\\\/logo\\\/image\\\/\",\"url\":\"https:\\\/\\\/chemgramx.com\\\/wp-content\\\/uploads\\\/2024\\\/10\\\/final-logo.png\",\"contentUrl\":\"https:\\\/\\\/chemgramx.com\\\/wp-content\\\/uploads\\\/2024\\\/10\\\/final-logo.png\",\"width\":250,\"height\":48,\"caption\":\"Chemgramx\"},\"image\":{\"@id\":\"https:\\\/\\\/chemgramx.com\\\/#\\\/schema\\\/logo\\\/image\\\/\"}}]}<\/script>\n<!-- \/ Yoast SEO plugin. -->","yoast_head_json":{"title":"V\u00e1s\u00e1rl\u00e1s Z\u00f6ld Mandala Mix | Gy\u00f3gyn\u00f6v\u00e9nykever\u00e9k | Aromater\u00e1pia Chemgramx","description":"V\u00e1s\u00e1rolja Z\u00f6ld Mandala Mix - Kiegyens\u00falyozott gy\u00f3gyn\u00f6v\u00e9nykever\u00e9k aromater\u00e1pi\u00e1hoz \u00e9s wellnesshez. 100% term\u00e9szetes \u00f6sszetev\u0151k. Fedezze fel a pihentet\u0151 kever\u00e9ket most!","robots":{"index":"index","follow":"follow","max-snippet":"max-snippet:-1","max-image-preview":"max-image-preview:large","max-video-preview":"max-video-preview:-1"},"canonical":"https:\/\/chemgramx.com\/hu\/termek-1\/green-mandala-mix-kaufen\/","og_locale":"hu_HU","og_type":"article","og_title":"Green Mandala Mix Kaufen | Kr\u00e4utermischung | Aromatherapie Chemgramx","og_description":"Green Mandala Mix kaufen - Ausgewogene Kr\u00e4utermischung f\u00fcr Aromatherapie &amp; Wellness. 100% nat\u00fcrliche Inhaltsstoffe. Jetzt entspannende Mischung entdecken!","og_url":"https:\/\/chemgramx.com\/hu\/termek-1\/green-mandala-mix-kaufen\/","og_site_name":"Chemgramx","article_modified_time":"2025-11-21T11:21:52+00:00","og_image":[{"width":706,"height":589,"url":"https:\/\/chemgramx.com\/wp-content\/uploads\/2025\/11\/green-mandala-mix-chem-store-online.png","type":"image\/png"}],"twitter_card":"summary_large_image","twitter_misc":{"Becs\u00fclt olvas\u00e1si id\u0151":"5 perc"},"schema":{"@context":"https:\/\/schema.org","@graph":[{"@type":"WebPage","@id":"https:\/\/chemgramx.com\/product\/green-mandala-mix-kaufen\/","url":"https:\/\/chemgramx.com\/product\/green-mandala-mix-kaufen\/","name":"V\u00e1s\u00e1rl\u00e1s Z\u00f6ld Mandala Mix | Gy\u00f3gyn\u00f6v\u00e9nykever\u00e9k | Aromater\u00e1pia Chemgramx","isPartOf":{"@id":"https:\/\/chemgramx.com\/#website"},"primaryImageOfPage":{"@id":"https:\/\/chemgramx.com\/product\/green-mandala-mix-kaufen\/#primaryimage"},"image":{"@id":"https:\/\/chemgramx.com\/product\/green-mandala-mix-kaufen\/#primaryimage"},"thumbnailUrl":"https:\/\/chemgramx.com\/wp-content\/uploads\/2025\/11\/green-mandala-mix-chem-store-online.png","datePublished":"2025-11-21T11:20:27+00:00","dateModified":"2025-11-21T11:21:52+00:00","description":"V\u00e1s\u00e1rolja Z\u00f6ld Mandala Mix - Kiegyens\u00falyozott gy\u00f3gyn\u00f6v\u00e9nykever\u00e9k aromater\u00e1pi\u00e1hoz \u00e9s wellnesshez. 100% term\u00e9szetes \u00f6sszetev\u0151k. Fedezze fel a pihentet\u0151 kever\u00e9ket most!","breadcrumb":{"@id":"https:\/\/chemgramx.com\/product\/green-mandala-mix-kaufen\/#breadcrumb"},"inLanguage":"hu","potentialAction":[{"@type":"ReadAction","target":["https:\/\/chemgramx.com\/product\/green-mandala-mix-kaufen\/"]}]},{"@type":"ImageObject","inLanguage":"hu","@id":"https:\/\/chemgramx.com\/product\/green-mandala-mix-kaufen\/#primaryimage","url":"https:\/\/chemgramx.com\/wp-content\/uploads\/2025\/11\/green-mandala-mix-chem-store-online.png","contentUrl":"https:\/\/chemgramx.com\/wp-content\/uploads\/2025\/11\/green-mandala-mix-chem-store-online.png","width":706,"height":589},{"@type":"BreadcrumbList","@id":"https:\/\/chemgramx.com\/product\/green-mandala-mix-kaufen\/#breadcrumb","itemListElement":[{"@type":"ListItem","position":1,"name":"Home","item":"https:\/\/chemgramx.com\/"},{"@type":"ListItem","position":2,"name":"Shop","item":"https:\/\/chemgramx.com\/shop\/"},{"@type":"ListItem","position":3,"name":"Green Mandala Mix kaufen"}]},{"@type":"WebSite","@id":"https:\/\/chemgramx.com\/#website","url":"https:\/\/chemgramx.com\/","name":"Chemgramx","description":"","publisher":{"@id":"https:\/\/chemgramx.com\/#organization"},"potentialAction":[{"@type":"SearchAction","target":{"@type":"EntryPoint","urlTemplate":"https:\/\/chemgramx.com\/?s={search_term_string}"},"query-input":{"@type":"PropertyValueSpecification","valueRequired":true,"valueName":"search_term_string"}}],"inLanguage":"hu"},{"@type":"Organization","@id":"https:\/\/chemgramx.com\/#organization","name":"Chemgramx","url":"https:\/\/chemgramx.com\/","logo":{"@type":"ImageObject","inLanguage":"hu","@id":"https:\/\/chemgramx.com\/#\/schema\/logo\/image\/","url":"https:\/\/chemgramx.com\/wp-content\/uploads\/2024\/10\/final-logo.png","contentUrl":"https:\/\/chemgramx.com\/wp-content\/uploads\/2024\/10\/final-logo.png","width":250,"height":48,"caption":"Chemgramx"},"image":{"@id":"https:\/\/chemgramx.com\/#\/schema\/logo\/image\/"}}]}},"_links":{"self":[{"href":"https:\/\/chemgramx.com\/hu\/wp-json\/wp\/v2\/product\/7732","targetHints":{"allow":["GET"]}}],"collection":[{"href":"https:\/\/chemgramx.com\/hu\/wp-json\/wp\/v2\/product"}],"about":[{"href":"https:\/\/chemgramx.com\/hu\/wp-json\/wp\/v2\/types\/product"}],"replies":[{"embeddable":true,"href":"https:\/\/chemgramx.com\/hu\/wp-json\/wp\/v2\/comments?post=7732"}],"wp:featuredmedia":[{"embeddable":true,"href":"https:\/\/chemgramx.com\/hu\/wp-json\/wp\/v2\/media\/7755"}],"wp:attachment":[{"href":"https:\/\/chemgramx.com\/hu\/wp-json\/wp\/v2\/media?parent=7732"}],"wp:term":[{"taxonomy":"product_brand","embeddable":true,"href":"https:\/\/chemgramx.com\/hu\/wp-json\/wp\/v2\/product_brand?post=7732"},{"taxonomy":"product_cat","embeddable":true,"href":"https:\/\/chemgramx.com\/hu\/wp-json\/wp\/v2\/product_cat?post=7732"},{"taxonomy":"product_tag","embeddable":true,"href":"https:\/\/chemgramx.com\/hu\/wp-json\/wp\/v2\/product_tag?post=7732"}],"curies":[{"name":"wp","href":"https:\/\/api.w.org\/{rel}","templated":true}]}}