{"id":7737,"date":"2025-11-21T11:20:29","date_gmt":"2025-11-21T11:20:29","guid":{"rendered":"https:\/\/chemgramx.com\/?post_type=product&#038;p=7737"},"modified":"2025-11-21T11:21:52","modified_gmt":"2025-11-21T11:21:52","slug":"vasarolni-methallylescaline-fumarate-online","status":"publish","type":"product","link":"https:\/\/chemgramx.com\/hu\/product\/methallylescaline-fumarate-online-kaufen\/","title":{"rendered":"V\u00e1s\u00e1rl\u00e1s Methallylescaline Fumarate online"},"content":{"rendered":"<p data-start=\"265\" data-end=\"729\">A metil-leszkalin-fumar\u00e1t egy ritka pszichedelikus fenetil-amin, amely a meszkalinok kiterjesztett csal\u00e1dj\u00e1ba tartozik. Egyre n\u00e9pszer\u0171bb a kutat\u00f3k \u00e9s pszichonaut\u00e1k k\u00f6r\u00e9ben, akik szeretn\u00e9k felfedezni egyedi, hosszan tart\u00f3 vizu\u00e1lis \u00e9s empatog\u00e9n hat\u00e1sait. Sokan v\u00e1lasztj\u00e1k... <a href=\"https:\/\/chemgramx.com\/product\/methallylescaline-fumarate\/\">V\u00e1s\u00e1rl\u00e1s Methallylescaline Fumarate<\/a> vagy v\u00e1s\u00e1roljon metalileszkalin-fumar\u00e1tot k\u00f6zvetlen\u00fcl online, mivel a hagyom\u00e1nyos csatorn\u00e1kon kereszt\u00fcl neh\u00e9z beszerezni.<\/p>\n<p data-start=\"731\" data-end=\"1025\">A ritka anyagok ir\u00e1nti n\u00f6vekv\u0151 \u00e9rdekl\u0151d\u00e9ssel a biztons\u00e1gos \u00e9s felel\u0151ss\u00e9gteljes online v\u00e1s\u00e1rl\u00e1s fontoss\u00e1ga is n\u00f6vekszik. A sz\u00e1ll\u00edt\u00f3 jogszer\u0171s\u00e9g\u00e9nek, tisztas\u00e1g\u00e1nak \u00e9s megb\u00edzhat\u00f3s\u00e1g\u00e1nak els\u0151dleges fontoss\u00e1g\u00fanak kell lennie, amikor az elad\u00f3 metalilszkalin-fumar\u00e1tot kell megtal\u00e1lni.<\/p>\n<h3 data-start=\"1027\" data-end=\"1067\">Milyen t\u00edpus\u00fa gy\u00f3gyszer a metalileszkalin-fumar\u00e1t?<\/h3>\n<h3 data-start=\"1069\" data-end=\"1100\">K\u00e9miai \u00f6sszet\u00e9tel<\/h3>\n<p data-start=\"1101\" data-end=\"1351\"><a href=\"https:\/\/en.wikipedia.org\/wiki\/Methallylescaline\">Met\u00e1lil\u00e9szkalin-fumar\u00e1t<\/a> A meszkalin pszichedelikus anal\u00f3gja, amelynek k\u00e9miai szerkezeti k\u00e9plete C13H21NO3\u00b7C4H4O4. A metallil-leszkalin fumar\u00e1ts\u00f3ja, amely jobb t\u00e1rol\u00e1st \u00e9s adagol\u00e1st tesz lehet\u0151v\u00e9.<\/p>\n<h3 data-start=\"1353\" data-end=\"1384\">Gyakori felhaszn\u00e1l\u00e1sok<\/h3>\n<ul data-start=\"1385\" data-end=\"1635\">\n<li data-start=\"1385\" data-end=\"1491\">\n<p data-start=\"1387\" data-end=\"1491\">Tudom\u00e1nyos kutat\u00e1s: Pszichedelikus hat\u00e1smechanizmusok \u00e9s receptork\u00f6t\u00e9s vizsg\u00e1lata.<\/p>\n<\/li>\n<li data-start=\"1492\" data-end=\"1635\">\n<p data-start=\"1494\" data-end=\"1635\">Pszichoakt\u00edv felfedez\u00e9s: N\u00e9pszer\u0171 a pszichonautikai k\u00f6r\u00f6kben gyeng\u00e9d, m\u00e9gis m\u00e9ly vizu\u00e1lis \u00e9s \u00e9rzelmi hat\u00e1sai miatt.<\/p>\n<\/li>\n<\/ul>\n<h3 data-start=\"1637\" data-end=\"1679\">A jogi st\u00e1tusz \u00e1ttekint\u00e9se<\/h3>\n<p data-start=\"1681\" data-end=\"2059\">A metalilszkalin-fumar\u00e1tot sok orsz\u00e1gban nem szab\u00e1lyozz\u00e1k kifejezetten, de az anal\u00f3g t\u00f6rv\u00e9nyek hat\u00e1lya al\u00e1 tartozhat. N\u00e9metorsz\u00e1gban az NpSG vagy az AMG hat\u00e1lya al\u00e1 tartozhat. Minden v\u00e1s\u00e1rl\u00f3 felel\u0151ss\u00e9ge, hogy ellen\u0151rizze a helyi jogszab\u00e1lyokat, miel\u0151tt megrendeli a Methallylescaline Fumarate-ot, vagy m\u00e9rlegeli, hogy hol v\u00e1s\u00e1roljon Methallylescaline Fumarate-ot.<\/p>\n<h3 data-start=\"2061\" data-end=\"2113\">Mi\u00e9rt \u00e9rdemes online v\u00e1s\u00e1rolni a metallil-leszkalin-fumar\u00e1tot?<\/h3>\n<h3 data-start=\"2115\" data-end=\"2147\">Hozz\u00e1f\u00e9rhet\u0151s\u00e9g \u00e9s k\u00e9nyelem<\/h3>\n<p data-start=\"2148\" data-end=\"2395\">A metalilszkalin-fumar\u00e1t online megv\u00e1s\u00e1rl\u00e1s\u00e1nak lehet\u0151s\u00e9ge k\u00e9nyelmes, diszkr\u00e9t \u00e9s gyakran gyorsabb alternat\u00edv\u00e1t k\u00edn\u00e1l a helyi v\u00e1s\u00e1rl\u00e1shoz k\u00e9pest. K\u00fcl\u00f6n\u00f6sen az ilyen speci\u00e1lis anyagok eset\u00e9ben az online v\u00e1s\u00e1rl\u00e1s gyakran az egyetlen j\u00e1rhat\u00f3 \u00fat.<\/p>\n<h3 data-start=\"2397\" data-end=\"2425\">Nagyobb term\u00e9kv\u00e1laszt\u00e9k<\/h3>\n<p data-start=\"2426\" data-end=\"2687\">Az online \u00e1ruh\u00e1zak k\u00f6zvetlen hozz\u00e1f\u00e9r\u00e9st biztos\u00edtanak a k\u00fcl\u00f6nb\u00f6z\u0151 min\u0151s\u00e9gekhez, mennyis\u00e9gekhez \u00e9s \u00e1rv\u00e1laszt\u00e9khoz. B\u00e1rki, aki kedvez\u0151 methallylescalin fumar\u00e1t \u00e1rat keres, online megtal\u00e1lja - bele\u00e9rtve a nagy t\u00e9telben t\u00f6rt\u00e9n\u0151 megrendel\u00e9sekre vagy kutat\u00e1si c\u00e9lokra vonatkoz\u00f3 aj\u00e1nlatokat is.<\/p>\n<h3 data-start=\"2689\" data-end=\"2726\">Lehets\u00e9ges kock\u00e1zatok \u00e9s el\u0151ny\u00f6k<\/h3>\n<p data-start=\"2728\" data-end=\"2743\">El\u0151ny\u00f6k:<\/p>\n<ul data-start=\"2744\" data-end=\"2860\">\n<li data-start=\"2744\" data-end=\"2775\">\n<p data-start=\"2746\" data-end=\"2775\">Diszkr\u00e9t sz\u00e1ll\u00edt\u00e1s<\/p>\n<\/li>\n<li data-start=\"2776\" data-end=\"2819\">\n<p data-start=\"2778\" data-end=\"2819\">Mennyis\u00e9gek \u00e9s min\u0151s\u00e9gek sz\u00e9les v\u00e1laszt\u00e9ka<\/p>\n<\/li>\n<li data-start=\"2820\" data-end=\"2860\">\n<p data-start=\"2822\" data-end=\"2860\">Hozz\u00e1f\u00e9r\u00e9s az elemz\u00e9si tan\u00fas\u00edtv\u00e1nyokhoz (CoA-k)<\/p>\n<\/li>\n<\/ul>\n<p data-start=\"2862\" data-end=\"2876\">Kock\u00e1zatok:<\/p>\n<ul data-start=\"2877\" data-end=\"2996\">\n<li data-start=\"2877\" data-end=\"2924\">\n<p data-start=\"2879\" data-end=\"2924\">Bizonytalan eredet k\u00e9tes szolg\u00e1ltat\u00f3kt\u00f3l<\/p>\n<\/li>\n<li data-start=\"2925\" data-end=\"2964\">\n<p data-start=\"2927\" data-end=\"2964\">Lehets\u00e9ges jogi k\u00f6vetkezm\u00e9nyek<\/p>\n<\/li>\n<li data-start=\"2965\" data-end=\"2996\">\n<p data-start=\"2967\" data-end=\"2996\">Szennyez\u0151d\u00e9svesz\u00e9ly<\/p>\n<\/li>\n<\/ul>\n<h3 data-start=\"3235\" data-end=\"3275\">\u00c9rt\u00e9kel\u00e9sek \u00e9s k\u00f6z\u00f6ss\u00e9gi visszajelz\u00e9sek<\/h3>\n<p data-start=\"3276\" data-end=\"3539\">T\u00e1j\u00e9koz\u00f3djon a szolg\u00e1ltat\u00f3 h\u00edrnev\u00e9r\u0151l a megfelel\u0151 f\u00f3rumokon, p\u00e9ld\u00e1ul a Redditen vagy a szakport\u00e1lokon. A val\u00f3di v\u00e1s\u00e1rl\u00f3i v\u00e9lem\u00e9nyek er\u0151sen jelzik a megb\u00edzhat\u00f3s\u00e1got, \u00e9s seg\u00edtenek azonos\u00edtani a legjobb helyet, ahol metalilszkalin-fumar\u00e1tot v\u00e1s\u00e1rolhat online.<\/p>\n<h3 data-start=\"3541\" data-end=\"3582\">Laborat\u00f3riumi vizsg\u00e1latok \u00e9s tisztas\u00e1gi tan\u00fas\u00edtv\u00e1nyok<\/h3>\n<p data-start=\"3583\" data-end=\"3822\">Egy j\u00f3 h\u00edr\u0171 besz\u00e1ll\u00edt\u00f3 mindig biztos\u00edt laborat\u00f3riumi elemz\u00e9seket, amelyek meger\u0151s\u00edtik a tisztas\u00e1got \u00e9s az azonoss\u00e1got. Ez az egyetlen m\u00f3dja annak, hogy biztos\u00edtsa, hogy a k\u00edn\u00e1lt term\u00e9kek val\u00f3ban kiv\u00e1l\u00f3 min\u0151s\u00e9g\u0171, elad\u00e1sra sz\u00e1nt metalileszkalin-fumar\u00e1tot tartalmaznak.<\/p>\n<h3 data-start=\"3824\" data-end=\"3865\">Jogi \u00e9s etikai megfontol\u00e1sok<\/h3>\n<h3 data-start=\"3867\" data-end=\"3906\">Helyi \u00e9s nemzetk\u00f6zi t\u00f6rv\u00e9nyek<\/h3>\n<p data-start=\"3907\" data-end=\"4123\">Miel\u0151tt online v\u00e1s\u00e1rolna metil-leszkalin-fumar\u00e1tot, elengedhetetlen, hogy ellen\u0151rizze az orsz\u00e1g\u00e1nak t\u00f6rv\u00e9nyeit. M\u00e9g ha az anyag nincs is kifejezetten felsorolva, akkor is a megl\u00e9v\u0151 anyagt\u00f6rv\u00e9nyek hat\u00e1lya al\u00e1 tartozhat.<\/p>\n<h3 data-start=\"4125\" data-end=\"4156\">A vev\u0151 felel\u0151ss\u00e9ge<\/h3>\n<p data-start=\"4157\" data-end=\"4407\">A felel\u0151ss\u00e9g a v\u00e1s\u00e1rl\u00f3t terheli, mind a jogszer\u0171s\u00e9g, mind a biztons\u00e1gos kezel\u00e9s tekintet\u00e9ben. B\u00e1rki, aki \u00fagy d\u00f6nt, hogy megb\u00edzhat\u00f3 kutat\u00e1si forr\u00e1sb\u00f3l sz\u00e1rmaz\u00f3 metalileszkalin-fumar\u00e1tot v\u00e1s\u00e1rol online, felel\u0151ss\u00e9gteljesen \u00e9s tudatosan kell elj\u00e1rnia.<\/p>\n<h3 data-start=\"4409\" data-end=\"4419\">K\u00f6vetkeztet\u00e9s<\/h3>\n<p data-start=\"4421\" data-end=\"4671\">A metalileszkalin-fumar\u00e1t egy leny\u0171g\u00f6z\u0151 anyag, amely potenci\u00e1lis kutat\u00e1si \u00e9s szem\u00e9lyes tapasztalatokkal rendelkezik. B\u00e1rki, aki \u00fagy d\u00f6nt, hogy a legjobb hely a methallylescaline fumarate online v\u00e1s\u00e1rl\u00e1s\u00e1hoz, mindig figyeljen a megb\u00edzhat\u00f3s\u00e1gra, a tisztas\u00e1gra \u00e9s a t\u00f6rv\u00e9nyek betart\u00e1s\u00e1ra.<\/p>\n<h3 data-start=\"4673\" data-end=\"4749\">Aj\u00e1nl\u00e1sok a biztons\u00e1gos, leg\u00e1lis \u00e9s kiel\u00e9g\u00edt\u0151 v\u00e1s\u00e1rl\u00e1shoz:<\/h3>\n<ul data-start=\"4750\" data-end=\"5035\">\n<li data-start=\"4750\" data-end=\"4836\">\n<p data-start=\"4752\" data-end=\"4836\">Csak v\u00e1s\u00e1rolni Methallylescaline Fumarate online sz\u00e1ll\u00edt\u00f3kkal tan\u00fas\u00edtott tisztas\u00e1g\u00fa besz\u00e1ll\u00edt\u00f3kt\u00f3l<\/p>\n<\/li>\n<li data-start=\"4837\" data-end=\"4873\">\n<p data-start=\"4839\" data-end=\"4873\">Kutat\u00f3k\u00f6z\u00f6ss\u00e9gi visszajelz\u00e9s<\/p>\n<\/li>\n<li data-start=\"4874\" data-end=\"4932\">\n<p data-start=\"4876\" data-end=\"4932\">Hasonl\u00edtsd \u00f6ssze az \u00e1rakat, de ne a min\u0151s\u00e9g rov\u00e1s\u00e1ra<\/p>\n<\/li>\n<li data-start=\"4933\" data-end=\"4975\">\n<p data-start=\"4935\" data-end=\"4975\">Ellen\u0151rizze \u00e9s tartsa be a helyi t\u00f6rv\u00e9nyeket<\/p>\n<\/li>\n<li data-start=\"4976\" data-end=\"5035\">\n<p data-start=\"4978\" data-end=\"5035\">Az anyagot felel\u0151ss\u00e9gteljesen \u00e9s tudatosan kezelje<\/p>\n<\/li>\n<\/ul>","protected":false},"excerpt":{"rendered":"<p><strong>Met\u00e1lil\u00e9szkalin-fumar\u00e1t<\/strong> egy szintetikus pszichedelikus anyag a <strong>Meszkalin csal\u00e1d<\/strong>a <strong>Fenetilaminok<\/strong>. Vizu\u00e1lis \u00e9s hangulatjav\u00edt\u00f3 hat\u00e1sair\u00f3l ismert, de kev\u00e9sb\u00e9 elterjedt \u00e9s kev\u00e9sb\u00e9 kutatott, mint a hagyom\u00e1nyos pszichedelikus szerek, p\u00e9ld\u00e1ul a meszkalin vagy az LSD. Hat\u00e1s\u00e1t gyakran az euf\u00f3ria, a vizu\u00e1lis stimul\u00e1ci\u00f3 \u00e9s az \u00f6nvizsg\u00e1lat kever\u00e9kek\u00e9nt \u00edrj\u00e1k le.<\/p>\n<h3><strong>Fontos t\u00e9nyek<\/strong><\/h3>\n<p><strong>K\u00e9miai oszt\u00e1ly<\/strong>Fenetilamin \/ meszkalin anal\u00f3g<br \/>\n<strong>Hat\u00e1s<\/strong>Pszichedelikus vizualiz\u00e1ci\u00f3k, euf\u00f3ria \u00e9s fokozott \u00e9rz\u00e9kszervi \u00e9rz\u00e9kel\u00e9s<br \/>\n<strong>A hat\u00e1s kezdete<\/strong>30-90 perc (sz\u00f3beli)<br \/>\n<strong>Id\u0151tartam<\/strong>: 6-12 \u00f3ra<\/p>","protected":false},"featured_media":7774,"comment_status":"open","ping_status":"closed","template":"","meta":{"_joinchat":[]},"product_brand":[],"product_cat":[51],"product_tag":[685,686,680,673,668,682,689,669,674,679,677,675,671,676,678,670,687,672,690,683,684,688,681],"class_list":{"0":"post-7737","1":"product","2":"type-product","3":"status-publish","4":"has-post-thumbnail","6":"product_cat-phenethylamines","7":"product_tag-methallylescaline-analyse","8":"product_tag-methallylescaline-chemie","9":"product_tag-methallylescaline-effekte","10":"product_tag-methallylescaline-forschungschemikalie","11":"product_tag-methallylescaline-fumarat","12":"product_tag-methallylescaline-fumarat-anwendung","13":"product_tag-methallylescaline-fumarat-forschung","14":"product_tag-methallylescaline-fumarat-kaufen","15":"product_tag-methallylescaline-fumarat-laboranwendung","16":"product_tag-methallylescaline-fumarat-lagerung","17":"product_tag-methallylescaline-fumarat-sicherheit","18":"product_tag-methallylescaline-fumarat-verfugbarkeit","19":"product_tag-methallylescaline-fumarat-zum-verkauf","20":"product_tag-methallylescaline-groshandel","21":"product_tag-methallylescaline-handhabung","22":"product_tag-methallylescaline-lieferant","23":"product_tag-methallylescaline-markt","24":"product_tag-methallylescaline-preis","25":"product_tag-methallylescaline-reinheit","26":"product_tag-methallylescaline-risiken","27":"product_tag-methallylescaline-studien","28":"product_tag-methallylescaline-vertrieb","29":"product_tag-methallylescaline-vorschriften","31":"first","32":"instock","33":"shipping-taxable","34":"purchasable","35":"product-type-variable"},"yoast_head":"<!-- This site is optimized with the Yoast SEO plugin v27.5 - https:\/\/yoast.com\/product\/yoast-seo-wordpress\/ -->\n<title>Methallylescaline Fumarate Kaufen \u2013 | Chemgramx<\/title>\n<meta name=\"description\" content=\"Kaufen Sie Methallylescaline Fumarate online bei Chemgramx. Laborgepr\u00fcfte Qualit\u00e4t, \u226599% Reinheit, schnelle Lieferung und g\u00fcnstige Preise. Jetzt bestellen!\" \/>\n<meta name=\"robots\" content=\"index, follow, max-snippet:-1, max-image-preview:large, max-video-preview:-1\" \/>\n<link rel=\"canonical\" href=\"https:\/\/chemgramx.com\/hu\/termek-1\/vasarolni-methallylescaline-fumarate-online\/\" \/>\n<meta property=\"og:locale\" content=\"hu_HU\" \/>\n<meta property=\"og:type\" content=\"article\" \/>\n<meta property=\"og:title\" content=\"Methallylescaline Fumarate Kaufen \u2013 | Chemgramx\" \/>\n<meta property=\"og:description\" content=\"Kaufen Sie Methallylescaline Fumarate online bei Chemgramx. Laborgepr\u00fcfte Qualit\u00e4t, \u226599% Reinheit, schnelle Lieferung und g\u00fcnstige Preise. Jetzt bestellen!\" \/>\n<meta property=\"og:url\" content=\"https:\/\/chemgramx.com\/hu\/termek-1\/vasarolni-methallylescaline-fumarate-online\/\" \/>\n<meta property=\"og:site_name\" content=\"Chemgramx\" \/>\n<meta property=\"article:modified_time\" content=\"2025-11-21T11:21:52+00:00\" \/>\n<meta property=\"og:image\" content=\"https:\/\/chemgramx.com\/wp-content\/uploads\/2025\/11\/Buy-Methallylescaline-HCL-online.webp\" \/>\n\t<meta property=\"og:image:width\" content=\"343\" \/>\n\t<meta property=\"og:image:height\" content=\"280\" \/>\n\t<meta property=\"og:image:type\" content=\"image\/webp\" \/>\n<meta name=\"twitter:card\" content=\"summary_large_image\" \/>\n<meta name=\"twitter:label1\" content=\"Becs\u00fclt olvas\u00e1si id\u0151\" \/>\n\t<meta name=\"twitter:data1\" content=\"3 perc\" \/>\n<script type=\"application\/ld+json\" class=\"yoast-schema-graph\">{\"@context\":\"https:\\\/\\\/schema.org\",\"@graph\":[{\"@type\":\"WebPage\",\"@id\":\"https:\\\/\\\/chemgramx.com\\\/product\\\/methallylescaline-fumarate-online-kaufen\\\/\",\"url\":\"https:\\\/\\\/chemgramx.com\\\/product\\\/methallylescaline-fumarate-online-kaufen\\\/\",\"name\":\"Methallylescaline Fumarate Kaufen \u2013 | Chemgramx\",\"isPartOf\":{\"@id\":\"https:\\\/\\\/chemgramx.com\\\/#website\"},\"primaryImageOfPage\":{\"@id\":\"https:\\\/\\\/chemgramx.com\\\/product\\\/methallylescaline-fumarate-online-kaufen\\\/#primaryimage\"},\"image\":{\"@id\":\"https:\\\/\\\/chemgramx.com\\\/product\\\/methallylescaline-fumarate-online-kaufen\\\/#primaryimage\"},\"thumbnailUrl\":\"https:\\\/\\\/chemgramx.com\\\/wp-content\\\/uploads\\\/2025\\\/11\\\/Buy-Methallylescaline-HCL-online.webp\",\"datePublished\":\"2025-11-21T11:20:29+00:00\",\"dateModified\":\"2025-11-21T11:21:52+00:00\",\"description\":\"Kaufen Sie Methallylescaline Fumarate online bei Chemgramx. Laborgepr\u00fcfte Qualit\u00e4t, \u226599% Reinheit, schnelle Lieferung und g\u00fcnstige Preise. Jetzt bestellen!\",\"breadcrumb\":{\"@id\":\"https:\\\/\\\/chemgramx.com\\\/product\\\/methallylescaline-fumarate-online-kaufen\\\/#breadcrumb\"},\"inLanguage\":\"hu\",\"potentialAction\":[{\"@type\":\"ReadAction\",\"target\":[\"https:\\\/\\\/chemgramx.com\\\/product\\\/methallylescaline-fumarate-online-kaufen\\\/\"]}]},{\"@type\":\"ImageObject\",\"inLanguage\":\"hu\",\"@id\":\"https:\\\/\\\/chemgramx.com\\\/product\\\/methallylescaline-fumarate-online-kaufen\\\/#primaryimage\",\"url\":\"https:\\\/\\\/chemgramx.com\\\/wp-content\\\/uploads\\\/2025\\\/11\\\/Buy-Methallylescaline-HCL-online.webp\",\"contentUrl\":\"https:\\\/\\\/chemgramx.com\\\/wp-content\\\/uploads\\\/2025\\\/11\\\/Buy-Methallylescaline-HCL-online.webp\",\"width\":343,\"height\":280},{\"@type\":\"BreadcrumbList\",\"@id\":\"https:\\\/\\\/chemgramx.com\\\/product\\\/methallylescaline-fumarate-online-kaufen\\\/#breadcrumb\",\"itemListElement\":[{\"@type\":\"ListItem\",\"position\":1,\"name\":\"Home\",\"item\":\"https:\\\/\\\/chemgramx.com\\\/\"},{\"@type\":\"ListItem\",\"position\":2,\"name\":\"Shop\",\"item\":\"https:\\\/\\\/chemgramx.com\\\/shop\\\/\"},{\"@type\":\"ListItem\",\"position\":3,\"name\":\"Methallylescaline Fumarate online kaufen\"}]},{\"@type\":\"WebSite\",\"@id\":\"https:\\\/\\\/chemgramx.com\\\/#website\",\"url\":\"https:\\\/\\\/chemgramx.com\\\/\",\"name\":\"Chemgramx\",\"description\":\"\",\"publisher\":{\"@id\":\"https:\\\/\\\/chemgramx.com\\\/#organization\"},\"potentialAction\":[{\"@type\":\"SearchAction\",\"target\":{\"@type\":\"EntryPoint\",\"urlTemplate\":\"https:\\\/\\\/chemgramx.com\\\/?s={search_term_string}\"},\"query-input\":{\"@type\":\"PropertyValueSpecification\",\"valueRequired\":true,\"valueName\":\"search_term_string\"}}],\"inLanguage\":\"hu\"},{\"@type\":\"Organization\",\"@id\":\"https:\\\/\\\/chemgramx.com\\\/#organization\",\"name\":\"Chemgramx\",\"url\":\"https:\\\/\\\/chemgramx.com\\\/\",\"logo\":{\"@type\":\"ImageObject\",\"inLanguage\":\"hu\",\"@id\":\"https:\\\/\\\/chemgramx.com\\\/#\\\/schema\\\/logo\\\/image\\\/\",\"url\":\"https:\\\/\\\/chemgramx.com\\\/wp-content\\\/uploads\\\/2024\\\/10\\\/final-logo.png\",\"contentUrl\":\"https:\\\/\\\/chemgramx.com\\\/wp-content\\\/uploads\\\/2024\\\/10\\\/final-logo.png\",\"width\":250,\"height\":48,\"caption\":\"Chemgramx\"},\"image\":{\"@id\":\"https:\\\/\\\/chemgramx.com\\\/#\\\/schema\\\/logo\\\/image\\\/\"}}]}<\/script>\n<!-- \/ Yoast SEO plugin. -->","yoast_head_json":{"title":"Metil-leszkalin-fumar\u00e1t v\u00e1s\u00e1rl\u00e1sa | Chemgramx","description":"V\u00e1s\u00e1roljon metil-leszkalin-fumar\u00e1tot online a Chemgramx-t\u00f3l. Laborat\u00f3riumban tesztelt min\u0151s\u00e9g, \u226599%-os tisztas\u00e1g, gyors sz\u00e1ll\u00edt\u00e1s \u00e9s megfizethet\u0151 \u00e1rak. Rendelje meg most!","robots":{"index":"index","follow":"follow","max-snippet":"max-snippet:-1","max-image-preview":"max-image-preview:large","max-video-preview":"max-video-preview:-1"},"canonical":"https:\/\/chemgramx.com\/hu\/termek-1\/vasarolni-methallylescaline-fumarate-online\/","og_locale":"hu_HU","og_type":"article","og_title":"Methallylescaline Fumarate Kaufen \u2013 | Chemgramx","og_description":"Kaufen Sie Methallylescaline Fumarate online bei Chemgramx. Laborgepr\u00fcfte Qualit\u00e4t, \u226599% Reinheit, schnelle Lieferung und g\u00fcnstige Preise. Jetzt bestellen!","og_url":"https:\/\/chemgramx.com\/hu\/termek-1\/vasarolni-methallylescaline-fumarate-online\/","og_site_name":"Chemgramx","article_modified_time":"2025-11-21T11:21:52+00:00","og_image":[{"width":343,"height":280,"url":"https:\/\/chemgramx.com\/wp-content\/uploads\/2025\/11\/Buy-Methallylescaline-HCL-online.webp","type":"image\/webp"}],"twitter_card":"summary_large_image","twitter_misc":{"Becs\u00fclt olvas\u00e1si id\u0151":"3 perc"},"schema":{"@context":"https:\/\/schema.org","@graph":[{"@type":"WebPage","@id":"https:\/\/chemgramx.com\/product\/methallylescaline-fumarate-online-kaufen\/","url":"https:\/\/chemgramx.com\/product\/methallylescaline-fumarate-online-kaufen\/","name":"Metil-leszkalin-fumar\u00e1t v\u00e1s\u00e1rl\u00e1sa | Chemgramx","isPartOf":{"@id":"https:\/\/chemgramx.com\/#website"},"primaryImageOfPage":{"@id":"https:\/\/chemgramx.com\/product\/methallylescaline-fumarate-online-kaufen\/#primaryimage"},"image":{"@id":"https:\/\/chemgramx.com\/product\/methallylescaline-fumarate-online-kaufen\/#primaryimage"},"thumbnailUrl":"https:\/\/chemgramx.com\/wp-content\/uploads\/2025\/11\/Buy-Methallylescaline-HCL-online.webp","datePublished":"2025-11-21T11:20:29+00:00","dateModified":"2025-11-21T11:21:52+00:00","description":"V\u00e1s\u00e1roljon metil-leszkalin-fumar\u00e1tot online a Chemgramx-t\u00f3l. Laborat\u00f3riumban tesztelt min\u0151s\u00e9g, \u226599%-os tisztas\u00e1g, gyors sz\u00e1ll\u00edt\u00e1s \u00e9s megfizethet\u0151 \u00e1rak. Rendelje meg most!","breadcrumb":{"@id":"https:\/\/chemgramx.com\/product\/methallylescaline-fumarate-online-kaufen\/#breadcrumb"},"inLanguage":"hu","potentialAction":[{"@type":"ReadAction","target":["https:\/\/chemgramx.com\/product\/methallylescaline-fumarate-online-kaufen\/"]}]},{"@type":"ImageObject","inLanguage":"hu","@id":"https:\/\/chemgramx.com\/product\/methallylescaline-fumarate-online-kaufen\/#primaryimage","url":"https:\/\/chemgramx.com\/wp-content\/uploads\/2025\/11\/Buy-Methallylescaline-HCL-online.webp","contentUrl":"https:\/\/chemgramx.com\/wp-content\/uploads\/2025\/11\/Buy-Methallylescaline-HCL-online.webp","width":343,"height":280},{"@type":"BreadcrumbList","@id":"https:\/\/chemgramx.com\/product\/methallylescaline-fumarate-online-kaufen\/#breadcrumb","itemListElement":[{"@type":"ListItem","position":1,"name":"Home","item":"https:\/\/chemgramx.com\/"},{"@type":"ListItem","position":2,"name":"Shop","item":"https:\/\/chemgramx.com\/shop\/"},{"@type":"ListItem","position":3,"name":"Methallylescaline Fumarate online kaufen"}]},{"@type":"WebSite","@id":"https:\/\/chemgramx.com\/#website","url":"https:\/\/chemgramx.com\/","name":"Chemgramx","description":"","publisher":{"@id":"https:\/\/chemgramx.com\/#organization"},"potentialAction":[{"@type":"SearchAction","target":{"@type":"EntryPoint","urlTemplate":"https:\/\/chemgramx.com\/?s={search_term_string}"},"query-input":{"@type":"PropertyValueSpecification","valueRequired":true,"valueName":"search_term_string"}}],"inLanguage":"hu"},{"@type":"Organization","@id":"https:\/\/chemgramx.com\/#organization","name":"Chemgramx","url":"https:\/\/chemgramx.com\/","logo":{"@type":"ImageObject","inLanguage":"hu","@id":"https:\/\/chemgramx.com\/#\/schema\/logo\/image\/","url":"https:\/\/chemgramx.com\/wp-content\/uploads\/2024\/10\/final-logo.png","contentUrl":"https:\/\/chemgramx.com\/wp-content\/uploads\/2024\/10\/final-logo.png","width":250,"height":48,"caption":"Chemgramx"},"image":{"@id":"https:\/\/chemgramx.com\/#\/schema\/logo\/image\/"}}]}},"_links":{"self":[{"href":"https:\/\/chemgramx.com\/hu\/wp-json\/wp\/v2\/product\/7737","targetHints":{"allow":["GET"]}}],"collection":[{"href":"https:\/\/chemgramx.com\/hu\/wp-json\/wp\/v2\/product"}],"about":[{"href":"https:\/\/chemgramx.com\/hu\/wp-json\/wp\/v2\/types\/product"}],"replies":[{"embeddable":true,"href":"https:\/\/chemgramx.com\/hu\/wp-json\/wp\/v2\/comments?post=7737"}],"wp:featuredmedia":[{"embeddable":true,"href":"https:\/\/chemgramx.com\/hu\/wp-json\/wp\/v2\/media\/7774"}],"wp:attachment":[{"href":"https:\/\/chemgramx.com\/hu\/wp-json\/wp\/v2\/media?parent=7737"}],"wp:term":[{"taxonomy":"product_brand","embeddable":true,"href":"https:\/\/chemgramx.com\/hu\/wp-json\/wp\/v2\/product_brand?post=7737"},{"taxonomy":"product_cat","embeddable":true,"href":"https:\/\/chemgramx.com\/hu\/wp-json\/wp\/v2\/product_cat?post=7737"},{"taxonomy":"product_tag","embeddable":true,"href":"https:\/\/chemgramx.com\/hu\/wp-json\/wp\/v2\/product_tag?post=7737"}],"curies":[{"name":"wp","href":"https:\/\/api.w.org\/{rel}","templated":true}]}}