{"id":775,"date":"2024-10-23T00:26:12","date_gmt":"2024-10-23T00:26:12","guid":{"rendered":"https:\/\/chemgramx.com\/?post_type=product&#038;p=775"},"modified":"2025-10-15T11:21:03","modified_gmt":"2025-10-15T11:21:03","slug":"7-abf","status":"publish","type":"product","link":"https:\/\/chemgramx.com\/hu\/product\/7-abf\/","title":{"rendered":"7-ABF online v\u00e1s\u00e1rl\u00e1s"},"content":{"rendered":"<h2 data-start=\"176\" data-end=\"200\">7-ABF online kaufen \u2013 Qualit\u00e4t und Zuverl\u00e4ssigkeit bei ChemGramX<\/h2>\n<h3 data-start=\"176\" data-end=\"200\">7-ABF online v\u00e1s\u00e1rl\u00e1s<\/h3>\n<p data-start=\"202\" data-end=\"552\">Ha <a href=\"https:\/\/chemgramx.com\/hu\/product\/7-abf\/\">7-ABF megv\u00e1s\u00e1rl\u00e1sa<\/a> m\u00f6chten, ist ChemGramX Ihre vertrauensw\u00fcrdige Quelle f\u00fcr laborgepr\u00fcftes, hochwertiges 7-ABF. Diese Verbindung (7-Azaindole) spielt eine wichtige Rolle in der chemischen und pharmazeutischen Forschung. Wer 7-ABF online kaufen, erh\u00e4lt garantierte Reinheit und Qualit\u00e4t, um verl\u00e4ssliche Forschungsergebnisse zu erzielen.<\/p>\n<h3 data-start=\"554\" data-end=\"573\">Mi az a 7-ABF?<\/h3>\n<p data-start=\"575\" data-end=\"904\"><a href=\"https:\/\/en.wikipedia.org\/wiki\/ABF\">7-ABF<\/a> Az azaindol-sz\u00e1rmaz\u00e9kok oszt\u00e1ly\u00e1ba tartozik, \u00e9s szerves k\u00e9mi\u00e1ban, valamint gy\u00f3gyszer\u00e9szeti kutat\u00e1sban haszn\u00e1lj\u00e1k. Gyakran szolg\u00e1l \u00e9p\u00edt\u0151elemk\u00e9nt k\u00fcl\u00f6nf\u00e9le hat\u00f3anyagok szint\u00e9zis\u00e9hez. A 7-ABF-et rendel\u0151 kutat\u00f3k potenci\u00e1lis gy\u00f3gyszerek k\u00e9miai reakci\u00f3k\u00e9pess\u00e9g\u00e9nek \u00e9s szint\u00e9zis\u00fatjainak vizsg\u00e1lat\u00e1ra haszn\u00e1lj\u00e1k.<\/p>\n<h3 data-start=\"906\" data-end=\"930\">Mi\u00e9rt \u00e9rdemes 7-ABF-et v\u00e1s\u00e1rolni?<\/h3>\n<p data-start=\"932\" data-end=\"1246\">Wer 7-ABF online kaufen, erh\u00e4lt eine Verbindung, die in der Forschung f\u00fcr die Entwicklung neuer Arzneimittel und chemischer Produkte unverzichtbar ist. 7-ABF zu verkaufen bei ChemGramX garantiert h\u00f6chste Reinheit, sodass pr\u00e4zise und zuverl\u00e4ssige Ergebnisse f\u00fcr pharmazeutische Anwendungen erzielt werden k\u00f6nnen.<\/p>\n<h3 data-start=\"1248\" data-end=\"1286\">7-ABF online v\u00e1s\u00e1rl\u00e1sa a ChemGramX-on<\/h3>\n<p data-start=\"1288\" data-end=\"1593\">ChemGramX bietet eine sichere und bequeme M\u00f6glichkeit, 7-ABF online zu kaufen. Unser 7-ABF for sale wird in unabh\u00e4ngigen Laboren getestet, um Konsistenz und Reinheit zu gew\u00e4hrleisten. Wenn Sie wo kann man 7-ABF kaufen, ist ChemGramX die beste Wahl f\u00fcr qualitativ hochwertige Forschungschemikalien.<\/p>\n<h3 data-start=\"1595\" data-end=\"1643\">A 7-ABF ChemGramX-t\u00f3l t\u00f6rt\u00e9n\u0151 v\u00e1s\u00e1rl\u00e1s\u00e1nak el\u0151nyei<\/h3>\n<ul data-start=\"1645\" data-end=\"2079\">\n<li data-start=\"1645\" data-end=\"1773\">\n<p data-start=\"1647\" data-end=\"1773\">Laborat\u00f3riumban tesztelt tisztas\u00e1g: Minden term\u00e9k szigor\u00fa tesztel\u00e9sen esik \u00e1t, hogy garant\u00e1ljuk a kutat\u00e1shoz sz\u00fcks\u00e9ges optim\u00e1lis min\u0151s\u00e9get.<\/p>\n<\/li>\n<li data-start=\"1774\" data-end=\"1850\">\n<p data-start=\"1776\" data-end=\"1850\">Diszkr\u00e9t sz\u00e1ll\u00edt\u00e1s: Rendel\u00e9s\u00e9t biztons\u00e1gosan \u00e9s n\u00e9vtelen\u00fcl k\u00e9zbes\u00edtj\u00fck.<\/p>\n<\/li>\n<li data-start=\"1851\" data-end=\"1974\">\n<p data-start=\"1853\" data-end=\"1974\">Ide\u00e1lis kutat\u00e1shoz: A 7-ABF online v\u00e1s\u00e1rl\u00e1sa t\u00f6k\u00e9letes k\u00e9miai szint\u00e9zisekhez \u00e9s gy\u00f3gyszer\u00e9szeti vizsg\u00e1latokhoz.<\/p>\n<\/li>\n<li data-start=\"1975\" data-end=\"2079\">\n<p data-start=\"1977\" data-end=\"2079\">\u00c1tl\u00e1that\u00f3 \u00e1rak: Mindig korrekt 7-ABF \u00e1rat kapsz laborat\u00f3riumban tesztelt min\u0151s\u00e9g\u00e9rt.<\/p>\n<\/li>\n<\/ul>\n<h3 data-start=\"2081\" data-end=\"2122\">7-ABF Jogszer\u0171s\u00e9g \u00e9s biztons\u00e1gos sz\u00e1ll\u00edt\u00e1s<\/h3>\n<p data-start=\"2124\" data-end=\"2455\">Die Legalit\u00e4t von 7-ABF h\u00e4ngt von der Region ab. Bevor Sie 7-ABF kaufen, informieren Sie sich \u00fcber die lokalen Gesetze. ChemGramX verkauft 7-ABF zu verkaufen ausschlie\u00dflich f\u00fcr wissenschaftliche Zwecke und stellt sicher, dass alle gesetzlichen Vorschriften eingehalten werden. Diskreter Versand garantiert sichere Lieferung.<\/p>\n<h3 data-start=\"2457\" data-end=\"2480\">V\u00e1s\u00e1roljon 7-ABF most<\/h3>\n<p data-start=\"2482\" data-end=\"2752\">Bereit, 7-ABF online zu kaufen? Bestellen Sie 7-ABF bei ChemGramX und profitieren Sie von schneller Lieferung, garantierter Reinheit und sicherem Versand. ChemGramX ist die bester Ort, um 7-ABF online zu kaufen und unterst\u00fctzt Ihre Forschungsprojekte zuverl\u00e4ssig.<\/p>\n<p data-start=\"2754\" data-end=\"2846\">ChemGramX \u2013 Ihre vertrauensw\u00fcrdige Quelle f\u00fcr 7-ABF und hochwertige Forschungschemikalien<\/p>","protected":false},"excerpt":{"rendered":"<p>A 7-ABF egy szintetikus kannabinoid, amely er\u0151s pszichoakt\u00edv hat\u00e1sair\u00f3l ismert. A THC hat\u00e1sainak ut\u00e1nz\u00e1s\u00e1ra fejlesztett\u00e9k ki.<\/p>","protected":false},"featured_media":776,"comment_status":"open","ping_status":"closed","template":"","meta":{"_joinchat":[]},"product_brand":[],"product_cat":[47],"product_tag":[2753,2746,2750,2748,2747,2752,2751,2749,2754,2015],"class_list":{"0":"post-775","1":"product","2":"type-product","3":"status-publish","4":"has-post-thumbnail","6":"product_cat-cannabinoids","7":"product_tag-7-abf-chemikalien","8":"product_tag-7-abf-kaufen","9":"product_tag-7-abf-kaufen-deutschland","10":"product_tag-7-abf-kristalle","11":"product_tag-7-abf-online","12":"product_tag-7-abf-preis","13":"product_tag-7-abf-prodej","14":"product_tag-7-abf-pulver","15":"product_tag-7-abf-zum-verkauf","16":"product_tag-synthetische-drogen","18":"first","19":"instock","20":"shipping-taxable","21":"purchasable","22":"product-type-variable"},"yoast_head":"<!-- This site is optimized with the Yoast SEO plugin v26.1.1 - https:\/\/yoast.com\/wordpress\/plugins\/seo\/ -->\n<title>7-ABF online kaufen \u2013 7-ABF zu verkaufen | chemgramx<\/title>\n<meta name=\"description\" content=\"Sie k\u00f6nnen mit unserem Chemgramx-Onlineshop Kontakt aufnehmen und 7-abf online kaufen. Sie k\u00f6nnen 7-abf zu g\u00fcnstigen Preisen kaufen. Jetzt bestellen!\" \/>\n<meta name=\"robots\" content=\"index, follow, max-snippet:-1, max-image-preview:large, max-video-preview:-1\" \/>\n<link rel=\"canonical\" href=\"https:\/\/chemgramx.com\/hu\/product\/7-abf\/\" \/>\n<meta property=\"og:locale\" content=\"hu_HU\" \/>\n<meta property=\"og:type\" content=\"article\" \/>\n<meta property=\"og:title\" content=\"7-ABF online kaufen \u2013 7-ABF zu verkaufen | chemgramx\" \/>\n<meta property=\"og:description\" content=\"Sie k\u00f6nnen mit unserem Chemgramx-Onlineshop Kontakt aufnehmen und 7-abf online kaufen. Sie k\u00f6nnen 7-abf zu g\u00fcnstigen Preisen kaufen. Jetzt bestellen!\" \/>\n<meta property=\"og:url\" content=\"https:\/\/chemgramx.com\/hu\/product\/7-abf\/\" \/>\n<meta property=\"og:site_name\" content=\"Chemgramx\" \/>\n<meta property=\"article:modified_time\" content=\"2025-10-15T11:21:03+00:00\" \/>\n<meta property=\"og:image\" content=\"https:\/\/chemgramx.com\/wp-content\/uploads\/2024\/10\/7-ABF.png\" \/>\n\t<meta property=\"og:image:width\" content=\"414\" \/>\n\t<meta property=\"og:image:height\" content=\"369\" \/>\n\t<meta property=\"og:image:type\" content=\"image\/png\" \/>\n<meta name=\"twitter:card\" content=\"summary_large_image\" \/>\n<meta name=\"twitter:label1\" content=\"Becs\u00fclt olvas\u00e1si id\u0151\" \/>\n\t<meta name=\"twitter:data1\" content=\"2 perc\" \/>\n<script type=\"application\/ld+json\" class=\"yoast-schema-graph\">{\"@context\":\"https:\/\/schema.org\",\"@graph\":[{\"@type\":\"WebPage\",\"@id\":\"https:\/\/chemgramx.com\/product\/7-abf\/\",\"url\":\"https:\/\/chemgramx.com\/product\/7-abf\/\",\"name\":\"7-ABF online kaufen \u2013 7-ABF zu verkaufen | chemgramx\",\"isPartOf\":{\"@id\":\"https:\/\/chemgramx.com\/#website\"},\"primaryImageOfPage\":{\"@id\":\"https:\/\/chemgramx.com\/product\/7-abf\/#primaryimage\"},\"image\":{\"@id\":\"https:\/\/chemgramx.com\/product\/7-abf\/#primaryimage\"},\"thumbnailUrl\":\"https:\/\/chemgramx.com\/wp-content\/uploads\/2024\/10\/7-ABF.png\",\"datePublished\":\"2024-10-23T00:26:12+00:00\",\"dateModified\":\"2025-10-15T11:21:03+00:00\",\"description\":\"Sie k\u00f6nnen mit unserem Chemgramx-Onlineshop Kontakt aufnehmen und 7-abf online kaufen. Sie k\u00f6nnen 7-abf zu g\u00fcnstigen Preisen kaufen. Jetzt bestellen!\",\"breadcrumb\":{\"@id\":\"https:\/\/chemgramx.com\/product\/7-abf\/#breadcrumb\"},\"inLanguage\":\"hu\",\"potentialAction\":[{\"@type\":\"ReadAction\",\"target\":[\"https:\/\/chemgramx.com\/product\/7-abf\/\"]}]},{\"@type\":\"ImageObject\",\"inLanguage\":\"hu\",\"@id\":\"https:\/\/chemgramx.com\/product\/7-abf\/#primaryimage\",\"url\":\"https:\/\/chemgramx.com\/wp-content\/uploads\/2024\/10\/7-ABF.png\",\"contentUrl\":\"https:\/\/chemgramx.com\/wp-content\/uploads\/2024\/10\/7-ABF.png\",\"width\":414,\"height\":369,\"caption\":\"7-ABF online kaufen\"},{\"@type\":\"BreadcrumbList\",\"@id\":\"https:\/\/chemgramx.com\/product\/7-abf\/#breadcrumb\",\"itemListElement\":[{\"@type\":\"ListItem\",\"position\":1,\"name\":\"Home\",\"item\":\"https:\/\/chemgramx.com\/\"},{\"@type\":\"ListItem\",\"position\":2,\"name\":\"Shop\",\"item\":\"https:\/\/chemgramx.com\/shop\/\"},{\"@type\":\"ListItem\",\"position\":3,\"name\":\"7-ABF online kaufen\"}]},{\"@type\":\"WebSite\",\"@id\":\"https:\/\/chemgramx.com\/#website\",\"url\":\"https:\/\/chemgramx.com\/\",\"name\":\"Chemgramx\",\"description\":\"\",\"publisher\":{\"@id\":\"https:\/\/chemgramx.com\/#organization\"},\"potentialAction\":[{\"@type\":\"SearchAction\",\"target\":{\"@type\":\"EntryPoint\",\"urlTemplate\":\"https:\/\/chemgramx.com\/?s={search_term_string}\"},\"query-input\":{\"@type\":\"PropertyValueSpecification\",\"valueRequired\":true,\"valueName\":\"search_term_string\"}}],\"inLanguage\":\"hu\"},{\"@type\":\"Organization\",\"@id\":\"https:\/\/chemgramx.com\/#organization\",\"name\":\"Chemgramx\",\"url\":\"https:\/\/chemgramx.com\/\",\"logo\":{\"@type\":\"ImageObject\",\"inLanguage\":\"hu\",\"@id\":\"https:\/\/chemgramx.com\/#\/schema\/logo\/image\/\",\"url\":\"https:\/\/chemgramx.com\/wp-content\/uploads\/2024\/10\/final-logo.png\",\"contentUrl\":\"https:\/\/chemgramx.com\/wp-content\/uploads\/2024\/10\/final-logo.png\",\"width\":250,\"height\":48,\"caption\":\"Chemgramx\"},\"image\":{\"@id\":\"https:\/\/chemgramx.com\/#\/schema\/logo\/image\/\"}}]}<\/script>\n<!-- \/ Yoast SEO plugin. -->","yoast_head_json":{"title":"7-ABF online kaufen \u2013 7-ABF zu verkaufen | chemgramx","description":"Sie k\u00f6nnen mit unserem Chemgramx-Onlineshop Kontakt aufnehmen und 7-abf online kaufen. Sie k\u00f6nnen 7-abf zu g\u00fcnstigen Preisen kaufen. Jetzt bestellen!","robots":{"index":"index","follow":"follow","max-snippet":"max-snippet:-1","max-image-preview":"max-image-preview:large","max-video-preview":"max-video-preview:-1"},"canonical":"https:\/\/chemgramx.com\/hu\/product\/7-abf\/","og_locale":"hu_HU","og_type":"article","og_title":"7-ABF online kaufen \u2013 7-ABF zu verkaufen | chemgramx","og_description":"Sie k\u00f6nnen mit unserem Chemgramx-Onlineshop Kontakt aufnehmen und 7-abf online kaufen. Sie k\u00f6nnen 7-abf zu g\u00fcnstigen Preisen kaufen. Jetzt bestellen!","og_url":"https:\/\/chemgramx.com\/hu\/product\/7-abf\/","og_site_name":"Chemgramx","article_modified_time":"2025-10-15T11:21:03+00:00","og_image":[{"width":414,"height":369,"url":"https:\/\/chemgramx.com\/wp-content\/uploads\/2024\/10\/7-ABF.png","type":"image\/png"}],"twitter_card":"summary_large_image","twitter_misc":{"Becs\u00fclt olvas\u00e1si id\u0151":"2 perc"},"schema":{"@context":"https:\/\/schema.org","@graph":[{"@type":"WebPage","@id":"https:\/\/chemgramx.com\/product\/7-abf\/","url":"https:\/\/chemgramx.com\/product\/7-abf\/","name":"7-ABF online kaufen \u2013 7-ABF zu verkaufen | chemgramx","isPartOf":{"@id":"https:\/\/chemgramx.com\/#website"},"primaryImageOfPage":{"@id":"https:\/\/chemgramx.com\/product\/7-abf\/#primaryimage"},"image":{"@id":"https:\/\/chemgramx.com\/product\/7-abf\/#primaryimage"},"thumbnailUrl":"https:\/\/chemgramx.com\/wp-content\/uploads\/2024\/10\/7-ABF.png","datePublished":"2024-10-23T00:26:12+00:00","dateModified":"2025-10-15T11:21:03+00:00","description":"Sie k\u00f6nnen mit unserem Chemgramx-Onlineshop Kontakt aufnehmen und 7-abf online kaufen. Sie k\u00f6nnen 7-abf zu g\u00fcnstigen Preisen kaufen. Jetzt bestellen!","breadcrumb":{"@id":"https:\/\/chemgramx.com\/product\/7-abf\/#breadcrumb"},"inLanguage":"hu","potentialAction":[{"@type":"ReadAction","target":["https:\/\/chemgramx.com\/product\/7-abf\/"]}]},{"@type":"ImageObject","inLanguage":"hu","@id":"https:\/\/chemgramx.com\/product\/7-abf\/#primaryimage","url":"https:\/\/chemgramx.com\/wp-content\/uploads\/2024\/10\/7-ABF.png","contentUrl":"https:\/\/chemgramx.com\/wp-content\/uploads\/2024\/10\/7-ABF.png","width":414,"height":369,"caption":"7-ABF online kaufen"},{"@type":"BreadcrumbList","@id":"https:\/\/chemgramx.com\/product\/7-abf\/#breadcrumb","itemListElement":[{"@type":"ListItem","position":1,"name":"Home","item":"https:\/\/chemgramx.com\/"},{"@type":"ListItem","position":2,"name":"Shop","item":"https:\/\/chemgramx.com\/shop\/"},{"@type":"ListItem","position":3,"name":"7-ABF online kaufen"}]},{"@type":"WebSite","@id":"https:\/\/chemgramx.com\/#website","url":"https:\/\/chemgramx.com\/","name":"Chemgramx","description":"","publisher":{"@id":"https:\/\/chemgramx.com\/#organization"},"potentialAction":[{"@type":"SearchAction","target":{"@type":"EntryPoint","urlTemplate":"https:\/\/chemgramx.com\/?s={search_term_string}"},"query-input":{"@type":"PropertyValueSpecification","valueRequired":true,"valueName":"search_term_string"}}],"inLanguage":"hu"},{"@type":"Organization","@id":"https:\/\/chemgramx.com\/#organization","name":"Chemgramx","url":"https:\/\/chemgramx.com\/","logo":{"@type":"ImageObject","inLanguage":"hu","@id":"https:\/\/chemgramx.com\/#\/schema\/logo\/image\/","url":"https:\/\/chemgramx.com\/wp-content\/uploads\/2024\/10\/final-logo.png","contentUrl":"https:\/\/chemgramx.com\/wp-content\/uploads\/2024\/10\/final-logo.png","width":250,"height":48,"caption":"Chemgramx"},"image":{"@id":"https:\/\/chemgramx.com\/#\/schema\/logo\/image\/"}}]}},"_links":{"self":[{"href":"https:\/\/chemgramx.com\/hu\/wp-json\/wp\/v2\/product\/775","targetHints":{"allow":["GET"]}}],"collection":[{"href":"https:\/\/chemgramx.com\/hu\/wp-json\/wp\/v2\/product"}],"about":[{"href":"https:\/\/chemgramx.com\/hu\/wp-json\/wp\/v2\/types\/product"}],"replies":[{"embeddable":true,"href":"https:\/\/chemgramx.com\/hu\/wp-json\/wp\/v2\/comments?post=775"}],"wp:featuredmedia":[{"embeddable":true,"href":"https:\/\/chemgramx.com\/hu\/wp-json\/wp\/v2\/media\/776"}],"wp:attachment":[{"href":"https:\/\/chemgramx.com\/hu\/wp-json\/wp\/v2\/media?parent=775"}],"wp:term":[{"taxonomy":"product_brand","embeddable":true,"href":"https:\/\/chemgramx.com\/hu\/wp-json\/wp\/v2\/product_brand?post=775"},{"taxonomy":"product_cat","embeddable":true,"href":"https:\/\/chemgramx.com\/hu\/wp-json\/wp\/v2\/product_cat?post=775"},{"taxonomy":"product_tag","embeddable":true,"href":"https:\/\/chemgramx.com\/hu\/wp-json\/wp\/v2\/product_tag?post=775"}],"curies":[{"name":"wp","href":"https:\/\/api.w.org\/{rel}","templated":true}]}}