{"id":7801,"date":"2025-11-21T11:21:27","date_gmt":"2025-11-21T11:21:27","guid":{"rendered":"https:\/\/chemgramx.com\/?post_type=product&#038;p=7801"},"modified":"2025-11-21T11:23:48","modified_gmt":"2025-11-21T11:23:48","slug":"legalis-pszichedelikumok-vasarlasa","status":"publish","type":"product","link":"https:\/\/chemgramx.com\/hu\/product\/legal-psychedelics-kaufen\/","title":{"rendered":"V\u00e1s\u00e1roljon jogi pszichedelikus szereket"},"content":{"rendered":"<p class=\"ds-markdown-paragraph\">Fedezze fel a pszichedelikumok vil\u00e1g\u00e1t jogi agg\u00e1lyok n\u00e9lk\u00fcl. \u00dczlet\u00fcnk gondosan \u00f6ssze\u00e1ll\u00edtott v\u00e1laszt\u00e9kot k\u00edn\u00e1l leg\u00e1lis, pszichedelikus tulajdons\u00e1gokkal rendelkez\u0151 anyagokb\u00f3l \u2013 a kutat\u00e1si vegyi anyagokt\u00f3l a kiv\u00e1l\u00f3 min\u0151s\u00e9g\u0171 n\u00f6v\u00e9nyi kivonatokig. Minden term\u00e9k szigor\u00fa min\u0151s\u00e9g-ellen\u0151rz\u00e9sen esik \u00e1t.<\/p>\n<h2 class=\"ds-markdown-paragraph\"><strong>Mi\u00e9rt leg\u00e1lis pszichedelikumok?<\/strong><\/h2>\n<ul>\n<li>\n<p class=\"ds-markdown-paragraph\"><strong>Jogbiztons\u00e1g:<\/strong>\u00a0Minden term\u00e9k megfelel a n\u00e9met k\u00e1b\u00edt\u00f3szer-t\u00f6rv\u00e9nynek.<\/p>\n<\/li>\n<li>\n<p class=\"ds-markdown-paragraph\"><strong>\u00c1tl\u00e1that\u00f3 elemz\u00e9sek:<\/strong>\u00a0Laborat\u00f3riumi tan\u00fas\u00edtv\u00e1nyok a tisztas\u00e1gr\u00f3l \u00e9s az \u00f6sszet\u00e9telr\u0151l<\/p>\n<\/li>\n<li>\n<p class=\"ds-markdown-paragraph\"><strong>Modern hat\u00f3anyagok:<\/strong>\u00a0Aktu\u00e1lis kutat\u00e1si vegyi anyagok kutatott profilokkal<\/p>\n<\/li>\n<li>\n<p class=\"ds-markdown-paragraph\"><strong>Sokoldal\u00fa felhaszn\u00e1l\u00e1si lehet\u0151s\u00e9gek:<\/strong>\u00a0A mikrod\u00f3zist\u00f3l a tudatos \u00e9lm\u00e9nyekig<\/p>\n<\/li>\n<\/ul>\n<h2 class=\"ds-markdown-paragraph\"><strong>Leg\u00e1lis term\u00e9kportf\u00f3li\u00f3nk<\/strong><\/h2>\n<h3 class=\"ds-markdown-paragraph\"><strong>1. Kutat\u00e1si vegyszerek<\/strong><\/h3>\n<ul>\n<li>\n<p class=\"ds-markdown-paragraph\"><strong>1D-LSD blotter:<\/strong>\u00a0A leg\u00e1lis LSD-sz\u00e1rmaz\u00e9k vizu\u00e1lis \u00e9s kognit\u00edv \u00e9lm\u00e9nyekhez<\/p>\n<\/li>\n<li>\n<p class=\"ds-markdown-paragraph\"><strong>Kutat\u00e1si vegyszerek:<\/strong>\u00a0Tov\u00e1bbi jogi kapcsolatok a tudom\u00e1nyos kutat\u00e1s ter\u00fclet\u00e9n<\/p>\n<\/li>\n<\/ul>\n<h3 class=\"ds-markdown-paragraph\"><strong>2. N\u00f6v\u00e9nyi pszichedelikumok<\/strong><\/h3>\n<ul>\n<li>\n<p class=\"ds-markdown-paragraph\"><strong>Ayahuasca-anal\u00f3gok:<\/strong>\u00a0Hasonl\u00f3 hat\u00e1st kifejt\u0151 leg\u00e1lis n\u00f6v\u00e9nyi kever\u00e9kek<\/p>\n<\/li>\n<li>\n<p class=\"ds-markdown-paragraph\"><strong>San Pedro kivonatok:<\/strong>\u00a0Meskalin-tartalm\u00fa kaktusz kivonatok<\/p>\n<\/li>\n<li>\n<p class=\"ds-markdown-paragraph\"><strong>Afrikai n\u00f6v\u00e9nyek:<\/strong>\u00a0Hagyom\u00e1nyos tudatm\u00f3dos\u00edt\u00f3 n\u00f6v\u00e9nyi anyagok<\/p>\n<\/li>\n<\/ul>\n<h3 class=\"ds-markdown-paragraph\"><strong>3. Mikrod\u00f3zis\u00fa term\u00e9kek<\/strong><\/h3>\n<ul>\n<li>\n<p class=\"ds-markdown-paragraph\"><strong>Mikroadagol\u00e1s\u00fa kapszul\u00e1k:<\/strong>\u00a0Pontosan adagolt kognit\u00edv teljes\u00edtm\u00e9nyfokoz\u00e1shoz<\/p>\n<\/li>\n<li>\n<p class=\"ds-markdown-paragraph\"><strong>Lion\u2019s Mane kivonatok:<\/strong>\u00a0Neurotr\u00f3fikus gomb\u00e1k a koncentr\u00e1ci\u00f3 \u00e9s a tisztas\u00e1g \u00e9rdek\u00e9ben<\/p>\n<\/li>\n<li>\n<p class=\"ds-markdown-paragraph\"><strong>Adaptog\u00e9n kever\u00e9kek:<\/strong>\u00a0N\u00f6v\u00e9nyi kombin\u00e1ci\u00f3k a ment\u00e1lis egyens\u00falyhoz<\/p>\n<\/li>\n<\/ul>\n<h2 class=\"ds-markdown-paragraph\"><strong>Mik azok a leg\u00e1lis pszichedelikumok?<\/strong><\/h2>\n<p class=\"ds-markdown-paragraph\">A leg\u00e1lis pszichedelikumok olyan tudatm\u00f3dos\u00edt\u00f3 tulajdons\u00e1gokkal rendelkez\u0151 anyagok, amelyek nem tartoznak a k\u00e1b\u00edt\u00f3szer-t\u00f6rv\u00e9ny hat\u00e1lya al\u00e1. Ide tartoznak:<\/p>\n<ul>\n<li>\n<p class=\"ds-markdown-paragraph\">\u00dajonnan kifejlesztett kutat\u00e1si vegyszerek<\/p>\n<\/li>\n<li>\n<p class=\"ds-markdown-paragraph\">Hagyom\u00e1nyos n\u00f6v\u00e9nyek enyh\u00e9bb hat\u00e1ssal<\/p>\n<\/li>\n<li>\n<p class=\"ds-markdown-paragraph\">Leg\u00e1lis pszichedelikus hat\u00e1s\u00fa n\u00f6v\u00e9nyi anyagok<\/p>\n<\/li>\n<li>\n<p class=\"ds-markdown-paragraph\">Mikrod\u00f3zis\u00fa k\u00e9sz\u00edtm\u00e9nyek<\/p>\n<\/li>\n<\/ul>\n<h2 class=\"ds-markdown-paragraph\"><strong>Biztons\u00e1g \u00e9s felel\u0151ss\u00e9g<\/strong><\/h2>\n<h3 class=\"ds-markdown-paragraph\">A leg\u00e1lis anyagokra is \u00e9rv\u00e9nyes:<\/h3>\n<ul>\n<li>\n<p class=\"ds-markdown-paragraph\"><strong>Tartsa be az adagol\u00e1st:<\/strong>\u00a0Mindig a legalacsonyabb adaggal kezdje!<\/p>\n<\/li>\n<li>\n<p class=\"ds-markdown-paragraph\"><strong>K\u00e9szlet \u00e9s be\u00e1ll\u00edt\u00e1s:<\/strong>\u00a0Csak biztons\u00e1gos k\u00f6rnyezetben \u00e9s pozit\u00edv hangulatban<\/p>\n<\/li>\n<li>\n<p class=\"ds-markdown-paragraph\"><strong>Ellenjavallatok:<\/strong>\u00a0Pszich\u00e9s betegs\u00e9gek eset\u00e9n \u00e1ltal\u00e1ban ker\u00fclni kell<\/p>\n<\/li>\n<li>\n<p class=\"ds-markdown-paragraph\"><strong>Korhat\u00e1r:<\/strong>\u00a0Csak 18 \u00e9v feletti feln\u0151tteknek<\/p>\n<\/li>\n<\/ul>\n<h3 class=\"ds-markdown-paragraph\"><strong>Hogyan rendelhet t\u0151l\u00fcnk<\/strong><\/h3>\n<ol start=\"1\">\n<li>\n<p class=\"ds-markdown-paragraph\"><strong>Term\u00e9kv\u00e1laszt\u00e9k:<\/strong>\u00a0V\u00e1lasszon leg\u00e1lis term\u00e9kv\u00e1laszt\u00e9kunkb\u00f3l<\/p>\n<\/li>\n<li>\n<p class=\"ds-markdown-paragraph\"><strong>Adagol\u00e1s kiv\u00e1laszt\u00e1sa:<\/strong>\u00a0K\u00fcl\u00f6nb\u00f6z\u0151 vastags\u00e1gok \u00e9s mennyis\u00e9gek \u00e1llnak rendelkez\u00e9sre<\/p>\n<\/li>\n<li>\n<p class=\"ds-markdown-paragraph\"><strong>Biztons\u00e1gos fizet\u00e9s:<\/strong>\u00a0Titkos\u00edtott fizet\u00e9si feldolgoz\u00e1s<\/p>\n<\/li>\n<li>\n<p class=\"ds-markdown-paragraph\"><strong>Diszkr\u00e9t sz\u00e1ll\u00edt\u00e1s:<\/strong>\u00a0Semleges csomagol\u00e1s DHL vagy DPD sz\u00e1ll\u00edt\u00e1ssal<\/p>\n<\/li>\n<\/ol>\n<h2 class=\"ds-markdown-paragraph\"><strong>Gyakran ism\u00e9telt k\u00e9rd\u00e9sek (GYIK)<\/strong><\/h2>\n<p class=\"ds-markdown-paragraph\"><strong>K: Val\u00f3ban leg\u00e1lisak az \u00f6sszes term\u00e9k?<\/strong><br \/>\nA: Igen, az \u00f6sszes k\u00edn\u00e1lt anyag megfelel a jelenlegi n\u00e9met jogszab\u00e1lyoknak \u00e9s 100% leg\u00e1lis.<\/p>\n<p class=\"ds-markdown-paragraph\"><strong>K: Hogyan hatnak a leg\u00e1lis pszichedelikumok \u00f6sszehasonl\u00edt\u00e1sban?<\/strong><br \/>\nA: A hat\u00e1s hasonl\u00f3 lehet, de gyakran enyh\u00e9bb \u00e9s r\u00f6videbb, mint a <a href=\"https:\/\/chemgramx.com\/product\/pills-online-kaufen\/\">klasszikus<\/a> Pszichedelikumok.<\/p>\n<p class=\"ds-markdown-paragraph\"><strong>K: Az elemz\u00e9si tan\u00fas\u00edtv\u00e1nyokat is mell\u00e9kelik?<\/strong><br \/>\nA: Igen, k\u00e9r\u00e9sre minden term\u00e9khez laborat\u00f3riumi elemz\u00e9seket biztos\u00edtunk.<\/p>\n<p class=\"ds-markdown-paragraph\"><strong>K: Mikrod\u00f3zisban is szedhetem a term\u00e9keket?<\/strong><br \/>\nV: Sz\u00e1mos term\u00e9k\u00fcnk kiv\u00e1l\u00f3an alkalmas mikrod\u00f3zis\u00fa protokollokhoz.<\/p>\n<p class=\"ds-markdown-paragraph\"><strong>K: Mennyi az \u00e1tfut\u00e1si id\u0151?<\/strong><br \/>\nA: Sz\u00e1ll\u00edt\u00e1s N\u00e9metorsz\u00e1gon bel\u00fcl 1-2 munkanapon bel\u00fcl, az EU-n bel\u00fcl 3-5 napon bel\u00fcl.<\/p>\n<p class=\"ds-markdown-paragraph\"><strong>Mi\u00e9rt vagy n\u00e1lunk biztons\u00e1gban?<\/strong><\/p>\n<ul>\n<li>\n<p class=\"ds-markdown-paragraph\"><strong>Jogbiztons\u00e1g:<\/strong>\u00a0Minden term\u00e9k megfelel a hat\u00e1lyos jogszab\u00e1lyoknak.<\/p>\n<\/li>\n<li>\n<p class=\"ds-markdown-paragraph\"><strong>Min\u0151s\u00e9gellen\u0151rz\u00e9s:<\/strong>\u00a0Minden t\u00e9tel rendszeres laborat\u00f3riumi elemz\u00e9se<\/p>\n<\/li>\n<li>\n<p class=\"ds-markdown-paragraph\"><strong>Diszkr\u00e9ci\u00f3:<\/strong>\u00a0Abszol\u00fat titoktart\u00e1s \u00e9s semleges csomagol\u00e1s<\/p>\n<\/li>\n<li>\n<p class=\"ds-markdown-paragraph\"><strong>Szak\u00e9rtelem:<\/strong>\u00a0\u00c9vek \u00f3ta tart\u00f3 tapasztalat a leg\u00e1lis pszichedelikumokkal<\/p>\n<\/li>\n<\/ul>\n<p class=\"ds-markdown-paragraph\"><strong>Kezdd meg leg\u00e1lis utaz\u00e1sodat!<\/strong><\/p>\n<p class=\"ds-markdown-paragraph\">Ak\u00e1r mikrod\u00f3zisban szeretn\u00e9l fogyasztani, n\u00f6v\u00e9nyi alternat\u00edv\u00e1kat keresel, vagy kutat\u00e1si vegyszerekkel szeretn\u00e9l k\u00eds\u00e9rletezni \u2013 n\u00e1lunk kiv\u00e1l\u00f3 min\u0151s\u00e9g\u0171 \u00e9s jogilag biztons\u00e1gos term\u00e9keket tal\u00e1lsz.<\/p>","protected":false},"excerpt":{"rendered":"<p>Fedezze fel a 100% pr\u00e9mium min\u0151s\u00e9g\u0171, leg\u00e1lis pszichedelikumokat. K\u00edn\u00e1latunkban olyan kutat\u00e1si vegyszerek tal\u00e1lhat\u00f3k, mint az 1D-LSD, n\u00f6v\u00e9nyi kivonatok \u00e9s mikrod\u00f3zis\u00fa term\u00e9kek. Minden term\u00e9k laborat\u00f3riumban tesztelt, azonnal sz\u00e1ll\u00edthat\u00f3.<\/p>","protected":false},"featured_media":7805,"comment_status":"open","ping_status":"closed","template":"","meta":{"_joinchat":[]},"product_brand":[],"product_cat":[3192],"product_tag":[2868,2887,2879,2883,2884,2886,2865,2885,2870,1784],"class_list":{"0":"post-7801","1":"product","2":"type-product","3":"status-publish","4":"has-post-thumbnail","6":"product_cat-ketamine","7":"product_tag-1d-lsd","8":"product_tag-ayahuasca-alternativen","9":"product_tag-bewusstseinserweiternd","10":"product_tag-legal-psychedelics","11":"product_tag-legale-psychedelika-kaufen","12":"product_tag-legale-rauschmittel","13":"product_tag-mikrodosierung","14":"product_tag-pflanzliche-psychedelika","15":"product_tag-psychoaktiv","16":"product_tag-research-chemicals","18":"first","19":"instock","20":"shipping-taxable","21":"purchasable","22":"product-type-variable"},"yoast_head":"<!-- This site is optimized with the Yoast SEO plugin v27.5 - https:\/\/yoast.com\/product\/yoast-seo-wordpress\/ -->\n<title>Legal Psychedelics Kaufen | 100% Legal &amp; Laborgepr\u00fcft Chemgramx<\/title>\n<meta name=\"description\" content=\"Legal Psychedelics kaufen mit Qualit\u00e4tsgarantie. 1D-LSD, botanische Extrakte &amp; Research Chemicals. Diskret, sicher &amp; schneller Versand. Jetzt entdecken!\" \/>\n<meta name=\"robots\" content=\"index, follow, max-snippet:-1, max-image-preview:large, max-video-preview:-1\" \/>\n<link rel=\"canonical\" href=\"https:\/\/chemgramx.com\/hu\/termek-1\/legalis-pszichedelikumok-vasarlasa\/\" \/>\n<meta property=\"og:locale\" content=\"hu_HU\" \/>\n<meta property=\"og:type\" content=\"article\" \/>\n<meta property=\"og:title\" content=\"Legal Psychedelics Kaufen | 100% Legal &amp; Laborgepr\u00fcft Chemgramx\" \/>\n<meta property=\"og:description\" content=\"Legal Psychedelics kaufen mit Qualit\u00e4tsgarantie. 1D-LSD, botanische Extrakte &amp; Research Chemicals. Diskret, sicher &amp; schneller Versand. Jetzt entdecken!\" \/>\n<meta property=\"og:url\" content=\"https:\/\/chemgramx.com\/hu\/termek-1\/legalis-pszichedelikumok-vasarlasa\/\" \/>\n<meta property=\"og:site_name\" content=\"Chemgramx\" \/>\n<meta property=\"article:modified_time\" content=\"2025-11-21T11:23:48+00:00\" \/>\n<meta property=\"og:image\" content=\"https:\/\/chemgramx.com\/wp-content\/uploads\/2025\/11\/legal-psychedelics-2025-buy-legal-psychedelics-online-in-usa-uk-medibo-1024x683.png\" \/>\n\t<meta property=\"og:image:width\" content=\"1024\" \/>\n\t<meta property=\"og:image:height\" content=\"683\" \/>\n\t<meta property=\"og:image:type\" content=\"image\/png\" \/>\n<meta name=\"twitter:card\" content=\"summary_large_image\" \/>\n<meta name=\"twitter:label1\" content=\"Becs\u00fclt olvas\u00e1si id\u0151\" \/>\n\t<meta name=\"twitter:data1\" content=\"2 perc\" \/>\n<script type=\"application\/ld+json\" class=\"yoast-schema-graph\">{\"@context\":\"https:\\\/\\\/schema.org\",\"@graph\":[{\"@type\":\"WebPage\",\"@id\":\"https:\\\/\\\/chemgramx.com\\\/product\\\/legal-psychedelics-kaufen\\\/\",\"url\":\"https:\\\/\\\/chemgramx.com\\\/product\\\/legal-psychedelics-kaufen\\\/\",\"name\":\"Legal Psychedelics Kaufen | 100% Legal &amp; Laborgepr\u00fcft Chemgramx\",\"isPartOf\":{\"@id\":\"https:\\\/\\\/chemgramx.com\\\/#website\"},\"primaryImageOfPage\":{\"@id\":\"https:\\\/\\\/chemgramx.com\\\/product\\\/legal-psychedelics-kaufen\\\/#primaryimage\"},\"image\":{\"@id\":\"https:\\\/\\\/chemgramx.com\\\/product\\\/legal-psychedelics-kaufen\\\/#primaryimage\"},\"thumbnailUrl\":\"https:\\\/\\\/chemgramx.com\\\/wp-content\\\/uploads\\\/2025\\\/11\\\/legal-psychedelics-2025-buy-legal-psychedelics-online-in-usa-uk-medibo.png\",\"datePublished\":\"2025-11-21T11:21:27+00:00\",\"dateModified\":\"2025-11-21T11:23:48+00:00\",\"description\":\"Legal Psychedelics kaufen mit Qualit\u00e4tsgarantie. 1D-LSD, botanische Extrakte &amp; Research Chemicals. Diskret, sicher &amp; schneller Versand. Jetzt entdecken!\",\"breadcrumb\":{\"@id\":\"https:\\\/\\\/chemgramx.com\\\/product\\\/legal-psychedelics-kaufen\\\/#breadcrumb\"},\"inLanguage\":\"hu\",\"potentialAction\":[{\"@type\":\"ReadAction\",\"target\":[\"https:\\\/\\\/chemgramx.com\\\/product\\\/legal-psychedelics-kaufen\\\/\"]}]},{\"@type\":\"ImageObject\",\"inLanguage\":\"hu\",\"@id\":\"https:\\\/\\\/chemgramx.com\\\/product\\\/legal-psychedelics-kaufen\\\/#primaryimage\",\"url\":\"https:\\\/\\\/chemgramx.com\\\/wp-content\\\/uploads\\\/2025\\\/11\\\/legal-psychedelics-2025-buy-legal-psychedelics-online-in-usa-uk-medibo.png\",\"contentUrl\":\"https:\\\/\\\/chemgramx.com\\\/wp-content\\\/uploads\\\/2025\\\/11\\\/legal-psychedelics-2025-buy-legal-psychedelics-online-in-usa-uk-medibo.png\",\"width\":1536,\"height\":1024},{\"@type\":\"BreadcrumbList\",\"@id\":\"https:\\\/\\\/chemgramx.com\\\/product\\\/legal-psychedelics-kaufen\\\/#breadcrumb\",\"itemListElement\":[{\"@type\":\"ListItem\",\"position\":1,\"name\":\"Home\",\"item\":\"https:\\\/\\\/chemgramx.com\\\/\"},{\"@type\":\"ListItem\",\"position\":2,\"name\":\"Shop\",\"item\":\"https:\\\/\\\/chemgramx.com\\\/shop\\\/\"},{\"@type\":\"ListItem\",\"position\":3,\"name\":\"Legal Psychedelics kaufen\"}]},{\"@type\":\"WebSite\",\"@id\":\"https:\\\/\\\/chemgramx.com\\\/#website\",\"url\":\"https:\\\/\\\/chemgramx.com\\\/\",\"name\":\"Chemgramx\",\"description\":\"\",\"publisher\":{\"@id\":\"https:\\\/\\\/chemgramx.com\\\/#organization\"},\"potentialAction\":[{\"@type\":\"SearchAction\",\"target\":{\"@type\":\"EntryPoint\",\"urlTemplate\":\"https:\\\/\\\/chemgramx.com\\\/?s={search_term_string}\"},\"query-input\":{\"@type\":\"PropertyValueSpecification\",\"valueRequired\":true,\"valueName\":\"search_term_string\"}}],\"inLanguage\":\"hu\"},{\"@type\":\"Organization\",\"@id\":\"https:\\\/\\\/chemgramx.com\\\/#organization\",\"name\":\"Chemgramx\",\"url\":\"https:\\\/\\\/chemgramx.com\\\/\",\"logo\":{\"@type\":\"ImageObject\",\"inLanguage\":\"hu\",\"@id\":\"https:\\\/\\\/chemgramx.com\\\/#\\\/schema\\\/logo\\\/image\\\/\",\"url\":\"https:\\\/\\\/chemgramx.com\\\/wp-content\\\/uploads\\\/2024\\\/10\\\/final-logo.png\",\"contentUrl\":\"https:\\\/\\\/chemgramx.com\\\/wp-content\\\/uploads\\\/2024\\\/10\\\/final-logo.png\",\"width\":250,\"height\":48,\"caption\":\"Chemgramx\"},\"image\":{\"@id\":\"https:\\\/\\\/chemgramx.com\\\/#\\\/schema\\\/logo\\\/image\\\/\"}}]}<\/script>\n<!-- \/ Yoast SEO plugin. -->","yoast_head_json":{"title":"Legal Psychedelics Kaufen | 100% Legal &amp; Laborgepr\u00fcft Chemgramx","description":"Legal Psychedelics kaufen mit Qualit\u00e4tsgarantie. 1D-LSD, botanische Extrakte &amp; Research Chemicals. Diskret, sicher &amp; schneller Versand. Jetzt entdecken!","robots":{"index":"index","follow":"follow","max-snippet":"max-snippet:-1","max-image-preview":"max-image-preview:large","max-video-preview":"max-video-preview:-1"},"canonical":"https:\/\/chemgramx.com\/hu\/termek-1\/legalis-pszichedelikumok-vasarlasa\/","og_locale":"hu_HU","og_type":"article","og_title":"Legal Psychedelics Kaufen | 100% Legal &amp; Laborgepr\u00fcft Chemgramx","og_description":"Legal Psychedelics kaufen mit Qualit\u00e4tsgarantie. 1D-LSD, botanische Extrakte &amp; Research Chemicals. Diskret, sicher &amp; schneller Versand. Jetzt entdecken!","og_url":"https:\/\/chemgramx.com\/hu\/termek-1\/legalis-pszichedelikumok-vasarlasa\/","og_site_name":"Chemgramx","article_modified_time":"2025-11-21T11:23:48+00:00","og_image":[{"width":1024,"height":683,"url":"https:\/\/chemgramx.com\/wp-content\/uploads\/2025\/11\/legal-psychedelics-2025-buy-legal-psychedelics-online-in-usa-uk-medibo-1024x683.png","type":"image\/png"}],"twitter_card":"summary_large_image","twitter_misc":{"Becs\u00fclt olvas\u00e1si id\u0151":"2 perc"},"schema":{"@context":"https:\/\/schema.org","@graph":[{"@type":"WebPage","@id":"https:\/\/chemgramx.com\/product\/legal-psychedelics-kaufen\/","url":"https:\/\/chemgramx.com\/product\/legal-psychedelics-kaufen\/","name":"Legal Psychedelics Kaufen | 100% Legal &amp; Laborgepr\u00fcft Chemgramx","isPartOf":{"@id":"https:\/\/chemgramx.com\/#website"},"primaryImageOfPage":{"@id":"https:\/\/chemgramx.com\/product\/legal-psychedelics-kaufen\/#primaryimage"},"image":{"@id":"https:\/\/chemgramx.com\/product\/legal-psychedelics-kaufen\/#primaryimage"},"thumbnailUrl":"https:\/\/chemgramx.com\/wp-content\/uploads\/2025\/11\/legal-psychedelics-2025-buy-legal-psychedelics-online-in-usa-uk-medibo.png","datePublished":"2025-11-21T11:21:27+00:00","dateModified":"2025-11-21T11:23:48+00:00","description":"Legal Psychedelics kaufen mit Qualit\u00e4tsgarantie. 1D-LSD, botanische Extrakte &amp; Research Chemicals. Diskret, sicher &amp; schneller Versand. Jetzt entdecken!","breadcrumb":{"@id":"https:\/\/chemgramx.com\/product\/legal-psychedelics-kaufen\/#breadcrumb"},"inLanguage":"hu","potentialAction":[{"@type":"ReadAction","target":["https:\/\/chemgramx.com\/product\/legal-psychedelics-kaufen\/"]}]},{"@type":"ImageObject","inLanguage":"hu","@id":"https:\/\/chemgramx.com\/product\/legal-psychedelics-kaufen\/#primaryimage","url":"https:\/\/chemgramx.com\/wp-content\/uploads\/2025\/11\/legal-psychedelics-2025-buy-legal-psychedelics-online-in-usa-uk-medibo.png","contentUrl":"https:\/\/chemgramx.com\/wp-content\/uploads\/2025\/11\/legal-psychedelics-2025-buy-legal-psychedelics-online-in-usa-uk-medibo.png","width":1536,"height":1024},{"@type":"BreadcrumbList","@id":"https:\/\/chemgramx.com\/product\/legal-psychedelics-kaufen\/#breadcrumb","itemListElement":[{"@type":"ListItem","position":1,"name":"Home","item":"https:\/\/chemgramx.com\/"},{"@type":"ListItem","position":2,"name":"Shop","item":"https:\/\/chemgramx.com\/shop\/"},{"@type":"ListItem","position":3,"name":"Legal Psychedelics kaufen"}]},{"@type":"WebSite","@id":"https:\/\/chemgramx.com\/#website","url":"https:\/\/chemgramx.com\/","name":"Chemgramx","description":"","publisher":{"@id":"https:\/\/chemgramx.com\/#organization"},"potentialAction":[{"@type":"SearchAction","target":{"@type":"EntryPoint","urlTemplate":"https:\/\/chemgramx.com\/?s={search_term_string}"},"query-input":{"@type":"PropertyValueSpecification","valueRequired":true,"valueName":"search_term_string"}}],"inLanguage":"hu"},{"@type":"Organization","@id":"https:\/\/chemgramx.com\/#organization","name":"Chemgramx","url":"https:\/\/chemgramx.com\/","logo":{"@type":"ImageObject","inLanguage":"hu","@id":"https:\/\/chemgramx.com\/#\/schema\/logo\/image\/","url":"https:\/\/chemgramx.com\/wp-content\/uploads\/2024\/10\/final-logo.png","contentUrl":"https:\/\/chemgramx.com\/wp-content\/uploads\/2024\/10\/final-logo.png","width":250,"height":48,"caption":"Chemgramx"},"image":{"@id":"https:\/\/chemgramx.com\/#\/schema\/logo\/image\/"}}]}},"_links":{"self":[{"href":"https:\/\/chemgramx.com\/hu\/wp-json\/wp\/v2\/product\/7801","targetHints":{"allow":["GET"]}}],"collection":[{"href":"https:\/\/chemgramx.com\/hu\/wp-json\/wp\/v2\/product"}],"about":[{"href":"https:\/\/chemgramx.com\/hu\/wp-json\/wp\/v2\/types\/product"}],"replies":[{"embeddable":true,"href":"https:\/\/chemgramx.com\/hu\/wp-json\/wp\/v2\/comments?post=7801"}],"wp:featuredmedia":[{"embeddable":true,"href":"https:\/\/chemgramx.com\/hu\/wp-json\/wp\/v2\/media\/7805"}],"wp:attachment":[{"href":"https:\/\/chemgramx.com\/hu\/wp-json\/wp\/v2\/media?parent=7801"}],"wp:term":[{"taxonomy":"product_brand","embeddable":true,"href":"https:\/\/chemgramx.com\/hu\/wp-json\/wp\/v2\/product_brand?post=7801"},{"taxonomy":"product_cat","embeddable":true,"href":"https:\/\/chemgramx.com\/hu\/wp-json\/wp\/v2\/product_cat?post=7801"},{"taxonomy":"product_tag","embeddable":true,"href":"https:\/\/chemgramx.com\/hu\/wp-json\/wp\/v2\/product_tag?post=7801"}],"curies":[{"name":"wp","href":"https:\/\/api.w.org\/{rel}","templated":true}]}}