{"id":7803,"date":"2025-11-21T11:21:27","date_gmt":"2025-11-21T11:21:27","guid":{"rendered":"https:\/\/chemgramx.com\/?post_type=product&#038;p=7803"},"modified":"2025-11-21T11:23:48","modified_gmt":"2025-11-21T11:23:48","slug":"vasarolni-varazsgombat","status":"publish","type":"product","link":"https:\/\/chemgramx.com\/hu\/product\/magic-mushrooms-kaufen\/","title":{"rendered":"V\u00e1s\u00e1rolj var\u00e1zsgomb\u00e1t"},"content":{"rendered":"<p class=\"ds-markdown-paragraph\">Fedezze fel pr\u00e9mium var\u00e1zsgomb\u00e1inkat - frissen szedett, k\u00edm\u00e9letesen sz\u00e1r\u00edtott \u00e9s kiv\u00e1l\u00f3 min\u0151s\u00e9g\u0171. K\u00fcl\u00f6nb\u00f6z\u0151 pszilocibintartalm\u00fa gombafajt\u00e1kat k\u00edn\u00e1lunk minden tapasztalati szintnek, a gyeng\u00e9d kezd\u0151 fajt\u00e1kt\u00f3l a tapasztalt felhaszn\u00e1l\u00f3knak sz\u00e1nt intenz\u00edv fajt\u00e1kig.<\/p>\n<p class=\"ds-markdown-paragraph\"><strong>Mi jellemzi a var\u00e1zsgomb\u00e1inkat<\/strong><\/p>\n<ul>\n<li>\n<p class=\"ds-markdown-paragraph\"><strong>Frissess\u00e9ggarancia:<\/strong>\u00a0Minden gomb\u00e1t frissen szednek \u00e9s alacsony h\u0151m\u00e9rs\u00e9kleten sz\u00e1r\u00edtanak.<\/p>\n<\/li>\n<li>\n<p class=\"ds-markdown-paragraph\"><strong>Ellen\u0151rz\u00f6tt teny\u00e9szt\u00e9s:<\/strong>\u00a0Gondos, peszticidek n\u00e9lk\u00fcli, optim\u00e1lis k\u00f6r\u00fclm\u00e9nyek k\u00f6z\u00f6tt t\u00f6rt\u00e9n\u0151 teny\u00e9szt\u00e9s<\/p>\n<\/li>\n<li>\n<p class=\"ds-markdown-paragraph\"><strong>Kem\u00e9ny\u00edt\u0151 adatok:<\/strong>\u00a0\u00c1tl\u00e1that\u00f3 hat\u00e1ser\u0151ss\u00e9gc\u00edmk\u00e9z\u00e9s minden egyes fajt\u00e1n\u00e1l<\/p>\n<\/li>\n<li>\n<p class=\"ds-markdown-paragraph\"><strong>Azonnali sz\u00e1ll\u00edt\u00e1si k\u00e9szenl\u00e9t:<\/strong>\u00a0Napi kisz\u00e1ll\u00edt\u00e1s a maxim\u00e1lis frissess\u00e9g \u00e9rdek\u00e9ben<\/p>\n<\/li>\n<\/ul>\n<p class=\"ds-markdown-paragraph\"><strong>Legkelend\u0151bb var\u00e1zsgomba fajt\u00e1ink<\/strong><\/p>\n<p class=\"ds-markdown-paragraph\"><strong>Golden Teacher (kezd\u0151 szint)<\/strong><\/p>\n<ul>\n<li>\n<p class=\"ds-markdown-paragraph\">Gyeng\u00e9d, m\u00e9gis m\u00e9lyrehat\u00f3 hat\u00e1s<\/p>\n<\/li>\n<li>\n<p class=\"ds-markdown-paragraph\">Ide\u00e1lis az els\u0151 pszichedelikus \u00e9lm\u00e9nyekhez<\/p>\n<\/li>\n<li>\n<p class=\"ds-markdown-paragraph\">K\u00fcl\u00f6n\u00f6sen alkalmas spiritu\u00e1lis gyakorlatra<\/p>\n<\/li>\n<\/ul>\n<p class=\"ds-markdown-paragraph\"><strong>McKennaii (K\u00f6zepes)<\/strong><\/p>\n<ul>\n<li>\n<p class=\"ds-markdown-paragraph\">Intenz\u00edv vizu\u00e1lis hat\u00e1sok<\/p>\n<\/li>\n<li>\n<p class=\"ds-markdown-paragraph\">Kreativit\u00e1st fokoz\u00f3 \u00e9s energetiz\u00e1l\u00f3<\/p>\n<\/li>\n<li>\n<p class=\"ds-markdown-paragraph\">N\u00e9pszer\u0171 fajta a tapasztalt felhaszn\u00e1l\u00f3k sz\u00e1m\u00e1ra<\/p>\n<\/li>\n<\/ul>\n<p class=\"ds-markdown-paragraph\"><strong>Penis Irigys\u00e9g (er\u0151s)<\/strong><\/p>\n<ul>\n<li>\n<p class=\"ds-markdown-paragraph\">Er\u0151s hat\u00e1s\u00fa, rendk\u00edv\u00fcl er\u0151s v\u00e1ltozat<\/p>\n<\/li>\n<li>\n<p class=\"ds-markdown-paragraph\">M\u00e9ly elm\u00e9t t\u00e1g\u00edt\u00f3 \u00e9lm\u00e9ny<\/p>\n<\/li>\n<li>\n<p class=\"ds-markdown-paragraph\">Kiz\u00e1r\u00f3lag nagyon tapasztalt felhaszn\u00e1l\u00f3k sz\u00e1m\u00e1ra<\/p>\n<\/li>\n<\/ul>\n<p class=\"ds-markdown-paragraph\"><strong>Mi az a var\u00e1zsgomba?<\/strong><\/p>\n<p class=\"ds-markdown-paragraph\">A var\u00e1zsgomb\u00e1k (pszilocibintartalm\u00fa gomb\u00e1k) a pszilocibin \u00e9s a pszilocin pszichoakt\u00edv vegy\u00fcleteket tartalmazz\u00e1k. A k\u00fcl\u00f6nb\u00f6z\u0151 kult\u00far\u00e1kban \u00e9vezredek \u00f3ta haszn\u00e1lj\u00e1k \u0151ket spiritu\u00e1lis \u00e9s ritu\u00e1lis c\u00e9lokra. A hat\u00e1s a fajt\u00e1t\u00f3l, az adagol\u00e1st\u00f3l \u00e9s a k\u00e9szlett\u0151l\/be\u00e1ll\u00edt\u00e1st\u00f3l f\u00fcgg\u0151en v\u00e1ltozhat.<\/p>\n<p class=\"ds-markdown-paragraph\"><strong>A var\u00e1zsgomba biztons\u00e1gos kezel\u00e9se<\/strong><\/p>\n<p class=\"ds-markdown-paragraph\"><strong>Fontos alapszab\u00e1lyok a pozit\u00edv \u00e9lm\u00e9ny \u00e9rdek\u00e9ben:<\/strong><\/p>\n<ul>\n<li>\n<p class=\"ds-markdown-paragraph\"><strong>K\u00e9szlet \u00e9s be\u00e1ll\u00edt\u00e1s:<\/strong>\u00a0Csak pozit\u00edv hangulatban \u00e9s ismer\u0151s k\u00f6rnyezetben fogyasszon<\/p>\n<\/li>\n<li>\n<p class=\"ds-markdown-paragraph\"><strong>Adagol\u00e1s:<\/strong>\u00a0Kezdje kis mennyis\u00e9ggel (0,5-1 g sz\u00e1r\u00edtott gomba).<\/p>\n<\/li>\n<li>\n<p class=\"ds-markdown-paragraph\"><strong>Tripsitter:<\/strong>\u00a0Mindig legyen veled egy j\u00f3zan t\u00e1rsad.<\/p>\n<\/li>\n<li>\n<p class=\"ds-markdown-paragraph\"><strong>Elegend\u0151 id\u0151:<\/strong>\u00a06-8 \u00f3r\u00e1t tervezzen k\u00f6telezetts\u00e9gek n\u00e9lk\u00fcl<\/p>\n<\/li>\n<\/ul>\n<p class=\"ds-markdown-paragraph\"><strong>Hogyan m\u0171k\u00f6dik a rendel\u00e9s<\/strong><\/p>\n<ol start=\"1\">\n<li>\n<p class=\"ds-markdown-paragraph\"><strong>V\u00e1lasszon fajt\u00e1t:<\/strong>\u00a0V\u00e1lassza ki kedvenc Magic<a href=\"https:\/\/chemgramx.com\/product\/truffles-kaufen\/\"> Gomb\u00e1k<\/a> Variety<\/p>\n<\/li>\n<li>\n<p class=\"ds-markdown-paragraph\"><strong>K\u00e9szletmennyis\u00e9g:<\/strong>\u00a0V\u00e1lasszon 5g, 10g vagy 25g-os csomagok k\u00f6z\u00fcl<\/p>\n<\/li>\n<li>\n<p class=\"ds-markdown-paragraph\"><strong>Diszkr\u00e9t fizet\u00e9s:<\/strong>\u00a0K\u00fcl\u00f6nb\u00f6z\u0151 biztons\u00e1gos fizet\u00e9si m\u00f3dok \u00e1llnak rendelkez\u00e9sre<\/p>\n<\/li>\n<li>\n<p class=\"ds-markdown-paragraph\"><strong>Gyors sz\u00e1ll\u00edt\u00e1s:<\/strong>\u00a0DHL vagy Hermes \u00e1ltal diszkr\u00e9ten csomagolva<\/p>\n<\/li>\n<\/ol>\n<p class=\"ds-markdown-paragraph\"><strong>Gyakran ism\u00e9telt k\u00e9rd\u00e9sek (GYIK)<\/strong><\/p>\n<p class=\"ds-markdown-paragraph\"><strong>K: Milyen gyorsan hat a var\u00e1zsgomba?<\/strong><br \/>\nV: A hat\u00e1s jellemz\u0151en 20-40 perc ut\u00e1n jelentkezik, \u00e9s 4-6 \u00f3r\u00e1n \u00e1t tart.<\/p>\n<p class=\"ds-markdown-paragraph\"><strong>K: Hogyan t\u00e1rolj\u00e1k a gomb\u00e1t?<\/strong><br \/>\nV: Sz\u00e1raz, s\u00f6t\u00e9t \u00e9s h\u0171v\u00f6s helyen, l\u00e9gmentesen z\u00e1r\u00f3d\u00f3 ed\u00e9nyben t\u00e1rolja. H\u00f3napokig eltarthat\u00f3.<\/p>\n<p class=\"ds-markdown-paragraph\"><strong>K: Mi a k\u00fcl\u00f6nbs\u00e9g a friss \u00e9s a sz\u00e1r\u00edtott gomba k\u00f6z\u00f6tt?<\/strong><br \/>\nV: A sz\u00e1r\u00edtott gomb\u00e1k k\u00f6r\u00fclbel\u00fcl 10-szer er\u0151sebbek. 10 g friss gomba kb. 1 g sz\u00e1r\u00edtott gomb\u00e1nak felel meg.<\/p>\n<p class=\"ds-markdown-paragraph\"><strong>K: Leg\u00e1lis a v\u00e1s\u00e1rl\u00e1s N\u00e9metorsz\u00e1gban?<\/strong><br \/>\nV: A pszilocibin a k\u00e1b\u00edt\u00f3szert\u00f6rv\u00e9ny hat\u00e1lya al\u00e1 tartozik. Csak olyan orsz\u00e1gokba sz\u00e1ll\u00edtunk, ahol ez leg\u00e1lis.<\/p>\n<p class=\"ds-markdown-paragraph\"><strong>K: Melyik fajta alkalmas kezd\u0151knek?<\/strong><br \/>\nA: Golden Teacher vagy B+ ide\u00e1lis kezd\u0151knek, mivel gyeng\u00e9d \u00e9s ir\u00e1ny\u00edt\u00f3 hat\u00e1s\u00fa.<\/p>\n<p class=\"ds-markdown-paragraph\"><strong>Mi\u00e9rt \u00e9rdemes t\u0151l\u00fcnk rendelnie<\/strong><\/p>\n<ul>\n<li>\n<p class=\"ds-markdown-paragraph\">H\u00f3napok tapasztalata a termeszt\u00e9s \u00e9s a forgalmaz\u00e1s ter\u00e9n<\/p>\n<\/li>\n<li>\n<p class=\"ds-markdown-paragraph\">Szem\u00e9lyes tan\u00e1csad\u00e1s a v\u00e1s\u00e1rl\u00e1s el\u0151tt \u00e9s ut\u00e1n<\/p>\n<\/li>\n<li>\n<p class=\"ds-markdown-paragraph\">Minden term\u00e9k \u00e1tl\u00e1that\u00f3 eredete<\/p>\n<\/li>\n<li>\n<p class=\"ds-markdown-paragraph\">Diszkr\u00e9ci\u00f3 \u00e9s megb\u00edzhat\u00f3s\u00e1g<\/p>\n<\/li>\n<\/ul>\n<p class=\"ds-markdown-paragraph\"><strong>Kezdje az utaz\u00e1st m\u00e9g ma<\/strong><\/p>\n<p class=\"ds-markdown-paragraph\">Ak\u00e1r az els\u0151 tapasztalatot szeretn\u00e9 megszerezni, ak\u00e1r elm\u00e9ly\u00edteni a gyakorlat\u00e1t, var\u00e1zsgomb\u00e1ink t\u00f6k\u00e9letes alapot ny\u00fajtanak az \u00e1talak\u00edt\u00f3 \u00e9lm\u00e9nyhez.<\/p>","protected":false},"excerpt":{"rendered":"<p>V\u00e1s\u00e1roljon var\u00e1zsgomb\u00e1t frissen \u00e9s diszkr\u00e9ten. Pszilocibintartalm\u00fa gomb\u00e1inkat ellen\u0151rz\u00f6tt m\u00f3don termesztj\u00fck \u00e9s k\u00edm\u00e9letesen sz\u00e1r\u00edtjuk. K\u00fcl\u00f6nb\u00f6z\u0151 er\u0151ss\u00e9gek kezd\u0151knek \u00e9s tapasztalt felhaszn\u00e1l\u00f3knak. Gyors kisz\u00e1ll\u00edt\u00e1s \u00e9s tan\u00e1csad\u00e1s.<\/p>","protected":false},"featured_media":7835,"comment_status":"open","ping_status":"closed","template":"","meta":{"_joinchat":[]},"product_brand":[],"product_cat":[3192],"product_tag":[2879,2880,2876,2873,2878,2881,2877,2874,2882,2875],"class_list":{"0":"post-7803","1":"product","2":"type-product","3":"status-publish","4":"has-post-thumbnail","6":"product_cat-ketamine","7":"product_tag-bewusstseinserweiternd","8":"product_tag-frische-magic-mushrooms","9":"product_tag-magic-mushrooms-deutschland","10":"product_tag-magic-mushrooms-kaufen","11":"product_tag-microdosing-pilze","12":"product_tag-pilze-online-kaufen","13":"product_tag-psilocybe","14":"product_tag-psilocybin-pilze","15":"product_tag-psychedelische-erfahrung","16":"product_tag-psychedelische-pilze","18":"first","19":"instock","20":"shipping-taxable","21":"purchasable","22":"product-type-variable"},"yoast_head":"<!-- This site is optimized with the Yoast SEO plugin v27.5 - https:\/\/yoast.com\/product\/yoast-seo-wordpress\/ -->\n<title>Magic Mushrooms Kaufen | Frisch &amp; Diskret Geliefert Chemgramx<\/title>\n<meta name=\"description\" content=\"Magic Mushrooms kaufen mit Frische-Garantie. Diskret verpackt, schnelle Lieferung &amp; deutsche Qualit\u00e4t. Verschiedene Sorten f\u00fcr bewusste Erfahrungen. Jetzt entdecken!\" \/>\n<meta name=\"robots\" content=\"index, follow, max-snippet:-1, max-image-preview:large, max-video-preview:-1\" \/>\n<link rel=\"canonical\" href=\"https:\/\/chemgramx.com\/hu\/termek-1\/vasarolni-varazsgombat\/\" \/>\n<meta property=\"og:locale\" content=\"hu_HU\" \/>\n<meta property=\"og:type\" content=\"article\" \/>\n<meta property=\"og:title\" content=\"Magic Mushrooms Kaufen | Frisch &amp; Diskret Geliefert Chemgramx\" \/>\n<meta property=\"og:description\" content=\"Magic Mushrooms kaufen mit Frische-Garantie. Diskret verpackt, schnelle Lieferung &amp; deutsche Qualit\u00e4t. Verschiedene Sorten f\u00fcr bewusste Erfahrungen. Jetzt entdecken!\" \/>\n<meta property=\"og:url\" content=\"https:\/\/chemgramx.com\/hu\/termek-1\/vasarolni-varazsgombat\/\" \/>\n<meta property=\"og:site_name\" content=\"Chemgramx\" \/>\n<meta property=\"article:modified_time\" content=\"2025-11-21T11:23:48+00:00\" \/>\n<meta property=\"og:image\" content=\"https:\/\/chemgramx.com\/wp-content\/uploads\/2025\/11\/magic-mushrooms-near-me-effects-types-identification-psilocybin-guide-.png\" \/>\n\t<meta property=\"og:image:width\" content=\"1024\" \/>\n\t<meta property=\"og:image:height\" content=\"1536\" \/>\n\t<meta property=\"og:image:type\" content=\"image\/png\" \/>\n<meta name=\"twitter:card\" content=\"summary_large_image\" \/>\n<meta name=\"twitter:label1\" content=\"Becs\u00fclt olvas\u00e1si id\u0151\" \/>\n\t<meta name=\"twitter:data1\" content=\"2 perc\" \/>\n<script type=\"application\/ld+json\" class=\"yoast-schema-graph\">{\"@context\":\"https:\\\/\\\/schema.org\",\"@graph\":[{\"@type\":\"WebPage\",\"@id\":\"https:\\\/\\\/chemgramx.com\\\/product\\\/magic-mushrooms-kaufen\\\/\",\"url\":\"https:\\\/\\\/chemgramx.com\\\/product\\\/magic-mushrooms-kaufen\\\/\",\"name\":\"Magic Mushrooms Kaufen | Frisch &amp; Diskret Geliefert Chemgramx\",\"isPartOf\":{\"@id\":\"https:\\\/\\\/chemgramx.com\\\/#website\"},\"primaryImageOfPage\":{\"@id\":\"https:\\\/\\\/chemgramx.com\\\/product\\\/magic-mushrooms-kaufen\\\/#primaryimage\"},\"image\":{\"@id\":\"https:\\\/\\\/chemgramx.com\\\/product\\\/magic-mushrooms-kaufen\\\/#primaryimage\"},\"thumbnailUrl\":\"https:\\\/\\\/chemgramx.com\\\/wp-content\\\/uploads\\\/2025\\\/11\\\/magic-mushrooms-near-me-effects-types-identification-psilocybin-guide-.png\",\"datePublished\":\"2025-11-21T11:21:27+00:00\",\"dateModified\":\"2025-11-21T11:23:48+00:00\",\"description\":\"Magic Mushrooms kaufen mit Frische-Garantie. Diskret verpackt, schnelle Lieferung &amp; deutsche Qualit\u00e4t. Verschiedene Sorten f\u00fcr bewusste Erfahrungen. Jetzt entdecken!\",\"breadcrumb\":{\"@id\":\"https:\\\/\\\/chemgramx.com\\\/product\\\/magic-mushrooms-kaufen\\\/#breadcrumb\"},\"inLanguage\":\"hu\",\"potentialAction\":[{\"@type\":\"ReadAction\",\"target\":[\"https:\\\/\\\/chemgramx.com\\\/product\\\/magic-mushrooms-kaufen\\\/\"]}]},{\"@type\":\"ImageObject\",\"inLanguage\":\"hu\",\"@id\":\"https:\\\/\\\/chemgramx.com\\\/product\\\/magic-mushrooms-kaufen\\\/#primaryimage\",\"url\":\"https:\\\/\\\/chemgramx.com\\\/wp-content\\\/uploads\\\/2025\\\/11\\\/magic-mushrooms-near-me-effects-types-identification-psilocybin-guide-.png\",\"contentUrl\":\"https:\\\/\\\/chemgramx.com\\\/wp-content\\\/uploads\\\/2025\\\/11\\\/magic-mushrooms-near-me-effects-types-identification-psilocybin-guide-.png\",\"width\":1024,\"height\":1536},{\"@type\":\"BreadcrumbList\",\"@id\":\"https:\\\/\\\/chemgramx.com\\\/product\\\/magic-mushrooms-kaufen\\\/#breadcrumb\",\"itemListElement\":[{\"@type\":\"ListItem\",\"position\":1,\"name\":\"Home\",\"item\":\"https:\\\/\\\/chemgramx.com\\\/\"},{\"@type\":\"ListItem\",\"position\":2,\"name\":\"Shop\",\"item\":\"https:\\\/\\\/chemgramx.com\\\/shop\\\/\"},{\"@type\":\"ListItem\",\"position\":3,\"name\":\"Magic Mushrooms kaufen\"}]},{\"@type\":\"WebSite\",\"@id\":\"https:\\\/\\\/chemgramx.com\\\/#website\",\"url\":\"https:\\\/\\\/chemgramx.com\\\/\",\"name\":\"Chemgramx\",\"description\":\"\",\"publisher\":{\"@id\":\"https:\\\/\\\/chemgramx.com\\\/#organization\"},\"potentialAction\":[{\"@type\":\"SearchAction\",\"target\":{\"@type\":\"EntryPoint\",\"urlTemplate\":\"https:\\\/\\\/chemgramx.com\\\/?s={search_term_string}\"},\"query-input\":{\"@type\":\"PropertyValueSpecification\",\"valueRequired\":true,\"valueName\":\"search_term_string\"}}],\"inLanguage\":\"hu\"},{\"@type\":\"Organization\",\"@id\":\"https:\\\/\\\/chemgramx.com\\\/#organization\",\"name\":\"Chemgramx\",\"url\":\"https:\\\/\\\/chemgramx.com\\\/\",\"logo\":{\"@type\":\"ImageObject\",\"inLanguage\":\"hu\",\"@id\":\"https:\\\/\\\/chemgramx.com\\\/#\\\/schema\\\/logo\\\/image\\\/\",\"url\":\"https:\\\/\\\/chemgramx.com\\\/wp-content\\\/uploads\\\/2024\\\/10\\\/final-logo.png\",\"contentUrl\":\"https:\\\/\\\/chemgramx.com\\\/wp-content\\\/uploads\\\/2024\\\/10\\\/final-logo.png\",\"width\":250,\"height\":48,\"caption\":\"Chemgramx\"},\"image\":{\"@id\":\"https:\\\/\\\/chemgramx.com\\\/#\\\/schema\\\/logo\\\/image\\\/\"}}]}<\/script>\n<!-- \/ Yoast SEO plugin. -->","yoast_head_json":{"title":"Magic Mushrooms Kaufen | Frisch &amp; Diskret Geliefert Chemgramx","description":"Magic Mushrooms kaufen mit Frische-Garantie. Diskret verpackt, schnelle Lieferung &amp; deutsche Qualit\u00e4t. Verschiedene Sorten f\u00fcr bewusste Erfahrungen. Jetzt entdecken!","robots":{"index":"index","follow":"follow","max-snippet":"max-snippet:-1","max-image-preview":"max-image-preview:large","max-video-preview":"max-video-preview:-1"},"canonical":"https:\/\/chemgramx.com\/hu\/termek-1\/vasarolni-varazsgombat\/","og_locale":"hu_HU","og_type":"article","og_title":"Magic Mushrooms Kaufen | Frisch &amp; Diskret Geliefert Chemgramx","og_description":"Magic Mushrooms kaufen mit Frische-Garantie. Diskret verpackt, schnelle Lieferung &amp; deutsche Qualit\u00e4t. Verschiedene Sorten f\u00fcr bewusste Erfahrungen. Jetzt entdecken!","og_url":"https:\/\/chemgramx.com\/hu\/termek-1\/vasarolni-varazsgombat\/","og_site_name":"Chemgramx","article_modified_time":"2025-11-21T11:23:48+00:00","og_image":[{"width":1024,"height":1536,"url":"https:\/\/chemgramx.com\/wp-content\/uploads\/2025\/11\/magic-mushrooms-near-me-effects-types-identification-psilocybin-guide-.png","type":"image\/png"}],"twitter_card":"summary_large_image","twitter_misc":{"Becs\u00fclt olvas\u00e1si id\u0151":"2 perc"},"schema":{"@context":"https:\/\/schema.org","@graph":[{"@type":"WebPage","@id":"https:\/\/chemgramx.com\/product\/magic-mushrooms-kaufen\/","url":"https:\/\/chemgramx.com\/product\/magic-mushrooms-kaufen\/","name":"Magic Mushrooms Kaufen | Frisch &amp; Diskret Geliefert Chemgramx","isPartOf":{"@id":"https:\/\/chemgramx.com\/#website"},"primaryImageOfPage":{"@id":"https:\/\/chemgramx.com\/product\/magic-mushrooms-kaufen\/#primaryimage"},"image":{"@id":"https:\/\/chemgramx.com\/product\/magic-mushrooms-kaufen\/#primaryimage"},"thumbnailUrl":"https:\/\/chemgramx.com\/wp-content\/uploads\/2025\/11\/magic-mushrooms-near-me-effects-types-identification-psilocybin-guide-.png","datePublished":"2025-11-21T11:21:27+00:00","dateModified":"2025-11-21T11:23:48+00:00","description":"Magic Mushrooms kaufen mit Frische-Garantie. Diskret verpackt, schnelle Lieferung &amp; deutsche Qualit\u00e4t. Verschiedene Sorten f\u00fcr bewusste Erfahrungen. Jetzt entdecken!","breadcrumb":{"@id":"https:\/\/chemgramx.com\/product\/magic-mushrooms-kaufen\/#breadcrumb"},"inLanguage":"hu","potentialAction":[{"@type":"ReadAction","target":["https:\/\/chemgramx.com\/product\/magic-mushrooms-kaufen\/"]}]},{"@type":"ImageObject","inLanguage":"hu","@id":"https:\/\/chemgramx.com\/product\/magic-mushrooms-kaufen\/#primaryimage","url":"https:\/\/chemgramx.com\/wp-content\/uploads\/2025\/11\/magic-mushrooms-near-me-effects-types-identification-psilocybin-guide-.png","contentUrl":"https:\/\/chemgramx.com\/wp-content\/uploads\/2025\/11\/magic-mushrooms-near-me-effects-types-identification-psilocybin-guide-.png","width":1024,"height":1536},{"@type":"BreadcrumbList","@id":"https:\/\/chemgramx.com\/product\/magic-mushrooms-kaufen\/#breadcrumb","itemListElement":[{"@type":"ListItem","position":1,"name":"Home","item":"https:\/\/chemgramx.com\/"},{"@type":"ListItem","position":2,"name":"Shop","item":"https:\/\/chemgramx.com\/shop\/"},{"@type":"ListItem","position":3,"name":"Magic Mushrooms kaufen"}]},{"@type":"WebSite","@id":"https:\/\/chemgramx.com\/#website","url":"https:\/\/chemgramx.com\/","name":"Chemgramx","description":"","publisher":{"@id":"https:\/\/chemgramx.com\/#organization"},"potentialAction":[{"@type":"SearchAction","target":{"@type":"EntryPoint","urlTemplate":"https:\/\/chemgramx.com\/?s={search_term_string}"},"query-input":{"@type":"PropertyValueSpecification","valueRequired":true,"valueName":"search_term_string"}}],"inLanguage":"hu"},{"@type":"Organization","@id":"https:\/\/chemgramx.com\/#organization","name":"Chemgramx","url":"https:\/\/chemgramx.com\/","logo":{"@type":"ImageObject","inLanguage":"hu","@id":"https:\/\/chemgramx.com\/#\/schema\/logo\/image\/","url":"https:\/\/chemgramx.com\/wp-content\/uploads\/2024\/10\/final-logo.png","contentUrl":"https:\/\/chemgramx.com\/wp-content\/uploads\/2024\/10\/final-logo.png","width":250,"height":48,"caption":"Chemgramx"},"image":{"@id":"https:\/\/chemgramx.com\/#\/schema\/logo\/image\/"}}]}},"_links":{"self":[{"href":"https:\/\/chemgramx.com\/hu\/wp-json\/wp\/v2\/product\/7803","targetHints":{"allow":["GET"]}}],"collection":[{"href":"https:\/\/chemgramx.com\/hu\/wp-json\/wp\/v2\/product"}],"about":[{"href":"https:\/\/chemgramx.com\/hu\/wp-json\/wp\/v2\/types\/product"}],"replies":[{"embeddable":true,"href":"https:\/\/chemgramx.com\/hu\/wp-json\/wp\/v2\/comments?post=7803"}],"wp:featuredmedia":[{"embeddable":true,"href":"https:\/\/chemgramx.com\/hu\/wp-json\/wp\/v2\/media\/7835"}],"wp:attachment":[{"href":"https:\/\/chemgramx.com\/hu\/wp-json\/wp\/v2\/media?parent=7803"}],"wp:term":[{"taxonomy":"product_brand","embeddable":true,"href":"https:\/\/chemgramx.com\/hu\/wp-json\/wp\/v2\/product_brand?post=7803"},{"taxonomy":"product_cat","embeddable":true,"href":"https:\/\/chemgramx.com\/hu\/wp-json\/wp\/v2\/product_cat?post=7803"},{"taxonomy":"product_tag","embeddable":true,"href":"https:\/\/chemgramx.com\/hu\/wp-json\/wp\/v2\/product_tag?post=7803"}],"curies":[{"name":"wp","href":"https:\/\/api.w.org\/{rel}","templated":true}]}}