{"id":7807,"date":"2025-11-21T11:21:55","date_gmt":"2025-11-21T11:21:55","guid":{"rendered":"https:\/\/chemgramx.com\/?post_type=product&#038;p=7807"},"modified":"2025-11-21T11:23:48","modified_gmt":"2025-11-21T11:23:48","slug":"vasarolni-gomba-kapszula","status":"publish","type":"product","link":"https:\/\/chemgramx.com\/hu\/product\/mushroom-capsules-kaufen\/","title":{"rendered":"Gomba kapszula v\u00e1s\u00e1rl\u00e1sa"},"content":{"rendered":"<p class=\"ds-markdown-paragraph\">Fedezze fel gombakapszul\u00e1inkat - a diszkr\u00e9t \u00e9s pontos m\u00f3dja annak, hogy \u00e9lvezze a pszilocibintartalm\u00fa gomb\u00e1k tulajdons\u00e1gait. T\u00f6k\u00e9letes mikroadagol\u00e1si protokollokhoz vagy szem\u00e9lyre szabott tudatos \u00e9lm\u00e9nyekhez.<\/p>\n<h2 class=\"ds-markdown-paragraph\"><strong>A gombakapszul\u00e1k el\u0151nyei<\/strong><\/h2>\n<ul>\n<li>\n<p class=\"ds-markdown-paragraph\"><strong>Pontos adagol\u00e1s:<\/strong>\u00a0Egys\u00e9ges hat\u00f3anyag-tartalom minden egyes kapszul\u00e1ban<\/p>\n<\/li>\n<li>\n<p class=\"ds-markdown-paragraph\"><strong>K\u00f6nnyen haszn\u00e1lhat\u00f3:<\/strong>\u00a0Nincs sz\u00fcks\u00e9g m\u00e9rlegel\u00e9sre vagy el\u0151k\u00e9sz\u00edt\u00e9sre<\/p>\n<\/li>\n<li>\n<p class=\"ds-markdown-paragraph\"><strong>Gyomorbar\u00e1t:<\/strong>\u00a0K\u00fcl\u00f6n\u00f6sen j\u00f3l toler\u00e1lhat\u00f3<\/p>\n<\/li>\n<li>\n<p class=\"ds-markdown-paragraph\"><strong>Diszkr\u00e9t \u00e9s praktikus:<\/strong>\u00a0Felt\u0171n\u00e9smentes lenyel\u00e9s menet k\u00f6zben<\/p>\n<\/li>\n<\/ul>\n<h2 class=\"ds-markdown-paragraph\"><strong>Gomba kapszula k\u00edn\u00e1latunk<\/strong><\/h2>\n<h3 class=\"ds-markdown-paragraph\"><strong>Mikroadagol\u00f3 kapszula (0,1g)<\/strong><\/h3>\n<ul>\n<li>\n<p class=\"ds-markdown-paragraph\">T\u00f6k\u00e9letes mikrod\u00f3zis protokollokhoz<\/p>\n<\/li>\n<li>\n<p class=\"ds-markdown-paragraph\">100mg \u0151r\u00f6lt pszilocibint tartalmaz\u00f3 gomb\u00e1t tartalmaz kapszul\u00e1nk\u00e9nt<\/p>\n<\/li>\n<li>\n<p class=\"ds-markdown-paragraph\">Ide\u00e1lis a kognit\u00edv t\u00e1mogat\u00e1shoz \u00e9s a kreat\u00edv folyamatokhoz<\/p>\n<\/li>\n<li>\n<p class=\"ds-markdown-paragraph\">30 kapszula csomag egy h\u00f3napra<\/p>\n<\/li>\n<\/ul>\n<h3 class=\"ds-markdown-paragraph\"><strong>Light Experience kapszula (0,25g)<\/strong><\/h3>\n<ul>\n<li>\n<p class=\"ds-markdown-paragraph\">Szel\u00edd bevezet\u00e9s a tudatos \u00e9lm\u00e9nyekbe<\/p>\n<\/li>\n<li>\n<p class=\"ds-markdown-paragraph\">250 mg \u0151r\u00f6lt pszilocibint tartalmaz\u00f3 gomb\u00e1t tartalmaz.<\/p>\n<\/li>\n<li>\n<p class=\"ds-markdown-paragraph\">Meditat\u00edv gyakorlatra \u00e9s k\u00f6nny\u0171 \u00f6nfelt\u00e1r\u00e1sra alkalmas<\/p>\n<\/li>\n<li>\n<p class=\"ds-markdown-paragraph\">10 kapszul\u00e1t tartalmaz\u00f3 csomag<\/p>\n<\/li>\n<\/ul>\n<h3 class=\"ds-markdown-paragraph\"><strong>Standard Experience kapszula (0,5g)<\/strong><\/h3>\n<ul>\n<li>\n<p class=\"ds-markdown-paragraph\">Kiegyens\u00falyozott er\u0151 a m\u00e9lyebb \u00e9lm\u00e9nyek\u00e9rt<\/p>\n<\/li>\n<li>\n<p class=\"ds-markdown-paragraph\">500 mg \u0151r\u00f6lt pszilocibint tartalmaz\u00f3 gomb\u00e1t tartalmaz.<\/p>\n<\/li>\n<li>\n<p class=\"ds-markdown-paragraph\">Tapasztalt felhaszn\u00e1l\u00f3k \u00e9s spiritu\u00e1lis gyakorlatok sz\u00e1m\u00e1ra<\/p>\n<\/li>\n<li>\n<p class=\"ds-markdown-paragraph\">8 kapszul\u00e1t tartalmaz\u00f3 csomag<\/p>\n<\/li>\n<\/ul>\n<h3 class=\"ds-markdown-paragraph\"><strong>Mi\u00e9rt v\u00e1lnak egyre n\u00e9pszer\u0171bb\u00e9 a gombakapszul\u00e1k?<\/strong><\/h3>\n<p class=\"ds-markdown-paragraph\">A gombakapszul\u00e1k modern \u00e9s praktikus alternat\u00edv\u00e1t k\u00edn\u00e1lnak:<\/p>\n<ul>\n<li>\n<p class=\"ds-markdown-paragraph\"><strong>K\u00f6vetkezetes min\u0151s\u00e9g:<\/strong>\u00a0K\u00f6vetkezetes hat\u00f3anyag-tartalom<\/p>\n<\/li>\n<li>\n<p class=\"ds-markdown-paragraph\"><strong>Id\u0151t takar\u00edt meg:<\/strong>\u00a0Nincs sz\u00fcks\u00e9g id\u0151ig\u00e9nyes el\u0151k\u00e9sz\u00edt\u00e9sre<\/p>\n<\/li>\n<li>\n<p class=\"ds-markdown-paragraph\"><strong>Semleges \u00edz:<\/strong>\u00a0Nincs jellegzetes gomba\u00edz<\/p>\n<\/li>\n<li>\n<p class=\"ds-markdown-paragraph\"><strong>K\u00f6nny\u0171 t\u00e1rol\u00e1s:<\/strong>\u00a0Helytakar\u00e9kos \u00e9s nem felt\u0171n\u0151<\/p>\n<\/li>\n<\/ul>\n<h2 class=\"ds-markdown-paragraph\"><strong>Alkalmaz\u00e1si ter\u00fcletek \u00e9s adagol\u00e1s<\/strong><\/h2>\n<h3 class=\"ds-markdown-paragraph\"><strong>Mikroadagol\u00e1shoz:<\/strong><\/h3>\n<ul>\n<li>\n<p class=\"ds-markdown-paragraph\"><strong>Adagol\u00e1s:<\/strong>\u00a01x 0,1g kapszula 3 naponta<\/p>\n<\/li>\n<li>\n<p class=\"ds-markdown-paragraph\"><strong>Alkalmaz\u00e1s:<\/strong>\u00a0Reggelente a koncentr\u00e1ci\u00f3 \u00e9s a kreativit\u00e1s t\u00e1mogat\u00e1s\u00e1ra<\/p>\n<\/li>\n<\/ul>\n<h3 class=\"ds-markdown-paragraph\"><strong>Tudatos \u00e9lm\u00e9nyekhez:<\/strong><\/h3>\n<ul>\n<li>\n<p class=\"ds-markdown-paragraph\"><strong>Kezd\u0151k:<\/strong>\u00a01-2x 0,25g kapszula<\/p>\n<\/li>\n<li>\n<p class=\"ds-markdown-paragraph\"><strong>Tapasztalt:<\/strong>\u00a01-2x 0,5g kapszula<\/p>\n<\/li>\n<li>\n<p class=\"ds-markdown-paragraph\"><strong>Kib\u0151v\u00edtve:<\/strong>\u00a0Szem\u00e9lyre szabottan a szem\u00e9lyes tapasztalatok alapj\u00e1n<\/p>\n<\/li>\n<\/ul>\n<h3 class=\"ds-markdown-paragraph\"><strong>Fontos inform\u00e1ci\u00f3k a bevitelr\u0151l<\/strong><\/h3>\n<ul>\n<li>\n<p class=\"ds-markdown-paragraph\"><strong>A hat\u00e1s kezdete:<\/strong>\u00a030-60 perc ut\u00e1n<\/p>\n<\/li>\n<li>\n<p class=\"ds-markdown-paragraph\"><strong>A hat\u00e1s id\u0151tartama:<\/strong>\u00a04-6 \u00f3ra<\/p>\n<\/li>\n<li>\n<p class=\"ds-markdown-paragraph\"><strong>\u00dcres gyomor:<\/strong>\u00a0Gyorsabb hat\u00e1skezdet<\/p>\n<\/li>\n<li>\n<p class=\"ds-markdown-paragraph\"><strong>Elegend\u0151 v\u00edz:<\/strong>\u00a0A jobb kompatibilit\u00e1s \u00e9rdek\u00e9ben<\/p>\n<\/li>\n<\/ul>\n<h2 class=\"ds-markdown-paragraph\"><strong>Biztons\u00e1g \u00e9s felel\u0151ss\u00e9gteljes kezel\u00e9s<\/strong><\/h2>\n<h3 class=\"ds-markdown-paragraph\"><strong>K\u00e9rj\u00fck, vegye figyelembe:<\/strong><\/h3>\n<ul>\n<li>\n<p class=\"ds-markdown-paragraph\"><strong>K\u00e9szlet \u00e9s be\u00e1ll\u00edt\u00e1s:<\/strong>\u00a0Csak pozit\u00edv \u00e1llapotban \u00e9s biztons\u00e1gos k\u00f6rnyezetben<\/p>\n<\/li>\n<li>\n<p class=\"ds-markdown-paragraph\"><strong>Tripsitter:<\/strong>\u00a0Terv a nagyobb d\u00f3zisok megfigyel\u00e9s\u00e9re<\/p>\n<\/li>\n<li>\n<p class=\"ds-markdown-paragraph\"><strong>Korhat\u00e1r:<\/strong>\u00a0Csak 21 \u00e9ves \u00e9s id\u0151sebb feln\u0151ttek sz\u00e1m\u00e1ra<\/p>\n<\/li>\n<li>\n<p class=\"ds-markdown-paragraph\"><strong>Gyermekek el\u0151l elz\u00e1rva t\u00e1roland\u00f3<\/strong><\/p>\n<\/li>\n<\/ul>\n<h2 class=\"ds-markdown-paragraph\"><strong>Gyakran ism\u00e9telt k\u00e9rd\u00e9sek (GYIK)<\/strong><\/h2>\n<p class=\"ds-markdown-paragraph\"><strong>K: Milyen pontos az adagol\u00e1s?<\/strong><br \/>\nV: Minden kapszul\u00e1t professzion\u00e1lis berendez\u00e9ssel tesztelt\u00fcnk.<a href=\"https:\/\/chemgramx.com\/product\/oxycontin-oc-40mg\/\"> palackozott<\/a> a maxim\u00e1lis pontoss\u00e1g \u00e9rdek\u00e9ben.<\/p>\n<p class=\"ds-markdown-paragraph\"><strong>K: A kapszul\u00e1k veg\u00e1nok?<\/strong><br \/>\nV: Igen, n\u00f6v\u00e9nyi alap\u00fa cellul\u00f3z kapszul\u00e1kat haszn\u00e1lunk.<\/p>\n<p class=\"ds-markdown-paragraph\"><strong>K: Mennyi a kapszul\u00e1k eltarthat\u00f3s\u00e1gi ideje?<\/strong><br \/>\nV: H\u0171v\u00f6s, sz\u00e1raz helyen t\u00e1rolva legal\u00e1bb 12 h\u00f3napig.<\/p>\n<p class=\"ds-markdown-paragraph\"><strong>K: Felnyithatom a kapszul\u00e1kat?<\/strong><br \/>\nV: Igen, ha sz\u00fcks\u00e9ges, feloldhatja a tartalm\u00e1t v\u00edzben vagy te\u00e1ban.<\/p>\n<p class=\"ds-markdown-paragraph\"><strong>K: A kapszul\u00e1k tartalmaznak adal\u00e9kanyagokat?<\/strong><br \/>\nV: Nem, csak \u0151r\u00f6lt pszilocibintartalm\u00fa gomb\u00e1k veget\u00e1ri\u00e1nus kapszul\u00e1kban.<\/p>\n<h2 class=\"ds-markdown-paragraph\"><strong>Mi\u00e9rt b\u00edznak benn\u00fcnk \u00fcgyfeleink<\/strong><\/h2>\n<ul>\n<li>\n<p class=\"ds-markdown-paragraph\"><strong>Pontos t\u00f6lt\u00e9s:<\/strong>\u00a0Modern t\u00f6lt\u00e9si technol\u00f3gia az egyenletes min\u0151s\u00e9g\u00e9rt<\/p>\n<\/li>\n<li>\n<p class=\"ds-markdown-paragraph\"><strong>Kiv\u00e1l\u00f3 min\u0151s\u00e9g\u0171 nyersanyagok:<\/strong>\u00a0Csak a legjobb pszilocibintartalm\u00fa gomb\u00e1kat haszn\u00e1lja.<\/p>\n<\/li>\n<li>\n<p class=\"ds-markdown-paragraph\"><strong>Diszkr\u00e9t sz\u00e1ll\u00edt\u00e1s:<\/strong>\u00a0Semleges csomagol\u00e1s, a tartalom felt\u00fcntet\u00e9se n\u00e9lk\u00fcl<\/p>\n<\/li>\n<li>\n<p class=\"ds-markdown-paragraph\"><strong>\u00c1tfog\u00f3 tan\u00e1csad\u00e1s:<\/strong>\u00a0Szem\u00e9lyes t\u00e1mogat\u00e1s minden k\u00e9rd\u00e9sben<\/p>\n<\/li>\n<\/ul>\n<h2 class=\"ds-markdown-paragraph\"><strong>Egyszer\u0171 rendel\u00e9si folyamat<\/strong><\/h2>\n<ol start=\"1\">\n<li>\n<p class=\"ds-markdown-paragraph\"><strong>V\u00e1lassza ki az er\u0151ss\u00e9get:<\/strong>\u00a0Mikroadagol\u00e1s (0,1g), light (0,25g) vagy standard (0,5g)<\/p>\n<\/li>\n<li>\n<p class=\"ds-markdown-paragraph\"><strong>V\u00e1lassza ki a csomagm\u00e9retet:<\/strong>\u00a0K\u00fcl\u00f6nb\u00f6z\u0151 mennyis\u00e9gek \u00e1llnak rendelkez\u00e9sre<\/p>\n<\/li>\n<li>\n<p class=\"ds-markdown-paragraph\"><strong>Biztons\u00e1gos fizet\u00e9s:<\/strong>\u00a0Titkos\u00edtott fizet\u00e9si feldolgoz\u00e1s<\/p>\n<\/li>\n<li>\n<p class=\"ds-markdown-paragraph\"><strong>Diszkr\u00e9t sz\u00e1ll\u00edt\u00e1s:<\/strong>\u00a0Gyors kisz\u00e1ll\u00edt\u00e1s 1-3 munkanapon bel\u00fcl<\/p>\n<\/li>\n<\/ol>\n<h2 class=\"ds-markdown-paragraph\"><strong>Fedezze fel az el\u0151ny\u00f6ket<\/strong><\/h2>\n<p class=\"ds-markdown-paragraph\">Gombakapszul\u00e1ink t\u00f6k\u00e9letes megold\u00e1st k\u00edn\u00e1lnak \u00d6nnek a pontos adagol\u00e1shoz - ak\u00e1r a mindennapi \u00e9letben t\u00f6rt\u00e9n\u0151 mikroadagol\u00e1shoz, ak\u00e1r a biztons\u00e1gos k\u00f6rnyezetben t\u00f6rt\u00e9n\u0151 tudatos \u00e9lm\u00e9nyekhez.<\/p>\n<p class=\"ds-markdown-paragraph\">","protected":false},"excerpt":{"rendered":"<p>V\u00e1s\u00e1roljon gombakapszul\u00e1t: Pszilocibin kapszul\u00e1ink pontos adagol\u00e1st k\u00edn\u00e1lnak a mikrod\u00f3zisok \u00e9s a tudatos \u00e9lm\u00e9nyek \u00e9rdek\u00e9ben. K\u00f6nnyen bevehet\u0151, gyomork\u00edm\u00e9l\u0151 \u00e9s diszkr\u00e9t. Rendelje meg most!<\/p>","protected":false},"featured_media":7838,"comment_status":"open","ping_status":"closed","template":"","meta":{"_joinchat":[]},"product_brand":[],"product_cat":[3192],"product_tag":[2954,2953,2951,2865,2949,2955,2957,2952,2950,2956],"class_list":{"0":"post-7807","1":"product","2":"type-product","3":"status-publish","4":"has-post-thumbnail","6":"product_cat-ketamine","7":"product_tag-bewusste-erfahrung","8":"product_tag-diskrete-einnahme","9":"product_tag-magenschonend","10":"product_tag-mikrodosierung","11":"product_tag-mushroom-capsules","12":"product_tag-pflanzliche-kapseln","13":"product_tag-pilz-kapseln","14":"product_tag-praezise-dosierung","15":"product_tag-psilocybin-kapseln","16":"product_tag-psychedelika","18":"first","19":"instock","20":"shipping-taxable","21":"purchasable","22":"product-type-variable"},"yoast_head":"<!-- This site is optimized with the Yoast SEO plugin v27.5 - https:\/\/yoast.com\/product\/yoast-seo-wordpress\/ -->\n<title>Magic Mushroom Capsules Kaufen | Einfache Dosierung | Diskret<\/title>\n<meta name=\"description\" content=\"Mushroom Capsules kaufen - Psilocybin Kapseln f\u00fcr mikrodosierung &amp; bewusste Erfahrungen. Pr\u00e4zise dosiert, diskret &amp; magenschonend. Jetzt entdecken!\" \/>\n<meta name=\"robots\" content=\"index, follow, max-snippet:-1, max-image-preview:large, max-video-preview:-1\" \/>\n<link rel=\"canonical\" href=\"https:\/\/chemgramx.com\/hu\/termek-1\/vasarolni-gomba-kapszula\/\" \/>\n<meta property=\"og:locale\" content=\"hu_HU\" \/>\n<meta property=\"og:type\" content=\"article\" \/>\n<meta property=\"og:title\" content=\"Magic Mushroom Capsules Kaufen | Einfache Dosierung | Diskret\" \/>\n<meta property=\"og:description\" content=\"Mushroom Capsules kaufen - Psilocybin Kapseln f\u00fcr mikrodosierung &amp; bewusste Erfahrungen. Pr\u00e4zise dosiert, diskret &amp; magenschonend. Jetzt entdecken!\" \/>\n<meta property=\"og:url\" content=\"https:\/\/chemgramx.com\/hu\/termek-1\/vasarolni-gomba-kapszula\/\" \/>\n<meta property=\"og:site_name\" content=\"Chemgramx\" \/>\n<meta property=\"article:modified_time\" content=\"2025-11-21T11:23:48+00:00\" \/>\n<meta property=\"og:image\" content=\"https:\/\/chemgramx.com\/wp-content\/uploads\/2025\/11\/buy-mushroom-capsules-best-mushroom-supplements-magic-mushroom-capsules--1024x683.png\" \/>\n\t<meta property=\"og:image:width\" content=\"1024\" \/>\n\t<meta property=\"og:image:height\" content=\"683\" \/>\n\t<meta property=\"og:image:type\" content=\"image\/png\" \/>\n<meta name=\"twitter:card\" content=\"summary_large_image\" \/>\n<meta name=\"twitter:label1\" content=\"Becs\u00fclt olvas\u00e1si id\u0151\" \/>\n\t<meta name=\"twitter:data1\" content=\"3 perc\" \/>\n<script type=\"application\/ld+json\" class=\"yoast-schema-graph\">{\"@context\":\"https:\\\/\\\/schema.org\",\"@graph\":[{\"@type\":\"WebPage\",\"@id\":\"https:\\\/\\\/chemgramx.com\\\/product\\\/mushroom-capsules-kaufen\\\/\",\"url\":\"https:\\\/\\\/chemgramx.com\\\/product\\\/mushroom-capsules-kaufen\\\/\",\"name\":\"Magic Mushroom Capsules Kaufen | Einfache Dosierung | Diskret\",\"isPartOf\":{\"@id\":\"https:\\\/\\\/chemgramx.com\\\/#website\"},\"primaryImageOfPage\":{\"@id\":\"https:\\\/\\\/chemgramx.com\\\/product\\\/mushroom-capsules-kaufen\\\/#primaryimage\"},\"image\":{\"@id\":\"https:\\\/\\\/chemgramx.com\\\/product\\\/mushroom-capsules-kaufen\\\/#primaryimage\"},\"thumbnailUrl\":\"https:\\\/\\\/chemgramx.com\\\/wp-content\\\/uploads\\\/2025\\\/11\\\/buy-mushroom-capsules-best-mushroom-supplements-magic-mushroom-capsules-.png\",\"datePublished\":\"2025-11-21T11:21:55+00:00\",\"dateModified\":\"2025-11-21T11:23:48+00:00\",\"description\":\"Mushroom Capsules kaufen - Psilocybin Kapseln f\u00fcr mikrodosierung &amp; bewusste Erfahrungen. Pr\u00e4zise dosiert, diskret &amp; magenschonend. Jetzt entdecken!\",\"breadcrumb\":{\"@id\":\"https:\\\/\\\/chemgramx.com\\\/product\\\/mushroom-capsules-kaufen\\\/#breadcrumb\"},\"inLanguage\":\"hu\",\"potentialAction\":[{\"@type\":\"ReadAction\",\"target\":[\"https:\\\/\\\/chemgramx.com\\\/product\\\/mushroom-capsules-kaufen\\\/\"]}]},{\"@type\":\"ImageObject\",\"inLanguage\":\"hu\",\"@id\":\"https:\\\/\\\/chemgramx.com\\\/product\\\/mushroom-capsules-kaufen\\\/#primaryimage\",\"url\":\"https:\\\/\\\/chemgramx.com\\\/wp-content\\\/uploads\\\/2025\\\/11\\\/buy-mushroom-capsules-best-mushroom-supplements-magic-mushroom-capsules-.png\",\"contentUrl\":\"https:\\\/\\\/chemgramx.com\\\/wp-content\\\/uploads\\\/2025\\\/11\\\/buy-mushroom-capsules-best-mushroom-supplements-magic-mushroom-capsules-.png\",\"width\":1536,\"height\":1024},{\"@type\":\"BreadcrumbList\",\"@id\":\"https:\\\/\\\/chemgramx.com\\\/product\\\/mushroom-capsules-kaufen\\\/#breadcrumb\",\"itemListElement\":[{\"@type\":\"ListItem\",\"position\":1,\"name\":\"Home\",\"item\":\"https:\\\/\\\/chemgramx.com\\\/\"},{\"@type\":\"ListItem\",\"position\":2,\"name\":\"Shop\",\"item\":\"https:\\\/\\\/chemgramx.com\\\/shop\\\/\"},{\"@type\":\"ListItem\",\"position\":3,\"name\":\"Mushroom Capsules kaufen\"}]},{\"@type\":\"WebSite\",\"@id\":\"https:\\\/\\\/chemgramx.com\\\/#website\",\"url\":\"https:\\\/\\\/chemgramx.com\\\/\",\"name\":\"Chemgramx\",\"description\":\"\",\"publisher\":{\"@id\":\"https:\\\/\\\/chemgramx.com\\\/#organization\"},\"potentialAction\":[{\"@type\":\"SearchAction\",\"target\":{\"@type\":\"EntryPoint\",\"urlTemplate\":\"https:\\\/\\\/chemgramx.com\\\/?s={search_term_string}\"},\"query-input\":{\"@type\":\"PropertyValueSpecification\",\"valueRequired\":true,\"valueName\":\"search_term_string\"}}],\"inLanguage\":\"hu\"},{\"@type\":\"Organization\",\"@id\":\"https:\\\/\\\/chemgramx.com\\\/#organization\",\"name\":\"Chemgramx\",\"url\":\"https:\\\/\\\/chemgramx.com\\\/\",\"logo\":{\"@type\":\"ImageObject\",\"inLanguage\":\"hu\",\"@id\":\"https:\\\/\\\/chemgramx.com\\\/#\\\/schema\\\/logo\\\/image\\\/\",\"url\":\"https:\\\/\\\/chemgramx.com\\\/wp-content\\\/uploads\\\/2024\\\/10\\\/final-logo.png\",\"contentUrl\":\"https:\\\/\\\/chemgramx.com\\\/wp-content\\\/uploads\\\/2024\\\/10\\\/final-logo.png\",\"width\":250,\"height\":48,\"caption\":\"Chemgramx\"},\"image\":{\"@id\":\"https:\\\/\\\/chemgramx.com\\\/#\\\/schema\\\/logo\\\/image\\\/\"}}]}<\/script>\n<!-- \/ Yoast SEO plugin. -->","yoast_head_json":{"title":"V\u00e1s\u00e1roljon var\u00e1zsgomba kapszul\u00e1t | K\u00f6nny\u0171 adagol\u00e1s | Diszkr\u00e9t","description":"Mushroom Capsules kaufen - Psilocybin Kapseln f\u00fcr mikrodosierung &amp; bewusste Erfahrungen. Pr\u00e4zise dosiert, diskret &amp; magenschonend. Jetzt entdecken!","robots":{"index":"index","follow":"follow","max-snippet":"max-snippet:-1","max-image-preview":"max-image-preview:large","max-video-preview":"max-video-preview:-1"},"canonical":"https:\/\/chemgramx.com\/hu\/termek-1\/vasarolni-gomba-kapszula\/","og_locale":"hu_HU","og_type":"article","og_title":"Magic Mushroom Capsules Kaufen | Einfache Dosierung | Diskret","og_description":"Mushroom Capsules kaufen - Psilocybin Kapseln f\u00fcr mikrodosierung &amp; bewusste Erfahrungen. Pr\u00e4zise dosiert, diskret &amp; magenschonend. Jetzt entdecken!","og_url":"https:\/\/chemgramx.com\/hu\/termek-1\/vasarolni-gomba-kapszula\/","og_site_name":"Chemgramx","article_modified_time":"2025-11-21T11:23:48+00:00","og_image":[{"width":1024,"height":683,"url":"https:\/\/chemgramx.com\/wp-content\/uploads\/2025\/11\/buy-mushroom-capsules-best-mushroom-supplements-magic-mushroom-capsules--1024x683.png","type":"image\/png"}],"twitter_card":"summary_large_image","twitter_misc":{"Becs\u00fclt olvas\u00e1si id\u0151":"3 perc"},"schema":{"@context":"https:\/\/schema.org","@graph":[{"@type":"WebPage","@id":"https:\/\/chemgramx.com\/product\/mushroom-capsules-kaufen\/","url":"https:\/\/chemgramx.com\/product\/mushroom-capsules-kaufen\/","name":"V\u00e1s\u00e1roljon var\u00e1zsgomba kapszul\u00e1t | K\u00f6nny\u0171 adagol\u00e1s | Diszkr\u00e9t","isPartOf":{"@id":"https:\/\/chemgramx.com\/#website"},"primaryImageOfPage":{"@id":"https:\/\/chemgramx.com\/product\/mushroom-capsules-kaufen\/#primaryimage"},"image":{"@id":"https:\/\/chemgramx.com\/product\/mushroom-capsules-kaufen\/#primaryimage"},"thumbnailUrl":"https:\/\/chemgramx.com\/wp-content\/uploads\/2025\/11\/buy-mushroom-capsules-best-mushroom-supplements-magic-mushroom-capsules-.png","datePublished":"2025-11-21T11:21:55+00:00","dateModified":"2025-11-21T11:23:48+00:00","description":"Mushroom Capsules kaufen - Psilocybin Kapseln f\u00fcr mikrodosierung &amp; bewusste Erfahrungen. Pr\u00e4zise dosiert, diskret &amp; magenschonend. Jetzt entdecken!","breadcrumb":{"@id":"https:\/\/chemgramx.com\/product\/mushroom-capsules-kaufen\/#breadcrumb"},"inLanguage":"hu","potentialAction":[{"@type":"ReadAction","target":["https:\/\/chemgramx.com\/product\/mushroom-capsules-kaufen\/"]}]},{"@type":"ImageObject","inLanguage":"hu","@id":"https:\/\/chemgramx.com\/product\/mushroom-capsules-kaufen\/#primaryimage","url":"https:\/\/chemgramx.com\/wp-content\/uploads\/2025\/11\/buy-mushroom-capsules-best-mushroom-supplements-magic-mushroom-capsules-.png","contentUrl":"https:\/\/chemgramx.com\/wp-content\/uploads\/2025\/11\/buy-mushroom-capsules-best-mushroom-supplements-magic-mushroom-capsules-.png","width":1536,"height":1024},{"@type":"BreadcrumbList","@id":"https:\/\/chemgramx.com\/product\/mushroom-capsules-kaufen\/#breadcrumb","itemListElement":[{"@type":"ListItem","position":1,"name":"Home","item":"https:\/\/chemgramx.com\/"},{"@type":"ListItem","position":2,"name":"Shop","item":"https:\/\/chemgramx.com\/shop\/"},{"@type":"ListItem","position":3,"name":"Mushroom Capsules kaufen"}]},{"@type":"WebSite","@id":"https:\/\/chemgramx.com\/#website","url":"https:\/\/chemgramx.com\/","name":"Chemgramx","description":"","publisher":{"@id":"https:\/\/chemgramx.com\/#organization"},"potentialAction":[{"@type":"SearchAction","target":{"@type":"EntryPoint","urlTemplate":"https:\/\/chemgramx.com\/?s={search_term_string}"},"query-input":{"@type":"PropertyValueSpecification","valueRequired":true,"valueName":"search_term_string"}}],"inLanguage":"hu"},{"@type":"Organization","@id":"https:\/\/chemgramx.com\/#organization","name":"Chemgramx","url":"https:\/\/chemgramx.com\/","logo":{"@type":"ImageObject","inLanguage":"hu","@id":"https:\/\/chemgramx.com\/#\/schema\/logo\/image\/","url":"https:\/\/chemgramx.com\/wp-content\/uploads\/2024\/10\/final-logo.png","contentUrl":"https:\/\/chemgramx.com\/wp-content\/uploads\/2024\/10\/final-logo.png","width":250,"height":48,"caption":"Chemgramx"},"image":{"@id":"https:\/\/chemgramx.com\/#\/schema\/logo\/image\/"}}]}},"_links":{"self":[{"href":"https:\/\/chemgramx.com\/hu\/wp-json\/wp\/v2\/product\/7807","targetHints":{"allow":["GET"]}}],"collection":[{"href":"https:\/\/chemgramx.com\/hu\/wp-json\/wp\/v2\/product"}],"about":[{"href":"https:\/\/chemgramx.com\/hu\/wp-json\/wp\/v2\/types\/product"}],"replies":[{"embeddable":true,"href":"https:\/\/chemgramx.com\/hu\/wp-json\/wp\/v2\/comments?post=7807"}],"wp:featuredmedia":[{"embeddable":true,"href":"https:\/\/chemgramx.com\/hu\/wp-json\/wp\/v2\/media\/7838"}],"wp:attachment":[{"href":"https:\/\/chemgramx.com\/hu\/wp-json\/wp\/v2\/media?parent=7807"}],"wp:term":[{"taxonomy":"product_brand","embeddable":true,"href":"https:\/\/chemgramx.com\/hu\/wp-json\/wp\/v2\/product_brand?post=7807"},{"taxonomy":"product_cat","embeddable":true,"href":"https:\/\/chemgramx.com\/hu\/wp-json\/wp\/v2\/product_cat?post=7807"},{"taxonomy":"product_tag","embeddable":true,"href":"https:\/\/chemgramx.com\/hu\/wp-json\/wp\/v2\/product_tag?post=7807"}],"curies":[{"name":"wp","href":"https:\/\/api.w.org\/{rel}","templated":true}]}}