{"id":7811,"date":"2025-11-21T11:21:56","date_gmt":"2025-11-21T11:21:56","guid":{"rendered":"https:\/\/chemgramx.com\/?post_type=product&#038;p=7811"},"modified":"2025-11-21T14:26:38","modified_gmt":"2025-11-21T14:26:38","slug":"vasarolni-arany-mamut-gomba","status":"publish","type":"product","link":"https:\/\/chemgramx.com\/hu\/product\/golden-mammoth-mushrooms-kaufen\/","title":{"rendered":"V\u00e1s\u00e1roljon arany mamutgomb\u00e1t"},"content":{"rendered":"<p>Az as <b>\u201eArany mamutgomba\u201c<\/b> ismert fajta egy vari\u00e1ci\u00f3ja egy <b>Pszilocibint tartalmaz\u00f3 gomba<\/b>. A botanikusok \u00e1ltal\u00e1ban ezt a fajt a t\u00edpusba sorolj\u00e1k <i>Psilocybe cubensis<\/i> to. Jellegzetes tulajdons\u00e1gaiknak k\u00f6sz\u00f6nhet\u0151en <b>aranys\u00e1rga sapk\u00e1k<\/b> \u00e9s egy <b>kiegyens\u00falyozott, egyenletes hat\u00e9konys\u00e1g<\/b> tudom\u00e1nyos k\u00f6r\u00f6kben ismert. <b>Azonban<\/b> ez az. <b>rendk\u00edv\u00fcl fontos<\/b>, hogy tiszt\u00e1zzuk ezt a kontextust: N\u00e9metorsz\u00e1gban \u00e9s sz\u00e1mos m\u00e1s orsz\u00e1gban a pszilocibint tartalmaz\u00f3 gomb\u00e1k a <b>K\u00e1b\u00edt\u00f3szert\u00f6rv\u00e9ny (BtMG)<\/b>. <b>Konkr\u00e9tan ez a k\u00f6vetkez\u0151ket jelenti<\/b>, hogy a megszerz\u00e9se, birtokl\u00e1sa vagy kereskedelme <b>illeg\u00e1lis<\/b> \u00e9s b\u00fcntet\u0151jogi felel\u0151ss\u00e9gre von\u00e1suk lesz. <b>Ez\u00e9rt<\/b> ez a r\u00e9szletes elemz\u00e9s a k\u00f6vetkez\u0151kre szolg\u00e1l <b>kiz\u00e1r\u00f3lag tudom\u00e1nyos, botanikai \u00e9s t\u00e1j\u00e9koztat\u00f3 c\u00e9lokra<\/b> \u00e9s nem min\u0151s\u00fcl v\u00e1s\u00e1rl\u00e1si felh\u00edv\u00e1snak vagy fogyaszt\u00e1si aj\u00e1nl\u00e1snak.<\/p>\n<h3><b>A fajta k\u00e9miai \u00e9s botanikai alapjai<\/b><\/h3>\n<p>A v\u00e1ltozatoss\u00e1g <b>Arany mamut<\/b> l\u00e1that\u00f3 a <b>Mikol\u00f3gia<\/b> (gombatudom\u00e1ny), mert a <b>robusztus termeszt\u00e9si tulajdons\u00e1gok<\/b> \u00e9s a <b><a href=\"\/product\/1d-lsd-225mcg-pellets-kaufen\/\">megb\u00edzhat\u00f3<\/a> Pszilocibin koncentr\u00e1ci\u00f3<\/b> becsl\u00e9sek szerint. <b>Ez a<\/b> stabil modell\u00e9 teszi a kutat\u00e1sban.<\/p>\n<h4><b>A pszichoakt\u00edv indol-alkaloidok<\/b><\/h4>\n<p>A pszichoakt\u00edv hat\u00e1s k\u00e9t triptamin-sz\u00e1rmaz\u00e9kon alapul: <b>Psilocybin<\/b> \u00e9s <b>Psilocin<\/b>. A pszilocibin az a viszonylag stabil anyag, amely a term\u00e9szetben a gomb\u00e1kban fordul el\u0151. <b>Foszforsav\u00e9szter-sz\u00e1rmaz\u00e9k<\/b>. <b>Ez\u00e9rt<\/b> ez az a forma, amely jobban meg\u0151rzi a k\u00e9miai integrit\u00e1st a t\u00e1rol\u00e1s sor\u00e1n.<\/p>\n<p><b>Ezzel szemben<\/b> a <b>Psilocin<\/b> a <b>Biol\u00f3giailag akt\u00edv vegy\u00fclet<\/b>. A lenyel\u00e9st k\u00f6vet\u0151en a pszilocibin a szervezetben enzimek \u00e1ltal gyorsan defoszforil\u00e1l\u00f3dik, \u00e9s akt\u00edv pszilocinn\u00e1 alakul. <b>Mivel a Psilocin<\/b> (4-hidroxi-N,N-dimetil-triptamin) a szervezet saj\u00e1t neurotranszmittere <b>Szerotonin<\/b> (5-HT), akt\u00edvv\u00e1 v\u00e1lhat a k\u00f6zponti idegrendszerben. A szerotonin k\u00e9miai szerkezete \u00e9s molekul\u00e1ris hasonl\u00f3s\u00e1ga a f\u0151 oka az ezen anyagoszt\u00e1ly ir\u00e1nti neurofarmakol\u00f3giai \u00e9rdekl\u0151d\u00e9snek.<\/p>\n<h4><b>Potencia \u00e9s reproduk\u00e1lhat\u00f3s\u00e1g<\/b><\/h4>\n<p>A tudom\u00e1nyos elemz\u00e9sben a <b>A hat\u00e1ser\u0151ss\u00e9g k\u00f6vetkezetess\u00e9ge<\/b> d\u00f6nt\u0151. A v\u00e1ltozatoss\u00e1g <b>Arany mamut<\/b> a k\u00f6vetkez\u0151 jellemz\u0151kkel b\u00edr <b>A hat\u00f3anyagok egyenletes eloszl\u00e1sa<\/b> a k\u00fcl\u00f6nb\u00f6z\u0151 t\u00e9teleken kereszt\u00fcl. <b>Ezek a<\/b> <b>T\u00e9tel konzisztencia<\/b> elengedhetetlen a <b>Reproduk\u00e1lhat\u00f3s\u00e1g<\/b> a vizsg\u00e1lati eredm\u00e9nyek, k\u00fcl\u00f6n\u00f6sen az adagol\u00e1s \u00e9s az \u00f6sszehasonl\u00edt\u00f3 elemz\u00e9sek eset\u00e9ben. <b>Val\u00f3j\u00e1ban<\/b> a pszilocibin \u00e1tlagos koncentr\u00e1ci\u00f3ja a <i>Psilocybe cubensis<\/i> jellemz\u0151en a sz\u00e1raz t\u00f6meg 0,5 % \u00e9s 1,0 % k\u00f6z\u00f6tt van.<\/p>\n<h3><b>Farmakol\u00f3gia \u00e9s a \u201eszel\u00edd hat\u00e1sg\u00f6rbe\u201c<\/b><\/h3>\n<p>A pszilocin pszich\u00e9s hat\u00e1sa az aggyal val\u00f3 saj\u00e1tos k\u00f6lcs\u00f6nhat\u00e1s\u00e1nak k\u00f6sz\u00f6nhet\u0151.<\/p>\n<h4><b>A hat\u00e1smechanizmus\u00a0<\/b><\/h4>\n<p>Az els\u0151dleges hat\u00e1smechanizmus a <b>r\u00e9szleges agonizmus<\/b> a  oldalon <b>Szerotonin 2A receptor <\/b>. Ezek a receptorok nagym\u00e9rt\u00e9kben koncentr\u00e1l\u00f3dnak az agyk\u00e9rgi ter\u00fcleteken, k\u00fcl\u00f6n\u00f6sen a prefront\u00e1lis k\u00e9regben. <b>Ennek k\u00f6vetkezt\u00e9ben<\/b> az aktiv\u00e1l\u00e1s egy <b>fokozott neuron\u00e1lis ingerl\u00e9kenys\u00e9g<\/b> \u00e9s egy m\u00e9lys\u00e9ges <b>A Default Mode Network (DMN) dezorganiz\u00e1ci\u00f3ja<\/b>, amely az \u00e9n- \u00e9s \u00f6n\u00e9rzet\u00e9rt felel\u0151s.<\/p>\n<h4><b>Farmakokinetika \u00e9s a hat\u00e1s id\u0151tartama<\/b><\/h4>\n<p>A le\u00edrtak <b>\u201eszel\u00edd hat\u00e1sg\u00f6rbe\u201c<\/b> farmakokinetikusan magyar\u00e1zhat\u00f3. <b>Els\u0151<\/b> a pszilocibinnek fel kell sz\u00edv\u00f3dnia, majd pszilocinn\u00e1 kell alakulnia. <b>Ez a<\/b> A folyamat elmagyar\u00e1zza a <b>fokozatos indul\u00e1s<\/b> a hat\u00e1s, amely jellemz\u0151en 30-60 perccel a bev\u00e9tel ut\u00e1n jelentkezik. A hat\u00e1s teljes id\u0151tartama a <b>Arany mamut<\/b> 4-6 \u00f3r\u00e1t adnak meg, ami a <b>A pszilocin felez\u00e9si ideje<\/b> megfelel. A <b>K\u00f6vetkezetes min\u0151s\u00e9g<\/b> a fajta a k\u00f6vetkez\u0151 felhaszn\u00e1l\u00e1sra is predesztin\u00e1lja azt <b>Mikroadagol\u00e1si protokollok<\/b>, ahol pontos, szublimin\u00e1lis adagol\u00e1sra van sz\u00fcks\u00e9g a kogn\u00edci\u00f3t fokoz\u00f3 vizsg\u00e1latokhoz.<\/p>\n<h3><b>D\u00f3zis-v\u00e1lasz kapcsolat \u00e9s sz\u00fcks\u00e9ges biztons\u00e1gi \u00f3vint\u00e9zked\u00e9sek<\/b><\/h3>\n<p>A d\u00f3zis-v\u00e1lasz kapcsolat k\u00f6zponti jelent\u0151s\u00e9g\u0171 a tudom\u00e1nyos \u00e9s toxikol\u00f3giai vizsg\u00e1latok szempontj\u00e1b\u00f3l. <b>Alapvet\u0151 fontoss\u00e1g\u00fa<\/b>, a sz\u00e1razanyaggal kapcsolatos lehets\u00e9ges hat\u00e1sok megismer\u00e9se:<\/p>\n<ul>\n<li><b>K\u00f6nny\u0171 adagok (1,0-1,5 g):<\/b> A vizsg\u00e1latokban ez a d\u00f3zis a k\u00f6vetkez\u0151nek tekinthet\u0151 <b>Minim\u00e1lis d\u00f3zis<\/b> haszn\u00e1lt. Enyhe introspekt\u00edv \u00e9s hangulatjav\u00edt\u00f3 hat\u00e1sokat eredm\u00e9nyez.<\/li>\n<li><b>Standard adagok (1,5-2,5 g):<\/b> <b>Ezek a<\/b> A d\u00f3zis megfelel a <b>m\u00e9rs\u00e9kelt ter\u00e1pi\u00e1s d\u00f3zis<\/b> a jelenlegi klinikai kutat\u00e1si protokollokban. Itt kifejezett pszichol\u00f3giai hat\u00e1sok v\u00e1rhat\u00f3k.<\/li>\n<li><b>Nagy d\u00f3zisok (2,5-5,0 g):<\/b> <b>Ilyen<\/b> A mennyis\u00e9gek egy <b>m\u00e9ly \u00e9lm\u00e9ny<\/b> (a misztikus d\u00f3zishoz hasonl\u00f3). <b>A<\/b> a nagy intenzit\u00e1s\u00fa itt <b>Szigor\u00fa biztons\u00e1gi int\u00e9zked\u00e9sek<\/b> n\u00e9lk\u00fcl\u00f6zhetetlen.<\/li>\n<\/ul>\n<p><b>Etikai \u00e9s tudom\u00e1nyos szempontb\u00f3l<\/b> szigor\u00fa szab\u00e1lyok vonatkoznak a potenci\u00e1lisan pszichoakt\u00edv anyagok kezel\u00e9s\u00e9re. <b>Alapvet\u0151 szab\u00e1lyok<\/b> betartand\u00f3. <b>Ez mag\u00e1ban foglalja a k\u00f6vetkez\u0151ket<\/b> a biztos\u00edt\u00e9kot egy <b>\u201eSet &amp; Setting\u201c<\/b> (pszichol\u00f3giai \u00e9s fizikai k\u00f6rnyezet), valamint a jelenl\u00e9te egy <b>Tripsitters<\/b> (j\u00f3zan, megb\u00edzhat\u00f3 k\u00eds\u00e9r\u0151 szem\u00e9ly).<\/p>\n<h3><b>Jogi \u00e9s etikai megfelel\u00e9s - A jogellenes jelleg<\/b><\/h3>\n<p><b>\u00d6sszefoglal\u00f3<\/b> a jogi helyzetet vil\u00e1gosan meg kell magyar\u00e1zni:<\/p>\n<ul>\n<li><b>BtMG besorol\u00e1s:<\/b> <b>Psilocybin \u00e9s psilocin<\/b> N\u00e9metorsz\u00e1gban a <b>A k\u00e1b\u00edt\u00f3szert\u00f6rv\u00e9ny I. mell\u00e9klete<\/b> list\u00e1zva. <b>Alkalmazz\u00e1k<\/b> mint nem forgalmazhat\u00f3 k\u00e1b\u00edt\u00f3szerek.<\/li>\n<li><b>B\u00fcntet\u0151jogi felel\u0151ss\u00e9g:<\/b> <b>Ez\u00e9rt<\/b> a <b>Szerz\u00e9s, birtokl\u00e1s, gy\u00e1rt\u00e1s vagy kereskedelem<\/b> arany mamutgomb\u00e1val <b>illeg\u00e1lis<\/b> \u00e9s b\u00fcntet\u0151elj\u00e1r\u00e1st ind\u00edtanak ellene.<\/li>\n<li><b>Edikt:<\/b> <b>Minden<\/b> a megadott inform\u00e1ci\u00f3k, bele\u00e9rtve az adagol\u00e1si t\u00e1bl\u00e1zatokat \u00e9s a hat\u00e1s le\u00edr\u00e1s\u00e1t, a k\u00f6vetkez\u0151kre szolg\u00e1lnak <b>tiszt\u00e1n tudom\u00e1nyos, oktat\u00e1si \u00e9s toxikol\u00f3giai t\u00e1j\u00e9koztat\u00e1si c\u00e9lokra<\/b>. <b>Te<\/b> hely <b>Nincs aj\u00e1nl\u00e1s, utas\u00edt\u00e1s vagy k\u00e9r\u00e9s<\/b> illeg\u00e1lis fogyaszt\u00e1s vagy illeg\u00e1lis kezel\u00e9s miatt.<\/li>\n<\/ul>","protected":false},"excerpt":{"rendered":"<p>V\u00e1s\u00e1roljon Golden Mammoth Mushrooms - j\u00f3l ismert pszilocibin t\u00f6rzs arany sapk\u00e1kkal. Gyeng\u00e9d, m\u00e9gis m\u00e9ly hat\u00e1s, ide\u00e1lis kezd\u0151knek \u00e9s tapasztalt felhaszn\u00e1l\u00f3knak. Frissen szedett \u00e9s diszkr\u00e9ten sz\u00e1ll\u00edtott.<\/p>","protected":false},"featured_media":7846,"comment_status":"open","ping_status":"closed","template":"","meta":{"_joinchat":[]},"product_brand":[],"product_cat":[3192,53],"product_tag":[2879,2925,2924,2900,2865,2881,2874,2875,2927,2926],"class_list":{"0":"post-7811","1":"product","2":"type-product","3":"status-publish","4":"has-post-thumbnail","6":"product_cat-ketamine","7":"product_cat-dissociatives","8":"product_tag-bewusstseinserweiternd","9":"product_tag-einsteiger-psychedelika","10":"product_tag-golden-mammoth-mushrooms","11":"product_tag-magic-mushrooms","12":"product_tag-mikrodosierung","13":"product_tag-pilze-online-kaufen","14":"product_tag-psilocybin-pilze","15":"product_tag-psychedelische-pilze","16":"product_tag-sanfte-wirkung","17":"product_tag-spirituelle-praxis","19":"first","20":"instock","21":"shipping-taxable","22":"purchasable","23":"product-type-variable"},"yoast_head":"<!-- This site is optimized with the Yoast SEO plugin v27.5 - https:\/\/yoast.com\/product\/yoast-seo-wordpress\/ -->\n<title>Golden Mammoth Mushrooms Kaufen | Premium Psilocybin Chemgramx<\/title>\n<meta name=\"description\" content=\"Golden Mammoth Mushrooms kaufen - beliebte Psilocybin Sorte f\u00fcr spirituelle Erfahrungen. Frisch &amp; diskret. Laborgepr\u00fcfte Qualit\u00e4t. Jetzt entdecken!\" \/>\n<meta name=\"robots\" content=\"index, follow, max-snippet:-1, max-image-preview:large, max-video-preview:-1\" \/>\n<link rel=\"canonical\" href=\"https:\/\/chemgramx.com\/hu\/termek-1\/vasarolni-arany-mamut-gomba\/\" \/>\n<meta property=\"og:locale\" content=\"hu_HU\" \/>\n<meta property=\"og:type\" content=\"article\" \/>\n<meta property=\"og:title\" content=\"Golden Mammoth Mushrooms Kaufen | Premium Psilocybin Chemgramx\" \/>\n<meta property=\"og:description\" content=\"Golden Mammoth Mushrooms kaufen - beliebte Psilocybin Sorte f\u00fcr spirituelle Erfahrungen. Frisch &amp; diskret. Laborgepr\u00fcfte Qualit\u00e4t. Jetzt entdecken!\" \/>\n<meta property=\"og:url\" content=\"https:\/\/chemgramx.com\/hu\/termek-1\/vasarolni-arany-mamut-gomba\/\" \/>\n<meta property=\"og:site_name\" content=\"Chemgramx\" \/>\n<meta property=\"article:modified_time\" content=\"2025-11-21T14:26:38+00:00\" \/>\n<meta property=\"og:image\" content=\"https:\/\/chemgramx.com\/wp-content\/uploads\/2025\/11\/buy-golden-mammoth-mushrooms-online-premium-golden-mammoth-magic-mushrooms.webp\" \/>\n\t<meta property=\"og:image:width\" content=\"768\" \/>\n\t<meta property=\"og:image:height\" content=\"1152\" \/>\n\t<meta property=\"og:image:type\" content=\"image\/webp\" \/>\n<meta name=\"twitter:card\" content=\"summary_large_image\" \/>\n<meta name=\"twitter:label1\" content=\"Becs\u00fclt olvas\u00e1si id\u0151\" \/>\n\t<meta name=\"twitter:data1\" content=\"4 perc\" \/>\n<script type=\"application\/ld+json\" class=\"yoast-schema-graph\">{\"@context\":\"https:\\\/\\\/schema.org\",\"@graph\":[{\"@type\":\"WebPage\",\"@id\":\"https:\\\/\\\/chemgramx.com\\\/product\\\/golden-mammoth-mushrooms-kaufen\\\/\",\"url\":\"https:\\\/\\\/chemgramx.com\\\/product\\\/golden-mammoth-mushrooms-kaufen\\\/\",\"name\":\"Golden Mammoth Mushrooms Kaufen | Premium Psilocybin Chemgramx\",\"isPartOf\":{\"@id\":\"https:\\\/\\\/chemgramx.com\\\/#website\"},\"primaryImageOfPage\":{\"@id\":\"https:\\\/\\\/chemgramx.com\\\/product\\\/golden-mammoth-mushrooms-kaufen\\\/#primaryimage\"},\"image\":{\"@id\":\"https:\\\/\\\/chemgramx.com\\\/product\\\/golden-mammoth-mushrooms-kaufen\\\/#primaryimage\"},\"thumbnailUrl\":\"https:\\\/\\\/chemgramx.com\\\/wp-content\\\/uploads\\\/2025\\\/11\\\/buy-golden-mammoth-mushrooms-online-premium-golden-mammoth-magic-mushrooms.webp\",\"datePublished\":\"2025-11-21T11:21:56+00:00\",\"dateModified\":\"2025-11-21T14:26:38+00:00\",\"description\":\"Golden Mammoth Mushrooms kaufen - beliebte Psilocybin Sorte f\u00fcr spirituelle Erfahrungen. Frisch &amp; diskret. Laborgepr\u00fcfte Qualit\u00e4t. Jetzt entdecken!\",\"breadcrumb\":{\"@id\":\"https:\\\/\\\/chemgramx.com\\\/product\\\/golden-mammoth-mushrooms-kaufen\\\/#breadcrumb\"},\"inLanguage\":\"hu\",\"potentialAction\":[{\"@type\":\"ReadAction\",\"target\":[\"https:\\\/\\\/chemgramx.com\\\/product\\\/golden-mammoth-mushrooms-kaufen\\\/\"]}]},{\"@type\":\"ImageObject\",\"inLanguage\":\"hu\",\"@id\":\"https:\\\/\\\/chemgramx.com\\\/product\\\/golden-mammoth-mushrooms-kaufen\\\/#primaryimage\",\"url\":\"https:\\\/\\\/chemgramx.com\\\/wp-content\\\/uploads\\\/2025\\\/11\\\/buy-golden-mammoth-mushrooms-online-premium-golden-mammoth-magic-mushrooms.webp\",\"contentUrl\":\"https:\\\/\\\/chemgramx.com\\\/wp-content\\\/uploads\\\/2025\\\/11\\\/buy-golden-mammoth-mushrooms-online-premium-golden-mammoth-magic-mushrooms.webp\",\"width\":768,\"height\":1152},{\"@type\":\"BreadcrumbList\",\"@id\":\"https:\\\/\\\/chemgramx.com\\\/product\\\/golden-mammoth-mushrooms-kaufen\\\/#breadcrumb\",\"itemListElement\":[{\"@type\":\"ListItem\",\"position\":1,\"name\":\"Home\",\"item\":\"https:\\\/\\\/chemgramx.com\\\/\"},{\"@type\":\"ListItem\",\"position\":2,\"name\":\"Shop\",\"item\":\"https:\\\/\\\/chemgramx.com\\\/shop\\\/\"},{\"@type\":\"ListItem\",\"position\":3,\"name\":\"Golden Mammoth Mushrooms Kaufen\"}]},{\"@type\":\"WebSite\",\"@id\":\"https:\\\/\\\/chemgramx.com\\\/#website\",\"url\":\"https:\\\/\\\/chemgramx.com\\\/\",\"name\":\"Chemgramx\",\"description\":\"\",\"publisher\":{\"@id\":\"https:\\\/\\\/chemgramx.com\\\/#organization\"},\"potentialAction\":[{\"@type\":\"SearchAction\",\"target\":{\"@type\":\"EntryPoint\",\"urlTemplate\":\"https:\\\/\\\/chemgramx.com\\\/?s={search_term_string}\"},\"query-input\":{\"@type\":\"PropertyValueSpecification\",\"valueRequired\":true,\"valueName\":\"search_term_string\"}}],\"inLanguage\":\"hu\"},{\"@type\":\"Organization\",\"@id\":\"https:\\\/\\\/chemgramx.com\\\/#organization\",\"name\":\"Chemgramx\",\"url\":\"https:\\\/\\\/chemgramx.com\\\/\",\"logo\":{\"@type\":\"ImageObject\",\"inLanguage\":\"hu\",\"@id\":\"https:\\\/\\\/chemgramx.com\\\/#\\\/schema\\\/logo\\\/image\\\/\",\"url\":\"https:\\\/\\\/chemgramx.com\\\/wp-content\\\/uploads\\\/2024\\\/10\\\/final-logo.png\",\"contentUrl\":\"https:\\\/\\\/chemgramx.com\\\/wp-content\\\/uploads\\\/2024\\\/10\\\/final-logo.png\",\"width\":250,\"height\":48,\"caption\":\"Chemgramx\"},\"image\":{\"@id\":\"https:\\\/\\\/chemgramx.com\\\/#\\\/schema\\\/logo\\\/image\\\/\"}}]}<\/script>\n<!-- \/ Yoast SEO plugin. -->","yoast_head_json":{"title":"V\u00e1s\u00e1roljon arany mamutgomb\u00e1t | Premium Psilocybin Chemgramx","description":"Golden Mammoth Mushrooms kaufen - beliebte Psilocybin Sorte f\u00fcr spirituelle Erfahrungen. Frisch &amp; diskret. Laborgepr\u00fcfte Qualit\u00e4t. Jetzt entdecken!","robots":{"index":"index","follow":"follow","max-snippet":"max-snippet:-1","max-image-preview":"max-image-preview:large","max-video-preview":"max-video-preview:-1"},"canonical":"https:\/\/chemgramx.com\/hu\/termek-1\/vasarolni-arany-mamut-gomba\/","og_locale":"hu_HU","og_type":"article","og_title":"Golden Mammoth Mushrooms Kaufen | Premium Psilocybin Chemgramx","og_description":"Golden Mammoth Mushrooms kaufen - beliebte Psilocybin Sorte f\u00fcr spirituelle Erfahrungen. Frisch &amp; diskret. Laborgepr\u00fcfte Qualit\u00e4t. Jetzt entdecken!","og_url":"https:\/\/chemgramx.com\/hu\/termek-1\/vasarolni-arany-mamut-gomba\/","og_site_name":"Chemgramx","article_modified_time":"2025-11-21T14:26:38+00:00","og_image":[{"width":768,"height":1152,"url":"https:\/\/chemgramx.com\/wp-content\/uploads\/2025\/11\/buy-golden-mammoth-mushrooms-online-premium-golden-mammoth-magic-mushrooms.webp","type":"image\/webp"}],"twitter_card":"summary_large_image","twitter_misc":{"Becs\u00fclt olvas\u00e1si id\u0151":"4 perc"},"schema":{"@context":"https:\/\/schema.org","@graph":[{"@type":"WebPage","@id":"https:\/\/chemgramx.com\/product\/golden-mammoth-mushrooms-kaufen\/","url":"https:\/\/chemgramx.com\/product\/golden-mammoth-mushrooms-kaufen\/","name":"V\u00e1s\u00e1roljon arany mamutgomb\u00e1t | Premium Psilocybin Chemgramx","isPartOf":{"@id":"https:\/\/chemgramx.com\/#website"},"primaryImageOfPage":{"@id":"https:\/\/chemgramx.com\/product\/golden-mammoth-mushrooms-kaufen\/#primaryimage"},"image":{"@id":"https:\/\/chemgramx.com\/product\/golden-mammoth-mushrooms-kaufen\/#primaryimage"},"thumbnailUrl":"https:\/\/chemgramx.com\/wp-content\/uploads\/2025\/11\/buy-golden-mammoth-mushrooms-online-premium-golden-mammoth-magic-mushrooms.webp","datePublished":"2025-11-21T11:21:56+00:00","dateModified":"2025-11-21T14:26:38+00:00","description":"Golden Mammoth Mushrooms kaufen - beliebte Psilocybin Sorte f\u00fcr spirituelle Erfahrungen. Frisch &amp; diskret. Laborgepr\u00fcfte Qualit\u00e4t. Jetzt entdecken!","breadcrumb":{"@id":"https:\/\/chemgramx.com\/product\/golden-mammoth-mushrooms-kaufen\/#breadcrumb"},"inLanguage":"hu","potentialAction":[{"@type":"ReadAction","target":["https:\/\/chemgramx.com\/product\/golden-mammoth-mushrooms-kaufen\/"]}]},{"@type":"ImageObject","inLanguage":"hu","@id":"https:\/\/chemgramx.com\/product\/golden-mammoth-mushrooms-kaufen\/#primaryimage","url":"https:\/\/chemgramx.com\/wp-content\/uploads\/2025\/11\/buy-golden-mammoth-mushrooms-online-premium-golden-mammoth-magic-mushrooms.webp","contentUrl":"https:\/\/chemgramx.com\/wp-content\/uploads\/2025\/11\/buy-golden-mammoth-mushrooms-online-premium-golden-mammoth-magic-mushrooms.webp","width":768,"height":1152},{"@type":"BreadcrumbList","@id":"https:\/\/chemgramx.com\/product\/golden-mammoth-mushrooms-kaufen\/#breadcrumb","itemListElement":[{"@type":"ListItem","position":1,"name":"Home","item":"https:\/\/chemgramx.com\/"},{"@type":"ListItem","position":2,"name":"Shop","item":"https:\/\/chemgramx.com\/shop\/"},{"@type":"ListItem","position":3,"name":"Golden Mammoth Mushrooms Kaufen"}]},{"@type":"WebSite","@id":"https:\/\/chemgramx.com\/#website","url":"https:\/\/chemgramx.com\/","name":"Chemgramx","description":"","publisher":{"@id":"https:\/\/chemgramx.com\/#organization"},"potentialAction":[{"@type":"SearchAction","target":{"@type":"EntryPoint","urlTemplate":"https:\/\/chemgramx.com\/?s={search_term_string}"},"query-input":{"@type":"PropertyValueSpecification","valueRequired":true,"valueName":"search_term_string"}}],"inLanguage":"hu"},{"@type":"Organization","@id":"https:\/\/chemgramx.com\/#organization","name":"Chemgramx","url":"https:\/\/chemgramx.com\/","logo":{"@type":"ImageObject","inLanguage":"hu","@id":"https:\/\/chemgramx.com\/#\/schema\/logo\/image\/","url":"https:\/\/chemgramx.com\/wp-content\/uploads\/2024\/10\/final-logo.png","contentUrl":"https:\/\/chemgramx.com\/wp-content\/uploads\/2024\/10\/final-logo.png","width":250,"height":48,"caption":"Chemgramx"},"image":{"@id":"https:\/\/chemgramx.com\/#\/schema\/logo\/image\/"}}]}},"_links":{"self":[{"href":"https:\/\/chemgramx.com\/hu\/wp-json\/wp\/v2\/product\/7811","targetHints":{"allow":["GET"]}}],"collection":[{"href":"https:\/\/chemgramx.com\/hu\/wp-json\/wp\/v2\/product"}],"about":[{"href":"https:\/\/chemgramx.com\/hu\/wp-json\/wp\/v2\/types\/product"}],"replies":[{"embeddable":true,"href":"https:\/\/chemgramx.com\/hu\/wp-json\/wp\/v2\/comments?post=7811"}],"wp:featuredmedia":[{"embeddable":true,"href":"https:\/\/chemgramx.com\/hu\/wp-json\/wp\/v2\/media\/7846"}],"wp:attachment":[{"href":"https:\/\/chemgramx.com\/hu\/wp-json\/wp\/v2\/media?parent=7811"}],"wp:term":[{"taxonomy":"product_brand","embeddable":true,"href":"https:\/\/chemgramx.com\/hu\/wp-json\/wp\/v2\/product_brand?post=7811"},{"taxonomy":"product_cat","embeddable":true,"href":"https:\/\/chemgramx.com\/hu\/wp-json\/wp\/v2\/product_cat?post=7811"},{"taxonomy":"product_tag","embeddable":true,"href":"https:\/\/chemgramx.com\/hu\/wp-json\/wp\/v2\/product_tag?post=7811"}],"curies":[{"name":"wp","href":"https:\/\/api.w.org\/{rel}","templated":true}]}}