{"id":7816,"date":"2025-11-21T11:21:57","date_gmt":"2025-11-21T11:21:57","guid":{"rendered":"https:\/\/chemgramx.com\/?post_type=product&#038;p=7816"},"modified":"2025-11-21T11:24:12","modified_gmt":"2025-11-21T11:24:12","slug":"vasarolni-vegso-gomba","status":"publish","type":"product","link":"https:\/\/chemgramx.com\/hu\/product\/ultimate-mushroom-kaufen\/","title":{"rendered":"Megveszem Ultimate Mushroom"},"content":{"rendered":"<p class=\"ds-markdown-paragraph\"><strong>\u00a0<\/strong>Fedezze fel az Ultimate Mushroom kollekci\u00f3nkat - speci\u00e1lisan termesztett pszilocibintartalm\u00fa gomb\u00e1k kiv\u00e9telesen magas hat\u00e1sfokkal. T\u00f6k\u00e9letes az intenz\u00edv tudatt\u00e1g\u00edt\u00f3 \u00e9lm\u00e9nyt keres\u0151 tapasztalt felhaszn\u00e1l\u00f3k sz\u00e1m\u00e1ra. Minden egyes t\u00e9telt laborat\u00f3riumban tesztel\u00fcnk a maxim\u00e1lis min\u0151s\u00e9g \u00e9s biztons\u00e1g \u00e9rdek\u00e9ben.<\/p>\n<p class=\"ds-markdown-paragraph\"><strong>Mi\u00e9rt az Ultimate Mushroom a megfelel\u0151 v\u00e1laszt\u00e1s<\/strong><\/p>\n<ul>\n<li>\n<p class=\"ds-markdown-paragraph\"><strong>Legnagyobb hat\u00e9konys\u00e1g:<\/strong>\u00a0Kiv\u00e9telesen magas pszilocibintartalom<\/p>\n<\/li>\n<li>\n<p class=\"ds-markdown-paragraph\"><strong>Ellen\u0151rz\u00f6tt min\u0151s\u00e9g:<\/strong>\u00a0Optim\u00e1lis <a href=\"https:\/\/chemgramx.com\/product\/5-meo-dmt-2\/\">Teny\u00e9szt\u00e9si felt\u00e9telek<\/a> laborat\u00f3riumi szabv\u00e1nyok szerint<\/p>\n<\/li>\n<li>\n<p class=\"ds-markdown-paragraph\"><strong>Azonnali sz\u00e1ll\u00edt\u00e1s:<\/strong>\u00a0Napi friss betakar\u00edt\u00e1s \u00e9s k\u00f6zvetlen kisz\u00e1ll\u00edt\u00e1s<\/p>\n<\/li>\n<li>\n<p class=\"ds-markdown-paragraph\"><strong>\u00c1tl\u00e1tsz\u00f3 eredet:<\/strong>\u00a0Teljesen nyomon k\u00f6vethet\u0151 gy\u00e1rt\u00e1s<\/p>\n<\/li>\n<\/ul>\n<p class=\"ds-markdown-paragraph\"><strong>Ultimate Mushroom term\u00e9kv\u00e1ltozatok<\/strong><\/p>\n<p class=\"ds-markdown-paragraph\"><strong>V\u00e9gs\u0151 gomba sz\u00e1r\u00edtott<\/strong><\/p>\n<ul>\n<li>\n<p class=\"ds-markdown-paragraph\"><strong>5g-os pr\u00e9mium csomag:<\/strong>\u00a0Ide\u00e1lis a nagy potenci\u00e1j\u00fa fajt\u00e1k \u00fajonnan \u00e9rkez\u0151k sz\u00e1m\u00e1ra.<\/p>\n<\/li>\n<li>\n<p class=\"ds-markdown-paragraph\"><strong>10g tapasztalt csomag:<\/strong>\u00a0T\u00f6k\u00e9letes a rendszeres felhaszn\u00e1l\u00f3k sz\u00e1m\u00e1ra<\/p>\n<\/li>\n<li>\n<p class=\"ds-markdown-paragraph\"><strong>25g-os t\u00e1rol\u00f3csomag:<\/strong>\u00a0K\u00f6lts\u00e9ghat\u00e9kony a hossz\u00fa t\u00e1v\u00fa ig\u00e9nyekhez<\/p>\n<\/li>\n<\/ul>\n<p class=\"ds-markdown-paragraph\"><strong>V\u00e9gs\u0151 gomba friss<\/strong><\/p>\n<ul>\n<li>\n<p class=\"ds-markdown-paragraph\"><strong>15g-os friss csomagol\u00e1s:<\/strong>\u00a0Frissen sz\u00fcretelve \u00e9s csomagolva az adott napon<\/p>\n<\/li>\n<li>\n<p class=\"ds-markdown-paragraph\"><strong>30g-os \u00f6mlesztett csomagol\u00e1s:<\/strong>\u00a0K\u00f6z\u00f6s \u00e9lm\u00e9nyek vagy hosszabb id\u0151szakok eset\u00e9n<\/p>\n<\/li>\n<\/ul>\n<p class=\"ds-markdown-paragraph\"><strong>Mi jellemzi az Ultimate Mushroomot<\/strong><\/p>\n<p class=\"ds-markdown-paragraph\">Az Ultimate Mushroom a pszilocibintartalm\u00fa gomb\u00e1k fels\u0151 kateg\u00f3ri\u00e1j\u00e1t k\u00e9pviseli:<\/p>\n<ul>\n<li>\n<p class=\"ds-markdown-paragraph\"><strong>Intenz\u00edv hat\u00e1s:<\/strong>\u00a0Er\u0151s vizu\u00e1lis \u00e9s kognit\u00edv hat\u00e1sok<\/p>\n<\/li>\n<li>\n<p class=\"ds-markdown-paragraph\"><strong>M\u00e9ly betekint\u00e9s:<\/strong>\u00a0K\u00fcl\u00f6n\u00f6sen alkalmas spiritu\u00e1lis gyakorlatra<\/p>\n<\/li>\n<li>\n<p class=\"ds-markdown-paragraph\"><strong>Hossz\u00fa hagyom\u00e1ny:<\/strong>\u00a0\u00c9vtizedes teny\u00e9szt\u00e9si tapasztalat<\/p>\n<\/li>\n<li>\n<p class=\"ds-markdown-paragraph\"><strong>K\u00f6vetkezetes min\u0151s\u00e9g:<\/strong>\u00a0Konzisztens hat\u00e9konys\u00e1g minden t\u00e9telben<\/p>\n<\/li>\n<\/ul>\n<p class=\"ds-markdown-paragraph\"><strong>Biztons\u00e1g \u00e9s felel\u0151ss\u00e9gteljes kezel\u00e9s<\/strong><\/p>\n<p class=\"ds-markdown-paragraph\"><strong>K\u00fcl\u00f6n\u00f6sen \u00f3vatosan b\u00e1njon a nagyon er\u0151s gomb\u00e1kkal:<\/strong><\/p>\n<ul>\n<li>\n<p class=\"ds-markdown-paragraph\"><strong>Sz\u00fcks\u00e9ges tapasztalat:<\/strong>\u00a0Nem az els\u0151 pszichedelikus \u00e9lm\u00e9nyekhez<\/p>\n<\/li>\n<li>\n<p class=\"ds-markdown-paragraph\"><strong>Cs\u00f6kkentett kezd\u0151 adag:<\/strong>\u00a0Legfeljebb 0,5-1 g a fajt\u00e1val kapcsolatos kezdeti tapasztalatokhoz.<\/p>\n<\/li>\n<li>\n<p class=\"ds-markdown-paragraph\"><strong>Szakmai t\u00e1mogat\u00e1s:<\/strong>\u00a0Mindig egy tapasztalt utaz\u00f3 k\u00eds\u00e9ret\u00e9ben<\/p>\n<\/li>\n<li>\n<p class=\"ds-markdown-paragraph\"><strong>Elegend\u0151 id\u0151:<\/strong>\u00a0Tervezzen legal\u00e1bb 8 \u00f3r\u00e1t k\u00f6telezetts\u00e9gek n\u00e9lk\u00fcl<\/p>\n<\/li>\n<\/ul>\n<p class=\"ds-markdown-paragraph\"><strong>Adagol\u00e1si aj\u00e1nl\u00e1sok<\/strong><\/p>\n<p class=\"ds-markdown-paragraph\"><strong>Tapasztalt felhaszn\u00e1l\u00f3k sz\u00e1m\u00e1ra:<\/strong><\/p>\n<ul>\n<li>\n<p class=\"ds-markdown-paragraph\"><strong>K\u00f6nny\u0171 tapasztalat:<\/strong>\u00a00,5-1,0g sz\u00e1r\u00edtott v\u00e9gs\u0151 gomba<\/p>\n<\/li>\n<li>\n<p class=\"ds-markdown-paragraph\"><strong>Standard tapasztalat:<\/strong>\u00a01.0-2.0g sz\u00e1r\u00edtott v\u00e9gs\u0151 gomba<\/p>\n<\/li>\n<li>\n<p class=\"ds-markdown-paragraph\"><strong>Intenz\u00edv tapasztalat:<\/strong>\u00a02.0-3.0g sz\u00e1r\u00edtott v\u00e9gs\u0151 gomba<\/p>\n<\/li>\n<li>\n<p class=\"ds-markdown-paragraph\"><strong>Maxim\u00e1lis tapasztalat:<\/strong>\u00a03.0-4.0g sz\u00e1r\u00edtott v\u00e9gs\u0151 gomba<\/p>\n<\/li>\n<\/ul>\n<p class=\"ds-markdown-paragraph\"><strong>Egyszer\u0171 rendel\u00e9si folyamat<\/strong><\/p>\n<ol start=\"1\">\n<li>\n<p class=\"ds-markdown-paragraph\"><strong>V\u00e1lassza ki a v\u00e1ltozatot:<\/strong>\u00a0D\u00f6nts\u00f6n friss vagy sz\u00e1r\u00edtott<\/p>\n<\/li>\n<li>\n<p class=\"ds-markdown-paragraph\"><strong>V\u00e1lassza ki a mennyis\u00e9get:<\/strong>\u00a0V\u00e1lassza ki a megfelel\u0151 csomagm\u00e9retet<\/p>\n<\/li>\n<li>\n<p class=\"ds-markdown-paragraph\"><strong>Biztons\u00e1gos fizet\u00e9s:<\/strong>\u00a0K\u00fcl\u00f6nb\u00f6z\u0151 diszkr\u00e9t fizet\u00e9si lehet\u0151s\u00e9gek<\/p>\n<\/li>\n<li>\n<p class=\"ds-markdown-paragraph\"><strong>Diszkr\u00e9t sz\u00e1ll\u00edt\u00e1s:<\/strong>\u00a0Semleges csomagol\u00e1s gyors fut\u00e1rral<\/p>\n<\/li>\n<\/ol>\n<p class=\"ds-markdown-paragraph\"><strong>Gyakran ism\u00e9telt k\u00e9rd\u00e9sek (GYIK)<\/strong><\/p>\n<p class=\"ds-markdown-paragraph\"><strong>K: Mennyire er\u0151s az Ultimate Mushrooms ehhez k\u00e9pest?<\/strong><br \/>\nV: K\u00f6r\u00fclbel\u00fcl 50-70% er\u0151sebb, mint a standard t\u00f6rzsek, mint a Golden Teacher vagy a McKennaii.<\/p>\n<p class=\"ds-markdown-paragraph\"><strong>K: Alkalmasak mikroadagol\u00e1sra?<\/strong><br \/>\nV: Igen, de cs\u00f6kkentse az adagot: 0,05-0,1g mikroadagonk\u00e9nt 0,1-0,2g helyett 0,05-0,1g.<\/p>\n<p class=\"ds-markdown-paragraph\"><strong>K: Mennyi ideig tart a hat\u00e1s id\u0151tartama?<\/strong><br \/>\nV: \u00c1ltal\u00e1ban 4-6 \u00f3ra, az ut\u00f3hat\u00e1s ak\u00e1r 8 \u00f3r\u00e1n \u00e1t is tarthat.<\/p>\n<p class=\"ds-markdown-paragraph\"><strong>K: Milyenek a vizu\u00e1lis effektek?<\/strong><br \/>\nA: Nagyon intenz\u00edv, er\u0151s geometrikus mint\u00e1kkal \u00e9s sz\u00ednkiemel\u00e9ssel.<\/p>\n<p class=\"ds-markdown-paragraph\"><strong>Q: Helyes t\u00e1rol\u00e1s?<\/strong><br \/>\nV: Sz\u00e1r\u00edtva: h\u0171v\u00f6s, s\u00f6t\u00e9t, l\u00e9gmentesen z\u00e1rva. Frissen: h\u0171t\u0151ben, gyorsan fogyaszthat\u00f3.<\/p>\n<p class=\"ds-markdown-paragraph\"><strong>Mi\u00e9rt b\u00edznak benn\u00fcnk az \u00fcgyfelek<\/strong><\/p>\n<ul>\n<li>\n<p class=\"ds-markdown-paragraph\"><strong>T\u00f6bb \u00e9ves szak\u00e9rtelem:<\/strong>\u00a0T\u00f6bb mint 10 \u00e9ves tapasztalat a nagy hat\u00e1s\u00fa gomb\u00e1kkal kapcsolatban<\/p>\n<\/li>\n<li>\n<p class=\"ds-markdown-paragraph\"><strong>Szem\u00e9lyre szabott tan\u00e1csad\u00e1s:<\/strong>\u00a0Egyedi adagol\u00e1si aj\u00e1nl\u00e1sok<\/p>\n<\/li>\n<li>\n<p class=\"ds-markdown-paragraph\"><strong>A diszkr\u00e9ci\u00f3 garant\u00e1lt:<\/strong>\u00a0Abszol\u00fat titoktart\u00e1s<\/p>\n<\/li>\n<li>\n<p class=\"ds-markdown-paragraph\"><strong>El\u00e9gedetts\u00e9gi garancia:<\/strong>\u00a0Azonnali csere min\u0151s\u00e9gi agg\u00e1lyok eset\u00e9n<\/p>\n<\/li>\n<\/ul>\n<p class=\"ds-markdown-paragraph\"><strong>Kezdje el a v\u00e9gs\u0151 utaz\u00e1st<\/strong><\/p>\n<p class=\"ds-markdown-paragraph\">Az Ultimate Mushroom az egyik legintenz\u00edvebb pszichedelikus \u00e9lm\u00e9nyt k\u00edn\u00e1lja. T\u00f6k\u00e9letes a spiritu\u00e1lis fejl\u0151d\u00e9shez, m\u00e9ly \u00f6nismerethez \u00e9s \u00e1talak\u00edt\u00f3 \u00e9lm\u00e9nyekhez.<\/p>","protected":false},"excerpt":{"rendered":"<p>V\u00e1s\u00e1roljon Ultimate Mushroomot pr\u00e9mium min\u0151s\u00e9gben. A rendk\u00edv\u00fcl er\u0151s pszilocibintartalm\u00fa gomb\u00e1ink intenz\u00edv elm\u00e9t t\u00e1g\u00edt\u00f3 \u00e9lm\u00e9nyt ny\u00fajtanak. Frissen szedett, k\u00edm\u00e9letesen sz\u00e1r\u00edtott \u00e9s diszkr\u00e9ten csomagolt. Adagol\u00e1si tan\u00e1csokkal.<\/p>","protected":false},"featured_media":7851,"comment_status":"open","ping_status":"closed","template":"","meta":{"_joinchat":[]},"product_brand":[],"product_cat":[3192],"product_tag":[2879,2899,2900,2865,2901,2874,2866,2870,2902,2898],"class_list":{"0":"post-7816","1":"product","2":"type-product","3":"status-publish","4":"has-post-thumbnail","6":"product_cat-ketamine","7":"product_tag-bewusstseinserweiternd","8":"product_tag-hochpotent","9":"product_tag-magic-mushrooms","10":"product_tag-mikrodosierung","11":"product_tag-premium-pilze","12":"product_tag-psilocybin-pilze","13":"product_tag-psychedelisch","14":"product_tag-psychoaktiv","15":"product_tag-spirituell","16":"product_tag-ultimate-mushroom","18":"first","19":"instock","20":"shipping-taxable","21":"purchasable","22":"product-type-variable"},"yoast_head":"<!-- This site is optimized with the Yoast SEO plugin v27.5 - https:\/\/yoast.com\/product\/yoast-seo-wordpress\/ -->\n<title>Ultimate Mushroom Kaufen | Premium Psilocybin Pilze Chemgramx<\/title>\n<meta name=\"description\" content=\"Ultimate Mushroom kaufen - h\u00f6chste Psilocybin Potenz.\" \/>\n<meta name=\"robots\" content=\"index, follow, max-snippet:-1, max-image-preview:large, max-video-preview:-1\" \/>\n<link rel=\"canonical\" href=\"https:\/\/chemgramx.com\/hu\/termek-1\/vasarolni-vegso-gomba\/\" \/>\n<meta property=\"og:locale\" content=\"hu_HU\" \/>\n<meta property=\"og:type\" content=\"article\" \/>\n<meta property=\"og:title\" content=\"Ultimate Mushroom Kaufen | Premium Psilocybin Pilze Chemgramx\" \/>\n<meta property=\"og:description\" content=\"Ultimate Mushroom kaufen - h\u00f6chste Psilocybin Potenz.\" \/>\n<meta property=\"og:url\" content=\"https:\/\/chemgramx.com\/hu\/termek-1\/vasarolni-vegso-gomba\/\" \/>\n<meta property=\"og:site_name\" content=\"Chemgramx\" \/>\n<meta property=\"article:modified_time\" content=\"2025-11-21T11:24:12+00:00\" \/>\n<meta property=\"og:image\" content=\"https:\/\/chemgramx.com\/wp-content\/uploads\/2025\/11\/buy-ultimate-mushroom-growing-kit-online-all-in-one-mushroom-grow-.jpg\" \/>\n\t<meta property=\"og:image:width\" content=\"768\" \/>\n\t<meta property=\"og:image:height\" content=\"1053\" \/>\n\t<meta property=\"og:image:type\" content=\"image\/jpeg\" \/>\n<meta name=\"twitter:card\" content=\"summary_large_image\" \/>\n<meta name=\"twitter:label1\" content=\"Becs\u00fclt olvas\u00e1si id\u0151\" \/>\n\t<meta name=\"twitter:data1\" content=\"2 perc\" \/>\n<script type=\"application\/ld+json\" class=\"yoast-schema-graph\">{\"@context\":\"https:\\\/\\\/schema.org\",\"@graph\":[{\"@type\":\"WebPage\",\"@id\":\"https:\\\/\\\/chemgramx.com\\\/product\\\/ultimate-mushroom-kaufen\\\/\",\"url\":\"https:\\\/\\\/chemgramx.com\\\/product\\\/ultimate-mushroom-kaufen\\\/\",\"name\":\"Ultimate Mushroom Kaufen | Premium Psilocybin Pilze Chemgramx\",\"isPartOf\":{\"@id\":\"https:\\\/\\\/chemgramx.com\\\/#website\"},\"primaryImageOfPage\":{\"@id\":\"https:\\\/\\\/chemgramx.com\\\/product\\\/ultimate-mushroom-kaufen\\\/#primaryimage\"},\"image\":{\"@id\":\"https:\\\/\\\/chemgramx.com\\\/product\\\/ultimate-mushroom-kaufen\\\/#primaryimage\"},\"thumbnailUrl\":\"https:\\\/\\\/chemgramx.com\\\/wp-content\\\/uploads\\\/2025\\\/11\\\/buy-ultimate-mushroom-growing-kit-online-all-in-one-mushroom-grow-.jpg\",\"datePublished\":\"2025-11-21T11:21:57+00:00\",\"dateModified\":\"2025-11-21T11:24:12+00:00\",\"description\":\"Ultimate Mushroom kaufen - h\u00f6chste Psilocybin Potenz.\",\"breadcrumb\":{\"@id\":\"https:\\\/\\\/chemgramx.com\\\/product\\\/ultimate-mushroom-kaufen\\\/#breadcrumb\"},\"inLanguage\":\"hu\",\"potentialAction\":[{\"@type\":\"ReadAction\",\"target\":[\"https:\\\/\\\/chemgramx.com\\\/product\\\/ultimate-mushroom-kaufen\\\/\"]}]},{\"@type\":\"ImageObject\",\"inLanguage\":\"hu\",\"@id\":\"https:\\\/\\\/chemgramx.com\\\/product\\\/ultimate-mushroom-kaufen\\\/#primaryimage\",\"url\":\"https:\\\/\\\/chemgramx.com\\\/wp-content\\\/uploads\\\/2025\\\/11\\\/buy-ultimate-mushroom-growing-kit-online-all-in-one-mushroom-grow-.jpg\",\"contentUrl\":\"https:\\\/\\\/chemgramx.com\\\/wp-content\\\/uploads\\\/2025\\\/11\\\/buy-ultimate-mushroom-growing-kit-online-all-in-one-mushroom-grow-.jpg\",\"width\":768,\"height\":1053},{\"@type\":\"BreadcrumbList\",\"@id\":\"https:\\\/\\\/chemgramx.com\\\/product\\\/ultimate-mushroom-kaufen\\\/#breadcrumb\",\"itemListElement\":[{\"@type\":\"ListItem\",\"position\":1,\"name\":\"Home\",\"item\":\"https:\\\/\\\/chemgramx.com\\\/\"},{\"@type\":\"ListItem\",\"position\":2,\"name\":\"Shop\",\"item\":\"https:\\\/\\\/chemgramx.com\\\/shop\\\/\"},{\"@type\":\"ListItem\",\"position\":3,\"name\":\"Ultimate Mushroom kaufen\"}]},{\"@type\":\"WebSite\",\"@id\":\"https:\\\/\\\/chemgramx.com\\\/#website\",\"url\":\"https:\\\/\\\/chemgramx.com\\\/\",\"name\":\"Chemgramx\",\"description\":\"\",\"publisher\":{\"@id\":\"https:\\\/\\\/chemgramx.com\\\/#organization\"},\"potentialAction\":[{\"@type\":\"SearchAction\",\"target\":{\"@type\":\"EntryPoint\",\"urlTemplate\":\"https:\\\/\\\/chemgramx.com\\\/?s={search_term_string}\"},\"query-input\":{\"@type\":\"PropertyValueSpecification\",\"valueRequired\":true,\"valueName\":\"search_term_string\"}}],\"inLanguage\":\"hu\"},{\"@type\":\"Organization\",\"@id\":\"https:\\\/\\\/chemgramx.com\\\/#organization\",\"name\":\"Chemgramx\",\"url\":\"https:\\\/\\\/chemgramx.com\\\/\",\"logo\":{\"@type\":\"ImageObject\",\"inLanguage\":\"hu\",\"@id\":\"https:\\\/\\\/chemgramx.com\\\/#\\\/schema\\\/logo\\\/image\\\/\",\"url\":\"https:\\\/\\\/chemgramx.com\\\/wp-content\\\/uploads\\\/2024\\\/10\\\/final-logo.png\",\"contentUrl\":\"https:\\\/\\\/chemgramx.com\\\/wp-content\\\/uploads\\\/2024\\\/10\\\/final-logo.png\",\"width\":250,\"height\":48,\"caption\":\"Chemgramx\"},\"image\":{\"@id\":\"https:\\\/\\\/chemgramx.com\\\/#\\\/schema\\\/logo\\\/image\\\/\"}}]}<\/script>\n<!-- \/ Yoast SEO plugin. -->","yoast_head_json":{"title":"V\u00e1s\u00e1rl\u00e1s V\u00e9gs\u0151 Gomba | Premium Psilocybin Gomba Chemgramx","description":"V\u00e1s\u00e1rolja meg az Ultimate Mushroomot - a legmagasabb pszilocibin-potenci\u00e1l.","robots":{"index":"index","follow":"follow","max-snippet":"max-snippet:-1","max-image-preview":"max-image-preview:large","max-video-preview":"max-video-preview:-1"},"canonical":"https:\/\/chemgramx.com\/hu\/termek-1\/vasarolni-vegso-gomba\/","og_locale":"hu_HU","og_type":"article","og_title":"Ultimate Mushroom Kaufen | Premium Psilocybin Pilze Chemgramx","og_description":"Ultimate Mushroom kaufen - h\u00f6chste Psilocybin Potenz.","og_url":"https:\/\/chemgramx.com\/hu\/termek-1\/vasarolni-vegso-gomba\/","og_site_name":"Chemgramx","article_modified_time":"2025-11-21T11:24:12+00:00","og_image":[{"width":768,"height":1053,"url":"https:\/\/chemgramx.com\/wp-content\/uploads\/2025\/11\/buy-ultimate-mushroom-growing-kit-online-all-in-one-mushroom-grow-.jpg","type":"image\/jpeg"}],"twitter_card":"summary_large_image","twitter_misc":{"Becs\u00fclt olvas\u00e1si id\u0151":"2 perc"},"schema":{"@context":"https:\/\/schema.org","@graph":[{"@type":"WebPage","@id":"https:\/\/chemgramx.com\/product\/ultimate-mushroom-kaufen\/","url":"https:\/\/chemgramx.com\/product\/ultimate-mushroom-kaufen\/","name":"V\u00e1s\u00e1rl\u00e1s V\u00e9gs\u0151 Gomba | Premium Psilocybin Gomba Chemgramx","isPartOf":{"@id":"https:\/\/chemgramx.com\/#website"},"primaryImageOfPage":{"@id":"https:\/\/chemgramx.com\/product\/ultimate-mushroom-kaufen\/#primaryimage"},"image":{"@id":"https:\/\/chemgramx.com\/product\/ultimate-mushroom-kaufen\/#primaryimage"},"thumbnailUrl":"https:\/\/chemgramx.com\/wp-content\/uploads\/2025\/11\/buy-ultimate-mushroom-growing-kit-online-all-in-one-mushroom-grow-.jpg","datePublished":"2025-11-21T11:21:57+00:00","dateModified":"2025-11-21T11:24:12+00:00","description":"V\u00e1s\u00e1rolja meg az Ultimate Mushroomot - a legmagasabb pszilocibin-potenci\u00e1l.","breadcrumb":{"@id":"https:\/\/chemgramx.com\/product\/ultimate-mushroom-kaufen\/#breadcrumb"},"inLanguage":"hu","potentialAction":[{"@type":"ReadAction","target":["https:\/\/chemgramx.com\/product\/ultimate-mushroom-kaufen\/"]}]},{"@type":"ImageObject","inLanguage":"hu","@id":"https:\/\/chemgramx.com\/product\/ultimate-mushroom-kaufen\/#primaryimage","url":"https:\/\/chemgramx.com\/wp-content\/uploads\/2025\/11\/buy-ultimate-mushroom-growing-kit-online-all-in-one-mushroom-grow-.jpg","contentUrl":"https:\/\/chemgramx.com\/wp-content\/uploads\/2025\/11\/buy-ultimate-mushroom-growing-kit-online-all-in-one-mushroom-grow-.jpg","width":768,"height":1053},{"@type":"BreadcrumbList","@id":"https:\/\/chemgramx.com\/product\/ultimate-mushroom-kaufen\/#breadcrumb","itemListElement":[{"@type":"ListItem","position":1,"name":"Home","item":"https:\/\/chemgramx.com\/"},{"@type":"ListItem","position":2,"name":"Shop","item":"https:\/\/chemgramx.com\/shop\/"},{"@type":"ListItem","position":3,"name":"Ultimate Mushroom kaufen"}]},{"@type":"WebSite","@id":"https:\/\/chemgramx.com\/#website","url":"https:\/\/chemgramx.com\/","name":"Chemgramx","description":"","publisher":{"@id":"https:\/\/chemgramx.com\/#organization"},"potentialAction":[{"@type":"SearchAction","target":{"@type":"EntryPoint","urlTemplate":"https:\/\/chemgramx.com\/?s={search_term_string}"},"query-input":{"@type":"PropertyValueSpecification","valueRequired":true,"valueName":"search_term_string"}}],"inLanguage":"hu"},{"@type":"Organization","@id":"https:\/\/chemgramx.com\/#organization","name":"Chemgramx","url":"https:\/\/chemgramx.com\/","logo":{"@type":"ImageObject","inLanguage":"hu","@id":"https:\/\/chemgramx.com\/#\/schema\/logo\/image\/","url":"https:\/\/chemgramx.com\/wp-content\/uploads\/2024\/10\/final-logo.png","contentUrl":"https:\/\/chemgramx.com\/wp-content\/uploads\/2024\/10\/final-logo.png","width":250,"height":48,"caption":"Chemgramx"},"image":{"@id":"https:\/\/chemgramx.com\/#\/schema\/logo\/image\/"}}]}},"_links":{"self":[{"href":"https:\/\/chemgramx.com\/hu\/wp-json\/wp\/v2\/product\/7816","targetHints":{"allow":["GET"]}}],"collection":[{"href":"https:\/\/chemgramx.com\/hu\/wp-json\/wp\/v2\/product"}],"about":[{"href":"https:\/\/chemgramx.com\/hu\/wp-json\/wp\/v2\/types\/product"}],"replies":[{"embeddable":true,"href":"https:\/\/chemgramx.com\/hu\/wp-json\/wp\/v2\/comments?post=7816"}],"wp:featuredmedia":[{"embeddable":true,"href":"https:\/\/chemgramx.com\/hu\/wp-json\/wp\/v2\/media\/7851"}],"wp:attachment":[{"href":"https:\/\/chemgramx.com\/hu\/wp-json\/wp\/v2\/media?parent=7816"}],"wp:term":[{"taxonomy":"product_brand","embeddable":true,"href":"https:\/\/chemgramx.com\/hu\/wp-json\/wp\/v2\/product_brand?post=7816"},{"taxonomy":"product_cat","embeddable":true,"href":"https:\/\/chemgramx.com\/hu\/wp-json\/wp\/v2\/product_cat?post=7816"},{"taxonomy":"product_tag","embeddable":true,"href":"https:\/\/chemgramx.com\/hu\/wp-json\/wp\/v2\/product_tag?post=7816"}],"curies":[{"name":"wp","href":"https:\/\/api.w.org\/{rel}","templated":true}]}}