{"id":7878,"date":"2025-11-21T11:23:56","date_gmt":"2025-11-21T11:23:56","guid":{"rendered":"https:\/\/chemgramx.com\/?post_type=product&#038;p=7878"},"modified":"2025-11-21T11:24:42","modified_gmt":"2025-11-21T11:24:42","slug":"vasarolni-suboxone-csikok","status":"publish","type":"product","link":"https:\/\/chemgramx.com\/hu\/product\/suboxone-streifen-kaufen\/","title":{"rendered":"V\u00e1s\u00e1roljon Suboxone cs\u00edkokat"},"content":{"rendered":"<p>A Suboxone-cs\u00edkok (vagy filmcs\u00edkok) fontos v\u00e9nyk\u00f6teles gy\u00f3gyszerek, amelyeket egy \u00e1tfog\u00f3, orvosilag fel\u00fcgyelt strat\u00e9gia r\u00e9szek\u00e9nt haszn\u00e1lnak a k\u00f6vetkez\u0151 betegs\u00e9gek kezel\u00e9s\u00e9re <b>Opioid-f\u00fcgg\u0151s\u00e9g<\/b> N\u00e9metorsz\u00e1gban haszn\u00e1lj\u00e1k. Ez a gy\u00f3gyszer egyes\u00edti a hat\u00f3anyagokat <b>Buprenorfin<\/b> \u00e9s <b>Naloxon<\/b> \u00e9s szublingv\u00e1lisan (a nyelv alatt) alkalmazz\u00e1k. Rendk\u00edv\u00fcl hat\u00e9kony \u00f6sszetev\u0151je a <b>Helyettes\u00edt\u0151 kezel\u00e9s (SGB)<\/b>, amely pszichoszoci\u00e1lis gondoz\u00e1ssal \u00e9s tan\u00e1csad\u00e1ssal kombin\u00e1lva jelent\u0151sen jav\u00edtja a gy\u00f3gyul\u00e1s es\u00e9lyeit.<\/p>\n<p>Ez az er\u0151forr\u00e1s c\u00e9lja, hogy vil\u00e1gos, megb\u00edzhat\u00f3 \u00e9s SEO-optimaliz\u00e1lt inform\u00e1ci\u00f3kat ny\u00fajtson arr\u00f3l, hogy mi a Suboxone, hogyan m\u0171k\u00f6dik, \u00e9s milyen leg\u00e1lis \u00e9s biztons\u00e1gos m\u00f3djai vannak N\u00e9metorsz\u00e1gban annak, hogy ezt a kezel\u00e9st orvosokon \u00e9s a szok\u00e1sos eg\u00e9szs\u00e9g\u00fcgyi rendszeren kereszt\u00fcl megkapja.<\/p>\n<h2><b>\u00a0A Suboxone (buprenorfin \u00e9s naloxon) meg\u00e9rt\u00e9se<\/b><\/h2>\n<p>A Suboxone k\u00e9t olyan hat\u00f3anyag kombin\u00e1ci\u00f3j\u00e1nak m\u00e1rkaneve, amelyek szinergikusan egy\u00fcttm\u0171k\u00f6dve t\u00e1mogatj\u00e1k az opioidok (p\u00e9ld\u00e1ul heroin vagy er\u0151s, v\u00e9nyk\u00f6teles f\u00e1jdalomcsillap\u00edt\u00f3k) f\u00fcgg\u0151s\u00e9g\u00e9b\u0151l val\u00f3 fel\u00e9p\u00fcl\u00e9st.<\/p>\n<h3><b>\u00a0A Suboxone kett\u0151s hat\u00e1smechanizmusa<\/b><\/h3>\n<p>A gy\u00f3gyszert speci\u00e1lisan filmcs\u00edk form\u00e1j\u00e1ban \u00e1ll\u00edtott\u00e1k \u00f6ssze, amely lehet <b>a nyelv alatt<\/b> fel kell old\u00f3dnia (<b>szublingv\u00e1lis bead\u00e1s<\/b>). Ez biztos\u00edtja, hogy a buprenorfin hat\u00e9konyan felsz\u00edv\u00f3djon, m\u00edg a naloxon nagyr\u00e9szt inakt\u00edv marad.<\/p>\n<ul>\n<li><b>Buprenorfin: a parci\u00e1lis agonista.<\/b> A buprenorfin egy <b>r\u00e9szleges opioid agonista<\/b>. Ez azt jelenti, hogy aktiv\u00e1lja az agy opioid receptorait, csak annyira, hogy <b>Az elvon\u00e1si t\u00fcnetek elfojt\u00e1sa<\/b> \u00e9s a s\u00f3v\u00e1rg\u00e1s cs\u00f6kken. A teljes agonist\u00e1kkal (p\u00e9ld\u00e1ul a heroinnal) ellent\u00e9tben azonban csak korl\u00e1tozott euf\u00f3rikus hat\u00e1st v\u00e1lt ki. Ez a \u201eplafonhat\u00e1s\u201c biztons\u00e1gosabb\u00e1 teszi, \u00e9s kisebb a l\u00e9gz\u00e9sdepresszi\u00f3 kock\u00e1zata, mint m\u00e1s opioidok\u00e9.<\/li>\n<li><b>Naloxon: az opioid-antagonista.<\/b> A naloxon egy <b>Opioid antagonista<\/b> (blokkol\u00f3). Biztons\u00e1gi int\u00e9zked\u00e9sk\u00e9nt szerepel a vissza\u00e9l\u00e9sek megel\u0151z\u00e9se \u00e9rdek\u00e9ben. Ha a Suboxone filmet \u00f6sszet\u00f6rn\u00e9k \u00e9s beadn\u00e1k, a naloxon komponens gyorsan felsz\u00edv\u00f3dna \u00e9s <b>Azonnali \u00e9s s\u00falyos opioid megvon\u00e1si t\u00fcnetek<\/b> kiv\u00e1lt\u00f3 ok. Ez jelent\u0151sen cs\u00f6kkenti az intrav\u00e9n\u00e1s vissza\u00e9l\u00e9sre val\u00f3 \u00f6szt\u00f6nz\u00e9st.<\/li>\n<\/ul>\n<h3><b>\u00a0Mi\u00e9rt sz\u00fcks\u00e9ges orvosilag ez a kezel\u00e9s?<\/b><\/h3>\n<p>Az opioidf\u00fcgg\u0151s\u00e9g \u00f6sszetett, kr\u00f3nikus betegs\u00e9g. A hirtelen abbahagy\u00e1s s\u00falyosan legyeng\u00edt\u0151 elvon\u00e1si t\u00fcnetekhez vezet, amelyek gyakran visszaes\u00e9st eredm\u00e9nyeznek. A Suboxone-cs\u00edkok d\u00f6nt\u0151 szerepet j\u00e1tszanak a stabiliz\u00e1l\u00e1sban:<\/p>\n<ul>\n<li><b>Az elvon\u00e1si t\u00fcnetek elnyom\u00e1sa:<\/b> Cs\u00f6kkenti vagy megsz\u00fcnteti az opioidmegvon\u00e1s f\u00e1jdalmas fizikai t\u00fcneteit.<\/li>\n<li><b>A s\u00f3v\u00e1rg\u00e1s cs\u00f6kkent\u00e9se:<\/b> A receptorok r\u00e9szleges aktiv\u00e1l\u00e1s\u00e1val szab\u00e1lyozza az intenz\u00edv pszichol\u00f3giai s\u00f3v\u00e1rg\u00e1st.<\/li>\n<li><b>A vissza\u00e9l\u00e9sek megel\u0151z\u00e9se (elrettent\u00e9s):<\/b> A naloxon hozz\u00e1ad\u00e1sa megv\u00e9di a gy\u00f3gyszert a vissza\u00e9l\u00e9st\u0151l.<\/li>\n<li><b>A helyre\u00e1ll\u00edt\u00e1s lehet\u0151v\u00e9 t\u00e9tele:<\/b> A gy\u00f3gyszeres kezel\u00e9s \u00e1ltal ny\u00fajtott stabiliz\u00e1ci\u00f3 lehet\u0151v\u00e9 teszi az \u00e9rintettek sz\u00e1m\u00e1ra, hogy hat\u00e9konyan felk\u00e9sz\u00fcljenek a <b>Pszichoszoci\u00e1lis t\u00e1mogat\u00e1s<\/b>, A c\u00e9l az eg\u00e9szs\u00e9ges \u00e9letm\u00f3d kialak\u00edt\u00e1s\u00e1ra, a tan\u00e1csad\u00e1sra \u00e9s m\u00e1s fontos tev\u00e9kenys\u00e9gekre \u00f6sszpontos\u00edt, amelyek a hossz\u00fa t\u00e1v\u00fa fel\u00e9p\u00fcl\u00e9s alapj\u00e1t k\u00e9pezik.<\/li>\n<\/ul>\n<h2><b>A t\u00f6rv\u00e9nyes kezel\u00e9s \u00fatja N\u00e9metorsz\u00e1gban<\/b><\/h2>\n<p>Hozz\u00e1f\u00e9r\u00e9s a Suboxone-hoz \u00e9s hasonl\u00f3khoz <b>helyettes\u00edt\u0151 anyagok<\/b> N\u00e9metorsz\u00e1gban szigor\u00faan szab\u00e1lyozott, \u00e9s a N\u00e9met Orvosi Kamara ir\u00e1nyelvei, valamint a n\u00e9met k\u00e1b\u00edt\u00f3szert\u00f6rv\u00e9ny (BtMG) rendelkez\u00e9sei szerint t\u00f6rt\u00e9nik.<\/p>\n<h3><b>\u00a0Hogyan lehet leg\u00e1lisan hozz\u00e1jutni a Suboxone cs\u00edkokhoz<\/b><\/h3>\n<p>A helyes \u00e9s biztons\u00e1gos \u00fat mindig a regisztr\u00e1lt <b>F\u00fcgg\u0151s\u00e9gi orvos<\/b> vagy egy orvosokkal egy\u00fcttm\u0171k\u00f6d\u0151, speci\u00e1lis f\u00fcgg\u0151s\u00e9gi tan\u00e1csad\u00f3 k\u00f6zpont.<\/p>\n<ol start=\"1\">\n<li><b>Els\u0151 konzult\u00e1ci\u00f3 \u00e9s diagn\u00f3zis:<\/b> K\u00e9rj\u00fck, l\u00e9pjen kapcsolatba a <b>\u00c1ltal\u00e1nos orvos<\/b>, a <b>Addiktol\u00f3giai tan\u00e1csad\u00f3 k\u00f6zpont<\/b> vagy k\u00f6zvetlen\u00fcl egy <b>f\u00fcgg\u0151s\u00e9ggel foglalkoz\u00f3 szakorvos<\/b> (helyettes\u00edt\u0151 orvos). Az enged\u00e9llyel rendelkez\u0151 orvos alapos vizsg\u00e1latot v\u00e9gez, hogy meger\u0151s\u00edtse az opioidf\u00fcgg\u0151s\u00e9g diagn\u00f3zis\u00e1t, \u00e9s meghat\u00e1rozza, hogy a buprenorfin-naloxon a megfelel\u0151 kezel\u00e9si forma.<\/li>\n<li><b>Fel\u00edr\u00e1s \u00e9s kiad\u00e1s (k\u00e1b\u00edt\u00f3szerjog):<\/b> A Suboxone egy <b>K\u00e1b\u00edt\u00f3szerek (BtM)<\/b> \u00e9s speci\u00e1lis s\u00e1rga sz\u00edn\u0171 <b>BtM recept<\/b>. Biztons\u00e1gi okokb\u00f3l, k\u00fcl\u00f6n\u00f6sen a kezel\u00e9s kezdeti szakasz\u00e1ban (<b>A  be\u00e1ll\u00edt\u00e1sa<\/b>), a szalagok sz\u00e1ll\u00edt\u00e1sa \u00e1ltal\u00e1ban <b>napi rendszeress\u00e9ggel \u00e9s k\u00f6zvetlen vizu\u00e1lis ellen\u0151rz\u00e9s mellett egy gy\u00f3gyszert\u00e1rban<\/b> (fel\u00fcgyelt felv\u00e9tel). Ez a fel\u00fcgyelet biztos\u00edtja a helyes adagol\u00e1st, el\u0151seg\u00edti a kezel\u00e9shez val\u00f3 ragaszkod\u00e1st, \u00e9s megakad\u00e1lyozza a gy\u00f3gyszer harmadik f\u00e9lnek val\u00f3 \u00e1tad\u00e1s\u00e1t (diverzi\u00f3).<\/li>\n<li><b>Ter\u00e1pi\u00e1s t\u00e1mogat\u00e1s \u00e9s nyomon k\u00f6vet\u00e9s:<\/b> Az ir\u00e1nymutat\u00e1sok szerint a Suboxone-nal v\u00e9gzett drogkezel\u00e9snek mindig egy \u00e1tfog\u00f3 <b>ter\u00e1pi\u00e1s keretrendszer<\/b> be\u00e1gyazva. Ez mag\u00e1ban foglalja a rendszeres pszichoszoci\u00e1lis t\u00e1mogat\u00e1st, pszichol\u00f3giai tan\u00e1csad\u00e1st \u00e9s a helyi f\u00fcgg\u0151s\u00e9gi t\u00e1mogat\u00f3 csoportokkal val\u00f3 kapcsolattart\u00e1st. A rendszeres orvosi ellen\u0151rz\u00e9sek elengedhetetlenek a fejl\u0151d\u00e9s nyomon k\u00f6vet\u00e9se, az adagol\u00e1s be\u00e1ll\u00edt\u00e1sa \u00e9s az esetleges mell\u00e9khat\u00e1sok vagy eg\u00e9szs\u00e9g\u00fcgyi probl\u00e9m\u00e1k (pl. m\u00e1j\u00e9rt\u00e9kek) korai felismer\u00e9se \u00e9rdek\u00e9ben.<\/li>\n<\/ol>\n<h3><b>\u00a0Jogi \u00e9s biztons\u00e1gi szempontb\u00f3l fontos t\u00e9nyek N\u00e9metorsz\u00e1gban<\/b><\/h3>\n<ul>\n<li><b>Csak v\u00e9nyk\u00f6teles:<\/b> A Suboxone <b>Szigor\u00faan v\u00e9nyk\u00f6teles<\/b>. Minden olyan aj\u00e1nlat, amely v\u00e9ny n\u00e9lk\u00fcl t\u00f6rt\u00e9n\u0151 elad\u00e1st \u00edg\u00e9r. <b>illeg\u00e1lis<\/b> \u00e9s egy hatalmas <b>Eg\u00e9szs\u00e9g\u00fcgyi kock\u00e1zat<\/b> k\u00e9pviseli.<\/li>\n<li><b>BtM st\u00e1tusz:<\/b> A k\u00e1b\u00edt\u00f3szer st\u00e1tusz\u00e1b\u00f3l ad\u00f3d\u00f3an a fel\u00edr\u00e1sra, sz\u00e1ll\u00edt\u00e1sra \u00e9s t\u00e1rol\u00e1sra szigor\u00fa jogi el\u0151\u00edr\u00e1sok \u00e9s dokument\u00e1ci\u00f3s k\u00f6vetelm\u00e9nyek vonatkoznak.<\/li>\n<li><b>Jogos\u00edtv\u00e1ny:<\/b> A stabil, ellen\u0151rz\u00f6tt szubsztit\u00faci\u00f3s kezel\u00e9s alatt \u00e1ll\u00f3 betegek bizonyos felt\u00e9telek mellett megtarthatj\u00e1k vagy visszaszerezhetik vezet\u0151i enged\u00e9ly\u00fcket. Ezt egy\u00e9nileg kell tiszt\u00e1zni egy k\u00f6zleked\u00e9s-eg\u00e9szs\u00e9g\u00fcgyi vizsg\u00e1lat sor\u00e1n.<\/li>\n<\/ul>\n<h2><b>Fontos inform\u00e1ci\u00f3k a bevitelr\u0151l \u00e9s a biztons\u00e1gr\u00f3l<\/b><\/h2>\n<p>A Suboxone szed\u00e9se megk\u00f6veteli az orvos utas\u00edt\u00e1sainak szigor\u00fa betart\u00e1s\u00e1t. A helytelen alkalmaz\u00e1s - k\u00fcl\u00f6n\u00f6sen a szalagok szed\u00e9se, amikor egy m\u00e1sik opioid agonista m\u00e9g mindig magas koncentr\u00e1ci\u00f3ban van jelen a szervezetben - a k\u00f6vetkez\u0151kh\u00f6z vezethet <b><a href=\"\/product\/blackberry-kush-bubble-hash-kaufen\/\">kicsap\u00f3dott<\/a> (kiv\u00e1ltott) elvon\u00e1si t\u00fcnetek<\/b> rendk\u00edv\u00fcl kellemetlen \u00e1llapot.<\/p>\n<h3><b>\u00a0Haszn\u00e1lat \u00e9s mell\u00e9khat\u00e1sok<\/b><\/h3>\n<p>A filmszalagnak <b>a nyelv alatt<\/b> \u00e9s teljesen felold\u00f3dik. A nyel\u00e9s vagy r\u00e1g\u00e1s cs\u00f6kkenti a kezel\u00e9s hat\u00e9konys\u00e1g\u00e1t. A leggyakoribb, de \u00e1ltal\u00e1ban \u00e1tmeneti mell\u00e9khat\u00e1sok a k\u00f6vetkez\u0151k<\/p>\n<ul>\n<li>Fejf\u00e1j\u00e1s<\/li>\n<li>\u00c1lmatlans\u00e1g<\/li>\n<li>H\u00e1nyinger \u00e9s h\u00e1ny\u00e1s<\/li>\n<li>Sz\u00e9kreked\u00e9s<\/li>\n<li>Izzad\u00e1s<\/li>\n<li>B\u00e9lpanaszok vagy f\u00e1jdalom a hasban<\/li>\n<\/ul>\n<h3><b>\u00a0Ellenjavallatok \u00e9s s\u00falyos figyelmeztet\u00e9sek<\/b><\/h3>\n<p>Mindig t\u00e1j\u00e9koztassa orvos\u00e1t minden megl\u00e9v\u0151 betegs\u00e9g\u00e9r\u0151l \u00e9s egy\u00e9b gy\u00f3gyszer\u00e9r\u0151l. A Suboxone-kezel\u00e9s nem lehets\u00e9ges, vagy k\u00fcl\u00f6nleges gondoss\u00e1got ig\u00e9nyelhet a k\u00f6vetkez\u0151k eset\u00e9n:<\/p>\n<ul>\n<li>S\u00falyos l\u00e9gz\u00e9si probl\u00e9m\u00e1k vagy <b>L\u00e9gz\u00e9si el\u00e9gtelens\u00e9g<\/b>.<\/li>\n<li>Jelent\u0151s <b>M\u00e1jbetegs\u00e9gek<\/b> vagy m\u00e1jk\u00e1rosod\u00e1s.<\/li>\n<li>Az egyidej\u0171leg bevitt <b>Benzodiazepinek<\/b>, alkohol vagy m\u00e1s k\u00f6zponti depressz\u00e1nsok. Ez a kombin\u00e1ci\u00f3 n\u00f6veli a k\u00f6vetkez\u0151k kock\u00e1zat\u00e1t <b>\u00e9letvesz\u00e9lyes l\u00e9gz\u00e9sdepresszi\u00f3<\/b> drasztikus, \u00e9s szigor\u00fa orvosi fel\u00fcgyelet mellett kell szedni, vagy ker\u00fclni kell.<\/li>\n<\/ul>\n<h2><b>Hol tal\u00e1lhat azonnali \u00e9s hossz\u00fa t\u00e1v\u00fa seg\u00edts\u00e9get N\u00e9metorsz\u00e1gban<\/b><\/h2>\n<p>Ha \u00d6n vagy egy ismer\u0151se opioidf\u00fcgg\u0151s\u00e9ggel k\u00fczd, N\u00e9metorsz\u00e1gban azonnal el\u00e9rhet\u0151 a professzion\u00e1lis \u00e9s bizalmas seg\u00edts\u00e9g. <b>A nem enged\u00e9lyezett forr\u00e1sb\u00f3l sz\u00e1rmaz\u00f3 gy\u00f3gyszerek v\u00e1s\u00e1rl\u00e1sa \u00e9letvesz\u00e9lyes.<\/b><\/p>\n<p>Jogi \u00e9s biztons\u00e1gos t\u00e1mogat\u00e1s\u00e9rt forduljon a k\u00f6vetkez\u0151 szervezetekhez:<\/p>\n<ul>\n<li><b>H\u00e1ziorvos vagy \u00e1ltal\u00e1nos orvos:<\/b> Ez az els\u0151 kapcsolattart\u00e1si pont, ahol az els\u0151 \u00e9rt\u00e9kel\u00e9s \u00e9s a f\u00fcgg\u0151s\u00e9ggel foglalkoz\u00f3 szakorvosokhoz val\u00f3 ir\u00e1ny\u00edt\u00e1s t\u00f6rt\u00e9nik.<\/li>\n<li><b>Helyi f\u00fcgg\u0151s\u00e9gi tan\u00e1csad\u00f3 k\u00f6zpontok:<\/b> Ezek az aj\u00e1nlatok <b>Ingyenes \u00e9s bizalmas tan\u00e1csad\u00e1s<\/b>, ter\u00e1pi\u00e1s helyek szervez\u00e9se, <b>Pszichoszoci\u00e1lis t\u00e1mogat\u00e1s<\/b> \u00e9s t\u00e1mogat\u00e1st ny\u00fajt a f\u00fcgg\u0151s\u00e9ggel kapcsolatos minden k\u00e9rd\u00e9sben. Keressen r\u00e1 az interneten a \u201ef\u00fcgg\u0151s\u00e9gi tan\u00e1csad\u00e1s\u201c kifejez\u00e9sre \u00e9s az \u00d6n v\u00e1ros\u00e1nak vagy r\u00e9gi\u00f3j\u00e1nak nev\u00e9re.<\/li>\n<li><b>Drog- \u00e9s f\u00fcgg\u0151s\u00e9gi forr\u00f3dr\u00f3t:<\/b> N\u00e9vtelen \u00e9s bizalmas inform\u00e1ci\u00f3szerz\u00e9si lehet\u0151s\u00e9g. A telefonsz\u00e1m <b>01806 313031<\/b> (k\u00e9rj\u00fck, vegye figyelembe az esetleges d\u00edjakat).<\/li>\n<li><b>Eg\u00e9szs\u00e9gbiztos\u00edt\u00f3k:<\/b> Az \u00d6n t\u00f6rv\u00e9nyes vagy mag\u00e1n eg\u00e9szs\u00e9gbiztos\u00edt\u00e1sa \u00e1ltal\u00e1ban fedezi a helyettes\u00edt\u0151 kezel\u00e9s \u00e9s a sz\u00fcks\u00e9ges k\u00eds\u00e9r\u0151 ter\u00e1pi\u00e1k k\u00f6lts\u00e9geit. \u00c9rdekl\u0151dj\u00f6n n\u00e1luk a pontos ell\u00e1t\u00e1sokr\u00f3l.<\/li>\n<li><b>Seg\u00e9lyh\u00edv\u00e1s (t\u00faladagol\u00e1s eset\u00e9n):<\/b> H\u00edvja a  c\u00edmet. <b>112<\/b> on. T\u00faladagol\u00e1s gyan\u00faja eset\u00e9n (t\u00fcnetek: fel\u00fcletes l\u00e9gz\u00e9s, eszm\u00e9letveszt\u00e9s, pupillasz\u0171k\u00fclet) ez az azonnali \u00e9letment\u0151 int\u00e9zked\u00e9s.<\/li>\n<li><b>\u00d6nseg\u00edt\u0151 csoportok:<\/b> Az olyan szervezetek, mint a <b>Anonim Nark\u00f3sok (NA)<\/b> fontos kort\u00e1rsak k\u00f6z\u00f6tti t\u00e1mogat\u00e1st ny\u00fajtanak, \u00e9s sz\u00e1mos fel\u00e9p\u00fcl\u00e9si program szerves r\u00e9sz\u00e9t k\u00e9pezik.<\/li>\n<\/ul>","protected":false},"excerpt":{"rendered":"<p><span style=\"vertical-align: inherit;\"><span style=\"vertical-align: inherit;\">V\u00e1s\u00e1roljon Suboxone cs\u00edkokat: Opioidf\u00fcgg\u0151s\u00e9g kezel\u00e9s\u00e9re. Buprenorfint \u00e9s naloxont tartalmaz. Diszkr\u00e9ten \u00e9s leg\u00e1lisan, online receptre, enged\u00e9llyel rendelkez\u0151 orvosokt\u00f3l. N\u00e9met csomagk\u00fcld\u0151 gy\u00f3gyszert\u00e1r.<\/span><\/span><\/p>","protected":false},"featured_media":7883,"comment_status":"open","ping_status":"closed","template":"","meta":{"_joinchat":[]},"product_brand":[],"product_cat":[56],"product_tag":[2988],"class_list":{"0":"post-7878","1":"product","2":"type-product","3":"status-publish","4":"has-post-thumbnail","6":"product_cat-opioids","7":"product_tag-suboxone-streifen-kaufen-zur-behandlung-der-opioidabhaengigkeit-enthaelt-buprenorphin-und-naloxon-diskret-und-legal-mit-online-rezept-von-zugelassenen-aerzten-deutsche-versandapotheke","9":"first","10":"instock","11":"shipping-taxable","12":"purchasable","13":"product-type-variable"},"yoast_head":"<!-- This site is optimized with the Yoast SEO plugin v27.5 - https:\/\/yoast.com\/product\/yoast-seo-wordpress\/ -->\n<title>Suboxone Streifen Kaufen| Apotheke Chemgramx<\/title>\n<meta name=\"description\" content=\"Suboxone Streifen kaufen - Zur Behandlung von Opioidabh\u00e4ngigkeit. Diskret &amp; legal mit Online-Rezept. Deutsche Versandapotheke.\" \/>\n<meta name=\"robots\" content=\"index, follow, max-snippet:-1, max-image-preview:large, max-video-preview:-1\" \/>\n<link rel=\"canonical\" href=\"https:\/\/chemgramx.com\/hu\/termek-1\/vasarolni-suboxone-csikok\/\" \/>\n<meta property=\"og:locale\" content=\"hu_HU\" \/>\n<meta property=\"og:type\" content=\"article\" \/>\n<meta property=\"og:title\" content=\"Suboxone Streifen Kaufen| Apotheke Chemgramx\" \/>\n<meta property=\"og:description\" content=\"Suboxone Streifen kaufen - Zur Behandlung von Opioidabh\u00e4ngigkeit. Diskret &amp; legal mit Online-Rezept. Deutsche Versandapotheke.\" \/>\n<meta property=\"og:url\" content=\"https:\/\/chemgramx.com\/hu\/termek-1\/vasarolni-suboxone-csikok\/\" \/>\n<meta property=\"og:site_name\" content=\"Chemgramx\" \/>\n<meta property=\"article:modified_time\" content=\"2025-11-21T11:24:42+00:00\" \/>\n<meta property=\"og:image\" content=\"https:\/\/chemgramx.com\/wp-content\/uploads\/2025\/11\/suboxone-streifen.jpg\" \/>\n\t<meta property=\"og:image:width\" content=\"300\" \/>\n\t<meta property=\"og:image:height\" content=\"457\" \/>\n\t<meta property=\"og:image:type\" content=\"image\/jpeg\" \/>\n<meta name=\"twitter:card\" content=\"summary_large_image\" \/>\n<meta name=\"twitter:label1\" content=\"Becs\u00fclt olvas\u00e1si id\u0151\" \/>\n\t<meta name=\"twitter:data1\" content=\"5 perc\" \/>\n<script type=\"application\/ld+json\" class=\"yoast-schema-graph\">{\"@context\":\"https:\\\/\\\/schema.org\",\"@graph\":[{\"@type\":\"WebPage\",\"@id\":\"https:\\\/\\\/chemgramx.com\\\/product\\\/suboxone-streifen-kaufen\\\/\",\"url\":\"https:\\\/\\\/chemgramx.com\\\/product\\\/suboxone-streifen-kaufen\\\/\",\"name\":\"Suboxone Streifen Kaufen| Apotheke Chemgramx\",\"isPartOf\":{\"@id\":\"https:\\\/\\\/chemgramx.com\\\/#website\"},\"primaryImageOfPage\":{\"@id\":\"https:\\\/\\\/chemgramx.com\\\/product\\\/suboxone-streifen-kaufen\\\/#primaryimage\"},\"image\":{\"@id\":\"https:\\\/\\\/chemgramx.com\\\/product\\\/suboxone-streifen-kaufen\\\/#primaryimage\"},\"thumbnailUrl\":\"https:\\\/\\\/chemgramx.com\\\/wp-content\\\/uploads\\\/2025\\\/11\\\/suboxone-streifen.jpg\",\"datePublished\":\"2025-11-21T11:23:56+00:00\",\"dateModified\":\"2025-11-21T11:24:42+00:00\",\"description\":\"Suboxone Streifen kaufen - Zur Behandlung von Opioidabh\u00e4ngigkeit. Diskret &amp; legal mit Online-Rezept. Deutsche Versandapotheke.\",\"breadcrumb\":{\"@id\":\"https:\\\/\\\/chemgramx.com\\\/product\\\/suboxone-streifen-kaufen\\\/#breadcrumb\"},\"inLanguage\":\"hu\",\"potentialAction\":[{\"@type\":\"ReadAction\",\"target\":[\"https:\\\/\\\/chemgramx.com\\\/product\\\/suboxone-streifen-kaufen\\\/\"]}]},{\"@type\":\"ImageObject\",\"inLanguage\":\"hu\",\"@id\":\"https:\\\/\\\/chemgramx.com\\\/product\\\/suboxone-streifen-kaufen\\\/#primaryimage\",\"url\":\"https:\\\/\\\/chemgramx.com\\\/wp-content\\\/uploads\\\/2025\\\/11\\\/suboxone-streifen.jpg\",\"contentUrl\":\"https:\\\/\\\/chemgramx.com\\\/wp-content\\\/uploads\\\/2025\\\/11\\\/suboxone-streifen.jpg\",\"width\":300,\"height\":457},{\"@type\":\"BreadcrumbList\",\"@id\":\"https:\\\/\\\/chemgramx.com\\\/product\\\/suboxone-streifen-kaufen\\\/#breadcrumb\",\"itemListElement\":[{\"@type\":\"ListItem\",\"position\":1,\"name\":\"Home\",\"item\":\"https:\\\/\\\/chemgramx.com\\\/\"},{\"@type\":\"ListItem\",\"position\":2,\"name\":\"Shop\",\"item\":\"https:\\\/\\\/chemgramx.com\\\/shop\\\/\"},{\"@type\":\"ListItem\",\"position\":3,\"name\":\"Suboxone Streifen Kaufen\"}]},{\"@type\":\"WebSite\",\"@id\":\"https:\\\/\\\/chemgramx.com\\\/#website\",\"url\":\"https:\\\/\\\/chemgramx.com\\\/\",\"name\":\"Chemgramx\",\"description\":\"\",\"publisher\":{\"@id\":\"https:\\\/\\\/chemgramx.com\\\/#organization\"},\"potentialAction\":[{\"@type\":\"SearchAction\",\"target\":{\"@type\":\"EntryPoint\",\"urlTemplate\":\"https:\\\/\\\/chemgramx.com\\\/?s={search_term_string}\"},\"query-input\":{\"@type\":\"PropertyValueSpecification\",\"valueRequired\":true,\"valueName\":\"search_term_string\"}}],\"inLanguage\":\"hu\"},{\"@type\":\"Organization\",\"@id\":\"https:\\\/\\\/chemgramx.com\\\/#organization\",\"name\":\"Chemgramx\",\"url\":\"https:\\\/\\\/chemgramx.com\\\/\",\"logo\":{\"@type\":\"ImageObject\",\"inLanguage\":\"hu\",\"@id\":\"https:\\\/\\\/chemgramx.com\\\/#\\\/schema\\\/logo\\\/image\\\/\",\"url\":\"https:\\\/\\\/chemgramx.com\\\/wp-content\\\/uploads\\\/2024\\\/10\\\/final-logo.png\",\"contentUrl\":\"https:\\\/\\\/chemgramx.com\\\/wp-content\\\/uploads\\\/2024\\\/10\\\/final-logo.png\",\"width\":250,\"height\":48,\"caption\":\"Chemgramx\"},\"image\":{\"@id\":\"https:\\\/\\\/chemgramx.com\\\/#\\\/schema\\\/logo\\\/image\\\/\"}}]}<\/script>\n<!-- \/ Yoast SEO plugin. -->","yoast_head_json":{"title":"V\u00e1s\u00e1rl\u00e1s Suboxone strips| Gy\u00f3gyszert\u00e1r Chemgramx","description":"Suboxone Streifen kaufen - Zur Behandlung von Opioidabh\u00e4ngigkeit. Diskret &amp; legal mit Online-Rezept. Deutsche Versandapotheke.","robots":{"index":"index","follow":"follow","max-snippet":"max-snippet:-1","max-image-preview":"max-image-preview:large","max-video-preview":"max-video-preview:-1"},"canonical":"https:\/\/chemgramx.com\/hu\/termek-1\/vasarolni-suboxone-csikok\/","og_locale":"hu_HU","og_type":"article","og_title":"Suboxone Streifen Kaufen| Apotheke Chemgramx","og_description":"Suboxone Streifen kaufen - Zur Behandlung von Opioidabh\u00e4ngigkeit. Diskret &amp; legal mit Online-Rezept. Deutsche Versandapotheke.","og_url":"https:\/\/chemgramx.com\/hu\/termek-1\/vasarolni-suboxone-csikok\/","og_site_name":"Chemgramx","article_modified_time":"2025-11-21T11:24:42+00:00","og_image":[{"width":300,"height":457,"url":"https:\/\/chemgramx.com\/wp-content\/uploads\/2025\/11\/suboxone-streifen.jpg","type":"image\/jpeg"}],"twitter_card":"summary_large_image","twitter_misc":{"Becs\u00fclt olvas\u00e1si id\u0151":"5 perc"},"schema":{"@context":"https:\/\/schema.org","@graph":[{"@type":"WebPage","@id":"https:\/\/chemgramx.com\/product\/suboxone-streifen-kaufen\/","url":"https:\/\/chemgramx.com\/product\/suboxone-streifen-kaufen\/","name":"V\u00e1s\u00e1rl\u00e1s Suboxone strips| Gy\u00f3gyszert\u00e1r Chemgramx","isPartOf":{"@id":"https:\/\/chemgramx.com\/#website"},"primaryImageOfPage":{"@id":"https:\/\/chemgramx.com\/product\/suboxone-streifen-kaufen\/#primaryimage"},"image":{"@id":"https:\/\/chemgramx.com\/product\/suboxone-streifen-kaufen\/#primaryimage"},"thumbnailUrl":"https:\/\/chemgramx.com\/wp-content\/uploads\/2025\/11\/suboxone-streifen.jpg","datePublished":"2025-11-21T11:23:56+00:00","dateModified":"2025-11-21T11:24:42+00:00","description":"Suboxone Streifen kaufen - Zur Behandlung von Opioidabh\u00e4ngigkeit. Diskret &amp; legal mit Online-Rezept. Deutsche Versandapotheke.","breadcrumb":{"@id":"https:\/\/chemgramx.com\/product\/suboxone-streifen-kaufen\/#breadcrumb"},"inLanguage":"hu","potentialAction":[{"@type":"ReadAction","target":["https:\/\/chemgramx.com\/product\/suboxone-streifen-kaufen\/"]}]},{"@type":"ImageObject","inLanguage":"hu","@id":"https:\/\/chemgramx.com\/product\/suboxone-streifen-kaufen\/#primaryimage","url":"https:\/\/chemgramx.com\/wp-content\/uploads\/2025\/11\/suboxone-streifen.jpg","contentUrl":"https:\/\/chemgramx.com\/wp-content\/uploads\/2025\/11\/suboxone-streifen.jpg","width":300,"height":457},{"@type":"BreadcrumbList","@id":"https:\/\/chemgramx.com\/product\/suboxone-streifen-kaufen\/#breadcrumb","itemListElement":[{"@type":"ListItem","position":1,"name":"Home","item":"https:\/\/chemgramx.com\/"},{"@type":"ListItem","position":2,"name":"Shop","item":"https:\/\/chemgramx.com\/shop\/"},{"@type":"ListItem","position":3,"name":"Suboxone Streifen Kaufen"}]},{"@type":"WebSite","@id":"https:\/\/chemgramx.com\/#website","url":"https:\/\/chemgramx.com\/","name":"Chemgramx","description":"","publisher":{"@id":"https:\/\/chemgramx.com\/#organization"},"potentialAction":[{"@type":"SearchAction","target":{"@type":"EntryPoint","urlTemplate":"https:\/\/chemgramx.com\/?s={search_term_string}"},"query-input":{"@type":"PropertyValueSpecification","valueRequired":true,"valueName":"search_term_string"}}],"inLanguage":"hu"},{"@type":"Organization","@id":"https:\/\/chemgramx.com\/#organization","name":"Chemgramx","url":"https:\/\/chemgramx.com\/","logo":{"@type":"ImageObject","inLanguage":"hu","@id":"https:\/\/chemgramx.com\/#\/schema\/logo\/image\/","url":"https:\/\/chemgramx.com\/wp-content\/uploads\/2024\/10\/final-logo.png","contentUrl":"https:\/\/chemgramx.com\/wp-content\/uploads\/2024\/10\/final-logo.png","width":250,"height":48,"caption":"Chemgramx"},"image":{"@id":"https:\/\/chemgramx.com\/#\/schema\/logo\/image\/"}}]}},"_links":{"self":[{"href":"https:\/\/chemgramx.com\/hu\/wp-json\/wp\/v2\/product\/7878","targetHints":{"allow":["GET"]}}],"collection":[{"href":"https:\/\/chemgramx.com\/hu\/wp-json\/wp\/v2\/product"}],"about":[{"href":"https:\/\/chemgramx.com\/hu\/wp-json\/wp\/v2\/types\/product"}],"replies":[{"embeddable":true,"href":"https:\/\/chemgramx.com\/hu\/wp-json\/wp\/v2\/comments?post=7878"}],"wp:featuredmedia":[{"embeddable":true,"href":"https:\/\/chemgramx.com\/hu\/wp-json\/wp\/v2\/media\/7883"}],"wp:attachment":[{"href":"https:\/\/chemgramx.com\/hu\/wp-json\/wp\/v2\/media?parent=7878"}],"wp:term":[{"taxonomy":"product_brand","embeddable":true,"href":"https:\/\/chemgramx.com\/hu\/wp-json\/wp\/v2\/product_brand?post=7878"},{"taxonomy":"product_cat","embeddable":true,"href":"https:\/\/chemgramx.com\/hu\/wp-json\/wp\/v2\/product_cat?post=7878"},{"taxonomy":"product_tag","embeddable":true,"href":"https:\/\/chemgramx.com\/hu\/wp-json\/wp\/v2\/product_tag?post=7878"}],"curies":[{"name":"wp","href":"https:\/\/api.w.org\/{rel}","templated":true}]}}