{"id":7880,"date":"2025-11-21T11:23:57","date_gmt":"2025-11-21T11:23:57","guid":{"rendered":"https:\/\/chemgramx.com\/?post_type=product&#038;p=7880"},"modified":"2025-11-21T11:24:42","modified_gmt":"2025-11-21T11:24:42","slug":"vasarolni-fentanilt-online","status":"publish","type":"product","link":"https:\/\/chemgramx.com\/hu\/product\/fentanyl-online-kaufen\/","title":{"rendered":"Fentanyl online v\u00e1s\u00e1rl\u00e1sa"},"content":{"rendered":"<p data-start=\"475\" data-end=\"815\"><strong data-start=\"475\" data-end=\"487\">Fentanyl<\/strong> egy rendk\u00edv\u00fcl hat\u00e9kony szintetikus opioid, amelyet a modern orvostudom\u00e1nyban els\u0151sorban a k\u00f6vetkez\u0151kre haszn\u00e1lnak <strong data-start=\"577\" data-end=\"630\">S\u00falyos vagy nagyon s\u00falyos f\u00e1jdalom kezel\u00e9se<\/strong> haszn\u00e1lj\u00e1k. Nagy ereje miatt - amely k\u00f6r\u00fclbel\u00fcl 50-100-szor er\u0151sebb, mint a morfium - k\u00fcl\u00f6n\u00f6sen a k\u00f6vetkez\u0151kben haszn\u00e1lj\u00e1k. <strong data-start=\"750\" data-end=\"764\">Aneszt\u00e9zia<\/strong>, <strong data-start=\"766\" data-end=\"779\">Onkol\u00f3gia<\/strong> \u00e9s <strong data-start=\"784\" data-end=\"802\">S\u00fcrg\u0151ss\u00e9gi orvostudom\u00e1ny<\/strong> haszn\u00e1lt.<\/p>\n<p data-start=\"817\" data-end=\"1246\">A fentanil hat\u00f3anyaga azon a k\u00e9pess\u00e9g\u00e9n alapul, hogy k\u00e9pes k\u00f6t\u0151dni a specifikus <strong data-start=\"890\" data-end=\"912\">\u00b5-opioid receptorok<\/strong> a k\u00f6zponti idegrendszerben. Ez blokkolja a f\u00e1jdalomjeleket az agyban, ami az akut vagy kr\u00f3nikus f\u00e1jdalom jelent\u0151s enyh\u00fcl\u00e9s\u00e9hez vezet. Ugyanakkor azonban nyugtat\u00f3 vagy euf\u00f3rikus hat\u00e1sok is jelentkezhetnek, ami elengedhetetlenn\u00e9 teszi az orvosi fel\u00fcgyelet mellett t\u00f6rt\u00e9n\u0151 ellen\u0151rz\u00f6tt alkalmaz\u00e1st.<\/p>\n<h2 data-start=\"1253\" data-end=\"1285\">Farmakol\u00f3giai \u00e1ttekint\u00e9s<\/h2>\n<p data-start=\"1287\" data-end=\"1488\"><strong data-start=\"1287\" data-end=\"1308\">K\u00e9miai oszt\u00e1ly:<\/strong> Szintetikus opioid<br data-start=\"1329\" data-end=\"1332\" \/><strong data-start=\"1332\" data-end=\"1350\">Molekul\u00e1ris k\u00e9plet:<\/strong> C\u2082\u2082H\u2082\u2082\u2088N\u2082O<br data-start=\"1360\" data-end=\"1363\" \/><strong data-start=\"1363\" data-end=\"1378\">Kifejlesztett:<\/strong> 1960-as \u00e9vek Paul Janssen<br data-start=\"1410\" data-end=\"1413\" \/><strong data-start=\"1413\" data-end=\"1435\">Alkalmaz\u00e1si ter\u00fcletek:<\/strong> F\u00e1jdalomter\u00e1pia, \u00e9rz\u00e9stelen\u00edt\u00e9s, palliat\u00edv kezel\u00e9s<\/p>\n<p data-start=\"1490\" data-end=\"1885\">A fentanil a k\u00f6vetkez\u0151 csoportba tartozik <strong data-start=\"1521\" data-end=\"1541\">Fenilpiperidin<\/strong> \u00e9s annak k\u00f6sz\u00f6nhet\u0151, hogy <strong data-start=\"1566\" data-end=\"1586\">magas lipofilit\u00e1s<\/strong> k\u00fcl\u00f6n\u00f6sen gyors hat\u00e1s\u00fa. T\u00f6bbf\u00e9le m\u00f3don is beadhat\u00f3, bele\u00e9rtve a k\u00f6vetkez\u0151ket <strong data-start=\"1674\" data-end=\"1699\">transzderm\u00e1lis tapaszok<\/strong>, <strong data-start=\"1701\" data-end=\"1718\">Orrspray-k<\/strong>, <strong data-start=\"1720\" data-end=\"1735\">Injekci\u00f3k<\/strong> vagy <strong data-start=\"1741\" data-end=\"1760\">Pasztill\u00e1k<\/strong>. Az adagol\u00e1si forma megv\u00e1laszt\u00e1sa a klinikai helyzett\u0151l, a f\u00e1jdalom id\u0151tartam\u00e1t\u00f3l \u00e9s az egy\u00e9ni anyagcser\u00e9t\u0151l f\u00fcgg.<\/p>\n<h2 data-start=\"1892\" data-end=\"1919\">Orvosi alkalmaz\u00e1s<\/h2>\n<p data-start=\"1921\" data-end=\"2065\">A fentanilt kiz\u00e1r\u00f3lag orvosi rendelv\u00e9nyre haszn\u00e1lj\u00e1k, \u00e9s sz\u00e1mos gy\u00f3gyszer \u00f6sszetev\u0151je. <strong data-start=\"2016\" data-end=\"2062\">szabv\u00e1nyos\u00edtott f\u00e1jdalomter\u00e1pi\u00e1s protokollok<\/strong>.<\/p>\n<h3 data-start=\"2067\" data-end=\"2097\">F\u0151 alkalmaz\u00e1si ter\u00fcletek:<\/h3>\n<ul data-start=\"2098\" data-end=\"2320\">\n<li data-start=\"2098\" data-end=\"2143\">\n<p data-start=\"2100\" data-end=\"2143\"><strong data-start=\"2100\" data-end=\"2141\">Kr\u00f3nikus tumorf\u00e1jdalom kezel\u00e9se<\/strong><\/p>\n<\/li>\n<li data-start=\"2144\" data-end=\"2206\">\n<p data-start=\"2146\" data-end=\"2206\"><strong data-start=\"2146\" data-end=\"2204\">Perioperat\u00edv f\u00e1jdalomcsillap\u00edt\u00e1s (pl. m\u0171t\u00e9tek ut\u00e1n)<\/strong><\/p>\n<\/li>\n<li data-start=\"2207\" data-end=\"2244\">\n<p data-start=\"2209\" data-end=\"2244\"><strong data-start=\"2209\" data-end=\"2242\">Aneszteziol\u00f3gia \u00e9s s\u00fcrg\u0151ss\u00e9gi orvostudom\u00e1ny<\/strong><\/p>\n<\/li>\n<li data-start=\"2245\" data-end=\"2320\">\n<p data-start=\"2247\" data-end=\"2320\"><strong data-start=\"2247\" data-end=\"2286\">Az akut \u00e1tt\u00f6r\u00e9si f\u00e1jdalom kezel\u00e9se<\/strong> opioid-toler\u00e1ns betegekn\u00e9l<\/p>\n<\/li>\n<\/ul>\n<p data-start=\"2322\" data-end=\"2572\">A mindennapi klinikai gyakorlatban a fentanilt gyakran haszn\u00e1lj\u00e1k a k\u00f6vetkez\u0151 form\u00e1ban <strong data-start=\"2372\" data-end=\"2408\">transzderm\u00e1lis rendszerek (tapaszok)<\/strong> amelyek t\u00f6bb napon kereszt\u00fcl folyamatosan szabad\u00edtj\u00e1k fel a hat\u00f3anyagot. Ez lehet\u0151v\u00e9 teszi, hogy alacsonyabb adagol\u00e1ssal stabil f\u00e1jdalomcsillap\u00edt\u00e1s \u00e9rhet\u0151 el.<\/p>\n<h2 data-start=\"2579\" data-end=\"2603\">A hat\u00e1smechanizmus<\/h2>\n<p data-start=\"2605\" data-end=\"2912\">A fentanil szelekt\u00edven k\u00f6t\u0151dik a k\u00f6vetkez\u0151kh\u00f6z <strong data-start=\"2633\" data-end=\"2655\">\u00b5-opioid receptorok<\/strong> az agyban, a gerincvel\u0151ben \u00e9s a perif\u00e9ri\u00e1s idegrendszerben.<br data-start=\"2706\" data-end=\"2709\" \/>Ez a k\u00f6t\u00e9s azt jelenti, hogy a <strong data-start=\"2740\" data-end=\"2797\">A f\u00e1jdalom ingerek tov\u00e1bb\u00edt\u00e1sa \u00e9s \u00e9rz\u00e9kel\u00e9se g\u00e1tolt<\/strong>, mik\u00f6zben egy\u00fattal egy <strong data-start=\"2825\" data-end=\"2862\">A f\u00e1jdalom\u00e9rzet v\u00e1ltoz\u00e1sa<\/strong> \u00e9s <strong data-start=\"2867\" data-end=\"2892\">\u00c9rzelmi megk\u00f6nnyebb\u00fcl\u00e9s<\/strong> el\u0151fordulhat.<\/p>\n<h3 data-start=\"2914\" data-end=\"2944\">Farmakol\u00f3giai hat\u00e1sok<\/h3>\n<ul data-start=\"2945\" data-end=\"3124\">\n<li data-start=\"2945\" data-end=\"2986\">\n<p data-start=\"2947\" data-end=\"2986\">f\u00e1jdalomcsillap\u00edt\u00f3 (er\u0151s f\u00e1jdalomcsillap\u00edt\u00e1s)<\/p>\n<\/li>\n<li data-start=\"2987\" data-end=\"3015\">\n<p data-start=\"2989\" data-end=\"3015\">Nyugtat\u00f3 \u00e9s nyugtat\u00f3<\/p>\n<\/li>\n<li data-start=\"3016\" data-end=\"3076\">\n<p data-start=\"3018\" data-end=\"3076\">L\u00e9gz\u00e9sdepressz\u00e1ns (t\u00faladagol\u00e1s eset\u00e9n lass\u00edtja a l\u00e9gz\u00e9st)<\/p>\n<\/li>\n<li data-start=\"3077\" data-end=\"3124\">\n<p data-start=\"3079\" data-end=\"3124\">Euf\u00f3rikus (bizonyos d\u00f3zisokban)<\/p>\n<\/li>\n<\/ul>\n<p data-start=\"3126\" data-end=\"3256\">A <strong data-start=\"3130\" data-end=\"3179\">A hat\u00e1s \u00e1ltal\u00e1ban n\u00e9h\u00e1ny percen bel\u00fcl jelentkezik<\/strong> \u00e9s - az adagol\u00e1si form\u00e1t\u00f3l f\u00fcgg\u0151en - megtartja a <strong data-start=\"3222\" data-end=\"3250\">1 \u00e9s 4 \u00f3ra k\u00f6z\u00f6tt<\/strong> to.<\/p>\n<h2 data-start=\"3263\" data-end=\"3294\">Kock\u00e1zatok \u00e9s mell\u00e9khat\u00e1sok<\/h2>\n<p data-start=\"3296\" data-end=\"3537\">Orvosi jelent\u0151s\u00e9ge ellen\u00e9re a fentanil jelent\u0151s kock\u00e1zatokat rejt mag\u00e1ban, ha haszn\u00e1lj\u00e1k <strong data-start=\"3376\" data-end=\"3427\">nem megfelel\u0151en vagy orvosi fel\u00fcgyelet n\u00e9lk\u00fcl<\/strong> haszn\u00e1lj\u00e1k. M\u00e9g enyhe t\u00faladagol\u00e1s is vezethet <strong data-start=\"3490\" data-end=\"3527\">\u00e9letvesz\u00e9lyes l\u00e9gz\u00e9sdepresszi\u00f3<\/strong> \u00f3lom.<\/p>\n<h3 data-start=\"3539\" data-end=\"3567\">Gyakori mell\u00e9khat\u00e1sok<\/h3>\n<ul data-start=\"3568\" data-end=\"3755\">\n<li data-start=\"3568\" data-end=\"3602\">\n<p data-start=\"3570\" data-end=\"3602\">H\u00e1nyinger, sz\u00e9d\u00fcl\u00e9s, f\u00e1radts\u00e1g<\/p>\n<\/li>\n<li data-start=\"3603\" data-end=\"3661\">\n<p data-start=\"3605\" data-end=\"3661\">L\u00e9gz\u00e9slassul\u00e1s vagy l\u00e9gz\u00e9sle\u00e1ll\u00e1s (t\u00faladagol\u00e1s eset\u00e9n)<\/p>\n<\/li>\n<li data-start=\"3662\" data-end=\"3708\">\n<p data-start=\"3664\" data-end=\"3708\">Tolerancia kialakul\u00e1sa tart\u00f3s haszn\u00e1lat eset\u00e9n<\/p>\n<\/li>\n<li data-start=\"3709\" data-end=\"3755\">\n<p data-start=\"3711\" data-end=\"3755\">Megvon\u00e1si t\u00fcnetek hirtelen abbahagy\u00e1s eset\u00e9n<\/p>\n<\/li>\n<\/ul>\n<p data-start=\"3757\" data-end=\"3999\">Magas f\u00fcgg\u0151s\u00e9gi potenci\u00e1lja miatt a fentanil az egyik legink\u00e1bb <strong data-start=\"3822\" data-end=\"3858\">szigor\u00faan ellen\u0151rz\u00f6tt anyagok<\/strong> valamint N\u00e9metorsz\u00e1gban, Ausztri\u00e1ban \u00e9s Sv\u00e1jcban a <strong data-start=\"3921\" data-end=\"3954\">K\u00e1b\u00edt\u00f3szert\u00f6rv\u00e9ny (BtMG)<\/strong> vagy a megfelel\u0151 nemzeti szab\u00e1lyoz\u00e1s.<\/p>\n<h2 data-start=\"4006\" data-end=\"4031\">Jogi helyzet<\/h2>\n<p data-start=\"4033\" data-end=\"4186\">A <strong data-start=\"4037\" data-end=\"4080\">Fentanil birtokl\u00e1sa, megszerz\u00e9se vagy kereskedelme<\/strong> a <strong data-start=\"4085\" data-end=\"4175\">csak \u00e9rv\u00e9nyes orvosi rendelv\u00e9nyre vagy enged\u00e9lyezett orvosi kutat\u00e1s keret\u00e9ben<\/strong> enged\u00e9lyezett.<\/p>\n<h3 data-start=\"4188\" data-end=\"4223\">A jogi helyzet \u00e1ttekint\u00e9se<\/h3>\n<ul data-start=\"4224\" data-end=\"4498\">\n<li data-start=\"4224\" data-end=\"4298\">\n<p data-start=\"4226\" data-end=\"4298\"><strong data-start=\"4226\" data-end=\"4242\">N\u00e9metorsz\u00e1g:<\/strong> A BtMG-ben (III. mell\u00e9klet) felsorolt, v\u00e9nyk\u00f6teles term\u00e9kek.<\/p>\n<\/li>\n<li data-start=\"4299\" data-end=\"4357\">\n<p data-start=\"4301\" data-end=\"4357\"><strong data-start=\"4301\" data-end=\"4316\">Ausztria:<\/strong> A k\u00e1b\u00edt\u00f3szerekr\u0151l sz\u00f3l\u00f3 t\u00f6rv\u00e9ny hat\u00e1lya al\u00e1 tartozik (SMG)<\/p>\n<\/li>\n<li data-start=\"4358\" data-end=\"4425\">\n<p data-start=\"4360\" data-end=\"4425\"><strong data-start=\"4360\" data-end=\"4372\">Sv\u00e1jc:<\/strong> A k\u00e1b\u00edt\u00f3szerr\u0151l sz\u00f3l\u00f3 t\u00f6rv\u00e9ny (BetmG) \u00e1ltal szab\u00e1lyozva<\/p>\n<\/li>\n<li data-start=\"4426\" data-end=\"4498\">\n<p data-start=\"4428\" data-end=\"4498\"><strong data-start=\"4428\" data-end=\"4445\">USA \u00e9s Kanada:<\/strong> II. jegyz\u00e9kbe sorolt ellen\u0151rz\u00f6tt anyag<\/p>\n<\/li>\n<\/ul>\n<p data-start=\"4500\" data-end=\"4744\">A <strong data-start=\"4504\" data-end=\"4533\">Online kiskereskedelem v\u00e9ny n\u00e9lk\u00fcl<\/strong> szinte minden orsz\u00e1gban <strong data-start=\"4562\" data-end=\"4573\">illeg\u00e1lis<\/strong> \u00e9s b\u00fcntet\u0151jogi felel\u0151ss\u00e9gre von\u00e1st eredm\u00e9nyezhet. A betegek nem haszn\u00e1lhatnak fentanilt <strong data-start=\"4657\" data-end=\"4697\">kiz\u00e1r\u00f3lag leg\u00e1lis gy\u00f3gyszert\u00e1rakon kereszt\u00fcl<\/strong> \u00e9s <strong data-start=\"4702\" data-end=\"4732\">orvosi rendelv\u00e9nyre<\/strong> utalni.<\/p>\n<h2 data-start=\"4751\" data-end=\"4797\">Kutat\u00e1s \u00e9s tudom\u00e1nyos jelent\u0151s\u00e9g<\/h2>\n<p data-start=\"4799\" data-end=\"4935\">A fentanilt is intenz\u00edv <strong data-start=\"4839\" data-end=\"4887\">farmakol\u00f3giai \u00e9s t\u00f6rv\u00e9nysz\u00e9ki kutat\u00e1s<\/strong>. Tudom\u00e1nyos tanulm\u00e1nyok foglalkoznak:<\/p>\n<ul data-start=\"4937\" data-end=\"5209\">\n<li data-start=\"4937\" data-end=\"5019\">\n<p data-start=\"4939\" data-end=\"5019\">a <strong data-start=\"4943\" data-end=\"4979\">\u00daj opioid anal\u00f3gok kifejleszt\u00e9se<\/strong> a f\u00e1jdalomter\u00e1pia jav\u00edt\u00e1sa,<\/p>\n<\/li>\n<li data-start=\"5020\" data-end=\"5064\">\n<p data-start=\"5022\" data-end=\"5064\">a <strong data-start=\"5026\" data-end=\"5061\">A tolerancia mechanizmusok elemz\u00e9se<\/strong>,<\/p>\n<\/li>\n<li data-start=\"5065\" data-end=\"5121\">\n<p data-start=\"5067\" data-end=\"5121\">a <strong data-start=\"5071\" data-end=\"5118\">Az opioidok okozta mell\u00e9khat\u00e1sok megel\u0151z\u00e9se<\/strong>,<\/p>\n<\/li>\n<li data-start=\"5122\" data-end=\"5209\">\n<p data-start=\"5124\" data-end=\"5209\">\u00e9s a <strong data-start=\"5134\" data-end=\"5168\">A szintetikus opioidok t\u00f6rv\u00e9nysz\u00e9ki vizsg\u00e1lata<\/strong> a vissza\u00e9l\u00e9sekkel kapcsolatban.<\/p>\n<\/li>\n<\/ul>\n<p data-start=\"5211\" data-end=\"5380\">Kutat\u00e1si k\u00f6rnyezetben a fentanil <strong data-start=\"5249\" data-end=\"5286\">nem emberi fogyaszt\u00e1sra<\/strong>, hanem kiz\u00e1r\u00f3lag a <strong data-start=\"5315\" data-end=\"5367\"><a href=\"\/product\/2-ptc-online-kaufen\/\">analitikai<\/a> vagy farmakol\u00f3giai vizsg\u00e1latok<\/strong> haszn\u00e1lt.<\/p>\n<h2 data-start=\"5387\" data-end=\"5397\">K\u00f6vetkeztet\u00e9s<\/h2>\n<p data-start=\"5399\" data-end=\"5705\"><strong data-start=\"5399\" data-end=\"5411\">Fentanyl<\/strong> egyike a <strong data-start=\"5426\" data-end=\"5476\">a modern orvostudom\u00e1ny leghat\u00e9konyabb f\u00e1jdalomcsillap\u00edt\u00f3i<\/strong>, de ugyanakkor az egyik legjelent\u0151sebb <strong data-start=\"5510\" data-end=\"5567\">a legvesz\u00e9lyesebb anyagok, ha helytelen\u00fcl haszn\u00e1lj\u00e1k \u0151ket<\/strong>.<br data-start=\"5568\" data-end=\"5571\" \/>Ter\u00e1pi\u00e1s haszna vitathatatlan, de sz\u00fcks\u00e9g van a <strong data-start=\"5630\" data-end=\"5666\">Szigor\u00fa orvosi fel\u00fcgyelet<\/strong> \u00e9s <strong data-start=\"5671\" data-end=\"5695\">Jogi ellen\u0151rz\u00e9s<\/strong> el\u0151re.<\/p>\n<p data-start=\"5707\" data-end=\"6010\">A fentanilr\u00f3l, annak hat\u00e1sair\u00f3l, kock\u00e1zatair\u00f3l vagy jogi helyzet\u00e9r\u0151l inform\u00e1ci\u00f3t keres\u0151 szem\u00e9lyek forduljanak a k\u00f6vetkez\u0151 c\u00edmre <strong data-start=\"5806\" data-end=\"5868\">Speci\u00e1lis orvosi forr\u00e1sok, orvosok vagy enged\u00e9lyezett gy\u00f3gyszert\u00e1rak<\/strong> fordulj. A <strong data-start=\"5881\" data-end=\"5922\">Online v\u00e1s\u00e1rl\u00e1s orvosi rendelv\u00e9ny n\u00e9lk\u00fcl<\/strong> nemcsak illeg\u00e1lis, hanem s\u00falyos eg\u00e9szs\u00e9g\u00fcgyi k\u00f6vetkezm\u00e9nyekkel is j\u00e1rhat.<\/p>","protected":false},"excerpt":{"rendered":"<p><strong>Fentanyl<\/strong> egy rendk\u00edv\u00fcl hat\u00e9kony szintetikus opioid, amelyet gyakran haszn\u00e1lnak az orvostudom\u00e1nyban s\u00falyos f\u00e1jdalom kezel\u00e9s\u00e9re. A morfinn\u00e1l 50-100-szor er\u0151sebb hat\u00e1s\u00e1r\u00f3l ismert, gyors enyh\u00fcl\u00e9st biztos\u00edt a m\u0171t\u00e9t ut\u00e1ni vagy kr\u00f3nikus f\u00e1jdalomban szenved\u0151 betegek sz\u00e1m\u00e1ra. Er\u0151ss\u00e9ge miatt azonban a fentanil \u00f3vatos adagol\u00e1st ig\u00e9nyel a t\u00faladagol\u00e1s elker\u00fcl\u00e9se \u00e9rdek\u00e9ben. Mivel egyre ink\u00e1bb tudatosulnak a kock\u00e1zatok, k\u00fcl\u00f6n\u00f6sen az illeg\u00e1lis forr\u00e1sokb\u00f3l sz\u00e1rmaz\u00f3 kock\u00e1zatok, kritikus fontoss\u00e1g\u00fa mind a ter\u00e1pi\u00e1s el\u0151ny\u00f6k, mind a lehets\u00e9ges vesz\u00e9lyek meg\u00e9rt\u00e9se. Fontos, hogy az eg\u00e9szs\u00e9g\u00fcgyi szolg\u00e1ltat\u00f3k \u00e9s a betegek j\u00f3l t\u00e1j\u00e9kozottak legyenek a fentanilr\u00f3l a biztons\u00e1gos \u00e9s hat\u00e9kony f\u00e1jdalomcsillap\u00edt\u00e1s \u00e9rdek\u00e9ben.<\/p>","protected":false},"featured_media":7885,"comment_status":"open","ping_status":"closed","template":"","meta":{"_joinchat":[]},"product_brand":[],"product_cat":[56],"product_tag":[95,91,94,93,92],"class_list":{"0":"post-7880","1":"product","2":"type-product","3":"status-publish","4":"has-post-thumbnail","6":"product_cat-opioids","7":"product_tag-fentanyl-fur-legitime","8":"product_tag-fentanyl-kaufen","9":"product_tag-research-chemical-bestellen","10":"product_tag-schmerzmittel-forschung","11":"product_tag-synthetisches-opioid-kaufen","13":"first","14":"instock","15":"shipping-taxable","16":"purchasable","17":"product-type-variable"},"yoast_head":"<!-- This site is optimized with the Yoast SEO plugin v27.5 - https:\/\/yoast.com\/product\/yoast-seo-wordpress\/ -->\n<title>Fentanyl online kaufen \u2013 Hochwertiges Fentanyl bei ChemGramX<\/title>\n<meta name=\"description\" content=\"Entdecken Sie Fentanyl bei ChemGramX. Kaufen Sie reines, laborgetestetes Fentanyl mit schneller und diskreter Lieferung. Jetzt online bestellen!\" \/>\n<meta name=\"robots\" content=\"index, follow, max-snippet:-1, max-image-preview:large, max-video-preview:-1\" \/>\n<link rel=\"canonical\" href=\"https:\/\/chemgramx.com\/hu\/termek-1\/vasarolni-fentanilt-online\/\" \/>\n<meta property=\"og:locale\" content=\"hu_HU\" \/>\n<meta property=\"og:type\" content=\"article\" \/>\n<meta property=\"og:title\" content=\"Fentanyl online kaufen \u2013 Hochwertiges Fentanyl bei ChemGramX\" \/>\n<meta property=\"og:description\" content=\"Entdecken Sie Fentanyl bei ChemGramX. Kaufen Sie reines, laborgetestetes Fentanyl mit schneller und diskreter Lieferung. Jetzt online bestellen!\" \/>\n<meta property=\"og:url\" content=\"https:\/\/chemgramx.com\/hu\/termek-1\/vasarolni-fentanilt-online\/\" \/>\n<meta property=\"og:site_name\" content=\"Chemgramx\" \/>\n<meta property=\"article:modified_time\" content=\"2025-11-21T11:24:42+00:00\" \/>\n<meta property=\"og:image\" content=\"https:\/\/chemgramx.com\/wp-content\/uploads\/2025\/11\/Fentanyl-kaufen.jpg\" \/>\n\t<meta property=\"og:image:width\" content=\"750\" \/>\n\t<meta property=\"og:image:height\" content=\"963\" \/>\n\t<meta property=\"og:image:type\" content=\"image\/jpeg\" \/>\n<meta name=\"twitter:card\" content=\"summary_large_image\" \/>\n<meta name=\"twitter:label1\" content=\"Becs\u00fclt olvas\u00e1si id\u0151\" \/>\n\t<meta name=\"twitter:data1\" content=\"3 perc\" \/>\n<script type=\"application\/ld+json\" class=\"yoast-schema-graph\">{\"@context\":\"https:\\\/\\\/schema.org\",\"@graph\":[{\"@type\":\"WebPage\",\"@id\":\"https:\\\/\\\/chemgramx.com\\\/product\\\/fentanyl-online-kaufen\\\/\",\"url\":\"https:\\\/\\\/chemgramx.com\\\/product\\\/fentanyl-online-kaufen\\\/\",\"name\":\"Fentanyl online kaufen \u2013 Hochwertiges Fentanyl bei ChemGramX\",\"isPartOf\":{\"@id\":\"https:\\\/\\\/chemgramx.com\\\/#website\"},\"primaryImageOfPage\":{\"@id\":\"https:\\\/\\\/chemgramx.com\\\/product\\\/fentanyl-online-kaufen\\\/#primaryimage\"},\"image\":{\"@id\":\"https:\\\/\\\/chemgramx.com\\\/product\\\/fentanyl-online-kaufen\\\/#primaryimage\"},\"thumbnailUrl\":\"https:\\\/\\\/chemgramx.com\\\/wp-content\\\/uploads\\\/2025\\\/11\\\/Fentanyl-kaufen.jpg\",\"datePublished\":\"2025-11-21T11:23:57+00:00\",\"dateModified\":\"2025-11-21T11:24:42+00:00\",\"description\":\"Entdecken Sie Fentanyl bei ChemGramX. Kaufen Sie reines, laborgetestetes Fentanyl mit schneller und diskreter Lieferung. Jetzt online bestellen!\",\"breadcrumb\":{\"@id\":\"https:\\\/\\\/chemgramx.com\\\/product\\\/fentanyl-online-kaufen\\\/#breadcrumb\"},\"inLanguage\":\"hu\",\"potentialAction\":[{\"@type\":\"ReadAction\",\"target\":[\"https:\\\/\\\/chemgramx.com\\\/product\\\/fentanyl-online-kaufen\\\/\"]}]},{\"@type\":\"ImageObject\",\"inLanguage\":\"hu\",\"@id\":\"https:\\\/\\\/chemgramx.com\\\/product\\\/fentanyl-online-kaufen\\\/#primaryimage\",\"url\":\"https:\\\/\\\/chemgramx.com\\\/wp-content\\\/uploads\\\/2025\\\/11\\\/Fentanyl-kaufen.jpg\",\"contentUrl\":\"https:\\\/\\\/chemgramx.com\\\/wp-content\\\/uploads\\\/2025\\\/11\\\/Fentanyl-kaufen.jpg\",\"width\":750,\"height\":963},{\"@type\":\"BreadcrumbList\",\"@id\":\"https:\\\/\\\/chemgramx.com\\\/product\\\/fentanyl-online-kaufen\\\/#breadcrumb\",\"itemListElement\":[{\"@type\":\"ListItem\",\"position\":1,\"name\":\"Home\",\"item\":\"https:\\\/\\\/chemgramx.com\\\/\"},{\"@type\":\"ListItem\",\"position\":2,\"name\":\"Shop\",\"item\":\"https:\\\/\\\/chemgramx.com\\\/shop\\\/\"},{\"@type\":\"ListItem\",\"position\":3,\"name\":\"Fentanyl Online Kaufen\"}]},{\"@type\":\"WebSite\",\"@id\":\"https:\\\/\\\/chemgramx.com\\\/#website\",\"url\":\"https:\\\/\\\/chemgramx.com\\\/\",\"name\":\"Chemgramx\",\"description\":\"\",\"publisher\":{\"@id\":\"https:\\\/\\\/chemgramx.com\\\/#organization\"},\"potentialAction\":[{\"@type\":\"SearchAction\",\"target\":{\"@type\":\"EntryPoint\",\"urlTemplate\":\"https:\\\/\\\/chemgramx.com\\\/?s={search_term_string}\"},\"query-input\":{\"@type\":\"PropertyValueSpecification\",\"valueRequired\":true,\"valueName\":\"search_term_string\"}}],\"inLanguage\":\"hu\"},{\"@type\":\"Organization\",\"@id\":\"https:\\\/\\\/chemgramx.com\\\/#organization\",\"name\":\"Chemgramx\",\"url\":\"https:\\\/\\\/chemgramx.com\\\/\",\"logo\":{\"@type\":\"ImageObject\",\"inLanguage\":\"hu\",\"@id\":\"https:\\\/\\\/chemgramx.com\\\/#\\\/schema\\\/logo\\\/image\\\/\",\"url\":\"https:\\\/\\\/chemgramx.com\\\/wp-content\\\/uploads\\\/2024\\\/10\\\/final-logo.png\",\"contentUrl\":\"https:\\\/\\\/chemgramx.com\\\/wp-content\\\/uploads\\\/2024\\\/10\\\/final-logo.png\",\"width\":250,\"height\":48,\"caption\":\"Chemgramx\"},\"image\":{\"@id\":\"https:\\\/\\\/chemgramx.com\\\/#\\\/schema\\\/logo\\\/image\\\/\"}}]}<\/script>\n<!-- \/ Yoast SEO plugin. -->","yoast_head_json":{"title":"V\u00e1s\u00e1roljon fentanilt online \u2013 Kiv\u00e1l\u00f3 min\u0151s\u00e9g\u0171 fentanilt a ChemGramX-n\u00e9l","description":"Fedezze fel a Fentanilt a ChemGramX-n\u00e9l. V\u00e1s\u00e1roljon tiszta, laborat\u00f3riumban tesztelt Fentanilt gyors \u00e9s diszkr\u00e9t kisz\u00e1ll\u00edt\u00e1ssal. Rendeljen online most!","robots":{"index":"index","follow":"follow","max-snippet":"max-snippet:-1","max-image-preview":"max-image-preview:large","max-video-preview":"max-video-preview:-1"},"canonical":"https:\/\/chemgramx.com\/hu\/termek-1\/vasarolni-fentanilt-online\/","og_locale":"hu_HU","og_type":"article","og_title":"Fentanyl online kaufen \u2013 Hochwertiges Fentanyl bei ChemGramX","og_description":"Entdecken Sie Fentanyl bei ChemGramX. Kaufen Sie reines, laborgetestetes Fentanyl mit schneller und diskreter Lieferung. Jetzt online bestellen!","og_url":"https:\/\/chemgramx.com\/hu\/termek-1\/vasarolni-fentanilt-online\/","og_site_name":"Chemgramx","article_modified_time":"2025-11-21T11:24:42+00:00","og_image":[{"width":750,"height":963,"url":"https:\/\/chemgramx.com\/wp-content\/uploads\/2025\/11\/Fentanyl-kaufen.jpg","type":"image\/jpeg"}],"twitter_card":"summary_large_image","twitter_misc":{"Becs\u00fclt olvas\u00e1si id\u0151":"3 perc"},"schema":{"@context":"https:\/\/schema.org","@graph":[{"@type":"WebPage","@id":"https:\/\/chemgramx.com\/product\/fentanyl-online-kaufen\/","url":"https:\/\/chemgramx.com\/product\/fentanyl-online-kaufen\/","name":"V\u00e1s\u00e1roljon fentanilt online \u2013 Kiv\u00e1l\u00f3 min\u0151s\u00e9g\u0171 fentanilt a ChemGramX-n\u00e9l","isPartOf":{"@id":"https:\/\/chemgramx.com\/#website"},"primaryImageOfPage":{"@id":"https:\/\/chemgramx.com\/product\/fentanyl-online-kaufen\/#primaryimage"},"image":{"@id":"https:\/\/chemgramx.com\/product\/fentanyl-online-kaufen\/#primaryimage"},"thumbnailUrl":"https:\/\/chemgramx.com\/wp-content\/uploads\/2025\/11\/Fentanyl-kaufen.jpg","datePublished":"2025-11-21T11:23:57+00:00","dateModified":"2025-11-21T11:24:42+00:00","description":"Fedezze fel a Fentanilt a ChemGramX-n\u00e9l. V\u00e1s\u00e1roljon tiszta, laborat\u00f3riumban tesztelt Fentanilt gyors \u00e9s diszkr\u00e9t kisz\u00e1ll\u00edt\u00e1ssal. Rendeljen online most!","breadcrumb":{"@id":"https:\/\/chemgramx.com\/product\/fentanyl-online-kaufen\/#breadcrumb"},"inLanguage":"hu","potentialAction":[{"@type":"ReadAction","target":["https:\/\/chemgramx.com\/product\/fentanyl-online-kaufen\/"]}]},{"@type":"ImageObject","inLanguage":"hu","@id":"https:\/\/chemgramx.com\/product\/fentanyl-online-kaufen\/#primaryimage","url":"https:\/\/chemgramx.com\/wp-content\/uploads\/2025\/11\/Fentanyl-kaufen.jpg","contentUrl":"https:\/\/chemgramx.com\/wp-content\/uploads\/2025\/11\/Fentanyl-kaufen.jpg","width":750,"height":963},{"@type":"BreadcrumbList","@id":"https:\/\/chemgramx.com\/product\/fentanyl-online-kaufen\/#breadcrumb","itemListElement":[{"@type":"ListItem","position":1,"name":"Home","item":"https:\/\/chemgramx.com\/"},{"@type":"ListItem","position":2,"name":"Shop","item":"https:\/\/chemgramx.com\/shop\/"},{"@type":"ListItem","position":3,"name":"Fentanyl Online Kaufen"}]},{"@type":"WebSite","@id":"https:\/\/chemgramx.com\/#website","url":"https:\/\/chemgramx.com\/","name":"Chemgramx","description":"","publisher":{"@id":"https:\/\/chemgramx.com\/#organization"},"potentialAction":[{"@type":"SearchAction","target":{"@type":"EntryPoint","urlTemplate":"https:\/\/chemgramx.com\/?s={search_term_string}"},"query-input":{"@type":"PropertyValueSpecification","valueRequired":true,"valueName":"search_term_string"}}],"inLanguage":"hu"},{"@type":"Organization","@id":"https:\/\/chemgramx.com\/#organization","name":"Chemgramx","url":"https:\/\/chemgramx.com\/","logo":{"@type":"ImageObject","inLanguage":"hu","@id":"https:\/\/chemgramx.com\/#\/schema\/logo\/image\/","url":"https:\/\/chemgramx.com\/wp-content\/uploads\/2024\/10\/final-logo.png","contentUrl":"https:\/\/chemgramx.com\/wp-content\/uploads\/2024\/10\/final-logo.png","width":250,"height":48,"caption":"Chemgramx"},"image":{"@id":"https:\/\/chemgramx.com\/#\/schema\/logo\/image\/"}}]}},"_links":{"self":[{"href":"https:\/\/chemgramx.com\/hu\/wp-json\/wp\/v2\/product\/7880","targetHints":{"allow":["GET"]}}],"collection":[{"href":"https:\/\/chemgramx.com\/hu\/wp-json\/wp\/v2\/product"}],"about":[{"href":"https:\/\/chemgramx.com\/hu\/wp-json\/wp\/v2\/types\/product"}],"replies":[{"embeddable":true,"href":"https:\/\/chemgramx.com\/hu\/wp-json\/wp\/v2\/comments?post=7880"}],"wp:featuredmedia":[{"embeddable":true,"href":"https:\/\/chemgramx.com\/hu\/wp-json\/wp\/v2\/media\/7885"}],"wp:attachment":[{"href":"https:\/\/chemgramx.com\/hu\/wp-json\/wp\/v2\/media?parent=7880"}],"wp:term":[{"taxonomy":"product_brand","embeddable":true,"href":"https:\/\/chemgramx.com\/hu\/wp-json\/wp\/v2\/product_brand?post=7880"},{"taxonomy":"product_cat","embeddable":true,"href":"https:\/\/chemgramx.com\/hu\/wp-json\/wp\/v2\/product_cat?post=7880"},{"taxonomy":"product_tag","embeddable":true,"href":"https:\/\/chemgramx.com\/hu\/wp-json\/wp\/v2\/product_tag?post=7880"}],"curies":[{"name":"wp","href":"https:\/\/api.w.org\/{rel}","templated":true}]}}