{"id":7887,"date":"2025-11-21T11:24:15","date_gmt":"2025-11-21T11:24:15","guid":{"rendered":"https:\/\/chemgramx.com\/?post_type=product&#038;p=7887"},"modified":"2025-12-10T06:55:29","modified_gmt":"2025-12-10T06:55:29","slug":"o-vasarolni-dsmt-online","status":"publish","type":"product","link":"https:\/\/chemgramx.com\/hu\/product\/o-dsmt-online-kaufen\/","title":{"rendered":"O-DSMT \u2013 Tisztas\u00e1g (elad\u00f3 | kiv\u00e1l\u00f3 min\u0151s\u00e9g)"},"content":{"rendered":"<p>\u00dcdv\u00f6z\u00f6lj\u00fck a Chemgramxn\u00e9l, a kiv\u00e1l\u00f3 min\u0151s\u00e9g\u0171 kutat\u00e1si vegyszerek forr\u00e1s\u00e1n\u00e1l. Bemutatjuk <b>O-DSMT elad\u00f3<\/b>, egy p\u00e9ld\u00e1tlanul tiszta anyag, amelyet ig\u00e9nyes tudom\u00e1nyos alkalmaz\u00e1sokhoz fejlesztettek ki. A kiv\u00e1l\u00f3s\u00e1g ir\u00e1nti elk\u00f6telezetts\u00e9g\u00fcnk garant\u00e1lja, hogy term\u00e9keink a legmagasabb szabv\u00e1nyoknak megfeleljenek. Fedezze fel k\u00edn\u00e1latunkat <b>Kutat\u00e1si min\u0151s\u00e9g O-DSMT<\/b>. A <b>magas tisztas\u00e1g\u00fa elad\u00f3<\/b> A mint\u00e1k \u00e1llaga d\u00f6nt\u0151 fontoss\u00e1g\u00fa a pontos eredm\u00e9nyek szempontj\u00e1b\u00f3l. Ez\u00e9rt nagy hangs\u00falyt fektet\u00fcnk a szigor\u00fa min\u0151s\u00e9gbiztos\u00edt\u00e1sra. Minden t\u00e9telt gondosan feldolgozunk, hogy garant\u00e1ljuk azok integrit\u00e1s\u00e1t \u00e9s hiteless\u00e9g\u00e9t. Tov\u00e1bbi inform\u00e1ci\u00f3k: <a href=\"https:\/\/chemgramx.com\/product\/o-dsmt-online-kaufen\/\">O-DSMT online megv\u00e1s\u00e1rl\u00e1sa<\/a>.<\/p>\n<h2>Mi az az O-DSMT?<\/h2>\n<p>Az O-desmetiltramadol (O-DSMT) egy nagy kutat\u00e1si \u00e9rdekl\u0151d\u00e9snek \u00f6rvend\u0151 anyag. Egyed\u00fcl\u00e1ll\u00f3 k\u00e9miai tulajdons\u00e1gai \u00e9s potenci\u00e1lis hat\u00e1smechanizmusai \u00e9rt\u00e9kes eszk\u00f6zz\u00e9 teszik. Szerkezetileg rokon anyagk\u00e9nt az O-DSMT lehet\u0151v\u00e9 teszi specifikus receptormechanizmusok vizsg\u00e1lat\u00e1t. Fontos metabolitk\u00e9nt az O-DSMT <b>Hiteles O-DSMT<\/b> r\u00e9szletes elemz\u00e9sek komplex biol\u00f3giai rendszerekhez. Molekul\u00e1ris k\u00f6lcs\u00f6nhat\u00e1sainak kutat\u00e1sa \u00faj ismereteket ny\u00fajthat a j\u00f6v\u0151beli ter\u00e1pi\u00e1khoz. Ez\u00e9rt elengedhetetlen a tiszta, j\u00f3l jellemzett anyag.<\/p>\n<h2>K\u00e9miai profil \u00e9s tulajdons\u00e1gok<\/h2>\n<p>Az O-DSMT k\u00e9miai profilja, amelyet molekulaszerkezete hat\u00e1roz meg, meghat\u00e1rozza k\u00f6lcs\u00f6nhat\u00e1sait. A mi\u00e9nk <b>Kiv\u00e1l\u00f3 min\u0151s\u00e9g\u0171 O-DSMT<\/b> szigor\u00faan ellen\u0151rz\u00f6tt k\u00f6r\u00fclm\u00e9nyek k\u00f6z\u00f6tt szintetiz\u00e1lj\u00e1k \u00e9s tiszt\u00edtj\u00e1k, hogy biztos\u00edts\u00e1k az \u00e1lland\u00f3 \u00f6sszet\u00e9telt. Ennek eredm\u00e9nyek\u00e9nt a kutat\u00f3k megb\u00edzhatnak az anyag integrit\u00e1s\u00e1ban. A tisztas\u00e1got HPLC \u00e9s NMR seg\u00edts\u00e9g\u00e9vel igazoljuk. \u00c1ltal\u00e1ban feh\u00e9r, krist\u00e1lyos por form\u00e1j\u00e1ban tal\u00e1lhat\u00f3. Ezen tulajdons\u00e1gok pontos ismerete elengedhetetlen a helyes kezel\u00e9shez \u00e9s alkalmaz\u00e1shoz.<\/p>\n<h2>Alkalmaz\u00e1sok a tudom\u00e1nyos kutat\u00e1sban<\/h2>\n<p>Az O-DSMT sz\u00e9les k\u00f6rben alkalmazhat\u00f3 <i>In vitro<\/i>- \u00e9s <i>In vivo<\/i>-tanulm\u00e1nyok specifikus receptor rendszerek vizsg\u00e1lat\u00e1ra. Az idegtud\u00f3sok p\u00e9ld\u00e1ul a neurotranszmisszi\u00f3 kutat\u00e1s\u00e1ra haszn\u00e1lj\u00e1k. Farmakol\u00f3giai sz\u0171r\u00e9sekhez <b>Laborat\u00f3riumi min\u0151s\u00e9g\u0171 O-DSMT elad\u00f3<\/b> felbecs\u00fclhetetlen \u00e9rt\u00e9k\u0171. Referenciaanyagk\u00e9nt szolg\u00e1l a pontos elemz\u00e9sekhez \u00e9s \u00f6sszehasonl\u00edt\u00e1sokhoz. Ezenk\u00edv\u00fcl t\u00e1mogatja az \u00faj vezet\u0151 strukt\u00far\u00e1k azonos\u00edt\u00e1s\u00e1t. A rendelkez\u00e9sre \u00e1ll\u00e1sa <b>Kutat\u00e1si min\u0151s\u00e9g O-DSMT elad\u00f3<\/b> elengedhetetlen a kutat\u00f3int\u00e9zetek sz\u00e1m\u00e1ra vil\u00e1gszerte, hogy a felfedez\u00e9sek \u00e9lvonal\u00e1ban maradjanak.<\/p>\n<h2>Min\u0151s\u00e9gbiztos\u00edt\u00e1s a Chemgramxn\u00e1l<\/h2>\n<p>A Chemgramxn\u00e1l term\u00e9keink min\u0151s\u00e9ge els\u0151dleges fontoss\u00e1g\u00fa. A vegyi anyagok tisztas\u00e1ga k\u00f6zvetlen\u00fcl befoly\u00e1solja kutat\u00e1sait. Ez\u00e9rt <b>A legjobb O-DSMT a piacon<\/b> A legszigor\u00fabb min\u0151s\u00e9g-ellen\u0151rz\u00e9si elj\u00e1r\u00e1sok, amelyek messze meghaladj\u00e1k az ipari szabv\u00e1nyokat. Fejlett analitikai elj\u00e1r\u00e1sokat alkalmazunk, hogy minden t\u00e9tel identit\u00e1s\u00e1t, tisztas\u00e1g\u00e1t \u00e9s koncentr\u00e1ci\u00f3j\u00e1t biztos\u00edtsuk. Ez\u00e1ltal garant\u00e1ljuk a legmagasabb szint\u0171 megb\u00edzhat\u00f3s\u00e1got.<\/p>\n<p>Minden mint\u00e1t gondosan ellen\u0151riznek \u00e9s dokument\u00e1lnak, miel\u0151tt megv\u00e1s\u00e1rl\u00e1sra ker\u00fclne. Csapatunk fel\u00fcgyeli a teljes folyamatot, a szint\u00e9zist\u0151l a t\u00e1rol\u00e1sig. Ez garant\u00e1lja a legmagasabb min\u0151s\u00e9get \u00e9s a gondos kezel\u00e9st. \u00d6n <b>O-DSMT online rendel\u00e9se<\/b> \u00e9s biztos lehet a tisztas\u00e1g\u00e1ban. L\u00e1togasson el oldalunkra is: <a href=\"https:\/\/chemgramx.com\/product\/diplomat-hash-online-bestellung\/\">Diplomat Hash online megrendel\u00e9s<\/a>, hogy tov\u00e1bbi kiv\u00e1l\u00f3 min\u0151s\u00e9g\u0171 term\u00e9keket fedezzen fel. V\u00e1s\u00e1roljon <b>O-DSMT a Chemgramx-n\u00e1l<\/b> \u00e9s tapasztalja meg a val\u00f3di min\u0151s\u00e9g k\u00fcl\u00f6nbs\u00e9g\u00e9t.<\/p>\n<h2>Biztons\u00e1gi \u00e9s kezel\u00e9si aj\u00e1nl\u00e1sok<\/h2>\n<p>A kutat\u00e1si vegyszerekkel val\u00f3 felel\u0151ss\u00e9gteljes b\u00e1n\u00e1sm\u00f3d elengedhetetlen. Mindig viseljen megfelel\u0151 egy\u00e9ni v\u00e9d\u0151felszerel\u00e9st (PPE), p\u00e9ld\u00e1ul keszty\u0171t \u00e9s v\u00e9d\u0151szem\u00fcveget. A j\u00f3 szell\u0151z\u00e9s elengedhetetlen. Az O-DSMT-t j\u00f3l lez\u00e1rt tart\u00e1lyban, h\u0171v\u00f6s, sz\u00e1raz helyen, napf\u00e9nyt\u0151l \u00e9s nedvess\u00e9gt\u0151l t\u00e1vol t\u00e1rolja. Tartsa t\u00e1vol jogosulatlan szem\u00e9lyekt\u0151l. A megfelel\u0151 t\u00e1rol\u00e1s meg\u0151rzi a term\u00e9k integrit\u00e1s\u00e1t. B\u0151rrel\/szemmel val\u00f3 \u00e9rintkez\u00e9s eset\u00e9n azonnal \u00f6bl\u00edtse le v\u00edzzel \u00e9s forduljon orvoshoz. Mindig olvassa el a biztons\u00e1gi adatlapot (SDB). Ezen ir\u00e1nyelvek betart\u00e1sa v\u00e9di eg\u00e9szs\u00e9g\u00e9t \u00e9s k\u00eds\u00e9rleteit.<\/p>\n<h2>Mi\u00e9rt v\u00e1lassza az O-DSMT-t kutat\u00e1s\u00e1hoz?<\/h2>\n<p>A megfelel\u0151 kutat\u00e1si vegyi anyag kiv\u00e1laszt\u00e1sa d\u00f6nt\u0151 fontoss\u00e1g\u00fa. A <b>O-DSMT a kutat\u00e1s\u00e1hoz<\/b> A Chemgramx p\u00e1ratlan tisztas\u00e1got, megb\u00edzhat\u00f3s\u00e1got \u00e9s szolg\u00e1ltat\u00e1st k\u00edn\u00e1l. Els\u0151 oszt\u00e1ly\u00fa min\u0151s\u00e9g ir\u00e1nti elk\u00f6telezetts\u00e9g\u00fcnk biztos\u00edtja eredm\u00e9nyeinek konzisztenci\u00e1j\u00e1t. Meg\u00e9rtj\u00fck a modern kutat\u00e1si k\u00f6vetelm\u00e9nyeket. Ez\u00e9rt a mi <b>Magas tisztas\u00e1g\u00fa term\u00e9kek elad\u00f3<\/b> \u00e1ll\u00f3 O-DSMT legszigor\u00fabb el\u0151\u00edr\u00e1soknak. A kiv\u00e1l\u00f3 min\u0151s\u00e9g\u0171 anyagokba val\u00f3 befektet\u00e9s minimaliz\u00e1lja a hib\u00e1kat \u00e9s optimaliz\u00e1lja a hat\u00e9konys\u00e1got. Ennek eredm\u00e9nyek\u00e9nt \u00d6n a relev\u00e1ns adatokra koncentr\u00e1lhat. Biztons\u00e1gos \u00e9s diszkr\u00e9t v\u00e1s\u00e1rl\u00e1st k\u00edn\u00e1lunk. \u00cdgy \u00d6n <b>Most online v\u00e1s\u00e1roljon<\/b> \u00e9s kutat\u00e1si c\u00e9lokat magabiztosan k\u00f6vetni. Garant\u00e1lt <b>Biztons\u00e1gos v\u00e1s\u00e1rl\u00e1s<\/b> a Chemgramx-n\u00e1l.<\/p>\n<h2>A jogi \u00e9s etikai keretfelt\u00e9telek meg\u00e9rt\u00e9se<\/h2>\n<p>Az O-DSMT-hez hasonl\u00f3 vegyi anyagokkal v\u00e9gzett kutat\u00e1sok pontoss\u00e1got \u00e9s a jogi\/etikai ir\u00e1nyelvek szigor\u00fa betart\u00e1s\u00e1t ig\u00e9nylik. Miel\u0151tt <b>O-DSMT online rendel\u00e9se<\/b>, ellen\u0151rizze az \u00d6n orsz\u00e1g\u00e1ban \u00e9rv\u00e9nyes t\u00f6rv\u00e9nyeket. A szab\u00e1lyok betart\u00e1sa v\u00e9di a kutat\u00f3kat \u00e9s az int\u00e9zm\u00e9nyeket. Felel\u0151ss\u00e9g\u00fcnk, hogy a kutat\u00e1sokat etikus m\u00f3don v\u00e9gezz\u00fck. Az O-DSMT kiz\u00e1r\u00f3lag t\u00f6rv\u00e9nyes kutat\u00e1si c\u00e9lokra haszn\u00e1lhat\u00f3, soha nem haszn\u00e1lhat\u00f3 a rendeltet\u00e9s\u00e9n k\u00edv\u00fcl. A \u00e1tl\u00e1that\u00f3s\u00e1g \u00e9s az integrit\u00e1s rendk\u00edv\u00fcl fontos. A Chemgramx t\u00e1mogatja a felel\u0151ss\u00e9gteljes kutat\u00e1st. A szab\u00e1lyok betart\u00e1s\u00e1nak felel\u0151ss\u00e9ge a v\u00e9gfelhaszn\u00e1l\u00f3t terheli. T\u00e1j\u00e9koz\u00f3djon alaposan.<\/p>\n<h2>Megb\u00edzhat\u00f3 forr\u00e1sa a kutat\u00e1si vegyszerekhez<\/h2>\n<p>A Chemgramx megb\u00edzhat\u00f3 partnere azoknak a tud\u00f3soknak, akik <b>Kiv\u00e1l\u00f3 min\u0151s\u00e9g\u0171 O-DSMT<\/b> \u00e9s egy\u00e9b kutat\u00e1si vegyszerekre van sz\u00fcks\u00e9ge. F\u00f3kuszunk a tisztas\u00e1g\u00fa, konzisztens \u00e9s \u00e1tl\u00e1that\u00f3 dokument\u00e1ci\u00f3val rendelkez\u0151 term\u00e9keken van. Ez\u00e1ltal megkapja a min\u0151s\u00e9get, amelyre ig\u00e9nyes tanulm\u00e1nyaihoz sz\u00fcks\u00e9ge van. Arra t\u00f6reksz\u00fcnk, hogy z\u00f6kken\u0151mentes \u00e9s professzion\u00e1lis \u00e9lm\u00e9nyt ny\u00fajtsunk \u00d6nnek. A kiv\u00e1laszt\u00e1st\u00f3l a v\u00e1s\u00e1rl\u00e1sig nagy hangs\u00falyt fektet\u00fcnk a vil\u00e1gos kommunik\u00e1ci\u00f3ra \u00e9s a kiv\u00e1l\u00f3 min\u0151s\u00e9g\u0171 term\u00e9kekre. Ha \u00d6n <b>A legjobb O-DSMT a piacon<\/b> keres, akkor a Chemgramx a megfelel\u0151 v\u00e1laszt\u00e1s. T\u00e1mogatjuk kutat\u00e1si ig\u00e9nyeit. \u00d6sszefoglalva: a Chemgramx a kiv\u00e1l\u00f3 min\u0151s\u00e9g\u0171 kutat\u00e1si vegyszerek ter\u00e9n az \u00d6n partnere. V\u00e1s\u00e1roljon <b>Hiteles O-DSMT<\/b> hozzon el hozz\u00e1nk, \u00e9s emelje kutat\u00e1s\u00e1t \u00faj szintre.<\/p>","protected":false},"excerpt":{"rendered":"<p>Fedezze fel a Chemgramx-ot <b>O-DSMT online megv\u00e1s\u00e1rl\u00e1sa<\/b> a legmagasabb kutat\u00e1si min\u0151s\u00e9gben. O-DSMT term\u00e9k\u00fcnk kiemelked\u0151 tisztas\u00e1ggal \u00e9s pontos jellemz\u00e9ssel rendelkezik HPLC \u00e9s NMR seg\u00edts\u00e9g\u00e9vel. Ide\u00e1lis ig\u00e9nyes tudom\u00e1nyos tanulm\u00e1nyokhoz. V\u00e1s\u00e1roljon a Chemgramx-t\u00f3l egy term\u00e9ket, amely a legszigor\u00fabb min\u0151s\u00e9gi szabv\u00e1nyoknak megfelel \u00e9s gondosan feldolgozott. B\u00edzzon az eredetis\u00e9gben kutat\u00e1si projektjeihez.<\/p>\n<ul>\n<li><b>A legnagyobb tisztas\u00e1g:<\/b> Garant\u00e1lt min\u0151s\u00e9g a prec\u00edz kutat\u00e1shoz.<\/li>\n<li><b>Kutat\u00e1si min\u0151s\u00e9g:<\/b> Ide\u00e1lis ig\u00e9nyes laborat\u00f3riumi alkalmaz\u00e1sokhoz.<\/li>\n<li><b>Gondosan kidolgozott:<\/b> Meg\u0151rzi a term\u00e9k integrit\u00e1s\u00e1t.<\/li>\n<\/ul>","protected":false},"featured_media":7917,"comment_status":"open","ping_status":"closed","template":"","meta":{"_joinchat":[]},"product_brand":[],"product_cat":[56],"product_tag":[773,793,797,782,783,795,772,791,787,792,799,778,780,786,774,779,785,775,790,798,777,788,784,796,781,794,789,776],"class_list":{"0":"post-7887","1":"product","2":"type-product","3":"status-publish","4":"has-post-thumbnail","6":"product_cat-opioids","7":"product_tag-o-desmethyltramadol","8":"product_tag-o-desmethyltramadol-effekte","9":"product_tag-o-desmethyltramadol-fur-forschung","10":"product_tag-o-desmethyltramadol-kaufen","11":"product_tag-o-desmethyltramadol-lieferant","12":"product_tag-o-desmethyltramadol-reinheit","13":"product_tag-o-dsmt","14":"product_tag-o-dsmt-analyse","15":"product_tag-o-dsmt-anwendungen","16":"product_tag-o-dsmt-chemie","17":"product_tag-o-dsmt-eigenschaften","18":"product_tag-o-dsmt-forschungschemikalie","19":"product_tag-o-dsmt-groshandel","20":"product_tag-o-dsmt-handhabung","21":"product_tag-o-dsmt-kaufen","22":"product_tag-o-dsmt-laboranwendung","23":"product_tag-o-dsmt-lagerung","24":"product_tag-o-dsmt-lieferant","25":"product_tag-o-dsmt-markt","26":"product_tag-o-dsmt-pharmakologie","27":"product_tag-o-dsmt-preis","28":"product_tag-o-dsmt-risiken","29":"product_tag-o-dsmt-sicherheit","30":"product_tag-o-dsmt-studien","31":"product_tag-o-dsmt-verfugbarkeit","32":"product_tag-o-dsmt-vertrieb","33":"product_tag-o-dsmt-vorschriften","34":"product_tag-o-dsmt-zum-verkauf","36":"first","37":"instock","38":"shipping-taxable","39":"purchasable","40":"product-type-variable"},"yoast_head":"<!-- This site is optimized with the Yoast SEO plugin v27.5 - https:\/\/yoast.com\/product\/yoast-seo-wordpress\/ -->\n<title>O-DSMT - Reinheit (zum Verkauf | hohe Qualit\u00e4t)<\/title>\n<meta name=\"description\" content=\"Entdecken Sie O-DSMT in h\u00f6chster Forschungsqualit\u00e4t bei Chemgramx. Bestellen Sie jetzt O-DSMT online kaufen f\u00fcr pr\u00e4zise Laborstudien. Sicherer Erwerb von Authentizit\u00e4t.\" \/>\n<meta name=\"robots\" content=\"index, follow, max-snippet:-1, max-image-preview:large, max-video-preview:-1\" \/>\n<link rel=\"canonical\" href=\"https:\/\/chemgramx.com\/hu\/termek-1\/o-vasarolni-dsmt-online\/\" \/>\n<meta property=\"og:locale\" content=\"hu_HU\" \/>\n<meta property=\"og:type\" content=\"article\" \/>\n<meta property=\"og:title\" content=\"O-DSMT - Reinheit (zum Verkauf | hohe Qualit\u00e4t)\" \/>\n<meta property=\"og:description\" content=\"Entdecken Sie O-DSMT in h\u00f6chster Forschungsqualit\u00e4t bei Chemgramx. Bestellen Sie jetzt O-DSMT online kaufen f\u00fcr pr\u00e4zise Laborstudien. Sicherer Erwerb von Authentizit\u00e4t.\" \/>\n<meta property=\"og:url\" content=\"https:\/\/chemgramx.com\/hu\/termek-1\/o-vasarolni-dsmt-online\/\" \/>\n<meta property=\"og:site_name\" content=\"Chemgramx\" \/>\n<meta property=\"article:modified_time\" content=\"2025-12-10T06:55:29+00:00\" \/>\n<meta property=\"og:image\" content=\"https:\/\/chemgramx.com\/wp-content\/uploads\/2025\/11\/Buy-O-DSMT-online.png\" \/>\n\t<meta property=\"og:image:width\" content=\"450\" \/>\n\t<meta property=\"og:image:height\" content=\"400\" \/>\n\t<meta property=\"og:image:type\" content=\"image\/png\" \/>\n<meta name=\"twitter:card\" content=\"summary_large_image\" \/>\n<meta name=\"twitter:label1\" content=\"Becs\u00fclt olvas\u00e1si id\u0151\" \/>\n\t<meta name=\"twitter:data1\" content=\"4 perc\" \/>\n<script type=\"application\/ld+json\" class=\"yoast-schema-graph\">{\"@context\":\"https:\\\/\\\/schema.org\",\"@graph\":[{\"@type\":\"WebPage\",\"@id\":\"https:\\\/\\\/chemgramx.com\\\/product\\\/o-dsmt-online-kaufen\\\/\",\"url\":\"https:\\\/\\\/chemgramx.com\\\/product\\\/o-dsmt-online-kaufen\\\/\",\"name\":\"O-DSMT - Reinheit (zum Verkauf | hohe Qualit\u00e4t)\",\"isPartOf\":{\"@id\":\"https:\\\/\\\/chemgramx.com\\\/#website\"},\"primaryImageOfPage\":{\"@id\":\"https:\\\/\\\/chemgramx.com\\\/product\\\/o-dsmt-online-kaufen\\\/#primaryimage\"},\"image\":{\"@id\":\"https:\\\/\\\/chemgramx.com\\\/product\\\/o-dsmt-online-kaufen\\\/#primaryimage\"},\"thumbnailUrl\":\"https:\\\/\\\/chemgramx.com\\\/wp-content\\\/uploads\\\/2025\\\/11\\\/Buy-O-DSMT-online.png\",\"datePublished\":\"2025-11-21T11:24:15+00:00\",\"dateModified\":\"2025-12-10T06:55:29+00:00\",\"description\":\"Entdecken Sie O-DSMT in h\u00f6chster Forschungsqualit\u00e4t bei Chemgramx. Bestellen Sie jetzt O-DSMT online kaufen f\u00fcr pr\u00e4zise Laborstudien. Sicherer Erwerb von Authentizit\u00e4t.\",\"breadcrumb\":{\"@id\":\"https:\\\/\\\/chemgramx.com\\\/product\\\/o-dsmt-online-kaufen\\\/#breadcrumb\"},\"inLanguage\":\"hu\",\"potentialAction\":[{\"@type\":\"ReadAction\",\"target\":[\"https:\\\/\\\/chemgramx.com\\\/product\\\/o-dsmt-online-kaufen\\\/\"]}]},{\"@type\":\"ImageObject\",\"inLanguage\":\"hu\",\"@id\":\"https:\\\/\\\/chemgramx.com\\\/product\\\/o-dsmt-online-kaufen\\\/#primaryimage\",\"url\":\"https:\\\/\\\/chemgramx.com\\\/wp-content\\\/uploads\\\/2025\\\/11\\\/Buy-O-DSMT-online.png\",\"contentUrl\":\"https:\\\/\\\/chemgramx.com\\\/wp-content\\\/uploads\\\/2025\\\/11\\\/Buy-O-DSMT-online.png\",\"width\":450,\"height\":400},{\"@type\":\"BreadcrumbList\",\"@id\":\"https:\\\/\\\/chemgramx.com\\\/product\\\/o-dsmt-online-kaufen\\\/#breadcrumb\",\"itemListElement\":[{\"@type\":\"ListItem\",\"position\":1,\"name\":\"Home\",\"item\":\"https:\\\/\\\/chemgramx.com\\\/\"},{\"@type\":\"ListItem\",\"position\":2,\"name\":\"Shop\",\"item\":\"https:\\\/\\\/chemgramx.com\\\/shop\\\/\"},{\"@type\":\"ListItem\",\"position\":3,\"name\":\"O-DSMT &#8211; Reinheit (zum Verkauf | hohe Qualit\u00e4t)\"}]},{\"@type\":\"WebSite\",\"@id\":\"https:\\\/\\\/chemgramx.com\\\/#website\",\"url\":\"https:\\\/\\\/chemgramx.com\\\/\",\"name\":\"Chemgramx\",\"description\":\"\",\"publisher\":{\"@id\":\"https:\\\/\\\/chemgramx.com\\\/#organization\"},\"potentialAction\":[{\"@type\":\"SearchAction\",\"target\":{\"@type\":\"EntryPoint\",\"urlTemplate\":\"https:\\\/\\\/chemgramx.com\\\/?s={search_term_string}\"},\"query-input\":{\"@type\":\"PropertyValueSpecification\",\"valueRequired\":true,\"valueName\":\"search_term_string\"}}],\"inLanguage\":\"hu\"},{\"@type\":\"Organization\",\"@id\":\"https:\\\/\\\/chemgramx.com\\\/#organization\",\"name\":\"Chemgramx\",\"url\":\"https:\\\/\\\/chemgramx.com\\\/\",\"logo\":{\"@type\":\"ImageObject\",\"inLanguage\":\"hu\",\"@id\":\"https:\\\/\\\/chemgramx.com\\\/#\\\/schema\\\/logo\\\/image\\\/\",\"url\":\"https:\\\/\\\/chemgramx.com\\\/wp-content\\\/uploads\\\/2024\\\/10\\\/final-logo.png\",\"contentUrl\":\"https:\\\/\\\/chemgramx.com\\\/wp-content\\\/uploads\\\/2024\\\/10\\\/final-logo.png\",\"width\":250,\"height\":48,\"caption\":\"Chemgramx\"},\"image\":{\"@id\":\"https:\\\/\\\/chemgramx.com\\\/#\\\/schema\\\/logo\\\/image\\\/\"}}]}<\/script>\n<!-- \/ Yoast SEO plugin. -->","yoast_head_json":{"title":"O-DSMT - Tisztas\u00e1g (elad\u00f3 | kiv\u00e1l\u00f3 min\u0151s\u00e9g)","description":"Fedezze fel a Chemgramx-n\u00e1l a legmagasabb min\u0151s\u00e9g\u0171 kutat\u00e1si O-DSMT-t. Rendeljen most online O-DSMT-t prec\u00edz laborat\u00f3riumi vizsg\u00e1latokhoz. Biztos v\u00e1s\u00e1rl\u00e1s, garant\u00e1lt eredetis\u00e9g.","robots":{"index":"index","follow":"follow","max-snippet":"max-snippet:-1","max-image-preview":"max-image-preview:large","max-video-preview":"max-video-preview:-1"},"canonical":"https:\/\/chemgramx.com\/hu\/termek-1\/o-vasarolni-dsmt-online\/","og_locale":"hu_HU","og_type":"article","og_title":"O-DSMT - Reinheit (zum Verkauf | hohe Qualit\u00e4t)","og_description":"Entdecken Sie O-DSMT in h\u00f6chster Forschungsqualit\u00e4t bei Chemgramx. Bestellen Sie jetzt O-DSMT online kaufen f\u00fcr pr\u00e4zise Laborstudien. Sicherer Erwerb von Authentizit\u00e4t.","og_url":"https:\/\/chemgramx.com\/hu\/termek-1\/o-vasarolni-dsmt-online\/","og_site_name":"Chemgramx","article_modified_time":"2025-12-10T06:55:29+00:00","og_image":[{"width":450,"height":400,"url":"https:\/\/chemgramx.com\/wp-content\/uploads\/2025\/11\/Buy-O-DSMT-online.png","type":"image\/png"}],"twitter_card":"summary_large_image","twitter_misc":{"Becs\u00fclt olvas\u00e1si id\u0151":"4 perc"},"schema":{"@context":"https:\/\/schema.org","@graph":[{"@type":"WebPage","@id":"https:\/\/chemgramx.com\/product\/o-dsmt-online-kaufen\/","url":"https:\/\/chemgramx.com\/product\/o-dsmt-online-kaufen\/","name":"O-DSMT - Tisztas\u00e1g (elad\u00f3 | kiv\u00e1l\u00f3 min\u0151s\u00e9g)","isPartOf":{"@id":"https:\/\/chemgramx.com\/#website"},"primaryImageOfPage":{"@id":"https:\/\/chemgramx.com\/product\/o-dsmt-online-kaufen\/#primaryimage"},"image":{"@id":"https:\/\/chemgramx.com\/product\/o-dsmt-online-kaufen\/#primaryimage"},"thumbnailUrl":"https:\/\/chemgramx.com\/wp-content\/uploads\/2025\/11\/Buy-O-DSMT-online.png","datePublished":"2025-11-21T11:24:15+00:00","dateModified":"2025-12-10T06:55:29+00:00","description":"Fedezze fel a Chemgramx-n\u00e1l a legmagasabb min\u0151s\u00e9g\u0171 kutat\u00e1si O-DSMT-t. Rendeljen most online O-DSMT-t prec\u00edz laborat\u00f3riumi vizsg\u00e1latokhoz. Biztos v\u00e1s\u00e1rl\u00e1s, garant\u00e1lt eredetis\u00e9g.","breadcrumb":{"@id":"https:\/\/chemgramx.com\/product\/o-dsmt-online-kaufen\/#breadcrumb"},"inLanguage":"hu","potentialAction":[{"@type":"ReadAction","target":["https:\/\/chemgramx.com\/product\/o-dsmt-online-kaufen\/"]}]},{"@type":"ImageObject","inLanguage":"hu","@id":"https:\/\/chemgramx.com\/product\/o-dsmt-online-kaufen\/#primaryimage","url":"https:\/\/chemgramx.com\/wp-content\/uploads\/2025\/11\/Buy-O-DSMT-online.png","contentUrl":"https:\/\/chemgramx.com\/wp-content\/uploads\/2025\/11\/Buy-O-DSMT-online.png","width":450,"height":400},{"@type":"BreadcrumbList","@id":"https:\/\/chemgramx.com\/product\/o-dsmt-online-kaufen\/#breadcrumb","itemListElement":[{"@type":"ListItem","position":1,"name":"Home","item":"https:\/\/chemgramx.com\/"},{"@type":"ListItem","position":2,"name":"Shop","item":"https:\/\/chemgramx.com\/shop\/"},{"@type":"ListItem","position":3,"name":"O-DSMT &#8211; Reinheit (zum Verkauf | hohe Qualit\u00e4t)"}]},{"@type":"WebSite","@id":"https:\/\/chemgramx.com\/#website","url":"https:\/\/chemgramx.com\/","name":"Chemgramx","description":"","publisher":{"@id":"https:\/\/chemgramx.com\/#organization"},"potentialAction":[{"@type":"SearchAction","target":{"@type":"EntryPoint","urlTemplate":"https:\/\/chemgramx.com\/?s={search_term_string}"},"query-input":{"@type":"PropertyValueSpecification","valueRequired":true,"valueName":"search_term_string"}}],"inLanguage":"hu"},{"@type":"Organization","@id":"https:\/\/chemgramx.com\/#organization","name":"Chemgramx","url":"https:\/\/chemgramx.com\/","logo":{"@type":"ImageObject","inLanguage":"hu","@id":"https:\/\/chemgramx.com\/#\/schema\/logo\/image\/","url":"https:\/\/chemgramx.com\/wp-content\/uploads\/2024\/10\/final-logo.png","contentUrl":"https:\/\/chemgramx.com\/wp-content\/uploads\/2024\/10\/final-logo.png","width":250,"height":48,"caption":"Chemgramx"},"image":{"@id":"https:\/\/chemgramx.com\/#\/schema\/logo\/image\/"}}]}},"_links":{"self":[{"href":"https:\/\/chemgramx.com\/hu\/wp-json\/wp\/v2\/product\/7887","targetHints":{"allow":["GET"]}}],"collection":[{"href":"https:\/\/chemgramx.com\/hu\/wp-json\/wp\/v2\/product"}],"about":[{"href":"https:\/\/chemgramx.com\/hu\/wp-json\/wp\/v2\/types\/product"}],"replies":[{"embeddable":true,"href":"https:\/\/chemgramx.com\/hu\/wp-json\/wp\/v2\/comments?post=7887"}],"wp:featuredmedia":[{"embeddable":true,"href":"https:\/\/chemgramx.com\/hu\/wp-json\/wp\/v2\/media\/7917"}],"wp:attachment":[{"href":"https:\/\/chemgramx.com\/hu\/wp-json\/wp\/v2\/media?parent=7887"}],"wp:term":[{"taxonomy":"product_brand","embeddable":true,"href":"https:\/\/chemgramx.com\/hu\/wp-json\/wp\/v2\/product_brand?post=7887"},{"taxonomy":"product_cat","embeddable":true,"href":"https:\/\/chemgramx.com\/hu\/wp-json\/wp\/v2\/product_cat?post=7887"},{"taxonomy":"product_tag","embeddable":true,"href":"https:\/\/chemgramx.com\/hu\/wp-json\/wp\/v2\/product_tag?post=7887"}],"curies":[{"name":"wp","href":"https:\/\/api.w.org\/{rel}","templated":true}]}}