{"id":7888,"date":"2025-11-21T11:24:15","date_gmt":"2025-11-21T11:24:15","guid":{"rendered":"https:\/\/chemgramx.com\/?post_type=product&#038;p=7888"},"modified":"2025-11-21T11:24:56","modified_gmt":"2025-11-21T11:24:56","slug":"r-30490-online-vasarlas","status":"publish","type":"product","link":"https:\/\/chemgramx.com\/hu\/product\/r-30490-online-kaufen\/","title":{"rendered":"R-30490 Online v\u00e1s\u00e1rl\u00e1s"},"content":{"rendered":"<p data-start=\"871\" data-end=\"1275\"><strong data-start=\"871\" data-end=\"882\">R-30490<\/strong> szintetikusan el\u0151\u00e1ll\u00edtott molekula a k\u00f6vetkez\u0151 csoportba tartoz\u00f3 molekul\u00e1k k\u00f6z\u00fcl <strong data-start=\"944\" data-end=\"982\">piperidin alap\u00fa opioid agonist\u00e1k<\/strong>, amely a tudom\u00e1nyos kutat\u00e1sban is figyelmet kelt. Mivel a <strong data-start=\"1058\" data-end=\"1107\">magas k\u00f6t\u0151d\u00e9si affinit\u00e1s a \u00b5-opioid receptorokhoz<\/strong> az anyagot preklinikai laborat\u00f3riumi vizsg\u00e1latokban \u00e9s in vitro elemz\u00e9sekben haszn\u00e1lj\u00e1k a f\u00e1jdalom modul\u00e1ci\u00f3j\u00e1nak \u00e9s az opioid receptorok aktiv\u00e1l\u00e1s\u00e1nak mechanizmusainak vizsg\u00e1lat\u00e1ra.<\/p>\n<p data-start=\"1277\" data-end=\"1526\">A hat\u00f3anyag szoros rokons\u00e1gban \u00e1ll az ismert opioidokkal, mint pl. <strong data-start=\"1346\" data-end=\"1358\">Fentanyl<\/strong> vagy <strong data-start=\"1364\" data-end=\"1380\">Remifentanil<\/strong>, de k\u00fcl\u00f6nb\u00f6zik a szerkezeti m\u00f3dos\u00edt\u00e1sokban, amelyek elt\u00e9r\u0151 receptor-szelektivit\u00e1st \u00e9s farmakokinetikai tulajdons\u00e1gokat eredm\u00e9nyeznek.<\/p>\n<h2 data-start=\"1533\" data-end=\"1582\">K\u00e9miai \u00e9s farmakol\u00f3giai tulajdons\u00e1gok<\/h2>\n<p data-start=\"1584\" data-end=\"1829\"><strong data-start=\"1584\" data-end=\"1595\">R-30490<\/strong> k\u00e9miailag a <strong data-start=\"1628\" data-end=\"1655\">Fenilpiperidin-opioidok<\/strong>. Ezt az anyagcsoportot kifejezett f\u00e1jdalomcsillap\u00edt\u00f3 hat\u00e1s jellemzi, amely a k\u00f6zponti idegrendszer \u00b5-opioid receptorainak er\u0151s aktiv\u00e1l\u00e1s\u00e1n alapul.<\/p>\n<h3 data-start=\"1831\" data-end=\"1865\">F\u0151bb jellemz\u0151k:<\/h3>\n<ul data-start=\"1866\" data-end=\"2232\">\n<li data-start=\"1866\" data-end=\"1927\">\n<p data-start=\"1868\" data-end=\"1927\"><strong data-start=\"1868\" data-end=\"1891\">K\u00e9miai szerkezet:<\/strong> Piperidin alap\u00fa opioid agonista<\/p>\n<\/li>\n<li data-start=\"1928\" data-end=\"1997\">\n<p data-start=\"1930\" data-end=\"1997\"><strong data-start=\"1930\" data-end=\"1959\">\u00d6sszehasonl\u00edthat\u00f3 anyagok:<\/strong> Fentanil, karfentanil, remifentanil<\/p>\n<\/li>\n<li data-start=\"1998\" data-end=\"2066\">\n<p data-start=\"2000\" data-end=\"2066\"><strong data-start=\"2000\" data-end=\"2034\">Farmakol\u00f3giai f\u00f3kusz:<\/strong> \u00b5-opioid receptor szelektivit\u00e1s<\/p>\n<\/li>\n<li data-start=\"2067\" data-end=\"2141\">\n<p data-start=\"2069\" data-end=\"2141\"><strong data-start=\"2069\" data-end=\"2091\">Alkalmaz\u00e1si ter\u00fclet:<\/strong> Preklinikai kutat\u00e1s, receptork\u00f6t\u00e9si vizsg\u00e1latok<\/p>\n<\/li>\n<li data-start=\"2142\" data-end=\"2232\">\n<p data-start=\"2144\" data-end=\"2232\"><strong data-start=\"2144\" data-end=\"2176\">Adagol\u00e1si forma a vizsg\u00e1latokban:<\/strong> T\u00f6bbnyire krist\u00e1lyos por analitikai felhaszn\u00e1l\u00e1sra<\/p>\n<\/li>\n<\/ul>\n<p data-start=\"2234\" data-end=\"2424\">Magas receptoraffinit\u00e1sa miatt az R-30490 modellmolekula annak meg\u00e9rt\u00e9s\u00e9hez, hogy a minim\u00e1lis k\u00e9miai v\u00e1ltoz\u00e1sok hogyan befoly\u00e1solj\u00e1k az opioidreceptorok k\u00f6t\u0151erej\u00e9t \u00e9s hat\u00e9konys\u00e1g\u00e1t.<\/p>\n<h2 data-start=\"2431\" data-end=\"2462\">Jelent\u0151s\u00e9ge a kutat\u00e1sban<\/h2>\n<p data-start=\"2464\" data-end=\"2695\">Az olyan vegy\u00fcletek vizsg\u00e1lata, mint a <strong data-start=\"2502\" data-end=\"2513\">R-30490<\/strong> seg\u00edt meg\u00e9rteni az alapvet\u0151 mechanizmusokat <strong data-start=\"2550\" data-end=\"2578\">F\u00e1jdalmas jel\u00e1tvitel<\/strong> \u00e9s <strong data-start=\"2583\" data-end=\"2611\">neurok\u00e9miai reakci\u00f3<\/strong> az opioidokr\u00f3l. A kutat\u00e1sban az anyagot t\u00f6bbek k\u00f6z\u00f6tt a k\u00f6vetkez\u0151kre haszn\u00e1lj\u00e1k:<\/p>\n<ul data-start=\"2697\" data-end=\"2956\">\n<li data-start=\"2697\" data-end=\"2738\">\n<p data-start=\"2699\" data-end=\"2738\"><strong data-start=\"2699\" data-end=\"2727\">Receptork\u00f6t\u00e9si elemz\u00e9sek<\/strong> in vitro<\/p>\n<\/li>\n<li data-start=\"2739\" data-end=\"2799\">\n<p data-start=\"2741\" data-end=\"2799\"><strong data-start=\"2741\" data-end=\"2762\">\u00d6sszehasonl\u00edt\u00f3 tanulm\u00e1nyok<\/strong> a szerkezetileg rokon opioidokhoz<\/p>\n<\/li>\n<li data-start=\"2800\" data-end=\"2870\">\n<p data-start=\"2802\" data-end=\"2870\"><strong data-start=\"2802\" data-end=\"2835\">Toxikol\u00f3giai vizsg\u00e1latok<\/strong> szintetikus opioid vegy\u00fcletek<\/p>\n<\/li>\n<li data-start=\"2871\" data-end=\"2956\">\n<p data-start=\"2873\" data-end=\"2956\"><strong data-start=\"2873\" data-end=\"2916\">Sz\u00e1m\u00edt\u00f3g\u00e9pes molekul\u00e1ris modellez\u00e9s<\/strong> biztons\u00e1gosabb f\u00e1jdalomcsillap\u00edt\u00f3k kifejleszt\u00e9se<\/p>\n<\/li>\n<\/ul>\n<p data-start=\"2958\" data-end=\"3132\">Ez a kutat\u00e1s hozz\u00e1j\u00e1rul ehhez, <strong data-start=\"2990\" data-end=\"3017\">\u00daj f\u00e1jdalomcsillap\u00edt\u00f3 gy\u00f3gyszer<\/strong> amelyek c\u00e9lzottabb hat\u00e1ssal \u00e9s potenci\u00e1lisan kevesebb mell\u00e9khat\u00e1ssal vagy f\u00fcgg\u0151s\u00e9gi potenci\u00e1llal rendelkeznek.<\/p>\n<h2 data-start=\"3139\" data-end=\"3182\">Farmakol\u00f3giai hat\u00e1s \u00e9s \u00f6sszehasonl\u00edt\u00e1s<\/h2>\n<p data-start=\"3184\" data-end=\"3432\">K\u00eds\u00e9rleti modellekben az R-30490 a \u00b5-opioid receptorok kifejezett aktiv\u00e1l\u00e1s\u00e1t mutatja, \u00e9s \u00edgy er\u0151s f\u00e1jdalomcsillap\u00edt\u00f3 potenci\u00e1llal rendelkezik. Laborat\u00f3riumi elemz\u00e9sekben ez egy <strong data-start=\"3362\" data-end=\"3400\">Nagyobb hat\u00e9konys\u00e1g alacsonyabb adaggal<\/strong> mint sok m\u00e1s opioid.<\/p>\n<p data-start=\"3434\" data-end=\"3542\">Az olyan rokon anyagokkal \u00f6sszehasonl\u00edtva, mint a <strong data-start=\"3476\" data-end=\"3488\">Fentanyl<\/strong> vagy <a href=\"\/product\/lemon-haze-strain-17-22-thc\/\"><strong data-start=\"3494\" data-end=\"3509\">Carfentanil<\/strong> <\/a>felt\u00e9telezhet\u0151, hogy az R-30490:<\/p>\n<ul data-start=\"3543\" data-end=\"3721\">\n<li data-start=\"3543\" data-end=\"3590\">\n<p data-start=\"3545\" data-end=\"3590\">egy <strong data-start=\"3550\" data-end=\"3578\">Gyors receptor k\u00f6t\u0151d\u00e9s<\/strong> van,<\/p>\n<\/li>\n<li data-start=\"3591\" data-end=\"3632\">\n<p data-start=\"3593\" data-end=\"3632\">egy <strong data-start=\"3598\" data-end=\"3621\">Hossz\u00fa felez\u00e9si id\u0151<\/strong> a saj\u00e1tja,<\/p>\n<\/li>\n<li data-start=\"3633\" data-end=\"3721\">\n<p data-start=\"3635\" data-end=\"3721\">\u00e9s potenci\u00e1lisan <strong data-start=\"3650\" data-end=\"3679\">Fokozott l\u00e9gz\u00e9sdepresszi\u00f3<\/strong> magasabb koncentr\u00e1ci\u00f3ban.<\/p>\n<\/li>\n<\/ul>\n<p data-start=\"3723\" data-end=\"3875\">Ezek a tulajdons\u00e1gok teszik a <strong data-start=\"3762\" data-end=\"3789\">fontos modell molekula<\/strong>, a szintetikus opioidok biztons\u00e1gi hat\u00e1rainak, hat\u00e1ser\u0151ss\u00e9g\u00e9nek \u00e9s kock\u00e1zatainak meg\u00e9rt\u00e9se.<\/p>\n<h2 data-start=\"3882\" data-end=\"3923\">Biztons\u00e1gi \u00e9s jogi kategoriz\u00e1l\u00e1s<\/h2>\n<p data-start=\"3925\" data-end=\"4128\">Az R-30490 a k\u00f6vetkez\u0151 <strong data-start=\"3937\" data-end=\"4001\">emberi vagy \u00e1llati fogyaszt\u00e1sra nem enged\u00e9lyezett<\/strong>. Kiz\u00e1r\u00f3lag a k\u00f6vetkez\u0151kben haszn\u00e1lj\u00e1k \u0151ket <strong data-start=\"4041\" data-end=\"4079\">regisztr\u00e1lt kutat\u00e1si k\u00f6rnyezetek<\/strong> az \u00f6sszes biztons\u00e1gi el\u0151\u00edr\u00e1snak megfelel\u0151en.<\/p>\n<h3 data-start=\"4130\" data-end=\"4169\">Jogi helyzet (2025-ben)<\/h3>\n<ul data-start=\"4170\" data-end=\"4472\">\n<li data-start=\"4170\" data-end=\"4263\">\n<p data-start=\"4172\" data-end=\"4263\"><strong data-start=\"4172\" data-end=\"4188\">N\u00e9metorsz\u00e1g:<\/strong> A BtMG-ben kifejezetten nem szerepel, de az anal\u00f3g mondatok k\u00f6z\u00e9 tartozhat.<\/p>\n<\/li>\n<li data-start=\"4264\" data-end=\"4328\">\n<p data-start=\"4266\" data-end=\"4328\"><strong data-start=\"4266\" data-end=\"4274\">USA:<\/strong> Bizonyos k\u00f6r\u00fclm\u00e9nyek k\u00f6z\u00f6tt a <em data-start=\"4295\" data-end=\"4317\">Sz\u00f6vets\u00e9gi anal\u00f3g t\u00f6rv\u00e9ny<\/em> felvett.<\/p>\n<\/li>\n<li data-start=\"4329\" data-end=\"4409\">\n<p data-start=\"4331\" data-end=\"4409\"><strong data-start=\"4331\" data-end=\"4370\">Nagy-Britannia, Kanada, Ausztr\u00e1lia:<\/strong> \u00c1ltal\u00e1ban ellen\u0151rz\u00f6tt anyag.<\/p>\n<\/li>\n<li data-start=\"4410\" data-end=\"4472\">\n<p data-start=\"4412\" data-end=\"4472\"><strong data-start=\"4412\" data-end=\"4424\">EU-szint\u0171:<\/strong> A besorol\u00e1s a nemzeti jog szerint v\u00e1ltozik.<\/p>\n<\/li>\n<\/ul>\n<p data-start=\"4474\" data-end=\"4646\">A kutat\u00e1si kontextusban t\u00f6rt\u00e9n\u0151 minden egyes felhaszn\u00e1l\u00e1s el\u0151tt <strong data-start=\"4525\" data-end=\"4547\">Jogi fel\u00fclvizsg\u00e1lat<\/strong> k\u00f6telez\u0151 annak biztos\u00edt\u00e1sa \u00e9rdek\u00e9ben, hogy a tanulm\u00e1nyok <strong data-start=\"4604\" data-end=\"4623\">jogilag megfelel\u0151<\/strong> v\u00e9grehajt\u00e1sra ker\u00fcl.<\/p>\n<h2 data-start=\"4653\" data-end=\"4683\">Kezel\u00e9s \u00e9s biztons\u00e1g<\/h2>\n<p data-start=\"4685\" data-end=\"4802\">Mivel az R-30490 a <strong data-start=\"4703\" data-end=\"4735\">nagy hat\u00e1s\u00fa opioid agonist\u00e1k<\/strong> a laborat\u00f3riumban szigor\u00fa biztons\u00e1gi int\u00e9zked\u00e9sekre van sz\u00fcks\u00e9g.<\/p>\n<h3 data-start=\"4804\" data-end=\"4851\">Aj\u00e1nl\u00e1sok a kutat\u00f3int\u00e9zetek sz\u00e1m\u00e1ra:<\/h3>\n<ul data-start=\"4852\" data-end=\"5139\">\n<li data-start=\"4852\" data-end=\"4929\">\n<p data-start=\"4854\" data-end=\"4929\">Kiz\u00e1r\u00f3lag a <strong data-start=\"4881\" data-end=\"4907\">tan\u00fas\u00edtott laborat\u00f3riumok<\/strong> a GLP szabv\u00e1nyok szerint<\/p>\n<\/li>\n<li data-start=\"4930\" data-end=\"5007\">\n<p data-start=\"4932\" data-end=\"5007\">A <strong data-start=\"4947\" data-end=\"4967\">V\u00e9d\u0151felszerel\u00e9s<\/strong> (keszty\u0171, l\u00e9gz\u00e9sv\u00e9d\u0151, laborat\u00f3riumi k\u00f6peny)<\/p>\n<\/li>\n<li data-start=\"5008\" data-end=\"5063\">\n<p data-start=\"5010\" data-end=\"5063\">Megval\u00f3s\u00edt\u00e1s a <strong data-start=\"5029\" data-end=\"5061\">V\u00e1kuumrendszerrel ell\u00e1tott f\u00fcstg\u00e1zszekr\u00e9nyek<\/strong><\/p>\n<\/li>\n<li data-start=\"5064\" data-end=\"5139\">\n<p data-start=\"5066\" data-end=\"5139\">Dokument\u00e1ci\u00f3 a <strong data-start=\"5084\" data-end=\"5119\">Mennyis\u00e9gek, t\u00e1rol\u00e1s \u00e9s \u00e1rtalmatlan\u00edt\u00e1s<\/strong> az ir\u00e1nyelvek szerint<\/p>\n<\/li>\n<\/ul>\n<p data-start=\"5141\" data-end=\"5243\">Az R-30490 k\u00f6zvetlen \u00e9rintkez\u00e9se vagy bel\u00e9legz\u00e9se m\u00e9g minim\u00e1lis mennyis\u00e9gben is m\u00e9rgez\u0151 lehet.<\/p>\n<h2 data-start=\"5250\" data-end=\"5260\">K\u00f6vetkeztet\u00e9s<\/h2>\n<p data-start=\"5262\" data-end=\"5540\"><strong data-start=\"5262\" data-end=\"5273\">R-30490<\/strong> farmakol\u00f3giailag rendk\u00edv\u00fcl \u00e9rdekes anyag a <strong data-start=\"5333\" data-end=\"5365\">Preklinikai opioidkutat\u00e1s<\/strong>. Nagy hat\u00e9konys\u00e1ga \u00e9s receptorszelektivit\u00e1sa miatt \u00e9rt\u00e9kes betekint\u00e9st ny\u00fajt a <strong data-start=\"5465\" data-end=\"5510\">F\u00e1jdalom mechanizmusok, receptor k\u00f6lcs\u00f6nhat\u00e1sok<\/strong> \u00e9s <strong data-start=\"5515\" data-end=\"5537\">Opioid toxikol\u00f3gia<\/strong>.<\/p>\n<p data-start=\"5542\" data-end=\"5808\">Az R-30490 azonban - mint sok m\u00e1s rokon anyag - az al\u00e1bbi k\u00f6vetelm\u00e9nyeknek van kit\u00e9ve <strong data-start=\"5603\" data-end=\"5633\">jogi korl\u00e1toz\u00e1sok<\/strong> \u00e9s csak a k\u00f6vetkez\u0151 esetekben haszn\u00e1lhat\u00f3 <strong data-start=\"5650\" data-end=\"5690\">enged\u00e9lyezett kutat\u00f3int\u00e9zetek<\/strong> kell haszn\u00e1lni. A kezel\u00e9s a legnagyobb gondoss\u00e1got, szab\u00e1lyoz\u00e1si ellen\u0151rz\u00e9st \u00e9s szigor\u00fa biztons\u00e1gi int\u00e9zked\u00e9seket ig\u00e9nyel.<\/p>\n<p data-start=\"5810\" data-end=\"6021\">A kutat\u00f3knak \u00e9s az int\u00e9zm\u00e9nyeknek meg kell ismerni\u00fck a <strong data-start=\"5877\" data-end=\"5931\">Nemzeti jogszab\u00e1lyok \u00e9s biztons\u00e1gi el\u0151\u00edr\u00e1sok<\/strong> egy <strong data-start=\"5953\" data-end=\"6001\">Jogilag \u00e9s etikailag megalapozott kutat\u00e1s<\/strong> annak biztos\u00edt\u00e1sa \u00e9rdek\u00e9ben, hogy.<\/p>","protected":false},"excerpt":{"rendered":"<p><strong>R-30490<\/strong> egy szintetikus vegy\u00fclet, amelyet <strong>er\u0151s opioid f\u00e1jdalomcsillap\u00edt\u00f3<\/strong> cselekm\u00e9nyek. A szerkezetileg hasonl\u00f3 opioidok egy sor\u00e1ba tartozik, amelyeket els\u0151sorban kutat\u00e1si c\u00e9lokra fejlesztettek ki. Nagy hat\u00e9konys\u00e1g\u00e1nak k\u00f6sz\u00f6nhet\u0151en az R-30490 a <strong>\u03bc-Opioid receptorok<\/strong> az agyban, \u00e9s er\u0151s f\u00e1jdalomcsillap\u00edt\u00f3 hat\u00e1st, nyugtat\u00e1st \u00e9s euf\u00f3ri\u00e1t okoz. Er\u0151ss\u00e9ge miatt nincs enged\u00e9lyezett orvosi felhaszn\u00e1l\u00e1sa, \u00e9s csak ellen\u0151rz\u00f6tt kutat\u00e1si l\u00e9tes\u00edtm\u00e9nyekben vizsg\u00e1lj\u00e1k.<\/p>","protected":false},"featured_media":7918,"comment_status":"open","ping_status":"closed","template":"","meta":{"_joinchat":[]},"product_brand":[],"product_cat":[56],"product_tag":[800,820,824,809,810,822,648,818,814,819,827,805,807,813,801,806,812,802,817,826,825,804,815,811,823,808,821,816,803],"class_list":{"0":"post-7888","1":"product","2":"type-product","3":"status-publish","4":"has-post-thumbnail","6":"product_cat-opioids","7":"product_tag-4-methoxymethylfentanyl","8":"product_tag-4-methoxymethylfentanyl-effekte","9":"product_tag-4-methoxymethylfentanyl-fur-forschung","10":"product_tag-4-methoxymethylfentanyl-kaufen","11":"product_tag-4-methoxymethylfentanyl-lieferant","12":"product_tag-4-methoxymethylfentanyl-reinheit","13":"product_tag-r-30490","14":"product_tag-r-30490-analyse","15":"product_tag-r-30490-anwendungen","16":"product_tag-r-30490-chemie","17":"product_tag-r-30490-eigenschaften","18":"product_tag-r-30490-forschungschemikalie","19":"product_tag-r-30490-groshandel","20":"product_tag-r-30490-handhabung","21":"product_tag-r-30490-kaufen","22":"product_tag-r-30490-laboranwendung","23":"product_tag-r-30490-lagerung","24":"product_tag-r-30490-lieferant","25":"product_tag-r-30490-markt","26":"product_tag-r-30490-opioid-agonist","27":"product_tag-r-30490-pharmakologie","28":"product_tag-r-30490-preis","29":"product_tag-r-30490-risiken","30":"product_tag-r-30490-sicherheit","31":"product_tag-r-30490-studien","32":"product_tag-r-30490-verfugbarkeit","33":"product_tag-r-30490-vertrieb","34":"product_tag-r-30490-vorschriften","35":"product_tag-r-30490-zum-verkauf","37":"first","38":"instock","39":"shipping-taxable","40":"purchasable","41":"product-type-variable"},"yoast_head":"<!-- This site is optimized with the Yoast SEO plugin v27.5 - https:\/\/yoast.com\/product\/yoast-seo-wordpress\/ -->\n<title>R-30490 Kaufen \u2013 Laborgepr\u00fcfte Qualit\u00e4t Online | Chemgramx<\/title>\n<meta name=\"description\" content=\"Kaufen Sie R-30490 (4-Methoxymethylfentanyl) online bei Chemgramx. H\u00f6chste Qualit\u00e4t, laborgepr\u00fcft, schnelle Lieferung und faire Preise. Jetzt bestellen!\" \/>\n<meta name=\"robots\" content=\"index, follow, max-snippet:-1, max-image-preview:large, max-video-preview:-1\" \/>\n<link rel=\"canonical\" href=\"https:\/\/chemgramx.com\/hu\/termek-1\/r-30490-online-vasarlas\/\" \/>\n<meta property=\"og:locale\" content=\"hu_HU\" \/>\n<meta property=\"og:type\" content=\"article\" \/>\n<meta property=\"og:title\" content=\"R-30490 Kaufen \u2013 Laborgepr\u00fcfte Qualit\u00e4t Online | Chemgramx\" \/>\n<meta property=\"og:description\" content=\"Kaufen Sie R-30490 (4-Methoxymethylfentanyl) online bei Chemgramx. H\u00f6chste Qualit\u00e4t, laborgepr\u00fcft, schnelle Lieferung und faire Preise. Jetzt bestellen!\" \/>\n<meta property=\"og:url\" content=\"https:\/\/chemgramx.com\/hu\/termek-1\/r-30490-online-vasarlas\/\" \/>\n<meta property=\"og:site_name\" content=\"Chemgramx\" \/>\n<meta property=\"article:modified_time\" content=\"2025-11-21T11:24:56+00:00\" \/>\n<meta property=\"og:image\" content=\"https:\/\/chemgramx.com\/wp-content\/uploads\/2025\/11\/Buy-R-30490-online.webp\" \/>\n\t<meta property=\"og:image:width\" content=\"238\" \/>\n\t<meta property=\"og:image:height\" content=\"212\" \/>\n\t<meta property=\"og:image:type\" content=\"image\/webp\" \/>\n<meta name=\"twitter:card\" content=\"summary_large_image\" \/>\n<meta name=\"twitter:label1\" content=\"Becs\u00fclt olvas\u00e1si id\u0151\" \/>\n\t<meta name=\"twitter:data1\" content=\"3 perc\" \/>\n<script type=\"application\/ld+json\" class=\"yoast-schema-graph\">{\"@context\":\"https:\\\/\\\/schema.org\",\"@graph\":[{\"@type\":\"WebPage\",\"@id\":\"https:\\\/\\\/chemgramx.com\\\/product\\\/r-30490-online-kaufen\\\/\",\"url\":\"https:\\\/\\\/chemgramx.com\\\/product\\\/r-30490-online-kaufen\\\/\",\"name\":\"R-30490 Kaufen \u2013 Laborgepr\u00fcfte Qualit\u00e4t Online | Chemgramx\",\"isPartOf\":{\"@id\":\"https:\\\/\\\/chemgramx.com\\\/#website\"},\"primaryImageOfPage\":{\"@id\":\"https:\\\/\\\/chemgramx.com\\\/product\\\/r-30490-online-kaufen\\\/#primaryimage\"},\"image\":{\"@id\":\"https:\\\/\\\/chemgramx.com\\\/product\\\/r-30490-online-kaufen\\\/#primaryimage\"},\"thumbnailUrl\":\"https:\\\/\\\/chemgramx.com\\\/wp-content\\\/uploads\\\/2025\\\/11\\\/Buy-R-30490-online.webp\",\"datePublished\":\"2025-11-21T11:24:15+00:00\",\"dateModified\":\"2025-11-21T11:24:56+00:00\",\"description\":\"Kaufen Sie R-30490 (4-Methoxymethylfentanyl) online bei Chemgramx. H\u00f6chste Qualit\u00e4t, laborgepr\u00fcft, schnelle Lieferung und faire Preise. Jetzt bestellen!\",\"breadcrumb\":{\"@id\":\"https:\\\/\\\/chemgramx.com\\\/product\\\/r-30490-online-kaufen\\\/#breadcrumb\"},\"inLanguage\":\"hu\",\"potentialAction\":[{\"@type\":\"ReadAction\",\"target\":[\"https:\\\/\\\/chemgramx.com\\\/product\\\/r-30490-online-kaufen\\\/\"]}]},{\"@type\":\"ImageObject\",\"inLanguage\":\"hu\",\"@id\":\"https:\\\/\\\/chemgramx.com\\\/product\\\/r-30490-online-kaufen\\\/#primaryimage\",\"url\":\"https:\\\/\\\/chemgramx.com\\\/wp-content\\\/uploads\\\/2025\\\/11\\\/Buy-R-30490-online.webp\",\"contentUrl\":\"https:\\\/\\\/chemgramx.com\\\/wp-content\\\/uploads\\\/2025\\\/11\\\/Buy-R-30490-online.webp\",\"width\":238,\"height\":212},{\"@type\":\"BreadcrumbList\",\"@id\":\"https:\\\/\\\/chemgramx.com\\\/product\\\/r-30490-online-kaufen\\\/#breadcrumb\",\"itemListElement\":[{\"@type\":\"ListItem\",\"position\":1,\"name\":\"Home\",\"item\":\"https:\\\/\\\/chemgramx.com\\\/\"},{\"@type\":\"ListItem\",\"position\":2,\"name\":\"Shop\",\"item\":\"https:\\\/\\\/chemgramx.com\\\/shop\\\/\"},{\"@type\":\"ListItem\",\"position\":3,\"name\":\"R-30490 Online Kaufen\"}]},{\"@type\":\"WebSite\",\"@id\":\"https:\\\/\\\/chemgramx.com\\\/#website\",\"url\":\"https:\\\/\\\/chemgramx.com\\\/\",\"name\":\"Chemgramx\",\"description\":\"\",\"publisher\":{\"@id\":\"https:\\\/\\\/chemgramx.com\\\/#organization\"},\"potentialAction\":[{\"@type\":\"SearchAction\",\"target\":{\"@type\":\"EntryPoint\",\"urlTemplate\":\"https:\\\/\\\/chemgramx.com\\\/?s={search_term_string}\"},\"query-input\":{\"@type\":\"PropertyValueSpecification\",\"valueRequired\":true,\"valueName\":\"search_term_string\"}}],\"inLanguage\":\"hu\"},{\"@type\":\"Organization\",\"@id\":\"https:\\\/\\\/chemgramx.com\\\/#organization\",\"name\":\"Chemgramx\",\"url\":\"https:\\\/\\\/chemgramx.com\\\/\",\"logo\":{\"@type\":\"ImageObject\",\"inLanguage\":\"hu\",\"@id\":\"https:\\\/\\\/chemgramx.com\\\/#\\\/schema\\\/logo\\\/image\\\/\",\"url\":\"https:\\\/\\\/chemgramx.com\\\/wp-content\\\/uploads\\\/2024\\\/10\\\/final-logo.png\",\"contentUrl\":\"https:\\\/\\\/chemgramx.com\\\/wp-content\\\/uploads\\\/2024\\\/10\\\/final-logo.png\",\"width\":250,\"height\":48,\"caption\":\"Chemgramx\"},\"image\":{\"@id\":\"https:\\\/\\\/chemgramx.com\\\/#\\\/schema\\\/logo\\\/image\\\/\"}}]}<\/script>\n<!-- \/ Yoast SEO plugin. -->","yoast_head_json":{"title":"V\u00e1s\u00e1roljon R-30490-et \u2013 Laborat\u00f3riumban tesztelt min\u0151s\u00e9g online | Chemgramx","description":"V\u00e1s\u00e1roljon R-30490-et (4-metoximetilfentanil) online a Chemgramx-n\u00e1l. Legmagasabb min\u0151s\u00e9g, laborat\u00f3riumban tesztelt, gyors sz\u00e1ll\u00edt\u00e1s \u00e9s korrekt \u00e1rak. Rendelje meg most!","robots":{"index":"index","follow":"follow","max-snippet":"max-snippet:-1","max-image-preview":"max-image-preview:large","max-video-preview":"max-video-preview:-1"},"canonical":"https:\/\/chemgramx.com\/hu\/termek-1\/r-30490-online-vasarlas\/","og_locale":"hu_HU","og_type":"article","og_title":"R-30490 Kaufen \u2013 Laborgepr\u00fcfte Qualit\u00e4t Online | Chemgramx","og_description":"Kaufen Sie R-30490 (4-Methoxymethylfentanyl) online bei Chemgramx. H\u00f6chste Qualit\u00e4t, laborgepr\u00fcft, schnelle Lieferung und faire Preise. Jetzt bestellen!","og_url":"https:\/\/chemgramx.com\/hu\/termek-1\/r-30490-online-vasarlas\/","og_site_name":"Chemgramx","article_modified_time":"2025-11-21T11:24:56+00:00","og_image":[{"width":238,"height":212,"url":"https:\/\/chemgramx.com\/wp-content\/uploads\/2025\/11\/Buy-R-30490-online.webp","type":"image\/webp"}],"twitter_card":"summary_large_image","twitter_misc":{"Becs\u00fclt olvas\u00e1si id\u0151":"3 perc"},"schema":{"@context":"https:\/\/schema.org","@graph":[{"@type":"WebPage","@id":"https:\/\/chemgramx.com\/product\/r-30490-online-kaufen\/","url":"https:\/\/chemgramx.com\/product\/r-30490-online-kaufen\/","name":"V\u00e1s\u00e1roljon R-30490-et \u2013 Laborat\u00f3riumban tesztelt min\u0151s\u00e9g online | Chemgramx","isPartOf":{"@id":"https:\/\/chemgramx.com\/#website"},"primaryImageOfPage":{"@id":"https:\/\/chemgramx.com\/product\/r-30490-online-kaufen\/#primaryimage"},"image":{"@id":"https:\/\/chemgramx.com\/product\/r-30490-online-kaufen\/#primaryimage"},"thumbnailUrl":"https:\/\/chemgramx.com\/wp-content\/uploads\/2025\/11\/Buy-R-30490-online.webp","datePublished":"2025-11-21T11:24:15+00:00","dateModified":"2025-11-21T11:24:56+00:00","description":"V\u00e1s\u00e1roljon R-30490-et (4-metoximetilfentanil) online a Chemgramx-n\u00e1l. Legmagasabb min\u0151s\u00e9g, laborat\u00f3riumban tesztelt, gyors sz\u00e1ll\u00edt\u00e1s \u00e9s korrekt \u00e1rak. Rendelje meg most!","breadcrumb":{"@id":"https:\/\/chemgramx.com\/product\/r-30490-online-kaufen\/#breadcrumb"},"inLanguage":"hu","potentialAction":[{"@type":"ReadAction","target":["https:\/\/chemgramx.com\/product\/r-30490-online-kaufen\/"]}]},{"@type":"ImageObject","inLanguage":"hu","@id":"https:\/\/chemgramx.com\/product\/r-30490-online-kaufen\/#primaryimage","url":"https:\/\/chemgramx.com\/wp-content\/uploads\/2025\/11\/Buy-R-30490-online.webp","contentUrl":"https:\/\/chemgramx.com\/wp-content\/uploads\/2025\/11\/Buy-R-30490-online.webp","width":238,"height":212},{"@type":"BreadcrumbList","@id":"https:\/\/chemgramx.com\/product\/r-30490-online-kaufen\/#breadcrumb","itemListElement":[{"@type":"ListItem","position":1,"name":"Home","item":"https:\/\/chemgramx.com\/"},{"@type":"ListItem","position":2,"name":"Shop","item":"https:\/\/chemgramx.com\/shop\/"},{"@type":"ListItem","position":3,"name":"R-30490 Online Kaufen"}]},{"@type":"WebSite","@id":"https:\/\/chemgramx.com\/#website","url":"https:\/\/chemgramx.com\/","name":"Chemgramx","description":"","publisher":{"@id":"https:\/\/chemgramx.com\/#organization"},"potentialAction":[{"@type":"SearchAction","target":{"@type":"EntryPoint","urlTemplate":"https:\/\/chemgramx.com\/?s={search_term_string}"},"query-input":{"@type":"PropertyValueSpecification","valueRequired":true,"valueName":"search_term_string"}}],"inLanguage":"hu"},{"@type":"Organization","@id":"https:\/\/chemgramx.com\/#organization","name":"Chemgramx","url":"https:\/\/chemgramx.com\/","logo":{"@type":"ImageObject","inLanguage":"hu","@id":"https:\/\/chemgramx.com\/#\/schema\/logo\/image\/","url":"https:\/\/chemgramx.com\/wp-content\/uploads\/2024\/10\/final-logo.png","contentUrl":"https:\/\/chemgramx.com\/wp-content\/uploads\/2024\/10\/final-logo.png","width":250,"height":48,"caption":"Chemgramx"},"image":{"@id":"https:\/\/chemgramx.com\/#\/schema\/logo\/image\/"}}]}},"_links":{"self":[{"href":"https:\/\/chemgramx.com\/hu\/wp-json\/wp\/v2\/product\/7888","targetHints":{"allow":["GET"]}}],"collection":[{"href":"https:\/\/chemgramx.com\/hu\/wp-json\/wp\/v2\/product"}],"about":[{"href":"https:\/\/chemgramx.com\/hu\/wp-json\/wp\/v2\/types\/product"}],"replies":[{"embeddable":true,"href":"https:\/\/chemgramx.com\/hu\/wp-json\/wp\/v2\/comments?post=7888"}],"wp:featuredmedia":[{"embeddable":true,"href":"https:\/\/chemgramx.com\/hu\/wp-json\/wp\/v2\/media\/7918"}],"wp:attachment":[{"href":"https:\/\/chemgramx.com\/hu\/wp-json\/wp\/v2\/media?parent=7888"}],"wp:term":[{"taxonomy":"product_brand","embeddable":true,"href":"https:\/\/chemgramx.com\/hu\/wp-json\/wp\/v2\/product_brand?post=7888"},{"taxonomy":"product_cat","embeddable":true,"href":"https:\/\/chemgramx.com\/hu\/wp-json\/wp\/v2\/product_cat?post=7888"},{"taxonomy":"product_tag","embeddable":true,"href":"https:\/\/chemgramx.com\/hu\/wp-json\/wp\/v2\/product_tag?post=7888"}],"curies":[{"name":"wp","href":"https:\/\/api.w.org\/{rel}","templated":true}]}}