{"id":7889,"date":"2025-11-21T11:24:15","date_gmt":"2025-11-21T11:24:15","guid":{"rendered":"https:\/\/chemgramx.com\/?post_type=product&#038;p=7889"},"modified":"2025-11-21T11:24:56","modified_gmt":"2025-11-21T11:24:56","slug":"5-vasarolni-aminoisotonitazene-online","status":"publish","type":"product","link":"https:\/\/chemgramx.com\/hu\/product\/5-aminoisotonitazene-online-kaufen\/","title":{"rendered":"V\u00e1s\u00e1roljon 5-Aminoisotonitazene online"},"content":{"rendered":"<h2 data-start=\"144\" data-end=\"222\">V\u00e1s\u00e1roljon 5-aminoizotonitazent online \u2013 Inform\u00e1ci\u00f3k \u00e9s jogi nyilatkozatok<\/h2>\n<h3 data-start=\"224\" data-end=\"263\">Bevezet\u00e9s az 5-amino-izotonitaz\u00e9nbe<\/h3>\n<p data-start=\"264\" data-end=\"797\"><a href=\"https:\/\/chemgramx.com\/product\/5-aminoisotonitazen\/\">V\u00e1s\u00e1roljon 5-Aminoisotonitazene online<\/a> Az 5-aminoizotonitazene-r\u0151l egyre t\u00f6bb sz\u00f3 esik a kutat\u00e1sokban. Ez egy szintetikus opioid a benzimidazol oszt\u00e1lyba \u00e9s az izotonitazene metabolitja. El\u0151sz\u00f6r toxikol\u00f3giai mint\u00e1kban azonos\u00edtott\u00e1k, \u00e9s szerkezeti hasonl\u00f3s\u00e1got mutat a fentanillal \u00e9s az izotonitazennel. Egyes \u00e1rusok azt hirdetik, hogy az 5-aminoizotonitazene online is megv\u00e1s\u00e1rolhat\u00f3; azonban \u00f3vatoss\u00e1gra van sz\u00fcks\u00e9g, mivel a jogi helyzet orsz\u00e1gonk\u00e9nt elt\u00e9r\u0151.<\/p>\n<h3 data-start=\"799\" data-end=\"872\">Mi\u00e9rt v\u00e1s\u00e1rolnak az emberek online 5-amino-izotonitaz\u00e9nt?<\/h3>\n<p data-start=\"873\" data-end=\"1153\">A kereslet <a href=\"https:\/\/en.wikipedia.org\/wiki\/Isotonitazene\">5-Aminoisotonitaz\u00e9n<\/a> Az online v\u00e1s\u00e1rl\u00e1s egyre n\u00f6vekszik, mivel a kutat\u00f3knak er\u0151s opioidokra van sz\u00fcks\u00e9g\u00fck tudom\u00e1nyos c\u00e9lokra. Az online platformok megk\u00f6nny\u00edtik az 5-aminoizotonitazene megrendel\u00e9s\u00e9t, de a jogi el\u0151\u00edr\u00e1sokat be kell tartani.<\/p>\n<h3 data-start=\"1155\" data-end=\"1189\">Milyen t\u00edpus\u00fa gy\u00f3gyszer az 5-aminoisotonitaz\u00e9n?<\/h3>\n<p data-start=\"1190\" data-end=\"1512\">Az 5-aminoizotonitazene (C23H32N4O) egy szintetikus opioid, amely agonista hat\u00e1s\u00fa a \u00b5-opioid receptoron. Hat\u00e9konys\u00e1ga \u00f6sszehasonl\u00edthat\u00f3 a hidromorfon\u00e9val. B\u00e1rki, aki azon gondolkodik, hol lehet 5-aminoizotonitazene-t v\u00e1s\u00e1rolni, szem el\u0151tt kell tartania, hogy az anyag hat\u00e9konys\u00e1ga miatt szigor\u00fa jogi szab\u00e1lyoz\u00e1s al\u00e1 esik.<\/p>\n<h3 data-start=\"1514\" data-end=\"1557\">K\u00e9miai oszt\u00e1lyoz\u00e1s \u00e9s \u00f6sszehasonl\u00edt\u00e1s m\u00e1s stimul\u00e1nsokkal<\/h3>\n<p data-start=\"1558\" data-end=\"1812\">A klasszikus stimul\u00e1nsokkal, p\u00e9ld\u00e1ul az amfetaminnal ellent\u00e9tben az 5-aminoizotonitazen a szintetikus opioidok csoportj\u00e1ba tartozik. Egyedi szerkezet\u00e9nek k\u00f6sz\u00f6nhet\u0151en a rokon anyagokhoz k\u00e9pest elt\u00e9r\u0151 farmakol\u00f3giai tulajdons\u00e1gokkal rendelkezik.<\/p>\n<h3 data-start=\"1814\" data-end=\"1863\">Az 5-aminoizotonitazen hat\u00e1sai \u00e9s kock\u00e1zatai<\/h3>\n<p data-start=\"1864\" data-end=\"2144\">Mivel ez egy nagyon er\u0151s opioid, a tanulm\u00e1nyok lehets\u00e9ges mell\u00e9khat\u00e1sokr\u00f3l sz\u00e1molnak be: szed\u00e1ci\u00f3, l\u00e9gz\u00e9sdepresszi\u00f3, s\u0151t t\u00faladagol\u00e1s eset\u00e9n hal\u00e1l is. B\u00e1r az olyan aj\u00e1nlatok, mint az 5-aminoizotonitazene, vonz\u00f3nak t\u0171nnek, az eg\u00e9szs\u00e9g\u00fcgyi kock\u00e1zatok komolyak.<\/p>\n<h3 data-start=\"2146\" data-end=\"2178\">Adagol\u00e1s \u00e9s hat\u00e1sid\u0151<\/h3>\n<p data-start=\"2179\" data-end=\"2463\">A biztons\u00e1gos adagol\u00e1sra vonatkoz\u00f3 adatok nem elegend\u0151ek. Hat\u00e9konys\u00e1ga miatt az 5-aminoizotonitazen alkalmaz\u00e1sa szakmai fel\u00fcgyelet n\u00e9lk\u00fcl er\u0151sen ellenjavallt. A hat\u00e1s id\u0151tartama sem megfelel\u0151en dokument\u00e1lt, ez\u00e9rt ker\u00fclni kell az ism\u00e9telt adagol\u00e1st.<\/p>\n<h3 data-start=\"2465\" data-end=\"2511\">Mi\u00e9rt \u00e9rdemes online v\u00e1s\u00e1rolni az 5-amino-izotonitaz\u00e9nt?<\/h3>\n<p data-start=\"2512\" data-end=\"2837\">Kutat\u00e1si c\u00e9lb\u00f3l \u00e9rdekes lehet az 5-aminoizotonitazene vagy az 5-aminoizotonitazene elad\u00f3 term\u00e9kei ut\u00e1n kutatni. Sok \u00fczlet olyan \u00e1ll\u00edt\u00e1sokkal hirdeti a term\u00e9keket, mint p\u00e9ld\u00e1ul: \u201eV\u00e1s\u00e1roljon 5-aminoizotonitazene-t online megb\u00edzhat\u00f3 kutat\u00e1si forr\u00e1sb\u00f3l\u201d, de a kutat\u00f3knak biztos\u00edtaniuk kell, hogy a v\u00e1s\u00e1rl\u00e1s \u00e9s a haszn\u00e1lat megfeleljen a helyi t\u00f6rv\u00e9nyeknek.<\/p>\n<h3 data-start=\"2839\" data-end=\"2899\">Leg\u00e1lis online rendelni 5-amino-izotonitaz\u00e9nt?<\/h3>\n<p data-start=\"2900\" data-end=\"3203\">A jogi helyzet vil\u00e1gszerte v\u00e1ltoz\u00f3. Sv\u00e9dorsz\u00e1gban p\u00e9ld\u00e1ul vita folyik az 5-aminoizotonitazen k\u00e1b\u00edt\u00f3szerk\u00e9nt val\u00f3 besorol\u00e1s\u00e1r\u00f3l. Aki a legjobb helyet keresi az 5-aminoizotonitazen online v\u00e1s\u00e1rl\u00e1s\u00e1hoz, annak el\u0151zetesen alaposan ut\u00e1na kell n\u00e9znie a saj\u00e1t orsz\u00e1g\u00e1ban \u00e9rv\u00e9nyes jogi szab\u00e1lyoz\u00e1soknak.<\/p>\n<h3 data-start=\"3205\" data-end=\"3249\">Hogyan v\u00e1lasszunk 5-amino-izotonitaz\u00e9nt?<\/h3>\n<p data-start=\"3250\" data-end=\"3345\">B\u00e1rki, aki 5-amino-izotonitaz\u00e9nt tervez kutat\u00e1sra haszn\u00e1lni, a k\u00f6vetkez\u0151 krit\u00e9riumokra kell figyelnie:<\/p>\n<ul data-start=\"3346\" data-end=\"3499\">\n<li data-start=\"3346\" data-end=\"3378\">\n<p data-start=\"3348\" data-end=\"3378\">Tisztas\u00e1g (ide\u00e1lis esetben \u226598%)<\/p>\n<\/li>\n<li data-start=\"3379\" data-end=\"3435\">\n<p data-start=\"3381\" data-end=\"3435\">Csomagol\u00e1si egys\u00e9g a kutat\u00e1si ig\u00e9nyeknek megfelel\u0151en<\/p>\n<\/li>\n<li data-start=\"3436\" data-end=\"3499\">\n<p data-start=\"3438\" data-end=\"3499\">Megb\u00edzhat\u00f3 besz\u00e1ll\u00edt\u00f3k \u00e1tl\u00e1that\u00f3 biztons\u00e1gi adatlapokkal<\/p>\n<\/li>\n<\/ul>\n<h3 data-start=\"3501\" data-end=\"3558\">Najlepsze miejsca do zakupu 5-Amino Izotonitazene online<\/h3>\n<p data-start=\"3559\" data-end=\"3850\">N\u00e9h\u00e1ny \u00e1rus online hirdeti az 5-aminoizotonitaz\u00e9nt, vagy alacsony \u00e1rral cs\u00e1b\u00edtja a v\u00e1s\u00e1rl\u00f3kat. Az olyan besz\u00e1ll\u00edt\u00f3k, mint a ChemPerfect vagy a Cayman Chemical Forensics, igazs\u00e1g\u00fcgyi elemz\u00e9shez k\u00edn\u00e1lnak anyagokat. A szab\u00e1ly azonban tov\u00e1bbra is fenn\u00e1ll: csak leg\u00e1lis kutat\u00e1si forr\u00e1sokat vegyenek figyelembe.<\/p>\n<h3 data-start=\"3852\" data-end=\"3862\">K\u00f6vetkeztet\u00e9s<\/h3>\n<p data-start=\"3863\" data-end=\"4204\">Az 5-aminoizotonitazene egy er\u0151s szintetikus opioid, amely relev\u00e1ns lehet a kutat\u00e1sban. Az olyan kifejez\u00e9sek, mint az \u201e5-aminoizotonitazene v\u00e1s\u00e1rl\u00e1sa online\u201d, az \u201e5-aminoizotonitazene elad\u00e1sa\u201d vagy a \u201ehol lehet 5-aminoizotonitazene-t v\u00e1s\u00e1rolni\u201d, gyakran megjelennek a keres\u00e9si lek\u00e9rdez\u00e9sekben, de a megv\u00e1s\u00e1rl\u00e1sa jogilag tov\u00e1bbra is bizonytalan \u00e9s eg\u00e9szs\u00e9g\u00fcgyi kock\u00e1zatokat jelent.<\/p>\n<h3 data-start=\"4206\" data-end=\"4268\">V\u00e9gs\u0151 tippek a biztons\u00e1gos \u00e9s leg\u00e1lis haszn\u00e1lathoz<\/h3>\n<ul data-start=\"4269\" data-end=\"4656\">\n<li data-start=\"4269\" data-end=\"4355\">\n<p data-start=\"4271\" data-end=\"4355\">Ellen\u0151rizze az 5-amino-izotonitaz\u00e9n online v\u00e1s\u00e1rl\u00e1s\u00e1nak jogi st\u00e1tusz\u00e1t az \u00d6n orsz\u00e1g\u00e1ban.<\/p>\n<\/li>\n<li data-start=\"4356\" data-end=\"4479\">\n<p data-start=\"4358\" data-end=\"4479\">Csak megb\u00edzhat\u00f3 forr\u00e1sb\u00f3l v\u00e1s\u00e1roljon, m\u00e9g akkor is, ha az 5-aminoisotonitazene \u00e1raj\u00e1nlatok cs\u00e1b\u00edt\u00f3nak t\u0171nnek.<\/p>\n<\/li>\n<li data-start=\"4569\" data-end=\"4656\">\n<p data-start=\"4571\" data-end=\"4656\">Az 5-aminoizotonitazennel v\u00e9gzett munka sor\u00e1n \u00fcgyeljen a tisztas\u00e1gra \u00e9s a biztons\u00e1gra.<\/p>\n<\/li>\n<\/ul>","protected":false},"excerpt":{"rendered":"<p><strong>5-Aminoisotonitaz\u00e9n<\/strong> egy szintetikus opioid a <strong>Nitac\u00e9n csal\u00e1d<\/strong>amely rendk\u00edv\u00fcl er\u0151s f\u00e1jdalomcsillap\u00edt\u00f3 hat\u00e1s\u00e1r\u00f3l ismert. Ezek az anyagok agonistak\u00e9nt hatnak a <strong>\u03bc-Opioid receptorok<\/strong>ami f\u00e1jdalomcs\u00f6kkent\u00e9shez, nyugtat\u00e1shoz \u00e9s euf\u00f3ri\u00e1hoz vezet. Az 5-Aminoisotonitaz\u00e9n rendk\u00edv\u00fcl er\u0151snek tekinthet\u0151, hat\u00e1sa hasonl\u00f3 vagy er\u0151sebb lehet, mint a fentanil\u00e9, ez\u00e9rt m\u00e9g kis d\u00f3zisban is jelent\u0151s kock\u00e1zatot hordoz. Nincs enged\u00e9lyezett orvosi felhaszn\u00e1l\u00e1sa, \u00e9s f\u0151k\u00e9nt illeg\u00e1lis vagy kutat\u00e1si c\u00e9lokra haszn\u00e1lj\u00e1k.<\/p>","protected":false},"featured_media":7919,"comment_status":"open","ping_status":"closed","template":"","meta":{"_joinchat":[]},"product_brand":[],"product_cat":[56],"product_tag":[828,844,840,845,846,853,833,850,835,839,829,834,838,830,843,852,851,832,847,841,837,849,836,848,842,831],"class_list":{"0":"post-7889","1":"product","2":"type-product","3":"status-publish","4":"has-post-thumbnail","6":"product_cat-opioids","7":"product_tag-5-aminoisotonitazen","8":"product_tag-5-aminoisotonitazen-analyse","9":"product_tag-5-aminoisotonitazen-anwendungen","10":"product_tag-5-aminoisotonitazen-chemie","11":"product_tag-5-aminoisotonitazen-effekte","12":"product_tag-5-aminoisotonitazen-eigenschaften","13":"product_tag-5-aminoisotonitazen-forschungschemikalie","14":"product_tag-5-aminoisotonitazen-fur-forschung","15":"product_tag-5-aminoisotonitazen-groshandel","16":"product_tag-5-aminoisotonitazen-handhabung","17":"product_tag-5-aminoisotonitazen-kaufen","18":"product_tag-5-aminoisotonitazen-laboranwendung","19":"product_tag-5-aminoisotonitazen-lagerung","20":"product_tag-5-aminoisotonitazen-lieferant","21":"product_tag-5-aminoisotonitazen-markt","22":"product_tag-5-aminoisotonitazen-opioid","23":"product_tag-5-aminoisotonitazen-pharmakologie","24":"product_tag-5-aminoisotonitazen-preis","25":"product_tag-5-aminoisotonitazen-reinheit","26":"product_tag-5-aminoisotonitazen-risiken","27":"product_tag-5-aminoisotonitazen-sicherheit","28":"product_tag-5-aminoisotonitazen-studien","29":"product_tag-5-aminoisotonitazen-verfugbarkeit","30":"product_tag-5-aminoisotonitazen-vertrieb","31":"product_tag-5-aminoisotonitazen-vorschriften","32":"product_tag-5-aminoisotonitazen-zum-verkauf","34":"first","35":"instock","36":"shipping-taxable","37":"purchasable","38":"product-type-variable"},"yoast_head":"<!-- This site is optimized with the Yoast SEO plugin v27.5 - https:\/\/yoast.com\/product\/yoast-seo-wordpress\/ -->\n<title>5-Aminoisotonitazen online kaufen | Chemsgramx<\/title>\n<meta name=\"description\" content=\"Kaufen Sie 5-Aminoisotonitazen zu verkaufen bei chemgramx, einem der f\u00fchrenden Online-H\u00e4ndler. Wir helfen Ihnen, hochwertiges 5-Aminoisotonitazen online zu kaufen. Geben Sie Ihre Bestellung jetzt auf, um von den neuesten Ersparnissen zu profitieren!\" \/>\n<meta name=\"robots\" content=\"index, follow, max-snippet:-1, max-image-preview:large, max-video-preview:-1\" \/>\n<link rel=\"canonical\" href=\"https:\/\/chemgramx.com\/hu\/termek-1\/5-vasarolni-aminoisotonitazene-online\/\" \/>\n<meta property=\"og:locale\" content=\"hu_HU\" \/>\n<meta property=\"og:type\" content=\"article\" \/>\n<meta property=\"og:title\" content=\"5-Aminoisotonitazen online kaufen | Chemsgramx\" \/>\n<meta property=\"og:description\" content=\"Kaufen Sie 5-Aminoisotonitazen zu verkaufen bei chemgramx, einem der f\u00fchrenden Online-H\u00e4ndler. Wir helfen Ihnen, hochwertiges 5-Aminoisotonitazen online zu kaufen. Geben Sie Ihre Bestellung jetzt auf, um von den neuesten Ersparnissen zu profitieren!\" \/>\n<meta property=\"og:url\" content=\"https:\/\/chemgramx.com\/hu\/termek-1\/5-vasarolni-aminoisotonitazene-online\/\" \/>\n<meta property=\"og:site_name\" content=\"Chemgramx\" \/>\n<meta property=\"article:modified_time\" content=\"2025-11-21T11:24:56+00:00\" \/>\n<meta property=\"og:image\" content=\"https:\/\/chemgramx.com\/wp-content\/uploads\/2025\/11\/Buy-5-Aminoisotonitazene-online-1.webp\" \/>\n\t<meta property=\"og:image:width\" content=\"449\" \/>\n\t<meta property=\"og:image:height\" content=\"599\" \/>\n\t<meta property=\"og:image:type\" content=\"image\/webp\" \/>\n<meta name=\"twitter:card\" content=\"summary_large_image\" \/>\n<meta name=\"twitter:label1\" content=\"Becs\u00fclt olvas\u00e1si id\u0151\" \/>\n\t<meta name=\"twitter:data1\" content=\"3 perc\" \/>\n<script type=\"application\/ld+json\" class=\"yoast-schema-graph\">{\"@context\":\"https:\\\/\\\/schema.org\",\"@graph\":[{\"@type\":\"WebPage\",\"@id\":\"https:\\\/\\\/chemgramx.com\\\/product\\\/5-aminoisotonitazene-online-kaufen\\\/\",\"url\":\"https:\\\/\\\/chemgramx.com\\\/product\\\/5-aminoisotonitazene-online-kaufen\\\/\",\"name\":\"5-Aminoisotonitazen online kaufen | Chemsgramx\",\"isPartOf\":{\"@id\":\"https:\\\/\\\/chemgramx.com\\\/#website\"},\"primaryImageOfPage\":{\"@id\":\"https:\\\/\\\/chemgramx.com\\\/product\\\/5-aminoisotonitazene-online-kaufen\\\/#primaryimage\"},\"image\":{\"@id\":\"https:\\\/\\\/chemgramx.com\\\/product\\\/5-aminoisotonitazene-online-kaufen\\\/#primaryimage\"},\"thumbnailUrl\":\"https:\\\/\\\/chemgramx.com\\\/wp-content\\\/uploads\\\/2025\\\/11\\\/Buy-5-Aminoisotonitazene-online-1.webp\",\"datePublished\":\"2025-11-21T11:24:15+00:00\",\"dateModified\":\"2025-11-21T11:24:56+00:00\",\"description\":\"Kaufen Sie 5-Aminoisotonitazen zu verkaufen bei chemgramx, einem der f\u00fchrenden Online-H\u00e4ndler. Wir helfen Ihnen, hochwertiges 5-Aminoisotonitazen online zu kaufen. Geben Sie Ihre Bestellung jetzt auf, um von den neuesten Ersparnissen zu profitieren!\",\"breadcrumb\":{\"@id\":\"https:\\\/\\\/chemgramx.com\\\/product\\\/5-aminoisotonitazene-online-kaufen\\\/#breadcrumb\"},\"inLanguage\":\"hu\",\"potentialAction\":[{\"@type\":\"ReadAction\",\"target\":[\"https:\\\/\\\/chemgramx.com\\\/product\\\/5-aminoisotonitazene-online-kaufen\\\/\"]}]},{\"@type\":\"ImageObject\",\"inLanguage\":\"hu\",\"@id\":\"https:\\\/\\\/chemgramx.com\\\/product\\\/5-aminoisotonitazene-online-kaufen\\\/#primaryimage\",\"url\":\"https:\\\/\\\/chemgramx.com\\\/wp-content\\\/uploads\\\/2025\\\/11\\\/Buy-5-Aminoisotonitazene-online-1.webp\",\"contentUrl\":\"https:\\\/\\\/chemgramx.com\\\/wp-content\\\/uploads\\\/2025\\\/11\\\/Buy-5-Aminoisotonitazene-online-1.webp\",\"width\":449,\"height\":599},{\"@type\":\"BreadcrumbList\",\"@id\":\"https:\\\/\\\/chemgramx.com\\\/product\\\/5-aminoisotonitazene-online-kaufen\\\/#breadcrumb\",\"itemListElement\":[{\"@type\":\"ListItem\",\"position\":1,\"name\":\"Home\",\"item\":\"https:\\\/\\\/chemgramx.com\\\/\"},{\"@type\":\"ListItem\",\"position\":2,\"name\":\"Shop\",\"item\":\"https:\\\/\\\/chemgramx.com\\\/shop\\\/\"},{\"@type\":\"ListItem\",\"position\":3,\"name\":\"5-Aminoisotonitazene Online Kaufen\"}]},{\"@type\":\"WebSite\",\"@id\":\"https:\\\/\\\/chemgramx.com\\\/#website\",\"url\":\"https:\\\/\\\/chemgramx.com\\\/\",\"name\":\"Chemgramx\",\"description\":\"\",\"publisher\":{\"@id\":\"https:\\\/\\\/chemgramx.com\\\/#organization\"},\"potentialAction\":[{\"@type\":\"SearchAction\",\"target\":{\"@type\":\"EntryPoint\",\"urlTemplate\":\"https:\\\/\\\/chemgramx.com\\\/?s={search_term_string}\"},\"query-input\":{\"@type\":\"PropertyValueSpecification\",\"valueRequired\":true,\"valueName\":\"search_term_string\"}}],\"inLanguage\":\"hu\"},{\"@type\":\"Organization\",\"@id\":\"https:\\\/\\\/chemgramx.com\\\/#organization\",\"name\":\"Chemgramx\",\"url\":\"https:\\\/\\\/chemgramx.com\\\/\",\"logo\":{\"@type\":\"ImageObject\",\"inLanguage\":\"hu\",\"@id\":\"https:\\\/\\\/chemgramx.com\\\/#\\\/schema\\\/logo\\\/image\\\/\",\"url\":\"https:\\\/\\\/chemgramx.com\\\/wp-content\\\/uploads\\\/2024\\\/10\\\/final-logo.png\",\"contentUrl\":\"https:\\\/\\\/chemgramx.com\\\/wp-content\\\/uploads\\\/2024\\\/10\\\/final-logo.png\",\"width\":250,\"height\":48,\"caption\":\"Chemgramx\"},\"image\":{\"@id\":\"https:\\\/\\\/chemgramx.com\\\/#\\\/schema\\\/logo\\\/image\\\/\"}}]}<\/script>\n<!-- \/ Yoast SEO plugin. -->","yoast_head_json":{"title":"V\u00e1s\u00e1roljon 5-aminoizotonitaz\u00e9nt online | Chemsgramx","description":"V\u00e1s\u00e1roljon 5-Aminoisotonitazene elad\u00f3 a chemgramx, az egyik vezet\u0151 online kiskeresked\u0151n\u00e9l. Seg\u00edt\u00fcnk \u00d6nnek kiv\u00e1l\u00f3 min\u0151s\u00e9g\u0171 5-aminoisotonitazene online v\u00e1s\u00e1rl\u00e1s\u00e1ban. Adja le rendel\u00e9s\u00e9t most, hogy r\u00e9szes\u00fclj\u00f6n a leg\u00fajabb megtakar\u00edt\u00e1sokb\u00f3l!","robots":{"index":"index","follow":"follow","max-snippet":"max-snippet:-1","max-image-preview":"max-image-preview:large","max-video-preview":"max-video-preview:-1"},"canonical":"https:\/\/chemgramx.com\/hu\/termek-1\/5-vasarolni-aminoisotonitazene-online\/","og_locale":"hu_HU","og_type":"article","og_title":"5-Aminoisotonitazen online kaufen | Chemsgramx","og_description":"Kaufen Sie 5-Aminoisotonitazen zu verkaufen bei chemgramx, einem der f\u00fchrenden Online-H\u00e4ndler. Wir helfen Ihnen, hochwertiges 5-Aminoisotonitazen online zu kaufen. Geben Sie Ihre Bestellung jetzt auf, um von den neuesten Ersparnissen zu profitieren!","og_url":"https:\/\/chemgramx.com\/hu\/termek-1\/5-vasarolni-aminoisotonitazene-online\/","og_site_name":"Chemgramx","article_modified_time":"2025-11-21T11:24:56+00:00","og_image":[{"width":449,"height":599,"url":"https:\/\/chemgramx.com\/wp-content\/uploads\/2025\/11\/Buy-5-Aminoisotonitazene-online-1.webp","type":"image\/webp"}],"twitter_card":"summary_large_image","twitter_misc":{"Becs\u00fclt olvas\u00e1si id\u0151":"3 perc"},"schema":{"@context":"https:\/\/schema.org","@graph":[{"@type":"WebPage","@id":"https:\/\/chemgramx.com\/product\/5-aminoisotonitazene-online-kaufen\/","url":"https:\/\/chemgramx.com\/product\/5-aminoisotonitazene-online-kaufen\/","name":"V\u00e1s\u00e1roljon 5-aminoizotonitaz\u00e9nt online | Chemsgramx","isPartOf":{"@id":"https:\/\/chemgramx.com\/#website"},"primaryImageOfPage":{"@id":"https:\/\/chemgramx.com\/product\/5-aminoisotonitazene-online-kaufen\/#primaryimage"},"image":{"@id":"https:\/\/chemgramx.com\/product\/5-aminoisotonitazene-online-kaufen\/#primaryimage"},"thumbnailUrl":"https:\/\/chemgramx.com\/wp-content\/uploads\/2025\/11\/Buy-5-Aminoisotonitazene-online-1.webp","datePublished":"2025-11-21T11:24:15+00:00","dateModified":"2025-11-21T11:24:56+00:00","description":"V\u00e1s\u00e1roljon 5-Aminoisotonitazene elad\u00f3 a chemgramx, az egyik vezet\u0151 online kiskeresked\u0151n\u00e9l. Seg\u00edt\u00fcnk \u00d6nnek kiv\u00e1l\u00f3 min\u0151s\u00e9g\u0171 5-aminoisotonitazene online v\u00e1s\u00e1rl\u00e1s\u00e1ban. Adja le rendel\u00e9s\u00e9t most, hogy r\u00e9szes\u00fclj\u00f6n a leg\u00fajabb megtakar\u00edt\u00e1sokb\u00f3l!","breadcrumb":{"@id":"https:\/\/chemgramx.com\/product\/5-aminoisotonitazene-online-kaufen\/#breadcrumb"},"inLanguage":"hu","potentialAction":[{"@type":"ReadAction","target":["https:\/\/chemgramx.com\/product\/5-aminoisotonitazene-online-kaufen\/"]}]},{"@type":"ImageObject","inLanguage":"hu","@id":"https:\/\/chemgramx.com\/product\/5-aminoisotonitazene-online-kaufen\/#primaryimage","url":"https:\/\/chemgramx.com\/wp-content\/uploads\/2025\/11\/Buy-5-Aminoisotonitazene-online-1.webp","contentUrl":"https:\/\/chemgramx.com\/wp-content\/uploads\/2025\/11\/Buy-5-Aminoisotonitazene-online-1.webp","width":449,"height":599},{"@type":"BreadcrumbList","@id":"https:\/\/chemgramx.com\/product\/5-aminoisotonitazene-online-kaufen\/#breadcrumb","itemListElement":[{"@type":"ListItem","position":1,"name":"Home","item":"https:\/\/chemgramx.com\/"},{"@type":"ListItem","position":2,"name":"Shop","item":"https:\/\/chemgramx.com\/shop\/"},{"@type":"ListItem","position":3,"name":"5-Aminoisotonitazene Online Kaufen"}]},{"@type":"WebSite","@id":"https:\/\/chemgramx.com\/#website","url":"https:\/\/chemgramx.com\/","name":"Chemgramx","description":"","publisher":{"@id":"https:\/\/chemgramx.com\/#organization"},"potentialAction":[{"@type":"SearchAction","target":{"@type":"EntryPoint","urlTemplate":"https:\/\/chemgramx.com\/?s={search_term_string}"},"query-input":{"@type":"PropertyValueSpecification","valueRequired":true,"valueName":"search_term_string"}}],"inLanguage":"hu"},{"@type":"Organization","@id":"https:\/\/chemgramx.com\/#organization","name":"Chemgramx","url":"https:\/\/chemgramx.com\/","logo":{"@type":"ImageObject","inLanguage":"hu","@id":"https:\/\/chemgramx.com\/#\/schema\/logo\/image\/","url":"https:\/\/chemgramx.com\/wp-content\/uploads\/2024\/10\/final-logo.png","contentUrl":"https:\/\/chemgramx.com\/wp-content\/uploads\/2024\/10\/final-logo.png","width":250,"height":48,"caption":"Chemgramx"},"image":{"@id":"https:\/\/chemgramx.com\/#\/schema\/logo\/image\/"}}]}},"_links":{"self":[{"href":"https:\/\/chemgramx.com\/hu\/wp-json\/wp\/v2\/product\/7889","targetHints":{"allow":["GET"]}}],"collection":[{"href":"https:\/\/chemgramx.com\/hu\/wp-json\/wp\/v2\/product"}],"about":[{"href":"https:\/\/chemgramx.com\/hu\/wp-json\/wp\/v2\/types\/product"}],"replies":[{"embeddable":true,"href":"https:\/\/chemgramx.com\/hu\/wp-json\/wp\/v2\/comments?post=7889"}],"wp:featuredmedia":[{"embeddable":true,"href":"https:\/\/chemgramx.com\/hu\/wp-json\/wp\/v2\/media\/7919"}],"wp:attachment":[{"href":"https:\/\/chemgramx.com\/hu\/wp-json\/wp\/v2\/media?parent=7889"}],"wp:term":[{"taxonomy":"product_brand","embeddable":true,"href":"https:\/\/chemgramx.com\/hu\/wp-json\/wp\/v2\/product_brand?post=7889"},{"taxonomy":"product_cat","embeddable":true,"href":"https:\/\/chemgramx.com\/hu\/wp-json\/wp\/v2\/product_cat?post=7889"},{"taxonomy":"product_tag","embeddable":true,"href":"https:\/\/chemgramx.com\/hu\/wp-json\/wp\/v2\/product_tag?post=7889"}],"curies":[{"name":"wp","href":"https:\/\/api.w.org\/{rel}","templated":true}]}}