{"id":7891,"date":"2025-11-21T11:24:16","date_gmt":"2025-11-21T11:24:16","guid":{"rendered":"https:\/\/chemgramx.com\/?post_type=product&#038;p=7891"},"modified":"2025-12-10T06:53:23","modified_gmt":"2025-12-10T06:53:23","slug":"etometazen-online-vasarlas","status":"publish","type":"product","link":"https:\/\/chemgramx.com\/hu\/product\/etomethazene-online-kaufen\/","title":{"rendered":"Etomethazen v\u00e1s\u00e1rl\u00e1s \u2013 Kutat\u00e1si vegyi anyag (kiv\u00e1l\u00f3 min\u0151s\u00e9g\u0171)"},"content":{"rendered":"<p>A modern k\u00e9miai kutat\u00e1sokhoz rendk\u00edv\u00fcl tiszta anyagokra van sz\u00fcks\u00e9g. Ebben az \u00f6sszef\u00fcgg\u00e9sben a Chemgramx lehet\u0151s\u00e9get k\u00edn\u00e1l a nagy \u00e9rdekl\u0151d\u00e9snek \u00f6rvend\u0151, rendk\u00edv\u00fcl tiszta etometaz\u00e9n szint\u00e9zis\u0171 vegy\u00fclet megv\u00e1s\u00e1rl\u00e1s\u00e1ra. Ha \u00d6n <b>Etomethazen elad\u00f3<\/b> keres, itt megb\u00edzhat\u00f3 forr\u00e1st tal\u00e1l laborat\u00f3riumi ig\u00e9nyeihez.<\/p>\n<p>A jelent\u0151s\u00e9g <b>Kutat\u00e1si oszt\u00e1ly elad\u00f3<\/b> nem lehet el\u00e9gg\u00e9 hangs\u00falyozni. A prec\u00edz k\u00eds\u00e9rletekhez olyan vegyszerekre van sz\u00fcks\u00e9g, amelyek tisztas\u00e1ga garant\u00e1lt. Ez\u00e9rt elengedhetetlen, hogy olyan beszerz\u00e9si forr\u00e1st v\u00e1lasszon, amely megfelel ezeknek a k\u00f6vetelm\u00e9nyeknek. Itt megteheti <b>Etomethazen v\u00e1s\u00e1rl\u00e1s<\/b> \u00e9s ezzel megteremtik az \u00e9rv\u00e9nyes tudom\u00e1nyos eredm\u00e9nyek alapj\u00e1t.<\/p>\n<h2>Az etometaz\u00e9n var\u00e1zsa: betekint\u00e9s egy komplex anyagba<\/h2>\n<p>Az etometaz\u00e9n, egy szintetikus benzimidazol-opioid, figyelemre m\u00e9lt\u00f3 kutat\u00e1si vegyi anyagk\u00e9nt v\u00e1lt ismertt\u00e9. Komplex szerkezete egyed\u00fcl\u00e1ll\u00f3 tulajdons\u00e1gokkal ruh\u00e1zza fel. Ezenk\u00edv\u00fcl egyre n\u00f6vekszik az \u00e9rdekl\u0151d\u00e9s a szintetikus opioidok ir\u00e1nt, hogy jobban meg\u00e9rts\u00fck a f\u00e1jdalom \u00e9s a f\u00fcgg\u0151s\u00e9g mechanizmusait. K\u00edn\u00e1latunk <b>Kiv\u00e1l\u00f3 min\u0151s\u00e9g\u0171 etometaz\u00e9n<\/b> tanulm\u00e1nyaihoz.<\/p>\n<p>Az ilyen anyagok kezel\u00e9se azonban nagy felel\u0151ss\u00e9ggel j\u00e1r. Term\u00e9keink kiz\u00e1r\u00f3lag in vitro \u00e9s laborat\u00f3riumi kutat\u00e1si c\u00e9lokra szolg\u00e1lnak. C\u00e9ljuk a tudom\u00e1nyos ismeretek b\u0151v\u00edt\u00e9se, \u00e9s semmik\u00e9ppen sem alkalmasak emberi fogyaszt\u00e1sra. A Chemgramx k\u00edn\u00e1l <b>A legjobb etometaz\u00e9n kaphat\u00f3<\/b> kutat\u00f3int\u00e9zetek sz\u00e1m\u00e1ra.<\/p>\n<h2>Az etometaz\u00e9n k\u00e9miai tulajdons\u00e1gai \u00e9s szerkezete<\/h2>\n<p>Az etometazon k\u00e9miai k\u00e9plete C<sub>21<\/sub>H<sub>26<\/sub>N<sub>2<\/sub>O, molekulat\u00f6mege k\u00f6r\u00fclbel\u00fcl 322,44 g\/mol. Benzimidazol-sz\u00e1rmaz\u00e9k l\u00e9v\u00e9n komplex \u00f6tgy\u0171r\u0171s szerkezettel rendelkezik. Ezenk\u00edv\u00fcl funkcion\u00e1lis csoportjainak specifikus konfigur\u00e1ci\u00f3ja d\u00f6nt\u0151 jelent\u0151s\u00e9g\u0171 farmakol\u00f3giai k\u00f6lcs\u00f6nhat\u00e1sai szempontj\u00e1b\u00f3l.<\/p>\n<p>Ezeknek a tulajdons\u00e1goknak a pontos ismerete elengedhetetlen a molekul\u00e1ris szinten zajl\u00f3 hat\u00e1smechanizmusok vizsg\u00e1lat\u00e1hoz. K\u00f6vetkez\u00e9sk\u00e9ppen a pontos szerkezeti-k\u00e9miai adatok lehet\u0151v\u00e9 teszik c\u00e9lzott k\u00eds\u00e9rletek tervez\u00e9s\u00e9t. Csak egy <b>hiteles etometaz\u00e9n<\/b> megb\u00edzhat\u00f3 adatok gener\u00e1lhat\u00f3k.<\/p>\n<h3>Fontos fizikai-k\u00e9miai param\u00e9terek<\/h3>\n<ul>\n<li><b>\u00d6sszegk\u00e9plet:<\/b> C<sub>21<\/sub>H<sub>26<\/sub>N<sub>2<\/sub>O<\/li>\n<li><b>Mol\u00e1ris t\u00f6meg:<\/b> Kb. 322,44 g\/mol<\/li>\n<li><b>\u00d6sszes\u00edtett \u00e1llapot:<\/b> szil\u00e1rd anyag<\/li>\n<li><b>Tisztas\u00e1g:<\/b> &gt;98%<\/li>\n<\/ul>\n<h2>Alkalmaz\u00e1si ter\u00fcletek \u00e9s kutat\u00e1si lehet\u0151s\u00e9gek<\/h2>\n<p>Az etometaz\u00e9n els\u0151sorban reagensk\u00e9nt haszn\u00e1latos a k\u00e9miai \u00e9s farmakol\u00f3giai kutat\u00e1sokban. Az opioidreceptorok aktivit\u00e1s\u00e1nak kutat\u00e1s\u00e1ra \u00e9s potenci\u00e1lis \u00faj megk\u00f6zel\u00edt\u00e9sek azonos\u00edt\u00e1s\u00e1ra alkalmazz\u00e1k. Emellett \u00e9rt\u00e9kes inform\u00e1ci\u00f3kat szolg\u00e1ltat a szerkezet-hat\u00e1s \u00f6sszef\u00fcgg\u00e9sekr\u0151l. Itt megtekintheti <a href=\"https:\/\/chemgramx.com\/product\/etomethazene-online-kaufen\/\"><b>Kiv\u00e1l\u00f3 min\u0151s\u00e9g\u0171 etometaz\u00e9n v\u00e1s\u00e1rl\u00e1sa<\/b><\/a>.<\/p>\n<p>Ez\u00e9rt fontos eszk\u00f6z a neurofarmakol\u00f3gi\u00e1val foglalkoz\u00f3 tud\u00f3sok sz\u00e1m\u00e1ra. Az etometaz\u00e9nnel v\u00e9gzett kutat\u00e1sok hozz\u00e1j\u00e1rulnak a komplex biol\u00f3giai rendszerek m\u00e9lyebb meg\u00e9rt\u00e9s\u00e9hez. K\u00edn\u00e1latunk <b>Laborat\u00f3riumi min\u0151s\u00e9g\u0171 term\u00e9kek elad\u00f3<\/b>, amely megfelel ezeknek a magas k\u00f6vetelm\u00e9nyeknek.<\/p>\n<h3>Potenci\u00e1lis kutat\u00e1si ter\u00fcletek<\/h3>\n<ul>\n<li>Opioid receptor k\u00f6t\u0151d\u00e9si profilok elemz\u00e9se.<\/li>\n<li>Az anyagcsere folyamatok kutat\u00e1sa.<\/li>\n<li>Toxikuss\u00e1g \u00e9rt\u00e9kel\u00e9se.<\/li>\n<li>\u00d6sszehasonl\u00edt\u00e1s m\u00e1s opioidokkal.<\/li>\n<\/ul>\n<h2>Min\u0151s\u00e9gbiztos\u00edt\u00e1s: Mi\u00e9rt d\u00f6nt\u0151 fontoss\u00e1g\u00fa a tisztas\u00e1g?<\/h2>\n<p>A kutat\u00e1si vegyszerek tisztas\u00e1ga az \u00e9rv\u00e9nyes tudom\u00e1nyos eredm\u00e9nyek alapja. A szennyez\u0151d\u00e9s torz\u00edthatja a k\u00eds\u00e9rleti adatokat. Ez\u00e9rt a Chemgramx nagy hangs\u00falyt fektet a min\u0151s\u00e9gbiztos\u00edt\u00e1sra. \u00d6n <b>nagy tisztas\u00e1g\u00fa etometazen elad\u00f3<\/b> szigor\u00fa teszteknek al\u00e1vetett term\u00e9keket v\u00e1rnak.<\/p>\n<p>K\u00fcl\u00f6n\u00f6sen fejlett analitikai m\u00f3dszereket, mint p\u00e9ld\u00e1ul HPLC \u00e9s NMR alkalmazunk az identit\u00e1s \u00e9s a tisztas\u00e1g meger\u0151s\u00edt\u00e9s\u00e9re. Ez a gondos folyamat biztos\u00edtja, hogy \u00fcgyfeleink mindig <b>Kutat\u00e1si oszt\u00e1ly elad\u00f3<\/b> megfelel a legmagasabb sz\u00ednvonal\u00fa k\u00f6vetelm\u00e9nyeknek.<\/p>\n<h2>Biztons\u00e1gi ir\u00e1nyelvek \u00e9s laborat\u00f3riumi kezel\u00e9s<\/h2>\n<p>Az etometaz\u00e9n biztons\u00e1gos kezel\u00e9se a laborat\u00f3riumban rendk\u00edv\u00fcl fontos. A kutat\u00f3knak mindig megfelel\u0151 egy\u00e9ni v\u00e9d\u0151felszerel\u00e9st (PSA) kell viselni\u00fck, bele\u00e9rtve keszty\u0171t, v\u00e9d\u0151szem\u00fcveget \u00e9s laborat\u00f3riumi k\u00f6penyt. Ezenk\u00edv\u00fcl elengedhetetlen a f\u00fcstelsz\u00edv\u00f3 alatt v\u00e9gzett munka.<\/p>\n<p>Ez\u00e9rt javasoljuk, hogy haszn\u00e1lat el\u0151tt olvassa el a vonatkoz\u00f3 biztons\u00e1gi adatlapokat (SDB). A megfelel\u0151 t\u00e1rol\u00e1s v\u00e9di a f\u00e9nyt\u0151l \u00e9s a nedvess\u00e9gt\u0151l. A Chemgramx-n\u00e1l az etometaz\u00e9nt mindig a legnagyobb gondoss\u00e1ggal \u00e9s szigor\u00fa protokollok betart\u00e1s\u00e1val kezelj\u00fck. <b>biztons\u00e1gosan feldolgozott<\/b>. Akkor <a href=\"https:\/\/chemgramx.com\/product\/etomethazene-online-kaufen\/\"><b>Etomethazen online megrendel\u00e9se<\/b><\/a>.<\/p>\n<h2>Etomethazen felel\u0151ss\u00e9gteljes megrendel\u00e9se: partnere, a Chemgramx<\/h2>\n<p>A kutat\u00e1si vegyszerek beszerz\u00e9s\u00e9hez olyan partnerre van sz\u00fcks\u00e9g, akiben megb\u00edzhat. A Chemgramx garant\u00e1lja a <b>biztons\u00e1gos v\u00e1s\u00e1rl\u00e1s<\/b> az etometaz\u00e9nr\u0151l. Fontosnak tartjuk az \u00e1tl\u00e1that\u00f3s\u00e1got \u00e9s a r\u00e9szletes term\u00e9kinform\u00e1ci\u00f3k rendelkez\u00e9sre bocs\u00e1t\u00e1s\u00e1t. Ha <b>Etomethazen online megrendel\u00e9se<\/b> akkor mi vagyunk az els\u0151 sz\u00e1m\u00fa v\u00e1laszt\u00e1s.<\/p>\n<p>N\u00e1lunk nem csak <a href=\"https:\/\/chemgramx.com\/product\/etomethazene-online-kaufen\/\"><b>hiteles etometaz\u00e9n beszerz\u00e9se<\/b><\/a>, hanem egy sz\u00e9les k\u00f6r\u0171, kiv\u00e1l\u00f3 min\u0151s\u00e9g\u0171 anyagokhoz is hozz\u00e1f\u00e9r\u00e9st biztos\u00edtunk. A min\u0151s\u00e9g \u00e9s az \u00fcgyf\u00e9lel\u00e9gedetts\u00e9g ir\u00e1nti elk\u00f6telezetts\u00e9g\u00fcnknek k\u00f6sz\u00f6nhet\u0151en piacvezet\u0151 szolg\u00e1ltat\u00f3v\u00e1 v\u00e1ltunk. Ezen fel\u00fcl <a href=\"https:\/\/chemgramx.com\/product\/lemon-berry-2000mg-cbd-disposable-vape\/\"><b>speci\u00e1lis term\u00e9kek, mint p\u00e9ld\u00e1ul a Lemon Berry 2000 mg CBD eldobhat\u00f3 vaporiz\u00e1tor<\/b><\/a> k\u00fcl\u00f6nb\u00f6z\u0151 kutat\u00e1si ig\u00e9nyekhez.<\/p>\n<h2>Gyakran ism\u00e9telt k\u00e9rd\u00e9sek (GYIK) az etometaz\u00e9nr\u0151l<\/h2>\n<h3>Mi az az etometaz\u00e9n?<\/h3>\n<p>Az etometazen egy szintetikus opioid a benzimidazol oszt\u00e1lyb\u00f3l, amelyet kiz\u00e1r\u00f3lag kutat\u00e1si c\u00e9lokra fejlesztettek ki. Az opioidreceptorok \u00e9s azok hat\u00e1smechanizmusainak vizsg\u00e1lat\u00e1ra szolg\u00e1l.<\/p>\n<h3>Milyen c\u00e9lokra alkalmas az etometaz\u00e9n?<\/h3>\n<p>Kiz\u00e1r\u00f3lag in vitro kutat\u00e1sokhoz \u00e9s laborat\u00f3riumi tudom\u00e1nyos k\u00eds\u00e9rletekhez haszn\u00e1lhat\u00f3. Az anyag nem alkalmas emberi vagy \u00e1llati fogyaszt\u00e1sra.<\/p>\n<h3>Hogyan biztos\u00edtj\u00e1k az etometaz\u00e9n min\u0151s\u00e9g\u00e9t?<\/h3>\n<p>A Chemgramx szigor\u00fa min\u0151s\u00e9g-ellen\u0151rz\u00e9sekkel, t\u00f6bbek k\u00f6z\u00f6tt HPLC \u00e9s NMR seg\u00edts\u00e9g\u00e9vel garant\u00e1lja a magas tisztas\u00e1got. Ez\u00e1ltal kutat\u00e1s\u00e1hoz <b>kiv\u00e1l\u00f3 min\u0151s\u00e9g\u0171 term\u00e9kek<\/b>.<\/p>\n<h3>Hol lehet nagy tisztas\u00e1g\u00fa etometaz\u00e9nt v\u00e1s\u00e1rolni?<\/h3>\n<p>Megteheti <b>most online v\u00e1s\u00e1rolni<\/b> \u00e9s t\u00e1maszkodhat a tisztas\u00e1g \u00e9s biztons\u00e1g ir\u00e1nti elk\u00f6telezetts\u00e9g\u00fcnkre. V\u00e1s\u00e1roljon <b>a Chemgramx-n\u00e1l<\/b> a garant\u00e1lt min\u0151s\u00e9g\u00e9rt \u00e9s <b>hiteles etometaz\u00e9n<\/b> tanulm\u00e1nyaihoz.<\/p>","protected":false},"excerpt":{"rendered":"<p><b>Etomethazen v\u00e1s\u00e1rl\u00e1s<\/b> A Chemgramx-n\u00e1l ig\u00e9nyes kutat\u00e1si munk\u00e1ihoz. Ez a szintetikus benzimidazol-opioid kiz\u00e1r\u00f3lag laborat\u00f3riumi \u00e9s tudom\u00e1nyos c\u00e9lokra szolg\u00e1l. Magas tisztas\u00e1g\u00fa, \u00e9s \u00e9rt\u00e9kes reagens az opioidreceptorok vizsg\u00e1lat\u00e1hoz. Haszn\u00e1lja ki HPLC \u00e9s NMR min\u0151s\u00e9gbiztos\u00edt\u00e1sunkat. V\u00e1s\u00e1roljon hiteles etometaz\u00e9nt a pontos \u00e9s megb\u00edzhat\u00f3 vizsg\u00e1lati eredm\u00e9nyek \u00e9rdek\u00e9ben.<\/p>\n<ul>\n<li><b>Nagy tisztas\u00e1g:<\/b> Garant\u00e1lt min\u0151s\u00e9g a kutat\u00e1s\u00e1hoz.<\/li>\n<li><b>Kutat\u00e1si oszt\u00e1ly:<\/b> Ide\u00e1lis tudom\u00e1nyos k\u00eds\u00e9rletekhez.<\/li>\n<li><b>Biztons\u00e1gosan feldolgozva:<\/b> A Chemgramx megb\u00edzhat\u00f3 kezel\u00e9se.<\/li>\n<\/ul>","protected":false},"featured_media":7921,"comment_status":"open","ping_status":"closed","template":"","meta":{"_joinchat":[]},"product_brand":[],"product_cat":[56],"product_tag":[883,899,895,900,901,907,888,905,890,894,884,889,893,885,898,908,906,887,902,896,892,904,891,903,897,886],"class_list":{"0":"post-7891","1":"product","2":"type-product","3":"status-publish","4":"has-post-thumbnail","6":"product_cat-opioids","7":"product_tag-etomethazen","8":"product_tag-etomethazen-analyse","9":"product_tag-etomethazen-anwendungen","10":"product_tag-etomethazen-chemie","11":"product_tag-etomethazen-effekte","12":"product_tag-etomethazen-eigenschaften","13":"product_tag-etomethazen-forschungschemikalie","14":"product_tag-etomethazen-fur-forschung","15":"product_tag-etomethazen-groshandel","16":"product_tag-etomethazen-handhabung","17":"product_tag-etomethazen-kaufen","18":"product_tag-etomethazen-laboranwendung","19":"product_tag-etomethazen-lagerung","20":"product_tag-etomethazen-lieferant","21":"product_tag-etomethazen-markt","22":"product_tag-etomethazen-opioid","23":"product_tag-etomethazen-pharmakologie","24":"product_tag-etomethazen-preis","25":"product_tag-etomethazen-reinheit","26":"product_tag-etomethazen-risiken","27":"product_tag-etomethazen-sicherheit","28":"product_tag-etomethazen-studien","29":"product_tag-etomethazen-verfugbarkeit","30":"product_tag-etomethazen-vertrieb","31":"product_tag-etomethazen-vorschriften","32":"product_tag-etomethazen-zum-verkauf","34":"first","35":"instock","36":"shipping-taxable","37":"purchasable","38":"product-type-variable"},"yoast_head":"<!-- This site is optimized with the Yoast SEO plugin v27.5 - https:\/\/yoast.com\/product\/yoast-seo-wordpress\/ -->\n<title>Etomethazen Kaufen - Forschungschemikalie (Hochwertig)<\/title>\n<meta name=\"description\" content=\"Entdecken Sie hochreines Etomethazen f\u00fcr Ihre Forschungszwecke. Erwerben Sie Top-Qualit\u00e4t und Laborstandards f\u00fcr pr\u00e4zise Ergebnisse. Jetzt Etomethazen Kaufen bei Chemgramx f\u00fcr Ihre wissenschaftlichen Projekte.\" \/>\n<meta name=\"robots\" content=\"index, follow, max-snippet:-1, max-image-preview:large, max-video-preview:-1\" \/>\n<link rel=\"canonical\" href=\"https:\/\/chemgramx.com\/hu\/termek-1\/etometazen-online-vasarlas\/\" \/>\n<meta property=\"og:locale\" content=\"hu_HU\" \/>\n<meta property=\"og:type\" content=\"article\" \/>\n<meta property=\"og:title\" content=\"Etomethazen Kaufen - Forschungschemikalie (Hochwertig)\" \/>\n<meta property=\"og:description\" content=\"Entdecken Sie hochreines Etomethazen f\u00fcr Ihre Forschungszwecke. Erwerben Sie Top-Qualit\u00e4t und Laborstandards f\u00fcr pr\u00e4zise Ergebnisse. Jetzt Etomethazen Kaufen bei Chemgramx f\u00fcr Ihre wissenschaftlichen Projekte.\" \/>\n<meta property=\"og:url\" content=\"https:\/\/chemgramx.com\/hu\/termek-1\/etometazen-online-vasarlas\/\" \/>\n<meta property=\"og:site_name\" content=\"Chemgramx\" \/>\n<meta property=\"article:modified_time\" content=\"2025-12-10T06:53:23+00:00\" \/>\n<meta property=\"og:image\" content=\"https:\/\/chemgramx.com\/wp-content\/uploads\/2025\/11\/Etomethazene-1.webp\" \/>\n\t<meta property=\"og:image:width\" content=\"800\" \/>\n\t<meta property=\"og:image:height\" content=\"437\" \/>\n\t<meta property=\"og:image:type\" content=\"image\/webp\" \/>\n<meta name=\"twitter:card\" content=\"summary_large_image\" \/>\n<meta name=\"twitter:label1\" content=\"Becs\u00fclt olvas\u00e1si id\u0151\" \/>\n\t<meta name=\"twitter:data1\" content=\"3 perc\" \/>\n<script type=\"application\/ld+json\" class=\"yoast-schema-graph\">{\"@context\":\"https:\\\/\\\/schema.org\",\"@graph\":[{\"@type\":\"WebPage\",\"@id\":\"https:\\\/\\\/chemgramx.com\\\/product\\\/etomethazene-online-kaufen\\\/\",\"url\":\"https:\\\/\\\/chemgramx.com\\\/product\\\/etomethazene-online-kaufen\\\/\",\"name\":\"Etomethazen Kaufen - Forschungschemikalie (Hochwertig)\",\"isPartOf\":{\"@id\":\"https:\\\/\\\/chemgramx.com\\\/#website\"},\"primaryImageOfPage\":{\"@id\":\"https:\\\/\\\/chemgramx.com\\\/product\\\/etomethazene-online-kaufen\\\/#primaryimage\"},\"image\":{\"@id\":\"https:\\\/\\\/chemgramx.com\\\/product\\\/etomethazene-online-kaufen\\\/#primaryimage\"},\"thumbnailUrl\":\"https:\\\/\\\/chemgramx.com\\\/wp-content\\\/uploads\\\/2025\\\/11\\\/Etomethazene-1.webp\",\"datePublished\":\"2025-11-21T11:24:16+00:00\",\"dateModified\":\"2025-12-10T06:53:23+00:00\",\"description\":\"Entdecken Sie hochreines Etomethazen f\u00fcr Ihre Forschungszwecke. Erwerben Sie Top-Qualit\u00e4t und Laborstandards f\u00fcr pr\u00e4zise Ergebnisse. Jetzt Etomethazen Kaufen bei Chemgramx f\u00fcr Ihre wissenschaftlichen Projekte.\",\"breadcrumb\":{\"@id\":\"https:\\\/\\\/chemgramx.com\\\/product\\\/etomethazene-online-kaufen\\\/#breadcrumb\"},\"inLanguage\":\"hu\",\"potentialAction\":[{\"@type\":\"ReadAction\",\"target\":[\"https:\\\/\\\/chemgramx.com\\\/product\\\/etomethazene-online-kaufen\\\/\"]}]},{\"@type\":\"ImageObject\",\"inLanguage\":\"hu\",\"@id\":\"https:\\\/\\\/chemgramx.com\\\/product\\\/etomethazene-online-kaufen\\\/#primaryimage\",\"url\":\"https:\\\/\\\/chemgramx.com\\\/wp-content\\\/uploads\\\/2025\\\/11\\\/Etomethazene-1.webp\",\"contentUrl\":\"https:\\\/\\\/chemgramx.com\\\/wp-content\\\/uploads\\\/2025\\\/11\\\/Etomethazene-1.webp\",\"width\":800,\"height\":437},{\"@type\":\"BreadcrumbList\",\"@id\":\"https:\\\/\\\/chemgramx.com\\\/product\\\/etomethazene-online-kaufen\\\/#breadcrumb\",\"itemListElement\":[{\"@type\":\"ListItem\",\"position\":1,\"name\":\"Home\",\"item\":\"https:\\\/\\\/chemgramx.com\\\/\"},{\"@type\":\"ListItem\",\"position\":2,\"name\":\"Shop\",\"item\":\"https:\\\/\\\/chemgramx.com\\\/shop\\\/\"},{\"@type\":\"ListItem\",\"position\":3,\"name\":\"Etomethazen Kaufen &#8211; Forschungschemikalie (Hochwertig)\"}]},{\"@type\":\"WebSite\",\"@id\":\"https:\\\/\\\/chemgramx.com\\\/#website\",\"url\":\"https:\\\/\\\/chemgramx.com\\\/\",\"name\":\"Chemgramx\",\"description\":\"\",\"publisher\":{\"@id\":\"https:\\\/\\\/chemgramx.com\\\/#organization\"},\"potentialAction\":[{\"@type\":\"SearchAction\",\"target\":{\"@type\":\"EntryPoint\",\"urlTemplate\":\"https:\\\/\\\/chemgramx.com\\\/?s={search_term_string}\"},\"query-input\":{\"@type\":\"PropertyValueSpecification\",\"valueRequired\":true,\"valueName\":\"search_term_string\"}}],\"inLanguage\":\"hu\"},{\"@type\":\"Organization\",\"@id\":\"https:\\\/\\\/chemgramx.com\\\/#organization\",\"name\":\"Chemgramx\",\"url\":\"https:\\\/\\\/chemgramx.com\\\/\",\"logo\":{\"@type\":\"ImageObject\",\"inLanguage\":\"hu\",\"@id\":\"https:\\\/\\\/chemgramx.com\\\/#\\\/schema\\\/logo\\\/image\\\/\",\"url\":\"https:\\\/\\\/chemgramx.com\\\/wp-content\\\/uploads\\\/2024\\\/10\\\/final-logo.png\",\"contentUrl\":\"https:\\\/\\\/chemgramx.com\\\/wp-content\\\/uploads\\\/2024\\\/10\\\/final-logo.png\",\"width\":250,\"height\":48,\"caption\":\"Chemgramx\"},\"image\":{\"@id\":\"https:\\\/\\\/chemgramx.com\\\/#\\\/schema\\\/logo\\\/image\\\/\"}}]}<\/script>\n<!-- \/ Yoast SEO plugin. -->","yoast_head_json":{"title":"Etomethazen v\u00e1s\u00e1rl\u00e1s - Kutat\u00e1si vegyi anyag (kiv\u00e1l\u00f3 min\u0151s\u00e9g\u0171)","description":"Fedezze fel a kutat\u00e1si c\u00e9lokra alkalmas, nagy tisztas\u00e1g\u00fa etometaz\u00e9nt. V\u00e1s\u00e1roljon kiv\u00e1l\u00f3 min\u0151s\u00e9g\u0171, laborat\u00f3riumi szabv\u00e1nyoknak megfelel\u0151 term\u00e9ket a pontos eredm\u00e9nyek \u00e9rdek\u00e9ben. V\u00e1s\u00e1roljon most etometaz\u00e9nt a Chemgramx-t\u00f3l tudom\u00e1nyos projektjeihez.","robots":{"index":"index","follow":"follow","max-snippet":"max-snippet:-1","max-image-preview":"max-image-preview:large","max-video-preview":"max-video-preview:-1"},"canonical":"https:\/\/chemgramx.com\/hu\/termek-1\/etometazen-online-vasarlas\/","og_locale":"hu_HU","og_type":"article","og_title":"Etomethazen Kaufen - Forschungschemikalie (Hochwertig)","og_description":"Entdecken Sie hochreines Etomethazen f\u00fcr Ihre Forschungszwecke. Erwerben Sie Top-Qualit\u00e4t und Laborstandards f\u00fcr pr\u00e4zise Ergebnisse. Jetzt Etomethazen Kaufen bei Chemgramx f\u00fcr Ihre wissenschaftlichen Projekte.","og_url":"https:\/\/chemgramx.com\/hu\/termek-1\/etometazen-online-vasarlas\/","og_site_name":"Chemgramx","article_modified_time":"2025-12-10T06:53:23+00:00","og_image":[{"width":800,"height":437,"url":"https:\/\/chemgramx.com\/wp-content\/uploads\/2025\/11\/Etomethazene-1.webp","type":"image\/webp"}],"twitter_card":"summary_large_image","twitter_misc":{"Becs\u00fclt olvas\u00e1si id\u0151":"3 perc"},"schema":{"@context":"https:\/\/schema.org","@graph":[{"@type":"WebPage","@id":"https:\/\/chemgramx.com\/product\/etomethazene-online-kaufen\/","url":"https:\/\/chemgramx.com\/product\/etomethazene-online-kaufen\/","name":"Etomethazen v\u00e1s\u00e1rl\u00e1s - Kutat\u00e1si vegyi anyag (kiv\u00e1l\u00f3 min\u0151s\u00e9g\u0171)","isPartOf":{"@id":"https:\/\/chemgramx.com\/#website"},"primaryImageOfPage":{"@id":"https:\/\/chemgramx.com\/product\/etomethazene-online-kaufen\/#primaryimage"},"image":{"@id":"https:\/\/chemgramx.com\/product\/etomethazene-online-kaufen\/#primaryimage"},"thumbnailUrl":"https:\/\/chemgramx.com\/wp-content\/uploads\/2025\/11\/Etomethazene-1.webp","datePublished":"2025-11-21T11:24:16+00:00","dateModified":"2025-12-10T06:53:23+00:00","description":"Fedezze fel a kutat\u00e1si c\u00e9lokra alkalmas, nagy tisztas\u00e1g\u00fa etometaz\u00e9nt. V\u00e1s\u00e1roljon kiv\u00e1l\u00f3 min\u0151s\u00e9g\u0171, laborat\u00f3riumi szabv\u00e1nyoknak megfelel\u0151 term\u00e9ket a pontos eredm\u00e9nyek \u00e9rdek\u00e9ben. V\u00e1s\u00e1roljon most etometaz\u00e9nt a Chemgramx-t\u00f3l tudom\u00e1nyos projektjeihez.","breadcrumb":{"@id":"https:\/\/chemgramx.com\/product\/etomethazene-online-kaufen\/#breadcrumb"},"inLanguage":"hu","potentialAction":[{"@type":"ReadAction","target":["https:\/\/chemgramx.com\/product\/etomethazene-online-kaufen\/"]}]},{"@type":"ImageObject","inLanguage":"hu","@id":"https:\/\/chemgramx.com\/product\/etomethazene-online-kaufen\/#primaryimage","url":"https:\/\/chemgramx.com\/wp-content\/uploads\/2025\/11\/Etomethazene-1.webp","contentUrl":"https:\/\/chemgramx.com\/wp-content\/uploads\/2025\/11\/Etomethazene-1.webp","width":800,"height":437},{"@type":"BreadcrumbList","@id":"https:\/\/chemgramx.com\/product\/etomethazene-online-kaufen\/#breadcrumb","itemListElement":[{"@type":"ListItem","position":1,"name":"Home","item":"https:\/\/chemgramx.com\/"},{"@type":"ListItem","position":2,"name":"Shop","item":"https:\/\/chemgramx.com\/shop\/"},{"@type":"ListItem","position":3,"name":"Etomethazen Kaufen &#8211; Forschungschemikalie (Hochwertig)"}]},{"@type":"WebSite","@id":"https:\/\/chemgramx.com\/#website","url":"https:\/\/chemgramx.com\/","name":"Chemgramx","description":"","publisher":{"@id":"https:\/\/chemgramx.com\/#organization"},"potentialAction":[{"@type":"SearchAction","target":{"@type":"EntryPoint","urlTemplate":"https:\/\/chemgramx.com\/?s={search_term_string}"},"query-input":{"@type":"PropertyValueSpecification","valueRequired":true,"valueName":"search_term_string"}}],"inLanguage":"hu"},{"@type":"Organization","@id":"https:\/\/chemgramx.com\/#organization","name":"Chemgramx","url":"https:\/\/chemgramx.com\/","logo":{"@type":"ImageObject","inLanguage":"hu","@id":"https:\/\/chemgramx.com\/#\/schema\/logo\/image\/","url":"https:\/\/chemgramx.com\/wp-content\/uploads\/2024\/10\/final-logo.png","contentUrl":"https:\/\/chemgramx.com\/wp-content\/uploads\/2024\/10\/final-logo.png","width":250,"height":48,"caption":"Chemgramx"},"image":{"@id":"https:\/\/chemgramx.com\/#\/schema\/logo\/image\/"}}]}},"_links":{"self":[{"href":"https:\/\/chemgramx.com\/hu\/wp-json\/wp\/v2\/product\/7891","targetHints":{"allow":["GET"]}}],"collection":[{"href":"https:\/\/chemgramx.com\/hu\/wp-json\/wp\/v2\/product"}],"about":[{"href":"https:\/\/chemgramx.com\/hu\/wp-json\/wp\/v2\/types\/product"}],"replies":[{"embeddable":true,"href":"https:\/\/chemgramx.com\/hu\/wp-json\/wp\/v2\/comments?post=7891"}],"wp:featuredmedia":[{"embeddable":true,"href":"https:\/\/chemgramx.com\/hu\/wp-json\/wp\/v2\/media\/7921"}],"wp:attachment":[{"href":"https:\/\/chemgramx.com\/hu\/wp-json\/wp\/v2\/media?parent=7891"}],"wp:term":[{"taxonomy":"product_brand","embeddable":true,"href":"https:\/\/chemgramx.com\/hu\/wp-json\/wp\/v2\/product_brand?post=7891"},{"taxonomy":"product_cat","embeddable":true,"href":"https:\/\/chemgramx.com\/hu\/wp-json\/wp\/v2\/product_cat?post=7891"},{"taxonomy":"product_tag","embeddable":true,"href":"https:\/\/chemgramx.com\/hu\/wp-json\/wp\/v2\/product_tag?post=7891"}],"curies":[{"name":"wp","href":"https:\/\/api.w.org\/{rel}","templated":true}]}}