{"id":7978,"date":"2025-11-21T16:44:40","date_gmt":"2025-11-21T16:44:40","guid":{"rendered":"https:\/\/chemgramx.com\/?post_type=product&#038;p=7978"},"modified":"2025-12-10T18:24:28","modified_gmt":"2025-12-10T18:24:28","slug":"elvezze-az-intenzitast-a-beans-domino-mdma-134-mg-online-vasarlasaval","status":"publish","type":"product","link":"https:\/\/chemgramx.com\/hu\/product\/erleben-sie-die-intensitaet-mit-beans-domino-mdma-134-mg-online-kaufen\/","title":{"rendered":"Beans Domino MDMA: Magas tisztas\u00e1g\u00fa term\u00e9k online v\u00e1s\u00e1rl\u00e1sa"},"content":{"rendered":"<p>Keres\u00e9s a <b>Beans Domino MDMA 134 mg elad\u00f3<\/b>, amely megfelel a legmagasabb szabv\u00e1nyoknak? Akkor a Chemgramx a megfelel\u0151 v\u00e1laszt\u00e1s. Lehet\u0151s\u00e9get k\u00edn\u00e1lunk \u00d6nnek, hogy, <b>hiteles Beans Domino MDMA<\/b> kiv\u00e1l\u00f3 min\u0151s\u00e9gben <b>v\u00e1s\u00e1roljon a Chemgramx-n\u00e1l<\/b>. Ez a prec\u00edzen megfogalmazott term\u00e9k kifejezetten ig\u00e9nyes kutat\u00e1si c\u00e9lokra lett kifejlesztve. Ez\u00e9rt garant\u00e1ljuk \u00d6nnek a <b>magas tisztas\u00e1g\u00fa elad\u00f3<\/b>, amely elengedhetetlen a megb\u00edzhat\u00f3 tudom\u00e1nyos eredm\u00e9nyekhez.<\/p>\n<p>A <b>Babok Domino MDMA 134 mg<\/b> k\u00e9pviseli a <b>Kutat\u00e1si min\u0151s\u00e9g elad\u00f3<\/b>, amelyekre a tud\u00f3soknak \u00e9s laborat\u00f3riumoknak sz\u00fcks\u00e9g\u00fck van. Ezenk\u00edv\u00fcl nagy hangs\u00falyt fektet\u00fcnk az egyes t\u00e9telek analitikai ellen\u0151rz\u00e9s\u00e9re. \u00cdgy \u00d6n is biztos lehet abban, hogy a tanulm\u00e1nyaihoz elengedhetetlen konzisztenci\u00e1t \u00e9s pontoss\u00e1got kapja. Fedezze fel most, hogyan <b>A legjobb Beans Domino MDMA el\u00e9rhet\u0151<\/b> biztosan beszerezheti projektjeihez.<\/p>\n<h2>A Beans Domino MDMA 134 mg kiv\u00e1l\u00f3s\u00e1ga: Bevezet\u00e9s<\/h2>\n<p>A Beans Domino MDMA (3,4-metilendi-oxi-N-metilamfetamin) egy rendk\u00edv\u00fcl \u00e9rdekes anyag a k\u00e9miai kutat\u00e1sban. K\u00fcl\u00f6n\u00f6sen a 134 mg-os k\u00e9sz\u00edtm\u00e9ny\u00fcnk konzisztenci\u00e1ra \u00e9s pontos adagol\u00e1sra van tervezve, ami k\u00eds\u00e9rleti k\u00f6r\u00fclm\u00e9nyek k\u00f6z\u00f6tt fontos. Ezenk\u00edv\u00fcl ez a specifik\u00e1ci\u00f3 lehet\u0151v\u00e9 teszi a tanulm\u00e1nyok pontos replik\u00e1ci\u00f3j\u00e1t, ami kulcsfontoss\u00e1g\u00fa t\u00e9nyez\u0151 a tudom\u00e1nyos m\u00f3dszertanban.<\/p>\n<p>Tov\u00e1bb\u00e1 kiemelkedik <b>hiteles Beans Domino MDMA<\/b> pontos molekulaszerkezete, amely felel\u0151s specifikus tulajdons\u00e1gai\u00e9rt. Ez biztos\u00edtja, hogy az anyag k\u00e9miai integrit\u00e1sa minden alkalmaz\u00e1s sor\u00e1n megmaradjon. Egyr\u00e9szt n\u00e9pszer\u0171 kutat\u00e1si t\u00e1rgy, m\u00e1sr\u00e9szt kezel\u00e9se a legnagyobb gondoss\u00e1got \u00e9s szak\u00e9rtelmet ig\u00e9nyli.<\/p>\n<h3>Min\u0151s\u00e9gi szabv\u00e1nyok \u00e9s tisztas\u00e1g<\/h3>\n<p>A Chemgramxn\u00e1l a min\u0151s\u00e9g a legfontosabb sz\u00e1munkra. Gondoskodunk arr\u00f3l, hogy term\u00e9keink <b>Kiv\u00e1l\u00f3 min\u0151s\u00e9g\u0171 Beans Domino MDMA<\/b> szigor\u00fa laborat\u00f3riumi vizsg\u00e1latoknak vetik al\u00e1. Ez kiterjedt elemz\u00e9seket jelent, amelyek c\u00e9lja a tisztas\u00e1g \u00e9s a nemk\u00edv\u00e1natos szennyez\u0151d\u00e9sek hi\u00e1ny\u00e1nak igazol\u00e1sa. Ennek eredm\u00e9nyek\u00e9nt \u00d6n biztos lehet abban, hogy p\u00e1ratlan min\u0151s\u00e9g\u0171 term\u00e9ket kap.<\/p>\n<p>Val\u00f3j\u00e1ban ezeknek a szabv\u00e1nyoknak val\u00f3 megfelel\u00e9s elengedhetetlen a \u00e9rv\u00e9nyes kutat\u00e1si eredm\u00e9nyek el\u00e9r\u00e9s\u00e9hez. Ezenk\u00edv\u00fcl a k\u00f6vetkez\u0151ket k\u00edn\u00e1ljuk <b>Laborat\u00f3riumi min\u0151s\u00e9g\u0171 term\u00e9kek elad\u00f3<\/b> amely megfelel a legszigor\u00fabb tudom\u00e1nyos k\u00f6vetelm\u00e9nyeknek. B\u00fcszk\u00e9k vagyunk arra, hogy elemz\u00e9si elj\u00e1r\u00e1saink \u00e1tl\u00e1that\u00f3s\u00e1got biztos\u00edtanak, ami al\u00e1h\u00fazza elk\u00f6telezetts\u00e9g\u00fcnket a kiv\u00e1l\u00f3s\u00e1g ir\u00e1nt.<\/p>\n<h3>Kutat\u00e1si alkalmaz\u00e1sok \u00e9s pontoss\u00e1g<\/h3>\n<p>A Beans Domino MDMA 134 mg k\u00fcl\u00f6nb\u00f6z\u0151 kutat\u00e1si ter\u00fcleteken alkalmazhat\u00f3, k\u00fcl\u00f6n\u00f6sen ott, ahol pontosan meghat\u00e1rozott anyagokra van sz\u00fcks\u00e9g. P\u00e9ld\u00e1ul neurok\u00e9miai vagy farmakol\u00f3giai hat\u00e1smechanizmusokkal kapcsolatos tanulm\u00e1nyokban haszn\u00e1lhat\u00f3. A pontos 134 mg-os adagol\u00e1s lehet\u0151v\u00e9 teszi a kontroll\u00e1lt expoz\u00edci\u00f3t k\u00eds\u00e9rleti k\u00f6rnyezetben.<\/p>\n<p>Ezen t\u00falmen\u0151en a <b>Kutat\u00e1si min\u0151s\u00e9g elad\u00f3<\/b> term\u00e9k\u00fcnk d\u00f6nt\u0151 fontoss\u00e1g\u00fa a tanulm\u00e1nyi eredm\u00e9nyek megb\u00edzhat\u00f3s\u00e1g\u00e1nak szempontj\u00e1b\u00f3l. Tudjuk, hogy a tudom\u00e1nyban nem lehet kompromisszumot k\u00f6tni a tisztas\u00e1g \u00e9s a konzisztencia ter\u00e9n. Ez\u00e9rt c\u00e9lunk, hogy mindig olyan anyagokat sz\u00e1ll\u00edtsunk \u00d6nnek, amelyek meghaladj\u00e1k az elv\u00e1r\u00e1sait \u00e9s el\u0151seg\u00edtik kutat\u00e1s\u00e1nak el\u0151rehalad\u00e1s\u00e1t.<\/p>\n<h2>A Beans Domino MDMA 134 mg fontos tulajdons\u00e1gai<\/h2>\n<p>A Beans Domino MDMA 134 mg speci\u00e1lis tulajdons\u00e1gai \u00e9rt\u00e9kes eszk\u00f6zz\u00e9 teszik a tudom\u00e1nyos kutat\u00e1sban. Krist\u00e1lyos por, jellegzetes k\u00e9miai \u00f6sszet\u00e9tel\u0171. Ezenk\u00edv\u00fcl bizonyos old\u00f3szerekben val\u00f3 oldhat\u00f3s\u00e1ga is fontos szempont, amelyet a k\u00eds\u00e9rletek el\u0151k\u00e9sz\u00edt\u00e9sekor figyelembe kell venni.<\/p>\n<p>Ezenk\u00edv\u00fcl a fizikai param\u00e9terek, mint p\u00e9ld\u00e1ul az olvad\u00e1spont \u00e9s a s\u0171r\u0171s\u00e9g, szint\u00e9n fontosak az anyag azonos\u00edt\u00e1s\u00e1hoz \u00e9s jellemz\u00e9s\u00e9hez. Ez\u00e9rt gondoskodunk arr\u00f3l, hogy minden relev\u00e1ns adat rendelkez\u00e9sre \u00e1lljon a teljes k\u00f6r\u0171 \u00e9rt\u00e9kel\u00e9shez. Ez hozz\u00e1j\u00e1rul kutat\u00e1s\u00e1nak hiteless\u00e9g\u00e9hez \u00e9s reproduk\u00e1lhat\u00f3s\u00e1g\u00e1hoz.<\/p>\n<h3>Szerkezet \u00e9s \u00f6sszet\u00e9tel<\/h3>\n<p>K\u00e9miai szempontb\u00f3l az MDMA egy szubsztitu\u00e1lt metil\u00e9n-dioxi-fenil-etil-amin \u00e9s amfetamin. Az atomok specifikus elrendez\u00e9se a Beans Domino MDMA 134 mg k\u00e9sz\u00edtm\u00e9nyben d\u00f6nt\u0151 fontoss\u00e1g\u00fa annak stabilit\u00e1sa \u00e9s reaktivit\u00e1sa szempontj\u00e1b\u00f3l. Ennek megfelel\u0151en minden t\u00e9telt gondosan szintetiz\u00e1lnak \u00e9s tiszt\u00edtanak, hogy biztos\u00edts\u00e1k ezt a pontos szerkezetet.<\/p>\n<p>Ezenk\u00edv\u00fcl a molekul\u00e1ris \u00f6sszet\u00e9telt szigor\u00faan ellen\u0151rzik, hogy a vari\u00e1ci\u00f3k minim\u00e1lisak legyenek. Ez k\u00fcl\u00f6n\u00f6sen fontos a hossz\u00fa t\u00e1v\u00fa tanulm\u00e1nyok eset\u00e9ben, ahol a kutat\u00e1si anyag konzisztenci\u00e1ja rendk\u00edv\u00fcl fontos. R\u00f6viden: term\u00e9keink a legmagasabb szint\u0171 k\u00e9miai integrit\u00e1si k\u00f6vetelm\u00e9nyeknek is megfelelnek.<\/p>\n<h3>Biztons\u00e1gos v\u00e1s\u00e1rl\u00e1s \u00e9s megb\u00edzhat\u00f3s\u00e1g<\/h3>\n<p>A <b>biztons\u00e1gos v\u00e1s\u00e1rl\u00e1s<\/b> sz\u00e1munkra ugyanolyan fontos, mint a term\u00e9k min\u0151s\u00e9ge. Ez\u00e9rt olyan folyamatokat hoztunk l\u00e9tre, amelyek a legnagyobb gondoss\u00e1ggal kezelik megrendel\u00e9s\u00e9t. Nagy hangs\u00falyt fektet\u00fcnk az \u00f6sszes tranzakci\u00f3 diszkr\u00e9t \u00e9s professzion\u00e1lis lebonyol\u00edt\u00e1s\u00e1ra, hogy megv\u00e9dj\u00fck mag\u00e1n\u00e9let\u00e9t.<\/p>\n<p>Ezenk\u00edv\u00fcl minden l\u00e9p\u00e9st, a megrendel\u00e9s teljes\u00edt\u00e9s\u00e9t\u0151l a v\u00e9gs\u0151 el\u0151k\u00e9sz\u00edt\u00e9sig, a legnagyobb gondoss\u00e1ggal \u00e9s szigor\u00fa protokollok betart\u00e1s\u00e1val hajtunk v\u00e9gre. Ez\u00e9rt biztos lehet benne, hogy kutat\u00e1si anyagai biztons\u00e1gosan \u00e9s s\u00e9rtetlen\u00fcl \u00e9rkeznek meg \u00d6nh\u00f6z. Anyagainak megb\u00edzhat\u00f3 \u00e9s biztons\u00e1gos beszerz\u00e9s\u00e9t garant\u00e1ljuk.<\/p>\n<h2>Mi\u00e9rt v\u00e1lassza a Chemgramx Beans Domino MDMA 134 mg term\u00e9ket?<\/h2>\n<p>A megfelel\u0151 kutat\u00e1si vegyi anyagok sz\u00e1ll\u00edt\u00f3j\u00e1nak kiv\u00e1laszt\u00e1sa d\u00f6nt\u0151 fontoss\u00e1g\u00fa. A Chemgramx szak\u00e9rtelmet, min\u0151s\u00e9get \u00e9s megb\u00edzhat\u00f3s\u00e1got k\u00e9pvisel. Ha \u00d6n <b>Beans Domino MDMA online megrendel\u00e9s<\/b> szeretn\u00e9nek, nem csak egy term\u00e9ket k\u00edn\u00e1lunk \u00d6n\u00f6knek, hanem egy \u00e1tfog\u00f3 megold\u00e1st kutat\u00e1si ig\u00e9nyeikre. P\u00e9ld\u00e1ul megtal\u00e1lj\u00e1k <a href=\"https:\/\/chemgramx.com\/product\/erleben-sie-die-intensitaet-mit-beans-domino-mdma-134-mg-online-kaufen\/\">teljes k\u00edn\u00e1latunk Beans Domino MDMA 134 mg<\/a> weboldalunkon.<\/p>\n<p>Ezenk\u00edv\u00fcl \u00fcgyf\u00e9lszolg\u00e1latunk k\u00e9szen \u00e1ll arra, hogy minden k\u00e9rd\u00e9sben seg\u00edts\u00e9get ny\u00fajtson \u00d6nnek. Meg\u00e9rtj\u00fck a tudom\u00e1nyos k\u00f6z\u00f6ss\u00e9g ig\u00e9nyeit, \u00e9s arra t\u00f6reksz\u00fcnk, hogy azokat a lehet\u0151 legjobban kiel\u00e9g\u00edts\u00fck. Ez\u00e9rt poz\u00edcion\u00e1ljuk magunkat, mint az \u00d6n el\u0151nyben r\u00e9szes\u00edtett partnere a kiv\u00e1l\u00f3 min\u0151s\u00e9g\u0171 kutat\u00e1si anyagok ter\u00e9n.<\/p>\n<h3>A min\u0151s\u00e9g ir\u00e1nti elk\u00f6telezetts\u00e9g\u00fcnk<\/h3>\n<p>A term\u00e9kmin\u0151s\u00e9g ir\u00e1nti f\u00e1radhatatlan elk\u00f6telezetts\u00e9g\u00fcnk v\u00e1llalatunk filoz\u00f3fi\u00e1j\u00e1nak egyik alapk\u00f6ve. Folyamatosan beruh\u00e1zunk modern elemz\u00e9si technik\u00e1kba \u00e9s k\u00e9pzett szem\u00e9lyzetbe, hogy \u00d6n mindig biztos lehessen abban, hogy <b>Kiv\u00e1l\u00f3 min\u0151s\u00e9g\u0171 Beans Domino MDMA<\/b> . Ez szigor\u00fa bels\u0151 ellen\u0151rz\u00e9seket \u00e9s rendszeres auditokat foglal mag\u00e1ban.<\/p>\n<p>Tov\u00e1bb\u00e1 c\u00e9lunk, hogy olyan term\u00e9keket k\u00edn\u00e1ljunk, amelyek nem csak teljes\u00edtik, hanem meg is haladj\u00e1k a tisztas\u00e1ggal \u00e9s konzisztenci\u00e1val kapcsolatos elv\u00e1r\u00e1sokat. \u00cdgy teljes meggy\u0151z\u0151d\u00e9ssel b\u00edzhat benn\u00fcnk. <b>hiteles Beans Domino MDMA<\/b> \u00fatt\u00f6r\u0151 projektjeihez. H\u00edrnev\u00fcnk a megbecs\u00fclt \u00fcgyfeleink bizalm\u00e1n \u00e9s el\u00e9gedetts\u00e9g\u00e9n alapul.<\/p>\n<h3>A kutat\u00e1s min\u0151s\u00e9g\u00e9nek jelent\u0151s\u00e9ge<\/h3>\n<p>Kutat\u00e1s\u00e1nak integrit\u00e1sa jelent\u0151sen f\u00fcgg a felhaszn\u00e1lt anyagok min\u0151s\u00e9g\u00e9t\u0151l. Ez\u00e9rt a <b>Kutat\u00e1si min\u0151s\u00e9g elad\u00f3<\/b> Beans Domino MDMA a Chemgramx-n\u00e1l a legfontosabb priorit\u00e1s. Tiszt\u00e1ban vagyunk azzal, hogy pontos \u00e9s reproduk\u00e1lhat\u00f3 eredm\u00e9nyek csak a legmagasabb sz\u00ednvonal\u00fa term\u00e9kekkel \u00e9rhet\u0151k el.<\/p>\n<p>Ennek eredm\u00e9nyek\u00e9nt megb\u00edzhat\u00f3 \u00e9s tiszta vegyi anyagok biztos\u00edt\u00e1s\u00e1val j\u00e1rulunk hozz\u00e1 a tudom\u00e1nyos fejl\u0151d\u00e9shez. \u00d6n <a href=\"https:\/\/chemgramx.com\/product\/forbidden-fruit-indica-hybrid-strain-23-26-thc\/\">tov\u00e1bbi kiv\u00e1l\u00f3 min\u0151s\u00e9g\u0171 kutat\u00e1si anyagok<\/a> fedezze fel soksz\u00edn\u0171 term\u00e9kv\u00e1laszt\u00e9kunkat. V\u00e9g\u00fcl is c\u00e9lunk, hogy a legjobb eszk\u00f6z\u00f6kkel l\u00e1ssuk el \u00d6nt tudom\u00e1nyos felfedez\u00e9seihez.<\/p>\n<h2>Gyakran ism\u00e9telt k\u00e9rd\u00e9sek (GYIK) a Beans Domino MDMA 134 mg-r\u00f3l<\/h2>\n<ul>\n<li><b>Mi az a Beans Domino MDMA 134 mg?<\/b><br \/>Ez egy speci\u00e1lisan adagolt 3,4-metil\u00e9n-dioxi-N-metilamfetamin k\u00e9sz\u00edtm\u00e9ny, amelyet tudom\u00e1nyos \u00e9s kutat\u00e1si c\u00e9lokra \u00e1ll\u00edtanak el\u0151. A 134 mg-os adat a hat\u00f3anyag pontos mennyis\u00e9g\u00e9re vonatkozik egys\u00e9genk\u00e9nt.<\/li>\n<li><b>Milyen tisztas\u00e1g\u00fa a Chemgramx Beans Domino MDMA?<\/b><br \/>Garant\u00e1ljuk Beans Domino MDMA term\u00e9keink magas tisztas\u00e1g\u00e1t, amelyet szigor\u00fa laborat\u00f3riumi elemz\u00e9sek \u00e9s min\u0151s\u00e9g-ellen\u0151rz\u00e9sek igazolnak. Ez biztos\u00edtja a term\u00e9kek alkalmass\u00e1g\u00e1t ig\u00e9nyes kutat\u00e1si alkalmaz\u00e1sokhoz.<\/li>\n<li><b>Milyen kutat\u00e1si c\u00e9lokra alkalmas ez a term\u00e9k?<\/b><br \/>A Beans Domino MDMA 134 mg ide\u00e1lis olyan tanulm\u00e1nyokhoz, amelyek pontos adagol\u00e1st \u00e9s magas anyagkonzisztenci\u00e1t ig\u00e9nyelnek, p\u00e9ld\u00e1ul farmakol\u00f3giai, neurok\u00e9miai vagy analitikai kutat\u00e1sokhoz.<\/li>\n<li><b>Hogyan garant\u00e1lj\u00e1k a term\u00e9kek min\u0151s\u00e9g\u00e9t?<\/b><br \/>Min\u0151s\u00e9gbiztos\u00edt\u00e1sunk r\u00e9szletes analitikai teszteket foglal mag\u00e1ban, amelyeket f\u00fcggetlen laborat\u00f3riumok v\u00e9geznek el, hogy ellen\u0151rizz\u00e9k az egyes t\u00e9telek k\u00e9miai \u00f6sszet\u00e9tel\u00e9t, tisztas\u00e1g\u00e1t \u00e9s koncentr\u00e1ci\u00f3j\u00e1t.<\/li>\n<\/ul>\n<h2>Rendeljen m\u00e9g ma Beans Domino MDMA 134 mg-ot!<\/h2>\n<p>Ha k\u00e9szen \u00e1ll arra, hogy kutat\u00e1s\u00e1t a k\u00f6vetkez\u0151 szintre emelje, akkor most van itt az ideje, hogy <b>Beans Domino MDMA online megrendel\u00e9s<\/b>. Folyamatunk intuit\u00edv \u00e9s az \u00d6n ig\u00e9nyeire szabott. \u00cdgy gyorsan \u00e9s hat\u00e9konyan beszerezheti a sz\u00fcks\u00e9ges anyagokat. K\u00e9szen \u00e1llunk arra, hogy azonnal feldolgozzuk megkeres\u00e9seit, \u00e9s megadjuk \u00d6nnek a <b>A legjobb Beans Domino MDMA el\u00e9rhet\u0151<\/b> sz\u00e1ll\u00edtani.<\/p>\n<p>Haszn\u00e1lja ki a lehet\u0151s\u00e9get!, <b>Most online v\u00e1s\u00e1roljon<\/b> \u00e9s szak\u00e9rtelm\u00fcnkb\u0151l profit\u00e1lhat. Mi vagyunk az \u00d6n megb\u00edzhat\u00f3 partnere a k\u00f6vetkez\u0151 ter\u00fcleteken: <b>nagy tisztas\u00e1g\u00fa kutat\u00e1si vegyszerek<\/b>. Ez\u00e9rt biztos lehet benne, hogy megrendel\u00e9s\u00e9t a legnagyobb szak\u00e9rtelemmel \u00e9s diszkr\u00e9ci\u00f3val kezelj\u00fck. \u00d6r\u00f6mmel v\u00e1rjuk \u00d6nt, mint Chemgramx \u00e9rt\u00e9kes \u00fcgyfel\u00e9t.<\/p>","protected":false},"excerpt":{"rendered":"<p>Fedezze fel a <b>Babok Domino MDMA 134 mg<\/b>, egy rendk\u00edv\u00fcl tiszta, kutat\u00e1si min\u0151s\u00e9g\u0171 anyag. T\u00f6k\u00e9letes prec\u00edz tudom\u00e1nyos alkalmaz\u00e1sokhoz. <b>V\u00e1s\u00e1rl\u00e1s a Chemgramx-n\u00e1l<\/b> a garant\u00e1lt hiteless\u00e9g \u00e9s konzisztencia \u00e9rdek\u00e9ben.<\/p>\n<ul>\n<li><b>Nagy tisztas\u00e1g:<\/b> Garant\u00e1lt laborat\u00f3riumi min\u0151s\u00e9g.<\/li>\n<li><b>Pontos adagol\u00e1s:<\/b> Ide\u00e1lis kutat\u00e1si projektekhez.<\/li>\n<li><b>Biztons\u00e1gos v\u00e1s\u00e1rl\u00e1s:<\/b> Diszkr\u00e9ten \u00e9s gondosan kezelve.<\/li>\n<\/ul>","protected":false},"featured_media":8014,"comment_status":"open","ping_status":"closed","template":"","meta":{"_joinchat":[]},"product_brand":[],"product_cat":[2846],"product_tag":[2492,2495,2494,2491,1792,2493,2011,2017,2164,2018,2015],"class_list":{"0":"post-7978","1":"product","2":"type-product","3":"status-publish","4":"has-post-thumbnail","6":"product_cat-ecstasy-pills","7":"product_tag-134mg-mdma","8":"product_tag-134mg-mdma-kaufen","9":"product_tag-beans-domino-kaufen","10":"product_tag-beans-domino-mdma","11":"product_tag-beans-domino-mdma-134mg","12":"product_tag-mdma-134mg","13":"product_tag-mdma-kaufen","14":"product_tag-mdma-kristalle","15":"product_tag-mdma-online-kaufen","16":"product_tag-mdma-zum-verkauf","17":"product_tag-synthetische-drogen","19":"first","20":"instock","21":"shipping-taxable","22":"purchasable","23":"product-type-variable"},"yoast_head":"<!-- This site is optimized with the Yoast SEO plugin v27.5 - https:\/\/yoast.com\/product\/yoast-seo-wordpress\/ -->\n<title>Beans Domino MDMA: Hohe Reinheit online erwerben<\/title>\n<meta name=\"description\" content=\"Entdecken Sie hochreines Beans Domino MDMA 134 mg f\u00fcr Ihre Forschung. Erwerben Sie authentische Laborqualit\u00e4t sicher bei Chemgramx. Jetzt online verf\u00fcgbar.\" \/>\n<meta name=\"robots\" content=\"index, follow, max-snippet:-1, max-image-preview:large, max-video-preview:-1\" \/>\n<link rel=\"canonical\" href=\"https:\/\/chemgramx.com\/hu\/termek-1\/elvezze-az-intenzitast-a-beans-domino-mdma-134-mg-online-vasarlasaval\/\" \/>\n<meta property=\"og:locale\" content=\"hu_HU\" \/>\n<meta property=\"og:type\" content=\"article\" \/>\n<meta property=\"og:title\" content=\"Beans Domino MDMA: Hohe Reinheit online erwerben\" \/>\n<meta property=\"og:description\" content=\"Entdecken Sie hochreines Beans Domino MDMA 134 mg f\u00fcr Ihre Forschung. Erwerben Sie authentische Laborqualit\u00e4t sicher bei Chemgramx. Jetzt online verf\u00fcgbar.\" \/>\n<meta property=\"og:url\" content=\"https:\/\/chemgramx.com\/hu\/termek-1\/elvezze-az-intenzitast-a-beans-domino-mdma-134-mg-online-vasarlasaval\/\" \/>\n<meta property=\"og:site_name\" content=\"Chemgramx\" \/>\n<meta property=\"article:modified_time\" content=\"2025-12-10T18:24:28+00:00\" \/>\n<meta property=\"og:image\" content=\"https:\/\/chemgramx.com\/wp-content\/uploads\/2025\/11\/Beans-Domino-MDMA-134mg-1.png\" \/>\n\t<meta property=\"og:image:width\" content=\"600\" \/>\n\t<meta property=\"og:image:height\" content=\"400\" \/>\n\t<meta property=\"og:image:type\" content=\"image\/png\" \/>\n<meta name=\"twitter:card\" content=\"summary_large_image\" \/>\n<meta name=\"twitter:label1\" content=\"Becs\u00fclt olvas\u00e1si id\u0151\" \/>\n\t<meta name=\"twitter:data1\" content=\"3 perc\" \/>\n<script type=\"application\/ld+json\" class=\"yoast-schema-graph\">{\"@context\":\"https:\\\/\\\/schema.org\",\"@graph\":[{\"@type\":\"WebPage\",\"@id\":\"https:\\\/\\\/chemgramx.com\\\/product\\\/erleben-sie-die-intensitaet-mit-beans-domino-mdma-134-mg-online-kaufen\\\/\",\"url\":\"https:\\\/\\\/chemgramx.com\\\/product\\\/erleben-sie-die-intensitaet-mit-beans-domino-mdma-134-mg-online-kaufen\\\/\",\"name\":\"Beans Domino MDMA: Hohe Reinheit online erwerben\",\"isPartOf\":{\"@id\":\"https:\\\/\\\/chemgramx.com\\\/#website\"},\"primaryImageOfPage\":{\"@id\":\"https:\\\/\\\/chemgramx.com\\\/product\\\/erleben-sie-die-intensitaet-mit-beans-domino-mdma-134-mg-online-kaufen\\\/#primaryimage\"},\"image\":{\"@id\":\"https:\\\/\\\/chemgramx.com\\\/product\\\/erleben-sie-die-intensitaet-mit-beans-domino-mdma-134-mg-online-kaufen\\\/#primaryimage\"},\"thumbnailUrl\":\"https:\\\/\\\/chemgramx.com\\\/wp-content\\\/uploads\\\/2025\\\/11\\\/Beans-Domino-MDMA-134mg-1.png\",\"datePublished\":\"2025-11-21T16:44:40+00:00\",\"dateModified\":\"2025-12-10T18:24:28+00:00\",\"description\":\"Entdecken Sie hochreines Beans Domino MDMA 134 mg f\u00fcr Ihre Forschung. Erwerben Sie authentische Laborqualit\u00e4t sicher bei Chemgramx. Jetzt online verf\u00fcgbar.\",\"breadcrumb\":{\"@id\":\"https:\\\/\\\/chemgramx.com\\\/product\\\/erleben-sie-die-intensitaet-mit-beans-domino-mdma-134-mg-online-kaufen\\\/#breadcrumb\"},\"inLanguage\":\"hu\",\"potentialAction\":[{\"@type\":\"ReadAction\",\"target\":[\"https:\\\/\\\/chemgramx.com\\\/product\\\/erleben-sie-die-intensitaet-mit-beans-domino-mdma-134-mg-online-kaufen\\\/\"]}]},{\"@type\":\"ImageObject\",\"inLanguage\":\"hu\",\"@id\":\"https:\\\/\\\/chemgramx.com\\\/product\\\/erleben-sie-die-intensitaet-mit-beans-domino-mdma-134-mg-online-kaufen\\\/#primaryimage\",\"url\":\"https:\\\/\\\/chemgramx.com\\\/wp-content\\\/uploads\\\/2025\\\/11\\\/Beans-Domino-MDMA-134mg-1.png\",\"contentUrl\":\"https:\\\/\\\/chemgramx.com\\\/wp-content\\\/uploads\\\/2025\\\/11\\\/Beans-Domino-MDMA-134mg-1.png\",\"width\":600,\"height\":400},{\"@type\":\"BreadcrumbList\",\"@id\":\"https:\\\/\\\/chemgramx.com\\\/product\\\/erleben-sie-die-intensitaet-mit-beans-domino-mdma-134-mg-online-kaufen\\\/#breadcrumb\",\"itemListElement\":[{\"@type\":\"ListItem\",\"position\":1,\"name\":\"Home\",\"item\":\"https:\\\/\\\/chemgramx.com\\\/\"},{\"@type\":\"ListItem\",\"position\":2,\"name\":\"Shop\",\"item\":\"https:\\\/\\\/chemgramx.com\\\/shop\\\/\"},{\"@type\":\"ListItem\",\"position\":3,\"name\":\"Beans Domino MDMA: Hohe Reinheit online erwerben\"}]},{\"@type\":\"WebSite\",\"@id\":\"https:\\\/\\\/chemgramx.com\\\/#website\",\"url\":\"https:\\\/\\\/chemgramx.com\\\/\",\"name\":\"Chemgramx\",\"description\":\"\",\"publisher\":{\"@id\":\"https:\\\/\\\/chemgramx.com\\\/#organization\"},\"potentialAction\":[{\"@type\":\"SearchAction\",\"target\":{\"@type\":\"EntryPoint\",\"urlTemplate\":\"https:\\\/\\\/chemgramx.com\\\/?s={search_term_string}\"},\"query-input\":{\"@type\":\"PropertyValueSpecification\",\"valueRequired\":true,\"valueName\":\"search_term_string\"}}],\"inLanguage\":\"hu\"},{\"@type\":\"Organization\",\"@id\":\"https:\\\/\\\/chemgramx.com\\\/#organization\",\"name\":\"Chemgramx\",\"url\":\"https:\\\/\\\/chemgramx.com\\\/\",\"logo\":{\"@type\":\"ImageObject\",\"inLanguage\":\"hu\",\"@id\":\"https:\\\/\\\/chemgramx.com\\\/#\\\/schema\\\/logo\\\/image\\\/\",\"url\":\"https:\\\/\\\/chemgramx.com\\\/wp-content\\\/uploads\\\/2024\\\/10\\\/final-logo.png\",\"contentUrl\":\"https:\\\/\\\/chemgramx.com\\\/wp-content\\\/uploads\\\/2024\\\/10\\\/final-logo.png\",\"width\":250,\"height\":48,\"caption\":\"Chemgramx\"},\"image\":{\"@id\":\"https:\\\/\\\/chemgramx.com\\\/#\\\/schema\\\/logo\\\/image\\\/\"}}]}<\/script>\n<!-- \/ Yoast SEO plugin. -->","yoast_head_json":{"title":"Beans Domino MDMA: Magas tisztas\u00e1g\u00fa term\u00e9k online v\u00e1s\u00e1rl\u00e1sa","description":"Fedezze fel a kutat\u00e1s\u00e1hoz a nagy tisztas\u00e1g\u00fa Beans Domino MDMA 134 mg-ot. V\u00e1s\u00e1roljon hiteles laborat\u00f3riumi min\u0151s\u00e9g\u0171 term\u00e9ket biztons\u00e1gosan a Chemgramx-t\u00f3l. Most online el\u00e9rhet\u0151.","robots":{"index":"index","follow":"follow","max-snippet":"max-snippet:-1","max-image-preview":"max-image-preview:large","max-video-preview":"max-video-preview:-1"},"canonical":"https:\/\/chemgramx.com\/hu\/termek-1\/elvezze-az-intenzitast-a-beans-domino-mdma-134-mg-online-vasarlasaval\/","og_locale":"hu_HU","og_type":"article","og_title":"Beans Domino MDMA: Hohe Reinheit online erwerben","og_description":"Entdecken Sie hochreines Beans Domino MDMA 134 mg f\u00fcr Ihre Forschung. Erwerben Sie authentische Laborqualit\u00e4t sicher bei Chemgramx. Jetzt online verf\u00fcgbar.","og_url":"https:\/\/chemgramx.com\/hu\/termek-1\/elvezze-az-intenzitast-a-beans-domino-mdma-134-mg-online-vasarlasaval\/","og_site_name":"Chemgramx","article_modified_time":"2025-12-10T18:24:28+00:00","og_image":[{"width":600,"height":400,"url":"https:\/\/chemgramx.com\/wp-content\/uploads\/2025\/11\/Beans-Domino-MDMA-134mg-1.png","type":"image\/png"}],"twitter_card":"summary_large_image","twitter_misc":{"Becs\u00fclt olvas\u00e1si id\u0151":"3 perc"},"schema":{"@context":"https:\/\/schema.org","@graph":[{"@type":"WebPage","@id":"https:\/\/chemgramx.com\/product\/erleben-sie-die-intensitaet-mit-beans-domino-mdma-134-mg-online-kaufen\/","url":"https:\/\/chemgramx.com\/product\/erleben-sie-die-intensitaet-mit-beans-domino-mdma-134-mg-online-kaufen\/","name":"Beans Domino MDMA: Magas tisztas\u00e1g\u00fa term\u00e9k online v\u00e1s\u00e1rl\u00e1sa","isPartOf":{"@id":"https:\/\/chemgramx.com\/#website"},"primaryImageOfPage":{"@id":"https:\/\/chemgramx.com\/product\/erleben-sie-die-intensitaet-mit-beans-domino-mdma-134-mg-online-kaufen\/#primaryimage"},"image":{"@id":"https:\/\/chemgramx.com\/product\/erleben-sie-die-intensitaet-mit-beans-domino-mdma-134-mg-online-kaufen\/#primaryimage"},"thumbnailUrl":"https:\/\/chemgramx.com\/wp-content\/uploads\/2025\/11\/Beans-Domino-MDMA-134mg-1.png","datePublished":"2025-11-21T16:44:40+00:00","dateModified":"2025-12-10T18:24:28+00:00","description":"Fedezze fel a kutat\u00e1s\u00e1hoz a nagy tisztas\u00e1g\u00fa Beans Domino MDMA 134 mg-ot. V\u00e1s\u00e1roljon hiteles laborat\u00f3riumi min\u0151s\u00e9g\u0171 term\u00e9ket biztons\u00e1gosan a Chemgramx-t\u00f3l. Most online el\u00e9rhet\u0151.","breadcrumb":{"@id":"https:\/\/chemgramx.com\/product\/erleben-sie-die-intensitaet-mit-beans-domino-mdma-134-mg-online-kaufen\/#breadcrumb"},"inLanguage":"hu","potentialAction":[{"@type":"ReadAction","target":["https:\/\/chemgramx.com\/product\/erleben-sie-die-intensitaet-mit-beans-domino-mdma-134-mg-online-kaufen\/"]}]},{"@type":"ImageObject","inLanguage":"hu","@id":"https:\/\/chemgramx.com\/product\/erleben-sie-die-intensitaet-mit-beans-domino-mdma-134-mg-online-kaufen\/#primaryimage","url":"https:\/\/chemgramx.com\/wp-content\/uploads\/2025\/11\/Beans-Domino-MDMA-134mg-1.png","contentUrl":"https:\/\/chemgramx.com\/wp-content\/uploads\/2025\/11\/Beans-Domino-MDMA-134mg-1.png","width":600,"height":400},{"@type":"BreadcrumbList","@id":"https:\/\/chemgramx.com\/product\/erleben-sie-die-intensitaet-mit-beans-domino-mdma-134-mg-online-kaufen\/#breadcrumb","itemListElement":[{"@type":"ListItem","position":1,"name":"Home","item":"https:\/\/chemgramx.com\/"},{"@type":"ListItem","position":2,"name":"Shop","item":"https:\/\/chemgramx.com\/shop\/"},{"@type":"ListItem","position":3,"name":"Beans Domino MDMA: Hohe Reinheit online erwerben"}]},{"@type":"WebSite","@id":"https:\/\/chemgramx.com\/#website","url":"https:\/\/chemgramx.com\/","name":"Chemgramx","description":"","publisher":{"@id":"https:\/\/chemgramx.com\/#organization"},"potentialAction":[{"@type":"SearchAction","target":{"@type":"EntryPoint","urlTemplate":"https:\/\/chemgramx.com\/?s={search_term_string}"},"query-input":{"@type":"PropertyValueSpecification","valueRequired":true,"valueName":"search_term_string"}}],"inLanguage":"hu"},{"@type":"Organization","@id":"https:\/\/chemgramx.com\/#organization","name":"Chemgramx","url":"https:\/\/chemgramx.com\/","logo":{"@type":"ImageObject","inLanguage":"hu","@id":"https:\/\/chemgramx.com\/#\/schema\/logo\/image\/","url":"https:\/\/chemgramx.com\/wp-content\/uploads\/2024\/10\/final-logo.png","contentUrl":"https:\/\/chemgramx.com\/wp-content\/uploads\/2024\/10\/final-logo.png","width":250,"height":48,"caption":"Chemgramx"},"image":{"@id":"https:\/\/chemgramx.com\/#\/schema\/logo\/image\/"}}]}},"_links":{"self":[{"href":"https:\/\/chemgramx.com\/hu\/wp-json\/wp\/v2\/product\/7978","targetHints":{"allow":["GET"]}}],"collection":[{"href":"https:\/\/chemgramx.com\/hu\/wp-json\/wp\/v2\/product"}],"about":[{"href":"https:\/\/chemgramx.com\/hu\/wp-json\/wp\/v2\/types\/product"}],"replies":[{"embeddable":true,"href":"https:\/\/chemgramx.com\/hu\/wp-json\/wp\/v2\/comments?post=7978"}],"wp:featuredmedia":[{"embeddable":true,"href":"https:\/\/chemgramx.com\/hu\/wp-json\/wp\/v2\/media\/8014"}],"wp:attachment":[{"href":"https:\/\/chemgramx.com\/hu\/wp-json\/wp\/v2\/media?parent=7978"}],"wp:term":[{"taxonomy":"product_brand","embeddable":true,"href":"https:\/\/chemgramx.com\/hu\/wp-json\/wp\/v2\/product_brand?post=7978"},{"taxonomy":"product_cat","embeddable":true,"href":"https:\/\/chemgramx.com\/hu\/wp-json\/wp\/v2\/product_cat?post=7978"},{"taxonomy":"product_tag","embeddable":true,"href":"https:\/\/chemgramx.com\/hu\/wp-json\/wp\/v2\/product_tag?post=7978"}],"curies":[{"name":"wp","href":"https:\/\/api.w.org\/{rel}","templated":true}]}}