{"id":7981,"date":"2025-11-21T16:44:45","date_gmt":"2025-11-21T16:44:45","guid":{"rendered":"https:\/\/chemgramx.com\/?post_type=product&#038;p=7981"},"modified":"2025-12-10T16:58:22","modified_gmt":"2025-12-10T16:58:22","slug":"cp-narancssarga-tesla-tablettak-online-rendeles","status":"publish","type":"product","link":"https:\/\/chemgramx.com\/hu\/product\/cp-orange-tesla-pills-online-bestellung\/","title":{"rendered":"CP Orange Tesla tablett\u00e1k v\u00e1s\u00e1rl\u00e1sa \u2013 Magas tisztas\u00e1g\u00fa"},"content":{"rendered":"<p>Kezdje el magabiztosan a prec\u00edz kutat\u00e1si vegyszerek keres\u00e9s\u00e9t. A <b>CP Orange Tesla tablett\u00e1k v\u00e1s\u00e1rl\u00e1sa<\/b> kiv\u00e1l\u00f3 v\u00e1laszt\u00e1s komoly tudom\u00e1nyos projektekhez. Mi, a Chemgramxn\u00e1l b\u00fcszk\u00e9k vagyunk arra, hogy a legmagasabb min\u0151s\u00e9g\u0171 term\u00e9keket k\u00edn\u00e1ljuk. <b>Magas tisztas\u00e1g\u00fa v\u00e1s\u00e1rl\u00e1s<\/b> amelyeket kifejezetten az \u00d6n ig\u00e9nyes tanulm\u00e1nyaihoz fejlesztett\u00fcnk ki. Ezenk\u00edv\u00fcl garant\u00e1ljuk, hogy minden egyes t\u00e9tel <b>Kutat\u00e1si min\u0151s\u00e9g megv\u00e1s\u00e1rl\u00e1sa<\/b> megfelel annak, amit egy megb\u00edzhat\u00f3 besz\u00e1ll\u00edt\u00f3t\u00f3l elv\u00e1r.<\/p>\n<h2>CP Orange Tesla tablett\u00e1k: Bevezet\u00e9s a kutat\u00e1si min\u0151s\u00e9gbe<\/h2>\n<h3>Mik azok a CP Orange Tesla tablett\u00e1k?<\/h3>\n<p><b>CP Orange Tesla tablett\u00e1k<\/b> kiz\u00e1r\u00f3lag tudom\u00e1nyos \u00e9s analitikai c\u00e9lokra sz\u00e1nt anyagokat k\u00e9pviselnek. Fontos hangs\u00falyozni, hogy ezek a term\u00e9kek semmik\u00e9ppen sem alkalmasak emberi fogyaszt\u00e1sra. Ink\u00e1bb fontos eszk\u00f6zk\u00e9nt szolg\u00e1lnak a laborat\u00f3riumokban vil\u00e1gszerte, hogy pontos eredm\u00e9nyeket \u00e9rjenek el k\u00fcl\u00f6nb\u00f6z\u0151 kutat\u00e1si ter\u00fcleteken. Ezenk\u00edv\u00fcl a k\u00f6vetkez\u0151ket k\u00edn\u00e1ljuk \u00d6nnek <b>Hiteles CP Orange Tesla tablett\u00e1k<\/b> amelyek \u00f6sszet\u00e9tel\u00e9t gondosan ellen\u0151rzik. Ez\u00e9rt a kutat\u00f3k megb\u00edzhatnak azok konzisztenci\u00e1j\u00e1ban \u00e9s megb\u00edzhat\u00f3s\u00e1g\u00e1ban.<\/p>\n<h3>A tisztas\u00e1g fontoss\u00e1ga a kutat\u00e1sban<\/h3>\n<p>Kutat\u00e1s\u00e1nak integrit\u00e1sa jelent\u0151sen f\u00fcgg a felhaszn\u00e1lt vegyi anyagok tisztas\u00e1g\u00e1t\u00f3l. Ez\u00e9rt nagy hangs\u00falyt fektet\u00fcnk arra, hogy \u00d6nnek <b>Kiv\u00e1l\u00f3 min\u0151s\u00e9g\u0171 CP Orange Tesla tablett\u00e1k<\/b> sz\u00e1ll\u00edt\u00e1s\u00e1ra. A magas tisztas\u00e1g minim\u00e1lisra cs\u00f6kkenti a nem k\u00edv\u00e1nt mell\u00e9khat\u00e1sok vagy a hamis adatok kock\u00e1zat\u00e1t, ami d\u00f6nt\u0151 fontoss\u00e1g\u00fa a tudom\u00e1nyos k\u00eds\u00e9rletek reproduk\u00e1lhat\u00f3s\u00e1ga szempontj\u00e1b\u00f3l. Ez\u00e9rt term\u00e9keink <b>Magas tisztas\u00e1g\u00fa v\u00e1s\u00e1rl\u00e1s<\/b>, hogy a lehet\u0151 legjobb alapot teremts\u00fck tudom\u00e1nyos felfedez\u00e9seihez. A Chemgramx \u00edgy elk\u00f6telezi mag\u00e1t a legmagasabb sz\u00ednvonal mellett.<\/p>\n<h2>Mi\u00e9rt v\u00e1lassza a Chemgramx CP Orange Tesla tablett\u00e1it?<\/h2>\n<h3>P\u00e1ratlan min\u0151s\u00e9g \u00e9s \u00e1lland\u00f3s\u00e1g<\/h3>\n<p>A kiv\u00e1l\u00f3s\u00e1g ir\u00e1nti elk\u00f6telezetts\u00e9g\u00fcnk minden term\u00e9k\u00fcnkben t\u00fckr\u00f6z\u0151dik. Garant\u00e1ljuk, hogy a n\u00e1lunk kaphat\u00f3 term\u00e9kek <b>CP Orange Tesla tablett\u00e1k<\/b> szigor\u00fa min\u0151s\u00e9g-ellen\u0151rz\u00e9snek vetik al\u00e1. Ez biztos\u00edtja, hogy minden sz\u00e1ll\u00edtm\u00e1ny megfeleljen az elv\u00e1r\u00e1soknak. <b>Kutat\u00e1si min\u0151s\u00e9g megv\u00e1s\u00e1rl\u00e1sa<\/b> teljes\u00edtj\u00fck vagy ak\u00e1r t\u00falteljes\u00edtj\u00fck. Tov\u00e1bb\u00e1 arra t\u00f6reksz\u00fcnk, hogy \u00d6nnek a <b>A legjobb CP Orange Tesla tablett\u00e1k kaphat\u00f3k<\/b> hogy optim\u00e1lisan t\u00e1mogassa kutat\u00e1s\u00e1t. K\u00fcl\u00f6n\u00f6sen a k\u00f6vetkez\u0151ket teheti: <a href=\"https:\/\/chemgramx.com\/product\/cp-orange-tesla-pills-online-bestellung\/\">CP Orange Tesla tablett\u00e1k online megrendel\u00e9se<\/a>, hogy biztos\u00edtsa a z\u00f6kken\u0151mentes beszerz\u00e9st.<\/p>\n<h3>Biztons\u00e1g \u00e9s bizalom a kutat\u00e1si beszerz\u00e9sben<\/h3>\n<p>A kutat\u00e1si vegyszerek beszerz\u00e9se bizalmat \u00e9s biztons\u00e1got ig\u00e9nyel. A Chemgramxn\u00e9l a <b>Biztons\u00e1gos v\u00e1s\u00e1rl\u00e1s<\/b> term\u00e9keinek els\u0151bbs\u00e9get biztos\u00edtunk. Minden megrendel\u00e9st a legnagyobb gondoss\u00e1ggal \u00e9s diszkr\u00e9ci\u00f3val kezel\u00fcnk, hogy biztos\u00edtsuk adatai integrit\u00e1s\u00e1t \u00e9s v\u00e9delm\u00e9t. Ezen fel\u00fcl \u00d6n <b>Most online v\u00e1s\u00e1roljon<\/b> \u00e9s biztos lehet benne, hogy kutat\u00f3i ig\u00e9nyeit professzion\u00e1lis m\u00f3don \u00e9s tisztelettel kezelj\u00fck.<\/p>\n<h2>Alkalmaz\u00e1si ter\u00fcletek \u00e9s kutat\u00e1si relevancia<\/h2>\n<h3>K\u00eds\u00e9rleti tanulm\u00e1nyok \u00e9s elemz\u00e9sek<\/h3>\n<p><b>CP Orange Tesla tablett\u00e1k<\/b> sz\u00e1mos k\u00eds\u00e9rleti tanulm\u00e1nyban alkalmazz\u00e1k. Ide\u00e1lisak farmakol\u00f3giai elemz\u00e9sekhez, toxikol\u00f3giai vizsg\u00e1latokhoz vagy \u00faj elemz\u00e9si m\u00f3dszerek fejleszt\u00e9s\u00e9hez. Ez\u00e1ltal lehet\u0151v\u00e9 teszik a tud\u00f3sok sz\u00e1m\u00e1ra, hogy specifikus hipot\u00e9ziseket teszteljenek \u00e9s \u00faj ismereteket szerezzenek komplex biol\u00f3giai \u00e9s k\u00e9miai rendszerekben. Hangs\u00falyozzuk, hogy haszn\u00e1latuk szigor\u00faan laborat\u00f3riumi k\u00f6rnyezetre korl\u00e1toz\u00f3dik.<\/p>\n<h3>M\u00f3dszertani megfontol\u00e1sok<\/h3>\n<p>Prec\u00edz k\u00eds\u00e9rletek elv\u00e9gz\u00e9s\u00e9hez <b>CP Orange Tesla tablett\u00e1k<\/b> r\u00e9szletes m\u00f3dszertani megk\u00f6zel\u00edt\u00e9sek elengedhetetlenek. A kutat\u00f3knak mindig be kell tartaniuk a hat\u00e1lyos laborat\u00f3riumi ir\u00e1nyelveket \u00e9s biztons\u00e1gi protokollokat. Ez mag\u00e1ban foglalja a megfelel\u0151 v\u00e9d\u0151felszerel\u00e9s haszn\u00e1lat\u00e1t \u00e9s a k\u00eds\u00e9rletek ellen\u0151rz\u00f6tt k\u00f6rnyezetben t\u00f6rt\u00e9n\u0151 elv\u00e9gz\u00e9s\u00e9t. Egy\u00e9bk\u00e9nt mi is k\u00edn\u00e1lunk <a href=\"https:\/\/chemgramx.com\/product\/blueberry-kush-24-thc\/\">tov\u00e1bbi kiv\u00e1l\u00f3 min\u0151s\u00e9g\u0171 kutat\u00e1si anyagok<\/a> amelyek kieg\u00e9sz\u00edthetik tanulm\u00e1nyait.<\/p>\n<h2>CP Orange Tesla tablett\u00e1k beszerz\u00e9se \u00e9s kezel\u00e9se<\/h2>\n<h3>A Chemgramx rendel\u00e9si folyamata<\/h3>\n<p>A <b>CP Orange Tesla tablett\u00e1k online megrendel\u00e9se<\/b> a Chemgramx-n\u00e1l egyszer\u0171 \u00e9s biztons\u00e1gos folyamat. C\u00e9lunk, hogy a kutat\u00f3k k\u00f6nnyen hozz\u00e1f\u00e9rhessenek a nagy tisztas\u00e1g\u00fa vegyi anyagokhoz. R\u00f6viden: kiv\u00e1laszthatja a k\u00edv\u00e1nt term\u00e9keket, \u00e9s hat\u00e9konyan lez\u00e1rhatja a v\u00e1s\u00e1rl\u00e1si folyamatot. Ez\u00e9rt a <b>Laborat\u00f3riumi min\u0151s\u00e9g\u0171 term\u00e9kek v\u00e1s\u00e1rl\u00e1sa<\/b> \u00fagy alak\u00edtottuk ki, hogy megfeleljen a modern kutat\u00f3laborat\u00f3riumok ig\u00e9nyeinek. B\u00edzzon abban, hogy a Chemgramx-n\u00e1l a legjobb term\u00e9keket kapja.<\/p>\n<h3>T\u00e1rol\u00e1si \u00e9s biztons\u00e1gi aj\u00e1nl\u00e1sok<\/h3>\n<p>A stabilit\u00e1s \u00e9s a hat\u00e9konys\u00e1g \u00e9rdek\u00e9ben <b>CP Orange Tesla tablett\u00e1k<\/b> A hossz\u00fa t\u00e1v\u00fa min\u0151s\u00e9g meg\u0151rz\u00e9se \u00e9rdek\u00e9ben a helyes t\u00e1rol\u00e1s elengedhetetlen. Javasoljuk, hogy a term\u00e9ket h\u0171v\u00f6s, sz\u00e1raz \u00e9s s\u00f6t\u00e9t helyen, k\u00f6zvetlen napf\u00e9nyt\u0151l \u00e9s nedvess\u00e9gt\u0151l t\u00e1vol t\u00e1rolja. Ezenk\u00edv\u00fcl az anyag kezel\u00e9se sor\u00e1n megfelel\u0151 egy\u00e9ni v\u00e9d\u0151felszerel\u00e9st, p\u00e9ld\u00e1ul keszty\u0171t \u00e9s v\u00e9d\u0151szem\u00fcveget kell viselni. Ez alapvet\u0151 \u00f3vint\u00e9zked\u00e9s a kutat\u00e1si vegyszerekkel val\u00f3 munkav\u00e9gz\u00e9s sor\u00e1n.<\/p>\n<h2>Gyakran feltett k\u00e9rd\u00e9sek a CP Orange Tesla Pills-r\u0151l (GYIK)<\/h2>\n<h3>Milyen tisztas\u00e1gra sz\u00e1m\u00edthatok?<\/h3>\n<p>Term\u00e9keink rendk\u00edv\u00fcl magas tisztas\u00e1g\u00e1t garant\u00e1ljuk. <b>CP Orange Tesla tablett\u00e1k<\/b>. Minden t\u00e9tel alapos tesztel\u00e9sen esik \u00e1t, hogy megfeleljen a legszigor\u00fabb min\u0151s\u00e9gi el\u0151\u00edr\u00e1soknak. Ennek eredm\u00e9nyek\u00e9nt k\u00eds\u00e9rletei sor\u00e1n \u00e1lland\u00f3 \u00e9s megb\u00edzhat\u00f3 eredm\u00e9nyekre sz\u00e1m\u00edthat.<\/p>\n<h3>A CP Orange Tesla tablett\u00e1k tanulm\u00e1nyokhoz is rendelkez\u00e9sre \u00e1llnak?<\/h3>\n<p>Igen, felt\u00e9tlen\u00fcl. A mi\u00e9nk <b>CP Orange Tesla tablett\u00e1k<\/b> k\u00fcl\u00f6n\u00f6sen <b>Kutat\u00e1si min\u0151s\u00e9g megv\u00e1s\u00e1rl\u00e1sa<\/b> kifejlesztett\u00e9k, \u00e9s akad\u00e9miai \u00e9s mag\u00e1n kutat\u00f3int\u00e9zetek rendelkez\u00e9s\u00e9re \u00e1llnak. Fontos, hogy a haszn\u00e1latuk megfeleljen a helyi t\u00f6rv\u00e9nyeknek \u00e9s el\u0151\u00edr\u00e1soknak, \u00e9s kiz\u00e1r\u00f3lag kutat\u00e1si c\u00e9lokra t\u00f6rt\u00e9njen.<\/p>\n<h3>Hogyan garant\u00e1lja a Chemgramx a min\u0151s\u00e9get?<\/h3>\n<p>A Chemgramx kiz\u00e1r\u00f3lag neves gy\u00e1rt\u00f3kkal dolgozik egy\u00fctt, \u00e9s bels\u0151 \u00e9s k\u00fcls\u0151 teszteket v\u00e9gez, hogy minden term\u00e9k min\u0151s\u00e9g\u00e9t \u00e9s tisztas\u00e1g\u00e1t ellen\u0151rizze. Ez azt jelenti, hogy a <a href=\"https:\/\/chemgramx.com\/product\/cp-orange-tesla-pills-online-bestellung\/\">V\u00e1s\u00e1roljon hiteles CP Orange Tesla tablett\u00e1kat<\/a> fel\u00fclm\u00falhatatlan term\u00e9kintegrit\u00e1st kapunk. <b>Rendeljen CP Orange Tesla tablett\u00e1kat online<\/b> tudva, hogy a legmagasabb sz\u00ednvonal\u00fa term\u00e9ket kapja.<\/p>\n<h2>K\u00f6vetkeztet\u00e9s: Az els\u0151 v\u00e1laszt\u00e1s kutat\u00e1si ig\u00e9nyekhez<\/h2>\n<p>Ha nagy tisztas\u00e1g\u00fa kutat\u00e1si vegyszerek beszerz\u00e9s\u00e9r\u0151l van sz\u00f3, akkor a <b>CP Orange Tesla tablett\u00e1k<\/b> Chemgramx ide\u00e1lis v\u00e1laszt\u00e1s. A min\u0151s\u00e9g, a tisztas\u00e1g \u00e9s a kiv\u00e1l\u00f3 szolg\u00e1ltat\u00e1s ir\u00e1nti elk\u00f6telezetts\u00e9g\u00fcnk miatt mi vagyunk az \u00d6n el\u0151nyben r\u00e9szes\u00edtett partnere. V\u00e9g\u00fcl is \u00d6n <b>V\u00e1s\u00e1roljon a Chemgramx-n\u00e1l<\/b> \u00e9s b\u00edzva abban, hogy \u00d6n\u00f6k a <b>A legjobb CP Orange Tesla tablett\u00e1k kaphat\u00f3k<\/b> . Tudom\u00e1nyos t\u00f6rekv\u00e9seit olyan term\u00e9kekkel t\u00e1mogatjuk, amelyek a legmagasabb k\u00f6vetelm\u00e9nyeknek is megfelelnek.<\/p>","protected":false},"excerpt":{"rendered":"<p><b>CP Orange Tesla tablett\u00e1k<\/b> \u2013 Megb\u00edzhat\u00f3 forr\u00e1sa a kiv\u00e1l\u00f3 min\u0151s\u00e9g\u0171 kutat\u00e1si vegyszereknek.<\/p>\n<ul>\n<li><b>Nagy tisztas\u00e1g:<\/b> Garant\u00e1ltan pontos kutat\u00e1si eredm\u00e9nyek.<\/li>\n<li><b>Kutat\u00e1si min\u0151s\u00e9g:<\/b> Kiz\u00e1r\u00f3lag laborat\u00f3riumi vizsg\u00e1latokhoz \u00e9s tudom\u00e1nyos elemz\u00e9sekhez.<\/li>\n<li><b>Hiteles\u00e9g:<\/b> B\u00edzzon a tesztelt min\u0151s\u00e9gben.<\/li>\n<\/ul>\n<p>V\u00e1s\u00e1roljon <b>CP Orange v\u00e1s\u00e1rl\u00e1s<\/b> Term\u00e9kek biztons\u00e1gosan \u00e9s egyszer\u0171en <b>a Chemgramx-n\u00e1l<\/b> a legig\u00e9nyesebb projektekhez.<\/p>","protected":false},"featured_media":8017,"comment_status":"open","ping_status":"closed","template":"","meta":{"_joinchat":[]},"product_brand":[],"product_cat":[2846],"product_tag":[2146,2149,2144,2142,2145,2147,2018,2015,2143,2148],"class_list":{"0":"post-7981","1":"product","2":"type-product","3":"status-publish","4":"has-post-thumbnail","6":"product_cat-ecstasy-pills","7":"product_tag-cp-orange-mdma","8":"product_tag-cp-orange-mdma-kaufen","9":"product_tag-cp-orange-pills","10":"product_tag-cp-orange-tesla","11":"product_tag-cp-orange-tesla-kaufen","12":"product_tag-mdma-pills-online","13":"product_tag-mdma-zum-verkauf","14":"product_tag-synthetische-drogen","15":"product_tag-tesla-pills-kaufen","16":"product_tag-tesla-pills-mdma","18":"first","19":"instock","20":"shipping-taxable","21":"purchasable","22":"product-type-variable"},"yoast_head":"<!-- This site is optimized with the Yoast SEO plugin v27.5 - https:\/\/yoast.com\/product\/yoast-seo-wordpress\/ -->\n<title>CP Orange Tesla Pills kaufen - Hohe Reinheit<\/title>\n<meta name=\"description\" content=\"Entdecken Sie hochwertige CP Orange Tesla Pills f\u00fcr Ihre Forschung. Erwerben Sie CP Orange Kaufen mit garantierter Reinheit und Qualit\u00e4t bei Chemgramx. Ideal f\u00fcr wissenschaftliche Studien.\" \/>\n<meta name=\"robots\" content=\"index, follow, max-snippet:-1, max-image-preview:large, max-video-preview:-1\" \/>\n<link rel=\"canonical\" href=\"https:\/\/chemgramx.com\/hu\/termek-1\/cp-narancssarga-tesla-tablettak-online-rendeles\/\" \/>\n<meta property=\"og:locale\" content=\"hu_HU\" \/>\n<meta property=\"og:type\" content=\"article\" \/>\n<meta property=\"og:title\" content=\"CP Orange Tesla Pills kaufen - Hohe Reinheit\" \/>\n<meta property=\"og:description\" content=\"Entdecken Sie hochwertige CP Orange Tesla Pills f\u00fcr Ihre Forschung. Erwerben Sie CP Orange Kaufen mit garantierter Reinheit und Qualit\u00e4t bei Chemgramx. Ideal f\u00fcr wissenschaftliche Studien.\" \/>\n<meta property=\"og:url\" content=\"https:\/\/chemgramx.com\/hu\/termek-1\/cp-narancssarga-tesla-tablettak-online-rendeles\/\" \/>\n<meta property=\"og:site_name\" content=\"Chemgramx\" \/>\n<meta property=\"article:modified_time\" content=\"2025-12-10T16:58:22+00:00\" \/>\n<meta property=\"og:image\" content=\"https:\/\/chemgramx.com\/wp-content\/uploads\/2025\/11\/p13-1.png\" \/>\n\t<meta property=\"og:image:width\" content=\"600\" \/>\n\t<meta property=\"og:image:height\" content=\"400\" \/>\n\t<meta property=\"og:image:type\" content=\"image\/png\" \/>\n<meta name=\"twitter:card\" content=\"summary_large_image\" \/>\n<meta name=\"twitter:label1\" content=\"Becs\u00fclt olvas\u00e1si id\u0151\" \/>\n\t<meta name=\"twitter:data1\" content=\"5 perc\" \/>\n<script type=\"application\/ld+json\" class=\"yoast-schema-graph\">{\"@context\":\"https:\\\/\\\/schema.org\",\"@graph\":[{\"@type\":\"WebPage\",\"@id\":\"https:\\\/\\\/chemgramx.com\\\/product\\\/cp-orange-tesla-pills-online-bestellung\\\/\",\"url\":\"https:\\\/\\\/chemgramx.com\\\/product\\\/cp-orange-tesla-pills-online-bestellung\\\/\",\"name\":\"CP Orange Tesla Pills kaufen - Hohe Reinheit\",\"isPartOf\":{\"@id\":\"https:\\\/\\\/chemgramx.com\\\/#website\"},\"primaryImageOfPage\":{\"@id\":\"https:\\\/\\\/chemgramx.com\\\/product\\\/cp-orange-tesla-pills-online-bestellung\\\/#primaryimage\"},\"image\":{\"@id\":\"https:\\\/\\\/chemgramx.com\\\/product\\\/cp-orange-tesla-pills-online-bestellung\\\/#primaryimage\"},\"thumbnailUrl\":\"https:\\\/\\\/chemgramx.com\\\/wp-content\\\/uploads\\\/2025\\\/11\\\/p13-1.png\",\"datePublished\":\"2025-11-21T16:44:45+00:00\",\"dateModified\":\"2025-12-10T16:58:22+00:00\",\"description\":\"Entdecken Sie hochwertige CP Orange Tesla Pills f\u00fcr Ihre Forschung. Erwerben Sie CP Orange Kaufen mit garantierter Reinheit und Qualit\u00e4t bei Chemgramx. Ideal f\u00fcr wissenschaftliche Studien.\",\"breadcrumb\":{\"@id\":\"https:\\\/\\\/chemgramx.com\\\/product\\\/cp-orange-tesla-pills-online-bestellung\\\/#breadcrumb\"},\"inLanguage\":\"hu\",\"potentialAction\":[{\"@type\":\"ReadAction\",\"target\":[\"https:\\\/\\\/chemgramx.com\\\/product\\\/cp-orange-tesla-pills-online-bestellung\\\/\"]}]},{\"@type\":\"ImageObject\",\"inLanguage\":\"hu\",\"@id\":\"https:\\\/\\\/chemgramx.com\\\/product\\\/cp-orange-tesla-pills-online-bestellung\\\/#primaryimage\",\"url\":\"https:\\\/\\\/chemgramx.com\\\/wp-content\\\/uploads\\\/2025\\\/11\\\/p13-1.png\",\"contentUrl\":\"https:\\\/\\\/chemgramx.com\\\/wp-content\\\/uploads\\\/2025\\\/11\\\/p13-1.png\",\"width\":600,\"height\":400},{\"@type\":\"BreadcrumbList\",\"@id\":\"https:\\\/\\\/chemgramx.com\\\/product\\\/cp-orange-tesla-pills-online-bestellung\\\/#breadcrumb\",\"itemListElement\":[{\"@type\":\"ListItem\",\"position\":1,\"name\":\"Home\",\"item\":\"https:\\\/\\\/chemgramx.com\\\/\"},{\"@type\":\"ListItem\",\"position\":2,\"name\":\"Shop\",\"item\":\"https:\\\/\\\/chemgramx.com\\\/shop\\\/\"},{\"@type\":\"ListItem\",\"position\":3,\"name\":\"CP Orange Tesla Pills kaufen &#8211; Hohe Reinheit\"}]},{\"@type\":\"WebSite\",\"@id\":\"https:\\\/\\\/chemgramx.com\\\/#website\",\"url\":\"https:\\\/\\\/chemgramx.com\\\/\",\"name\":\"Chemgramx\",\"description\":\"\",\"publisher\":{\"@id\":\"https:\\\/\\\/chemgramx.com\\\/#organization\"},\"potentialAction\":[{\"@type\":\"SearchAction\",\"target\":{\"@type\":\"EntryPoint\",\"urlTemplate\":\"https:\\\/\\\/chemgramx.com\\\/?s={search_term_string}\"},\"query-input\":{\"@type\":\"PropertyValueSpecification\",\"valueRequired\":true,\"valueName\":\"search_term_string\"}}],\"inLanguage\":\"hu\"},{\"@type\":\"Organization\",\"@id\":\"https:\\\/\\\/chemgramx.com\\\/#organization\",\"name\":\"Chemgramx\",\"url\":\"https:\\\/\\\/chemgramx.com\\\/\",\"logo\":{\"@type\":\"ImageObject\",\"inLanguage\":\"hu\",\"@id\":\"https:\\\/\\\/chemgramx.com\\\/#\\\/schema\\\/logo\\\/image\\\/\",\"url\":\"https:\\\/\\\/chemgramx.com\\\/wp-content\\\/uploads\\\/2024\\\/10\\\/final-logo.png\",\"contentUrl\":\"https:\\\/\\\/chemgramx.com\\\/wp-content\\\/uploads\\\/2024\\\/10\\\/final-logo.png\",\"width\":250,\"height\":48,\"caption\":\"Chemgramx\"},\"image\":{\"@id\":\"https:\\\/\\\/chemgramx.com\\\/#\\\/schema\\\/logo\\\/image\\\/\"}}]}<\/script>\n<!-- \/ Yoast SEO plugin. -->","yoast_head_json":{"title":"CP Orange Tesla tablett\u00e1k v\u00e1s\u00e1rl\u00e1sa \u2013 Magas tisztas\u00e1g\u00fa","description":"Fedezze fel a kiv\u00e1l\u00f3 min\u0151s\u00e9g\u0171 CP Orange Tesla tablett\u00e1kat kutat\u00e1s\u00e1hoz. V\u00e1s\u00e1roljon CP Orange-t garant\u00e1lt tisztas\u00e1ggal \u00e9s min\u0151s\u00e9ggel a Chemgramx-n\u00e1l. Ide\u00e1lis tudom\u00e1nyos tanulm\u00e1nyokhoz.","robots":{"index":"index","follow":"follow","max-snippet":"max-snippet:-1","max-image-preview":"max-image-preview:large","max-video-preview":"max-video-preview:-1"},"canonical":"https:\/\/chemgramx.com\/hu\/termek-1\/cp-narancssarga-tesla-tablettak-online-rendeles\/","og_locale":"hu_HU","og_type":"article","og_title":"CP Orange Tesla Pills kaufen - Hohe Reinheit","og_description":"Entdecken Sie hochwertige CP Orange Tesla Pills f\u00fcr Ihre Forschung. Erwerben Sie CP Orange Kaufen mit garantierter Reinheit und Qualit\u00e4t bei Chemgramx. Ideal f\u00fcr wissenschaftliche Studien.","og_url":"https:\/\/chemgramx.com\/hu\/termek-1\/cp-narancssarga-tesla-tablettak-online-rendeles\/","og_site_name":"Chemgramx","article_modified_time":"2025-12-10T16:58:22+00:00","og_image":[{"width":600,"height":400,"url":"https:\/\/chemgramx.com\/wp-content\/uploads\/2025\/11\/p13-1.png","type":"image\/png"}],"twitter_card":"summary_large_image","twitter_misc":{"Becs\u00fclt olvas\u00e1si id\u0151":"5 perc"},"schema":{"@context":"https:\/\/schema.org","@graph":[{"@type":"WebPage","@id":"https:\/\/chemgramx.com\/product\/cp-orange-tesla-pills-online-bestellung\/","url":"https:\/\/chemgramx.com\/product\/cp-orange-tesla-pills-online-bestellung\/","name":"CP Orange Tesla tablett\u00e1k v\u00e1s\u00e1rl\u00e1sa \u2013 Magas tisztas\u00e1g\u00fa","isPartOf":{"@id":"https:\/\/chemgramx.com\/#website"},"primaryImageOfPage":{"@id":"https:\/\/chemgramx.com\/product\/cp-orange-tesla-pills-online-bestellung\/#primaryimage"},"image":{"@id":"https:\/\/chemgramx.com\/product\/cp-orange-tesla-pills-online-bestellung\/#primaryimage"},"thumbnailUrl":"https:\/\/chemgramx.com\/wp-content\/uploads\/2025\/11\/p13-1.png","datePublished":"2025-11-21T16:44:45+00:00","dateModified":"2025-12-10T16:58:22+00:00","description":"Fedezze fel a kiv\u00e1l\u00f3 min\u0151s\u00e9g\u0171 CP Orange Tesla tablett\u00e1kat kutat\u00e1s\u00e1hoz. V\u00e1s\u00e1roljon CP Orange-t garant\u00e1lt tisztas\u00e1ggal \u00e9s min\u0151s\u00e9ggel a Chemgramx-n\u00e1l. Ide\u00e1lis tudom\u00e1nyos tanulm\u00e1nyokhoz.","breadcrumb":{"@id":"https:\/\/chemgramx.com\/product\/cp-orange-tesla-pills-online-bestellung\/#breadcrumb"},"inLanguage":"hu","potentialAction":[{"@type":"ReadAction","target":["https:\/\/chemgramx.com\/product\/cp-orange-tesla-pills-online-bestellung\/"]}]},{"@type":"ImageObject","inLanguage":"hu","@id":"https:\/\/chemgramx.com\/product\/cp-orange-tesla-pills-online-bestellung\/#primaryimage","url":"https:\/\/chemgramx.com\/wp-content\/uploads\/2025\/11\/p13-1.png","contentUrl":"https:\/\/chemgramx.com\/wp-content\/uploads\/2025\/11\/p13-1.png","width":600,"height":400},{"@type":"BreadcrumbList","@id":"https:\/\/chemgramx.com\/product\/cp-orange-tesla-pills-online-bestellung\/#breadcrumb","itemListElement":[{"@type":"ListItem","position":1,"name":"Home","item":"https:\/\/chemgramx.com\/"},{"@type":"ListItem","position":2,"name":"Shop","item":"https:\/\/chemgramx.com\/shop\/"},{"@type":"ListItem","position":3,"name":"CP Orange Tesla Pills kaufen &#8211; Hohe Reinheit"}]},{"@type":"WebSite","@id":"https:\/\/chemgramx.com\/#website","url":"https:\/\/chemgramx.com\/","name":"Chemgramx","description":"","publisher":{"@id":"https:\/\/chemgramx.com\/#organization"},"potentialAction":[{"@type":"SearchAction","target":{"@type":"EntryPoint","urlTemplate":"https:\/\/chemgramx.com\/?s={search_term_string}"},"query-input":{"@type":"PropertyValueSpecification","valueRequired":true,"valueName":"search_term_string"}}],"inLanguage":"hu"},{"@type":"Organization","@id":"https:\/\/chemgramx.com\/#organization","name":"Chemgramx","url":"https:\/\/chemgramx.com\/","logo":{"@type":"ImageObject","inLanguage":"hu","@id":"https:\/\/chemgramx.com\/#\/schema\/logo\/image\/","url":"https:\/\/chemgramx.com\/wp-content\/uploads\/2024\/10\/final-logo.png","contentUrl":"https:\/\/chemgramx.com\/wp-content\/uploads\/2024\/10\/final-logo.png","width":250,"height":48,"caption":"Chemgramx"},"image":{"@id":"https:\/\/chemgramx.com\/#\/schema\/logo\/image\/"}}]}},"_links":{"self":[{"href":"https:\/\/chemgramx.com\/hu\/wp-json\/wp\/v2\/product\/7981","targetHints":{"allow":["GET"]}}],"collection":[{"href":"https:\/\/chemgramx.com\/hu\/wp-json\/wp\/v2\/product"}],"about":[{"href":"https:\/\/chemgramx.com\/hu\/wp-json\/wp\/v2\/types\/product"}],"replies":[{"embeddable":true,"href":"https:\/\/chemgramx.com\/hu\/wp-json\/wp\/v2\/comments?post=7981"}],"wp:featuredmedia":[{"embeddable":true,"href":"https:\/\/chemgramx.com\/hu\/wp-json\/wp\/v2\/media\/8017"}],"wp:attachment":[{"href":"https:\/\/chemgramx.com\/hu\/wp-json\/wp\/v2\/media?parent=7981"}],"wp:term":[{"taxonomy":"product_brand","embeddable":true,"href":"https:\/\/chemgramx.com\/hu\/wp-json\/wp\/v2\/product_brand?post=7981"},{"taxonomy":"product_cat","embeddable":true,"href":"https:\/\/chemgramx.com\/hu\/wp-json\/wp\/v2\/product_cat?post=7981"},{"taxonomy":"product_tag","embeddable":true,"href":"https:\/\/chemgramx.com\/hu\/wp-json\/wp\/v2\/product_tag?post=7981"}],"curies":[{"name":"wp","href":"https:\/\/api.w.org\/{rel}","templated":true}]}}