{"id":7982,"date":"2025-11-21T16:44:46","date_gmt":"2025-11-21T16:44:46","guid":{"rendered":"https:\/\/chemgramx.com\/?post_type=product&#038;p=7982"},"modified":"2025-12-10T17:07:01","modified_gmt":"2025-12-10T17:07:01","slug":"soetet-smiley-zoeld-150mg-mdma-online-rendeles","status":"publish","type":"product","link":"https:\/\/chemgramx.com\/hu\/product\/dark-smiley-green-150mg-mdma-online-bestellung\/","title":{"rendered":"MDMA v\u00e1s\u00e1rl\u00e1s \u2013 Dark Smiley Green (magas tisztas\u00e1g\u00fa | online)"},"content":{"rendered":"<p>\u00dcdv\u00f6z\u00f6lj\u00fck a Chemgramxn\u00e1l, a kiv\u00e1l\u00f3 min\u0151s\u00e9g\u0171 kutat\u00e1si vegyszerek vezet\u0151 forr\u00e1s\u00e1n\u00e1l. Bemutatjuk \u00d6nnek <b>Dark Smiley Green 150mg MDMA<\/b>, egy kiv\u00e9teles tisztas\u00e1g\u00e1\u00e9rt \u00e9s \u00e1llag\u00e1\u00e9rt \u00e9rt\u00e9kes\u00edtett term\u00e9k. Ez\u00e9rt ide\u00e1lis v\u00e1laszt\u00e1s tudom\u00e1nyos vizsg\u00e1latokhoz \u00e9s laborat\u00f3riumi alkalmaz\u00e1sokhoz. Sok kutat\u00f3 szeretn\u00e9 <b>MDMA elad\u00f3<\/b> \u00e9s gondoskodunk arr\u00f3l, hogy k\u00edn\u00e1latunk megfeleljen az \u00d6n legmagasabb elv\u00e1r\u00e1sainak.<\/p>\n<p>A <b>Dark Smiley Green 150mg MDMA<\/b> kifejezetten a kutat\u00f3laborat\u00f3riumok sz\u00e1m\u00e1ra fejlesztett\u00e9k ki. Tov\u00e1bb\u00e1 garant\u00e1ljuk a <b>magas tisztas\u00e1g\u00fa elad\u00f3<\/b>, amelyet szigor\u00fa min\u0151s\u00e9gellen\u0151rz\u00e9ssel igazolnak. Ennek eredm\u00e9nyek\u00e9nt pontos \u00e9s reproduk\u00e1lhat\u00f3 eredm\u00e9nyekre sz\u00e1m\u00edthat. Ha \u00d6n <b>MDMA online rendel\u00e9se<\/b> A Chemgramx megb\u00edzhat\u00f3 \u00e9s professzion\u00e1lis platformot k\u00edn\u00e1l az erre v\u00e1gy\u00f3knak.<\/p>\n<h2>Mi az MDMA (3,4-metil\u00e9ndioximetamfetamin)?<\/h2>\n<p>Az MDMA, tudom\u00e1nyos nev\u00e9n 3,4-metil\u00e9ndioximetamfetamin, egy pszichoakt\u00edv anyag. A szubsztitu\u00e1lt amfetaminok \u00e9s fenetilaminok oszt\u00e1ly\u00e1ba tartozik. Az agyban a szerotoninra, a dopaminra \u00e9s a noradrenalinra gyakorolt egyedi hat\u00e1sair\u00f3l is ismert. Eredetileg a 20. sz\u00e1zad elej\u00e9n szintetiz\u00e1lt\u00e1k, \u00e9s az ut\u00f3bbi \u00e9vtizedekben jelent\u0151s tudom\u00e1nyos \u00e9rdekl\u0151d\u00e9s \u00f6vezte.<\/p>\n<p>Az MDMA k\u00e9miai szerkezete komplex k\u00f6lcs\u00f6nhat\u00e1st tesz lehet\u0151v\u00e9 a neurotranszmitter-rendszerekkel. Ez a gy\u00f3gyszerkutat\u00e1s szempontj\u00e1b\u00f3l nagy \u00e9rdekl\u0151d\u00e9sre tarthat sz\u00e1mot. Az anyagot a lehets\u00e9ges ter\u00e1pi\u00e1s alkalmaz\u00e1sai miatt ellen\u0151rz\u00f6tt klinikai vizsg\u00e1latokban is vizsg\u00e1lj\u00e1k. Ha <b>hiteles MDMA<\/b> A Chemgramx a megfelel\u0151 hely az \u00d6n sz\u00e1m\u00e1ra, mivel garant\u00e1ljuk term\u00e9keink eredet\u00e9t \u00e9s tisztas\u00e1g\u00e1t.<\/p>\n<h3>A Dark Smiley Green MDMA tisztas\u00e1ga<\/h3>\n<p>A tisztas\u00e1g a kutat\u00e1si vegyszerek eset\u00e9ben rendk\u00edv\u00fcl fontos. Ez\u00e9rt nagy jelent\u0151s\u00e9get tulajdon\u00edtunk a k\u00f6vetkez\u0151knek <b>Dark Smiley Green 150mg MDMA<\/b> nagy jelent\u0151s\u00e9get tulajdon\u00edt a legmagasabb min\u0151s\u00e9gnek. Minden egyes t\u00e9telt gondosan ellen\u0151riznek, hogy kiz\u00e1rj\u00e1k a szennyez\u0151d\u00e9seket \u00e9s biztos\u00edts\u00e1k a hat\u00f3anyag egyenletes koncentr\u00e1ci\u00f3j\u00e1t. Ennek eredm\u00e9nyek\u00e9ppen megb\u00edzhat a k\u00eds\u00e9rletek pontoss\u00e1g\u00e1ban.<\/p>\n<p>Elk\u00f6telezz\u00fck magunkat, hogy, <b>A legmagasabb min\u0151s\u00e9g\u0171 MDMA<\/b> felaj\u00e1nlani. Ez\u00e9rt term\u00e9k\u00fcnket f\u00fcggetlen laborat\u00f3riumokban szigor\u00fa vizsg\u00e1latoknak vetik al\u00e1. Ezek az elj\u00e1r\u00e1sok biztos\u00edtj\u00e1k, hogy \u00d6n olyan term\u00e9ket kapjon, amely megfelel a legmagasabb szint\u0171 el\u0151\u00edr\u00e1soknak a k\u00f6vetkez\u0151k tekintet\u00e9ben <b>Kutat\u00e1si min\u0151s\u00e9g elad\u00f3<\/b> megfelel. C\u00e9lunk tov\u00e1bb\u00e1, hogy a k\u00f6vetkez\u0151 szolg\u00e1ltat\u00e1sokat ny\u00fajtsuk \u00d6nnek <b>a legjobb MDMA min\u0151s\u00e9g el\u00e9rhet\u0151<\/b> a piacon.<\/p>\n<h3>A gy\u00e1rt\u00e1si folyamat \u00e9s a min\u0151s\u00e9gi el\u0151\u00edr\u00e1sok<\/h3>\n<p>A termel\u00e9s <b>Dark Smiley Green 150mg MDMA<\/b> szigor\u00faan ellen\u0151rz\u00f6tt k\u00f6r\u00fclm\u00e9nyek k\u00f6z\u00f6tt t\u00f6rt\u00e9nik. El\u0151sz\u00f6r is, csak kiv\u00e1l\u00f3 min\u0151s\u00e9g\u0171 nyersanyagokat haszn\u00e1lnak fel. Ezt k\u00f6vetik a prec\u00edz szint\u00e9zis l\u00e9p\u00e9sei. Tov\u00e1bb\u00e1 a legkorszer\u0171bb laborat\u00f3riumi gyakorlatot alkalmazz\u00e1k a v\u00e9gterm\u00e9k integrit\u00e1s\u00e1nak biztos\u00edt\u00e1sa \u00e9rdek\u00e9ben.<\/p>\n<p>Szigor\u00fa ir\u00e1nyelveket tartunk be, hogy biztos\u00edtsuk a <b>Laborat\u00f3riumi min\u0151s\u00e9g\u0171 term\u00e9kek elad\u00f3<\/b> a legmagasabb min\u0151s\u00e9g garant\u00e1l\u00e1sa \u00e9rdek\u00e9ben. A gy\u00e1rt\u00e1si folyamat minden szakasz\u00e1t nyomon k\u00f6vetik, a nyersanyagvizsg\u00e1latt\u00f3l a v\u00e9gs\u0151 ellen\u0151rz\u00e9sig. \u00cdgy biztos\u00edtjuk, hogy MDMA-ink megfeleljenek az elv\u00e1r\u00e1soknak. <b>Kutat\u00e1si term\u00e9k<\/b> teljes eg\u00e9sz\u00e9ben. Ez az egyetlen m\u00f3dja annak, hogy <b>Kiv\u00e1l\u00f3 min\u0151s\u00e9g\u0171 MDMA<\/b> amit \u00fcgyfeleink elv\u00e1rnak.<\/p>\n<h2>Alkalmaz\u00e1si ter\u00fcletek \u00e9s kutat\u00e1si lehet\u0151s\u00e9gek<\/h2>\n<p>Az MDMA-t a tudom\u00e1nyos k\u00f6z\u00f6ss\u00e9g sz\u00e1mos kutat\u00e1si c\u00e9lra haszn\u00e1lja. Egyr\u00e9szt neurol\u00f3giai mechanizmusok vizsg\u00e1lat\u00e1ra haszn\u00e1lj\u00e1k. M\u00e1sr\u00e9szt potenci\u00e1lj\u00e1t pszichoter\u00e1pi\u00e1s kutat\u00e1sokban \u00e9rt\u00e9kelik, k\u00fcl\u00f6n\u00f6sen a PTSD \u00e9s m\u00e1s ment\u00e1lis betegs\u00e9gek \u00f6sszef\u00fcgg\u00e9s\u00e9ben. Ehhez elengedhetetlen a nagym\u00e9rt\u00e9kben tiszt\u00edtott term\u00e9k.<\/p>\n<p>A preklinikai kutat\u00e1sok gyakran az MDMA neurok\u00e9miai hat\u00e1saira \u00f6sszpontos\u00edtanak. Emellett farmakokinetikai \u00e9s farmakodinamikai vizsg\u00e1latokat is v\u00e9geznek. Az emp\u00e1tia \u00e9s a szoci\u00e1lis kapcsolatok ter\u00e1pi\u00e1s k\u00f6rnyezetben t\u00f6rt\u00e9n\u0151 el\u0151mozd\u00edt\u00e1s\u00e1nak lehet\u0151s\u00e9g\u00e9t is vizsg\u00e1lj\u00e1k. Ez teszi <b>Dark Smiley Green 150mg MDMA<\/b> \u00e9rt\u00e9kes eszk\u00f6z a kutat\u00e1s\u00e1hoz.<\/p>\n<h3>Kiv\u00e1l\u00f3 min\u0151s\u00e9g\u0171 MDMA-val v\u00e9gzett kutat\u00e1s<\/h3>\n<p>A kiv\u00e1l\u00f3 min\u0151s\u00e9g\u0171 MDMA haszn\u00e1lata lehet\u0151v\u00e9 teszi a kutat\u00f3k sz\u00e1m\u00e1ra, hogy pontosabb \u00e9s \u00e9rtelmesebb adatokat gy\u0171jtsenek. Ez kulcsfontoss\u00e1g\u00fa az \u00faj kezel\u00e9sek kifejleszt\u00e9s\u00e9hez \u00e9s az \u00f6sszetett neurol\u00f3giai folyamatok meg\u00e9rt\u00e9s\u00e9hez. Ez\u00e9rt d\u00f6nt\u0151 fontoss\u00e1g\u00fa egy olyan megb\u00edzhat\u00f3 besz\u00e1ll\u00edt\u00f3 kiv\u00e1laszt\u00e1sa, mint a Chemgramx.<\/p>\n<p>Ha <b>MDMA online rendel\u00e9se<\/b> az \u00d6n tudom\u00e1nyos projektjeihez, t\u00e1mogassa az \u00fatt\u00f6r\u0151 kutat\u00e1sok fejleszt\u00e9s\u00e9t. B\u00fcszk\u00e9k vagyunk arra, hogy a tudom\u00e1nyos k\u00f6z\u00f6ss\u00e9g sz\u00e1m\u00e1ra a legmagasabb szint\u0171 k\u00f6vetelm\u00e9nyeknek megfelel\u0151 term\u00e9keket biztos\u00edtunk. A <b>legjobb MDMA el\u00e9rhet\u0151<\/b> a megb\u00edzhat\u00f3 tanulm\u00e1nyok sarokk\u00f6ve.<\/p>\n<h3>Felel\u0151ss\u00e9gteljes kezel\u00e9s \u00e9s biztons\u00e1g<\/h3>\n<p>A kutat\u00e1si vegyszerek kezel\u00e9se mindig a legnagyobb gondoss\u00e1got \u00e9s felel\u0151ss\u00e9gtudatot ig\u00e9nyli. Alapvet\u0151 fontoss\u00e1g\u00fa az \u00f6sszes vonatkoz\u00f3 laborat\u00f3riumi ir\u00e1nyelv \u00e9s biztons\u00e1gi el\u0151\u00edr\u00e1s szigor\u00fa betart\u00e1sa. Ezenk\u00edv\u00fcl a kutat\u00f3knak mindig egy\u00e9ni v\u00e9d\u0151felszerel\u00e9st kell viselni\u00fck a szennyez\u0151d\u00e9s \u00e9s az expoz\u00edci\u00f3 elker\u00fcl\u00e9se \u00e9rdek\u00e9ben.<\/p>\n<p>Kifejezetten hangs\u00falyozzuk, hogy <b>Dark Smiley Green 150mg MDMA<\/b> kiz\u00e1r\u00f3lag tudom\u00e1nyos \u00e9s kutat\u00e1si c\u00e9lokra szolg\u00e1l. A vissza\u00e9l\u00e9sszer\u0171 vagy nem rendeltet\u00e9sszer\u0171 haszn\u00e1lat szigor\u00faan tilos, \u00e9s s\u00falyos k\u00f6vetkezm\u00e9nyekkel j\u00e1rhat. Ez\u00e9rt arra k\u00e9rj\u00fck \u00fcgyfeleinket, hogy v\u00e1llaljanak felel\u0151ss\u00e9get \u00e9s tarts\u00e1k be az etikai norm\u00e1kat a kutat\u00e1sban. Ez az egyetlen m\u00f3dja annak, hogy minden \u00e9rintett biztons\u00e1g\u00e1t biztos\u00edtsuk.<\/p>\n<h2>Az \u00d6n megrendel\u00e9se a Chemgramxn\u00e1l: min\u0151s\u00e9g \u00e9s bizalom<\/h2>\n<p>A Chemgramxn\u00e1l meg\u00e9rtj\u00fck a kutat\u00f3i k\u00f6z\u00f6ss\u00e9g ig\u00e9nyeit. Ez\u00e9rt helyezz\u00fck el\u0151t\u00e9rbe a term\u00e9kmin\u0151s\u00e9get \u00e9s a z\u00f6kken\u0151mentes rendel\u00e9si folyamatot. Szeretn\u00e9nk, ha \u00d6n a mi <b>Dark Smiley Green 150mg MDMA<\/b> teljes bizalommal. A <b>online rendel\u00e9s<\/b> n\u00e1lunk egyszer\u0171 \u00e9s biztons\u00e1gos.<\/p>\n<p>Arra t\u00f6reksz\u00fcnk, hogy a v\u00e1s\u00e1rl\u00e1si folyamatot a lehet\u0151 leghat\u00e9konyabb\u00e1 tegy\u00fck. Ez\u00e9rt r\u00e9szletes term\u00e9kinform\u00e1ci\u00f3kat \u00e9s \u00e1tl\u00e1that\u00f3 t\u00e1mogat\u00e1st k\u00edn\u00e1lunk. Ha \u00d6n <b>MDMA online rendel\u00e9se<\/b> megb\u00edzhat\u00f3 \u00e9s professzion\u00e1lis feldolgoz\u00e1st tal\u00e1l n\u00e1lunk. B\u00edzzon a Chemgramxra az \u00d6n kutat\u00e1si ig\u00e9nyeinek kiel\u00e9g\u00edt\u00e9s\u00e9ben.<\/p>\n<h3>Mi\u00e9rt \u00e9rdemes Dark Smiley Green MDMA-t v\u00e1s\u00e1rolni a Chemgramx-t\u00f3l?<\/h3>\n<ul>\n<li><b>Ellen\u0151rz\u00f6tt tisztas\u00e1g:<\/b> A megb\u00edzhat\u00f3 kutat\u00e1si eredm\u00e9nyek biztos\u00edt\u00e1sa \u00e9rdek\u00e9ben minden egyes term\u00e9k tisztas\u00e1gi vizsg\u00e1laton esik \u00e1t.<\/li>\n<li><b>Kutat\u00e1si min\u0151s\u00e9g:<\/b> Az MDMA megfelel a laborat\u00f3riumi \u00e9s kutat\u00e1si alkalmaz\u00e1sok legmagasabb k\u00f6vetelm\u00e9nyeinek.<\/li>\n<li><b>Biztons\u00e1gos feldolgoz\u00e1s:<\/b> Garant\u00e1ljuk a <b>biztons\u00e1gos v\u00e1s\u00e1rl\u00e1s<\/b> \u00e9s a megrendel\u00e9s diszkr\u00e9t feldolgoz\u00e1sa.<\/li>\n<li><b>Kompetens t\u00e1mogat\u00e1s:<\/b> Csapatunk k\u00e9szs\u00e9ggel \u00e1ll rendelkez\u00e9s\u00e9re, hogy v\u00e1laszoljon k\u00e9rd\u00e9seire, \u00e9s a lehet\u0151 legjobb seg\u00edts\u00e9get ny\u00fajtsa \u00d6nnek.<\/li>\n<\/ul>\n<p>V\u00e1lassza ki a Chemgramxot, hogy <b>Dark Smiley Green 150mg MDMA<\/b> megszerezni. \u00d6n olyan partnert v\u00e1laszt, amely a min\u0151s\u00e9get \u00e9s a tudom\u00e1nyos integrit\u00e1st helyezi el\u0151t\u00e9rbe. <a href=\"https:\/\/chemgramx.com\/product\/dark-smiley-green-150mg-mdma-online-bestellung\/\">Itt rendelhet kiv\u00e1l\u00f3 min\u0151s\u00e9g\u0171 MDMA-t online<\/a>.<\/p>\n<h3>Biztons\u00e1gos rendel\u00e9si folyamat \u00e9s diszkr\u00e9ci\u00f3<\/h3>\n<p>Az \u00d6n adatv\u00e9delme \u00e9s biztons\u00e1ga fontos sz\u00e1munkra. Ez\u00e9rt olyan rendel\u00e9si folyamatot vezett\u00fcnk be, amely garant\u00e1lja a diszkr\u00e9ci\u00f3t. Minden tranzakci\u00f3t a legnagyobb gondoss\u00e1ggal kezel\u00fcnk. Ez\u00e9rt haszn\u00e1lhatja a <b>Dark Smiley Green 150mg MDMA<\/b> nyugodt sz\u00edvvel rendelhet.<\/p>\n<p>Rendszer\u00fcnket \u00fagy tervezt\u00fck, hogy megv\u00e9dje adatait \u00e9s biztos\u00edtsa a z\u00f6kken\u0151mentes folyamatot. Ha \u00d6n <b>most online v\u00e1s\u00e1rolni<\/b>, \u00d6n profit\u00e1lhat a professzion\u00e1lis kezel\u00e9s\u00fcnkb\u0151l. Biztos\u00edtjuk, hogy term\u00e9k\u00e9t biztons\u00e1gosan kezelj\u00fck \u00e9s diszkr\u00e9ten k\u00e9sz\u00edtj\u00fck el\u0151. Sz\u00e1m\u00edthat a <b>biztons\u00e1gos v\u00e1s\u00e1rl\u00e1s<\/b> a Chemgramx-n\u00e1l.<\/p>\n<h2>Gyakran ism\u00e9telt k\u00e9rd\u00e9sek az MDMA-r\u00f3l (GYIK)<\/h2>\n<h3>Hogyan biztos\u00edtj\u00e1k a min\u0151s\u00e9get?<\/h3>\n<p>A min\u0151s\u00e9g a mi <b>Dark Smiley Green 150mg MDMA<\/b> t\u00f6bbl\u00e9pcs\u0151s elemz\u00e9sekkel biztos\u00edtj\u00e1k. El\u0151sz\u00f6r is, kiz\u00e1r\u00f3lag min\u0151s\u00edtett nyersanyagokat haszn\u00e1lunk. Ezt k\u00f6veti a szint\u00e9zis sor\u00e1n v\u00e9gzett szigor\u00fa folyamatk\u00f6zi ellen\u0151rz\u00e9s. V\u00e9g\u00fcl minden egyes t\u00e9tel tisztas\u00e1g\u00e1t \u00e9s azonoss\u00e1g\u00e1t f\u00fcggetlen laborat\u00f3riumokban HPLC \u00e9s t\u00f6megspektrometria seg\u00edts\u00e9g\u00e9vel vizsg\u00e1ljuk. Ily m\u00f3don garant\u00e1ljuk, hogy term\u00e9k\u00fcnk megfelel a legmagasabb kutat\u00e1si szabv\u00e1nyoknak, \u00e9s hogy \u00d6n mindig a legmagasabb min\u0151s\u00e9g\u0171 <b>Kiv\u00e1l\u00f3 min\u0151s\u00e9g\u0171 MDMA<\/b> kapott.<\/p>\n<h3>Vannak alternat\u00edv\u00e1k vagy hasonl\u00f3 anyagok a kutat\u00e1shoz?<\/h3>\n<p>Igen, a kutat\u00e1sban k\u00fcl\u00f6nb\u00f6z\u0151 anyagok vannak k\u00fcl\u00f6nb\u00f6z\u0151 hat\u00e1smechanizmusokkal \u00e9s alkalmaz\u00e1si ter\u00fcletekkel. M\u00edg az MDMA bizonyos neurol\u00f3giai \u00fatvonalakra hat, m\u00e1s vegy\u00fcletek m\u00e1s kutat\u00e1si k\u00e9rd\u00e9sek szempontj\u00e1b\u00f3l relev\u00e1nsabbak lehetnek. P\u00e9ld\u00e1ul <a href=\"https:\/\/chemgramx.com\/product\/rick-simpson-oil\/\">Rick Simpson Oil (RSO)<\/a> a kutat\u00e1sban, amikor a kannabinoidokr\u00f3l \u00e9s a benn\u00fck rejl\u0151 lehet\u0151s\u00e9gekr\u0151l van sz\u00f3. Ez\u00e9rt fontos a kutat\u00e1si c\u00e9lok gondos meghat\u00e1roz\u00e1sa \u00e9s a megfelel\u0151 anyag kiv\u00e1laszt\u00e1sa.<\/p>\n<h2>K\u00f6vetkeztet\u00e9s: Az MDMA megb\u00edzhat\u00f3 forr\u00e1sa<\/h2>\n<p>\u00d6sszefoglalva elmondhat\u00f3, hogy a Chemgramx az ide\u00e1lis partner, ha \u00d6n <b>Dark Smiley Green 150mg MDMA elad\u00f3<\/b> keresnek. Kifejezetten tudom\u00e1nyos \u00e9s laborat\u00f3riumi alkalmaz\u00e1sokhoz tervezett, p\u00e1ratlan tisztas\u00e1g\u00fa \u00e9s min\u0151s\u00e9g\u0171 term\u00e9ket k\u00edn\u00e1lunk. A kiv\u00e1l\u00f3s\u00e1g \u00e9s a vev\u0151i el\u00e9gedetts\u00e9g ir\u00e1nti elk\u00f6telezetts\u00e9g\u00fcnk megingathatatlan.<\/p>\n<p>Tov\u00e1bb\u00e1 garant\u00e1ljuk a <b>biztons\u00e1gos v\u00e1s\u00e1rl\u00e1s<\/b> \u00e9s a megrendel\u00e9s professzion\u00e1lis feldolgoz\u00e1sa. Ha \u00fagy d\u00f6nt, hogy ezt v\u00e1lasztja, <b>Chemgramx-n\u00e1l megv\u00e1s\u00e1rolhat\u00f3<\/b>, \u00d6n a megb\u00edzhat\u00f3s\u00e1got, a diszkr\u00e9ci\u00f3t \u00e9s az els\u0151 oszt\u00e1ly\u00fa szolg\u00e1ltat\u00e1st v\u00e1lasztja. V\u00e1s\u00e1rolja meg <b>legjobb MDMA el\u00e9rhet\u0151<\/b> m\u00e9g ma, \u00e9s n\u00e9pszer\u0171s\u00edtse kutat\u00e1sait a legnagyobb pontoss\u00e1ggal \u00e9s bizalommal.<\/p>","protected":false},"excerpt":{"rendered":"<p>Fedezze fel a <b>Dark Smiley Green 150mg MDMA<\/b> - a legnagyobb tisztas\u00e1g\u00fa term\u00e9k, amely ide\u00e1lis ig\u00e9nyes kutat\u00e1si \u00e9s laborat\u00f3riumi alkalmaz\u00e1sokhoz. Mint a <b>hiteles MDMA<\/b> a  c\u00edmr\u0151l <b>A kutat\u00e1s min\u0151s\u00e9ge<\/b> pontos eredm\u00e9nyeket garant\u00e1l. <b>MDMA online rendel\u00e9se<\/b> a Chemgramxn\u00e1l, \u00e9s \u00e9lvezze a k\u00f6vetkez\u0151 el\u0151ny\u00f6ket:<\/p>\n<ul>\n<li><b>Vizsg\u00e1lt tisztas\u00e1g<\/b> megb\u00edzhat\u00f3 vizsg\u00e1latokhoz.<\/li>\n<li>Megfelel\u00e9s <b>szigor\u00fa laborat\u00f3riumi el\u0151\u00edr\u00e1sok<\/b>.<\/li>\n<li>Egy <b>biztons\u00e1gos v\u00e1s\u00e1rl\u00e1si folyamat<\/b>.<\/li>\n<\/ul>","protected":false},"featured_media":8018,"comment_status":"open","ping_status":"closed","template":"","meta":{"_joinchat":[]},"product_brand":[],"product_cat":[2846],"product_tag":[2137,2140,2136,2141,2139,2138,2017,1785,2018,2015],"class_list":{"0":"post-7982","1":"product","2":"type-product","3":"status-publish","4":"has-post-thumbnail","6":"product_cat-ecstasy-pills","7":"product_tag-150mg-mdma","8":"product_tag-150mg-mdma-kaufen","9":"product_tag-dark-smiley-green","10":"product_tag-dark-smiley-green-kaufen","11":"product_tag-dark-smiley-mdma","12":"product_tag-mdma-150mg-kaufen","13":"product_tag-mdma-kristalle","14":"product_tag-mdma-online","15":"product_tag-mdma-zum-verkauf","16":"product_tag-synthetische-drogen","18":"first","19":"instock","20":"shipping-taxable","21":"purchasable","22":"product-type-variable"},"yoast_head":"<!-- This site is optimized with the Yoast SEO plugin v27.5 - https:\/\/yoast.com\/product\/yoast-seo-wordpress\/ -->\n<title>MDMA kaufen \u2013 Dark Smiley Green (Hohe Reinheit | Online)<\/title>\n<meta name=\"description\" content=\"Entdecken Sie hochwertiges MDMA von Chemgramx. Bestellen Sie Dark Smiley Green MDMA online f\u00fcr Forschungszwecke. Hohe Reinheit garantiert. Sichere Abwicklung.\" \/>\n<meta name=\"robots\" content=\"index, follow, max-snippet:-1, max-image-preview:large, max-video-preview:-1\" \/>\n<link rel=\"canonical\" href=\"https:\/\/chemgramx.com\/hu\/termek-1\/soetet-smiley-zoeld-150mg-mdma-online-rendeles\/\" \/>\n<meta property=\"og:locale\" content=\"hu_HU\" \/>\n<meta property=\"og:type\" content=\"article\" \/>\n<meta property=\"og:title\" content=\"MDMA kaufen \u2013 Dark Smiley Green (Hohe Reinheit | Online)\" \/>\n<meta property=\"og:description\" content=\"Entdecken Sie hochwertiges MDMA von Chemgramx. Bestellen Sie Dark Smiley Green MDMA online f\u00fcr Forschungszwecke. Hohe Reinheit garantiert. Sichere Abwicklung.\" \/>\n<meta property=\"og:url\" content=\"https:\/\/chemgramx.com\/hu\/termek-1\/soetet-smiley-zoeld-150mg-mdma-online-rendeles\/\" \/>\n<meta property=\"og:site_name\" content=\"Chemgramx\" \/>\n<meta property=\"article:modified_time\" content=\"2025-12-10T17:07:01+00:00\" \/>\n<meta property=\"og:image\" content=\"https:\/\/chemgramx.com\/wp-content\/uploads\/2025\/11\/p14-1.png\" \/>\n\t<meta property=\"og:image:width\" content=\"600\" \/>\n\t<meta property=\"og:image:height\" content=\"400\" \/>\n\t<meta property=\"og:image:type\" content=\"image\/png\" \/>\n<meta name=\"twitter:card\" content=\"summary_large_image\" \/>\n<meta name=\"twitter:label1\" content=\"Becs\u00fclt olvas\u00e1si id\u0151\" \/>\n\t<meta name=\"twitter:data1\" content=\"6 perc\" \/>\n<script type=\"application\/ld+json\" class=\"yoast-schema-graph\">{\"@context\":\"https:\\\/\\\/schema.org\",\"@graph\":[{\"@type\":\"WebPage\",\"@id\":\"https:\\\/\\\/chemgramx.com\\\/product\\\/dark-smiley-green-150mg-mdma-online-bestellung\\\/\",\"url\":\"https:\\\/\\\/chemgramx.com\\\/product\\\/dark-smiley-green-150mg-mdma-online-bestellung\\\/\",\"name\":\"MDMA kaufen \u2013 Dark Smiley Green (Hohe Reinheit | Online)\",\"isPartOf\":{\"@id\":\"https:\\\/\\\/chemgramx.com\\\/#website\"},\"primaryImageOfPage\":{\"@id\":\"https:\\\/\\\/chemgramx.com\\\/product\\\/dark-smiley-green-150mg-mdma-online-bestellung\\\/#primaryimage\"},\"image\":{\"@id\":\"https:\\\/\\\/chemgramx.com\\\/product\\\/dark-smiley-green-150mg-mdma-online-bestellung\\\/#primaryimage\"},\"thumbnailUrl\":\"https:\\\/\\\/chemgramx.com\\\/wp-content\\\/uploads\\\/2025\\\/11\\\/p14-1.png\",\"datePublished\":\"2025-11-21T16:44:46+00:00\",\"dateModified\":\"2025-12-10T17:07:01+00:00\",\"description\":\"Entdecken Sie hochwertiges MDMA von Chemgramx. Bestellen Sie Dark Smiley Green MDMA online f\u00fcr Forschungszwecke. Hohe Reinheit garantiert. Sichere Abwicklung.\",\"breadcrumb\":{\"@id\":\"https:\\\/\\\/chemgramx.com\\\/product\\\/dark-smiley-green-150mg-mdma-online-bestellung\\\/#breadcrumb\"},\"inLanguage\":\"hu\",\"potentialAction\":[{\"@type\":\"ReadAction\",\"target\":[\"https:\\\/\\\/chemgramx.com\\\/product\\\/dark-smiley-green-150mg-mdma-online-bestellung\\\/\"]}]},{\"@type\":\"ImageObject\",\"inLanguage\":\"hu\",\"@id\":\"https:\\\/\\\/chemgramx.com\\\/product\\\/dark-smiley-green-150mg-mdma-online-bestellung\\\/#primaryimage\",\"url\":\"https:\\\/\\\/chemgramx.com\\\/wp-content\\\/uploads\\\/2025\\\/11\\\/p14-1.png\",\"contentUrl\":\"https:\\\/\\\/chemgramx.com\\\/wp-content\\\/uploads\\\/2025\\\/11\\\/p14-1.png\",\"width\":600,\"height\":400},{\"@type\":\"BreadcrumbList\",\"@id\":\"https:\\\/\\\/chemgramx.com\\\/product\\\/dark-smiley-green-150mg-mdma-online-bestellung\\\/#breadcrumb\",\"itemListElement\":[{\"@type\":\"ListItem\",\"position\":1,\"name\":\"Home\",\"item\":\"https:\\\/\\\/chemgramx.com\\\/\"},{\"@type\":\"ListItem\",\"position\":2,\"name\":\"Shop\",\"item\":\"https:\\\/\\\/chemgramx.com\\\/shop\\\/\"},{\"@type\":\"ListItem\",\"position\":3,\"name\":\"MDMA kaufen \u2013 Dark Smiley Green (Hohe Reinheit | Online)\"}]},{\"@type\":\"WebSite\",\"@id\":\"https:\\\/\\\/chemgramx.com\\\/#website\",\"url\":\"https:\\\/\\\/chemgramx.com\\\/\",\"name\":\"Chemgramx\",\"description\":\"\",\"publisher\":{\"@id\":\"https:\\\/\\\/chemgramx.com\\\/#organization\"},\"potentialAction\":[{\"@type\":\"SearchAction\",\"target\":{\"@type\":\"EntryPoint\",\"urlTemplate\":\"https:\\\/\\\/chemgramx.com\\\/?s={search_term_string}\"},\"query-input\":{\"@type\":\"PropertyValueSpecification\",\"valueRequired\":true,\"valueName\":\"search_term_string\"}}],\"inLanguage\":\"hu\"},{\"@type\":\"Organization\",\"@id\":\"https:\\\/\\\/chemgramx.com\\\/#organization\",\"name\":\"Chemgramx\",\"url\":\"https:\\\/\\\/chemgramx.com\\\/\",\"logo\":{\"@type\":\"ImageObject\",\"inLanguage\":\"hu\",\"@id\":\"https:\\\/\\\/chemgramx.com\\\/#\\\/schema\\\/logo\\\/image\\\/\",\"url\":\"https:\\\/\\\/chemgramx.com\\\/wp-content\\\/uploads\\\/2024\\\/10\\\/final-logo.png\",\"contentUrl\":\"https:\\\/\\\/chemgramx.com\\\/wp-content\\\/uploads\\\/2024\\\/10\\\/final-logo.png\",\"width\":250,\"height\":48,\"caption\":\"Chemgramx\"},\"image\":{\"@id\":\"https:\\\/\\\/chemgramx.com\\\/#\\\/schema\\\/logo\\\/image\\\/\"}}]}<\/script>\n<!-- \/ Yoast SEO plugin. -->","yoast_head_json":{"title":"MDMA v\u00e1s\u00e1rl\u00e1s \u2013 Dark Smiley Green (magas tisztas\u00e1g\u00fa | online)","description":"Fedezze fel a kiv\u00e1l\u00f3 min\u0151s\u00e9g\u0171 MDMA-t a Chemgramx-t\u00f3l. Rendeljen Dark Smiley Green MDMA-t online kutat\u00e1si c\u00e9lokra. Garant\u00e1ltan nagy tisztas\u00e1g\u00fa. Biztons\u00e1gos feldolgoz\u00e1s.","robots":{"index":"index","follow":"follow","max-snippet":"max-snippet:-1","max-image-preview":"max-image-preview:large","max-video-preview":"max-video-preview:-1"},"canonical":"https:\/\/chemgramx.com\/hu\/termek-1\/soetet-smiley-zoeld-150mg-mdma-online-rendeles\/","og_locale":"hu_HU","og_type":"article","og_title":"MDMA kaufen \u2013 Dark Smiley Green (Hohe Reinheit | Online)","og_description":"Entdecken Sie hochwertiges MDMA von Chemgramx. Bestellen Sie Dark Smiley Green MDMA online f\u00fcr Forschungszwecke. Hohe Reinheit garantiert. Sichere Abwicklung.","og_url":"https:\/\/chemgramx.com\/hu\/termek-1\/soetet-smiley-zoeld-150mg-mdma-online-rendeles\/","og_site_name":"Chemgramx","article_modified_time":"2025-12-10T17:07:01+00:00","og_image":[{"width":600,"height":400,"url":"https:\/\/chemgramx.com\/wp-content\/uploads\/2025\/11\/p14-1.png","type":"image\/png"}],"twitter_card":"summary_large_image","twitter_misc":{"Becs\u00fclt olvas\u00e1si id\u0151":"6 perc"},"schema":{"@context":"https:\/\/schema.org","@graph":[{"@type":"WebPage","@id":"https:\/\/chemgramx.com\/product\/dark-smiley-green-150mg-mdma-online-bestellung\/","url":"https:\/\/chemgramx.com\/product\/dark-smiley-green-150mg-mdma-online-bestellung\/","name":"MDMA v\u00e1s\u00e1rl\u00e1s \u2013 Dark Smiley Green (magas tisztas\u00e1g\u00fa | online)","isPartOf":{"@id":"https:\/\/chemgramx.com\/#website"},"primaryImageOfPage":{"@id":"https:\/\/chemgramx.com\/product\/dark-smiley-green-150mg-mdma-online-bestellung\/#primaryimage"},"image":{"@id":"https:\/\/chemgramx.com\/product\/dark-smiley-green-150mg-mdma-online-bestellung\/#primaryimage"},"thumbnailUrl":"https:\/\/chemgramx.com\/wp-content\/uploads\/2025\/11\/p14-1.png","datePublished":"2025-11-21T16:44:46+00:00","dateModified":"2025-12-10T17:07:01+00:00","description":"Fedezze fel a kiv\u00e1l\u00f3 min\u0151s\u00e9g\u0171 MDMA-t a Chemgramx-t\u00f3l. Rendeljen Dark Smiley Green MDMA-t online kutat\u00e1si c\u00e9lokra. Garant\u00e1ltan nagy tisztas\u00e1g\u00fa. Biztons\u00e1gos feldolgoz\u00e1s.","breadcrumb":{"@id":"https:\/\/chemgramx.com\/product\/dark-smiley-green-150mg-mdma-online-bestellung\/#breadcrumb"},"inLanguage":"hu","potentialAction":[{"@type":"ReadAction","target":["https:\/\/chemgramx.com\/product\/dark-smiley-green-150mg-mdma-online-bestellung\/"]}]},{"@type":"ImageObject","inLanguage":"hu","@id":"https:\/\/chemgramx.com\/product\/dark-smiley-green-150mg-mdma-online-bestellung\/#primaryimage","url":"https:\/\/chemgramx.com\/wp-content\/uploads\/2025\/11\/p14-1.png","contentUrl":"https:\/\/chemgramx.com\/wp-content\/uploads\/2025\/11\/p14-1.png","width":600,"height":400},{"@type":"BreadcrumbList","@id":"https:\/\/chemgramx.com\/product\/dark-smiley-green-150mg-mdma-online-bestellung\/#breadcrumb","itemListElement":[{"@type":"ListItem","position":1,"name":"Home","item":"https:\/\/chemgramx.com\/"},{"@type":"ListItem","position":2,"name":"Shop","item":"https:\/\/chemgramx.com\/shop\/"},{"@type":"ListItem","position":3,"name":"MDMA kaufen \u2013 Dark Smiley Green (Hohe Reinheit | Online)"}]},{"@type":"WebSite","@id":"https:\/\/chemgramx.com\/#website","url":"https:\/\/chemgramx.com\/","name":"Chemgramx","description":"","publisher":{"@id":"https:\/\/chemgramx.com\/#organization"},"potentialAction":[{"@type":"SearchAction","target":{"@type":"EntryPoint","urlTemplate":"https:\/\/chemgramx.com\/?s={search_term_string}"},"query-input":{"@type":"PropertyValueSpecification","valueRequired":true,"valueName":"search_term_string"}}],"inLanguage":"hu"},{"@type":"Organization","@id":"https:\/\/chemgramx.com\/#organization","name":"Chemgramx","url":"https:\/\/chemgramx.com\/","logo":{"@type":"ImageObject","inLanguage":"hu","@id":"https:\/\/chemgramx.com\/#\/schema\/logo\/image\/","url":"https:\/\/chemgramx.com\/wp-content\/uploads\/2024\/10\/final-logo.png","contentUrl":"https:\/\/chemgramx.com\/wp-content\/uploads\/2024\/10\/final-logo.png","width":250,"height":48,"caption":"Chemgramx"},"image":{"@id":"https:\/\/chemgramx.com\/#\/schema\/logo\/image\/"}}]}},"_links":{"self":[{"href":"https:\/\/chemgramx.com\/hu\/wp-json\/wp\/v2\/product\/7982","targetHints":{"allow":["GET"]}}],"collection":[{"href":"https:\/\/chemgramx.com\/hu\/wp-json\/wp\/v2\/product"}],"about":[{"href":"https:\/\/chemgramx.com\/hu\/wp-json\/wp\/v2\/types\/product"}],"replies":[{"embeddable":true,"href":"https:\/\/chemgramx.com\/hu\/wp-json\/wp\/v2\/comments?post=7982"}],"wp:featuredmedia":[{"embeddable":true,"href":"https:\/\/chemgramx.com\/hu\/wp-json\/wp\/v2\/media\/8018"}],"wp:attachment":[{"href":"https:\/\/chemgramx.com\/hu\/wp-json\/wp\/v2\/media?parent=7982"}],"wp:term":[{"taxonomy":"product_brand","embeddable":true,"href":"https:\/\/chemgramx.com\/hu\/wp-json\/wp\/v2\/product_brand?post=7982"},{"taxonomy":"product_cat","embeddable":true,"href":"https:\/\/chemgramx.com\/hu\/wp-json\/wp\/v2\/product_cat?post=7982"},{"taxonomy":"product_tag","embeddable":true,"href":"https:\/\/chemgramx.com\/hu\/wp-json\/wp\/v2\/product_tag?post=7982"}],"curies":[{"name":"wp","href":"https:\/\/api.w.org\/{rel}","templated":true}]}}