{"id":7985,"date":"2025-11-21T16:44:47","date_gmt":"2025-11-21T16:44:47","guid":{"rendered":"https:\/\/chemgramx.com\/?post_type=product&#038;p=7985"},"modified":"2025-12-10T17:34:13","modified_gmt":"2025-12-10T17:34:13","slug":"zoeld-heineken-palackok-230mg-mdma-online-rendeles","status":"publish","type":"product","link":"https:\/\/chemgramx.com\/hu\/product\/green-heineken-bottles-230mg-mdma-online-bestellung\/","title":{"rendered":"MDMA rendel\u00e9s \u2013 230 mg tisztas\u00e1g (online v\u00e1s\u00e1rl\u00e1s)"},"content":{"rendered":"<p>\u00dcdv\u00f6z\u00f6lj\u00fck a Chemgramxn\u00e1l, a kiv\u00e1l\u00f3 min\u0151s\u00e9g\u0171 kutat\u00e1si vegyszerek vezet\u0151 forr\u00e1s\u00e1n\u00e1l. \u00d6r\u00f6mmel k\u00edn\u00e1ljuk \u00d6nnek a <b>Z\u00f6ld Heineken palackok 230mg MDMA elad\u00f3<\/b> egy kiv\u00e9teles tisztas\u00e1g\u00e1r\u00f3l \u00e9s konzisztenci\u00e1j\u00e1r\u00f3l ismert term\u00e9k. Ezt a pontosan adagolt \u00e9s gondosan el\u0151k\u00e9sz\u00edtett term\u00e9ket kifejezetten tudom\u00e1nyos c\u00e9lokra \u00e9s kutat\u00e1si projektekhez tervezt\u00e9k. K\u00f6vetkez\u00e9sk\u00e9ppen ide\u00e1lis az ig\u00e9nyes laborat\u00f3riumok \u00e9s a legmagasabb sz\u00ednvonalra t\u00f6rekv\u0151 tudom\u00e1nyos int\u00e9zm\u00e9nyek sz\u00e1m\u00e1ra.<\/p>\n<p>A <b>Z\u00f6ld Heineken palackok 230mg MDMA<\/b> a kutat\u00e1si vegyszerek piac\u00e1n el\u00e9rhet\u0151 term\u00e9kek cs\u00facs\u00e1t k\u00e9pviseli. Ezenk\u00edv\u00fcl garant\u00e1ljuk a kiv\u00e1l\u00f3 min\u0151s\u00e9get, amelyet szigor\u00fa tesztel\u00e9si \u00e9s analitikai elj\u00e1r\u00e1sokkal t\u00e1masztunk al\u00e1. Ha \u00d6n <b>MDMA online rendel\u00e9se<\/b> biztons\u00e1gos \u00e9s megb\u00edzhat\u00f3 platformot k\u00edn\u00e1lunk \u00d6nnek. Ez\u00e9rt biztos lehet benne, hogy hiteles \u00e9s rendk\u00edv\u00fcl tiszta term\u00e9ket kap, amely megfelel az \u00d6n kutat\u00e1si k\u00f6vetelm\u00e9nyeinek.<\/p>\n<h2>Fedezze fel a z\u00f6ld Heineken palackok 230mg MDMA-t<\/h2>\n<h3>Prec\u00edzi\u00f3s term\u00e9k az ig\u00e9nyes kutat\u00e1shoz<\/h3>\n<p>A <b>Z\u00f6ld Heineken palackok 230mg MDMA<\/b> gondosan kidolgozott, kifejezetten kutat\u00e1si c\u00e9lokra tervezett k\u00e9sz\u00edtm\u00e9ny. Minden egyes \u00fcveg 230 mg MDMA-t tartalmaz, ami lehet\u0151v\u00e9 teszi a pontos adagol\u00e1st \u00e9s a reproduk\u00e1lhat\u00f3 eredm\u00e9nyeket a k\u00eds\u00e9rleti be\u00e1ll\u00edt\u00e1sokban. Tov\u00e1bb\u00e1 ezt a term\u00e9ket a legszigor\u00fabb laborat\u00f3riumi k\u00f6r\u00fclm\u00e9nyek k\u00f6z\u00f6tt gy\u00e1rtj\u00e1k a maxim\u00e1lis homogenit\u00e1s \u00e9s stabilit\u00e1s biztos\u00edt\u00e1sa \u00e9rdek\u00e9ben. Ez teszi kiv\u00e1l\u00f3 v\u00e1laszt\u00e1ss\u00e1 a prec\u00edz tudom\u00e1nyos vizsg\u00e1latokhoz.<\/p>\n<p>A z\u00f6ld sz\u00ednez\u00e9s \u00e9s a Heineken palack diz\u00e1jnja egy\u00e9rtelm\u0171 azonos\u00edt\u00e1st szolg\u00e1l, \u00e9s jelzi az adott t\u00e9telt \u00e9s \u00f6sszet\u00e9telt. Ez seg\u00edti a kutat\u00f3kat az anyag azonoss\u00e1g\u00e1nak gyors meger\u0151s\u00edt\u00e9s\u00e9ben \u00e9s a f\u00e9lre\u00e9rt\u00e9sek elker\u00fcl\u00e9s\u00e9ben. Ez\u00e9rt a k\u00f6vetkezetess\u00e9g \u00e9s megb\u00edzhat\u00f3s\u00e1g, amelyet elv\u00e1r a <a href=\"https:\/\/chemgramx.com\/product\/green-heineken-bottles-230mg-mdma-online-bestellung\/\">Rendeljen z\u00f6ld Heineken palackok 230mg MDMA online<\/a>, minden komoly kutat\u00f3munka eset\u00e9ben alapvet\u0151 fontoss\u00e1g\u00fa. Sz\u00e1m\u00edthat r\u00e1nk <b>els\u0151 oszt\u00e1ly\u00fa MDMA<\/b> menj el.<\/p>\n<h2>A Chemgramx tisztas\u00e1ga \u00e9s min\u0151s\u00e9ge<\/h2>\n<h3>Kompromisszumok n\u00e9lk\u00fcli min\u0151s\u00e9gi szabv\u00e1nyaink<\/h3>\n<p>A Chemgramxn\u00e1l nagy hangs\u00falyt fektet\u00fcnk term\u00e9keink tisztas\u00e1g\u00e1ra \u00e9s min\u0151s\u00e9g\u00e9re. K\u00fcl\u00f6n\u00f6sen a <b>Z\u00f6ld Heineken palackok 230mg MDMA<\/b> szigor\u00fa vizsg\u00e1latoknak vetik al\u00e1, hogy az ipari szabv\u00e1nyokat messze meghalad\u00f3 tisztas\u00e1got biztos\u00edtsanak. Tudjuk, hogy a kutat\u00e1sban b\u00e1rmilyen szennyez\u0151d\u00e9s torz\u00edthatja az eredm\u00e9nyeket. Ez\u00e9rt csak olyan term\u00e9keket k\u00edn\u00e1lunk, amelyek <b>magas tisztas\u00e1g\u00fa elad\u00f3<\/b> amelyek megfelelnek a legmagasabb k\u00f6vetelm\u00e9nyeknek.<\/p>\n<p>Minden egyes t\u00e9telt f\u00fcggetlen laborat\u00f3riumok elemeznek, hogy meger\u0151s\u00edts\u00e9k a k\u00e9miai integrit\u00e1st \u00e9s a pontos koncentr\u00e1ci\u00f3t. Ennek eredm\u00e9nyek\u00e9ppen \u00fcgyfeleink csak a k\u00f6vetkez\u0151ket kapj\u00e1k <b>hiteles MDMA<\/b> p\u00e1ratlan min\u0151s\u00e9g\u0171. B\u00fcszk\u00e9k vagyunk r\u00e1, <b>Kutat\u00e1si min\u0151s\u00e9g elad\u00f3<\/b> amely megfelel a tud\u00f3sok \u00e9s kutat\u00f3k legmagasabb elv\u00e1r\u00e1sainak.<\/p>\n<h3>Analitikai ellen\u0151rz\u00e9s \u00e9s nyomon k\u00f6vethet\u0151s\u00e9g<\/h3>\n<p>Min\u0151s\u00e9gellen\u0151rz\u00e9si folyamataink \u00e1tl\u00e1that\u00f3s\u00e1ga nagyon fontos sz\u00e1munkra. Minden term\u00e9k, bele\u00e9rtve a <b>Z\u00f6ld Heineken palackok 230mg MDMA<\/b>, a tisztas\u00e1got \u00e9s az \u00f6sszet\u00e9telt igazol\u00f3 r\u00e9szletes elemz\u00e9si jegyz\u0151k\u00f6nyvvel sz\u00e1ll\u00edtjuk. Ez lehet\u0151v\u00e9 teszi a kutat\u00f3k sz\u00e1m\u00e1ra, hogy mindenkor meg\u00e9rts\u00e9k term\u00e9keink min\u0151s\u00e9g\u00e9t \u00e9s megb\u00edzzanak benne. Azt is biztos\u00edtjuk, hogy minden anyagunkat ellen\u0151rz\u00f6tt k\u00f6rnyezetben kezelj\u00fck \u00e9s dolgozzuk fel, hogy a felhaszn\u00e1l\u00e1sig meg\u0151rizz\u00fck integrit\u00e1sukat.<\/p>\n<p>A nyomon k\u00f6vethet\u0151s\u00e9g \u00e9s a min\u0151s\u00e9gbiztos\u00edt\u00e1s ir\u00e1nti elk\u00f6telezetts\u00e9g\u00fcnknek k\u00f6sz\u00f6nhet\u0151en az ig\u00e9nyes kutat\u00e1si projektek kiemelt partnerei vagyunk. Ha \u00d6n <b>Laborat\u00f3riumi min\u0151s\u00e9g\u0171 term\u00e9kek elad\u00f3<\/b> A Chemgramx a megfelel\u0151 hely az \u00d6n sz\u00e1m\u00e1ra. Ez\u00e9rt biztos lehet benne, hogy minden egyes <b>MDMA online rendel\u00e9s<\/b> egy olyan term\u00e9k, amely \u00e1tment a szigor\u00fa tesztjeinken.<\/p>\n<h2>Alkalmaz\u00e1sok \u00e9s kutat\u00e1si lehet\u0151s\u00e9gek<\/h2>\n<h3>Tudom\u00e1ny \u00e9s elemz\u00e9s<\/h3>\n<p>A <b>Z\u00f6ld Heineken palackok 230mg MDMA<\/b> sz\u00e1mos tudom\u00e1nyos vizsg\u00e1latban haszn\u00e1lj\u00e1k. K\u00fcl\u00f6n\u00f6sen a farmakol\u00f3giai kutat\u00e1sokban haszn\u00e1lj\u00e1k a szerotonin- \u00e9s dopaminrendszerek mechanizmusainak vizsg\u00e1lat\u00e1ra. Fontos eszk\u00f6z a neurobiol\u00f3gusok sz\u00e1m\u00e1ra is, akik az empatog\u00e9n anyagok neuron\u00e1lis \u00e1ramk\u00f6r\u00f6kre gyakorolt hat\u00e1s\u00e1t vizsg\u00e1lj\u00e1k. Nagy tisztas\u00e1g\u00fa vegy\u00fcleteink teh\u00e1t jelent\u0151sen hozz\u00e1j\u00e1rulnak az ezeken a ter\u00fcleteken el\u00e9rt eredm\u00e9nyekhez.<\/p>\n<p>A k\u00eds\u00e9rleti pszichol\u00f3gia ter\u00fclet\u00e9n az MDMA-t a stressz- \u00e9s traumakezel\u00e9s \u00faj megk\u00f6zel\u00edt\u00e9seinek \u00e9rt\u00e9kel\u00e9s\u00e9re is haszn\u00e1lj\u00e1k. A pontos adagol\u00e1s a mi <b>MDMA<\/b>A kiv\u00e1l\u00f3 min\u0151s\u00e9g\u0171 term\u00e9kek haszn\u00e1lata lehet\u0151v\u00e9 teszi az ilyen vizsg\u00e1latok ellen\u0151rz\u00f6tt \u00e9s biztons\u00e1gos elv\u00e9gz\u00e9s\u00e9t. Ez\u00e9rt nagyon fontos, hogy a megb\u00edzhat\u00f3 \u00e9s \u00e9rv\u00e9nyes eredm\u00e9nyek el\u00e9r\u00e9se \u00e9rdek\u00e9ben a legmagasabb min\u0151s\u00e9g\u0171 term\u00e9keket haszn\u00e1ljuk.<\/p>\n<h3>Jelent\u0151s\u00e9ge a kutat\u00e1sban \u00e9s a fejleszt\u00e9sben<\/h3>\n<p>Az MDMA ter\u00e1pi\u00e1s kutat\u00e1sokban rejl\u0151 lehet\u0151s\u00e9gei sokat vitatott t\u00e9ma. A PTSD \u00e9s a szorong\u00e1sos zavarok pszichoter\u00e1pi\u00e1s t\u00e1mogat\u00e1s\u00e1ra vonatkoz\u00f3 tanulm\u00e1nyok \u00edg\u00e9retesek, \u00e9s hangs\u00falyozz\u00e1k a magas sz\u00ednvonal\u00fa kutat\u00e1si anyagok sz\u00fcks\u00e9gess\u00e9g\u00e9t. Ezenk\u00edv\u00fcl a rendelkez\u00e9sre \u00e1ll\u00f3 <b>MDMA a kutat\u00e1s min\u0151s\u00e9g\u00e9ben<\/b> alapvet\u0151 fontoss\u00e1g\u00fa az \u00faj kezel\u00e9si m\u00f3dszerek kifejleszt\u00e9s\u00e9hez \u00e9s az \u00f6sszetett neurol\u00f3giai folyamatok meg\u00e9rt\u00e9s\u00e9hez.<\/p>\n<p>A Chemgramx t\u00e1mogatja ezeket a fontos kutat\u00e1si er\u0151fesz\u00edt\u00e9seket az\u00e1ltal, hogy folyamatosan <b>legjobb MDMA el\u00e9rhet\u0151<\/b> k\u00e9sz\u00edtsd el. Tiszt\u00e1ban vagyunk azzal a felel\u0151ss\u00e9ggel, amely ezeknek az anyagoknak a biztos\u00edt\u00e1s\u00e1val j\u00e1r. Ennek eredm\u00e9nyek\u00e9ppen f\u00e1radhatatlanul dolgozunk annak \u00e9rdek\u00e9ben, hogy term\u00e9keink megfeleljenek a tudom\u00e1nyos kutat\u00e1s glob\u00e1lis szabv\u00e1nyainak. Tekintse k\u00edn\u00e1latunkat megb\u00edzhat\u00f3 partner\u00e9nek a kiv\u00e1l\u00f3 min\u0151s\u00e9g\u0171 kutat\u00e1si vegyszerek ter\u00e9n.<\/p>\n<h2>Az \u00d6n el\u0151nyei a Chemgramx-t\u00f3l t\u00f6rt\u00e9n\u0151 megrendel\u00e9skor<\/h2>\n<h3>Bizalom \u00e9s biztons\u00e1g minden tranzakci\u00f3ban<\/h3>\n<p>Az \u00d6n biztons\u00e1ga \u00e9s el\u00e9gedetts\u00e9ge a Chemgramxn\u00e1l a legfontosabb. Ha \u00d6n <b>Rendeljen z\u00f6ld Heineken palackok 230mg MDMA online<\/b>, biztons\u00e1gos \u00e9s diszkr\u00e9t rendel\u00e9si folyamat el\u0151nyeit \u00e9lvezheti. A legkorszer\u0171bb titkos\u00edt\u00e1si technol\u00f3gi\u00e1kat haszn\u00e1ljuk az \u00d6n szem\u00e9lyes adatainak \u00e9s tranzakci\u00f3inak v\u00e9delme \u00e9rdek\u00e9ben. Tov\u00e1bb\u00e1 biztos\u00edtjuk, hogy megrendel\u00e9s\u00e9t a lehet\u0151 legnagyobb gondoss\u00e1ggal \u00e9s diszkr\u00e9ci\u00f3val kezelj\u00fck, k\u00fcls\u0151 dokumentumokon a tartalomr\u00f3l nem tesz\u00fcnk eml\u00edt\u00e9st.<\/p>\n<p>Elk\u00f6telezett \u00fcgyf\u00e9lszolg\u00e1lati csapatunk mindig rendelkez\u00e9sre \u00e1ll, hogy v\u00e1laszoljon a k\u00e9rd\u00e9sekre \u00e9s t\u00e1mogat\u00e1st ny\u00fajtson. \u00cdgy \u00d6n magabiztosan \u00e9s nyugodtan v\u00e1s\u00e1rolhat. K\u00edn\u00e1lunk egy <b>Biztons\u00e1gos megrendel\u00e9s<\/b> minden kutat\u00e1si anyagunkhoz. Mindig arra t\u00f6reksz\u00fcnk, hogy a v\u00e1s\u00e1rl\u00e1si folyamat a lehet\u0151 legg\u00f6rd\u00fcl\u00e9kenyebb \u00e9s legmegb\u00edzhat\u00f3bb legyen. <a href=\"https:\/\/chemgramx.com\/product\/white-widow-kush-18-25-thc\/\">Fedezze fel egy\u00e9b aj\u00e1nlatainkat is<\/a> kiv\u00e1l\u00f3 min\u0151s\u00e9g\u0171 kutat\u00e1si vegyszerek.<\/p>\n<h3>A legjobb MDMA a piacon<\/h3>\n<p>Nem csak azt \u00e1ll\u00edtjuk, hogy <b>a legjobb z\u00f6ld Heineken palackok 230mg MDMA rendelkez\u00e9sre \u00e1llnak<\/b> Ezt szigor\u00fa min\u0151s\u00e9gellen\u0151rz\u00e9seinkkel \u00e9s \u00fcgyfeleink pozit\u00edv visszajelz\u00e9seivel bizony\u00edtjuk. C\u00e9lunk, hogy a kutat\u00f3k sz\u00e1m\u00e1ra olyan eszk\u00f6z\u00f6ket biztos\u00edtsunk, amelyekkel \u00fatt\u00f6r\u0151 felfedez\u00e9seket tehetnek. Ez\u00e9rt fektet\u00fcnk be folyamatosan gy\u00e1rt\u00e1si \u00e9s elemz\u00e9si folyamataink optimaliz\u00e1l\u00e1s\u00e1ba.<\/p>\n<p>Ha \u00fagy d\u00f6nt, hogy, <b>most online v\u00e1s\u00e1rolni<\/b>, \u00d6n a p\u00e1ratlan min\u0151s\u00e9get \u00e9s megb\u00edzhat\u00f3s\u00e1got v\u00e1lasztja. A <a href=\"https:\/\/chemgramx.com\/product\/green-heineken-bottles-230mg-mdma-online-bestellung\/\">Z\u00f6ld Heineken palackok 230mg MDMA online rendel\u00e9s<\/a> a Chemgramxn\u00e1l azt jelenti, hogy olyan forr\u00e1shoz f\u00e9rhet hozz\u00e1, amely komolyan veszi a kutat\u00e1s\u00e1t. V\u00e9gs\u0151 soron a kiindul\u00e1si anyag min\u0151s\u00e9ge kritikus fontoss\u00e1g\u00fa a projektjei siker\u00e9hez.<\/p>\n<h2>Hogyan szerezhet\u0151 be a Green Heineken palackok 230mg MDMA<\/h2>\n<h3>Egyszer\u0171 \u00e9s diszkr\u00e9t rendel\u00e9si folyamat<\/h3>\n<p>A folyamat, <b>Rendeljen z\u00f6ld Heineken palackok 230mg MDMA online<\/b>, a Chemgramxn\u00e1l egyszer\u0171 \u00e9s egy\u00e9rtelm\u0171. Navig\u00e1ljon a term\u00e9kr\u00e9szleg\u00fcnkre, v\u00e1lassza ki a k\u00edv\u00e1nt mennyis\u00e9get, \u00e9s v\u00e9gleges\u00edtse megrendel\u00e9s\u00e9t biztons\u00e1gosan. Rendszer\u00fcnket felhaszn\u00e1l\u00f3bar\u00e1tra tervezt\u00fck, hogy z\u00f6kken\u0151mentes \u00e9lm\u00e9nyt ny\u00fajtson \u00d6nnek. Ez biztos\u00edtja a megkeres\u00e9sek gyors \u00e9s hat\u00e9kony feldolgoz\u00e1s\u00e1t. \u00d6n <b>MDMA z\u00f6ld Heineken palackok 230mg<\/b> egyszer\u0171en a platformunkon kereszt\u00fcl.<\/p>\n<p>Optimaliz\u00e1ltuk az \u00f6sszes l\u00e9p\u00e9st, hogy \u00d6n a kutat\u00e1sra koncentr\u00e1lhasson, ahelyett, hogy az anyagok beszerz\u00e9s\u00e9vel foglalkozna. C\u00e9lunk, hogy a lehet\u0151 legegyszer\u0171bb\u00e9 tegy\u00fck az \u00d6n sz\u00e1m\u00e1ra a sz\u00fcks\u00e9ges kutat\u00e1si vegyi anyagokhoz val\u00f3 hozz\u00e1f\u00e9r\u00e9st. A Chemgramxn\u00e1l <b>kiv\u00e1l\u00f3 min\u0151s\u00e9g\u0171 MDMA<\/b> biztons\u00e1gosan \u00e9s k\u00e9nyelmesen.<\/p>\n<h3>Elk\u00f6telezetts\u00e9g\u00fcnk az \u00d6n kutat\u00e1sa ir\u00e1nt<\/h3>\n<p>A Chemgramx csapata arra t\u00f6rekszik, hogy fel\u00fclm\u00falja az \u00d6n elv\u00e1r\u00e1sait. Meg\u00e9rtj\u00fck a megb\u00edzhat\u00f3s\u00e1g \u00e9s a bizalom fontoss\u00e1g\u00e1t a tudom\u00e1nyos k\u00f6z\u00f6ss\u00e9gben. Ez\u00e9rt minden megrendel\u00e9st a legnagyobb gondoss\u00e1ggal \u00e9s a r\u00e9szletekre val\u00f3 odafigyel\u00e9ssel dolgozunk fel. Ez t\u00fckr\u00f6zi elk\u00f6telezetts\u00e9g\u00fcnket, hogy csak a legjobbat ny\u00fajtsuk \u00fcgyfeleinknek.<\/p>\n<p>A <b>hiteles MDMA<\/b>, amit n\u00e1lunk tal\u00e1l, a kiv\u00e1l\u00f3s\u00e1g ir\u00e1nti elk\u00f6telezetts\u00e9g\u00fcnkr\u0151l tan\u00faskodik. Mi t\u00f6bb vagyunk, mint egy egyszer\u0171 besz\u00e1ll\u00edt\u00f3; partnerek vagyunk az \u00d6n kutat\u00e1s\u00e1ban. \u00d6n <b>V\u00e1s\u00e1roljon a Chemgramx-n\u00e1l<\/b> \u00e9s b\u00edzzon az els\u0151 oszt\u00e1ly\u00fa kiszolg\u00e1l\u00e1sban \u00e9s a term\u00e9kek p\u00e1ratlan min\u0151s\u00e9g\u00e9ben. V\u00e1rjuk, hogy t\u00e1mogassuk \u00d6nt a k\u00f6vetkez\u0151 kutat\u00e1si projektjeiben.<\/p>","protected":false},"excerpt":{"rendered":"<p><b>Z\u00f6ld Heineken palackok 230mg MDMA<\/b> - most <b>online rendel\u00e9s<\/b> Term\u00e9k\u00fcnk meggy\u0151z\u0151:<\/p>\n<ul>\n<li><b>Legmagasabb tisztas\u00e1g<\/b> a pontos kutat\u00e1shoz.<\/li>\n<li>Pontosabb <b>230mg adagol\u00e1s<\/b> \u00fcvegenk\u00e9nt.<\/li>\n<li><b>A kutat\u00e1s min\u0151s\u00e9ge<\/b>, laborat\u00f3riumban tesztelt \u00e9s ellen\u0151rz\u00f6tt.<\/li>\n<li>Ide\u00e1lis tudom\u00e1nyos tanulm\u00e1nyokhoz \u00e9s elemz\u00e9sekhez.<\/li>\n<\/ul>\n<p>V\u00e1s\u00e1roljon <b>hiteles MDMA<\/b> biztons\u00e1gos \u00e9s megb\u00edzhat\u00f3.<\/p>","protected":false},"featured_media":8027,"comment_status":"open","ping_status":"closed","template":"","meta":{"_joinchat":[]},"product_brand":[],"product_cat":[2846],"product_tag":[2518,2014,2517,2521,2520,2519,2017,2164,2018,2015],"class_list":{"0":"post-7985","1":"product","2":"type-product","3":"status-publish","4":"has-post-thumbnail","6":"product_cat-ecstasy-pills","7":"product_tag-230mg-mdma","8":"product_tag-230mg-mdma-kaufen","9":"product_tag-green-heineken-mdma","10":"product_tag-heineken-mdma-230mg","11":"product_tag-heineken-mdma-kaufen","12":"product_tag-mdma-green-heineken","13":"product_tag-mdma-kristalle","14":"product_tag-mdma-online-kaufen","15":"product_tag-mdma-zum-verkauf","16":"product_tag-synthetische-drogen","18":"first","19":"instock","20":"shipping-taxable","21":"purchasable","22":"product-type-variable"},"yoast_head":"<!-- This site is optimized with the Yoast SEO plugin v27.5 - https:\/\/yoast.com\/product\/yoast-seo-wordpress\/ -->\n<title>MDMA bestellen - 230mg Reinheit (Online kaufen)<\/title>\n<meta name=\"description\" content=\"Green Heineken Bottles 230mg MDMA online bestellen. Top-Qualit\u00e4t und hohe Reinheit f\u00fcr Ihre Forschung. Sicher MDMA in Laborqualit\u00e4t bei Chemgramx erwerben.\" \/>\n<meta name=\"robots\" content=\"index, follow, max-snippet:-1, max-image-preview:large, max-video-preview:-1\" \/>\n<link rel=\"canonical\" href=\"https:\/\/chemgramx.com\/hu\/termek-1\/zoeld-heineken-palackok-230mg-mdma-online-rendeles\/\" \/>\n<meta property=\"og:locale\" content=\"hu_HU\" \/>\n<meta property=\"og:type\" content=\"article\" \/>\n<meta property=\"og:title\" content=\"MDMA bestellen - 230mg Reinheit (Online kaufen)\" \/>\n<meta property=\"og:description\" content=\"Green Heineken Bottles 230mg MDMA online bestellen. Top-Qualit\u00e4t und hohe Reinheit f\u00fcr Ihre Forschung. Sicher MDMA in Laborqualit\u00e4t bei Chemgramx erwerben.\" \/>\n<meta property=\"og:url\" content=\"https:\/\/chemgramx.com\/hu\/termek-1\/zoeld-heineken-palackok-230mg-mdma-online-rendeles\/\" \/>\n<meta property=\"og:site_name\" content=\"Chemgramx\" \/>\n<meta property=\"article:modified_time\" content=\"2025-12-10T17:34:13+00:00\" \/>\n<meta property=\"og:image\" content=\"https:\/\/chemgramx.com\/wp-content\/uploads\/2025\/11\/p17-1-1.png\" \/>\n\t<meta property=\"og:image:width\" content=\"600\" \/>\n\t<meta property=\"og:image:height\" content=\"400\" \/>\n\t<meta property=\"og:image:type\" content=\"image\/png\" \/>\n<meta name=\"twitter:card\" content=\"summary_large_image\" \/>\n<meta name=\"twitter:label1\" content=\"Becs\u00fclt olvas\u00e1si id\u0151\" \/>\n\t<meta name=\"twitter:data1\" content=\"6 perc\" \/>\n<script type=\"application\/ld+json\" class=\"yoast-schema-graph\">{\"@context\":\"https:\\\/\\\/schema.org\",\"@graph\":[{\"@type\":\"WebPage\",\"@id\":\"https:\\\/\\\/chemgramx.com\\\/product\\\/green-heineken-bottles-230mg-mdma-online-bestellung\\\/\",\"url\":\"https:\\\/\\\/chemgramx.com\\\/product\\\/green-heineken-bottles-230mg-mdma-online-bestellung\\\/\",\"name\":\"MDMA bestellen - 230mg Reinheit (Online kaufen)\",\"isPartOf\":{\"@id\":\"https:\\\/\\\/chemgramx.com\\\/#website\"},\"primaryImageOfPage\":{\"@id\":\"https:\\\/\\\/chemgramx.com\\\/product\\\/green-heineken-bottles-230mg-mdma-online-bestellung\\\/#primaryimage\"},\"image\":{\"@id\":\"https:\\\/\\\/chemgramx.com\\\/product\\\/green-heineken-bottles-230mg-mdma-online-bestellung\\\/#primaryimage\"},\"thumbnailUrl\":\"https:\\\/\\\/chemgramx.com\\\/wp-content\\\/uploads\\\/2025\\\/11\\\/p17-1-1.png\",\"datePublished\":\"2025-11-21T16:44:47+00:00\",\"dateModified\":\"2025-12-10T17:34:13+00:00\",\"description\":\"Green Heineken Bottles 230mg MDMA online bestellen. Top-Qualit\u00e4t und hohe Reinheit f\u00fcr Ihre Forschung. Sicher MDMA in Laborqualit\u00e4t bei Chemgramx erwerben.\",\"breadcrumb\":{\"@id\":\"https:\\\/\\\/chemgramx.com\\\/product\\\/green-heineken-bottles-230mg-mdma-online-bestellung\\\/#breadcrumb\"},\"inLanguage\":\"hu\",\"potentialAction\":[{\"@type\":\"ReadAction\",\"target\":[\"https:\\\/\\\/chemgramx.com\\\/product\\\/green-heineken-bottles-230mg-mdma-online-bestellung\\\/\"]}]},{\"@type\":\"ImageObject\",\"inLanguage\":\"hu\",\"@id\":\"https:\\\/\\\/chemgramx.com\\\/product\\\/green-heineken-bottles-230mg-mdma-online-bestellung\\\/#primaryimage\",\"url\":\"https:\\\/\\\/chemgramx.com\\\/wp-content\\\/uploads\\\/2025\\\/11\\\/p17-1-1.png\",\"contentUrl\":\"https:\\\/\\\/chemgramx.com\\\/wp-content\\\/uploads\\\/2025\\\/11\\\/p17-1-1.png\",\"width\":600,\"height\":400},{\"@type\":\"BreadcrumbList\",\"@id\":\"https:\\\/\\\/chemgramx.com\\\/product\\\/green-heineken-bottles-230mg-mdma-online-bestellung\\\/#breadcrumb\",\"itemListElement\":[{\"@type\":\"ListItem\",\"position\":1,\"name\":\"Home\",\"item\":\"https:\\\/\\\/chemgramx.com\\\/\"},{\"@type\":\"ListItem\",\"position\":2,\"name\":\"Shop\",\"item\":\"https:\\\/\\\/chemgramx.com\\\/shop\\\/\"},{\"@type\":\"ListItem\",\"position\":3,\"name\":\"MDMA bestellen &#8211; 230mg Reinheit (Online kaufen)\"}]},{\"@type\":\"WebSite\",\"@id\":\"https:\\\/\\\/chemgramx.com\\\/#website\",\"url\":\"https:\\\/\\\/chemgramx.com\\\/\",\"name\":\"Chemgramx\",\"description\":\"\",\"publisher\":{\"@id\":\"https:\\\/\\\/chemgramx.com\\\/#organization\"},\"potentialAction\":[{\"@type\":\"SearchAction\",\"target\":{\"@type\":\"EntryPoint\",\"urlTemplate\":\"https:\\\/\\\/chemgramx.com\\\/?s={search_term_string}\"},\"query-input\":{\"@type\":\"PropertyValueSpecification\",\"valueRequired\":true,\"valueName\":\"search_term_string\"}}],\"inLanguage\":\"hu\"},{\"@type\":\"Organization\",\"@id\":\"https:\\\/\\\/chemgramx.com\\\/#organization\",\"name\":\"Chemgramx\",\"url\":\"https:\\\/\\\/chemgramx.com\\\/\",\"logo\":{\"@type\":\"ImageObject\",\"inLanguage\":\"hu\",\"@id\":\"https:\\\/\\\/chemgramx.com\\\/#\\\/schema\\\/logo\\\/image\\\/\",\"url\":\"https:\\\/\\\/chemgramx.com\\\/wp-content\\\/uploads\\\/2024\\\/10\\\/final-logo.png\",\"contentUrl\":\"https:\\\/\\\/chemgramx.com\\\/wp-content\\\/uploads\\\/2024\\\/10\\\/final-logo.png\",\"width\":250,\"height\":48,\"caption\":\"Chemgramx\"},\"image\":{\"@id\":\"https:\\\/\\\/chemgramx.com\\\/#\\\/schema\\\/logo\\\/image\\\/\"}}]}<\/script>\n<!-- \/ Yoast SEO plugin. -->","yoast_head_json":{"title":"MDMA megrendel\u00e9se \u2013 230 mg tisztas\u00e1g (online v\u00e1s\u00e1rl\u00e1s)","description":"Rendelje meg a Green Heineken palackok 230mg MDMA-t online. Kiv\u00e1l\u00f3 min\u0151s\u00e9g \u00e9s nagy tisztas\u00e1g az \u00d6n kutat\u00e1saihoz. V\u00e1s\u00e1roljon MDMA-t biztons\u00e1gosan laborat\u00f3riumi min\u0151s\u00e9gben a Chemgramx-t\u00f3l.","robots":{"index":"index","follow":"follow","max-snippet":"max-snippet:-1","max-image-preview":"max-image-preview:large","max-video-preview":"max-video-preview:-1"},"canonical":"https:\/\/chemgramx.com\/hu\/termek-1\/zoeld-heineken-palackok-230mg-mdma-online-rendeles\/","og_locale":"hu_HU","og_type":"article","og_title":"MDMA bestellen - 230mg Reinheit (Online kaufen)","og_description":"Green Heineken Bottles 230mg MDMA online bestellen. Top-Qualit\u00e4t und hohe Reinheit f\u00fcr Ihre Forschung. Sicher MDMA in Laborqualit\u00e4t bei Chemgramx erwerben.","og_url":"https:\/\/chemgramx.com\/hu\/termek-1\/zoeld-heineken-palackok-230mg-mdma-online-rendeles\/","og_site_name":"Chemgramx","article_modified_time":"2025-12-10T17:34:13+00:00","og_image":[{"width":600,"height":400,"url":"https:\/\/chemgramx.com\/wp-content\/uploads\/2025\/11\/p17-1-1.png","type":"image\/png"}],"twitter_card":"summary_large_image","twitter_misc":{"Becs\u00fclt olvas\u00e1si id\u0151":"6 perc"},"schema":{"@context":"https:\/\/schema.org","@graph":[{"@type":"WebPage","@id":"https:\/\/chemgramx.com\/product\/green-heineken-bottles-230mg-mdma-online-bestellung\/","url":"https:\/\/chemgramx.com\/product\/green-heineken-bottles-230mg-mdma-online-bestellung\/","name":"MDMA megrendel\u00e9se \u2013 230 mg tisztas\u00e1g (online v\u00e1s\u00e1rl\u00e1s)","isPartOf":{"@id":"https:\/\/chemgramx.com\/#website"},"primaryImageOfPage":{"@id":"https:\/\/chemgramx.com\/product\/green-heineken-bottles-230mg-mdma-online-bestellung\/#primaryimage"},"image":{"@id":"https:\/\/chemgramx.com\/product\/green-heineken-bottles-230mg-mdma-online-bestellung\/#primaryimage"},"thumbnailUrl":"https:\/\/chemgramx.com\/wp-content\/uploads\/2025\/11\/p17-1-1.png","datePublished":"2025-11-21T16:44:47+00:00","dateModified":"2025-12-10T17:34:13+00:00","description":"Rendelje meg a Green Heineken palackok 230mg MDMA-t online. Kiv\u00e1l\u00f3 min\u0151s\u00e9g \u00e9s nagy tisztas\u00e1g az \u00d6n kutat\u00e1saihoz. V\u00e1s\u00e1roljon MDMA-t biztons\u00e1gosan laborat\u00f3riumi min\u0151s\u00e9gben a Chemgramx-t\u00f3l.","breadcrumb":{"@id":"https:\/\/chemgramx.com\/product\/green-heineken-bottles-230mg-mdma-online-bestellung\/#breadcrumb"},"inLanguage":"hu","potentialAction":[{"@type":"ReadAction","target":["https:\/\/chemgramx.com\/product\/green-heineken-bottles-230mg-mdma-online-bestellung\/"]}]},{"@type":"ImageObject","inLanguage":"hu","@id":"https:\/\/chemgramx.com\/product\/green-heineken-bottles-230mg-mdma-online-bestellung\/#primaryimage","url":"https:\/\/chemgramx.com\/wp-content\/uploads\/2025\/11\/p17-1-1.png","contentUrl":"https:\/\/chemgramx.com\/wp-content\/uploads\/2025\/11\/p17-1-1.png","width":600,"height":400},{"@type":"BreadcrumbList","@id":"https:\/\/chemgramx.com\/product\/green-heineken-bottles-230mg-mdma-online-bestellung\/#breadcrumb","itemListElement":[{"@type":"ListItem","position":1,"name":"Home","item":"https:\/\/chemgramx.com\/"},{"@type":"ListItem","position":2,"name":"Shop","item":"https:\/\/chemgramx.com\/shop\/"},{"@type":"ListItem","position":3,"name":"MDMA bestellen &#8211; 230mg Reinheit (Online kaufen)"}]},{"@type":"WebSite","@id":"https:\/\/chemgramx.com\/#website","url":"https:\/\/chemgramx.com\/","name":"Chemgramx","description":"","publisher":{"@id":"https:\/\/chemgramx.com\/#organization"},"potentialAction":[{"@type":"SearchAction","target":{"@type":"EntryPoint","urlTemplate":"https:\/\/chemgramx.com\/?s={search_term_string}"},"query-input":{"@type":"PropertyValueSpecification","valueRequired":true,"valueName":"search_term_string"}}],"inLanguage":"hu"},{"@type":"Organization","@id":"https:\/\/chemgramx.com\/#organization","name":"Chemgramx","url":"https:\/\/chemgramx.com\/","logo":{"@type":"ImageObject","inLanguage":"hu","@id":"https:\/\/chemgramx.com\/#\/schema\/logo\/image\/","url":"https:\/\/chemgramx.com\/wp-content\/uploads\/2024\/10\/final-logo.png","contentUrl":"https:\/\/chemgramx.com\/wp-content\/uploads\/2024\/10\/final-logo.png","width":250,"height":48,"caption":"Chemgramx"},"image":{"@id":"https:\/\/chemgramx.com\/#\/schema\/logo\/image\/"}}]}},"_links":{"self":[{"href":"https:\/\/chemgramx.com\/hu\/wp-json\/wp\/v2\/product\/7985","targetHints":{"allow":["GET"]}}],"collection":[{"href":"https:\/\/chemgramx.com\/hu\/wp-json\/wp\/v2\/product"}],"about":[{"href":"https:\/\/chemgramx.com\/hu\/wp-json\/wp\/v2\/types\/product"}],"replies":[{"embeddable":true,"href":"https:\/\/chemgramx.com\/hu\/wp-json\/wp\/v2\/comments?post=7985"}],"wp:featuredmedia":[{"embeddable":true,"href":"https:\/\/chemgramx.com\/hu\/wp-json\/wp\/v2\/media\/8027"}],"wp:attachment":[{"href":"https:\/\/chemgramx.com\/hu\/wp-json\/wp\/v2\/media?parent=7985"}],"wp:term":[{"taxonomy":"product_brand","embeddable":true,"href":"https:\/\/chemgramx.com\/hu\/wp-json\/wp\/v2\/product_brand?post=7985"},{"taxonomy":"product_cat","embeddable":true,"href":"https:\/\/chemgramx.com\/hu\/wp-json\/wp\/v2\/product_cat?post=7985"},{"taxonomy":"product_tag","embeddable":true,"href":"https:\/\/chemgramx.com\/hu\/wp-json\/wp\/v2\/product_tag?post=7985"}],"curies":[{"name":"wp","href":"https:\/\/api.w.org\/{rel}","templated":true}]}}