{"id":7987,"date":"2025-11-21T16:44:48","date_gmt":"2025-11-21T16:44:48","guid":{"rendered":"https:\/\/chemgramx.com\/?post_type=product&#038;p=7987"},"modified":"2025-12-10T15:54:22","modified_gmt":"2025-12-10T15:54:22","slug":"gbl-gamma-butiro-laktont-online-vasarolni","status":"publish","type":"product","link":"https:\/\/chemgramx.com\/hu\/product\/gbl-gamma-butyrolacton-online-kaufen\/","title":{"rendered":"GBL (gamma-butilakton) online v\u00e1s\u00e1rl\u00e1sa"},"content":{"rendered":"<p data-start=\"318\" data-end=\"824\">Wer <a href=\"https:\/\/chemgramx.com\/product\/gbl-gamma-butyrolacton\/\">GBL (gamma-butirolakton) v\u00e1s\u00e1rl\u00e1s<\/a> k\u00fcl\u00f6n\u00f6s hangs\u00falyt kell fektetni\u00fck a bevizsg\u00e1lt min\u0151s\u00e9gre. A GBL (gamma-butirolakton) v\u00e1s\u00e1rl\u00e1sa k\u00fcl\u00f6n\u00f6sen \u00e9rdekes a kutat\u00e1s, a k\u00e9miai vizsg\u00e1latok \u00e9s az ipari alkalmaz\u00e1sok szempontj\u00e1b\u00f3l. Ezt a sokoldal\u00fa anyagot gyakran haszn\u00e1lj\u00e1k a GHB (gamma-hidroxibutir\u00e1t) prekurzorak\u00e9nt, \u00e9s er\u0151s old\u00f3szerszer\u0171 tulajdons\u00e1gair\u00f3l ismert. Ak\u00e1r ipari, ak\u00e1r tudom\u00e1nyos ter\u00fcleten haszn\u00e1lj\u00e1k, a GBL hat\u00e9konys\u00e1g\u00e1val \u00e9s sokoldal\u00fas\u00e1g\u00e1val leny\u0171g\u00f6z\u0151.<\/p>\n<h3 data-start=\"826\" data-end=\"880\">A GBL (gamma-butirolakton) fontos felhaszn\u00e1l\u00e1si m\u00f3djai<\/h3>\n<ul data-start=\"882\" data-end=\"1312\">\n<li data-start=\"882\" data-end=\"1054\">\n<p data-start=\"884\" data-end=\"1054\">Old\u00f3szerek az iparban: A GBL (gamma-butirolakton) tiszt\u00edt\u00e1sra, fest\u00e9kelt\u00e1vol\u00edt\u00f3k\u00e9nt \u00e9s k\u00fcl\u00f6nb\u00f6z\u0151 anyagok old\u00f3szerek\u00e9nt haszn\u00e1latos.<\/p>\n<\/li>\n<li data-start=\"1055\" data-end=\"1157\">\n<p data-start=\"1057\" data-end=\"1157\">A GHB prekurzora: A k\u00e9mi\u00e1ban a GBL-t gyakran haszn\u00e1lj\u00e1k nyersanyagk\u00e9nt a GHB el\u0151\u00e1ll\u00edt\u00e1s\u00e1hoz.<\/p>\n<\/li>\n<li data-start=\"1158\" data-end=\"1312\">\n<p data-start=\"1160\" data-end=\"1312\">Kutat\u00e1s \u00e9s k\u00eds\u00e9rletek: Sz\u00e1mos tud\u00f3s \u00e9s laborat\u00f3rium rendel GBL-t (gamma-butirolakton) szerves szint\u00e9zisekhez \u00e9s egy\u00e9b kutat\u00e1si projektekhez.<\/p>\n<\/li>\n<\/ul>\n<h3 data-start=\"1314\" data-end=\"1371\">Mi\u00e9rt \u00e9rdemes GBL-t (Gamma-butirolakton) v\u00e1s\u00e1rolni a ChemGramX-t\u0151l?<\/h3>\n<p data-start=\"1373\" data-end=\"1671\">A ChemGramX-n\u00e9l biztons\u00e1gosan \u00e9s diszkr\u00e9ten v\u00e1s\u00e1rolhat GBL-t (gamma-butirolakton) online. Kiz\u00e1r\u00f3lag nagy tisztas\u00e1g\u00fa, laborat\u00f3riumban tesztelt term\u00e9keket k\u00edn\u00e1lunk, amelyek megfelelnek a legmagasabb min\u0151s\u00e9gi szabv\u00e1nyoknak. Ha azon t\u0171n\u0151dik, hol lehet <a href=\"\/product\/14-butanediol-online-kaufen\/\">GBL<\/a> (gamma-butirolakton) v\u00e1s\u00e1rl\u00e1s\u00e1hoz a ChemGramX a megb\u00edzhat\u00f3 forr\u00e1s.<\/p>\n<p data-start=\"1673\" data-end=\"1720\">A bevizsg\u00e1lt min\u0151s\u00e9g mellett a k\u00f6vetkez\u0151ket is \u00e9lvezheti:<\/p>\n<ul data-start=\"1721\" data-end=\"1846\">\n<li data-start=\"1721\" data-end=\"1759\">\n<p data-start=\"1723\" data-end=\"1759\">gyors \u00e9s diszkr\u00e9t sz\u00e1ll\u00edt\u00e1s,<\/p>\n<\/li>\n<li data-start=\"1760\" data-end=\"1788\">\n<p data-start=\"1762\" data-end=\"1788\">biztons\u00e1gos rendel\u00e9si folyamat,<\/p>\n<\/li>\n<li data-start=\"1789\" data-end=\"1846\">\n<p data-start=\"1791\" data-end=\"1846\">Prodotti conformi agli standard internazionali.<\/p>\n<\/li>\n<\/ul>\n<h3 data-start=\"1848\" data-end=\"1893\">Tippek a GBL biztons\u00e1gos haszn\u00e1lat\u00e1hoz<\/h3>\n<ul data-start=\"1895\" data-end=\"2259\">\n<li data-start=\"1895\" data-end=\"1995\">\n<p data-start=\"1897\" data-end=\"1995\">Biztons\u00e1gos kezel\u00e9s: A GBL-t csak szell\u0151z\u0151 helyen \u00e9s v\u00e9d\u0151felszerel\u00e9ssel haszn\u00e1lja.<\/p>\n<\/li>\n<li data-start=\"1996\" data-end=\"2153\">\n<p data-start=\"1998\" data-end=\"2153\">Felel\u0151ss\u00e9gteljes felhaszn\u00e1l\u00e1s: GBL (gamma-butirolakton) online v\u00e1s\u00e1rl\u00e1s megb\u00edzhat\u00f3 kutat\u00e1si forr\u00e1sb\u00f3l, kiz\u00e1r\u00f3lag ipari vagy tudom\u00e1nyos c\u00e9lokra.<\/p>\n<\/li>\n<li data-start=\"2154\" data-end=\"2259\">\n<p data-start=\"2156\" data-end=\"2259\">T\u00e1rol\u00e1s: A stabilit\u00e1s \u00e9s a tisztas\u00e1g meg\u0151rz\u00e9se \u00e9rdek\u00e9ben h\u0171v\u00f6s \u00e9s sz\u00e1raz helyen t\u00e1roland\u00f3.<\/p>\n<\/li>\n<\/ul>\n<h3 data-start=\"2261\" data-end=\"2302\">Kock\u00e1zatok \u00e9s jogi szab\u00e1lyoz\u00e1sok<\/h3>\n<p data-start=\"2304\" data-end=\"2388\">Miel\u0151tt xGBL-t (gamma-butirolakton) v\u00e1s\u00e1rolna, vegye figyelembe a lehets\u00e9ges kock\u00e1zatokat:<\/p>\n<ul data-start=\"2390\" data-end=\"2705\">\n<li data-start=\"2390\" data-end=\"2454\">\n<p data-start=\"2392\" data-end=\"2454\">B\u0151r- \u00e9s szemirrit\u00e1ci\u00f3 k\u00f6zvetlen \u00e9rintkez\u00e9s vagy g\u0151z\u00f6k hat\u00e1s\u00e1ra.<\/p>\n<\/li>\n<li data-start=\"2455\" data-end=\"2584\">\n<p data-start=\"2457\" data-end=\"2584\">Vissza\u00e9l\u00e9s kock\u00e1zata: Mivel a GBL a GHB el\u0151anyaga is, a nem megfelel\u0151 haszn\u00e1lata jelent\u0151s vesz\u00e9lyekkel j\u00e1r.<\/p>\n<\/li>\n<li data-start=\"2585\" data-end=\"2705\">\n<p data-start=\"2587\" data-end=\"2705\">Jogi helyzet: A GBL sz\u00e1mos orsz\u00e1gban jogi korl\u00e1toz\u00e1sok hat\u00e1lya al\u00e1 tartozik. K\u00e9rj\u00fck, rendel\u00e9s el\u0151tt t\u00e1j\u00e9koz\u00f3djon.<\/p>\n<\/li>\n<\/ul>\n<h3 data-start=\"2707\" data-end=\"2735\">\u00c1r \u00e9s el\u00e9rhet\u0151s\u00e9g<\/h3>\n<p data-start=\"2737\" data-end=\"2954\">A <a href=\"https:\/\/en.wikipedia.org\/wiki\/%CE%93-Hydroxybutyric_acid\">GBL (gamma-butirolakton) \u00e1r<\/a> A tisztas\u00e1gt\u00f3l, a rendel\u00e9si mennyis\u00e9gt\u0151l \u00e9s a sz\u00e1ll\u00edt\u00f3t\u00f3l f\u00fcgg. Aki GBL-t (gamma-butirolakton) szeretne v\u00e1s\u00e1rolni, annak \u00e9rdemes ellen\u0151rz\u00f6tt sz\u00e1ll\u00edt\u00f3kat keresnie \u00e9s gondosan \u00f6sszehasonl\u00edtania az aj\u00e1nlatokat.<\/p>\n<h3 data-start=\"2956\" data-end=\"3018\">A legjobb hely, ahol online lehet GBL-t (gamma-butirolakton) v\u00e1s\u00e1rolni<\/h3>\n<p data-start=\"3020\" data-end=\"3232\">A ChemGramX a legjobb hely, ahol online GBL-t (gamma-butirolakton) v\u00e1s\u00e1rolhat, ha min\u0151s\u00e9gr\u0151l, biztons\u00e1gr\u00f3l \u00e9s diszkr\u00e9ci\u00f3r\u00f3l van sz\u00f3. B\u00edzzon a laborat\u00f3riumban tesztelt term\u00e9kekben, a m\u00e9lt\u00e1nyos \u00e1rakban \u00e9s a gyors sz\u00e1ll\u00edt\u00e1sban.<\/p>\n<p data-start=\"3234\" data-end=\"3369\">GBL (gamma-butirolakton) online v\u00e1s\u00e1rl\u00e1s megb\u00edzhat\u00f3 kutat\u00e1si forr\u00e1sb\u00f3l \u2013 biztons\u00e1gosan, megb\u00edzhat\u00f3an \u00e9s a legjobb min\u0151s\u00e9gben a ChemGramX-n\u00e9l.<\/p>","protected":false},"excerpt":{"rendered":"<p>Wer GBL (Gamma-Butyrolacton) kaufen m\u00f6chte, sollte besonderen Wert auf gepr\u00fcfte Qualit\u00e4t legen. GBL (Gamma-Butyrolacton) kaufen ist vor allem&hellip;<\/p>","protected":false},"featured_media":8029,"comment_status":"open","ping_status":"closed","template":"","meta":{"_joinchat":[]},"product_brand":[],"product_cat":[97],"product_tag":[84,85,74,86,83],"class_list":{"0":"post-7987","1":"product","2":"type-product","3":"status-publish","4":"has-post-thumbnail","6":"product_cat-forschungschemikalien","7":"product_tag-gamma-butyrolacton-bestellen","8":"product_tag-reinigungsmittel-kaufen","9":"product_tag-research-chemical-kaufen","10":"product_tag-die-nach-gbl-suchen","11":"product_tag-gbl-kaufen","13":"first","14":"instock","15":"shipping-taxable","16":"purchasable","17":"product-type-variable"},"yoast_head":"<!-- This site is optimized with the Yoast SEO plugin v27.5 - https:\/\/yoast.com\/product\/yoast-seo-wordpress\/ -->\n<title>GBL (Gamma-Butyrolacton) online kaufen | Chemgramx<\/title>\n<meta name=\"description\" content=\"Kaufen Sie GBL (Gamma-Butyrolacton) bei ChemGramX. Reines, laborgetestetes GBL mit schneller und diskreter Lieferung. Jetzt online bestellen!\" \/>\n<meta name=\"robots\" content=\"index, follow, max-snippet:-1, max-image-preview:large, max-video-preview:-1\" \/>\n<link rel=\"canonical\" href=\"https:\/\/chemgramx.com\/hu\/termek-1\/gbl-gamma-butiro-laktont-online-vasarolni\/\" \/>\n<meta property=\"og:locale\" content=\"hu_HU\" \/>\n<meta property=\"og:type\" content=\"article\" \/>\n<meta property=\"og:title\" content=\"GBL (Gamma-Butyrolacton) online kaufen | Chemgramx\" \/>\n<meta property=\"og:description\" content=\"Kaufen Sie GBL (Gamma-Butyrolacton) bei ChemGramX. Reines, laborgetestetes GBL mit schneller und diskreter Lieferung. Jetzt online bestellen!\" \/>\n<meta property=\"og:url\" content=\"https:\/\/chemgramx.com\/hu\/termek-1\/gbl-gamma-butiro-laktont-online-vasarolni\/\" \/>\n<meta property=\"og:site_name\" content=\"Chemgramx\" \/>\n<meta property=\"article:modified_time\" content=\"2025-12-10T15:54:22+00:00\" \/>\n<meta property=\"og:image\" content=\"https:\/\/chemgramx.com\/wp-content\/uploads\/2025\/11\/GBL-Gamma-Butyrolacton-kaufen.jpg\" \/>\n\t<meta property=\"og:image:width\" content=\"227\" \/>\n\t<meta property=\"og:image:height\" content=\"234\" \/>\n\t<meta property=\"og:image:type\" content=\"image\/jpeg\" \/>\n<meta name=\"twitter:card\" content=\"summary_large_image\" \/>\n<meta name=\"twitter:label1\" content=\"Becs\u00fclt olvas\u00e1si id\u0151\" \/>\n\t<meta name=\"twitter:data1\" content=\"2 perc\" \/>\n<script type=\"application\/ld+json\" class=\"yoast-schema-graph\">{\"@context\":\"https:\\\/\\\/schema.org\",\"@graph\":[{\"@type\":\"WebPage\",\"@id\":\"https:\\\/\\\/chemgramx.com\\\/product\\\/gbl-gamma-butyrolacton-online-kaufen\\\/\",\"url\":\"https:\\\/\\\/chemgramx.com\\\/product\\\/gbl-gamma-butyrolacton-online-kaufen\\\/\",\"name\":\"GBL (Gamma-Butyrolacton) online kaufen | Chemgramx\",\"isPartOf\":{\"@id\":\"https:\\\/\\\/chemgramx.com\\\/#website\"},\"primaryImageOfPage\":{\"@id\":\"https:\\\/\\\/chemgramx.com\\\/product\\\/gbl-gamma-butyrolacton-online-kaufen\\\/#primaryimage\"},\"image\":{\"@id\":\"https:\\\/\\\/chemgramx.com\\\/product\\\/gbl-gamma-butyrolacton-online-kaufen\\\/#primaryimage\"},\"thumbnailUrl\":\"https:\\\/\\\/chemgramx.com\\\/wp-content\\\/uploads\\\/2025\\\/11\\\/GBL-Gamma-Butyrolacton-kaufen.jpg\",\"datePublished\":\"2025-11-21T16:44:48+00:00\",\"dateModified\":\"2025-12-10T15:54:22+00:00\",\"description\":\"Kaufen Sie GBL (Gamma-Butyrolacton) bei ChemGramX. Reines, laborgetestetes GBL mit schneller und diskreter Lieferung. Jetzt online bestellen!\",\"breadcrumb\":{\"@id\":\"https:\\\/\\\/chemgramx.com\\\/product\\\/gbl-gamma-butyrolacton-online-kaufen\\\/#breadcrumb\"},\"inLanguage\":\"hu\",\"potentialAction\":[{\"@type\":\"ReadAction\",\"target\":[\"https:\\\/\\\/chemgramx.com\\\/product\\\/gbl-gamma-butyrolacton-online-kaufen\\\/\"]}]},{\"@type\":\"ImageObject\",\"inLanguage\":\"hu\",\"@id\":\"https:\\\/\\\/chemgramx.com\\\/product\\\/gbl-gamma-butyrolacton-online-kaufen\\\/#primaryimage\",\"url\":\"https:\\\/\\\/chemgramx.com\\\/wp-content\\\/uploads\\\/2025\\\/11\\\/GBL-Gamma-Butyrolacton-kaufen.jpg\",\"contentUrl\":\"https:\\\/\\\/chemgramx.com\\\/wp-content\\\/uploads\\\/2025\\\/11\\\/GBL-Gamma-Butyrolacton-kaufen.jpg\",\"width\":227,\"height\":234},{\"@type\":\"BreadcrumbList\",\"@id\":\"https:\\\/\\\/chemgramx.com\\\/product\\\/gbl-gamma-butyrolacton-online-kaufen\\\/#breadcrumb\",\"itemListElement\":[{\"@type\":\"ListItem\",\"position\":1,\"name\":\"Home\",\"item\":\"https:\\\/\\\/chemgramx.com\\\/\"},{\"@type\":\"ListItem\",\"position\":2,\"name\":\"Shop\",\"item\":\"https:\\\/\\\/chemgramx.com\\\/shop\\\/\"},{\"@type\":\"ListItem\",\"position\":3,\"name\":\"GBL (Gamma-Butyrolacton) online kaufen\"}]},{\"@type\":\"WebSite\",\"@id\":\"https:\\\/\\\/chemgramx.com\\\/#website\",\"url\":\"https:\\\/\\\/chemgramx.com\\\/\",\"name\":\"Chemgramx\",\"description\":\"\",\"publisher\":{\"@id\":\"https:\\\/\\\/chemgramx.com\\\/#organization\"},\"potentialAction\":[{\"@type\":\"SearchAction\",\"target\":{\"@type\":\"EntryPoint\",\"urlTemplate\":\"https:\\\/\\\/chemgramx.com\\\/?s={search_term_string}\"},\"query-input\":{\"@type\":\"PropertyValueSpecification\",\"valueRequired\":true,\"valueName\":\"search_term_string\"}}],\"inLanguage\":\"hu\"},{\"@type\":\"Organization\",\"@id\":\"https:\\\/\\\/chemgramx.com\\\/#organization\",\"name\":\"Chemgramx\",\"url\":\"https:\\\/\\\/chemgramx.com\\\/\",\"logo\":{\"@type\":\"ImageObject\",\"inLanguage\":\"hu\",\"@id\":\"https:\\\/\\\/chemgramx.com\\\/#\\\/schema\\\/logo\\\/image\\\/\",\"url\":\"https:\\\/\\\/chemgramx.com\\\/wp-content\\\/uploads\\\/2024\\\/10\\\/final-logo.png\",\"contentUrl\":\"https:\\\/\\\/chemgramx.com\\\/wp-content\\\/uploads\\\/2024\\\/10\\\/final-logo.png\",\"width\":250,\"height\":48,\"caption\":\"Chemgramx\"},\"image\":{\"@id\":\"https:\\\/\\\/chemgramx.com\\\/#\\\/schema\\\/logo\\\/image\\\/\"}}]}<\/script>\n<!-- \/ Yoast SEO plugin. -->","yoast_head_json":{"title":"GBL (gamma-butirolakton) online v\u00e1s\u00e1rl\u00e1s | Chemgramx","description":"V\u00e1s\u00e1roljon GBL-t (gamma-butirolakton) a ChemGramX-t\u0151l. Tiszta, laborat\u00f3riumban tesztelt GBL gyors \u00e9s diszkr\u00e9t sz\u00e1ll\u00edt\u00e1ssal. Rendeljen online most!","robots":{"index":"index","follow":"follow","max-snippet":"max-snippet:-1","max-image-preview":"max-image-preview:large","max-video-preview":"max-video-preview:-1"},"canonical":"https:\/\/chemgramx.com\/hu\/termek-1\/gbl-gamma-butiro-laktont-online-vasarolni\/","og_locale":"hu_HU","og_type":"article","og_title":"GBL (Gamma-Butyrolacton) online kaufen | Chemgramx","og_description":"Kaufen Sie GBL (Gamma-Butyrolacton) bei ChemGramX. Reines, laborgetestetes GBL mit schneller und diskreter Lieferung. Jetzt online bestellen!","og_url":"https:\/\/chemgramx.com\/hu\/termek-1\/gbl-gamma-butiro-laktont-online-vasarolni\/","og_site_name":"Chemgramx","article_modified_time":"2025-12-10T15:54:22+00:00","og_image":[{"width":227,"height":234,"url":"https:\/\/chemgramx.com\/wp-content\/uploads\/2025\/11\/GBL-Gamma-Butyrolacton-kaufen.jpg","type":"image\/jpeg"}],"twitter_card":"summary_large_image","twitter_misc":{"Becs\u00fclt olvas\u00e1si id\u0151":"2 perc"},"schema":{"@context":"https:\/\/schema.org","@graph":[{"@type":"WebPage","@id":"https:\/\/chemgramx.com\/product\/gbl-gamma-butyrolacton-online-kaufen\/","url":"https:\/\/chemgramx.com\/product\/gbl-gamma-butyrolacton-online-kaufen\/","name":"GBL (gamma-butirolakton) online v\u00e1s\u00e1rl\u00e1s | Chemgramx","isPartOf":{"@id":"https:\/\/chemgramx.com\/#website"},"primaryImageOfPage":{"@id":"https:\/\/chemgramx.com\/product\/gbl-gamma-butyrolacton-online-kaufen\/#primaryimage"},"image":{"@id":"https:\/\/chemgramx.com\/product\/gbl-gamma-butyrolacton-online-kaufen\/#primaryimage"},"thumbnailUrl":"https:\/\/chemgramx.com\/wp-content\/uploads\/2025\/11\/GBL-Gamma-Butyrolacton-kaufen.jpg","datePublished":"2025-11-21T16:44:48+00:00","dateModified":"2025-12-10T15:54:22+00:00","description":"V\u00e1s\u00e1roljon GBL-t (gamma-butirolakton) a ChemGramX-t\u0151l. Tiszta, laborat\u00f3riumban tesztelt GBL gyors \u00e9s diszkr\u00e9t sz\u00e1ll\u00edt\u00e1ssal. Rendeljen online most!","breadcrumb":{"@id":"https:\/\/chemgramx.com\/product\/gbl-gamma-butyrolacton-online-kaufen\/#breadcrumb"},"inLanguage":"hu","potentialAction":[{"@type":"ReadAction","target":["https:\/\/chemgramx.com\/product\/gbl-gamma-butyrolacton-online-kaufen\/"]}]},{"@type":"ImageObject","inLanguage":"hu","@id":"https:\/\/chemgramx.com\/product\/gbl-gamma-butyrolacton-online-kaufen\/#primaryimage","url":"https:\/\/chemgramx.com\/wp-content\/uploads\/2025\/11\/GBL-Gamma-Butyrolacton-kaufen.jpg","contentUrl":"https:\/\/chemgramx.com\/wp-content\/uploads\/2025\/11\/GBL-Gamma-Butyrolacton-kaufen.jpg","width":227,"height":234},{"@type":"BreadcrumbList","@id":"https:\/\/chemgramx.com\/product\/gbl-gamma-butyrolacton-online-kaufen\/#breadcrumb","itemListElement":[{"@type":"ListItem","position":1,"name":"Home","item":"https:\/\/chemgramx.com\/"},{"@type":"ListItem","position":2,"name":"Shop","item":"https:\/\/chemgramx.com\/shop\/"},{"@type":"ListItem","position":3,"name":"GBL (Gamma-Butyrolacton) online kaufen"}]},{"@type":"WebSite","@id":"https:\/\/chemgramx.com\/#website","url":"https:\/\/chemgramx.com\/","name":"Chemgramx","description":"","publisher":{"@id":"https:\/\/chemgramx.com\/#organization"},"potentialAction":[{"@type":"SearchAction","target":{"@type":"EntryPoint","urlTemplate":"https:\/\/chemgramx.com\/?s={search_term_string}"},"query-input":{"@type":"PropertyValueSpecification","valueRequired":true,"valueName":"search_term_string"}}],"inLanguage":"hu"},{"@type":"Organization","@id":"https:\/\/chemgramx.com\/#organization","name":"Chemgramx","url":"https:\/\/chemgramx.com\/","logo":{"@type":"ImageObject","inLanguage":"hu","@id":"https:\/\/chemgramx.com\/#\/schema\/logo\/image\/","url":"https:\/\/chemgramx.com\/wp-content\/uploads\/2024\/10\/final-logo.png","contentUrl":"https:\/\/chemgramx.com\/wp-content\/uploads\/2024\/10\/final-logo.png","width":250,"height":48,"caption":"Chemgramx"},"image":{"@id":"https:\/\/chemgramx.com\/#\/schema\/logo\/image\/"}}]}},"_links":{"self":[{"href":"https:\/\/chemgramx.com\/hu\/wp-json\/wp\/v2\/product\/7987","targetHints":{"allow":["GET"]}}],"collection":[{"href":"https:\/\/chemgramx.com\/hu\/wp-json\/wp\/v2\/product"}],"about":[{"href":"https:\/\/chemgramx.com\/hu\/wp-json\/wp\/v2\/types\/product"}],"replies":[{"embeddable":true,"href":"https:\/\/chemgramx.com\/hu\/wp-json\/wp\/v2\/comments?post=7987"}],"wp:featuredmedia":[{"embeddable":true,"href":"https:\/\/chemgramx.com\/hu\/wp-json\/wp\/v2\/media\/8029"}],"wp:attachment":[{"href":"https:\/\/chemgramx.com\/hu\/wp-json\/wp\/v2\/media?parent=7987"}],"wp:term":[{"taxonomy":"product_brand","embeddable":true,"href":"https:\/\/chemgramx.com\/hu\/wp-json\/wp\/v2\/product_brand?post=7987"},{"taxonomy":"product_cat","embeddable":true,"href":"https:\/\/chemgramx.com\/hu\/wp-json\/wp\/v2\/product_cat?post=7987"},{"taxonomy":"product_tag","embeddable":true,"href":"https:\/\/chemgramx.com\/hu\/wp-json\/wp\/v2\/product_tag?post=7987"}],"curies":[{"name":"wp","href":"https:\/\/api.w.org\/{rel}","templated":true}]}}