{"id":7988,"date":"2025-11-21T16:44:49","date_gmt":"2025-11-21T16:44:49","guid":{"rendered":"https:\/\/chemgramx.com\/?post_type=product&#038;p=7988"},"modified":"2025-11-21T16:53:28","modified_gmt":"2025-11-21T16:53:28","slug":"3-mmc-3-metilmetkatinon-online-vasarlas","status":"publish","type":"product","link":"https:\/\/chemgramx.com\/hu\/product\/3-mmc-3-methylmethcathinon-online-kaufen\/","title":{"rendered":"V\u00e1s\u00e1rl\u00e1s 3-MMC (3-Methylmethcathinone) online"},"content":{"rendered":"<p><b>3-MMC (3-metilmetkatinon)<\/b> egy szintetikus anyag a csoportb\u00f3l <b>Cathinone<\/b>. <b>A<\/b> stimul\u00e1l\u00f3 \u00e9s euf\u00f3rikus hat\u00e1sa miatt gyakran keresett term\u00e9k. Sok felhaszn\u00e1l\u00f3 \u00fagy d\u00f6nt, hogy, <b>V\u00e1s\u00e1rl\u00e1s 3-MMC (3-Methylmethcathinone) online<\/b> vagy c\u00e9lzottan <b>rendeljen 3-MMC-t (3-metilmetkatinont)<\/b>, <b>mert<\/b> kutat\u00e1si vegyi anyagk\u00e9nt <b>valamint<\/b> pszichoakt\u00edv anyagk\u00e9nt \u00e9rt\u00e9kelik.<\/p>\n<p>A n\u00f6vekv\u0151 keresletet a m\u00e1s stimul\u00e1nsok leg\u00e1lis alternat\u00edv\u00e1inak ir\u00e1nti \u00e9rdekl\u0151d\u00e9s magyar\u00e1zza. <b>Egyenes<\/b> a <b>V\u00e1s\u00e1rl\u00e1s 3-MMC (3-Methylmethcathinone) online<\/b> A biztons\u00e1g fontos, mivel a min\u0151s\u00e9g \u00e9s a tisztas\u00e1g nagyban v\u00e1ltozhat. <b>Csak<\/b> Egy megb\u00edzhat\u00f3 keresked\u0151n\u00e9l elker\u00fclhet\u0151, hogy alacsony min\u0151s\u00e9g\u0171 vagy szennyezett \u00e1rut kapjon. <b>Ez\u00e9rt<\/b> a szolg\u00e1ltat\u00f3 kiv\u00e1laszt\u00e1sa d\u00f6nt\u0151 fontoss\u00e1g\u00fa.<\/p>\n<h2>Mi az a 3-MMC (3-metilmetkatinon)? K\u00e9miai profil \u00e9s jogi helyzet<\/h2>\n<p>A szerkezet \u00e9s jogi besorol\u00e1s\u00e1nak egy\u00e9rtelm\u0171 meg\u00e9rt\u00e9se elengedhetetlen a v\u00e1s\u00e1rl\u00e1shoz.<\/p>\n<h3>K\u00e9miai \u00f6sszet\u00e9tel<\/h3>\n<p><b>3-MMC (3-metilmetkatinon)<\/b> a metkatinon sz\u00e1rmaz\u00e9ka, k\u00e9miai k\u00e9plete <span class=\"math-inline\" data-math=\"text{C}_{11}text{H}_{15}text{NO}\">$text{C}_{11}text{H}_{15}text{NO}$<\/span>. A k\u00f6vetkez\u0151 oszt\u00e1lyba tartozik <b>B\u00e9ta-keto-amfetaminok (katinonok)<\/b> \u00e9s els\u0151sorban <b>k\u00f6zponti idegrendszer stimul\u00e1ns<\/b>, g\u00e1tolva a neurotranszmitterek visszav\u00e9tel\u00e9t.<\/p>\n<h3>Jog\u00e1ll\u00e1s<\/h3>\n<p>A jogi st\u00e1tusz <b>\u00a0(3-metilmetkatinon) elad\u00f3<\/b> a <b>vil\u00e1gszerte elt\u00e9r\u0151<\/b>. M\u00edg egyes orsz\u00e1gok szab\u00e1lyozz\u00e1k vagy tiltj\u00e1k (pl. NPS-t\u00f6rv\u00e9nyekkel), m\u00e1s orsz\u00e1gokban <b>m\u00e9g<\/b> kutat\u00e1si vegyi anyagk\u00e9nt kezelend\u0151. A v\u00e1s\u00e1rl\u00f3knak <b>mindig<\/b> t\u00e1j\u00e9koztatni, <b>Hol lehet 3-MMC-t (3-metilmetkatinont) v\u00e1s\u00e1rolni?<\/b> a helyi t\u00f6rv\u00e9nyek betart\u00e1s\u00e1val lehets\u00e9ges. <b>Mert<\/b> A t\u00f6rv\u00e9nyek betart\u00e1sa mindig a vev\u0151 felel\u0151ss\u00e9ge.<\/p>\n<h2>Az online v\u00e1s\u00e1rl\u00e1s el\u0151nyei \u00e9s h\u00e1tr\u00e1nyai<\/h2>\n<p>A digit\u00e1lis v\u00e1s\u00e1rl\u00e1s k\u00e9nyelmes, de a min\u0151s\u00e9g tekintet\u00e9ben a legnagyobb \u00f3vatoss\u00e1got ig\u00e9nyli.<\/p>\n<h3>Hozz\u00e1f\u00e9rhet\u0151s\u00e9g \u00e9s \u00e1rk\u00e9pz\u00e9s<\/h3>\n<p>Az online v\u00e1s\u00e1rl\u00e1s sz\u00e1mos el\u0151nyt k\u00edn\u00e1l <b>diszkr\u00e9t lehet\u0151s\u00e9g<\/b>, <b>\u00a0(3-metilmetkatinon) v\u00e1s\u00e1rl\u00e1s<\/b> megszerezni, <b>n\u00e9lk\u00fcl<\/b> nem kell k\u00f6zint\u00e9zm\u00e9nyeket felkeresni. <b>Ezen k\u00edv\u00fcl<\/b> A v\u00e1s\u00e1rl\u00f3k online k\u00fcl\u00f6nb\u00f6z\u0151 term\u00e9kform\u00e1kat, tisztas\u00e1gi fokozatokat \u00e9s \u00e1rakat tal\u00e1lnak. A k\u00fcl\u00f6nb\u00f6z\u0151 szolg\u00e1ltat\u00f3k \u00f6sszehasonl\u00edt\u00e1sa a kulcs ahhoz, hogy a <b>A legjobb 3-MMC (3-metilmetkatinon) \u00e1r<\/b> tal\u00e1lni. <b>Ezen \u00f6sszehasonl\u00edt\u00e1s alapj\u00e1n<\/b> lehet a <b>legjobb hely  (3-<a href=\"\/product\/methallylescaline-fumarate-online-kaufen\/\">metilmetkatinon<\/a>) online v\u00e1s\u00e1rl\u00e1s<\/b> v\u00e1lassza.<\/p>\n<h3>Lehet\u0151s\u00e9gek \u00e9s kock\u00e1zatok<\/h3>\n<p>A v\u00e1s\u00e1rl\u00e1s speci\u00e1lis lehet\u0151s\u00e9geket \u00e9s kock\u00e1zatokat rejt mag\u00e1ban:<\/p>\n<ul>\n<li><b>El\u0151ny\u00f6k (lehet\u0151s\u00e9gek):<\/b> Diszkr\u00e9t h\u00e1zhozsz\u00e1ll\u00edt\u00e1s, \u00e1tl\u00e1that\u00f3 inform\u00e1ci\u00f3k \u00e9s gyakran laborat\u00f3riumi jelent\u00e9sek, valamint \u00e1rban vonz\u00f3 online aj\u00e1nlatok.<\/li>\n<li><b>Kock\u00e1zatok (vesz\u00e9lyek):<\/b> Ingadoz\u00f3 min\u0151s\u00e9g a megb\u00edzhatatlan keresked\u0151kn\u00e9l, jogi kock\u00e1zatok bizonyos orsz\u00e1gokban, valamint eg\u00e9szs\u00e9g\u00fcgyi kock\u00e1zatok helytelen adagol\u00e1s vagy szennyez\u0151d\u00e9s eset\u00e9n.<\/li>\n<\/ul>\n<h2>Hogyan tal\u00e1lhatsz megb\u00edzhat\u00f3 szolg\u00e1ltat\u00f3t?<\/h2>\n<p>A megb\u00edzhat\u00f3 forr\u00e1s azonos\u00edt\u00e1sa a kock\u00e1zat minimaliz\u00e1l\u00e1s\u00e1nak legfontosabb l\u00e9p\u00e9se.<\/p>\n<h3>Figyelmeztet\u0151 jelz\u00e9sek \u00e9s min\u0151s\u00e9gellen\u0151rz\u00e9s<\/h3>\n<p>Ki csod\u00e1lkozik, <b>Hol lehet 3-MMC-t (3-metilmetkatinont) v\u00e1s\u00e1rolni?<\/b>, figyelnie kell a k\u00f6vetkez\u0151 figyelmeztet\u0151 jelekre:<\/p>\n<ul>\n<li>Hi\u00e1nyz\u00f3 kapcsolattart\u00e1si adatok.<\/li>\n<li>Gyan\u00fasan alacsony \u00e1rak sz\u00e1rmaz\u00e1si igazol\u00e1s n\u00e9lk\u00fcl.<\/li>\n<li>Nincsenek v\u00e1s\u00e1rl\u00f3i \u00e9rt\u00e9kel\u00e9sek vagy negat\u00edv v\u00e9lem\u00e9nyek.<\/li>\n<li>Nincs CoA (elemz\u00e9si tan\u00fas\u00edtv\u00e1ny) a tisztas\u00e1g igazol\u00e1s\u00e1hoz.<\/li>\n<\/ul>\n<p>A f\u00f3rumokon \u00e9s platformokon tal\u00e1lhat\u00f3 val\u00f3di \u00e9rt\u00e9kel\u00e9sek seg\u00edtenek a megb\u00edzhat\u00f3 szolg\u00e1ltat\u00f3k azonos\u00edt\u00e1s\u00e1ban. <b>Ezen k\u00edv\u00fcl<\/b> egy komoly elad\u00f3 <b>mindig laborat\u00f3riumi jelent\u00e9sek<\/b> amelyek a tisztas\u00e1got \u00e9s biztons\u00e1got igazolj\u00e1k. <b>Ez a<\/b> elengedhetetlen a felel\u0151ss\u00e9gteljes kutat\u00e1shoz.<\/p>\n<h3>Jogi \u00e9s etikai szempontok<\/h3>\n<p>A v\u00e1s\u00e1rl\u00f3knak mindig figyelni\u00fck kell a <b>Jelenlegi jogi helyzet<\/b> ellen\u0151rizni, miel\u0151tt <b>Rendeljen (3-metilmetkatinon)<\/b>. Az anyag biztons\u00e1gos \u00e9s leg\u00e1lis kezel\u00e9se <b>kiz\u00e1r\u00f3lag a vev\u0151 felel\u0151ss\u00e9ge<\/b>.<\/p>\n<h2>K\u00f6vetkeztet\u00e9s<\/h2>\n<p><b>3-MMC (3-metilmetkatinon)<\/b> egy n\u00e9pszer\u0171 kutat\u00e1si vegyi anyag, amelynek stimul\u00e1l\u00f3 tulajdons\u00e1gai vannak. Ki <b>V\u00e1s\u00e1rl\u00e1s 3-MMC (3-Methylmethcathinone) online<\/b> szeretne, akkor <b>Ellen\u0151rizze a szolg\u00e1ltat\u00f3kat, hasonl\u00edtsa \u00f6ssze az \u00e1rakat \u00e9s ellen\u0151rizze a tisztas\u00e1gi tan\u00fas\u00edtv\u00e1nyokat.<\/b>.<\/p>\n<p>A <b>A legjobb hely a 3-MMC (3-metilmetkatinon) online v\u00e1s\u00e1rl\u00e1s\u00e1hoz<\/b>, ott van, ahol <b>\u00c1tl\u00e1that\u00f3s\u00e1g, biztons\u00e1g \u00e9s m\u00e9lt\u00e1nyos 3-MMC (3-metilmetkatinon) \u00e1r<\/b> garant\u00e1lva legyen. Tal\u00e1lkozzon egy <b>megalapozott d\u00f6nt\u00e9s<\/b> \u00e9s v\u00e1lassza kiz\u00e1r\u00f3lag a <b>megb\u00edzhat\u00f3 forr\u00e1sok<\/b>a  c\u00edmre. <b>V\u00e1s\u00e1roljon 3-MMC-t (3-metilmetkatinont) online egy megb\u00edzhat\u00f3 kutat\u00e1si forr\u00e1sb\u00f3l<\/b>.<\/p>","protected":false},"excerpt":{"rendered":"<p><b>3-MMC (3-metilmetkatinon)<\/b> egy n\u00e9pszer\u0171 katinon, amelyet gyakran kutat\u00e1si vegyi anyagk\u00e9nt v\u00e1s\u00e1rolnak. Mivel szintetikus stimul\u00e1nsr\u00f3l van sz\u00f3, <b>Min\u0151s\u00e9g \u00e9s tisztas\u00e1g<\/b> d\u00f6nt\u0151 fontoss\u00e1g\u00fa. Tudja meg, mi\u00e9rt n\u00e9pszer\u0171 az online v\u00e1s\u00e1rl\u00e1s, melyek <b>nagy kock\u00e1zatok<\/b> a megb\u00edzhatatlan szolg\u00e1ltat\u00f3k vesz\u00e9lyeir\u0151l \u00e9s arr\u00f3l, hogyan tal\u00e1lhat megb\u00edzhat\u00f3 keresked\u0151t. Csak a k\u00f6vetkez\u0151ket ellen\u0151rizve <b>Laborat\u00f3riumi tan\u00fas\u00edtv\u00e1nyok (COA)<\/b> \u00e9s a helyi el\u0151\u00edr\u00e1sok betart\u00e1sa <b>t\u00f6rv\u00e9nyek<\/b> A 3-MMC megb\u00edzhat\u00f3 kutat\u00e1si forr\u00e1sb\u00f3l szerezhet\u0151 be. A biztons\u00e1gos haszn\u00e1lat\u00e9rt mindig a v\u00e1s\u00e1rl\u00f3 felel.<\/p>","protected":false},"featured_media":8030,"comment_status":"open","ping_status":"closed","template":"","meta":{"_joinchat":[]},"product_brand":[],"product_cat":[48],"product_tag":[1425,1441,1438,1448,1434,1447,1431,1432,1427,1424,1443,1445,1428,1439,1442,1426,1433,1444,1449,1446,1429,1430,1440,1435,1437,1436],"class_list":{"0":"post-7988","1":"product","2":"type-product","3":"status-publish","4":"has-post-thumbnail","6":"product_cat-stimulants","7":"product_tag-3-methylmethcathinon-bestellen","8":"product_tag-3-mmc-bestellen","9":"product_tag-3-mmc-bulk-bestellung","10":"product_tag-3-mmc-chemikalie","11":"product_tag-3-mmc-experimente","12":"product_tag-3-mmc-forschung","13":"product_tag-3-mmc-forschung-chemikalie","14":"product_tag-3-mmc-fur-neurowissenschaftliche-studien","15":"product_tag-3-mmc-groshandel","16":"product_tag-3-mmc-kaufen","17":"product_tag-3-mmc-labor","18":"product_tag-3-mmc-legal","19":"product_tag-3-mmc-lieferant","20":"product_tag-3-mmc-marktanalyse","21":"product_tag-3-mmc-online","22":"product_tag-3-mmc-online-bestellen","23":"product_tag-3-mmc-pharmazeutische-forschung","24":"product_tag-3-mmc-sicher","25":"product_tag-3-mmc-versand","26":"product_tag-3mmc-gunstig","27":"product_tag-forschung-chemikalien-3-mmc","28":"product_tag-hochwertige-3-mmc-kaufen","29":"product_tag-innovative-3-mmc-forschung","30":"product_tag-laborqualitat-3-mmc","31":"product_tag-legaler-3-mmc-anbieter","32":"product_tag-sicherer-3-mmc-versand","34":"first","35":"instock","36":"shipping-taxable","37":"purchasable","38":"product-type-variable"},"yoast_head":"<!-- This site is optimized with the Yoast SEO plugin v27.5 - https:\/\/yoast.com\/product\/yoast-seo-wordpress\/ -->\n<title>3-MMC (3-Methylmethcathinon) online kaufen | Chemgramx<\/title>\n<meta name=\"description\" content=\"Dieser Leitfaden beleuchtet die chemischen Grundlagen, die Legalit\u00e4t von 3-MMC und die Sicherheitskriterien f\u00fcr seri\u00f6se Anbieter.\" \/>\n<meta name=\"robots\" content=\"index, follow, max-snippet:-1, max-image-preview:large, max-video-preview:-1\" \/>\n<link rel=\"canonical\" href=\"https:\/\/chemgramx.com\/hu\/termek-1\/3-mmc-3-metilmetkatinon-online-vasarlas\/\" \/>\n<meta property=\"og:locale\" content=\"hu_HU\" \/>\n<meta property=\"og:type\" content=\"article\" \/>\n<meta property=\"og:title\" content=\"3-MMC (3-Methylmethcathinon) online kaufen | Chemgramx\" \/>\n<meta property=\"og:description\" content=\"Dieser Leitfaden beleuchtet die chemischen Grundlagen, die Legalit\u00e4t von 3-MMC und die Sicherheitskriterien f\u00fcr seri\u00f6se Anbieter.\" \/>\n<meta property=\"og:url\" content=\"https:\/\/chemgramx.com\/hu\/termek-1\/3-mmc-3-metilmetkatinon-online-vasarlas\/\" \/>\n<meta property=\"og:site_name\" content=\"Chemgramx\" \/>\n<meta property=\"article:modified_time\" content=\"2025-11-21T16:53:28+00:00\" \/>\n<meta property=\"og:image\" content=\"https:\/\/chemgramx.com\/wp-content\/uploads\/2025\/11\/3-MMC-3-Methylmethcathinon.jpg\" \/>\n\t<meta property=\"og:image:width\" content=\"474\" \/>\n\t<meta property=\"og:image:height\" content=\"477\" \/>\n\t<meta property=\"og:image:type\" content=\"image\/jpeg\" \/>\n<meta name=\"twitter:card\" content=\"summary_large_image\" \/>\n<meta name=\"twitter:label1\" content=\"Becs\u00fclt olvas\u00e1si id\u0151\" \/>\n\t<meta name=\"twitter:data1\" content=\"3 perc\" \/>\n<script type=\"application\/ld+json\" class=\"yoast-schema-graph\">{\"@context\":\"https:\\\/\\\/schema.org\",\"@graph\":[{\"@type\":\"WebPage\",\"@id\":\"https:\\\/\\\/chemgramx.com\\\/product\\\/3-mmc-3-methylmethcathinon-online-kaufen\\\/\",\"url\":\"https:\\\/\\\/chemgramx.com\\\/product\\\/3-mmc-3-methylmethcathinon-online-kaufen\\\/\",\"name\":\"3-MMC (3-Methylmethcathinon) online kaufen | Chemgramx\",\"isPartOf\":{\"@id\":\"https:\\\/\\\/chemgramx.com\\\/#website\"},\"primaryImageOfPage\":{\"@id\":\"https:\\\/\\\/chemgramx.com\\\/product\\\/3-mmc-3-methylmethcathinon-online-kaufen\\\/#primaryimage\"},\"image\":{\"@id\":\"https:\\\/\\\/chemgramx.com\\\/product\\\/3-mmc-3-methylmethcathinon-online-kaufen\\\/#primaryimage\"},\"thumbnailUrl\":\"https:\\\/\\\/chemgramx.com\\\/wp-content\\\/uploads\\\/2025\\\/11\\\/3-MMC-3-Methylmethcathinon.jpg\",\"datePublished\":\"2025-11-21T16:44:49+00:00\",\"dateModified\":\"2025-11-21T16:53:28+00:00\",\"description\":\"Dieser Leitfaden beleuchtet die chemischen Grundlagen, die Legalit\u00e4t von 3-MMC und die Sicherheitskriterien f\u00fcr seri\u00f6se Anbieter.\",\"breadcrumb\":{\"@id\":\"https:\\\/\\\/chemgramx.com\\\/product\\\/3-mmc-3-methylmethcathinon-online-kaufen\\\/#breadcrumb\"},\"inLanguage\":\"hu\",\"potentialAction\":[{\"@type\":\"ReadAction\",\"target\":[\"https:\\\/\\\/chemgramx.com\\\/product\\\/3-mmc-3-methylmethcathinon-online-kaufen\\\/\"]}]},{\"@type\":\"ImageObject\",\"inLanguage\":\"hu\",\"@id\":\"https:\\\/\\\/chemgramx.com\\\/product\\\/3-mmc-3-methylmethcathinon-online-kaufen\\\/#primaryimage\",\"url\":\"https:\\\/\\\/chemgramx.com\\\/wp-content\\\/uploads\\\/2025\\\/11\\\/3-MMC-3-Methylmethcathinon.jpg\",\"contentUrl\":\"https:\\\/\\\/chemgramx.com\\\/wp-content\\\/uploads\\\/2025\\\/11\\\/3-MMC-3-Methylmethcathinon.jpg\",\"width\":474,\"height\":477},{\"@type\":\"BreadcrumbList\",\"@id\":\"https:\\\/\\\/chemgramx.com\\\/product\\\/3-mmc-3-methylmethcathinon-online-kaufen\\\/#breadcrumb\",\"itemListElement\":[{\"@type\":\"ListItem\",\"position\":1,\"name\":\"Home\",\"item\":\"https:\\\/\\\/chemgramx.com\\\/\"},{\"@type\":\"ListItem\",\"position\":2,\"name\":\"Shop\",\"item\":\"https:\\\/\\\/chemgramx.com\\\/shop\\\/\"},{\"@type\":\"ListItem\",\"position\":3,\"name\":\"3-MMC (3-Methylmethcathinon) Online Kaufen\"}]},{\"@type\":\"WebSite\",\"@id\":\"https:\\\/\\\/chemgramx.com\\\/#website\",\"url\":\"https:\\\/\\\/chemgramx.com\\\/\",\"name\":\"Chemgramx\",\"description\":\"\",\"publisher\":{\"@id\":\"https:\\\/\\\/chemgramx.com\\\/#organization\"},\"potentialAction\":[{\"@type\":\"SearchAction\",\"target\":{\"@type\":\"EntryPoint\",\"urlTemplate\":\"https:\\\/\\\/chemgramx.com\\\/?s={search_term_string}\"},\"query-input\":{\"@type\":\"PropertyValueSpecification\",\"valueRequired\":true,\"valueName\":\"search_term_string\"}}],\"inLanguage\":\"hu\"},{\"@type\":\"Organization\",\"@id\":\"https:\\\/\\\/chemgramx.com\\\/#organization\",\"name\":\"Chemgramx\",\"url\":\"https:\\\/\\\/chemgramx.com\\\/\",\"logo\":{\"@type\":\"ImageObject\",\"inLanguage\":\"hu\",\"@id\":\"https:\\\/\\\/chemgramx.com\\\/#\\\/schema\\\/logo\\\/image\\\/\",\"url\":\"https:\\\/\\\/chemgramx.com\\\/wp-content\\\/uploads\\\/2024\\\/10\\\/final-logo.png\",\"contentUrl\":\"https:\\\/\\\/chemgramx.com\\\/wp-content\\\/uploads\\\/2024\\\/10\\\/final-logo.png\",\"width\":250,\"height\":48,\"caption\":\"Chemgramx\"},\"image\":{\"@id\":\"https:\\\/\\\/chemgramx.com\\\/#\\\/schema\\\/logo\\\/image\\\/\"}}]}<\/script>\n<!-- \/ Yoast SEO plugin. -->","yoast_head_json":{"title":"3-MMC (3-Metilmetkatinon) online v\u00e1s\u00e1rl\u00e1s | Chemgramx","description":"Ez az \u00fatmutat\u00f3 bemutatja a k\u00e9miai alapokat, a 3-MMC jogi helyzet\u00e9t \u00e9s a megb\u00edzhat\u00f3 forgalmaz\u00f3k biztons\u00e1gi krit\u00e9riumait.","robots":{"index":"index","follow":"follow","max-snippet":"max-snippet:-1","max-image-preview":"max-image-preview:large","max-video-preview":"max-video-preview:-1"},"canonical":"https:\/\/chemgramx.com\/hu\/termek-1\/3-mmc-3-metilmetkatinon-online-vasarlas\/","og_locale":"hu_HU","og_type":"article","og_title":"3-MMC (3-Methylmethcathinon) online kaufen | Chemgramx","og_description":"Dieser Leitfaden beleuchtet die chemischen Grundlagen, die Legalit\u00e4t von 3-MMC und die Sicherheitskriterien f\u00fcr seri\u00f6se Anbieter.","og_url":"https:\/\/chemgramx.com\/hu\/termek-1\/3-mmc-3-metilmetkatinon-online-vasarlas\/","og_site_name":"Chemgramx","article_modified_time":"2025-11-21T16:53:28+00:00","og_image":[{"width":474,"height":477,"url":"https:\/\/chemgramx.com\/wp-content\/uploads\/2025\/11\/3-MMC-3-Methylmethcathinon.jpg","type":"image\/jpeg"}],"twitter_card":"summary_large_image","twitter_misc":{"Becs\u00fclt olvas\u00e1si id\u0151":"3 perc"},"schema":{"@context":"https:\/\/schema.org","@graph":[{"@type":"WebPage","@id":"https:\/\/chemgramx.com\/product\/3-mmc-3-methylmethcathinon-online-kaufen\/","url":"https:\/\/chemgramx.com\/product\/3-mmc-3-methylmethcathinon-online-kaufen\/","name":"3-MMC (3-Metilmetkatinon) online v\u00e1s\u00e1rl\u00e1s | Chemgramx","isPartOf":{"@id":"https:\/\/chemgramx.com\/#website"},"primaryImageOfPage":{"@id":"https:\/\/chemgramx.com\/product\/3-mmc-3-methylmethcathinon-online-kaufen\/#primaryimage"},"image":{"@id":"https:\/\/chemgramx.com\/product\/3-mmc-3-methylmethcathinon-online-kaufen\/#primaryimage"},"thumbnailUrl":"https:\/\/chemgramx.com\/wp-content\/uploads\/2025\/11\/3-MMC-3-Methylmethcathinon.jpg","datePublished":"2025-11-21T16:44:49+00:00","dateModified":"2025-11-21T16:53:28+00:00","description":"Ez az \u00fatmutat\u00f3 bemutatja a k\u00e9miai alapokat, a 3-MMC jogi helyzet\u00e9t \u00e9s a megb\u00edzhat\u00f3 forgalmaz\u00f3k biztons\u00e1gi krit\u00e9riumait.","breadcrumb":{"@id":"https:\/\/chemgramx.com\/product\/3-mmc-3-methylmethcathinon-online-kaufen\/#breadcrumb"},"inLanguage":"hu","potentialAction":[{"@type":"ReadAction","target":["https:\/\/chemgramx.com\/product\/3-mmc-3-methylmethcathinon-online-kaufen\/"]}]},{"@type":"ImageObject","inLanguage":"hu","@id":"https:\/\/chemgramx.com\/product\/3-mmc-3-methylmethcathinon-online-kaufen\/#primaryimage","url":"https:\/\/chemgramx.com\/wp-content\/uploads\/2025\/11\/3-MMC-3-Methylmethcathinon.jpg","contentUrl":"https:\/\/chemgramx.com\/wp-content\/uploads\/2025\/11\/3-MMC-3-Methylmethcathinon.jpg","width":474,"height":477},{"@type":"BreadcrumbList","@id":"https:\/\/chemgramx.com\/product\/3-mmc-3-methylmethcathinon-online-kaufen\/#breadcrumb","itemListElement":[{"@type":"ListItem","position":1,"name":"Home","item":"https:\/\/chemgramx.com\/"},{"@type":"ListItem","position":2,"name":"Shop","item":"https:\/\/chemgramx.com\/shop\/"},{"@type":"ListItem","position":3,"name":"3-MMC (3-Methylmethcathinon) Online Kaufen"}]},{"@type":"WebSite","@id":"https:\/\/chemgramx.com\/#website","url":"https:\/\/chemgramx.com\/","name":"Chemgramx","description":"","publisher":{"@id":"https:\/\/chemgramx.com\/#organization"},"potentialAction":[{"@type":"SearchAction","target":{"@type":"EntryPoint","urlTemplate":"https:\/\/chemgramx.com\/?s={search_term_string}"},"query-input":{"@type":"PropertyValueSpecification","valueRequired":true,"valueName":"search_term_string"}}],"inLanguage":"hu"},{"@type":"Organization","@id":"https:\/\/chemgramx.com\/#organization","name":"Chemgramx","url":"https:\/\/chemgramx.com\/","logo":{"@type":"ImageObject","inLanguage":"hu","@id":"https:\/\/chemgramx.com\/#\/schema\/logo\/image\/","url":"https:\/\/chemgramx.com\/wp-content\/uploads\/2024\/10\/final-logo.png","contentUrl":"https:\/\/chemgramx.com\/wp-content\/uploads\/2024\/10\/final-logo.png","width":250,"height":48,"caption":"Chemgramx"},"image":{"@id":"https:\/\/chemgramx.com\/#\/schema\/logo\/image\/"}}]}},"_links":{"self":[{"href":"https:\/\/chemgramx.com\/hu\/wp-json\/wp\/v2\/product\/7988","targetHints":{"allow":["GET"]}}],"collection":[{"href":"https:\/\/chemgramx.com\/hu\/wp-json\/wp\/v2\/product"}],"about":[{"href":"https:\/\/chemgramx.com\/hu\/wp-json\/wp\/v2\/types\/product"}],"replies":[{"embeddable":true,"href":"https:\/\/chemgramx.com\/hu\/wp-json\/wp\/v2\/comments?post=7988"}],"wp:featuredmedia":[{"embeddable":true,"href":"https:\/\/chemgramx.com\/hu\/wp-json\/wp\/v2\/media\/8030"}],"wp:attachment":[{"href":"https:\/\/chemgramx.com\/hu\/wp-json\/wp\/v2\/media?parent=7988"}],"wp:term":[{"taxonomy":"product_brand","embeddable":true,"href":"https:\/\/chemgramx.com\/hu\/wp-json\/wp\/v2\/product_brand?post=7988"},{"taxonomy":"product_cat","embeddable":true,"href":"https:\/\/chemgramx.com\/hu\/wp-json\/wp\/v2\/product_cat?post=7988"},{"taxonomy":"product_tag","embeddable":true,"href":"https:\/\/chemgramx.com\/hu\/wp-json\/wp\/v2\/product_tag?post=7988"}],"curies":[{"name":"wp","href":"https:\/\/api.w.org\/{rel}","templated":true}]}}