{"id":7990,"date":"2025-11-21T16:44:50","date_gmt":"2025-11-21T16:44:50","guid":{"rendered":"https:\/\/chemgramx.com\/?post_type=product&#038;p=7990"},"modified":"2025-12-09T11:03:14","modified_gmt":"2025-12-09T11:03:14","slug":"vasarolni-mexedrone-online","status":"publish","type":"product","link":"https:\/\/chemgramx.com\/hu\/product\/mexedrone-online-kaufen\/","title":{"rendered":"Mexedron v\u00e1s\u00e1rl\u00e1s \u2013 Tisztas\u00e1g (kiv\u00e1l\u00f3 min\u0151s\u00e9g\u0171)"},"content":{"rendered":"<p>Keres\u00e9s a <b>Mexedron<\/b> a legmagasabb tisztas\u00e1g\u00fa \u00e9s min\u0151s\u00e9g\u0171? A Chemgramxn\u00e9l lehet\u0151s\u00e9get k\u00edn\u00e1lunk \u00d6nnek, hogy, <b>Mexedron elad\u00f3<\/b> megv\u00e1s\u00e1rolni, amely szigor\u00fa min\u0151s\u00e9g-ellen\u0151rz\u00e9snek van al\u00e1vetve. Elk\u00f6telezettek vagyunk amellett, hogy olyan vegyi anyagokat sz\u00e1ll\u00edtsunk, amelyek megfelelnek a kutat\u00e1si c\u00e9lokra vonatkoz\u00f3 legmagasabb szabv\u00e1nyoknak. Meg\u00e9rtj\u00fck a tudom\u00e1nyos k\u00f6z\u00f6ss\u00e9g pontoss\u00e1g \u00e9s megb\u00edzhat\u00f3s\u00e1g ir\u00e1nti ig\u00e9ny\u00e9t. Ez\u00e9rt gondoskodunk arr\u00f3l, hogy minden egyes t\u00e9tel <b>Kiv\u00e1l\u00f3 min\u0151s\u00e9g\u0171 Mexedron<\/b> konzisztens \u00e9s reproduk\u00e1lhat\u00f3 eredm\u00e9nyeket biztos\u00edt.<\/p>\n<p>B\u00fcszk\u00e9k vagyunk arra, hogy \u00d6nnek <b>a legjobb Mexedron, ami kaphat\u00f3<\/b>, k\u00edn\u00e1lhatunk. Ha \u00d6n <b>Mexedron online megrendel\u00e9se<\/b> akkor n\u00e1lunk j\u00f3 helyen j\u00e1r. Folyamatunk \u00fagy van kialak\u00edtva, hogy a tudom\u00e1nyos anyagok beszerz\u00e9se a lehet\u0151 legegyszer\u0171bb \u00e9s leghat\u00e9konyabb legyen. Biztos lehet benne, hogy <b>hiteles Mexedron<\/b> megkapja, amely ig\u00e9nyes alkalmaz\u00e1sokhoz is alkalmas.<\/p>\n<h2>Mi\u00e9rt v\u00e1lassza a Chemgramx Mexedron term\u00e9keit?<\/h2>\n<p>A megfelel\u0151 besz\u00e1ll\u00edt\u00f3 kiv\u00e1laszt\u00e1sa kutat\u00e1si vegyszerekhez d\u00f6nt\u0151 fontoss\u00e1g\u00fa. A Chemgramx megb\u00edzhat\u00f3 n\u00e9vk\u00e9nt v\u00e1lt ismertt\u00e9, amelynek k\u00f6z\u00e9ppontj\u00e1ban a tisztas\u00e1got \u00e9s hat\u00e9konys\u00e1got garant\u00e1l\u00f3 term\u00e9kek sz\u00e1ll\u00edt\u00e1sa \u00e1ll. Term\u00e9keinket gondosan v\u00e1logatjuk, hogy megfeleljenek a kutat\u00f3k, tud\u00f3sok \u00e9s laborat\u00f3riumok ig\u00e9nyeinek vil\u00e1gszerte. Ezen t\u00falmen\u0151en arra t\u00f6reksz\u00fcnk, hogy kiv\u00e9teles \u00fcgyf\u00e9lszolg\u00e1latot ny\u00fajtsunk, amely t\u00e1mogatja tudom\u00e1nyos t\u00f6rekv\u00e9seit.<\/p>\n<p>Ha <b>Mexedron elad\u00f3<\/b> keres, akkor a Chemgramx az els\u0151 sz\u00e1m\u00fa v\u00e1laszt\u00e1s. Nagy hangs\u00falyt fektet\u00fcnk a \u00e1tl\u00e1that\u00f3s\u00e1gra \u00e9s az \u00fcgyf\u00e9l-el\u00e9gedetts\u00e9gre. Biztos lehet benne, hogy az \u00e1ltalunk k\u00edn\u00e1lt term\u00e9kek <b>legmagasabb tisztas\u00e1g\u00fa elad\u00f3<\/b> . Ez garant\u00e1lja, hogy k\u00eds\u00e9rletei \u00e9s elemz\u00e9sei szil\u00e1rd alapokon nyugodjanak. Kutat\u00e1s\u00e1nak integrit\u00e1sa sz\u00e1munkra els\u0151dleges fontoss\u00e1g\u00fa.<\/p>\n<h3>A mexedron alkalmaz\u00e1si ter\u00fcletei \u00e9s tulajdons\u00e1gai<\/h3>\n<p>A mexedron egy olyan anyag, amely k\u00fcl\u00f6nb\u00f6z\u0151 tudom\u00e1nyos kutat\u00e1si ter\u00fcleteken figyelmet keltett. K\u00e9miai szerkezete \u00e9s potenci\u00e1lis tulajdons\u00e1gai miatt \u00e9rdekes molekula olyan ter\u00fcleteken v\u00e9gzett tanulm\u00e1nyokhoz, mint az orvosi k\u00e9mia \u00e9s az anyagok tudom\u00e1nya. A kutat\u00f3k gyakran haszn\u00e1lj\u00e1k \u00faj hipot\u00e9zisek tesztel\u00e9s\u00e9re \u00e9s a specifikus biok\u00e9miai \u00fatvonalak meg\u00e9rt\u00e9s\u00e9nek b\u0151v\u00edt\u00e9s\u00e9re. Tulajdons\u00e1gainak pontos jellemz\u00e9se folyamatos folyamat a tudom\u00e1nyos k\u00f6z\u00f6ss\u00e9gben.<\/p>\n<p>A k\u00e9miai vegy\u00fcletekkel val\u00f3 munka sor\u00e1n elengedhetetlen az egyes anyagok saj\u00e1tos tulajdons\u00e1gainak ismerete. Ez k\u00fcl\u00f6n\u00f6sen igaz, ha <b>Mexedron online megrendel\u00e9se<\/b>. Az anyag tisztas\u00e1ga jelent\u0151sen befoly\u00e1solhatja k\u00eds\u00e9rleteinek eredm\u00e9nyeit. Ez\u00e9rt a Chemgramx csak olyan term\u00e9keket k\u00edn\u00e1l, amelyek megfelelnek szigor\u00fa tisztas\u00e1gi szabv\u00e1nyainknak. Ez alapvet\u0151 r\u00e9sze \u00edg\u00e9ret\u00fcnknek, hogy, <b>Kiv\u00e1l\u00f3 min\u0151s\u00e9g\u0171 kutat\u00e1si anyagok<\/b> sz\u00e1ll\u00edtani.<\/p>\n<p>A tudom\u00e1nyos kutat\u00e1shoz megb\u00edzhat\u00f3 \u00e9s konzisztens anyagokra van sz\u00fcks\u00e9g. Ha \u00d6n <b>a legjobb Mexedron, ami kaphat\u00f3<\/b>, akkor a Chemgramx-ra b\u00edzhat. Meg\u00e9rtj\u00fck, hogy munk\u00e1j\u00e1ban milyen fontos a pontoss\u00e1g. Ez\u00e9rt gondoskodunk arr\u00f3l, hogy term\u00e9keink megfeleljenek ezeknek a k\u00f6vetelm\u00e9nyeknek. Fontos sz\u00e1munkra az \u00fcgyfeleink term\u00e9keink ir\u00e1nti bizalma, \u00e9s folyamatosan azon dolgozunk, hogy ezt a bizalmat meg\u00e9rdemelj\u00fck.<\/p>\n<ul>\n<li><b>Nagy tisztas\u00e1g:<\/b> Mexedron term\u00e9k\u00fcnket gondosan ellen\u0151rizz\u00fck tisztas\u00e1g\u00e1t illet\u0151en, hogy biztosak lehess\u00fcnk abban, hogy ig\u00e9nyes kutat\u00e1si alkalmaz\u00e1sokhoz is alkalmas.<\/li>\n<li><b>K\u00f6vetkezetes min\u0151s\u00e9g:<\/b> Garant\u00e1ljuk minden sz\u00e1ll\u00edt\u00e1s \u00e1lland\u00f3 min\u0151s\u00e9g\u00e9t, hogy \u00d6n biztos lehessen az eredm\u00e9nyekben.<\/li>\n<li><b>Kutat\u00e1sra alkalmas:<\/b> Az \u00e1ltalunk k\u00edn\u00e1lt term\u00e9kek kifejezetten tudom\u00e1nyos laborat\u00f3riumokban val\u00f3 haszn\u00e1latra lettek kifejlesztve.<\/li>\n<\/ul>\n<h3>Mi\u00e9rt olyan fontos a megfelel\u0151 vegyszerek kiv\u00e1laszt\u00e1sa?<\/h3>\n<p>A tudom\u00e1nyos kutat\u00e1s integrit\u00e1sa jelent\u0151sen f\u00fcgg a felhaszn\u00e1lt anyagok min\u0151s\u00e9g\u00e9t\u0151l. A szennyezett vagy alacsony min\u0151s\u00e9g\u0171 vegyszerek f\u00e9lrevezet\u0151 eredm\u00e9nyekhez vezethetnek, ami \u00e9rt\u00e9kes id\u0151t \u00e9s er\u0151forr\u00e1sokat pazarol el. Ez\u00e9rt rendk\u00edv\u00fcl fontos, hogy a vegyszereket megb\u00edzhat\u00f3 besz\u00e1ll\u00edt\u00f3kt\u00f3l, p\u00e9ld\u00e1ul a Chemgramx-t\u00f3l szerezz\u00fck be. Ha \u00d6n <b>hiteles Mexedron<\/b> sz\u00fcks\u00e9g\u00fck van, biztos\u00edtjuk, hogy olyan term\u00e9ket kapjanak, amely megfelel a specifik\u00e1ci\u00f3knak.<\/p>\n<p>Tudjuk, hogy bizonyos kutat\u00e1si vegyszerek keres\u00e9se kih\u00edv\u00e1st jelenthet. Ez\u00e9rt \u00fagy alak\u00edtottuk ki folyamatunkat, hogy az \u00d6n sz\u00e1m\u00e1ra a lehet\u0151 legz\u00f6kken\u0151mentesebb legyen. Ha <b>Mexedron elad\u00f3<\/b> , akkor biztos lehet benne, hogy k\u00e9r\u00e9s\u00e9t gyorsan \u00e9s hat\u00e9konyan fogjuk feldolgozni. A vegyi term\u00e9kek ter\u00e9n szerzett szak\u00e9rtelm\u00fcnknek k\u00f6sz\u00f6nhet\u0151en pontosan azt tudjuk sz\u00e1ll\u00edtani \u00d6nnek, amire sz\u00fcks\u00e9ge van.<\/p>\n<p>Ezenk\u00edv\u00fcl az ipari szabv\u00e1nyok betart\u00e1sa is elengedhetetlen. Ha \u00d6n <b>Mexedron online megrendel\u00e9se<\/b>, biztos lehet benne, hogy a term\u00e9ket gondoss\u00e1ggal \u00e9s szak\u00e9rtelemmel gy\u00e1rtott\u00e1k. Ez r\u00e9sze a kiv\u00e1l\u00f3s\u00e1g ir\u00e1nti elk\u00f6telezetts\u00e9g\u00fcnknek. Szeretn\u00e9nk, ha minden szempontb\u00f3l el\u00e9gedett lenne vel\u00fcnk. A term\u00e9keink biztons\u00e1ga \u00e9s megb\u00edzhat\u00f3s\u00e1ga els\u0151dleges fontoss\u00e1g\u00fa sz\u00e1munkra.<\/p>\n<h3>Min\u0151s\u00e9g ir\u00e1nti elk\u00f6telezetts\u00e9g\u00fcnk<\/h3>\n<p>A Chemgramxn\u00e9l a min\u0151s\u00e9g nem ut\u00f3lagos gondolat, hanem \u00fczleti tev\u00e9kenys\u00e9g\u00fcnk k\u00f6z\u00e9ppontj\u00e1ban \u00e1ll. Tiszt\u00e1ban vagyunk azzal, hogy a vegyi anyagok kritikus szerepet j\u00e1tszanak a tudom\u00e1nyos felfedez\u00e9sekben. Ez\u00e9rt szigor\u00fa min\u0151s\u00e9g-ellen\u0151rz\u00e9si elj\u00e1r\u00e1sokat alkalmazunk. Teh\u00e1t, ha \u00d6n <b>Kiv\u00e1l\u00f3 min\u0151s\u00e9g\u0171 Mexedron<\/b> megv\u00e1s\u00e1rolja, biztos lehet benne, hogy alaposan tesztelt\u00e9k. Ez minden term\u00e9k\u00fcnkre vonatkozik, bele\u00e9rtve a speci\u00e1lis kutat\u00e1si c\u00e9lokra sz\u00e1ntakat is. Az al\u00e1bbiakat k\u00edn\u00e1ljuk \u00d6nnek <b>Laborat\u00f3riumi min\u0151s\u00e9g\u0171 term\u00e9kek elad\u00f3<\/b> to.<\/p>\n<p>C\u00e9lunk, hogy \u00fcgyfeleink elv\u00e1r\u00e1sait fel\u00fclm\u00faljuk. Ezt folyamatos folyamatfejleszt\u00e9ssel \u00e9s a legjobb alapanyagok kiv\u00e1laszt\u00e1s\u00e1val \u00e9rj\u00fck el. Ha \u00fagy d\u00f6nt, hogy, <b>Mexedron online megrendel\u00e9se<\/b>, v\u00e1lasszon olyan partnert, aki elk\u00f6telezett a sikere ir\u00e1nt. C\u00e9lunk, hogy a lehet\u0151 legjobb anyagokat biztos\u00edtsuk \u00d6nnek \u00e9rt\u00e9kes kutat\u00e1si munk\u00e1j\u00e1hoz.<\/p>\n<p>Ezen fel\u00fcl m\u00e1s, nagy tisztas\u00e1g\u00fa vegyi anyagokat is k\u00edn\u00e1lunk kutat\u00e1si ig\u00e9nyeinek kiel\u00e9g\u00edt\u00e9s\u00e9re. Ha p\u00e9ld\u00e1ul gy\u00f3gyszer\u00e9szeti kutat\u00e1shoz sz\u00fcks\u00e9ges vegyi vegy\u00fcletek ir\u00e1nt \u00e9rdekl\u0151dik, akkor a k\u00f6vetkez\u0151 term\u00e9kek lehetnek \u00e9rdekesek az \u00d6n sz\u00e1m\u00e1ra: <a href=\"https:\/\/chemgramx.com\/product\/oxycontin-oc-40mg\/\">Oxycontin OC 40mg<\/a> egy tov\u00e1bbi lehet\u0151s\u00e9g, amelyet \u00e9rdemes megfontolnia. C\u00e9lunk, hogy olyan \u00e1tfog\u00f3 term\u00e9kv\u00e1laszt\u00e9kot k\u00edn\u00e1ljunk, amely megfelel a modern tudom\u00e1ny sokr\u00e9t\u0171 ig\u00e9nyeinek. Ez\u00e9rt fontos, hogy a min\u0151s\u00e9gre figyeljen, amikor <b>Mexedron elad\u00f3<\/b> megszerezni.<\/p>\n<h3>Biztons\u00e1gos \u00e9s megb\u00edzhat\u00f3 beszerz\u00e9s<\/h3>\n<p>Tudjuk, hogy a tudom\u00e1nyos vegyszerek beszerz\u00e9se bizalmat ig\u00e9nyel. Ez\u00e9rt a Chemgramx olyan folyamatokat vezetett be, amelyek biztos\u00edtj\u00e1k a <b>biztons\u00e1gos beszerz\u00e9s<\/b> biztos\u00edtani. A beszerz\u00e9st\u0151l a kezel\u00e9sig minden l\u00e9p\u00e9st a legnagyobb gondoss\u00e1ggal hajtunk v\u00e9gre. Ha \u00d6n <b>hiteles Mexedron<\/b> t\u0151l\u00fcnk v\u00e1s\u00e1rol, biztos lehet benne, hogy az a legmagasabb sz\u00ednvonalnak megfelel. Megb\u00edzhat\u00f3s\u00e1gunk h\u00edrnev\u00fcnk alapk\u00f6ve.<\/p>\n<p>C\u00e9lunk, hogy megk\u00f6nny\u00edts\u00fck \u00d6nnek a kutat\u00e1si anyagok beszerz\u00e9s\u00e9nek folyamat\u00e1t. Ha \u00d6n <b>Mexedron online megrendel\u00e9se<\/b>, akkor b\u00edzhat szak\u00e9rtelm\u00fcnkben. Az al\u00e1bbi szolg\u00e1ltat\u00e1sokat k\u00edn\u00e1ljuk \u00d6nnek <b>Kiv\u00e1l\u00f3 min\u0151s\u00e9g\u0171 kutat\u00e1si anyagok<\/b>, amelyek elengedhetetlenek k\u00eds\u00e9rleteihez. C\u00e9lunk, hogy z\u00f6kken\u0151mentes \u00e9lm\u00e9nyt ny\u00fajtsunk \u00d6nnek, hogy \u00d6n a kutat\u00e1s\u00e1ra koncentr\u00e1lhasson. Ez\u00e9rt vagyunk a legjobb v\u00e1laszt\u00e1s az \u00d6n ig\u00e9nyeinek.<\/p>\n<p>A Mexedron mellett sz\u00e1mos m\u00e1s vegyi term\u00e9ket is k\u00edn\u00e1lunk. Ha konkr\u00e9t vegy\u00fcleteket keres, javasoljuk, hogy b\u00f6ng\u00e9ssze \u00e1t k\u00edn\u00e1latunkat. P\u00e9ld\u00e1ul, ha kutat\u00e1si vegyszerek ir\u00e1nt \u00e9rdekl\u0151dik, akkor <a href=\"https:\/\/chemgramx.com\/product\/mexedrone-online-kaufen\/\">Mexedron online v\u00e1s\u00e1rl\u00e1s<\/a> egy m\u00e1sik relev\u00e1ns keres\u00e9s lehet az \u00d6n sz\u00e1m\u00e1ra. Arra t\u00f6reksz\u00fcnk, hogy minden tudom\u00e1nyos ig\u00e9ny\u00e9t kiel\u00e9g\u00edt\u0151, \u00e1tfog\u00f3 v\u00e1laszt\u00e9kot biztos\u00edtsunk.<\/p>\n<h3>Mi\u00e9rt \u00e9rdemes a Chemgramx-n\u00e1l online v\u00e1s\u00e1rolni?<\/h3>\n<p>A d\u00f6nt\u00e9s, <b>most online v\u00e1s\u00e1rolni<\/b>, akkor a min\u0151s\u00e9g, a tisztas\u00e1g \u00e9s a megb\u00edzhat\u00f3s\u00e1g mellett d\u00f6nt. Mi, a Chemgramx-n\u00e1l arra t\u00f6reksz\u00fcnk, hogy p\u00e1ratlan v\u00e1s\u00e1rl\u00e1si \u00e9lm\u00e9nyt ny\u00fajtsunk \u00d6nnek. Ha <b>Mexedron elad\u00f3<\/b> term\u00e9keinket v\u00e1lasztja, olyan term\u00e9ket v\u00e1laszt, amely szigor\u00fa teszteken esett \u00e1t. Ez\u00e9rt \u00d6n <b>kiv\u00e1l\u00f3 min\u0151s\u00e9g\u0171 Mexedron<\/b>, amely megfelel tudom\u00e1nyos k\u00f6vetelm\u00e9nyeinek. Ez az \u00edg\u00e9ret\u00fcnk \u00d6nnek.<\/p>\n<p>A kiv\u00e1l\u00f3s\u00e1g ir\u00e1nti elk\u00f6telezetts\u00e9g\u00fcnk t\u00falmutat term\u00e9keinken. Kiv\u00e9teles \u00fcgyf\u00e9lszolg\u00e1latot ny\u00fajtunk, hogy minden k\u00e9rd\u00e9s\u00e9re v\u00e1laszt kapjon, \u00e9s megkapja a sz\u00fcks\u00e9ges t\u00e1mogat\u00e1st. Ha <b>Mexedron online megrendel\u00e9se<\/b>, akkor biztos lehet benne, hogy a tranzakci\u00f3 z\u00f6kken\u0151mentesen \u00e9s hat\u00e9konyan fog lezajlani. B\u00edzza a Chemgramx-ra minden kutat\u00e1si ig\u00e9ny\u00e9t. Mi a megb\u00edzhat\u00f3 partnere vagyunk.<\/p>\n<p>A Chemgramx v\u00e1laszt\u00e1sa azt jelenti, hogy olyan besz\u00e1ll\u00edt\u00f3t v\u00e1laszt, aki meg\u00e9rti a pontoss\u00e1g \u00e9s a k\u00f6vetkezetess\u00e9g fontoss\u00e1g\u00e1t a tudom\u00e1nyos kutat\u00e1sban. B\u00fcszk\u00e9k vagyunk arra, hogy, <b>a legjobb Mexedron, ami kaphat\u00f3<\/b>, . Ez biztos\u00edtja, hogy kutat\u00e1sa a legmegb\u00edzhat\u00f3bb rendelkez\u00e9sre \u00e1ll\u00f3 anyagokon alapuljon. Fontos, hogy figyeljen a min\u0151s\u00e9gre, ha <b>hiteles Mexedron<\/b> megszerezni.<\/p>\n<h4>\u00d6sszefoglal\u00f3 min\u0151s\u00e9gi jellemz\u0151k<\/h4>\n<ul>\n<li>Tisztas\u00e1gi garancia kutat\u00e1si c\u00e9lokra<\/li>\n<li>K\u00f6teg\u00e1lland\u00f3s\u00e1g reproduk\u00e1lhat\u00f3 eredm\u00e9nyek\u00e9rt<\/li>\n<li>\u00c1tfog\u00f3 min\u0151s\u00e9g-ellen\u0151rz\u00e9s<\/li>\n<li>Kifejezetten tudom\u00e1nyos alkalmaz\u00e1sokhoz fejlesztve<\/li>\n<\/ul>\n<p>\u00d6sszefoglalva elmondhat\u00f3, hogy a Chemgramx a kutat\u00f3k sz\u00e1m\u00e1ra a legkedvez\u0151bb forr\u00e1s, akik <b>Mexedron elad\u00f3<\/b> keres\u00fcnk. Mi k\u00edn\u00e1lunk <b>kiv\u00e1l\u00f3 min\u0151s\u00e9g\u0171 Mexedron<\/b>hogy <b>Laborat\u00f3riumi min\u0151s\u00e9g\u0171 term\u00e9kek elad\u00f3<\/b> \u00e9s f\u00e1radhatatlan elk\u00f6telezetts\u00e9g\u00fcnk a kiv\u00e1l\u00f3s\u00e1g ir\u00e1nt t\u00e1masztja al\u00e1. Ha \u00d6n <b>Mexedron online megrendel\u00e9se<\/b>, akkor olyan term\u00e9ket v\u00e1laszt, amely megfelel a legmagasabb tudom\u00e1nyos szabv\u00e1nyoknak. C\u00e9lunk, hogy megb\u00edzhat\u00f3 \u00e9s tiszta vegyi anyagok biztos\u00edt\u00e1s\u00e1val t\u00e1mogassuk kutat\u00e1si c\u00e9ljait. Tapasztalja meg a min\u0151s\u00e9g \u00e1ltal ny\u00fajtott k\u00fcl\u00f6nbs\u00e9get.<\/p>","protected":false},"excerpt":{"rendered":"<p>V\u00e1s\u00e1roljon <b>kiv\u00e1l\u00f3 min\u0151s\u00e9g\u0171 Mexedron<\/b>, amely kutat\u00e1si c\u00e9lokra van optimaliz\u00e1lva. A mi <b>Mexedron<\/b> a legmagasabb tisztas\u00e1ggal \u00e9s konzisztenci\u00e1val rendelkezik, \u00e9s <b>a legjobb Mexedron, ami kaphat\u00f3<\/b>. B\u00edzzon a Chemgramx-ban tudom\u00e1nyos ig\u00e9nyeinek kiel\u00e9g\u00edt\u00e9s\u00e9ben. <\/p>\n<ul>\n<li><b>Tiszta anyag<\/b> prec\u00edz eredm\u00e9nyek\u00e9rt<\/li>\n<li><b>Kutat\u00e1sorient\u00e1lt<\/b><\/li>\n<li><b>Megb\u00edzhat\u00f3 min\u0151s\u00e9g<\/b><\/li>\n<\/ul>\n<p>Tapasztalat <b>biztons\u00e1gos beszerz\u00e9s<\/b> \u00e9s <b>hiteles Mexedron<\/b>. V\u00e1s\u00e1roljon most online a Chemgramx weboldalon.<\/p>","protected":false},"featured_media":8032,"comment_status":"open","ping_status":"closed","template":"","meta":{"_joinchat":[]},"product_brand":[],"product_cat":[97],"product_tag":[2661,2663,2655,2662,2660,2656,2657,2659,2658,2015],"class_list":{"0":"post-7990","1":"product","2":"type-product","3":"status-publish","4":"has-post-thumbnail","6":"product_cat-forschungschemikalien","7":"product_tag-mexedrone-chemikalien","8":"product_tag-mexedrone-drogen","9":"product_tag-mexedrone-kaufen","10":"product_tag-mexedrone-kaufen-deutschland","11":"product_tag-mexedrone-kaufen-online","12":"product_tag-mexedrone-kristalle","13":"product_tag-mexedrone-online-kaufen","14":"product_tag-mexedrone-preis","15":"product_tag-mexedrone-prodej","16":"product_tag-synthetische-drogen","18":"first","19":"instock","20":"shipping-taxable","21":"purchasable","22":"product-type-variable"},"yoast_head":"<!-- This site is optimized with the Yoast SEO plugin v27.5 - https:\/\/yoast.com\/product\/yoast-seo-wordpress\/ -->\n<title>Mexedron Kopen - Reinheit (Hochwertig)<\/title>\n<meta name=\"description\" content=\"Entdecken Sie Mexedron in h\u00f6chster Reinheit. Erhalten Sie authentisches Mexedron f\u00fcr Ihre Forschung. Bestellen Sie online bei Chemgramx f\u00fcr Qualit\u00e4t und Zuverl\u00e4ssigkeit.\" \/>\n<meta name=\"robots\" content=\"index, follow, max-snippet:-1, max-image-preview:large, max-video-preview:-1\" \/>\n<link rel=\"canonical\" href=\"https:\/\/chemgramx.com\/hu\/termek-1\/vasarolni-mexedrone-online\/\" \/>\n<meta property=\"og:locale\" content=\"hu_HU\" \/>\n<meta property=\"og:type\" content=\"article\" \/>\n<meta property=\"og:title\" content=\"Mexedron Kopen - Reinheit (Hochwertig)\" \/>\n<meta property=\"og:description\" content=\"Entdecken Sie Mexedron in h\u00f6chster Reinheit. Erhalten Sie authentisches Mexedron f\u00fcr Ihre Forschung. Bestellen Sie online bei Chemgramx f\u00fcr Qualit\u00e4t und Zuverl\u00e4ssigkeit.\" \/>\n<meta property=\"og:url\" content=\"https:\/\/chemgramx.com\/hu\/termek-1\/vasarolni-mexedrone-online\/\" \/>\n<meta property=\"og:site_name\" content=\"Chemgramx\" \/>\n<meta property=\"article:modified_time\" content=\"2025-12-09T11:03:14+00:00\" \/>\n<meta property=\"og:image\" content=\"https:\/\/chemgramx.com\/wp-content\/uploads\/2025\/11\/Mexedrone.jpeg\" \/>\n\t<meta property=\"og:image:width\" content=\"418\" \/>\n\t<meta property=\"og:image:height\" content=\"551\" \/>\n\t<meta property=\"og:image:type\" content=\"image\/jpeg\" \/>\n<meta name=\"twitter:card\" content=\"summary_large_image\" \/>\n<meta name=\"twitter:label1\" content=\"Becs\u00fclt olvas\u00e1si id\u0151\" \/>\n\t<meta name=\"twitter:data1\" content=\"4 perc\" \/>\n<script type=\"application\/ld+json\" class=\"yoast-schema-graph\">{\"@context\":\"https:\\\/\\\/schema.org\",\"@graph\":[{\"@type\":\"WebPage\",\"@id\":\"https:\\\/\\\/chemgramx.com\\\/product\\\/mexedrone-online-kaufen\\\/\",\"url\":\"https:\\\/\\\/chemgramx.com\\\/product\\\/mexedrone-online-kaufen\\\/\",\"name\":\"Mexedron Kopen - Reinheit (Hochwertig)\",\"isPartOf\":{\"@id\":\"https:\\\/\\\/chemgramx.com\\\/#website\"},\"primaryImageOfPage\":{\"@id\":\"https:\\\/\\\/chemgramx.com\\\/product\\\/mexedrone-online-kaufen\\\/#primaryimage\"},\"image\":{\"@id\":\"https:\\\/\\\/chemgramx.com\\\/product\\\/mexedrone-online-kaufen\\\/#primaryimage\"},\"thumbnailUrl\":\"https:\\\/\\\/chemgramx.com\\\/wp-content\\\/uploads\\\/2025\\\/11\\\/Mexedrone.jpeg\",\"datePublished\":\"2025-11-21T16:44:50+00:00\",\"dateModified\":\"2025-12-09T11:03:14+00:00\",\"description\":\"Entdecken Sie Mexedron in h\u00f6chster Reinheit. Erhalten Sie authentisches Mexedron f\u00fcr Ihre Forschung. Bestellen Sie online bei Chemgramx f\u00fcr Qualit\u00e4t und Zuverl\u00e4ssigkeit.\",\"breadcrumb\":{\"@id\":\"https:\\\/\\\/chemgramx.com\\\/product\\\/mexedrone-online-kaufen\\\/#breadcrumb\"},\"inLanguage\":\"hu\",\"potentialAction\":[{\"@type\":\"ReadAction\",\"target\":[\"https:\\\/\\\/chemgramx.com\\\/product\\\/mexedrone-online-kaufen\\\/\"]}]},{\"@type\":\"ImageObject\",\"inLanguage\":\"hu\",\"@id\":\"https:\\\/\\\/chemgramx.com\\\/product\\\/mexedrone-online-kaufen\\\/#primaryimage\",\"url\":\"https:\\\/\\\/chemgramx.com\\\/wp-content\\\/uploads\\\/2025\\\/11\\\/Mexedrone.jpeg\",\"contentUrl\":\"https:\\\/\\\/chemgramx.com\\\/wp-content\\\/uploads\\\/2025\\\/11\\\/Mexedrone.jpeg\",\"width\":418,\"height\":551},{\"@type\":\"BreadcrumbList\",\"@id\":\"https:\\\/\\\/chemgramx.com\\\/product\\\/mexedrone-online-kaufen\\\/#breadcrumb\",\"itemListElement\":[{\"@type\":\"ListItem\",\"position\":1,\"name\":\"Home\",\"item\":\"https:\\\/\\\/chemgramx.com\\\/\"},{\"@type\":\"ListItem\",\"position\":2,\"name\":\"Shop\",\"item\":\"https:\\\/\\\/chemgramx.com\\\/shop\\\/\"},{\"@type\":\"ListItem\",\"position\":3,\"name\":\"Mexedron Kopen &#8211; Reinheit (Hochwertig)\"}]},{\"@type\":\"WebSite\",\"@id\":\"https:\\\/\\\/chemgramx.com\\\/#website\",\"url\":\"https:\\\/\\\/chemgramx.com\\\/\",\"name\":\"Chemgramx\",\"description\":\"\",\"publisher\":{\"@id\":\"https:\\\/\\\/chemgramx.com\\\/#organization\"},\"potentialAction\":[{\"@type\":\"SearchAction\",\"target\":{\"@type\":\"EntryPoint\",\"urlTemplate\":\"https:\\\/\\\/chemgramx.com\\\/?s={search_term_string}\"},\"query-input\":{\"@type\":\"PropertyValueSpecification\",\"valueRequired\":true,\"valueName\":\"search_term_string\"}}],\"inLanguage\":\"hu\"},{\"@type\":\"Organization\",\"@id\":\"https:\\\/\\\/chemgramx.com\\\/#organization\",\"name\":\"Chemgramx\",\"url\":\"https:\\\/\\\/chemgramx.com\\\/\",\"logo\":{\"@type\":\"ImageObject\",\"inLanguage\":\"hu\",\"@id\":\"https:\\\/\\\/chemgramx.com\\\/#\\\/schema\\\/logo\\\/image\\\/\",\"url\":\"https:\\\/\\\/chemgramx.com\\\/wp-content\\\/uploads\\\/2024\\\/10\\\/final-logo.png\",\"contentUrl\":\"https:\\\/\\\/chemgramx.com\\\/wp-content\\\/uploads\\\/2024\\\/10\\\/final-logo.png\",\"width\":250,\"height\":48,\"caption\":\"Chemgramx\"},\"image\":{\"@id\":\"https:\\\/\\\/chemgramx.com\\\/#\\\/schema\\\/logo\\\/image\\\/\"}}]}<\/script>\n<!-- \/ Yoast SEO plugin. -->","yoast_head_json":{"title":"Mexedron v\u00e1s\u00e1rl\u00e1s \u2013 tisztas\u00e1g (kiv\u00e1l\u00f3 min\u0151s\u00e9g)","description":"Fedezze fel a legmagasabb tisztas\u00e1g\u00fa mexedront. Szerezzen be hiteles mexedront kutat\u00e1saihoz. Rendeljen online a Chemgramx-t\u00f3l a min\u0151s\u00e9g \u00e9s a megb\u00edzhat\u00f3s\u00e1g \u00e9rdek\u00e9ben.","robots":{"index":"index","follow":"follow","max-snippet":"max-snippet:-1","max-image-preview":"max-image-preview:large","max-video-preview":"max-video-preview:-1"},"canonical":"https:\/\/chemgramx.com\/hu\/termek-1\/vasarolni-mexedrone-online\/","og_locale":"hu_HU","og_type":"article","og_title":"Mexedron Kopen - Reinheit (Hochwertig)","og_description":"Entdecken Sie Mexedron in h\u00f6chster Reinheit. Erhalten Sie authentisches Mexedron f\u00fcr Ihre Forschung. Bestellen Sie online bei Chemgramx f\u00fcr Qualit\u00e4t und Zuverl\u00e4ssigkeit.","og_url":"https:\/\/chemgramx.com\/hu\/termek-1\/vasarolni-mexedrone-online\/","og_site_name":"Chemgramx","article_modified_time":"2025-12-09T11:03:14+00:00","og_image":[{"width":418,"height":551,"url":"https:\/\/chemgramx.com\/wp-content\/uploads\/2025\/11\/Mexedrone.jpeg","type":"image\/jpeg"}],"twitter_card":"summary_large_image","twitter_misc":{"Becs\u00fclt olvas\u00e1si id\u0151":"4 perc"},"schema":{"@context":"https:\/\/schema.org","@graph":[{"@type":"WebPage","@id":"https:\/\/chemgramx.com\/product\/mexedrone-online-kaufen\/","url":"https:\/\/chemgramx.com\/product\/mexedrone-online-kaufen\/","name":"Mexedron v\u00e1s\u00e1rl\u00e1s \u2013 tisztas\u00e1g (kiv\u00e1l\u00f3 min\u0151s\u00e9g)","isPartOf":{"@id":"https:\/\/chemgramx.com\/#website"},"primaryImageOfPage":{"@id":"https:\/\/chemgramx.com\/product\/mexedrone-online-kaufen\/#primaryimage"},"image":{"@id":"https:\/\/chemgramx.com\/product\/mexedrone-online-kaufen\/#primaryimage"},"thumbnailUrl":"https:\/\/chemgramx.com\/wp-content\/uploads\/2025\/11\/Mexedrone.jpeg","datePublished":"2025-11-21T16:44:50+00:00","dateModified":"2025-12-09T11:03:14+00:00","description":"Fedezze fel a legmagasabb tisztas\u00e1g\u00fa mexedront. Szerezzen be hiteles mexedront kutat\u00e1saihoz. Rendeljen online a Chemgramx-t\u00f3l a min\u0151s\u00e9g \u00e9s a megb\u00edzhat\u00f3s\u00e1g \u00e9rdek\u00e9ben.","breadcrumb":{"@id":"https:\/\/chemgramx.com\/product\/mexedrone-online-kaufen\/#breadcrumb"},"inLanguage":"hu","potentialAction":[{"@type":"ReadAction","target":["https:\/\/chemgramx.com\/product\/mexedrone-online-kaufen\/"]}]},{"@type":"ImageObject","inLanguage":"hu","@id":"https:\/\/chemgramx.com\/product\/mexedrone-online-kaufen\/#primaryimage","url":"https:\/\/chemgramx.com\/wp-content\/uploads\/2025\/11\/Mexedrone.jpeg","contentUrl":"https:\/\/chemgramx.com\/wp-content\/uploads\/2025\/11\/Mexedrone.jpeg","width":418,"height":551},{"@type":"BreadcrumbList","@id":"https:\/\/chemgramx.com\/product\/mexedrone-online-kaufen\/#breadcrumb","itemListElement":[{"@type":"ListItem","position":1,"name":"Home","item":"https:\/\/chemgramx.com\/"},{"@type":"ListItem","position":2,"name":"Shop","item":"https:\/\/chemgramx.com\/shop\/"},{"@type":"ListItem","position":3,"name":"Mexedron Kopen &#8211; Reinheit (Hochwertig)"}]},{"@type":"WebSite","@id":"https:\/\/chemgramx.com\/#website","url":"https:\/\/chemgramx.com\/","name":"Chemgramx","description":"","publisher":{"@id":"https:\/\/chemgramx.com\/#organization"},"potentialAction":[{"@type":"SearchAction","target":{"@type":"EntryPoint","urlTemplate":"https:\/\/chemgramx.com\/?s={search_term_string}"},"query-input":{"@type":"PropertyValueSpecification","valueRequired":true,"valueName":"search_term_string"}}],"inLanguage":"hu"},{"@type":"Organization","@id":"https:\/\/chemgramx.com\/#organization","name":"Chemgramx","url":"https:\/\/chemgramx.com\/","logo":{"@type":"ImageObject","inLanguage":"hu","@id":"https:\/\/chemgramx.com\/#\/schema\/logo\/image\/","url":"https:\/\/chemgramx.com\/wp-content\/uploads\/2024\/10\/final-logo.png","contentUrl":"https:\/\/chemgramx.com\/wp-content\/uploads\/2024\/10\/final-logo.png","width":250,"height":48,"caption":"Chemgramx"},"image":{"@id":"https:\/\/chemgramx.com\/#\/schema\/logo\/image\/"}}]}},"_links":{"self":[{"href":"https:\/\/chemgramx.com\/hu\/wp-json\/wp\/v2\/product\/7990","targetHints":{"allow":["GET"]}}],"collection":[{"href":"https:\/\/chemgramx.com\/hu\/wp-json\/wp\/v2\/product"}],"about":[{"href":"https:\/\/chemgramx.com\/hu\/wp-json\/wp\/v2\/types\/product"}],"replies":[{"embeddable":true,"href":"https:\/\/chemgramx.com\/hu\/wp-json\/wp\/v2\/comments?post=7990"}],"wp:featuredmedia":[{"embeddable":true,"href":"https:\/\/chemgramx.com\/hu\/wp-json\/wp\/v2\/media\/8032"}],"wp:attachment":[{"href":"https:\/\/chemgramx.com\/hu\/wp-json\/wp\/v2\/media?parent=7990"}],"wp:term":[{"taxonomy":"product_brand","embeddable":true,"href":"https:\/\/chemgramx.com\/hu\/wp-json\/wp\/v2\/product_brand?post=7990"},{"taxonomy":"product_cat","embeddable":true,"href":"https:\/\/chemgramx.com\/hu\/wp-json\/wp\/v2\/product_cat?post=7990"},{"taxonomy":"product_tag","embeddable":true,"href":"https:\/\/chemgramx.com\/hu\/wp-json\/wp\/v2\/product_tag?post=7990"}],"curies":[{"name":"wp","href":"https:\/\/api.w.org\/{rel}","templated":true}]}}