{"id":7997,"date":"2025-11-21T16:44:55","date_gmt":"2025-11-21T16:44:55","guid":{"rendered":"https:\/\/chemgramx.com\/?post_type=product&#038;p=7997"},"modified":"2025-12-09T10:46:16","modified_gmt":"2025-12-09T10:46:16","slug":"3-fluoroamphetamine-3fa-online-vasarlas","status":"publish","type":"product","link":"https:\/\/chemgramx.com\/hu\/product\/3-fluoroamphetamine-3fa-online-kaufen\/","title":{"rendered":"3-fluoramfetamin v\u00e1s\u00e1rl\u00e1s \u2013 Magas tisztas\u00e1g\u00fa"},"content":{"rendered":"<p>A modern k\u00e9miai kutat\u00e1shoz a legmagasabb min\u0151s\u00e9g\u0171 \u00e9s tisztas\u00e1g\u00fa reagensekre van sz\u00fcks\u00e9g. <b>3-fluoramfetamin (3FA)<\/b> kulcsfontoss\u00e1g\u00fa anyag a pontos tudom\u00e1nyos kutat\u00e1sokhoz. <b>V\u00e1s\u00e1roljon 3-fluoramfetamint V\u00e1s\u00e1rl\u00e1s<\/b>, hogy p\u00e1ratlan tisztas\u00e1g\u00fa k\u00eds\u00e9rleteket v\u00e9gezzen. Ez egy szintetikus stimul\u00e1ns az amfetamin oszt\u00e1lyb\u00f3l, amely sz\u00e9les k\u00f6rben alkalmazhat\u00f3 kutat\u00e1si vegyi anyagk\u00e9nt.<\/p>\n<p>A Chemgramx-n\u00e1l \u00e9rtj\u00fck a megb\u00edzhat\u00f3s\u00e1got. A 3FA-nk, amely <b>A legjobb 3-fluoramfetamin kaphat\u00f3<\/b>, kifejezetten kutat\u00e1si k\u00f6rnyezetre lett kifejlesztve. Ezenk\u00edv\u00fcl garant\u00e1ljuk <b>magas tisztas\u00e1g\u00fa elad\u00f3<\/b>, amelyet \u00e1tfog\u00f3 min\u0151s\u00e9g-ellen\u0151rz\u00e9sek is meger\u0151s\u00edtenek. Ez lehet\u0151v\u00e9 teszi a kutat\u00f3k sz\u00e1m\u00e1ra vil\u00e1gszerte pontos \u00e9s reproduk\u00e1lhat\u00f3 eredm\u00e9nyek el\u00e9r\u00e9s\u00e9t.<\/p>\n<p>Ezenk\u00edv\u00fcl a 3FA kiz\u00e1r\u00f3lag ellen\u0151rz\u00f6tt laborat\u00f3riumi k\u00f6rnyezetben haszn\u00e1lhat\u00f3. \u00d6n <b>Hiteles 3-fluoramfetamin<\/b> amely a legszigor\u00fabb el\u0151\u00edr\u00e1soknak is megfelel. \u00cdgy olyan anyagokkal t\u00e1mogatjuk projektjeit, amelyek a legmagasabb kutat\u00e1si szabv\u00e1nyoknak is megfelelnek.<\/p>\n<h2>Mi az a 3-fluoramfetamin (3FA)?<\/h2>\n<p>A 3-fluoramfetamin (3FA) egy szintetikus vegy\u00fclet, amely a helyettes\u00edtett amfetaminok k\u00f6z\u00e9 tartozik. Szerkezetileg szorosan kapcsol\u00f3dik az amfetaminhoz, de egy meta-poz\u00edci\u00f3ban l\u00e9v\u0151 fluoratom k\u00fcl\u00f6nb\u00f6zteti meg. <b>Ennek eredm\u00e9nyek\u00e9ppen<\/b> 3FA specifikus farmakol\u00f3giai tulajdons\u00e1gokkal rendelkezik, amelyek \u00e9rdekesek a neurok\u00e9mia \u00e9s a farmakol\u00f3gia ter\u00fclet\u00e9n.<\/p>\n<p>A 3FA hat\u00e1s\u00e1nak mechanizmusa intenz\u00edv kutat\u00e1sok t\u00e1rgy\u00e1t k\u00e9pezi. Er\u0151s felszabad\u00edt\u00f3k\u00e9nt \u00e9s visszav\u00e9telg\u00e1tl\u00f3k\u00e9nt hat a monoaminok, p\u00e9ld\u00e1ul a dopamin \u00e9s a noradrenalin eset\u00e9ben. <b>Ez\u00e9rt<\/b> A neurotranszmitter mechanizmusok \u00e9s ter\u00e1pi\u00e1s megk\u00f6zel\u00edt\u00e9sek tanulm\u00e1nyoz\u00e1s\u00e1ban alkalmazz\u00e1k. A fluor\u00e1l\u00e1s emellett befoly\u00e1solhatja a metabolikus stabilit\u00e1st \u00e9s a biol\u00f3giai hozz\u00e1f\u00e9rhet\u0151s\u00e9get.<\/p>\n<h2>K\u00e9miai profil \u00e9s tulajdons\u00e1gok<\/h2>\n<p>A 3-fluoramfetamin k\u00e9miai profilja j\u00f3l jellemzett. A molekula szerkezete, k\u00e9plete \u00e9s mol\u00e1ris t\u00f6mege kritikus param\u00e9terek a kutat\u00f3k sz\u00e1m\u00e1ra. <b>Ezen k\u00edv\u00fcl<\/b> ezek ismerete elengedhetetlen a laborat\u00f3riumban t\u00f6rt\u00e9n\u0151 helyes kezel\u00e9shez \u00e9s alkalmaz\u00e1shoz.<\/p>\n<ul>\n<li><b>K\u00e9miai k\u00e9plet:<\/b> C<sub>9<\/sub>H<sub>12<\/sub>FN<\/li>\n<li><b>Mol\u00e1ris t\u00f6meg:<\/b> 165,20 g\/mol<\/li>\n<li><b>Megjelen\u00e9s:<\/b> Jellemz\u0151en krist\u00e1lyos szil\u00e1rd anyag vagy por form\u00e1j\u00e1ban<\/li>\n<li><b>Tisztas\u00e1g:<\/b> Kutat\u00e1si min\u0151s\u00e9g, gyakran meghaladja a 98%-t<\/li>\n<li><b>Stabilit\u00e1s:<\/b> Megfelel\u0151 t\u00e1rol\u00e1s mellett stabil (h\u0171v\u00f6s, s\u00f6t\u00e9t, sz\u00e1raz helyen)<\/li>\n<li><b>Oldhat\u00f3s\u00e1g:<\/b> Szerves old\u00f3szerekben old\u00f3dik<\/li>\n<\/ul>\n<p><b>Ezen k\u00edv\u00fcl<\/b> a 3FA elemz\u00e9se modern technik\u00e1k, p\u00e9ld\u00e1ul GC-MS \u00e9s HPLC seg\u00edts\u00e9g\u00e9vel elengedhetetlen. Ezek a m\u00f3dszerek garant\u00e1lj\u00e1k a term\u00e9k eredetis\u00e9g\u00e9t \u00e9s tisztas\u00e1g\u00e1t. <b>K\u00f6vetkez\u00e9sk\u00e9ppen<\/b> a kutat\u00f3k olyan term\u00e9kre t\u00e1maszkodhatnak, amely megfelel a szigor\u00fa k\u00f6vetelm\u00e9nyeknek.<\/p>\n<h2>Alkalmaz\u00e1sok a kutat\u00e1sban<\/h2>\n<p>A 3-fluoramfetamin sokoldal\u00fa kutat\u00e1si vegyi anyagk\u00e9nt szolg\u00e1l. <b>Els\u0151dleges<\/b> farmakol\u00f3giai kutat\u00e1sokban alkalmazz\u00e1k a stimul\u00e1nsok k\u00f6zponti idegrendszerre gyakorolt hat\u00e1s\u00e1nak vizsg\u00e1lat\u00e1ra. <b>Ebben az \u00f6sszef\u00fcgg\u00e9sben<\/b> seg\u00edt a kutat\u00f3knak jobban meg\u00e9rteni a komplex neurotranszmitter-interakci\u00f3kat.<\/p>\n<p><b>Tov\u00e1bb\u00e1<\/b> A 3FA-t gyakran haszn\u00e1lj\u00e1k referencia-szabv\u00e1nyk\u00e9nt az analitikai toxikol\u00f3giai laborat\u00f3riumokban. <b>Tov\u00e1bb\u00e1<\/b> \u00e9rt\u00e9kes a gy\u00f3gyszer-metabolizmus \u00e9s a kimutat\u00e1si m\u00f3dszerek fejleszt\u00e9s\u00e9vel kapcsolatos kutat\u00e1sokhoz. Szerkezete lehet\u0151v\u00e9 teszi a fluoroz\u00e1s farmakol\u00f3giai aktivit\u00e1sra gyakorolt hat\u00e1s\u00e1nak vizsg\u00e1lat\u00e1t.<\/p>\n<p><b>Ezen k\u00edv\u00fcl<\/b> ez egy fontos eszk\u00f6z a neurotranszmisszi\u00f3 vizsg\u00e1lat\u00e1hoz. Az <a href=\"https:\/\/chemgramx.com\/product\/3-fluoroamphetamine-3fa-online-kaufen\/\">Laborat\u00f3riumi min\u0151s\u00e9g\u0171 3-fluoramfetamin elad\u00f3<\/a> a k\u00eds\u00e9rletek pontos \u00e9s megism\u00e9telhet\u0151 eredm\u00e9nyeket hoznak.<\/p>\n<h2>Biztons\u00e1gi \u00e9s kezel\u00e9si ir\u00e1nymutat\u00e1sok<\/h2>\n<p>A 3-fluoramfetaminhoz hasonl\u00f3 kutat\u00e1si vegyi anyagok kezel\u00e9se szigor\u00fa biztons\u00e1gi el\u0151\u00edr\u00e1sokat ig\u00e9nyel. <b>El\u0151sz\u00f6r is<\/b> elengedhetetlen, hogy alaposan elolvassa az \u00f6sszes vonatkoz\u00f3 biztons\u00e1gi adatlapot (SDB). <b>Ez\u00e9rt<\/b> Minden kezel\u00e9st kiz\u00e1r\u00f3lag k\u00e9pzett szem\u00e9lyzet v\u00e9gezhet megfelel\u0151 laborat\u00f3riumban.<\/p>\n<p><b>A fontos biztons\u00e1gi int\u00e9zked\u00e9sek a k\u00f6vetkez\u0151ket tartalmazz\u00e1k:<\/b><\/p>\n<ul>\n<li><b>Szem\u00e9lyi v\u00e9d\u0151felszerel\u00e9s (PPE):<\/b> Mindig viseljen v\u00e9d\u0151keszty\u0171t, v\u00e9d\u0151szem\u00fcveget \u00e9s laborat\u00f3riumi k\u00f6penyt.<\/li>\n<li><b>Szagelsz\u00edv\u00f3:<\/b> Mindig j\u00f3l m\u0171k\u00f6d\u0151 elsz\u00edv\u00f3 alatt dolgozzon.<\/li>\n<li><b>T\u00e1rol\u00e1s:<\/b> A 3FA-t h\u0171v\u00f6s, sz\u00e1raz, s\u00f6t\u00e9t helyen, \u00f6sszef\u00e9rhetetlen anyagokt\u00f3l t\u00e1vol t\u00e1rolja.<\/li>\n<li><b>Elt\u00e1vol\u00edt\u00e1s:<\/b> K\u00f6vesse az \u00f6sszes el\u0151\u00edr\u00e1st a vegyi hullad\u00e9kok \u00e1rtalmatlan\u00edt\u00e1s\u00e1ra vonatkoz\u00f3an.<\/li>\n<\/ul>\n<p><b>Ezenk\u00edv\u00fcl \u00fcgyeljen arra, hogy<\/b> minden tart\u00e1ly megfelel\u0151 c\u00edmk\u00e9z\u00e9s\u00e9t. <b>Egy\u00e9bk\u00e9nt<\/b> a hat\u00f3anyagot a legnagyobb gondoss\u00e1ggal kezelik, hogy biztos\u00edts\u00e1k a term\u00e9k integrit\u00e1s\u00e1t \u00e9s biztons\u00e1g\u00e1t.<\/p>\n<h2>Min\u0151s\u00e9gbiztos\u00edt\u00e1s a Chemgramxn\u00e1l<\/h2>\n<p>A Chemgramxn\u00e1l a term\u00e9kmin\u0151s\u00e9g a legfontosabb sz\u00e1munkra. A pontos kutat\u00e1s csak tiszta, megb\u00edzhat\u00f3 anyagokkal lehets\u00e9ges. <b>Ez\u00e9rt<\/b> minden term\u00e9k, bele\u00e9rtve <b>3-fluoramfetamin (3FA)<\/b>, amit \u00d6n <a href=\"https:\/\/chemgramx.com\/product\/3-fluoroamphetamine-3fa-online-kaufen\/\">online v\u00e1s\u00e1rl\u00e1s<\/a> szigor\u00fa min\u0151s\u00e9g-ellen\u0151rz\u00e9snek vetik al\u00e1.<\/p>\n<p><b>Min\u0151s\u00e9gbiztos\u00edt\u00e1si int\u00e9zked\u00e9seink a k\u00f6vetkez\u0151ket tartalmazz\u00e1k:<\/b><\/p>\n<ul>\n<li><b>\u00c1tfog\u00f3 elemz\u00e9sek:<\/b> Minden t\u00e9tel tisztas\u00e1g\u00e1t \u00e9s identit\u00e1s\u00e1t a legmodernebb m\u00f3dszerekkel (HPLC, GC-MS, NMR) ellen\u0151rzik.<\/li>\n<li><b>T\u00e9teljelent\u00e9sek:<\/b> R\u00e9szletes elemz\u00e9si tan\u00fas\u00edtv\u00e1nyok igazolj\u00e1k a tisztas\u00e1got.<\/li>\n<li><b>Biztons\u00e1gos feldolgoz\u00e1s:<\/b> A term\u00e9ket ellen\u0151rz\u00f6tt k\u00f6r\u00fclm\u00e9nyek k\u00f6z\u00f6tt dolgozz\u00e1k fel, hogy elker\u00fclj\u00e9k a szennyez\u0151d\u00e9seket.<\/li>\n<li><b>Rendszeres ellen\u0151rz\u00e9sek:<\/b> Folyamatainkat bels\u0151 \u00e9s k\u00fcls\u0151 ellen\u0151rz\u00e9seknek vetj\u00fck al\u00e1, hogy a legmagasabb sz\u00ednvonalat biztos\u00edtsuk.<\/li>\n<\/ul>\n<p><b>V\u00e9g\u00fcl<\/b> biztos lehet benne, hogy, <b>kiv\u00e1l\u00f3 min\u0151s\u00e9g\u0171 3-fluor-amfetamin<\/b> megv\u00e1s\u00e1rolni. Min\u0151s\u00e9g ir\u00e1nti elk\u00f6telezetts\u00e9g\u00fcnk garant\u00e1lja, hogy \u00d6n <b>Kutat\u00e1si min\u0151s\u00e9g\u0171 3-fluoramfetamin elad\u00f3<\/b> megfelel\u0151 a legig\u00e9nyesebb k\u00eds\u00e9rleteihez.<\/p>\n<h2>Mi\u00e9rt v\u00e1lassza a Chemgramx 3FA-j\u00e1t?<\/h2>\n<p>A besz\u00e1ll\u00edt\u00f3 kiv\u00e1laszt\u00e1sa d\u00f6nt\u0151 fontoss\u00e1g\u00fa a projekt siker\u00e9nek szempontj\u00e1b\u00f3l. Ha \u00d6n <b>3-fluoramfetamin online megrendel\u00e9se<\/b> Chemgramx meggy\u0151z\u0151 el\u0151ny\u00f6ket k\u00edn\u00e1l, mint el\u0151nyben r\u00e9szes\u00edtett partner.<\/p>\n<p><b>El\u0151nyeink \u00e1ttekint\u00e9se:<\/b><\/p>\n<ul>\n<li><b>P\u00e1ratlan tisztas\u00e1g:<\/b> K\u00edn\u00e1lunk <a href=\"https:\/\/chemgramx.com\/product\/3-fluoroamphetamine-3fa-online-kaufen\/\">Kiv\u00e1l\u00f3 min\u0151s\u00e9g\u0171 3-fluoramfetamin<\/a>, 98% tisztas\u00e1gon tesztelve.<\/li>\n<li><b>Megb\u00edzhat\u00f3 eredet:<\/b> Egy\u00fcttm\u0171k\u00f6d\u00e9s neves, etikus gy\u00e1rt\u00f3kkal.<\/li>\n<li><b>\u00c1tfog\u00f3 dokument\u00e1ci\u00f3:<\/b> Minden sz\u00e1ll\u00edtm\u00e1nyhoz elemz\u00e9si tan\u00fas\u00edtv\u00e1ny tartozik.<\/li>\n<li><b>Biztons\u00e1g \u00e9s diszkr\u00e9ci\u00f3:<\/b> Megrendel\u00e9s\u00e9t biztons\u00e1gosan feldolgozzuk, a term\u00e9k integrit\u00e1s\u00e1t \u00e9s az adatv\u00e9delmet garant\u00e1ljuk.<\/li>\n<li><b>Szak\u00e9rt\u0151i t\u00e1mogat\u00e1s:<\/b> Csapatunk k\u00e9szs\u00e9ggel \u00e1ll rendelkez\u00e9s\u00e9re, ha k\u00e9rd\u00e9se van.<\/li>\n<\/ul>\n<p><b>Ezenk\u00edv\u00fcl<\/b> a beszerz\u00e9s <b>Kutat\u00e1si min\u0151s\u00e9g elad\u00f3<\/b> a Chemgramx-n\u00e1l biztons\u00e1gos \u00e9s \u00e1tl\u00e1that\u00f3. <b>Ez\u00e9rt<\/b> bizalommal fordulhat hozz\u00e1nk <b>most online v\u00e1s\u00e1rolni<\/b>. A legjobb anyagokkal t\u00e1mogatjuk a tudom\u00e1nyos k\u00f6z\u00f6ss\u00e9get. Fedezze fel oldalunkat is <a href=\"https:\/\/chemgramx.com\/product\/purple-haze-kush-26-thc\/\">tov\u00e1bbi kiv\u00e1l\u00f3 min\u0151s\u00e9g\u0171 kutat\u00e1si anyagok<\/a>.<\/p>\n<h2>K\u00f6vetkeztet\u00e9s<\/h2>\n<p>\u00d6sszefoglalva <b>3-fluoramfetamin (3FA)<\/b> egy n\u00e9lk\u00fcl\u00f6zhetetlen kutat\u00e1si vegyi anyag farmakol\u00f3giai, neurok\u00e9miai \u00e9s toxikol\u00f3giai tanulm\u00e1nyokhoz. A tisztas\u00e1g \u00e9s a min\u0151s\u00e9g rendk\u00edv\u00fcl fontos a tudom\u00e1nyos eredm\u00e9nyek \u00e9rv\u00e9nyess\u00e9g\u00e9nek szempontj\u00e1b\u00f3l. <b>K\u00f6vetkez\u00e9sk\u00e9ppen<\/b> megb\u00edzhat\u00f3 besz\u00e1ll\u00edt\u00f3 elengedhetetlen.<\/p>\n<p>Ha <b>3-fluoramfetamin v\u00e1s\u00e1rl\u00e1s<\/b>, ne tegyen kompromisszumokat a min\u0151s\u00e9g ter\u00e9n. A Chemgramx elk\u00f6telezett amellett, hogy a legtiszt\u00e1bb \u00e9s legjobban jellemzett kutat\u00e1si vegyszereket k\u00edn\u00e1lja \u00d6nnek. <b>Rendeljen 3FA-t online<\/b> hozz\u00e1nk, \u00e9s profit\u00e1ljon szak\u00e9rtelm\u00fcnkb\u0151l \u00e9s tudom\u00e1nyos kiv\u00e1l\u00f3s\u00e1g ir\u00e1nti elk\u00f6telezetts\u00e9g\u00fcnkb\u0151l.<\/p>\n<p>A min\u0151s\u00e9g \u00e9s az \u00fcgyf\u00e9lel\u00e9gedetts\u00e9g ir\u00e1nti elk\u00f6telezetts\u00e9g\u00fcnk miatt vagyunk az els\u0151 v\u00e1laszt\u00e1s. <b>Tov\u00e1bb\u00e1<\/b> tudom\u00e1nyos t\u00f6rekv\u00e9seit azzal t\u00e1mogatjuk, hogy lehet\u0151v\u00e9 tessz\u00fck \u00d6nnek, hogy, <b>biztons\u00e1gos v\u00e1s\u00e1rl\u00e1s<\/b>. Tapasztalja meg a k\u00fcl\u00f6nbs\u00e9get, amit az igazi <b>Laborat\u00f3riumi min\u0151s\u00e9g\u0171 3-fluoramfetamin elad\u00f3<\/b> tanulm\u00e1nyai sor\u00e1n el\u00e9rhet.<\/p>","protected":false},"excerpt":{"rendered":"<p><b>3-fluoramfetamin (3FA)<\/b> egy szintetikus amfetamin-anal\u00f3g, amelyet kifejezetten tudom\u00e1nyos kutat\u00e1si c\u00e9lokra fejlesztettek ki. Ha <b>3-fluoramfetamin v\u00e1s\u00e1rl\u00e1s<\/b>, kiv\u00e1l\u00f3 tisztas\u00e1g\u00fa anyagot kap, amely megfelel a szigor\u00fa min\u0151s\u00e9gi el\u0151\u00edr\u00e1soknak. Ide\u00e1lis v\u00e1laszt\u00e1s prec\u00edz laborat\u00f3riumi alkalmaz\u00e1sokhoz \u00e9s r\u00e9szletes k\u00e9miai elemz\u00e9sekhez. Tal\u00e1lja meg a legjobb 3FA-t projektjeihez <b>V\u00e1s\u00e1roljon a Chemgramx-n\u00e1l<\/b>.<\/p>","protected":false},"featured_media":8048,"comment_status":"open","ping_status":"closed","template":"","meta":{"_joinchat":[]},"product_brand":[],"product_cat":[48],"product_tag":[241,277,285,278,1324,268,279,273,269,276,274,283,267,272,266,280,271,275,270,242,264,260,1338,1335,1343,1331,253,1329,1326,1342,252,255,257,1341,254,261,1336,1339,1325,1330,256,258,1340,265,262,1344,263,259,247,1327,251,1328,1337,1332,1334,245,246,1333,250,248,244],"class_list":{"0":"post-7997","1":"product","2":"type-product","3":"status-publish","4":"has-post-thumbnail","6":"product_cat-stimulants","7":"product_tag-3-fluoroamphetamine","8":"product_tag-3-fluoroamphetamine-als-chemisches-referenzmaterial","9":"product_tag-3-fluoroamphetamine-analyse","10":"product_tag-3-fluoroamphetamine-beschaffungsrichtlinien","11":"product_tag-3-fluoroamphetamine-bestellen","12":"product_tag-3-fluoroamphetamine-fur-forschung","13":"product_tag-3-fluoroamphetamine-fur-industrielle-anwendungen","14":"product_tag-3-fluoroamphetamine-fur-laboranwendungen","15":"product_tag-3-fluoroamphetamine-fur-wissenschaftliche-studien","16":"product_tag-3-fluoroamphetamine-gesetzliche-vorschriften","17":"product_tag-3-fluoroamphetamine-groshandelslieferung","18":"product_tag-3-fluoroamphetamine-im-wissenschaftlichen-bereich","19":"product_tag-3-fluoroamphetamine-kaufen","20":"product_tag-3-fluoroamphetamine-lagerung-und-handhabung","21":"product_tag-3-fluoroamphetamine-lieferant","22":"product_tag-3-fluoroamphetamine-marktanalyse","23":"product_tag-3-fluoroamphetamine-preis-und-verfugbarkeit","24":"product_tag-3-fluoroamphetamine-risiken-und-gefahren","25":"product_tag-3-fluoroamphetamine-sicherheitsrichtlinien","26":"product_tag-3fa","27":"product_tag-3fa-analyse","28":"product_tag-3fa-anwendung","29":"product_tag-3fa-bestellen","30":"product_tag-3fa-bulk-bestellung","31":"product_tag-3fa-chemikalie","32":"product_tag-3fa-experimente","33":"product_tag-3fa-forschung","34":"product_tag-3fa-forschung-chemikalie","35":"product_tag-3fa-groshandel","36":"product_tag-3fa-gunstig","37":"product_tag-3fa-kaufen","38":"product_tag-3fa-labor","39":"product_tag-3fa-lagerung","40":"product_tag-3fa-legal","41":"product_tag-3fa-lieferant","42":"product_tag-3fa-markt","43":"product_tag-3fa-marktanalyse","44":"product_tag-3fa-online","45":"product_tag-3fa-online-bestellen","46":"product_tag-3fa-pharmazeutische-forschung","47":"product_tag-3fa-preis","48":"product_tag-3fa-risiken","49":"product_tag-3fa-sicher","50":"product_tag-3fa-sicherheit","51":"product_tag-3fa-verfugbarkeit","52":"product_tag-3fa-versand","53":"product_tag-3fa-vertrieb","54":"product_tag-3fa-vorschriften","55":"product_tag-fluor-amphetamine","56":"product_tag-forschung-chemikalien-3fa","57":"product_tag-gesundheitliche-risiken","58":"product_tag-hochwertige-3fa-kaufen","59":"product_tag-innovative-3fa-forschung","60":"product_tag-laborqualitat-3fa","61":"product_tag-legaler-3fa-anbieter","62":"product_tag-rechtlicher-status-3fa","63":"product_tag-risiken-3fa","64":"product_tag-sicherer-3fa-versand","65":"product_tag-suchtgefahr","66":"product_tag-synthetische-stimulanzien","67":"product_tag-wirkungen-von-3fa","69":"first","70":"instock","71":"shipping-taxable","72":"purchasable","73":"product-type-variable"},"yoast_head":"<!-- This site is optimized with the Yoast SEO plugin v27.5 - https:\/\/yoast.com\/product\/yoast-seo-wordpress\/ -->\n<title>3-Fluoroamphetamin Kaufen - Hohe Reinheit<\/title>\n<meta name=\"description\" content=\"Entdecken Sie hochwertiges 3-Fluoroamphetamin f\u00fcr Ihre Forschungszwecke. Sichern Sie sich authentische Laborqualit\u00e4t und bestellen Sie jetzt online bei Chemgramx.\" \/>\n<meta name=\"robots\" content=\"index, follow, max-snippet:-1, max-image-preview:large, max-video-preview:-1\" \/>\n<link rel=\"canonical\" href=\"https:\/\/chemgramx.com\/hu\/termek-1\/3-fluoroamphetamine-3fa-online-vasarlas\/\" \/>\n<meta property=\"og:locale\" content=\"hu_HU\" \/>\n<meta property=\"og:type\" content=\"article\" \/>\n<meta property=\"og:title\" content=\"3-Fluoroamphetamin Kaufen - Hohe Reinheit\" \/>\n<meta property=\"og:description\" content=\"Entdecken Sie hochwertiges 3-Fluoroamphetamin f\u00fcr Ihre Forschungszwecke. Sichern Sie sich authentische Laborqualit\u00e4t und bestellen Sie jetzt online bei Chemgramx.\" \/>\n<meta property=\"og:url\" content=\"https:\/\/chemgramx.com\/hu\/termek-1\/3-fluoroamphetamine-3fa-online-vasarlas\/\" \/>\n<meta property=\"og:site_name\" content=\"Chemgramx\" \/>\n<meta property=\"article:modified_time\" content=\"2025-12-09T10:46:16+00:00\" \/>\n<meta property=\"og:image\" content=\"https:\/\/chemgramx.com\/wp-content\/uploads\/2025\/11\/4-FA-min-500x500-1.jpeg\" \/>\n\t<meta property=\"og:image:width\" content=\"500\" \/>\n\t<meta property=\"og:image:height\" content=\"500\" \/>\n\t<meta property=\"og:image:type\" content=\"image\/jpeg\" \/>\n<meta name=\"twitter:card\" content=\"summary_large_image\" \/>\n<meta name=\"twitter:label1\" content=\"Becs\u00fclt olvas\u00e1si id\u0151\" \/>\n\t<meta name=\"twitter:data1\" content=\"2 perc\" \/>\n<script type=\"application\/ld+json\" class=\"yoast-schema-graph\">{\"@context\":\"https:\\\/\\\/schema.org\",\"@graph\":[{\"@type\":\"WebPage\",\"@id\":\"https:\\\/\\\/chemgramx.com\\\/product\\\/3-fluoroamphetamine-3fa-online-kaufen\\\/\",\"url\":\"https:\\\/\\\/chemgramx.com\\\/product\\\/3-fluoroamphetamine-3fa-online-kaufen\\\/\",\"name\":\"3-Fluoroamphetamin Kaufen - Hohe Reinheit\",\"isPartOf\":{\"@id\":\"https:\\\/\\\/chemgramx.com\\\/#website\"},\"primaryImageOfPage\":{\"@id\":\"https:\\\/\\\/chemgramx.com\\\/product\\\/3-fluoroamphetamine-3fa-online-kaufen\\\/#primaryimage\"},\"image\":{\"@id\":\"https:\\\/\\\/chemgramx.com\\\/product\\\/3-fluoroamphetamine-3fa-online-kaufen\\\/#primaryimage\"},\"thumbnailUrl\":\"https:\\\/\\\/chemgramx.com\\\/wp-content\\\/uploads\\\/2025\\\/11\\\/4-FA-min-500x500-1.jpeg\",\"datePublished\":\"2025-11-21T16:44:55+00:00\",\"dateModified\":\"2025-12-09T10:46:16+00:00\",\"description\":\"Entdecken Sie hochwertiges 3-Fluoroamphetamin f\u00fcr Ihre Forschungszwecke. Sichern Sie sich authentische Laborqualit\u00e4t und bestellen Sie jetzt online bei Chemgramx.\",\"breadcrumb\":{\"@id\":\"https:\\\/\\\/chemgramx.com\\\/product\\\/3-fluoroamphetamine-3fa-online-kaufen\\\/#breadcrumb\"},\"inLanguage\":\"hu\",\"potentialAction\":[{\"@type\":\"ReadAction\",\"target\":[\"https:\\\/\\\/chemgramx.com\\\/product\\\/3-fluoroamphetamine-3fa-online-kaufen\\\/\"]}]},{\"@type\":\"ImageObject\",\"inLanguage\":\"hu\",\"@id\":\"https:\\\/\\\/chemgramx.com\\\/product\\\/3-fluoroamphetamine-3fa-online-kaufen\\\/#primaryimage\",\"url\":\"https:\\\/\\\/chemgramx.com\\\/wp-content\\\/uploads\\\/2025\\\/11\\\/4-FA-min-500x500-1.jpeg\",\"contentUrl\":\"https:\\\/\\\/chemgramx.com\\\/wp-content\\\/uploads\\\/2025\\\/11\\\/4-FA-min-500x500-1.jpeg\",\"width\":500,\"height\":500},{\"@type\":\"BreadcrumbList\",\"@id\":\"https:\\\/\\\/chemgramx.com\\\/product\\\/3-fluoroamphetamine-3fa-online-kaufen\\\/#breadcrumb\",\"itemListElement\":[{\"@type\":\"ListItem\",\"position\":1,\"name\":\"Home\",\"item\":\"https:\\\/\\\/chemgramx.com\\\/\"},{\"@type\":\"ListItem\",\"position\":2,\"name\":\"Shop\",\"item\":\"https:\\\/\\\/chemgramx.com\\\/shop\\\/\"},{\"@type\":\"ListItem\",\"position\":3,\"name\":\"3-Fluoroamphetamin Kaufen &#8211; Hohe Reinheit\"}]},{\"@type\":\"WebSite\",\"@id\":\"https:\\\/\\\/chemgramx.com\\\/#website\",\"url\":\"https:\\\/\\\/chemgramx.com\\\/\",\"name\":\"Chemgramx\",\"description\":\"\",\"publisher\":{\"@id\":\"https:\\\/\\\/chemgramx.com\\\/#organization\"},\"potentialAction\":[{\"@type\":\"SearchAction\",\"target\":{\"@type\":\"EntryPoint\",\"urlTemplate\":\"https:\\\/\\\/chemgramx.com\\\/?s={search_term_string}\"},\"query-input\":{\"@type\":\"PropertyValueSpecification\",\"valueRequired\":true,\"valueName\":\"search_term_string\"}}],\"inLanguage\":\"hu\"},{\"@type\":\"Organization\",\"@id\":\"https:\\\/\\\/chemgramx.com\\\/#organization\",\"name\":\"Chemgramx\",\"url\":\"https:\\\/\\\/chemgramx.com\\\/\",\"logo\":{\"@type\":\"ImageObject\",\"inLanguage\":\"hu\",\"@id\":\"https:\\\/\\\/chemgramx.com\\\/#\\\/schema\\\/logo\\\/image\\\/\",\"url\":\"https:\\\/\\\/chemgramx.com\\\/wp-content\\\/uploads\\\/2024\\\/10\\\/final-logo.png\",\"contentUrl\":\"https:\\\/\\\/chemgramx.com\\\/wp-content\\\/uploads\\\/2024\\\/10\\\/final-logo.png\",\"width\":250,\"height\":48,\"caption\":\"Chemgramx\"},\"image\":{\"@id\":\"https:\\\/\\\/chemgramx.com\\\/#\\\/schema\\\/logo\\\/image\\\/\"}}]}<\/script>\n<!-- \/ Yoast SEO plugin. -->","yoast_head_json":{"title":"3-fluoramfetamin v\u00e1s\u00e1rl\u00e1s \u2013 magas tisztas\u00e1g\u00fa","description":"Fedezze fel a kiv\u00e1l\u00f3 min\u0151s\u00e9g\u0171 3-fluoramfetamint kutat\u00e1si c\u00e9lokra. Biztos\u00edtsa mag\u00e1nak az eredeti laborat\u00f3riumi min\u0151s\u00e9get, \u00e9s rendeljen most online a Chemgramx weboldalon.","robots":{"index":"index","follow":"follow","max-snippet":"max-snippet:-1","max-image-preview":"max-image-preview:large","max-video-preview":"max-video-preview:-1"},"canonical":"https:\/\/chemgramx.com\/hu\/termek-1\/3-fluoroamphetamine-3fa-online-vasarlas\/","og_locale":"hu_HU","og_type":"article","og_title":"3-Fluoroamphetamin Kaufen - Hohe Reinheit","og_description":"Entdecken Sie hochwertiges 3-Fluoroamphetamin f\u00fcr Ihre Forschungszwecke. Sichern Sie sich authentische Laborqualit\u00e4t und bestellen Sie jetzt online bei Chemgramx.","og_url":"https:\/\/chemgramx.com\/hu\/termek-1\/3-fluoroamphetamine-3fa-online-vasarlas\/","og_site_name":"Chemgramx","article_modified_time":"2025-12-09T10:46:16+00:00","og_image":[{"width":500,"height":500,"url":"https:\/\/chemgramx.com\/wp-content\/uploads\/2025\/11\/4-FA-min-500x500-1.jpeg","type":"image\/jpeg"}],"twitter_card":"summary_large_image","twitter_misc":{"Becs\u00fclt olvas\u00e1si id\u0151":"2 perc"},"schema":{"@context":"https:\/\/schema.org","@graph":[{"@type":"WebPage","@id":"https:\/\/chemgramx.com\/product\/3-fluoroamphetamine-3fa-online-kaufen\/","url":"https:\/\/chemgramx.com\/product\/3-fluoroamphetamine-3fa-online-kaufen\/","name":"3-fluoramfetamin v\u00e1s\u00e1rl\u00e1s \u2013 magas tisztas\u00e1g\u00fa","isPartOf":{"@id":"https:\/\/chemgramx.com\/#website"},"primaryImageOfPage":{"@id":"https:\/\/chemgramx.com\/product\/3-fluoroamphetamine-3fa-online-kaufen\/#primaryimage"},"image":{"@id":"https:\/\/chemgramx.com\/product\/3-fluoroamphetamine-3fa-online-kaufen\/#primaryimage"},"thumbnailUrl":"https:\/\/chemgramx.com\/wp-content\/uploads\/2025\/11\/4-FA-min-500x500-1.jpeg","datePublished":"2025-11-21T16:44:55+00:00","dateModified":"2025-12-09T10:46:16+00:00","description":"Fedezze fel a kiv\u00e1l\u00f3 min\u0151s\u00e9g\u0171 3-fluoramfetamint kutat\u00e1si c\u00e9lokra. Biztos\u00edtsa mag\u00e1nak az eredeti laborat\u00f3riumi min\u0151s\u00e9get, \u00e9s rendeljen most online a Chemgramx weboldalon.","breadcrumb":{"@id":"https:\/\/chemgramx.com\/product\/3-fluoroamphetamine-3fa-online-kaufen\/#breadcrumb"},"inLanguage":"hu","potentialAction":[{"@type":"ReadAction","target":["https:\/\/chemgramx.com\/product\/3-fluoroamphetamine-3fa-online-kaufen\/"]}]},{"@type":"ImageObject","inLanguage":"hu","@id":"https:\/\/chemgramx.com\/product\/3-fluoroamphetamine-3fa-online-kaufen\/#primaryimage","url":"https:\/\/chemgramx.com\/wp-content\/uploads\/2025\/11\/4-FA-min-500x500-1.jpeg","contentUrl":"https:\/\/chemgramx.com\/wp-content\/uploads\/2025\/11\/4-FA-min-500x500-1.jpeg","width":500,"height":500},{"@type":"BreadcrumbList","@id":"https:\/\/chemgramx.com\/product\/3-fluoroamphetamine-3fa-online-kaufen\/#breadcrumb","itemListElement":[{"@type":"ListItem","position":1,"name":"Home","item":"https:\/\/chemgramx.com\/"},{"@type":"ListItem","position":2,"name":"Shop","item":"https:\/\/chemgramx.com\/shop\/"},{"@type":"ListItem","position":3,"name":"3-Fluoroamphetamin Kaufen &#8211; Hohe Reinheit"}]},{"@type":"WebSite","@id":"https:\/\/chemgramx.com\/#website","url":"https:\/\/chemgramx.com\/","name":"Chemgramx","description":"","publisher":{"@id":"https:\/\/chemgramx.com\/#organization"},"potentialAction":[{"@type":"SearchAction","target":{"@type":"EntryPoint","urlTemplate":"https:\/\/chemgramx.com\/?s={search_term_string}"},"query-input":{"@type":"PropertyValueSpecification","valueRequired":true,"valueName":"search_term_string"}}],"inLanguage":"hu"},{"@type":"Organization","@id":"https:\/\/chemgramx.com\/#organization","name":"Chemgramx","url":"https:\/\/chemgramx.com\/","logo":{"@type":"ImageObject","inLanguage":"hu","@id":"https:\/\/chemgramx.com\/#\/schema\/logo\/image\/","url":"https:\/\/chemgramx.com\/wp-content\/uploads\/2024\/10\/final-logo.png","contentUrl":"https:\/\/chemgramx.com\/wp-content\/uploads\/2024\/10\/final-logo.png","width":250,"height":48,"caption":"Chemgramx"},"image":{"@id":"https:\/\/chemgramx.com\/#\/schema\/logo\/image\/"}}]}},"_links":{"self":[{"href":"https:\/\/chemgramx.com\/hu\/wp-json\/wp\/v2\/product\/7997","targetHints":{"allow":["GET"]}}],"collection":[{"href":"https:\/\/chemgramx.com\/hu\/wp-json\/wp\/v2\/product"}],"about":[{"href":"https:\/\/chemgramx.com\/hu\/wp-json\/wp\/v2\/types\/product"}],"replies":[{"embeddable":true,"href":"https:\/\/chemgramx.com\/hu\/wp-json\/wp\/v2\/comments?post=7997"}],"wp:featuredmedia":[{"embeddable":true,"href":"https:\/\/chemgramx.com\/hu\/wp-json\/wp\/v2\/media\/8048"}],"wp:attachment":[{"href":"https:\/\/chemgramx.com\/hu\/wp-json\/wp\/v2\/media?parent=7997"}],"wp:term":[{"taxonomy":"product_brand","embeddable":true,"href":"https:\/\/chemgramx.com\/hu\/wp-json\/wp\/v2\/product_brand?post=7997"},{"taxonomy":"product_cat","embeddable":true,"href":"https:\/\/chemgramx.com\/hu\/wp-json\/wp\/v2\/product_cat?post=7997"},{"taxonomy":"product_tag","embeddable":true,"href":"https:\/\/chemgramx.com\/hu\/wp-json\/wp\/v2\/product_tag?post=7997"}],"curies":[{"name":"wp","href":"https:\/\/api.w.org\/{rel}","templated":true}]}}