{"id":8009,"date":"2025-11-21T16:45:29","date_gmt":"2025-11-21T16:45:29","guid":{"rendered":"https:\/\/chemgramx.com\/?post_type=product&#038;p=8009"},"modified":"2025-12-09T10:41:33","modified_gmt":"2025-12-09T10:41:33","slug":"vasarolni-mdpv-methylenedioxypyrovalerone-online","status":"publish","type":"product","link":"https:\/\/chemgramx.com\/hu\/product\/mdpv-methylenedioxypyrovaleron-online-kaufen\/","title":{"rendered":"MDPV v\u00e1s\u00e1rl\u00e1s \u2013 Magas tisztas\u00e1g\u00fa kutat\u00e1si min\u0151s\u00e9g"},"content":{"rendered":"<p>A ig\u00e9nyes kutat\u00e1si projektek eset\u00e9ben az anyagok min\u0151s\u00e9ge d\u00f6nt\u0151 fontoss\u00e1g\u00fa. Ez\u00e9rt b\u00fcszk\u00e9k vagyunk arra, hogy \u00d6nnek <b>MDPV v\u00e1s\u00e1rl\u00e1s elad\u00f3<\/b> k\u00edn\u00e1lunk. Ez egy olyan anyag, amely a legmagasabb tisztas\u00e1gi k\u00f6vetelm\u00e9nyeknek felel meg, \u00e9s amelyet kifejezetten tudom\u00e1nyos alkalmaz\u00e1sokhoz fejlesztettek ki. Szigor\u00fa min\u0151s\u00e9g-ellen\u0151rz\u00e9s\u00fcnkkel mindig els\u0151 oszt\u00e1ly\u00fa term\u00e9keket garant\u00e1lunk.<\/p>\n<p>Meg\u00e9rtj\u00fck a pontoss\u00e1g fontoss\u00e1g\u00e1t a kutat\u00e1s minden szakasz\u00e1ban. Ez\u00e9rt gondoskodunk arr\u00f3l, hogy metil\u00e9n-dioxi-pirovaler\u00f3nunk kiv\u00e9telesen <b>Magas tisztas\u00e1g\u00fa Elad\u00f3<\/b> Ez megb\u00edzhat\u00f3 \u00e9s reproduk\u00e1lhat\u00f3 eredm\u00e9nyeket biztos\u00edt tanulm\u00e1nyaihoz. Fedezze fel az ilyen min\u0151s\u00e9g\u0171 term\u00e9kek \u00e1ltal k\u00edn\u00e1lt el\u0151ny\u00f6ket.<\/p>\n<h2>Fedezze fel az MDPV (metil\u00e9n-dioxi-pirovaleron) min\u0151s\u00e9g\u00e9t<\/h2>\n<p>A metil\u00e9n-dioxi-pirovaleron, m\u00e1s n\u00e9ven MDPV, egy fontos k\u00e9miai vegy\u00fclet a kutat\u00e1sban. Ez\u00e9rt gyakran haszn\u00e1lj\u00e1k k\u00fcl\u00f6nb\u00f6z\u0151 tudom\u00e1nyos diszcipl\u00edn\u00e1kban specifikus mechanizmusok vizsg\u00e1lat\u00e1ra. K\u00edn\u00e1latunk a k\u00f6vetkez\u0151ket tartalmazza <b>Kiv\u00e1l\u00f3 min\u0151s\u00e9g\u0171 MDPV<\/b>, amely megfelel a legmodernebb laborat\u00f3riumok k\u00f6vetelm\u00e9nyeinek. Nagy hangs\u00falyt fektet\u00fcnk term\u00e9keink tisztas\u00e1g\u00e1ra.<\/p>\n<p>K\u00fcl\u00f6n\u00f6sen azoknak a laborat\u00f3riumoknak, amelyek pontos elemz\u00e9sekre szorulnak, kiv\u00e1l\u00f3 v\u00e1laszt\u00e1s a mi MDPV-nk. Val\u00f3j\u00e1ban biztos\u00edtja a k\u00eds\u00e9rleti adatok valid\u00e1l\u00e1s\u00e1hoz elengedhetetlen konzisztenci\u00e1t. Ez\u00e9rt biztos lehet benne, hogy MDPV-nk meghaladja az elv\u00e1r\u00e1sait. A szerkezeti integrit\u00e1s term\u00e9keink tov\u00e1bbi jellemz\u0151je.<\/p>\n<h3>Mi\u00e9rt v\u00e1lassza a Chemgramx MDPV-j\u00e9t?<\/h3>\n<p>A Chemgramx mellett d\u00f6nteni azt jelenti, hogy a megb\u00edzhat\u00f3s\u00e1g \u00e9s a kiv\u00e1l\u00f3s\u00e1g mellett d\u00f6nt. Nem csak <b>A legjobb MDPV kaphat\u00f3<\/b>, hanem \u00e1tl\u00e1that\u00f3 szolg\u00e1ltat\u00e1st is ny\u00fajtunk. Term\u00e9keinket kifejezetten kutat\u00e1si c\u00e9lokra tervezt\u00fck, \u00e9s megfelelnek a legszigor\u00fabb krit\u00e9riumoknak <b>Kutat\u00e1si min\u0151s\u00e9g Elad\u00f3<\/b>.<\/p>\n<p>Emellett garant\u00e1ljuk az \u00e1lland\u00f3an magas min\u0151s\u00e9get, amely elengedhetetlen a kritikus tanulm\u00e1nyokhoz. Ezenk\u00edv\u00fcl minden t\u00e9telt alaposan tesztel\u00fcnk, hogy meger\u0151s\u00edts\u00fck annak tisztas\u00e1g\u00e1t \u00e9s identit\u00e1s\u00e1t. Ez\u00e9rt sz\u00e1mos kutat\u00f3 b\u00edzik szak\u00e9rtelm\u00fcnkben \u00e9s term\u00e9keinkben. Min\u0151s\u00e9g ir\u00e1nti elk\u00f6telezetts\u00e9g\u00fcnk p\u00e1ratlan.<\/p>\n<ul>\n<li><b>Ellen\u0151rz\u00f6tt tisztas\u00e1g:<\/b> Minden anyag szigor\u00fa min\u0151s\u00e9g-ellen\u0151rz\u00e9sen esik \u00e1t.<\/li>\n<li><b>Speci\u00e1lis \u00f6sszet\u00e9tel:<\/b> Ide\u00e1lis ig\u00e9nyes laborat\u00f3riumi k\u00f6rnyezetben \u00e9s prec\u00edz k\u00eds\u00e9rletekhez.<\/li>\n<li><b>Megb\u00edzhat\u00f3 eredm\u00e9nyek:<\/b> Seg\u00edts\u00e9g a konzisztens \u00e9s reproduk\u00e1lhat\u00f3 adatok el\u00e9r\u00e9s\u00e9ben.<\/li>\n<li><b>Laborat\u00f3riumi min\u0151s\u00e9g Elad\u00f3:<\/b> MDPV-nk megfelel a legmagasabb ipari szabv\u00e1nyoknak.<\/li>\n<\/ul>\n<h3>A tisztas\u00e1g fontoss\u00e1ga a kutat\u00e1sban<\/h3>\n<p>A kutat\u00e1si vegyszerek tisztas\u00e1ga alapvet\u0151 fontoss\u00e1g\u00fa. Figyelembe v\u00e9ve, hogy a szennyez\u0151d\u00e9sek torz\u00edthatj\u00e1k az eredm\u00e9nyeket, a tiszta term\u00e9k kiv\u00e1laszt\u00e1sa d\u00f6nt\u0151 fontoss\u00e1g\u00fa. A mi <b>Magas tisztas\u00e1g\u00fa Elad\u00f3<\/b>-szabv\u00e1ny biztos\u00edtja, hogy kutat\u00e1si eredm\u00e9nyeit ne befoly\u00e1solj\u00e1k nemk\u00edv\u00e1natos anyagok. Ez filoz\u00f3fi\u00e1nk egyik alapk\u00f6ve.<\/p>\n<p>Ezenk\u00edv\u00fcl a magas tisztas\u00e1g lehet\u0151v\u00e9 teszi a pontos adagol\u00e1st \u00e9s a pontos jellemz\u00e9st. Ennek eredm\u00e9nyek\u00e9nt a kutat\u00f3k elk\u00fcl\u00f6n\u00edthetik \u00e9s tanulm\u00e1nyozhatj\u00e1k a tiszta anyag hat\u00e1s\u00e1t. Ez\u00e9rt a nagy tisztas\u00e1g\u00fa vegyi anyagokba val\u00f3 befektet\u00e9s a tudom\u00e1nyos munk\u00e1j\u00e1nak integrit\u00e1s\u00e1ba val\u00f3 befektet\u00e9s. B\u00edzzon a legmagasabb sz\u00ednvonalat k\u00e9pvisel\u0151 term\u00e9kekben.<\/p>\n<h2>MDPV online megrendel\u00e9s: \u00fatmutat\u00f3 kutat\u00f3k sz\u00e1m\u00e1ra<\/h2>\n<p>A rendel\u00e9si folyamatot a lehet\u0151 legegyszer\u0171bb\u00e9 \u00e9s legbiztons\u00e1gosabb\u00e1 tett\u00fck. Ez\u00e9rt \u00d6n <b>MDPV online megrendel\u00e9s<\/b> n\u00e9h\u00e1ny kattint\u00e1ssal. Felhaszn\u00e1l\u00f3bar\u00e1t rendszer\u00fcnk k\u00f6nnyed\u00e9n v\u00e9gigvezeti \u00d6nt a v\u00e1s\u00e1rl\u00e1si folyamaton. Minden tranzakci\u00f3 sor\u00e1n nagy hangs\u00falyt fektet\u00fcnk a diszkr\u00e9ci\u00f3ra \u00e9s a hat\u00e9konys\u00e1gra.<\/p>\n<p>Ezenk\u00edv\u00fcl minden term\u00e9kr\u0151l \u00e1tfog\u00f3 inform\u00e1ci\u00f3kat ny\u00fajtunk, hogy megk\u00f6nny\u00edts\u00fck v\u00e1s\u00e1rl\u00e1si d\u00f6nt\u00e9s\u00e9t. A <b>Biztons\u00e1gos v\u00e1s\u00e1rl\u00e1s<\/b> A k\u00edv\u00e1nt kutat\u00e1si vegyszerek n\u00e1lunk garant\u00e1ltan megtal\u00e1lhat\u00f3k. L\u00e1togasson el term\u00e9koldalunkra, hogy <a href=\"https:\/\/chemgramx.com\/product\/mdpv-methylenedioxypyrovaleron-online-kaufen\/\">MDPV (metil\u00e9ndioxipirovaleron) biztons\u00e1gos online megrendel\u00e9se<\/a> \u00e9s gy\u0151z\u0151dj\u00f6n meg min\u0151s\u00e9g\u00fcnkr\u0151l.<\/p>\n<h3>Alkalmaz\u00e1si ter\u00fcletek \u00e9s tanulm\u00e1nyi lehet\u0151s\u00e9gek<\/h3>\n<p>Az MDPV egy sokoldal\u00fa kutat\u00e1si potenci\u00e1llal rendelkez\u0151 anyag. P\u00e9ld\u00e1ul a neurofarmakol\u00f3gi\u00e1ban gyakran vizsg\u00e1lj\u00e1k, hogy meg\u00e9rts\u00e9k a neurotranszmitterekkel val\u00f3 k\u00f6lcs\u00f6nhat\u00e1sait. Ezenk\u00edv\u00fcl referenciastandardk\u00e9nt szolg\u00e1l az analitikai k\u00e9mia ter\u00fclet\u00e9n, k\u00fcl\u00f6n\u00f6sen \u00faj detekt\u00e1l\u00e1si m\u00f3dszerek fejleszt\u00e9se sor\u00e1n. Ez\u00e9rt a megb\u00edzhat\u00f3 MDPV ir\u00e1nti kereslet folyamatosan magas.<\/p>\n<p>Ezenk\u00edv\u00fcl a kutat\u00f3k az MDPV-t metabolikus fiziol\u00f3giai tanulm\u00e1nyokban is felhaszn\u00e1lhatj\u00e1k az enzim\u00fatvonalak felt\u00e1r\u00e1s\u00e1ra. A toxikol\u00f3giai kutat\u00e1sban is fontos szerepet j\u00e1tszik. R\u00f6viden \u00f6sszefoglalva: alkalmaz\u00e1si lehet\u0151s\u00e9gei sz\u00e9les k\u00f6r\u0171ek, \u00e9s mindig a legmagasabb min\u0151s\u00e9g\u0171 term\u00e9ket ig\u00e9nylik. Pr\u00e9mium term\u00e9keinkkel t\u00e1mogatjuk kutat\u00e1sait.<\/p>\n<h2>Hiteles MDPV a pontos eredm\u00e9nyek\u00e9rt<\/h2>\n<p>A kutat\u00e1si vegyi anyagok hiteless\u00e9ge ugyanolyan fontos, mint azok tisztas\u00e1ga. Elk\u00f6telezetts\u00e9g\u00fcnk a <b>Hiteles MDPV<\/b> azt jelenti, hogy pontosan azt kapja, amit elv\u00e1r. Minden term\u00e9ket szigor\u00faan ellen\u0151riznek, hogy meger\u0151s\u00edts\u00e9k annak eredetis\u00e9g\u00e9t \u00e9s k\u00e9miai szerkezet\u00e9t. Ennek eredm\u00e9nyek\u00e9nt megb\u00edzhat k\u00eds\u00e9rletei integrit\u00e1s\u00e1ban.<\/p>\n<p>Egy\u00e9bk\u00e9nt minden t\u00e9tel nyomonk\u00f6vethet\u0151s\u00e9ge szerves r\u00e9sze min\u0151s\u00e9gir\u00e1ny\u00edt\u00e1si rendszer\u00fcnknek. Ez\u00e1ltal biztos\u00edtjuk, hogy \u00d6n mindig egy\u00e9rtelm\u0171en meghat\u00e1rozott eredet\u0171 \u00e9s \u00f6sszet\u00e9tel\u0171 term\u00e9ket kapjon. Elk\u00f6telezetts\u00e9g\u00fcnk tov\u00e1bbi p\u00e9ld\u00e1ja az egy\u00e9b kutat\u00e1si vegyszerek k\u00edn\u00e1lata, ahogyan azt a <a href=\"https:\/\/chemgramx.com\/product\/bb-22-online-bestellung\/\">BB-22 online megrendel\u00e9s<\/a> l\u00e1thatj\u00e1k. Csak a legjobbat k\u00edn\u00e1ljuk.<\/p>\n<h3>Min\u0151s\u00e9gi \u00edg\u00e9ret\u00fcnk<\/h3>\n<p>A Chemgramxn\u00e1l a min\u0151s\u00e9g nem \u00fcres \u00edg\u00e9ret, hanem tev\u00e9kenys\u00e9g\u00fcnk alapja. \u00c1tfog\u00f3 megk\u00f6zel\u00edt\u00e9st alkalmazunk, amely a nyersanyagok beszerz\u00e9s\u00e9t\u0151l a gondos feldolgoz\u00e1sig terjed. Ennek eredm\u00e9nyek\u00e9nt garant\u00e1lhatjuk term\u00e9keink kiemelked\u0151 tisztas\u00e1g\u00e1t \u00e9s konzisztenci\u00e1j\u00e1t. Ez a mi hozz\u00e1j\u00e1rul\u00e1sunk az \u00d6n sikeres kutat\u00e1s\u00e1hoz.<\/p>\n<p>Ezen t\u00falmen\u0151en folyamatosan beruh\u00e1zunk modern laborat\u00f3riumi berendez\u00e9sekbe \u00e9s munkat\u00e1rsaink folyamatos k\u00e9pz\u00e9s\u00e9be. Ez\u00e1ltal biztos\u00edtjuk, hogy vizsg\u00e1lati elj\u00e1r\u00e1saink mindig a leg\u00fajabb technol\u00f3giai sz\u00ednvonalnak megfeleljenek. \u00dcgyfeleink biztosak lehetnek abban, hogy olyan term\u00e9ket kapnak, amelyet a legnagyobb gondoss\u00e1ggal \u00e9s szak\u00e9rtelemmel gy\u00e1rtottak.<\/p>\n<h2>A Chemgramx el\u0151nyei: V\u00e1s\u00e1roljon most online<\/h2>\n<p>A Chemgramx-t\u00f3l t\u00f6rt\u00e9n\u0151 kutat\u00e1si vegyszerek beszerz\u00e9s\u00e9nek sz\u00e1mos el\u0151nye van. El\u0151sz\u00f6r is, kompromisszumok n\u00e9lk\u00fcli min\u0151s\u00e9g\u00fcnkkel j\u00e1rulunk hozz\u00e1 minden tanulm\u00e1ny \u00e9rt\u00e9k\u00e9hez. M\u00e1sodszor, \u00e1tl\u00e1that\u00f3 \u00e9s biztons\u00e1gos \u00fcgyint\u00e9z\u00e9ssel biztos\u00edtjuk \u00d6nnek a nyugodt lelki b\u00e9k\u00e9t. Harmadszor, \u00fcgyf\u00e9lszolg\u00e1latunk mindig k\u00e9szen \u00e1ll arra, hogy megv\u00e1laszolja k\u00e9rd\u00e9seit. Szeretn\u00e9nk, ha pozit\u00edv \u00e9lm\u00e9nyben r\u00e9szes\u00fclne.<\/p>\n<p>\u00cdgy semmi sem \u00e1llhat az \u00fatj\u00e1ban, hogy <b>Most online v\u00e1s\u00e1roljon<\/b> . Megh\u00edvjuk \u00d6nt, hogy saj\u00e1t maga tapasztalja meg metil\u00e9n-dioxi-pirovaleronunk kiv\u00e1l\u00f3 min\u0151s\u00e9g\u00e9t. Tekintse meg teljes k\u00edn\u00e1latunkat \u00e9s <a href=\"https:\/\/chemgramx.com\/product\/mdpv-methylenedioxypyrovaleron-online-kaufen\/\">Fedezze fel teljes MDPV-k\u00edn\u00e1latunkat<\/a>, hogy kutat\u00e1s\u00e1t a k\u00f6vetkez\u0151 szintre emelje. \u00c9rdemes a Chemgramx-t\u00f3l v\u00e1s\u00e1rolni.<\/p>","protected":false},"excerpt":{"rendered":"<p>Fedezze fel a <b>kiv\u00e1l\u00f3 min\u0151s\u00e9g\u0171 MDPV (metil\u00e9n-dioxi-pirovaleron)<\/b> tudom\u00e1nyos projektjeihez. A mi <b>Kutat\u00e1si min\u0151s\u00e9g elad\u00f3<\/b> A term\u00e9k ide\u00e1lis prec\u00edz tanulm\u00e1nyokhoz \u00e9s analitikai alkalmaz\u00e1sokhoz. V\u00e1s\u00e1rolja meg <b>hiteles MDPV<\/b> \u00e9s biztos\u00edtsa a megb\u00edzhat\u00f3 eredm\u00e9nyeket. Most <b>MDPV v\u00e1s\u00e1rl\u00e1s<\/b> a Chemgramx kiv\u00e1l\u00f3 sz\u00ednvonal\u00e1\u00e9rt.<\/p>","protected":false},"featured_media":8063,"comment_status":"open","ping_status":"closed","template":"","meta":{"_joinchat":[]},"product_brand":[],"product_cat":[48],"product_tag":[249,292,323,251,321,320,312,309,307,310,313,308,318,311,315,314,316,319,317,322,325,326,250,248,324],"class_list":{"0":"post-8009","1":"product","2":"type-product","3":"status-publish","4":"has-post-thumbnail","6":"product_cat-stimulants","7":"product_tag-amphetamin-derivate","8":"product_tag-cathinone","9":"product_tag-chemische-formel-mdpv","10":"product_tag-gesundheitliche-risiken","11":"product_tag-mdpv","12":"product_tag-mdpv-analyse","13":"product_tag-mdpv-anwendung","14":"product_tag-mdpv-forschung","15":"product_tag-mdpv-kaufen","16":"product_tag-mdpv-labor","17":"product_tag-mdpv-lagerung","18":"product_tag-mdpv-lieferant","19":"product_tag-mdpv-markt","20":"product_tag-mdpv-preis","21":"product_tag-mdpv-risiken","22":"product_tag-mdpv-sicherheit","23":"product_tag-mdpv-verfugbarkeit","24":"product_tag-mdpv-vertrieb","25":"product_tag-mdpv-vorschriften","26":"product_tag-methylenedioxypyrovalerone","27":"product_tag-rechtlicher-status-mdpv","28":"product_tag-risiken-mdpv","29":"product_tag-suchtgefahr","30":"product_tag-synthetische-stimulanzien","31":"product_tag-wirkungen-von-mdpv","33":"first","34":"instock","35":"shipping-taxable","36":"purchasable","37":"product-type-variable"},"yoast_head":"<!-- This site is optimized with the Yoast SEO plugin v27.5 - https:\/\/yoast.com\/product\/yoast-seo-wordpress\/ -->\n<title>MDPV kaufen - Hochreine Forschungsqualit\u00e4t<\/title>\n<meta name=\"description\" content=\"Erwerben Sie hochwertiges MDPV (Methylenedioxypyrovaleron) online bei Chemgramx. Wir garantieren Forschungsqualit\u00e4t zum Verkauf f\u00fcr pr\u00e4zise Studien. Jetzt sicher bestellen.\" \/>\n<meta name=\"robots\" content=\"index, follow, max-snippet:-1, max-image-preview:large, max-video-preview:-1\" \/>\n<link rel=\"canonical\" href=\"https:\/\/chemgramx.com\/hu\/termek-1\/vasarolni-mdpv-methylenedioxypyrovalerone-online\/\" \/>\n<meta property=\"og:locale\" content=\"hu_HU\" \/>\n<meta property=\"og:type\" content=\"article\" \/>\n<meta property=\"og:title\" content=\"MDPV kaufen - Hochreine Forschungsqualit\u00e4t\" \/>\n<meta property=\"og:description\" content=\"Erwerben Sie hochwertiges MDPV (Methylenedioxypyrovaleron) online bei Chemgramx. Wir garantieren Forschungsqualit\u00e4t zum Verkauf f\u00fcr pr\u00e4zise Studien. Jetzt sicher bestellen.\" \/>\n<meta property=\"og:url\" content=\"https:\/\/chemgramx.com\/hu\/termek-1\/vasarolni-mdpv-methylenedioxypyrovalerone-online\/\" \/>\n<meta property=\"og:site_name\" content=\"Chemgramx\" \/>\n<meta property=\"article:modified_time\" content=\"2025-12-09T10:41:33+00:00\" \/>\n<meta property=\"og:image\" content=\"https:\/\/chemgramx.com\/wp-content\/uploads\/2025\/11\/MDPV-kaufen-1.jpg\" \/>\n\t<meta property=\"og:image:width\" content=\"474\" \/>\n\t<meta property=\"og:image:height\" content=\"474\" \/>\n\t<meta property=\"og:image:type\" content=\"image\/jpeg\" \/>\n<meta name=\"twitter:card\" content=\"summary_large_image\" \/>\n<meta name=\"twitter:label1\" content=\"Becs\u00fclt olvas\u00e1si id\u0151\" \/>\n\t<meta name=\"twitter:data1\" content=\"3 perc\" \/>\n<script type=\"application\/ld+json\" class=\"yoast-schema-graph\">{\"@context\":\"https:\\\/\\\/schema.org\",\"@graph\":[{\"@type\":\"WebPage\",\"@id\":\"https:\\\/\\\/chemgramx.com\\\/product\\\/mdpv-methylenedioxypyrovaleron-online-kaufen\\\/\",\"url\":\"https:\\\/\\\/chemgramx.com\\\/product\\\/mdpv-methylenedioxypyrovaleron-online-kaufen\\\/\",\"name\":\"MDPV kaufen - Hochreine Forschungsqualit\u00e4t\",\"isPartOf\":{\"@id\":\"https:\\\/\\\/chemgramx.com\\\/#website\"},\"primaryImageOfPage\":{\"@id\":\"https:\\\/\\\/chemgramx.com\\\/product\\\/mdpv-methylenedioxypyrovaleron-online-kaufen\\\/#primaryimage\"},\"image\":{\"@id\":\"https:\\\/\\\/chemgramx.com\\\/product\\\/mdpv-methylenedioxypyrovaleron-online-kaufen\\\/#primaryimage\"},\"thumbnailUrl\":\"https:\\\/\\\/chemgramx.com\\\/wp-content\\\/uploads\\\/2025\\\/11\\\/MDPV-kaufen-1.jpg\",\"datePublished\":\"2025-11-21T16:45:29+00:00\",\"dateModified\":\"2025-12-09T10:41:33+00:00\",\"description\":\"Erwerben Sie hochwertiges MDPV (Methylenedioxypyrovaleron) online bei Chemgramx. Wir garantieren Forschungsqualit\u00e4t zum Verkauf f\u00fcr pr\u00e4zise Studien. Jetzt sicher bestellen.\",\"breadcrumb\":{\"@id\":\"https:\\\/\\\/chemgramx.com\\\/product\\\/mdpv-methylenedioxypyrovaleron-online-kaufen\\\/#breadcrumb\"},\"inLanguage\":\"hu\",\"potentialAction\":[{\"@type\":\"ReadAction\",\"target\":[\"https:\\\/\\\/chemgramx.com\\\/product\\\/mdpv-methylenedioxypyrovaleron-online-kaufen\\\/\"]}]},{\"@type\":\"ImageObject\",\"inLanguage\":\"hu\",\"@id\":\"https:\\\/\\\/chemgramx.com\\\/product\\\/mdpv-methylenedioxypyrovaleron-online-kaufen\\\/#primaryimage\",\"url\":\"https:\\\/\\\/chemgramx.com\\\/wp-content\\\/uploads\\\/2025\\\/11\\\/MDPV-kaufen-1.jpg\",\"contentUrl\":\"https:\\\/\\\/chemgramx.com\\\/wp-content\\\/uploads\\\/2025\\\/11\\\/MDPV-kaufen-1.jpg\",\"width\":474,\"height\":474},{\"@type\":\"BreadcrumbList\",\"@id\":\"https:\\\/\\\/chemgramx.com\\\/product\\\/mdpv-methylenedioxypyrovaleron-online-kaufen\\\/#breadcrumb\",\"itemListElement\":[{\"@type\":\"ListItem\",\"position\":1,\"name\":\"Home\",\"item\":\"https:\\\/\\\/chemgramx.com\\\/\"},{\"@type\":\"ListItem\",\"position\":2,\"name\":\"Shop\",\"item\":\"https:\\\/\\\/chemgramx.com\\\/shop\\\/\"},{\"@type\":\"ListItem\",\"position\":3,\"name\":\"MDPV kaufen &#8211; Hochreine Forschungsqualit\u00e4t\"}]},{\"@type\":\"WebSite\",\"@id\":\"https:\\\/\\\/chemgramx.com\\\/#website\",\"url\":\"https:\\\/\\\/chemgramx.com\\\/\",\"name\":\"Chemgramx\",\"description\":\"\",\"publisher\":{\"@id\":\"https:\\\/\\\/chemgramx.com\\\/#organization\"},\"potentialAction\":[{\"@type\":\"SearchAction\",\"target\":{\"@type\":\"EntryPoint\",\"urlTemplate\":\"https:\\\/\\\/chemgramx.com\\\/?s={search_term_string}\"},\"query-input\":{\"@type\":\"PropertyValueSpecification\",\"valueRequired\":true,\"valueName\":\"search_term_string\"}}],\"inLanguage\":\"hu\"},{\"@type\":\"Organization\",\"@id\":\"https:\\\/\\\/chemgramx.com\\\/#organization\",\"name\":\"Chemgramx\",\"url\":\"https:\\\/\\\/chemgramx.com\\\/\",\"logo\":{\"@type\":\"ImageObject\",\"inLanguage\":\"hu\",\"@id\":\"https:\\\/\\\/chemgramx.com\\\/#\\\/schema\\\/logo\\\/image\\\/\",\"url\":\"https:\\\/\\\/chemgramx.com\\\/wp-content\\\/uploads\\\/2024\\\/10\\\/final-logo.png\",\"contentUrl\":\"https:\\\/\\\/chemgramx.com\\\/wp-content\\\/uploads\\\/2024\\\/10\\\/final-logo.png\",\"width\":250,\"height\":48,\"caption\":\"Chemgramx\"},\"image\":{\"@id\":\"https:\\\/\\\/chemgramx.com\\\/#\\\/schema\\\/logo\\\/image\\\/\"}}]}<\/script>\n<!-- \/ Yoast SEO plugin. -->","yoast_head_json":{"title":"MDPV v\u00e1s\u00e1rl\u00e1s \u2013 Magas tisztas\u00e1g\u00fa kutat\u00e1si min\u0151s\u00e9g","description":"V\u00e1s\u00e1roljon kiv\u00e1l\u00f3 min\u0151s\u00e9g\u0171 MDPV-t (metil\u00e9n-dioxi-pirovaleront) online a Chemgramx weboldal\u00e1n. Garant\u00e1ljuk a kutat\u00e1si min\u0151s\u00e9get a pontos tanulm\u00e1nyokhoz. Rendeljen most biztons\u00e1gosan.","robots":{"index":"index","follow":"follow","max-snippet":"max-snippet:-1","max-image-preview":"max-image-preview:large","max-video-preview":"max-video-preview:-1"},"canonical":"https:\/\/chemgramx.com\/hu\/termek-1\/vasarolni-mdpv-methylenedioxypyrovalerone-online\/","og_locale":"hu_HU","og_type":"article","og_title":"MDPV kaufen - Hochreine Forschungsqualit\u00e4t","og_description":"Erwerben Sie hochwertiges MDPV (Methylenedioxypyrovaleron) online bei Chemgramx. Wir garantieren Forschungsqualit\u00e4t zum Verkauf f\u00fcr pr\u00e4zise Studien. Jetzt sicher bestellen.","og_url":"https:\/\/chemgramx.com\/hu\/termek-1\/vasarolni-mdpv-methylenedioxypyrovalerone-online\/","og_site_name":"Chemgramx","article_modified_time":"2025-12-09T10:41:33+00:00","og_image":[{"width":474,"height":474,"url":"https:\/\/chemgramx.com\/wp-content\/uploads\/2025\/11\/MDPV-kaufen-1.jpg","type":"image\/jpeg"}],"twitter_card":"summary_large_image","twitter_misc":{"Becs\u00fclt olvas\u00e1si id\u0151":"3 perc"},"schema":{"@context":"https:\/\/schema.org","@graph":[{"@type":"WebPage","@id":"https:\/\/chemgramx.com\/product\/mdpv-methylenedioxypyrovaleron-online-kaufen\/","url":"https:\/\/chemgramx.com\/product\/mdpv-methylenedioxypyrovaleron-online-kaufen\/","name":"MDPV v\u00e1s\u00e1rl\u00e1s \u2013 Magas tisztas\u00e1g\u00fa kutat\u00e1si min\u0151s\u00e9g","isPartOf":{"@id":"https:\/\/chemgramx.com\/#website"},"primaryImageOfPage":{"@id":"https:\/\/chemgramx.com\/product\/mdpv-methylenedioxypyrovaleron-online-kaufen\/#primaryimage"},"image":{"@id":"https:\/\/chemgramx.com\/product\/mdpv-methylenedioxypyrovaleron-online-kaufen\/#primaryimage"},"thumbnailUrl":"https:\/\/chemgramx.com\/wp-content\/uploads\/2025\/11\/MDPV-kaufen-1.jpg","datePublished":"2025-11-21T16:45:29+00:00","dateModified":"2025-12-09T10:41:33+00:00","description":"V\u00e1s\u00e1roljon kiv\u00e1l\u00f3 min\u0151s\u00e9g\u0171 MDPV-t (metil\u00e9n-dioxi-pirovaleront) online a Chemgramx weboldal\u00e1n. Garant\u00e1ljuk a kutat\u00e1si min\u0151s\u00e9get a pontos tanulm\u00e1nyokhoz. Rendeljen most biztons\u00e1gosan.","breadcrumb":{"@id":"https:\/\/chemgramx.com\/product\/mdpv-methylenedioxypyrovaleron-online-kaufen\/#breadcrumb"},"inLanguage":"hu","potentialAction":[{"@type":"ReadAction","target":["https:\/\/chemgramx.com\/product\/mdpv-methylenedioxypyrovaleron-online-kaufen\/"]}]},{"@type":"ImageObject","inLanguage":"hu","@id":"https:\/\/chemgramx.com\/product\/mdpv-methylenedioxypyrovaleron-online-kaufen\/#primaryimage","url":"https:\/\/chemgramx.com\/wp-content\/uploads\/2025\/11\/MDPV-kaufen-1.jpg","contentUrl":"https:\/\/chemgramx.com\/wp-content\/uploads\/2025\/11\/MDPV-kaufen-1.jpg","width":474,"height":474},{"@type":"BreadcrumbList","@id":"https:\/\/chemgramx.com\/product\/mdpv-methylenedioxypyrovaleron-online-kaufen\/#breadcrumb","itemListElement":[{"@type":"ListItem","position":1,"name":"Home","item":"https:\/\/chemgramx.com\/"},{"@type":"ListItem","position":2,"name":"Shop","item":"https:\/\/chemgramx.com\/shop\/"},{"@type":"ListItem","position":3,"name":"MDPV kaufen &#8211; Hochreine Forschungsqualit\u00e4t"}]},{"@type":"WebSite","@id":"https:\/\/chemgramx.com\/#website","url":"https:\/\/chemgramx.com\/","name":"Chemgramx","description":"","publisher":{"@id":"https:\/\/chemgramx.com\/#organization"},"potentialAction":[{"@type":"SearchAction","target":{"@type":"EntryPoint","urlTemplate":"https:\/\/chemgramx.com\/?s={search_term_string}"},"query-input":{"@type":"PropertyValueSpecification","valueRequired":true,"valueName":"search_term_string"}}],"inLanguage":"hu"},{"@type":"Organization","@id":"https:\/\/chemgramx.com\/#organization","name":"Chemgramx","url":"https:\/\/chemgramx.com\/","logo":{"@type":"ImageObject","inLanguage":"hu","@id":"https:\/\/chemgramx.com\/#\/schema\/logo\/image\/","url":"https:\/\/chemgramx.com\/wp-content\/uploads\/2024\/10\/final-logo.png","contentUrl":"https:\/\/chemgramx.com\/wp-content\/uploads\/2024\/10\/final-logo.png","width":250,"height":48,"caption":"Chemgramx"},"image":{"@id":"https:\/\/chemgramx.com\/#\/schema\/logo\/image\/"}}]}},"_links":{"self":[{"href":"https:\/\/chemgramx.com\/hu\/wp-json\/wp\/v2\/product\/8009","targetHints":{"allow":["GET"]}}],"collection":[{"href":"https:\/\/chemgramx.com\/hu\/wp-json\/wp\/v2\/product"}],"about":[{"href":"https:\/\/chemgramx.com\/hu\/wp-json\/wp\/v2\/types\/product"}],"replies":[{"embeddable":true,"href":"https:\/\/chemgramx.com\/hu\/wp-json\/wp\/v2\/comments?post=8009"}],"wp:featuredmedia":[{"embeddable":true,"href":"https:\/\/chemgramx.com\/hu\/wp-json\/wp\/v2\/media\/8063"}],"wp:attachment":[{"href":"https:\/\/chemgramx.com\/hu\/wp-json\/wp\/v2\/media?parent=8009"}],"wp:term":[{"taxonomy":"product_brand","embeddable":true,"href":"https:\/\/chemgramx.com\/hu\/wp-json\/wp\/v2\/product_brand?post=8009"},{"taxonomy":"product_cat","embeddable":true,"href":"https:\/\/chemgramx.com\/hu\/wp-json\/wp\/v2\/product_cat?post=8009"},{"taxonomy":"product_tag","embeddable":true,"href":"https:\/\/chemgramx.com\/hu\/wp-json\/wp\/v2\/product_tag?post=8009"}],"curies":[{"name":"wp","href":"https:\/\/api.w.org\/{rel}","templated":true}]}}