{"id":8012,"date":"2025-11-21T16:45:31","date_gmt":"2025-11-21T16:45:31","guid":{"rendered":"https:\/\/chemgramx.com\/?post_type=product&#038;p=8012"},"modified":"2025-12-09T10:40:14","modified_gmt":"2025-12-09T10:40:14","slug":"a-pvp-alfa-pirrolidinovalerophenone-online-vasarlas","status":"publish","type":"product","link":"https:\/\/chemgramx.com\/hu\/product\/a-pvp-alpha-pyrrolidinovalerophenon-online-kaufen\/","title":{"rendered":"A-PVP v\u00e1s\u00e1rl\u00e1s \u2013 Nagyon tiszta (kiv\u00e1l\u00f3 min\u0151s\u00e9g)"},"content":{"rendered":"<p>\u00dcdv\u00f6z\u00f6lj\u00fck a Chemgramxn\u00e9l, a kiv\u00e1l\u00f3 min\u0151s\u00e9g\u0171 kutat\u00e1si vegyszerek vezet\u0151 forr\u00e1s\u00e1n\u00e1l. Fedezze fel <b>Alfa-pirrolidinovalerofenon (A-PVP)<\/b>, egy olyan anyag, amely egyre nagyobb jelent\u0151s\u00e9gre tesz szert a tudom\u00e1nyos kutat\u00e1sban. Gondoskodunk arr\u00f3l, hogy A-PVP-nk leny\u0171g\u00f6z\u0151 tisztas\u00e1g\u00fa legyen, \u00e9s kiz\u00e1r\u00f3lag kutat\u00e1si c\u00e9lokra legyen optimaliz\u00e1lva. Ennek eredm\u00e9nyek\u00e9nt \u00d6n <b>A-PVP elad\u00f3<\/b> itt tal\u00e1lhatja meg, amely a legmagasabb sz\u00ednvonalnak felel meg.<\/p>\n<p>Meg\u00e9rtj\u00fck a modern tudom\u00e1nyos projektek k\u00f6vetelm\u00e9nyeit. Ez\u00e9rt az al\u00e1bbi szolg\u00e1ltat\u00e1sokat k\u00edn\u00e1ljuk \u00d6nnek <b>Kiv\u00e1l\u00f3 min\u0151s\u00e9g\u0171 A-PVP<\/b>, amely szigor\u00fa elemz\u00e9si elj\u00e1r\u00e1snak vetik al\u00e1. Ennek eredm\u00e9nyek\u00e9nt a kutat\u00f3k b\u00edzhatnak term\u00e9keink konzisztenci\u00e1j\u00e1ban \u00e9s megb\u00edzhat\u00f3s\u00e1g\u00e1ban. A Chemgramxn\u00e1l kiemelt fontoss\u00e1got tulajdon\u00edtunk a tanulm\u00e1nyaihoz sz\u00fcks\u00e9ges min\u0151s\u00e9gnek.<\/p>\n<h2>Mi az A-PVP (alfa-pirrolidinovalerofenon)?<\/h2>\n<p><b>A-PVP<\/b>, tudom\u00e1nyos nev\u00e9n alfa-pirrolidinovalerofenon, a katinonok oszt\u00e1ly\u00e1ba tartozik. Ez egy szintetikus stimul\u00e1ns, amelynek szerkezete szorosan kapcsol\u00f3dik a pirovaleronhoz. K\u00fcl\u00f6n\u00f6sen preklinikai vizsg\u00e1latokban alkalmazz\u00e1k neurol\u00f3giai folyamatok vizsg\u00e1lat\u00e1ra. Ezenk\u00edv\u00fcl a pontos k\u00e9miai \u00f6sszet\u00e9tel d\u00f6nt\u0151 fontoss\u00e1g\u00fa a reproduk\u00e1lhat\u00f3 kutat\u00e1si eredm\u00e9nyek szempontj\u00e1b\u00f3l.<\/p>\n<p>Ez a molekula els\u0151sorban kutat\u00e1si c\u00e9lokra szolg\u00e1l. Ez\u00e9rt hangs\u00falyozzuk: term\u00e9k\u00fcnk kiz\u00e1r\u00f3lag tudom\u00e1nyos \u00e9s t\u00f6rv\u00e9nysz\u00e9ki c\u00e9lokra haszn\u00e1lhat\u00f3. A felhaszn\u00e1l\u00f3knak szigor\u00faan be kell tartaniuk a jogi \u00e9s etikai ir\u00e1nyelveket. \u00c1ltal\u00e1noss\u00e1gban elmondhat\u00f3, hogy az anyag egy valerofenon-sz\u00e1rmaz\u00e9k, amely egyed\u00fcl\u00e1ll\u00f3 hat\u00e1s\u00e1val a k\u00f6zponti idegrendszerre ismert.<\/p>\n<h2>K\u00e9miai szerkezet \u00e9s tulajdons\u00e1gok<\/h2>\n<p>Az A-PVP k\u00e9miai k\u00e9plete C<sub>15<\/sub>H<sub>21<\/sub>NEM. Szerkezetileg egy fenilcsoport jellemzi, amely egy karbonilcsoporthoz \u00e9s egy pirrolidin gy\u0171r\u0171h\u00f6z k\u00f6t\u0151dik. Ezenk\u00edv\u00fcl egy valerofenon l\u00e1nc is jellemz\u0151 r\u00e1. Ez az elrendez\u00e9s az A-PVP-nek egyed\u00fcl\u00e1ll\u00f3 fizikai-k\u00e9miai tulajdons\u00e1gokat k\u00f6lcs\u00f6n\u00f6z, amelyek relev\u00e1nsak bizonyos kutat\u00e1si protokollokhoz.<\/p>\n<p>Az A-PVP \u00e1ltal\u00e1ban feh\u00e9r vagy kr\u00e9mes sz\u00edn\u0171 krist\u00e1lyos por, amely j\u00f3l old\u00f3dik pol\u00e1ros szerves old\u00f3szerekben. A tisztas\u00e1g d\u00f6nt\u0151 fontoss\u00e1g\u00fa, ez\u00e9rt <b>Magas tisztas\u00e1g\u00fa term\u00e9kek elad\u00f3<\/b> a Chemgramx garant\u00e1lja. A molekulat\u00f6meg k\u00f6r\u00fclbel\u00fcl 231,33 g\/mol, az olvad\u00e1spont \u00e1ltal\u00e1ban 120-125 \u00b0C k\u00f6z\u00f6tt van. Ezek az \u00e1tl\u00e1that\u00f3 specifik\u00e1ci\u00f3k elengedhetetlenek az anyagok laborat\u00f3riumi jellemz\u00e9s\u00e9hez.<\/p>\n<h2>Alkalmaz\u00e1si ter\u00fcletek a kutat\u00e1sban<\/h2>\n<p>Az A-PVP f\u0151k\u00e9nt az idegtudom\u00e1nyban \u00e9s a farmakol\u00f3gi\u00e1ban haszn\u00e1latos. A kutat\u00f3 laborat\u00f3riumok a stimul\u00e1nsok dopamin- \u00e9s noradrenalin-transzporterekre gyakorolt hat\u00e1smechanizmusainak vizsg\u00e1lat\u00e1ra haszn\u00e1lj\u00e1k. Ez lehet\u0151v\u00e9 teszi a neurotranszmisszi\u00f3 m\u00e9lyebb meg\u00e9rt\u00e9s\u00e9t. Ennek eredm\u00e9nyek\u00e9nt a tud\u00f3sok potenci\u00e1lis ter\u00e1pi\u00e1s megk\u00f6zel\u00edt\u00e9seket kutathatnak.<\/p>\n<p>Ezenk\u00edv\u00fcl az A-PVP-t toxikol\u00f3giai elemz\u00e9sekben is haszn\u00e1lj\u00e1k. Referenciaanyagk\u00e9nt szolg\u00e1l a t\u00f6rv\u00e9nysz\u00e9ki laborat\u00f3riumok sz\u00e1m\u00e1ra \u00faj pszichoakt\u00edv anyagok azonos\u00edt\u00e1s\u00e1hoz. Itt <b>Hiteles A-PVP<\/b> d\u00f6nt\u0151 fontoss\u00e1g\u00fa a pontos \u00f6sszehasonl\u00edt\u00f3 adatok szempontj\u00e1b\u00f3l. R\u00f6viden \u00f6sszefoglalva: szerepe a t\u00f6rv\u00e9nysz\u00e9ki k\u00e9mia ter\u00fclet\u00e9n nem becs\u00fclhet\u0151 al\u00e1.<\/p>\n<p>Fontos azonban hangs\u00falyozni: az A-PVP <b>kiz\u00e1r\u00f3lag in vitro kutat\u00e1sokhoz \u00e9s laborat\u00f3riumi vizsg\u00e1latokhoz<\/b> meghat\u00e1rozott. B\u00e1rmely m\u00e1s felhaszn\u00e1l\u00e1s megs\u00e9rti felhaszn\u00e1l\u00e1si felt\u00e9teleinket. Ez\u00e9rt elengedhetetlen a teljes k\u00f6r\u0171 dokument\u00e1ci\u00f3. Ezenk\u00edv\u00fcl a kutat\u00f3k hasonl\u00f3 vegyi anyagokat is felhaszn\u00e1lhatnak, mint <a href=\"https:\/\/chemgramx.com\/product\/5fur-144-online-bestellung\/\">5F-UR-144 online megrendel\u00e9s<\/a>, hogy kutat\u00e1saikat diverzifik\u00e1lj\u00e1k.<\/p>\n<h2>Biztons\u00e1gi szempontok \u00e9s kezel\u00e9s<\/h2>\n<p>Az A-PVP kezel\u00e9se rendk\u00edv\u00fcli \u00f3vatoss\u00e1got \u00e9s a legszigor\u00fabb biztons\u00e1gi el\u0151\u00edr\u00e1sok betart\u00e1s\u00e1t ig\u00e9nyli. A szem\u00e9lyzetnek k\u00e9pz\u00e9sben kell r\u00e9szes\u00fclnie \u00e9s megfelel\u0151 egy\u00e9ni v\u00e9d\u0151felszerel\u00e9st (PPE) kell viselnie. Mindazon\u00e1ltal fontos elker\u00fclni mindenf\u00e9le expoz\u00edci\u00f3t.<\/p>\n<p>A t\u00e1rol\u00e1st h\u0171v\u00f6s, sz\u00e1raz \u00e9s j\u00f3l szell\u0151z\u0151 helyen kell v\u00e9gezni, k\u00f6zvetlen napf\u00e9nyt\u0151l \u00e9s nedvess\u00e9gt\u0151l t\u00e1vol. Ezenk\u00edv\u00fcl a tart\u00e1lyokat szorosan le kell z\u00e1rni \u00e9s egy\u00e9rtelm\u0171en meg kell jel\u00f6lni. A k\u00e9miai biztons\u00e1gi szekr\u00e9nyek ide\u00e1lisak. A munkater\u00fclet megfelel\u0151 szell\u0151ztet\u00e9se szint\u00e9n kritikus fontoss\u00e1g\u00fa.<\/p>\n<p>Ha v\u00e9letlen\u00fcl a b\u0151rre vagy a szembe ker\u00fcl, azonnal \u00f6bl\u00edtse le v\u00edzzel, \u00e9s azonnal forduljon orvoshoz. Az A-PVP maradv\u00e1nyokat a vesz\u00e9lyes hullad\u00e9kokra vonatkoz\u00f3 helyi \u00e9s orsz\u00e1gos el\u0151\u00edr\u00e1soknak megfelel\u0151en kell \u00e1rtalmatlan\u00edtani. Ez biztos\u00edtja a biztons\u00e1gos kezel\u00e9st. <b>Laborat\u00f3riumi min\u0151s\u00e9g\u0171 term\u00e9kek elad\u00f3<\/b> \u00e1ll\u00f3 anyag.<\/p>\n<h2>Az A-PVP min\u0151s\u00e9ge \u00e9s tisztas\u00e1ga a Chemgramx-n\u00e1l<\/h2>\n<p>A Chemgramxn\u00e1l term\u00e9keink min\u0151s\u00e9ge a legfontosabb sz\u00e1munkra. Minden t\u00e9tel <b>A-PVP (alfa-pirrolidinovalerofenon)<\/b> \u00e1tfog\u00f3 min\u0151s\u00e9g-ellen\u0151rz\u00e9snek vetj\u00fck al\u00e1. A legmodernebb analitikai technik\u00e1k, mint a GC-MS \u00e9s a HPLC seg\u00edts\u00e9g\u00e9vel biztos\u00edtjuk a 98% feletti tisztas\u00e1got. \u00cdgy \u00d6n is megb\u00edzhat kutat\u00e1s\u00e1nak integrit\u00e1s\u00e1ban.<\/p>\n<p>A reproduk\u00e1lhat\u00f3 kutat\u00e1si eredm\u00e9nyek tiszta \u00e9s konzisztens anyagokon alapulnak. Ez\u00e9rt k\u00edn\u00e1ljuk \u00d6nnek <b>Kutat\u00e1si eredm\u00e9nyek elad\u00f3<\/b>, amely megfelel a legszigor\u00fabb laborat\u00f3riumi szabv\u00e1nyoknak. Tan\u00fas\u00edtv\u00e1nyaink igazolj\u00e1k minden sz\u00e1ll\u00edtm\u00e1ny \u00f6sszet\u00e9tel\u00e9t \u00e9s tisztas\u00e1g\u00e1t. \u00cdgy mindig olyan term\u00e9ket kap, amely meghaladja az elv\u00e1r\u00e1sait.<\/p>\n<p>Ezenk\u00edv\u00fcl A-PVP-nk szigor\u00faan ellen\u0151rz\u00f6tt k\u00f6r\u00fclm\u00e9nyek k\u00f6z\u00f6tt k\u00e9sz\u00fcl, hogy a szennyez\u0151d\u00e9sek minim\u00e1lisra cs\u00f6kkenjenek. Elk\u00f6telezettek vagyunk a \u00e1tl\u00e1that\u00f3s\u00e1g ir\u00e1nt, \u00e9s elemz\u00e9si tan\u00fas\u00edtv\u00e1nyokat biztos\u00edtunk. Ez bizony\u00edtja elk\u00f6telezetts\u00e9g\u00fcnket a kiv\u00e1l\u00f3 term\u00e9kmin\u0151s\u00e9g \u00e9s az \u00fcgyf\u00e9lel\u00e9gedetts\u00e9g ir\u00e1nt. Ez teszi minket megb\u00edzhat\u00f3 forr\u00e1s\u00e1v\u00e1 a <b>A legjobb A-PVP el\u00e9rhet\u0151<\/b>.<\/p>\n<h2>Mi\u00e9rt \u00e9rdemes az A-PVP-t (alfa-pirrolidinovalerofenont) a Chemgramx-t\u00f3l v\u00e1s\u00e1rolni?<\/h2>\n<p>Ha <b>A-PVP online megrendel\u00e9s<\/b>, akkor a Chemgramx az els\u0151 v\u00e1laszt\u00e1s. Szigor\u00fa min\u0151s\u00e9gbiztos\u00edt\u00e1st kombin\u00e1lunk biztons\u00e1gos v\u00e1s\u00e1rl\u00e1si \u00e9lm\u00e9nnyel. Emellett nagy hangs\u00falyt fektet\u00fcnk a diszkr\u00e9ci\u00f3ra \u00e9s az \u00f6sszes megrendel\u00e9s professzion\u00e1lis feldolgoz\u00e1s\u00e1ra. C\u00e9lunk, hogy egyszer\u0171v\u00e9 tegy\u00fck az els\u0151 oszt\u00e1ly\u00fa kutat\u00e1si vegyszerekhez val\u00f3 hozz\u00e1f\u00e9r\u00e9st.<\/p>\n<p>A kutat\u00e1s ir\u00e1nti elk\u00f6telezetts\u00e9g\u00fcnk szolg\u00e1ltat\u00e1sunk minden aspektus\u00e1ban t\u00fckr\u00f6z\u0151dik. Nem csak <b>Kiv\u00e1l\u00f3 min\u0151s\u00e9g\u0171 A-PVP<\/b>, hanem kompetens \u00fcgyf\u00e9lszolg\u00e1latot is. \u00cdgy \u00d6n a tudom\u00e1nyos munk\u00e1j\u00e1ra koncentr\u00e1lhat, m\u00edg mi gondoskodunk a beszerz\u00e9sr\u0151l.<\/p>\n<p>A Chemgramxn\u00e9l az al\u00e1bbi el\u0151ny\u00f6ket \u00e9lvezheti:<\/p>\n<ul>\n<li><b>Garant\u00e1lt tisztas\u00e1g:<\/b> Minden t\u00e9tel szigor\u00faan ellen\u0151rz\u00f6tt.<\/li>\n<li><b>\u00c1tfog\u00f3 dokument\u00e1ci\u00f3:<\/b> Elemz\u00e9si tan\u00fas\u00edtv\u00e1nyok k\u00e9r\u00e9sre.<\/li>\n<li><b>Diszkr\u00e9t feldolgoz\u00e1s:<\/b> Megrendel\u00e9s\u00e9t a legnagyobb gondoss\u00e1ggal kezelj\u00fck.<\/li>\n<li><b>Kiv\u00e1l\u00f3 \u00fcgyf\u00e9lszolg\u00e1lat:<\/b> Mindig k\u00e9szen \u00e1llunk k\u00e9rd\u00e9seire v\u00e1laszolni.<\/li>\n<\/ul>\n<p>B\u00edzhat benn\u00fcnk <b>A-PVP v\u00e1s\u00e1rl\u00e1s a Chemgramx-n\u00e1l<\/b> \u00e9s egy olyan term\u00e9ket kapunk, amelyet a legnagyobb gondoss\u00e1ggal dolgoztak fel. Folyamatunk biztos\u00edtja a <b>Biztons\u00e1gos v\u00e1s\u00e1rl\u00e1s<\/b> Kutat\u00e1si anyagaib\u00f3l.<\/p>\n<h2>\u00d6sszefoglal\u00e1s \u00e9s k\u00f6vetkeztet\u00e9s<\/h2>\n<p>\u00d6sszefoglalva, az A-PVP (alfa-pirrolidinovalerofenon) elengedhetetlen kutat\u00e1si vegyi anyag az idegtudom\u00e1ny \u00e9s a toxikol\u00f3gia ter\u00fclet\u00e9n. Egyed\u00fcl\u00e1ll\u00f3 tulajdons\u00e1gai \u00e9rt\u00e9kes eszk\u00f6zz\u00e9 teszik a r\u00e9szletes tanulm\u00e1nyokhoz. A anyag min\u0151s\u00e9ge rendk\u00edv\u00fcl fontos a valid \u00e9s reproduk\u00e1lhat\u00f3 eredm\u00e9nyek el\u00e9r\u00e9se \u00e9rdek\u00e9ben.<\/p>\n<p>Mi, a Chemgramxn\u00e1l b\u00fcszk\u00e9k vagyunk arra, hogy hozz\u00e1f\u00e9r\u00e9st biztos\u00edtunk \u00d6nnek <b>Kiv\u00e1l\u00f3 min\u0151s\u00e9g\u0171 A-PVP<\/b> szigor\u00fa min\u0151s\u00e9g-ellen\u0151rz\u00e9snek vetik al\u00e1. \u00cdgy biztos lehet benne, hogy tiszta \u00e9s hiteles term\u00e9ket kap projektjeihez. Ne habozzon, <a href=\"https:\/\/chemgramx.com\/product\/a-pvp-alpha-pyrrolidinovalerophenon-online-kaufen\/\">Most online v\u00e1s\u00e1roljon<\/a> \u00e9s kutat\u00e1s\u00e1t a k\u00f6vetkez\u0151 szintre emelje.<\/p>\n<p>Megh\u00edvjuk \u00d6nt, hogy fedezze fel alfa-pirrolidinovalerofenonunk lehet\u0151s\u00e9geit. B\u00edzza a Chemgramx-ra kutat\u00e1si vegyszereinek beszerz\u00e9s\u00e9t, \u00e9s tapasztalja meg a min\u0151s\u00e9g \u00e9s a szolg\u00e1ltat\u00e1s \u00e1ltal ny\u00fajtott k\u00fcl\u00f6nbs\u00e9get. Ezenk\u00edv\u00fcl m\u00e1s term\u00e9keket is tal\u00e1lhat, mint p\u00e9ld\u00e1ul <a href=\"https:\/\/chemgramx.com\/product\/5fur-144-online-bestellung\/\">5F-UR-144 elad\u00f3<\/a>.<\/p>","protected":false},"excerpt":{"rendered":"<p>Fedezze fel a Chemgramx-ot <b>A-PVP (alfa-pirrolidinovalerofenon)<\/b> a legmagasabb tisztas\u00e1g\u00fa \u00e9s kutat\u00e1si min\u0151s\u00e9g\u0171. Hiteles anyagokat k\u00edn\u00e1lunk tudom\u00e1nyos projektjeihez. Most <b>V\u00e1s\u00e1roljon A-PVP-t<\/b> a Chemgramx-n\u00e1l.<\/p>","protected":false},"featured_media":8066,"comment_status":"open","ping_status":"closed","template":"","meta":{"_joinchat":[]},"product_brand":[],"product_cat":[48],"product_tag":[2809,2811,2804,2810,2813,2805,2806,2808,2812,2807],"class_list":{"0":"post-8012","1":"product","2":"type-product","3":"status-publish","4":"has-post-thumbnail","6":"product_cat-stimulants","7":"product_tag-a-pvp-chemikalien","8":"product_tag-a-pvp-drogen","9":"product_tag-a-pvp-kaufen","10":"product_tag-a-pvp-kaufen-deutschland","11":"product_tag-a-pvp-kaufen-shop","12":"product_tag-a-pvp-kristalle","13":"product_tag-a-pvp-online-kaufen","14":"product_tag-a-pvp-preis","15":"product_tag-a-pvp-prodej","16":"product_tag-alpha-pyrrolidinovalerophenon-kaufen","18":"first","19":"instock","20":"shipping-taxable","21":"purchasable","22":"product-type-variable"},"yoast_head":"<!-- This site is optimized with the Yoast SEO plugin v27.5 - https:\/\/yoast.com\/product\/yoast-seo-wordpress\/ -->\n<title>A-PVP kaufen - Hochrein (Top Qualit\u00e4t)<\/title>\n<meta name=\"description\" content=\"Entdecken Sie Alpha-Pyrrolidinovalerophenon (A-PVP) in h\u00f6chster Forschungsg\u00fcte bei Chemgramx. Jetzt A-PVP kaufen und sicheren Erwerb erleben. Ideal f\u00fcr wissenschaftliche Studien.\" \/>\n<meta name=\"robots\" content=\"index, follow, max-snippet:-1, max-image-preview:large, max-video-preview:-1\" \/>\n<link rel=\"canonical\" href=\"https:\/\/chemgramx.com\/hu\/termek-1\/a-pvp-alfa-pirrolidinovalerophenone-online-vasarlas\/\" \/>\n<meta property=\"og:locale\" content=\"hu_HU\" \/>\n<meta property=\"og:type\" content=\"article\" \/>\n<meta property=\"og:title\" content=\"A-PVP kaufen - Hochrein (Top Qualit\u00e4t)\" \/>\n<meta property=\"og:description\" content=\"Entdecken Sie Alpha-Pyrrolidinovalerophenon (A-PVP) in h\u00f6chster Forschungsg\u00fcte bei Chemgramx. Jetzt A-PVP kaufen und sicheren Erwerb erleben. Ideal f\u00fcr wissenschaftliche Studien.\" \/>\n<meta property=\"og:url\" content=\"https:\/\/chemgramx.com\/hu\/termek-1\/a-pvp-alfa-pirrolidinovalerophenone-online-vasarlas\/\" \/>\n<meta property=\"og:site_name\" content=\"Chemgramx\" \/>\n<meta property=\"article:modified_time\" content=\"2025-12-09T10:40:14+00:00\" \/>\n<meta property=\"og:image\" content=\"https:\/\/chemgramx.com\/wp-content\/uploads\/2025\/11\/A-PVP-kaufen.jpg\" \/>\n\t<meta property=\"og:image:width\" content=\"324\" \/>\n\t<meta property=\"og:image:height\" content=\"324\" \/>\n\t<meta property=\"og:image:type\" content=\"image\/jpeg\" \/>\n<meta name=\"twitter:card\" content=\"summary_large_image\" \/>\n<meta name=\"twitter:label1\" content=\"Becs\u00fclt olvas\u00e1si id\u0151\" \/>\n\t<meta name=\"twitter:data1\" content=\"2 perc\" \/>\n<script type=\"application\/ld+json\" class=\"yoast-schema-graph\">{\"@context\":\"https:\\\/\\\/schema.org\",\"@graph\":[{\"@type\":\"WebPage\",\"@id\":\"https:\\\/\\\/chemgramx.com\\\/product\\\/a-pvp-alpha-pyrrolidinovalerophenon-online-kaufen\\\/\",\"url\":\"https:\\\/\\\/chemgramx.com\\\/product\\\/a-pvp-alpha-pyrrolidinovalerophenon-online-kaufen\\\/\",\"name\":\"A-PVP kaufen - Hochrein (Top Qualit\u00e4t)\",\"isPartOf\":{\"@id\":\"https:\\\/\\\/chemgramx.com\\\/#website\"},\"primaryImageOfPage\":{\"@id\":\"https:\\\/\\\/chemgramx.com\\\/product\\\/a-pvp-alpha-pyrrolidinovalerophenon-online-kaufen\\\/#primaryimage\"},\"image\":{\"@id\":\"https:\\\/\\\/chemgramx.com\\\/product\\\/a-pvp-alpha-pyrrolidinovalerophenon-online-kaufen\\\/#primaryimage\"},\"thumbnailUrl\":\"https:\\\/\\\/chemgramx.com\\\/wp-content\\\/uploads\\\/2025\\\/11\\\/A-PVP-kaufen.jpg\",\"datePublished\":\"2025-11-21T16:45:31+00:00\",\"dateModified\":\"2025-12-09T10:40:14+00:00\",\"description\":\"Entdecken Sie Alpha-Pyrrolidinovalerophenon (A-PVP) in h\u00f6chster Forschungsg\u00fcte bei Chemgramx. Jetzt A-PVP kaufen und sicheren Erwerb erleben. Ideal f\u00fcr wissenschaftliche Studien.\",\"breadcrumb\":{\"@id\":\"https:\\\/\\\/chemgramx.com\\\/product\\\/a-pvp-alpha-pyrrolidinovalerophenon-online-kaufen\\\/#breadcrumb\"},\"inLanguage\":\"hu\",\"potentialAction\":[{\"@type\":\"ReadAction\",\"target\":[\"https:\\\/\\\/chemgramx.com\\\/product\\\/a-pvp-alpha-pyrrolidinovalerophenon-online-kaufen\\\/\"]}]},{\"@type\":\"ImageObject\",\"inLanguage\":\"hu\",\"@id\":\"https:\\\/\\\/chemgramx.com\\\/product\\\/a-pvp-alpha-pyrrolidinovalerophenon-online-kaufen\\\/#primaryimage\",\"url\":\"https:\\\/\\\/chemgramx.com\\\/wp-content\\\/uploads\\\/2025\\\/11\\\/A-PVP-kaufen.jpg\",\"contentUrl\":\"https:\\\/\\\/chemgramx.com\\\/wp-content\\\/uploads\\\/2025\\\/11\\\/A-PVP-kaufen.jpg\",\"width\":324,\"height\":324},{\"@type\":\"BreadcrumbList\",\"@id\":\"https:\\\/\\\/chemgramx.com\\\/product\\\/a-pvp-alpha-pyrrolidinovalerophenon-online-kaufen\\\/#breadcrumb\",\"itemListElement\":[{\"@type\":\"ListItem\",\"position\":1,\"name\":\"Home\",\"item\":\"https:\\\/\\\/chemgramx.com\\\/\"},{\"@type\":\"ListItem\",\"position\":2,\"name\":\"Shop\",\"item\":\"https:\\\/\\\/chemgramx.com\\\/shop\\\/\"},{\"@type\":\"ListItem\",\"position\":3,\"name\":\"A-PVP kaufen &#8211; Hochrein (Top Qualit\u00e4t)\"}]},{\"@type\":\"WebSite\",\"@id\":\"https:\\\/\\\/chemgramx.com\\\/#website\",\"url\":\"https:\\\/\\\/chemgramx.com\\\/\",\"name\":\"Chemgramx\",\"description\":\"\",\"publisher\":{\"@id\":\"https:\\\/\\\/chemgramx.com\\\/#organization\"},\"potentialAction\":[{\"@type\":\"SearchAction\",\"target\":{\"@type\":\"EntryPoint\",\"urlTemplate\":\"https:\\\/\\\/chemgramx.com\\\/?s={search_term_string}\"},\"query-input\":{\"@type\":\"PropertyValueSpecification\",\"valueRequired\":true,\"valueName\":\"search_term_string\"}}],\"inLanguage\":\"hu\"},{\"@type\":\"Organization\",\"@id\":\"https:\\\/\\\/chemgramx.com\\\/#organization\",\"name\":\"Chemgramx\",\"url\":\"https:\\\/\\\/chemgramx.com\\\/\",\"logo\":{\"@type\":\"ImageObject\",\"inLanguage\":\"hu\",\"@id\":\"https:\\\/\\\/chemgramx.com\\\/#\\\/schema\\\/logo\\\/image\\\/\",\"url\":\"https:\\\/\\\/chemgramx.com\\\/wp-content\\\/uploads\\\/2024\\\/10\\\/final-logo.png\",\"contentUrl\":\"https:\\\/\\\/chemgramx.com\\\/wp-content\\\/uploads\\\/2024\\\/10\\\/final-logo.png\",\"width\":250,\"height\":48,\"caption\":\"Chemgramx\"},\"image\":{\"@id\":\"https:\\\/\\\/chemgramx.com\\\/#\\\/schema\\\/logo\\\/image\\\/\"}}]}<\/script>\n<!-- \/ Yoast SEO plugin. -->","yoast_head_json":{"title":"A-PVP v\u00e1s\u00e1rl\u00e1s \u2013 Nagyon tiszta (kiv\u00e1l\u00f3 min\u0151s\u00e9g)","description":"Fedezze fel a Chemgramx-n\u00e1l a legmagasabb kutat\u00e1si min\u0151s\u00e9g\u0171 alfa-pirrolidinovalerofenont (A-PVP). V\u00e1s\u00e1roljon most A-PVP-t, \u00e9s \u00e9lvezze a biztons\u00e1gos v\u00e1s\u00e1rl\u00e1st. Ide\u00e1lis tudom\u00e1nyos tanulm\u00e1nyokhoz.","robots":{"index":"index","follow":"follow","max-snippet":"max-snippet:-1","max-image-preview":"max-image-preview:large","max-video-preview":"max-video-preview:-1"},"canonical":"https:\/\/chemgramx.com\/hu\/termek-1\/a-pvp-alfa-pirrolidinovalerophenone-online-vasarlas\/","og_locale":"hu_HU","og_type":"article","og_title":"A-PVP kaufen - Hochrein (Top Qualit\u00e4t)","og_description":"Entdecken Sie Alpha-Pyrrolidinovalerophenon (A-PVP) in h\u00f6chster Forschungsg\u00fcte bei Chemgramx. Jetzt A-PVP kaufen und sicheren Erwerb erleben. Ideal f\u00fcr wissenschaftliche Studien.","og_url":"https:\/\/chemgramx.com\/hu\/termek-1\/a-pvp-alfa-pirrolidinovalerophenone-online-vasarlas\/","og_site_name":"Chemgramx","article_modified_time":"2025-12-09T10:40:14+00:00","og_image":[{"width":324,"height":324,"url":"https:\/\/chemgramx.com\/wp-content\/uploads\/2025\/11\/A-PVP-kaufen.jpg","type":"image\/jpeg"}],"twitter_card":"summary_large_image","twitter_misc":{"Becs\u00fclt olvas\u00e1si id\u0151":"2 perc"},"schema":{"@context":"https:\/\/schema.org","@graph":[{"@type":"WebPage","@id":"https:\/\/chemgramx.com\/product\/a-pvp-alpha-pyrrolidinovalerophenon-online-kaufen\/","url":"https:\/\/chemgramx.com\/product\/a-pvp-alpha-pyrrolidinovalerophenon-online-kaufen\/","name":"A-PVP v\u00e1s\u00e1rl\u00e1s \u2013 Nagyon tiszta (kiv\u00e1l\u00f3 min\u0151s\u00e9g)","isPartOf":{"@id":"https:\/\/chemgramx.com\/#website"},"primaryImageOfPage":{"@id":"https:\/\/chemgramx.com\/product\/a-pvp-alpha-pyrrolidinovalerophenon-online-kaufen\/#primaryimage"},"image":{"@id":"https:\/\/chemgramx.com\/product\/a-pvp-alpha-pyrrolidinovalerophenon-online-kaufen\/#primaryimage"},"thumbnailUrl":"https:\/\/chemgramx.com\/wp-content\/uploads\/2025\/11\/A-PVP-kaufen.jpg","datePublished":"2025-11-21T16:45:31+00:00","dateModified":"2025-12-09T10:40:14+00:00","description":"Fedezze fel a Chemgramx-n\u00e1l a legmagasabb kutat\u00e1si min\u0151s\u00e9g\u0171 alfa-pirrolidinovalerofenont (A-PVP). V\u00e1s\u00e1roljon most A-PVP-t, \u00e9s \u00e9lvezze a biztons\u00e1gos v\u00e1s\u00e1rl\u00e1st. Ide\u00e1lis tudom\u00e1nyos tanulm\u00e1nyokhoz.","breadcrumb":{"@id":"https:\/\/chemgramx.com\/product\/a-pvp-alpha-pyrrolidinovalerophenon-online-kaufen\/#breadcrumb"},"inLanguage":"hu","potentialAction":[{"@type":"ReadAction","target":["https:\/\/chemgramx.com\/product\/a-pvp-alpha-pyrrolidinovalerophenon-online-kaufen\/"]}]},{"@type":"ImageObject","inLanguage":"hu","@id":"https:\/\/chemgramx.com\/product\/a-pvp-alpha-pyrrolidinovalerophenon-online-kaufen\/#primaryimage","url":"https:\/\/chemgramx.com\/wp-content\/uploads\/2025\/11\/A-PVP-kaufen.jpg","contentUrl":"https:\/\/chemgramx.com\/wp-content\/uploads\/2025\/11\/A-PVP-kaufen.jpg","width":324,"height":324},{"@type":"BreadcrumbList","@id":"https:\/\/chemgramx.com\/product\/a-pvp-alpha-pyrrolidinovalerophenon-online-kaufen\/#breadcrumb","itemListElement":[{"@type":"ListItem","position":1,"name":"Home","item":"https:\/\/chemgramx.com\/"},{"@type":"ListItem","position":2,"name":"Shop","item":"https:\/\/chemgramx.com\/shop\/"},{"@type":"ListItem","position":3,"name":"A-PVP kaufen &#8211; Hochrein (Top Qualit\u00e4t)"}]},{"@type":"WebSite","@id":"https:\/\/chemgramx.com\/#website","url":"https:\/\/chemgramx.com\/","name":"Chemgramx","description":"","publisher":{"@id":"https:\/\/chemgramx.com\/#organization"},"potentialAction":[{"@type":"SearchAction","target":{"@type":"EntryPoint","urlTemplate":"https:\/\/chemgramx.com\/?s={search_term_string}"},"query-input":{"@type":"PropertyValueSpecification","valueRequired":true,"valueName":"search_term_string"}}],"inLanguage":"hu"},{"@type":"Organization","@id":"https:\/\/chemgramx.com\/#organization","name":"Chemgramx","url":"https:\/\/chemgramx.com\/","logo":{"@type":"ImageObject","inLanguage":"hu","@id":"https:\/\/chemgramx.com\/#\/schema\/logo\/image\/","url":"https:\/\/chemgramx.com\/wp-content\/uploads\/2024\/10\/final-logo.png","contentUrl":"https:\/\/chemgramx.com\/wp-content\/uploads\/2024\/10\/final-logo.png","width":250,"height":48,"caption":"Chemgramx"},"image":{"@id":"https:\/\/chemgramx.com\/#\/schema\/logo\/image\/"}}]}},"_links":{"self":[{"href":"https:\/\/chemgramx.com\/hu\/wp-json\/wp\/v2\/product\/8012","targetHints":{"allow":["GET"]}}],"collection":[{"href":"https:\/\/chemgramx.com\/hu\/wp-json\/wp\/v2\/product"}],"about":[{"href":"https:\/\/chemgramx.com\/hu\/wp-json\/wp\/v2\/types\/product"}],"replies":[{"embeddable":true,"href":"https:\/\/chemgramx.com\/hu\/wp-json\/wp\/v2\/comments?post=8012"}],"wp:featuredmedia":[{"embeddable":true,"href":"https:\/\/chemgramx.com\/hu\/wp-json\/wp\/v2\/media\/8066"}],"wp:attachment":[{"href":"https:\/\/chemgramx.com\/hu\/wp-json\/wp\/v2\/media?parent=8012"}],"wp:term":[{"taxonomy":"product_brand","embeddable":true,"href":"https:\/\/chemgramx.com\/hu\/wp-json\/wp\/v2\/product_brand?post=8012"},{"taxonomy":"product_cat","embeddable":true,"href":"https:\/\/chemgramx.com\/hu\/wp-json\/wp\/v2\/product_cat?post=8012"},{"taxonomy":"product_tag","embeddable":true,"href":"https:\/\/chemgramx.com\/hu\/wp-json\/wp\/v2\/product_tag?post=8012"}],"curies":[{"name":"wp","href":"https:\/\/api.w.org\/{rel}","templated":true}]}}