{"id":8020,"date":"2025-11-21T16:45:56","date_gmt":"2025-11-21T16:45:56","guid":{"rendered":"https:\/\/chemgramx.com\/?post_type=product&#038;p=8020"},"modified":"2025-12-09T10:37:38","modified_gmt":"2025-12-09T10:37:38","slug":"vasarolni-md-pihp-online","status":"publish","type":"product","link":"https:\/\/chemgramx.com\/hu\/product\/md-pihp-online-kaufen\/","title":{"rendered":"MD-PiHP online v\u00e1s\u00e1rl\u00e1s \u2013 Magas tisztas\u00e1g\u00fa \u00e9s kiv\u00e1l\u00f3 min\u0151s\u00e9g\u0171"},"content":{"rendered":"<p>Megb\u00edzhat\u00f3 forr\u00e1st keres kiv\u00e1l\u00f3 min\u0151s\u00e9g\u0171 kutat\u00e1si vegyszerekhez? A Chemgramx a megfelel\u0151 v\u00e1laszt\u00e1s. Itt <b>MD-PiHP elad\u00f3<\/b> tal\u00e1lunk, egy nagy tudom\u00e1nyos \u00e9rdekl\u0151d\u00e9sre sz\u00e1mot tart\u00f3 szintetikus vegy\u00fcletet. Ezt az anyagot a legnagyobb gondoss\u00e1ggal \u00e9s a legszigor\u00fabb szabv\u00e1nyok szerint dolgozzuk fel. Ez\u00e1ltal biztos\u00edtjuk \u00d6nnek <b>magas tisztas\u00e1g\u00fa elad\u00f3<\/b> \u00e9s kiv\u00e1l\u00f3 <b>Kutat\u00e1si min\u0151s\u00e9g elad\u00f3<\/b>. C\u00e9lunk, hogy a kutat\u00f3k sz\u00e1m\u00e1ra hozz\u00e1f\u00e9r\u00e9st biztos\u00edtsunk els\u0151 oszt\u00e1ly\u00fa anyagokhoz.<\/p>\n<h2>Mi az MD-PiHP? Tudom\u00e1nyos \u00e1ttekint\u00e9s<\/h2>\n<p>Az MD-PiHP, a pirrolidinofenonok egyik sz\u00e1rmaz\u00e9ka, a katinonok oszt\u00e1ly\u00e1ba tartozik. Ezek a term\u00e9szetes alkaloidokhoz hasonl\u00f3ak, \u00e9s stimul\u00e1l\u00f3 tulajdons\u00e1gaikr\u00f3l ismertek. Szerkezet\u00fckben egy metil\u00e9n-dioxi csoport tal\u00e1lhat\u00f3 a fenilgy\u0171r\u0171n \u00e9s egy pirrolidin csoport. <b>Ennek eredm\u00e9nyek\u00e9ppen<\/b> farmakol\u00f3giai profilja miatt \u00e9rdekes a k\u00eds\u00e9rleti kutat\u00e1sok sz\u00e1m\u00e1ra. Neurotranszmitterekkel \u00e9s idegsejtek jel\u00e1tviteli \u00fatjaival kapcsolatos tanulm\u00e1nyokban vizsg\u00e1lj\u00e1k, k\u00fcl\u00f6n\u00f6s tekintettel a dopaminerg \u00e9s noradrenerg transzporterekre. <b>Tov\u00e1bb\u00e1<\/b> lehet\u0151v\u00e9 teszi az MD-PiHP kutat\u00f3k sz\u00e1m\u00e1ra a szerkezet-hat\u00e1s \u00f6sszef\u00fcgg\u00e9sek vizsg\u00e1lat\u00e1t. <b>\u00cdgy<\/b> ezen kapcsolat elemz\u00e9se hozz\u00e1j\u00e1rul a szintetikus stimul\u00e1nsokkal kapcsolatos ismeretek b\u0151v\u00edt\u00e9s\u00e9hez.<\/p>\n<h2>A tisztas\u00e1g fontoss\u00e1ga: Mi\u00e9rt Chemgramx?<\/h2>\n<p>A kutat\u00e1si vegyi anyagok tisztas\u00e1ga d\u00f6nt\u0151 fontoss\u00e1g\u00fa a \u00e9rv\u00e9nyes eredm\u00e9nyek szempontj\u00e1b\u00f3l. <b>Ez\u00e9rt<\/b> a Chemgramx nagy hangs\u00falyt fektet a term\u00e9kek min\u0151s\u00e9g\u00e9re. Ha \u00d6n <b>MD-PiHP online megrendel\u00e9s<\/b>, olyan term\u00e9ket kap, amely szigor\u00fa min\u0151s\u00e9g-ellen\u0151rz\u00e9sen ment kereszt\u00fcl. Biztos\u00edtjuk \u00d6nnek <b>Legmagasabb min\u0151s\u00e9g\u0171 MD-PiHP<\/b> mert a szennyez\u0151d\u00e9sek torz\u00edthatj\u00e1k a k\u00eds\u00e9rletek eredm\u00e9nyeit. <b>Ezen k\u00edv\u00fcl<\/b> fejlett analitikai m\u00f3dszereket, p\u00e9ld\u00e1ul GC-MS \u00e9s NMR alkalmazunk az \u00f6sszet\u00e9tel \u00e9s a tisztas\u00e1g ellen\u0151rz\u00e9s\u00e9re. <b>K\u00f6vetkez\u00e9sk\u00e9ppen<\/b> kaphat n\u00e1lunk <b>Laborat\u00f3riumi min\u0151s\u00e9g\u0171 term\u00e9kek elad\u00f3<\/b>, elengedhetetlen a pontos, reproduk\u00e1lhat\u00f3 k\u00eds\u00e9rletekhez. <b>R\u00f6viden<\/b>, A Chemgramx a megb\u00edzhat\u00f3s\u00e1g \u00e9s a kiv\u00e1l\u00f3s\u00e1g szinonim\u00e1ja.<\/p>\n<h2>Az MD-PiHP alkalmaz\u00e1si ter\u00fcletei \u00e9s kutat\u00e1si lehet\u0151s\u00e9gei<\/h2>\n<p>Az MD-PiHP els\u0151sorban tudom\u00e1nyos kutat\u00e1si c\u00e9lokra szolg\u00e1l, nem emberi fogyaszt\u00e1sra. Lehet\u0151v\u00e9 teszi a stimul\u00e1nsok k\u00f6zponti idegrendszerre gyakorolt hat\u00e1smechanizmusainak m\u00e9lyebb meg\u00e9rt\u00e9s\u00e9t. <b>Tov\u00e1bb\u00e1<\/b> MD-PiHP lesz <i>in vitro<\/i> \u00e9s <i>in vivo<\/i> farmakol\u00f3giai profilok jellemz\u00e9s\u00e9re haszn\u00e1lj\u00e1k.<\/p>\n<ul>\n<li><b>Neurofarmakol\u00f3gia:<\/b> Receptor k\u00f6t\u0151d\u00e9s, visszav\u00e9tel.<\/li>\n<li><b>Anyagcsere-vizsg\u00e1latok:<\/b> Biotranszform\u00e1ci\u00f3.<\/li>\n<li><b>Analitikai k\u00e9mia:<\/b> Detekt\u00e1l\u00e1si m\u00f3dszerek.<\/li>\n<li><b>Strukt\u00fara-hat\u00e1s kapcsolatok:<\/b> \u00d6sszehasonl\u00edt\u00e1sok.<\/li>\n<\/ul>\n<p><b>A folyamat sor\u00e1n<\/b> A k\u00eds\u00e9rleteket szigor\u00faan be kell tartani az etikai \u00e9s biztons\u00e1gi el\u0151\u00edr\u00e1sokat. A Chemgramx k\u00edn\u00e1l <b>A legjobb MD-PiHP kaphat\u00f3<\/b> ezeknek az \u00e9rz\u00e9keny kutat\u00e1si ter\u00fcleteknek.<\/p>\n<h2>Biztons\u00e1g \u00e9s kezel\u00e9s: Fontos tudnival\u00f3k a kutat\u00f3k sz\u00e1m\u00e1ra<\/h2>\n<p>Az MD-PiHP biztons\u00e1gos kezel\u00e9se d\u00f6nt\u0151 fontoss\u00e1g\u00fa. <b>El\u0151sz\u00f6r is<\/b> Csak szell\u0151z\u0151 laborat\u00f3riumokban \u00e9s egy\u00e9ni v\u00e9d\u0151eszk\u00f6z\u00f6k (v\u00e9d\u0151szem\u00fcveg, keszty\u0171, laborat\u00f3riumi k\u00f6peny) haszn\u00e1lat\u00e1val kezelje. Ker\u00fclje a b\u0151rrel, szemmel, ny\u00e1lkah\u00e1rty\u00e1val val\u00f3 \u00e9rintkez\u00e9st. \u00c9rintkez\u00e9s eset\u00e9n azonnal \u00f6bl\u00edtse le; t\u00fcnetek jelentkez\u00e9se eset\u00e9n orvosi seg\u00edts\u00e9get k\u00e9rjen.<\/p>\n<p><b>Ezen k\u00edv\u00fcl<\/b> A t\u00e1rol\u00e1s kritikus fontoss\u00e1g\u00fa. H\u0171v\u00f6s, sz\u00e1raz, s\u00f6t\u00e9t helyen, j\u00f3l lez\u00e1rva, h\u0151t\u0151l t\u00e1vol t\u00e1roland\u00f3. A hozz\u00e1f\u00e9r\u00e9st szigor\u00faan ellen\u0151rizni kell. <b>K\u00f6vetkez\u00e9sk\u00e9ppen<\/b> egy\u00e9rtelm\u0171 jel\u00f6l\u00e9s. <b>Tov\u00e1bb\u00e1<\/b> minden t\u00e1rol\u00e1si, kezel\u00e9si \u00e9s \u00e1rtalmatlan\u00edt\u00e1si el\u0151\u00edr\u00e1st betartunk. Csapatunk gondos feldolgoz\u00e1sa biztos\u00edtja a min\u0151s\u00e9get.<\/p>\n<h2>Term\u00e9k\u00e1ttekint\u00e9s: MD-PiHP specifik\u00e1ci\u00f3k a Chemgramx weboldalon<\/h2>\n<p>A Chemgramxn\u00e9l nagy hangs\u00falyt fektet\u00fcnk az \u00e1tl\u00e1that\u00f3s\u00e1gra. A mi <b>MD-PiHP elad\u00f3<\/b> 98% tisztas\u00e1got biztos\u00edt, ide\u00e1lis ig\u00e9nyes kutat\u00e1sokhoz. <b>Ennek k\u00f6vetkezt\u00e9ben<\/b> megb\u00edzhat a konzisztenci\u00e1ban. A forma krist\u00e1lyos por, feh\u00e9r vagy kr\u00e9m sz\u00edn\u0171. A term\u00e9keket a legszigor\u00fabb felt\u00e9telek mellett dolgozz\u00e1k fel.<\/p>\n<table border=\"1\">\n<thead>\n<tr>\n<th>specifik\u00e1ci\u00f3<\/th>\n<th>R\u00e9szletek<\/th>\n<\/tr>\n<\/thead>\n<tbody>\n<tr>\n<td>K\u00e9miai n\u00e9v<\/td>\n<td>1-(4-metilfenil)-2-(pirrolidin-1-il)pent\u00e1n-1-on<\/td>\n<\/tr>\n<tr>\n<td>Tisztas\u00e1g<\/td>\n<td>&gt; 98%<\/td>\n<\/tr>\n<tr>\n<td>Shape<\/td>\n<td>Krist\u00e1lyos por<\/td>\n<\/tr>\n<tr>\n<td>Alkalmaz\u00e1s<\/td>\n<td>Kiz\u00e1r\u00f3lag kutat\u00e1si c\u00e9lokra<\/td>\n<\/tr>\n<tr>\n<td>T\u00e1rol\u00e1s<\/td>\n<td>H\u0171v\u00f6s, sz\u00e1raz, s\u00f6t\u00e9t, j\u00f3l lez\u00e1rt helyen<\/td>\n<\/tr>\n<\/tbody>\n<\/table>\n<p><b>Tov\u00e1bb\u00e1<\/b> elemz\u00e9si tan\u00fas\u00edtv\u00e1nyok (CoA) k\u00e9r\u00e9sre rendelkez\u00e9sre \u00e1llnak. A kutat\u00f3k sz\u00e1m\u00e1ra hozz\u00e1f\u00e9r\u00e9st biztos\u00edtunk <b>Kiv\u00e1l\u00f3 min\u0151s\u00e9g\u0171 MD-PiHP<\/b>. Ezt a term\u00e9ket <a href=\"https:\/\/chemgramx.com\/product\/md-pihp-online-kaufen\/\">online v\u00e1s\u00e1rl\u00e1s<\/a>.<\/p>\n<h2>Mi\u00e9rt \u00e9rdemes az MD-PiHP-t a Chemgramx-t\u00f3l v\u00e1s\u00e1rolni?<\/h2>\n<p>A Chemgramx az \u00d6n megb\u00edzhat\u00f3 partnere a kutat\u00e1si vegyszerek ter\u00e9n. Garant\u00e1ljuk <b>magas tisztas\u00e1g\u00fa elad\u00f3<\/b>, laborat\u00f3riumi elemz\u00e9sekkel igazolva. <b>Tov\u00e1bb\u00e1<\/b> diszkr\u00e9t \u00e9s biztons\u00e1gos feldolgoz\u00e1si folyamatot k\u00edn\u00e1lunk. Term\u00e9keink kiv\u00e1l\u00f3 min\u0151s\u00e9g\u0171ek \u00e9s pontosan jel\u00f6ltek. <\/p>\n<p><b>Ezen k\u00edv\u00fcl<\/b> Nagy hangs\u00falyt fektet\u00fcnk a kiv\u00e1l\u00f3 \u00fcgyf\u00e9lszolg\u00e1latra \u00e9s a tudom\u00e1nyos t\u00e1mogat\u00e1sra. Csapatunk mindig az \u00d6n rendelkez\u00e9s\u00e9re \u00e1ll. <b>\u00cdgy<\/b> hasznos\u00edtsa \u00e1tfog\u00f3 szolg\u00e1ltat\u00e1sainkat. Ha \u00d6n <b>MD-PiHP online v\u00e1s\u00e1rl\u00e1s<\/b> Chemgramx z\u00f6kken\u0151mentes \u00e9s biztons\u00e1gos \u00e9lm\u00e9nyt k\u00edn\u00e1l. <a href=\"https:\/\/chemgramx.com\/product\/md-pihp-online-kaufen\/\">Most online v\u00e1s\u00e1roljon<\/a>. Fedezze fel m\u00e9g <a href=\"https:\/\/chemgramx.com\/product\/kaufen-sie-unverschnittenes-heroin\/\">tov\u00e1bbi kutat\u00e1si vegyszerek<\/a>. Akkor <b>hiteles MD-PiHP<\/b> biztosan <a href=\"https:\/\/chemgramx.com\/product\/md-pihp-online-kaufen\/\">V\u00e1s\u00e1roljon a Chemgramx-n\u00e1l<\/a>.<\/p>\n<h2>Gyakran ism\u00e9telt k\u00e9rd\u00e9sek (GYIK) az MD-PiHP-r\u0151l<\/h2>\n<h3>Az MD-PiHP emberi fogyaszt\u00e1sra alkalmas?<\/h3>\n<p><b>Nem, egy\u00e1ltal\u00e1n nem.<\/b> Az MD-PiHP kiz\u00e1r\u00f3lag kutat\u00e1si c\u00e9lokra haszn\u00e1lhat\u00f3. Helytelen kezel\u00e9s eset\u00e9n eg\u00e9szs\u00e9g\u00fcgyi kock\u00e1zatot jelent. <b>Ez\u00e9rt<\/b> A laborat\u00f3riumi biztons\u00e1gi el\u0151\u00edr\u00e1sok szigor\u00fa betart\u00e1sa elengedhetetlen.<\/p>\n<h3>Hogyan ellen\u0151rzik az MD-PiHP tisztas\u00e1g\u00e1t a Chemgramx-n\u00e1l?<\/h3>\n<p>A tisztas\u00e1g ellen\u0151rz\u00e9s\u00e9hez modern analitikai technik\u00e1kat (GC-MS, NMR) alkalmazunk. <b>Ezen k\u00edv\u00fcl<\/b> rendszeresen min\u0151s\u00e9g-ellen\u0151rz\u00e9seket v\u00e9gz\u00fcnk. Minden t\u00e9telt gondosan ellen\u0151riz\u00fcnk, hogy \u00d6n a <b>A legjobb MD-PiHP kaphat\u00f3<\/b> kapni.<\/p>","protected":false},"excerpt":{"rendered":"<p>Fedezze fel a <b>Legmagasabb min\u0151s\u00e9g\u0171 MD-PiHP<\/b> kutat\u00e1si c\u00e9lokra. Ez a szintetikus katinon-sz\u00e1rmaz\u00e9k t\u00f6bb mint 98% tisztas\u00e1g\u00fa, \u00e9s ide\u00e1lis r\u00e9szletes neurofarmakol\u00f3giai \u00e9s analitikai k\u00e9miai vizsg\u00e1latokhoz. <b>V\u00e1s\u00e1rl\u00e1s MD-PiHP<\/b> Biztons\u00e1gosan \u00e9s k\u00e9nyelmesen <a href=\"https:\/\/chemgramx.com\/product\/md-pihp-online-kaufen\/\">a Chemgramx-n\u00e1l<\/a>. Tudom\u00e1nyos projektjeihez garant\u00e1ljuk az eredetis\u00e9get \u00e9s a laborat\u00f3riumi min\u0151s\u00e9get.<\/p>","protected":false},"featured_media":8075,"comment_status":"open","ping_status":"closed","template":"","meta":{"_joinchat":[]},"product_brand":[],"product_cat":[48],"product_tag":[2820,2814,2818,2817,2815,2819,2822,2816,2821,2015],"class_list":{"0":"post-8020","1":"product","2":"type-product","3":"status-publish","4":"has-post-thumbnail","6":"product_cat-stimulants","7":"product_tag-md-pihp-chemikalien","8":"product_tag-md-pihp-kaufen","9":"product_tag-md-pihp-kaufen-deutschland","10":"product_tag-md-pihp-kristalle","11":"product_tag-md-pihp-online","12":"product_tag-md-pihp-preis","13":"product_tag-md-pihp-prodej","14":"product_tag-md-pihp-pulver","15":"product_tag-md-pihp-zum-verkauf","16":"product_tag-synthetische-drogen","18":"first","19":"instock","20":"shipping-taxable","21":"purchasable","22":"product-type-variable"},"yoast_head":"<!-- This site is optimized with the Yoast SEO plugin v27.5 - https:\/\/yoast.com\/product\/yoast-seo-wordpress\/ -->\n<title>MD-PiHP online erwerben \u2013 Hohe Reinheit &amp; Top Qualit\u00e4t<\/title>\n<meta name=\"description\" content=\"MD-PiHP in bester Forschungsqualit\u00e4t online finden. Bestellen Sie hochreines MD-PiHP f\u00fcr Ihre wissenschaftlichen Studien. Sicherer Kauf bei Chemgramx. MD-PiHP kaufen.\" \/>\n<meta name=\"robots\" content=\"index, follow, max-snippet:-1, max-image-preview:large, max-video-preview:-1\" \/>\n<link rel=\"canonical\" href=\"https:\/\/chemgramx.com\/hu\/termek-1\/vasarolni-md-pihp-online\/\" \/>\n<meta property=\"og:locale\" content=\"hu_HU\" \/>\n<meta property=\"og:type\" content=\"article\" \/>\n<meta property=\"og:title\" content=\"MD-PiHP online erwerben \u2013 Hohe Reinheit &amp; Top Qualit\u00e4t\" \/>\n<meta property=\"og:description\" content=\"MD-PiHP in bester Forschungsqualit\u00e4t online finden. Bestellen Sie hochreines MD-PiHP f\u00fcr Ihre wissenschaftlichen Studien. Sicherer Kauf bei Chemgramx. MD-PiHP kaufen.\" \/>\n<meta property=\"og:url\" content=\"https:\/\/chemgramx.com\/hu\/termek-1\/vasarolni-md-pihp-online\/\" \/>\n<meta property=\"og:site_name\" content=\"Chemgramx\" \/>\n<meta property=\"article:modified_time\" content=\"2025-12-09T10:37:38+00:00\" \/>\n<meta property=\"og:image\" content=\"https:\/\/chemgramx.com\/wp-content\/uploads\/2025\/11\/MD-PiHP-kaufen.jpg\" \/>\n\t<meta property=\"og:image:width\" content=\"1000\" \/>\n\t<meta property=\"og:image:height\" content=\"800\" \/>\n\t<meta property=\"og:image:type\" content=\"image\/jpeg\" \/>\n<meta name=\"twitter:card\" content=\"summary_large_image\" \/>\n<meta name=\"twitter:label1\" content=\"Becs\u00fclt olvas\u00e1si id\u0151\" \/>\n\t<meta name=\"twitter:data1\" content=\"3 perc\" \/>\n<script type=\"application\/ld+json\" class=\"yoast-schema-graph\">{\"@context\":\"https:\\\/\\\/schema.org\",\"@graph\":[{\"@type\":\"WebPage\",\"@id\":\"https:\\\/\\\/chemgramx.com\\\/product\\\/md-pihp-online-kaufen\\\/\",\"url\":\"https:\\\/\\\/chemgramx.com\\\/product\\\/md-pihp-online-kaufen\\\/\",\"name\":\"MD-PiHP online erwerben \u2013 Hohe Reinheit & Top Qualit\u00e4t\",\"isPartOf\":{\"@id\":\"https:\\\/\\\/chemgramx.com\\\/#website\"},\"primaryImageOfPage\":{\"@id\":\"https:\\\/\\\/chemgramx.com\\\/product\\\/md-pihp-online-kaufen\\\/#primaryimage\"},\"image\":{\"@id\":\"https:\\\/\\\/chemgramx.com\\\/product\\\/md-pihp-online-kaufen\\\/#primaryimage\"},\"thumbnailUrl\":\"https:\\\/\\\/chemgramx.com\\\/wp-content\\\/uploads\\\/2025\\\/11\\\/MD-PiHP-kaufen.jpg\",\"datePublished\":\"2025-11-21T16:45:56+00:00\",\"dateModified\":\"2025-12-09T10:37:38+00:00\",\"description\":\"MD-PiHP in bester Forschungsqualit\u00e4t online finden. Bestellen Sie hochreines MD-PiHP f\u00fcr Ihre wissenschaftlichen Studien. Sicherer Kauf bei Chemgramx. MD-PiHP kaufen.\",\"breadcrumb\":{\"@id\":\"https:\\\/\\\/chemgramx.com\\\/product\\\/md-pihp-online-kaufen\\\/#breadcrumb\"},\"inLanguage\":\"hu\",\"potentialAction\":[{\"@type\":\"ReadAction\",\"target\":[\"https:\\\/\\\/chemgramx.com\\\/product\\\/md-pihp-online-kaufen\\\/\"]}]},{\"@type\":\"ImageObject\",\"inLanguage\":\"hu\",\"@id\":\"https:\\\/\\\/chemgramx.com\\\/product\\\/md-pihp-online-kaufen\\\/#primaryimage\",\"url\":\"https:\\\/\\\/chemgramx.com\\\/wp-content\\\/uploads\\\/2025\\\/11\\\/MD-PiHP-kaufen.jpg\",\"contentUrl\":\"https:\\\/\\\/chemgramx.com\\\/wp-content\\\/uploads\\\/2025\\\/11\\\/MD-PiHP-kaufen.jpg\",\"width\":1000,\"height\":800},{\"@type\":\"BreadcrumbList\",\"@id\":\"https:\\\/\\\/chemgramx.com\\\/product\\\/md-pihp-online-kaufen\\\/#breadcrumb\",\"itemListElement\":[{\"@type\":\"ListItem\",\"position\":1,\"name\":\"Home\",\"item\":\"https:\\\/\\\/chemgramx.com\\\/\"},{\"@type\":\"ListItem\",\"position\":2,\"name\":\"Shop\",\"item\":\"https:\\\/\\\/chemgramx.com\\\/shop\\\/\"},{\"@type\":\"ListItem\",\"position\":3,\"name\":\"MD-PiHP online erwerben \u2013 Hohe Reinheit &amp; Top Qualit\u00e4t\"}]},{\"@type\":\"WebSite\",\"@id\":\"https:\\\/\\\/chemgramx.com\\\/#website\",\"url\":\"https:\\\/\\\/chemgramx.com\\\/\",\"name\":\"Chemgramx\",\"description\":\"\",\"publisher\":{\"@id\":\"https:\\\/\\\/chemgramx.com\\\/#organization\"},\"potentialAction\":[{\"@type\":\"SearchAction\",\"target\":{\"@type\":\"EntryPoint\",\"urlTemplate\":\"https:\\\/\\\/chemgramx.com\\\/?s={search_term_string}\"},\"query-input\":{\"@type\":\"PropertyValueSpecification\",\"valueRequired\":true,\"valueName\":\"search_term_string\"}}],\"inLanguage\":\"hu\"},{\"@type\":\"Organization\",\"@id\":\"https:\\\/\\\/chemgramx.com\\\/#organization\",\"name\":\"Chemgramx\",\"url\":\"https:\\\/\\\/chemgramx.com\\\/\",\"logo\":{\"@type\":\"ImageObject\",\"inLanguage\":\"hu\",\"@id\":\"https:\\\/\\\/chemgramx.com\\\/#\\\/schema\\\/logo\\\/image\\\/\",\"url\":\"https:\\\/\\\/chemgramx.com\\\/wp-content\\\/uploads\\\/2024\\\/10\\\/final-logo.png\",\"contentUrl\":\"https:\\\/\\\/chemgramx.com\\\/wp-content\\\/uploads\\\/2024\\\/10\\\/final-logo.png\",\"width\":250,\"height\":48,\"caption\":\"Chemgramx\"},\"image\":{\"@id\":\"https:\\\/\\\/chemgramx.com\\\/#\\\/schema\\\/logo\\\/image\\\/\"}}]}<\/script>\n<!-- \/ Yoast SEO plugin. -->","yoast_head_json":{"title":"MD-PiHP online v\u00e1s\u00e1rl\u00e1s \u2013 Magas tisztas\u00e1g\u00fa \u00e9s kiv\u00e1l\u00f3 min\u0151s\u00e9g\u0171","description":"MD-PiHP a legjobb kutat\u00e1si min\u0151s\u00e9gben online. Rendeljen nagy tisztas\u00e1g\u00fa MD-PiHP-t tudom\u00e1nyos tanulm\u00e1nyaihoz. Biztons\u00e1gos v\u00e1s\u00e1rl\u00e1s a Chemgramx-n\u00e1l. MD-PiHP v\u00e1s\u00e1rl\u00e1s.","robots":{"index":"index","follow":"follow","max-snippet":"max-snippet:-1","max-image-preview":"max-image-preview:large","max-video-preview":"max-video-preview:-1"},"canonical":"https:\/\/chemgramx.com\/hu\/termek-1\/vasarolni-md-pihp-online\/","og_locale":"hu_HU","og_type":"article","og_title":"MD-PiHP online erwerben \u2013 Hohe Reinheit & Top Qualit\u00e4t","og_description":"MD-PiHP in bester Forschungsqualit\u00e4t online finden. Bestellen Sie hochreines MD-PiHP f\u00fcr Ihre wissenschaftlichen Studien. Sicherer Kauf bei Chemgramx. MD-PiHP kaufen.","og_url":"https:\/\/chemgramx.com\/hu\/termek-1\/vasarolni-md-pihp-online\/","og_site_name":"Chemgramx","article_modified_time":"2025-12-09T10:37:38+00:00","og_image":[{"width":1000,"height":800,"url":"https:\/\/chemgramx.com\/wp-content\/uploads\/2025\/11\/MD-PiHP-kaufen.jpg","type":"image\/jpeg"}],"twitter_card":"summary_large_image","twitter_misc":{"Becs\u00fclt olvas\u00e1si id\u0151":"3 perc"},"schema":{"@context":"https:\/\/schema.org","@graph":[{"@type":"WebPage","@id":"https:\/\/chemgramx.com\/product\/md-pihp-online-kaufen\/","url":"https:\/\/chemgramx.com\/product\/md-pihp-online-kaufen\/","name":"MD-PiHP online v\u00e1s\u00e1rl\u00e1s \u2013 Magas tisztas\u00e1g\u00fa \u00e9s kiv\u00e1l\u00f3 min\u0151s\u00e9g\u0171","isPartOf":{"@id":"https:\/\/chemgramx.com\/#website"},"primaryImageOfPage":{"@id":"https:\/\/chemgramx.com\/product\/md-pihp-online-kaufen\/#primaryimage"},"image":{"@id":"https:\/\/chemgramx.com\/product\/md-pihp-online-kaufen\/#primaryimage"},"thumbnailUrl":"https:\/\/chemgramx.com\/wp-content\/uploads\/2025\/11\/MD-PiHP-kaufen.jpg","datePublished":"2025-11-21T16:45:56+00:00","dateModified":"2025-12-09T10:37:38+00:00","description":"MD-PiHP a legjobb kutat\u00e1si min\u0151s\u00e9gben online. Rendeljen nagy tisztas\u00e1g\u00fa MD-PiHP-t tudom\u00e1nyos tanulm\u00e1nyaihoz. Biztons\u00e1gos v\u00e1s\u00e1rl\u00e1s a Chemgramx-n\u00e1l. MD-PiHP v\u00e1s\u00e1rl\u00e1s.","breadcrumb":{"@id":"https:\/\/chemgramx.com\/product\/md-pihp-online-kaufen\/#breadcrumb"},"inLanguage":"hu","potentialAction":[{"@type":"ReadAction","target":["https:\/\/chemgramx.com\/product\/md-pihp-online-kaufen\/"]}]},{"@type":"ImageObject","inLanguage":"hu","@id":"https:\/\/chemgramx.com\/product\/md-pihp-online-kaufen\/#primaryimage","url":"https:\/\/chemgramx.com\/wp-content\/uploads\/2025\/11\/MD-PiHP-kaufen.jpg","contentUrl":"https:\/\/chemgramx.com\/wp-content\/uploads\/2025\/11\/MD-PiHP-kaufen.jpg","width":1000,"height":800},{"@type":"BreadcrumbList","@id":"https:\/\/chemgramx.com\/product\/md-pihp-online-kaufen\/#breadcrumb","itemListElement":[{"@type":"ListItem","position":1,"name":"Home","item":"https:\/\/chemgramx.com\/"},{"@type":"ListItem","position":2,"name":"Shop","item":"https:\/\/chemgramx.com\/shop\/"},{"@type":"ListItem","position":3,"name":"MD-PiHP online erwerben \u2013 Hohe Reinheit &amp; Top Qualit\u00e4t"}]},{"@type":"WebSite","@id":"https:\/\/chemgramx.com\/#website","url":"https:\/\/chemgramx.com\/","name":"Chemgramx","description":"","publisher":{"@id":"https:\/\/chemgramx.com\/#organization"},"potentialAction":[{"@type":"SearchAction","target":{"@type":"EntryPoint","urlTemplate":"https:\/\/chemgramx.com\/?s={search_term_string}"},"query-input":{"@type":"PropertyValueSpecification","valueRequired":true,"valueName":"search_term_string"}}],"inLanguage":"hu"},{"@type":"Organization","@id":"https:\/\/chemgramx.com\/#organization","name":"Chemgramx","url":"https:\/\/chemgramx.com\/","logo":{"@type":"ImageObject","inLanguage":"hu","@id":"https:\/\/chemgramx.com\/#\/schema\/logo\/image\/","url":"https:\/\/chemgramx.com\/wp-content\/uploads\/2024\/10\/final-logo.png","contentUrl":"https:\/\/chemgramx.com\/wp-content\/uploads\/2024\/10\/final-logo.png","width":250,"height":48,"caption":"Chemgramx"},"image":{"@id":"https:\/\/chemgramx.com\/#\/schema\/logo\/image\/"}}]}},"_links":{"self":[{"href":"https:\/\/chemgramx.com\/hu\/wp-json\/wp\/v2\/product\/8020","targetHints":{"allow":["GET"]}}],"collection":[{"href":"https:\/\/chemgramx.com\/hu\/wp-json\/wp\/v2\/product"}],"about":[{"href":"https:\/\/chemgramx.com\/hu\/wp-json\/wp\/v2\/types\/product"}],"replies":[{"embeddable":true,"href":"https:\/\/chemgramx.com\/hu\/wp-json\/wp\/v2\/comments?post=8020"}],"wp:featuredmedia":[{"embeddable":true,"href":"https:\/\/chemgramx.com\/hu\/wp-json\/wp\/v2\/media\/8075"}],"wp:attachment":[{"href":"https:\/\/chemgramx.com\/hu\/wp-json\/wp\/v2\/media?parent=8020"}],"wp:term":[{"taxonomy":"product_brand","embeddable":true,"href":"https:\/\/chemgramx.com\/hu\/wp-json\/wp\/v2\/product_brand?post=8020"},{"taxonomy":"product_cat","embeddable":true,"href":"https:\/\/chemgramx.com\/hu\/wp-json\/wp\/v2\/product_cat?post=8020"},{"taxonomy":"product_tag","embeddable":true,"href":"https:\/\/chemgramx.com\/hu\/wp-json\/wp\/v2\/product_tag?post=8020"}],"curies":[{"name":"wp","href":"https:\/\/api.w.org\/{rel}","templated":true}]}}